{"id":28436,"date":"2025-04-08T08:29:16","date_gmt":"2025-04-08T14:29:16","guid":{"rendered":"https:\/\/www.mexicanguitarplayers.com\/tienda\/sin categor\u00eda\/audifonos-behringer-mod-bh30\/"},"modified":"2026-05-01T07:26:44","modified_gmt":"2026-05-01T13:26:44","slug":"audifonos-behringer-mod-bh30","status":"publish","type":"product","link":"https:\/\/www.mexicanguitarplayers.com\/en\/tienda\/audio\/audifonos\/audifono-alambrico\/audifonos-hifi\/audifonos-behringer-mod-bh30\/","title":{"rendered":"AUDIFONOS BEHRINGER MOD. BH30"},"content":{"rendered":"<div style=\"text-align: justify\">\n<div>\n<h3>AUDIFONOS BEHRINGER MOD. BH30<\/h3>\n<\/div>\n<div>Como DJ profesional, deseas auriculares que ofrezcan graves de alta definici\u00f3n y agudos s\u00faper transparentes en un rango din\u00e1mico ultragrande. Nuestros auriculares BH30 cuentan con controladores de Neodimio de alta calidad que proporcionan un rendimiento incre\u00edble de alta resoluci\u00f3n, a un precio amigable con todos los presupuestos y con un dise\u00f1o de doble diadema ultra ligero y c\u00f3modo que es lo suficientemente resistente para durar.<\/div>\n<div>\n<h4>Characteristics<\/h4>\n<\/div>\n<div>\n<ul style=\"margin: 0px 0px 0px 25px\">\n<li style=\"list-style-type: circle;margin: 5px\">Unidad de controlador<\/li>\n<li style=\"list-style-type: circle;margin: 5px\">Impedancia<\/li>\n<li style=\"list-style-type: circle;margin: 5px\">Sensibilidad<\/li>\n<li style=\"list-style-type: circle;margin: 5px\">Respuesta frecuente<\/li>\n<li style=\"list-style-type: circle;margin: 5px\">Enchufar<\/li>\n<li style=\"list-style-type: circle;margin: 5px\">Longitud del cable<\/li>\n<\/ul>\n<\/div>\n<\/div>","protected":false},"excerpt":{"rendered":"<p>Los auriculares BH30 de referencia para DJ con dise\u00f1o cerrado y aislamiento de ruido son ideales para m\u00fasicos practicantes, DJs y compositores. Equipados con controladores de alta calidad de 30 mm de neodimio que ofrecen una amplia respuesta de frecuencia (20 Hz &#8211; 22 kHz), brindando plenitud con detalles. Su dise\u00f1o cerrado garantiza un entorno auditivo consistente, mientras que las almohadillas ultra suaves de alta calidad proporcionan comodidad duradera. Con un dise\u00f1o de doble diadema altamente c\u00f3modo y ajustable, y una estructura de cascos giratorios para escuchar en mono o est\u00e9reo y tener conciencia del entorno. Adem\u00e1s, su rendimiento optimizado permite su uso con una amplia gama de dispositivos de audio. El cable espiral conveniente se estira hasta 3 metros (9.8 pies) y se incluye un adaptador roscado TRS chapado en oro de 3.5 mm (1\/8\u201d) a 6.3 mm (1\/4\u201d).&hellip; <a class=\"kt-excerpt-readmore more-link\" href=\"https:\/\/www.mexicanguitarplayers.com\/en\/tienda\/audio\/audifonos\/audifono-alambrico\/audifonos-hifi\/audifonos-behringer-mod-bh30\/\">Read more<\/a><\/p>","protected":false},"featured_media":28430,"comment_status":"open","ping_status":"closed","template":"","meta":{"kt_blocks_editor_width":""},"pwb-brand":[171],"product_brand":[],"product_cat":[506,505,516,213],"product_tag":[],"class_list":{"0":"post-28436","1":"product","2":"type-product","3":"status-publish","4":"has-post-thumbnail","6":"pwb-brand-behringer","7":"product_cat-audifono-alambrico","8":"product_cat-audifonos","9":"product_cat-audifonos-hifi","10":"product_cat-audio","11":"product_shipping_class-0-5-kg","13":"first","14":"instock","15":"taxable","16":"shipping-taxable","17":"purchasable","18":"product-type-simple"},"yoast_head":"<!-- This site is optimized with the Yoast SEO plugin v27.5 - https:\/\/yoast.com\/product\/yoast-seo-wordpress\/ -->\n<title>AUDIFONOS BEHRINGER MOD. BH30 - Mexican Guitar Players<\/title>\n<meta name=\"description\" content=\"Los auriculares BH30 de referencia para DJ con dise\u00f1o cerrado y aislamiento de ruido son ideales para m\u00fasicos practicantes, DJs y compositores. Equipados con controladores de alta calidad de 30 mm de neodimio que ofrecen una amplia respuesta de frecuencia (20 Hz - 22 kHz), brindando plenitud con detalles. Su dise\u00f1o cerrado garantiza un entorno auditivo consistente, mientras que las almohadillas ultra suaves de alta calidad proporcionan comodidad duradera. Con un dise\u00f1o de doble diadema altamente c\u00f3modo y ajustable, y una estructura de cascos giratorios para escuchar en mono o est\u00e9reo y tener conciencia del entorno. Adem\u00e1s, su rendimiento optimizado permite su uso con una amplia gama de dispositivos de audio. El cable espiral conveniente se estira hasta 3 metros (9.8 pies) y se incluye un adaptador roscado TRS chapado en oro de 3.5 mm (1\/8\u201d) a 6.3 mm (1\/4\u201d).\" \/>\n<meta name=\"robots\" content=\"index, follow, max-snippet:-1, max-image-preview:large, max-video-preview:-1\" \/>\n<link rel=\"canonical\" href=\"https:\/\/www.mexicanguitarplayers.com\/en\/tienda\/sin%20categor\u00eda\/audifonos-behringer-mod-bh30\/\" \/>\n<meta property=\"og:locale\" content=\"en_US\" \/>\n<meta property=\"og:type\" content=\"article\" \/>\n<meta property=\"og:title\" content=\"AUDIFONOS BEHRINGER MOD. BH30 - Mexican Guitar Players\" \/>\n<meta property=\"og:description\" content=\"Los auriculares BH30 de referencia para DJ con dise\u00f1o cerrado y aislamiento de ruido son ideales para m\u00fasicos practicantes, DJs y compositores. Equipados con controladores de alta calidad de 30 mm de neodimio que ofrecen una amplia respuesta de frecuencia (20 Hz - 22 kHz), brindando plenitud con detalles. Su dise\u00f1o cerrado garantiza un entorno auditivo consistente, mientras que las almohadillas ultra suaves de alta calidad proporcionan comodidad duradera. Con un dise\u00f1o de doble diadema altamente c\u00f3modo y ajustable, y una estructura de cascos giratorios para escuchar en mono o est\u00e9reo y tener conciencia del entorno. Adem\u00e1s, su rendimiento optimizado permite su uso con una amplia gama de dispositivos de audio. El cable espiral conveniente se estira hasta 3 metros (9.8 pies) y se incluye un adaptador roscado TRS chapado en oro de 3.5 mm (1\/8\u201d) a 6.3 mm (1\/4\u201d).\" \/>\n<meta property=\"og:url\" content=\"https:\/\/www.mexicanguitarplayers.com\/en\/tienda\/sin categor\u00eda\/audifonos-behringer-mod-bh30\/\" \/>\n<meta property=\"og:site_name\" content=\"Mexican Guitar Players\" \/>\n<meta property=\"article:modified_time\" content=\"2026-05-01T13:26:44+00:00\" \/>\n<meta name=\"twitter:card\" content=\"summary_large_image\" \/>\n<script type=\"application\/ld+json\" class=\"yoast-schema-graph\">{\"@context\":\"https:\\\/\\\/schema.org\",\"@graph\":[{\"@type\":[\"WebPage\",\"ItemPage\"],\"@id\":\"https:\\\/\\\/www.mexicanguitarplayers.com\\\/tienda\\\/sin categor\u00eda\\\/audifonos-behringer-mod-bh30\\\/\",\"url\":\"https:\\\/\\\/www.mexicanguitarplayers.com\\\/tienda\\\/sin categor\u00eda\\\/audifonos-behringer-mod-bh30\\\/\",\"name\":\"AUDIFONOS BEHRINGER MOD. BH30 - Mexican Guitar Players\",\"isPartOf\":{\"@id\":\"https:\\\/\\\/www.mexicanguitarplayers.com\\\/#website\"},\"primaryImageOfPage\":{\"@id\":\"https:\\\/\\\/www.mexicanguitarplayers.com\\\/tienda\\\/sin categor\u00eda\\\/audifonos-behringer-mod-bh30\\\/#primaryimage\"},\"image\":{\"@id\":\"https:\\\/\\\/www.mexicanguitarplayers.com\\\/tienda\\\/sin categor\u00eda\\\/audifonos-behringer-mod-bh30\\\/#primaryimage\"},\"thumbnailUrl\":\"https:\\\/\\\/www.mexicanguitarplayers.com\\\/wp-content\\\/uploads\\\/2025\\\/04\\\/VABEHBH30.jpg\",\"datePublished\":\"2025-04-08T14:29:16+00:00\",\"dateModified\":\"2026-05-01T13:26:44+00:00\",\"description\":\"Los auriculares BH30 de referencia para DJ con dise\u00f1o cerrado y aislamiento de ruido son ideales para m\u00fasicos practicantes, DJs y compositores. Equipados con controladores de alta calidad de 30 mm de neodimio que ofrecen una amplia respuesta de frecuencia (20 Hz - 22 kHz), brindando plenitud con detalles. Su dise\u00f1o cerrado garantiza un entorno auditivo consistente, mientras que las almohadillas ultra suaves de alta calidad proporcionan comodidad duradera. Con un dise\u00f1o de doble diadema altamente c\u00f3modo y ajustable, y una estructura de cascos giratorios para escuchar en mono o est\u00e9reo y tener conciencia del entorno. Adem\u00e1s, su rendimiento optimizado permite su uso con una amplia gama de dispositivos de audio. El cable espiral conveniente se estira hasta 3 metros (9.8 pies) y se incluye un adaptador roscado TRS chapado en oro de 3.5 mm (1\\\/8\u201d) a 6.3 mm (1\\\/4\u201d).\",\"breadcrumb\":{\"@id\":\"https:\\\/\\\/www.mexicanguitarplayers.com\\\/tienda\\\/sin categor\u00eda\\\/audifonos-behringer-mod-bh30\\\/#breadcrumb\"},\"inLanguage\":\"en-US\",\"potentialAction\":[{\"@type\":\"ReadAction\",\"target\":[\"https:\\\/\\\/www.mexicanguitarplayers.com\\\/tienda\\\/sin categor\u00eda\\\/audifonos-behringer-mod-bh30\\\/\"]}]},{\"@type\":\"ImageObject\",\"inLanguage\":\"en-US\",\"@id\":\"https:\\\/\\\/www.mexicanguitarplayers.com\\\/tienda\\\/sin categor\u00eda\\\/audifonos-behringer-mod-bh30\\\/#primaryimage\",\"url\":\"https:\\\/\\\/www.mexicanguitarplayers.com\\\/wp-content\\\/uploads\\\/2025\\\/04\\\/VABEHBH30.jpg\",\"contentUrl\":\"https:\\\/\\\/www.mexicanguitarplayers.com\\\/wp-content\\\/uploads\\\/2025\\\/04\\\/VABEHBH30.jpg\",\"width\":1200,\"height\":1200},{\"@type\":\"BreadcrumbList\",\"@id\":\"https:\\\/\\\/www.mexicanguitarplayers.com\\\/tienda\\\/sin categor\u00eda\\\/audifonos-behringer-mod-bh30\\\/#breadcrumb\",\"itemListElement\":[{\"@type\":\"ListItem\",\"position\":1,\"name\":\"Portada\",\"item\":\"https:\\\/\\\/www.mexicanguitarplayers.com\\\/\"},{\"@type\":\"ListItem\",\"position\":2,\"name\":\"Tienda\",\"item\":\"https:\\\/\\\/www.mexicanguitarplayers.com\\\/tienda\\\/\"},{\"@type\":\"ListItem\",\"position\":3,\"name\":\"AUDIFONOS BEHRINGER MOD. BH30\"}]},{\"@type\":\"WebSite\",\"@id\":\"https:\\\/\\\/www.mexicanguitarplayers.com\\\/#website\",\"url\":\"https:\\\/\\\/www.mexicanguitarplayers.com\\\/\",\"name\":\"Mexican Guitar Players\",\"description\":\"Website\",\"publisher\":{\"@id\":\"https:\\\/\\\/www.mexicanguitarplayers.com\\\/#organization\"},\"potentialAction\":[{\"@type\":\"SearchAction\",\"target\":{\"@type\":\"EntryPoint\",\"urlTemplate\":\"https:\\\/\\\/www.mexicanguitarplayers.com\\\/?s={search_term_string}\"},\"query-input\":{\"@type\":\"PropertyValueSpecification\",\"valueRequired\":true,\"valueName\":\"search_term_string\"}}],\"inLanguage\":\"en-US\"},{\"@type\":\"Organization\",\"@id\":\"https:\\\/\\\/www.mexicanguitarplayers.com\\\/#organization\",\"name\":\"Mexican Guitar Players\",\"url\":\"https:\\\/\\\/www.mexicanguitarplayers.com\\\/\",\"logo\":{\"@type\":\"ImageObject\",\"inLanguage\":\"en-US\",\"@id\":\"https:\\\/\\\/www.mexicanguitarplayers.com\\\/#\\\/schema\\\/logo\\\/image\\\/\",\"url\":\"\",\"contentUrl\":\"\",\"caption\":\"Mexican Guitar Players\"},\"image\":{\"@id\":\"https:\\\/\\\/www.mexicanguitarplayers.com\\\/#\\\/schema\\\/logo\\\/image\\\/\"}}]}<\/script>\n<!-- \/ Yoast SEO plugin. -->","yoast_head_json":{"title":"AUDIFONOS BEHRINGER MOD. BH30 - Mexican Guitar Players","description":"Los auriculares BH30 de referencia para DJ con dise\u00f1o cerrado y aislamiento de ruido son ideales para m\u00fasicos practicantes, DJs y compositores. Equipados con controladores de alta calidad de 30 mm de neodimio que ofrecen una amplia respuesta de frecuencia (20 Hz - 22 kHz), brindando plenitud con detalles. Su dise\u00f1o cerrado garantiza un entorno auditivo consistente, mientras que las almohadillas ultra suaves de alta calidad proporcionan comodidad duradera. Con un dise\u00f1o de doble diadema altamente c\u00f3modo y ajustable, y una estructura de cascos giratorios para escuchar en mono o est\u00e9reo y tener conciencia del entorno. Adem\u00e1s, su rendimiento optimizado permite su uso con una amplia gama de dispositivos de audio. El cable espiral conveniente se estira hasta 3 metros (9.8 pies) y se incluye un adaptador roscado TRS chapado en oro de 3.5 mm (1\/8\u201d) a 6.3 mm (1\/4\u201d).","robots":{"index":"index","follow":"follow","max-snippet":"max-snippet:-1","max-image-preview":"max-image-preview:large","max-video-preview":"max-video-preview:-1"},"canonical":"https:\/\/www.mexicanguitarplayers.com\/en\/tienda\/sin categor\u00eda\/audifonos-behringer-mod-bh30\/","og_locale":"en_US","og_type":"article","og_title":"AUDIFONOS BEHRINGER MOD. BH30 - Mexican Guitar Players","og_description":"Los auriculares BH30 de referencia para DJ con dise\u00f1o cerrado y aislamiento de ruido son ideales para m\u00fasicos practicantes, DJs y compositores. Equipados con controladores de alta calidad de 30 mm de neodimio que ofrecen una amplia respuesta de frecuencia (20 Hz - 22 kHz), brindando plenitud con detalles. Su dise\u00f1o cerrado garantiza un entorno auditivo consistente, mientras que las almohadillas ultra suaves de alta calidad proporcionan comodidad duradera. Con un dise\u00f1o de doble diadema altamente c\u00f3modo y ajustable, y una estructura de cascos giratorios para escuchar en mono o est\u00e9reo y tener conciencia del entorno. Adem\u00e1s, su rendimiento optimizado permite su uso con una amplia gama de dispositivos de audio. El cable espiral conveniente se estira hasta 3 metros (9.8 pies) y se incluye un adaptador roscado TRS chapado en oro de 3.5 mm (1\/8\u201d) a 6.3 mm (1\/4\u201d).","og_url":"https:\/\/www.mexicanguitarplayers.com\/en\/tienda\/sin categor\u00eda\/audifonos-behringer-mod-bh30\/","og_site_name":"Mexican Guitar Players","article_modified_time":"2026-05-01T13:26:44+00:00","twitter_card":"summary_large_image","schema":{"@context":"https:\/\/schema.org","@graph":[{"@type":["WebPage","ItemPage"],"@id":"https:\/\/www.mexicanguitarplayers.com\/tienda\/sin categor\u00eda\/audifonos-behringer-mod-bh30\/","url":"https:\/\/www.mexicanguitarplayers.com\/tienda\/sin categor\u00eda\/audifonos-behringer-mod-bh30\/","name":"AUDIFONOS BEHRINGER MOD. BH30 - Mexican Guitar Players","isPartOf":{"@id":"https:\/\/www.mexicanguitarplayers.com\/#website"},"primaryImageOfPage":{"@id":"https:\/\/www.mexicanguitarplayers.com\/tienda\/sin categor\u00eda\/audifonos-behringer-mod-bh30\/#primaryimage"},"image":{"@id":"https:\/\/www.mexicanguitarplayers.com\/tienda\/sin categor\u00eda\/audifonos-behringer-mod-bh30\/#primaryimage"},"thumbnailUrl":"https:\/\/www.mexicanguitarplayers.com\/wp-content\/uploads\/2025\/04\/VABEHBH30.jpg","datePublished":"2025-04-08T14:29:16+00:00","dateModified":"2026-05-01T13:26:44+00:00","description":"Los auriculares BH30 de referencia para DJ con dise\u00f1o cerrado y aislamiento de ruido son ideales para m\u00fasicos practicantes, DJs y compositores. Equipados con controladores de alta calidad de 30 mm de neodimio que ofrecen una amplia respuesta de frecuencia (20 Hz - 22 kHz), brindando plenitud con detalles. Su dise\u00f1o cerrado garantiza un entorno auditivo consistente, mientras que las almohadillas ultra suaves de alta calidad proporcionan comodidad duradera. Con un dise\u00f1o de doble diadema altamente c\u00f3modo y ajustable, y una estructura de cascos giratorios para escuchar en mono o est\u00e9reo y tener conciencia del entorno. Adem\u00e1s, su rendimiento optimizado permite su uso con una amplia gama de dispositivos de audio. El cable espiral conveniente se estira hasta 3 metros (9.8 pies) y se incluye un adaptador roscado TRS chapado en oro de 3.5 mm (1\/8\u201d) a 6.3 mm (1\/4\u201d).","breadcrumb":{"@id":"https:\/\/www.mexicanguitarplayers.com\/tienda\/sin categor\u00eda\/audifonos-behringer-mod-bh30\/#breadcrumb"},"inLanguage":"en-US","potentialAction":[{"@type":"ReadAction","target":["https:\/\/www.mexicanguitarplayers.com\/tienda\/sin categor\u00eda\/audifonos-behringer-mod-bh30\/"]}]},{"@type":"ImageObject","inLanguage":"en-US","@id":"https:\/\/www.mexicanguitarplayers.com\/tienda\/sin categor\u00eda\/audifonos-behringer-mod-bh30\/#primaryimage","url":"https:\/\/www.mexicanguitarplayers.com\/wp-content\/uploads\/2025\/04\/VABEHBH30.jpg","contentUrl":"https:\/\/www.mexicanguitarplayers.com\/wp-content\/uploads\/2025\/04\/VABEHBH30.jpg","width":1200,"height":1200},{"@type":"BreadcrumbList","@id":"https:\/\/www.mexicanguitarplayers.com\/tienda\/sin categor\u00eda\/audifonos-behringer-mod-bh30\/#breadcrumb","itemListElement":[{"@type":"ListItem","position":1,"name":"Portada","item":"https:\/\/www.mexicanguitarplayers.com\/"},{"@type":"ListItem","position":2,"name":"Tienda","item":"https:\/\/www.mexicanguitarplayers.com\/tienda\/"},{"@type":"ListItem","position":3,"name":"AUDIFONOS BEHRINGER MOD. BH30"}]},{"@type":"WebSite","@id":"https:\/\/www.mexicanguitarplayers.com\/#website","url":"https:\/\/www.mexicanguitarplayers.com\/","name":"Mexican Guitar Players","description":"Website","publisher":{"@id":"https:\/\/www.mexicanguitarplayers.com\/#organization"},"potentialAction":[{"@type":"SearchAction","target":{"@type":"EntryPoint","urlTemplate":"https:\/\/www.mexicanguitarplayers.com\/?s={search_term_string}"},"query-input":{"@type":"PropertyValueSpecification","valueRequired":true,"valueName":"search_term_string"}}],"inLanguage":"en-US"},{"@type":"Organization","@id":"https:\/\/www.mexicanguitarplayers.com\/#organization","name":"Mexican Guitar Players","url":"https:\/\/www.mexicanguitarplayers.com\/","logo":{"@type":"ImageObject","inLanguage":"en-US","@id":"https:\/\/www.mexicanguitarplayers.com\/#\/schema\/logo\/image\/","url":"","contentUrl":"","caption":"Mexican Guitar Players"},"image":{"@id":"https:\/\/www.mexicanguitarplayers.com\/#\/schema\/logo\/image\/"}}]}},"brands":[{"id":171,"name":"BEHRINGER","slug":"behringer"}],"_links":{"self":[{"href":"https:\/\/www.mexicanguitarplayers.com\/en\/wp-json\/wp\/v2\/product\/28436","targetHints":{"allow":["GET"]}}],"collection":[{"href":"https:\/\/www.mexicanguitarplayers.com\/en\/wp-json\/wp\/v2\/product"}],"about":[{"href":"https:\/\/www.mexicanguitarplayers.com\/en\/wp-json\/wp\/v2\/types\/product"}],"replies":[{"embeddable":true,"href":"https:\/\/www.mexicanguitarplayers.com\/en\/wp-json\/wp\/v2\/comments?post=28436"}],"wp:featuredmedia":[{"embeddable":true,"href":"https:\/\/www.mexicanguitarplayers.com\/en\/wp-json\/wp\/v2\/media\/28430"}],"wp:attachment":[{"href":"https:\/\/www.mexicanguitarplayers.com\/en\/wp-json\/wp\/v2\/media?parent=28436"}],"wp:term":[{"taxonomy":"pwb-brand","embeddable":true,"href":"https:\/\/www.mexicanguitarplayers.com\/en\/wp-json\/wp\/v2\/pwb-brand?post=28436"},{"taxonomy":"product_brand","embeddable":true,"href":"https:\/\/www.mexicanguitarplayers.com\/en\/wp-json\/wp\/v2\/product_brand?post=28436"},{"taxonomy":"product_cat","embeddable":true,"href":"https:\/\/www.mexicanguitarplayers.com\/en\/wp-json\/wp\/v2\/product_cat?post=28436"},{"taxonomy":"product_tag","embeddable":true,"href":"https:\/\/www.mexicanguitarplayers.com\/en\/wp-json\/wp\/v2\/product_tag?post=28436"}],"curies":[{"name":"wp","href":"https:\/\/api.w.org\/{rel}","templated":true}]}}