{"id":28438,"date":"2025-04-08T08:29:18","date_gmt":"2025-04-08T14:29:18","guid":{"rendered":"https:\/\/www.mexicanguitarplayers.com\/tienda\/sin categor\u00eda\/pastilla-belcat-p-guitarra-iris-1\/"},"modified":"2026-05-01T07:26:44","modified_gmt":"2026-05-01T13:26:44","slug":"pastilla-belcat-p-guitarra-iris-1","status":"publish","type":"product","link":"https:\/\/www.mexicanguitarplayers.com\/en\/tienda\/accesorios\/para-guitarras\/pastilla-belcat-p-guitarra-iris-1\/","title":{"rendered":"PASTILLA BELCAT P\/GUITARRA   IRIS-1"},"content":{"rendered":"<div style=\"text-align: justify\">\n<div>\n<h3>Alta definici\u00f3n s\u00f3nica sin modificar tu preciado instrumento.<\/h3>\n<\/div>\n<div>Belcat introduce su nueva serie IRIS de pastillas con preamplificador para guitarra ac\u00fastica o cl\u00e1sica, dise\u00f1ados para alojarse discretamente dentro del cuerpo del instrumento con acceso a trav\u00e9s de la boca del mismo sin necesidad de hacer costosas instalaciones y perforaciones en tu guitarra. Este preamp se adhiere al interior de la guitarra mediante los cojinetes de hule espuma y velcro incluidos. El sistema incluye un pickup piezo Omega II para puente. Este preamp est\u00e1 dise\u00f1ado  para una captaci\u00f3n especial de las vibraciones en tu guitarra electroac\u00fastica, tus acordes sonaran m\u00e1s n\u00edtidos, brillosos y con un cuerpo a\u00fan m\u00e1s consistente. Belcat es una empresa que ha desarrollado una gran l\u00ednea de productos y accesorios muy bien fabricados, ofreciendo una gran relaci\u00f3n en cuanto a precio y calidad. Cuenta con afinadores, aud\u00edfonos, preamps, combos, metr\u00f3nomos, pastillas para guitarras el\u00e9ctricas, ac\u00fasticas y bajos de gran calidad y precisi\u00f3n.<\/div>\n<div>\n<h4>Characteristics<\/h4>\n<\/div>\n<div>\n<ul style=\"margin: 0px 0px 0px 25px\">\n<li style=\"list-style-type: circle;margin: 5px\">Pastilla para guitarra ac\u00fastica o cl\u00e1sica.<\/li>\n<li style=\"list-style-type: circle;margin: 5px\">EQ de 3 bandas: graves, medios, agudos.<\/li>\n<li style=\"list-style-type: circle;margin: 5px\">Control de fase.<\/li>\n<li style=\"list-style-type: circle;margin: 5px\">Volumen e indicador de bater\u00eda.<\/li>\n<li style=\"list-style-type: circle;margin: 5px\">Impedancia de entrada: 22 mohms.<\/li>\n<li style=\"list-style-type: circle;margin: 5px\">Respuesta de frecuencia: 20 Hz &#8211; 20 kHz.<\/li>\n<li style=\"list-style-type: circle;margin: 5px\">Se coloca dentro de la boca de la guitarra.<\/li>\n<li style=\"list-style-type: circle;margin: 5px\">Incluye un pickup piezo Omega II.<\/li>\n<li style=\"list-style-type: circle;margin: 5px\">Funciona con una pila de 9V.<\/li>\n<\/ul>\n<\/div>\n<\/div>","protected":false},"excerpt":{"rendered":"<p>Pastilla para guitarra ac\u00fastica o cl\u00e1sica, EQ de 3 bandas: graves, medios, agudos, control de fase, volumen e indicador de bater\u00eda, impedancia de entrada: 22 mili-ohms, respuesta de frecuencia: 20 Hz &#8211; 20 kHz, se coloca dentro de la boca de la guitarra, incluye una pastilla piezo Omega II, funciona con una pila de 9V con duraci\u00f3n de hasta 1,000 horas, salida: jack de 6.3 mm.&hellip; <a class=\"kt-excerpt-readmore more-link\" href=\"https:\/\/www.mexicanguitarplayers.com\/en\/tienda\/accesorios\/para-guitarras\/pastilla-belcat-p-guitarra-iris-1\/\">Read more<\/a><\/p>","protected":false},"featured_media":28437,"comment_status":"open","ping_status":"closed","template":"","meta":{"kt_blocks_editor_width":""},"pwb-brand":[258],"product_brand":[],"product_cat":[85,336],"product_tag":[],"class_list":{"0":"post-28438","1":"product","2":"type-product","3":"status-publish","4":"has-post-thumbnail","6":"pwb-brand-belcat","7":"product_cat-accesorios","8":"product_cat-para-guitarras","9":"product_shipping_class-0-5-kg","11":"first","12":"instock","13":"taxable","14":"shipping-taxable","15":"purchasable","16":"product-type-simple"},"yoast_head":"<!-- This site is optimized with the Yoast SEO plugin v27.5 - https:\/\/yoast.com\/product\/yoast-seo-wordpress\/ -->\n<title>PASTILLA BELCAT P\/GUITARRA  IRIS-1 - Mexican Guitar Players<\/title>\n<meta name=\"description\" content=\"Pastilla para guitarra ac\u00fastica o cl\u00e1sica, EQ de 3 bandas: graves, medios, agudos, control de fase, volumen e indicador de bater\u00eda, impedancia de entrada: 22 mili-ohms, respuesta de frecuencia: 20 Hz - 20 kHz, se coloca dentro de la boca de la guitarra, incluye una pastilla piezo Omega II, funciona con una pila de 9V con duraci\u00f3n de hasta 1,000 horas, salida: jack de 6.3 mm.\" \/>\n<meta name=\"robots\" content=\"index, follow, max-snippet:-1, max-image-preview:large, max-video-preview:-1\" \/>\n<link rel=\"canonical\" href=\"https:\/\/www.mexicanguitarplayers.com\/en\/tienda\/sin%20categor\u00eda\/pastilla-belcat-p-guitarra-iris-1\/\" \/>\n<meta property=\"og:locale\" content=\"en_US\" \/>\n<meta property=\"og:type\" content=\"article\" \/>\n<meta property=\"og:title\" content=\"PASTILLA BELCAT P\/GUITARRA  IRIS-1 - Mexican Guitar Players\" \/>\n<meta property=\"og:description\" content=\"Pastilla para guitarra ac\u00fastica o cl\u00e1sica, EQ de 3 bandas: graves, medios, agudos, control de fase, volumen e indicador de bater\u00eda, impedancia de entrada: 22 mili-ohms, respuesta de frecuencia: 20 Hz - 20 kHz, se coloca dentro de la boca de la guitarra, incluye una pastilla piezo Omega II, funciona con una pila de 9V con duraci\u00f3n de hasta 1,000 horas, salida: jack de 6.3 mm.\" \/>\n<meta property=\"og:url\" content=\"https:\/\/www.mexicanguitarplayers.com\/en\/tienda\/sin categor\u00eda\/pastilla-belcat-p-guitarra-iris-1\/\" \/>\n<meta property=\"og:site_name\" content=\"Mexican Guitar Players\" \/>\n<meta property=\"article:modified_time\" content=\"2026-05-01T13:26:44+00:00\" \/>\n<meta name=\"twitter:card\" content=\"summary_large_image\" \/>\n<meta name=\"twitter:label1\" content=\"Est. reading time\" \/>\n\t<meta name=\"twitter:data1\" content=\"1 minute\" \/>\n<script type=\"application\/ld+json\" class=\"yoast-schema-graph\">{\"@context\":\"https:\\\/\\\/schema.org\",\"@graph\":[{\"@type\":[\"WebPage\",\"ItemPage\"],\"@id\":\"https:\\\/\\\/www.mexicanguitarplayers.com\\\/tienda\\\/sin categor\u00eda\\\/pastilla-belcat-p-guitarra-iris-1\\\/\",\"url\":\"https:\\\/\\\/www.mexicanguitarplayers.com\\\/tienda\\\/sin categor\u00eda\\\/pastilla-belcat-p-guitarra-iris-1\\\/\",\"name\":\"PASTILLA BELCAT P\\\/GUITARRA IRIS-1 - Mexican Guitar Players\",\"isPartOf\":{\"@id\":\"https:\\\/\\\/www.mexicanguitarplayers.com\\\/#website\"},\"primaryImageOfPage\":{\"@id\":\"https:\\\/\\\/www.mexicanguitarplayers.com\\\/tienda\\\/sin categor\u00eda\\\/pastilla-belcat-p-guitarra-iris-1\\\/#primaryimage\"},\"image\":{\"@id\":\"https:\\\/\\\/www.mexicanguitarplayers.com\\\/tienda\\\/sin categor\u00eda\\\/pastilla-belcat-p-guitarra-iris-1\\\/#primaryimage\"},\"thumbnailUrl\":\"https:\\\/\\\/www.mexicanguitarplayers.com\\\/wp-content\\\/uploads\\\/2025\\\/04\\\/RABELIRIS1.jpg\",\"datePublished\":\"2025-04-08T14:29:18+00:00\",\"dateModified\":\"2026-05-01T13:26:44+00:00\",\"description\":\"Pastilla para guitarra ac\u00fastica o cl\u00e1sica, EQ de 3 bandas: graves, medios, agudos, control de fase, volumen e indicador de bater\u00eda, impedancia de entrada: 22 mili-ohms, respuesta de frecuencia: 20 Hz - 20 kHz, se coloca dentro de la boca de la guitarra, incluye una pastilla piezo Omega II, funciona con una pila de 9V con duraci\u00f3n de hasta 1,000 horas, salida: jack de 6.3 mm.\",\"breadcrumb\":{\"@id\":\"https:\\\/\\\/www.mexicanguitarplayers.com\\\/tienda\\\/sin categor\u00eda\\\/pastilla-belcat-p-guitarra-iris-1\\\/#breadcrumb\"},\"inLanguage\":\"en-US\",\"potentialAction\":[{\"@type\":\"ReadAction\",\"target\":[\"https:\\\/\\\/www.mexicanguitarplayers.com\\\/tienda\\\/sin categor\u00eda\\\/pastilla-belcat-p-guitarra-iris-1\\\/\"]}]},{\"@type\":\"ImageObject\",\"inLanguage\":\"en-US\",\"@id\":\"https:\\\/\\\/www.mexicanguitarplayers.com\\\/tienda\\\/sin categor\u00eda\\\/pastilla-belcat-p-guitarra-iris-1\\\/#primaryimage\",\"url\":\"https:\\\/\\\/www.mexicanguitarplayers.com\\\/wp-content\\\/uploads\\\/2025\\\/04\\\/RABELIRIS1.jpg\",\"contentUrl\":\"https:\\\/\\\/www.mexicanguitarplayers.com\\\/wp-content\\\/uploads\\\/2025\\\/04\\\/RABELIRIS1.jpg\",\"width\":1200,\"height\":1200},{\"@type\":\"BreadcrumbList\",\"@id\":\"https:\\\/\\\/www.mexicanguitarplayers.com\\\/tienda\\\/sin categor\u00eda\\\/pastilla-belcat-p-guitarra-iris-1\\\/#breadcrumb\",\"itemListElement\":[{\"@type\":\"ListItem\",\"position\":1,\"name\":\"Portada\",\"item\":\"https:\\\/\\\/www.mexicanguitarplayers.com\\\/\"},{\"@type\":\"ListItem\",\"position\":2,\"name\":\"Tienda\",\"item\":\"https:\\\/\\\/www.mexicanguitarplayers.com\\\/tienda\\\/\"},{\"@type\":\"ListItem\",\"position\":3,\"name\":\"PASTILLA BELCAT P\\\/GUITARRA IRIS-1\"}]},{\"@type\":\"WebSite\",\"@id\":\"https:\\\/\\\/www.mexicanguitarplayers.com\\\/#website\",\"url\":\"https:\\\/\\\/www.mexicanguitarplayers.com\\\/\",\"name\":\"Mexican Guitar Players\",\"description\":\"Website\",\"publisher\":{\"@id\":\"https:\\\/\\\/www.mexicanguitarplayers.com\\\/#organization\"},\"potentialAction\":[{\"@type\":\"SearchAction\",\"target\":{\"@type\":\"EntryPoint\",\"urlTemplate\":\"https:\\\/\\\/www.mexicanguitarplayers.com\\\/?s={search_term_string}\"},\"query-input\":{\"@type\":\"PropertyValueSpecification\",\"valueRequired\":true,\"valueName\":\"search_term_string\"}}],\"inLanguage\":\"en-US\"},{\"@type\":\"Organization\",\"@id\":\"https:\\\/\\\/www.mexicanguitarplayers.com\\\/#organization\",\"name\":\"Mexican Guitar Players\",\"url\":\"https:\\\/\\\/www.mexicanguitarplayers.com\\\/\",\"logo\":{\"@type\":\"ImageObject\",\"inLanguage\":\"en-US\",\"@id\":\"https:\\\/\\\/www.mexicanguitarplayers.com\\\/#\\\/schema\\\/logo\\\/image\\\/\",\"url\":\"\",\"contentUrl\":\"\",\"caption\":\"Mexican Guitar Players\"},\"image\":{\"@id\":\"https:\\\/\\\/www.mexicanguitarplayers.com\\\/#\\\/schema\\\/logo\\\/image\\\/\"}}]}<\/script>\n<!-- \/ Yoast SEO plugin. -->","yoast_head_json":{"title":"PASTILLA BELCAT P\/GUITARRA  IRIS-1 - Mexican Guitar Players","description":"Pastilla para guitarra ac\u00fastica o cl\u00e1sica, EQ de 3 bandas: graves, medios, agudos, control de fase, volumen e indicador de bater\u00eda, impedancia de entrada: 22 mili-ohms, respuesta de frecuencia: 20 Hz - 20 kHz, se coloca dentro de la boca de la guitarra, incluye una pastilla piezo Omega II, funciona con una pila de 9V con duraci\u00f3n de hasta 1,000 horas, salida: jack de 6.3 mm.","robots":{"index":"index","follow":"follow","max-snippet":"max-snippet:-1","max-image-preview":"max-image-preview:large","max-video-preview":"max-video-preview:-1"},"canonical":"https:\/\/www.mexicanguitarplayers.com\/en\/tienda\/sin categor\u00eda\/pastilla-belcat-p-guitarra-iris-1\/","og_locale":"en_US","og_type":"article","og_title":"PASTILLA BELCAT P\/GUITARRA  IRIS-1 - Mexican Guitar Players","og_description":"Pastilla para guitarra ac\u00fastica o cl\u00e1sica, EQ de 3 bandas: graves, medios, agudos, control de fase, volumen e indicador de bater\u00eda, impedancia de entrada: 22 mili-ohms, respuesta de frecuencia: 20 Hz - 20 kHz, se coloca dentro de la boca de la guitarra, incluye una pastilla piezo Omega II, funciona con una pila de 9V con duraci\u00f3n de hasta 1,000 horas, salida: jack de 6.3 mm.","og_url":"https:\/\/www.mexicanguitarplayers.com\/en\/tienda\/sin categor\u00eda\/pastilla-belcat-p-guitarra-iris-1\/","og_site_name":"Mexican Guitar Players","article_modified_time":"2026-05-01T13:26:44+00:00","twitter_card":"summary_large_image","twitter_misc":{"Est. reading time":"1 minute"},"schema":{"@context":"https:\/\/schema.org","@graph":[{"@type":["WebPage","ItemPage"],"@id":"https:\/\/www.mexicanguitarplayers.com\/tienda\/sin categor\u00eda\/pastilla-belcat-p-guitarra-iris-1\/","url":"https:\/\/www.mexicanguitarplayers.com\/tienda\/sin categor\u00eda\/pastilla-belcat-p-guitarra-iris-1\/","name":"PASTILLA BELCAT P\/GUITARRA IRIS-1 - Mexican Guitar Players","isPartOf":{"@id":"https:\/\/www.mexicanguitarplayers.com\/#website"},"primaryImageOfPage":{"@id":"https:\/\/www.mexicanguitarplayers.com\/tienda\/sin categor\u00eda\/pastilla-belcat-p-guitarra-iris-1\/#primaryimage"},"image":{"@id":"https:\/\/www.mexicanguitarplayers.com\/tienda\/sin categor\u00eda\/pastilla-belcat-p-guitarra-iris-1\/#primaryimage"},"thumbnailUrl":"https:\/\/www.mexicanguitarplayers.com\/wp-content\/uploads\/2025\/04\/RABELIRIS1.jpg","datePublished":"2025-04-08T14:29:18+00:00","dateModified":"2026-05-01T13:26:44+00:00","description":"Pastilla para guitarra ac\u00fastica o cl\u00e1sica, EQ de 3 bandas: graves, medios, agudos, control de fase, volumen e indicador de bater\u00eda, impedancia de entrada: 22 mili-ohms, respuesta de frecuencia: 20 Hz - 20 kHz, se coloca dentro de la boca de la guitarra, incluye una pastilla piezo Omega II, funciona con una pila de 9V con duraci\u00f3n de hasta 1,000 horas, salida: jack de 6.3 mm.","breadcrumb":{"@id":"https:\/\/www.mexicanguitarplayers.com\/tienda\/sin categor\u00eda\/pastilla-belcat-p-guitarra-iris-1\/#breadcrumb"},"inLanguage":"en-US","potentialAction":[{"@type":"ReadAction","target":["https:\/\/www.mexicanguitarplayers.com\/tienda\/sin categor\u00eda\/pastilla-belcat-p-guitarra-iris-1\/"]}]},{"@type":"ImageObject","inLanguage":"en-US","@id":"https:\/\/www.mexicanguitarplayers.com\/tienda\/sin categor\u00eda\/pastilla-belcat-p-guitarra-iris-1\/#primaryimage","url":"https:\/\/www.mexicanguitarplayers.com\/wp-content\/uploads\/2025\/04\/RABELIRIS1.jpg","contentUrl":"https:\/\/www.mexicanguitarplayers.com\/wp-content\/uploads\/2025\/04\/RABELIRIS1.jpg","width":1200,"height":1200},{"@type":"BreadcrumbList","@id":"https:\/\/www.mexicanguitarplayers.com\/tienda\/sin categor\u00eda\/pastilla-belcat-p-guitarra-iris-1\/#breadcrumb","itemListElement":[{"@type":"ListItem","position":1,"name":"Portada","item":"https:\/\/www.mexicanguitarplayers.com\/"},{"@type":"ListItem","position":2,"name":"Tienda","item":"https:\/\/www.mexicanguitarplayers.com\/tienda\/"},{"@type":"ListItem","position":3,"name":"PASTILLA BELCAT P\/GUITARRA IRIS-1"}]},{"@type":"WebSite","@id":"https:\/\/www.mexicanguitarplayers.com\/#website","url":"https:\/\/www.mexicanguitarplayers.com\/","name":"Mexican Guitar Players","description":"Website","publisher":{"@id":"https:\/\/www.mexicanguitarplayers.com\/#organization"},"potentialAction":[{"@type":"SearchAction","target":{"@type":"EntryPoint","urlTemplate":"https:\/\/www.mexicanguitarplayers.com\/?s={search_term_string}"},"query-input":{"@type":"PropertyValueSpecification","valueRequired":true,"valueName":"search_term_string"}}],"inLanguage":"en-US"},{"@type":"Organization","@id":"https:\/\/www.mexicanguitarplayers.com\/#organization","name":"Mexican Guitar Players","url":"https:\/\/www.mexicanguitarplayers.com\/","logo":{"@type":"ImageObject","inLanguage":"en-US","@id":"https:\/\/www.mexicanguitarplayers.com\/#\/schema\/logo\/image\/","url":"","contentUrl":"","caption":"Mexican Guitar Players"},"image":{"@id":"https:\/\/www.mexicanguitarplayers.com\/#\/schema\/logo\/image\/"}}]}},"brands":[{"id":258,"name":"BELCAT","slug":"belcat"}],"_links":{"self":[{"href":"https:\/\/www.mexicanguitarplayers.com\/en\/wp-json\/wp\/v2\/product\/28438","targetHints":{"allow":["GET"]}}],"collection":[{"href":"https:\/\/www.mexicanguitarplayers.com\/en\/wp-json\/wp\/v2\/product"}],"about":[{"href":"https:\/\/www.mexicanguitarplayers.com\/en\/wp-json\/wp\/v2\/types\/product"}],"replies":[{"embeddable":true,"href":"https:\/\/www.mexicanguitarplayers.com\/en\/wp-json\/wp\/v2\/comments?post=28438"}],"wp:featuredmedia":[{"embeddable":true,"href":"https:\/\/www.mexicanguitarplayers.com\/en\/wp-json\/wp\/v2\/media\/28437"}],"wp:attachment":[{"href":"https:\/\/www.mexicanguitarplayers.com\/en\/wp-json\/wp\/v2\/media?parent=28438"}],"wp:term":[{"taxonomy":"pwb-brand","embeddable":true,"href":"https:\/\/www.mexicanguitarplayers.com\/en\/wp-json\/wp\/v2\/pwb-brand?post=28438"},{"taxonomy":"product_brand","embeddable":true,"href":"https:\/\/www.mexicanguitarplayers.com\/en\/wp-json\/wp\/v2\/product_brand?post=28438"},{"taxonomy":"product_cat","embeddable":true,"href":"https:\/\/www.mexicanguitarplayers.com\/en\/wp-json\/wp\/v2\/product_cat?post=28438"},{"taxonomy":"product_tag","embeddable":true,"href":"https:\/\/www.mexicanguitarplayers.com\/en\/wp-json\/wp\/v2\/product_tag?post=28438"}],"curies":[{"name":"wp","href":"https:\/\/api.w.org\/{rel}","templated":true}]}}