{"id":28458,"date":"2025-04-08T08:29:42","date_gmt":"2025-04-08T14:29:42","guid":{"rendered":"https:\/\/www.mexicanguitarplayers.com\/tienda\/sin categor\u00eda\/pedal-hotone-mod-bap-1-binary-amp\/"},"modified":"2026-04-10T04:40:17","modified_gmt":"2026-04-10T10:40:17","slug":"pedal-hotone-mod-bap-1-binary-amp","status":"publish","type":"product","link":"https:\/\/www.mexicanguitarplayers.com\/en\/tienda\/cuerdas\/efectos\/multiefectos\/pedal-hotone-mod-bap-1-binary-amp\/","title":{"rendered":"PEDAL HOTONE   MOD. BAP-1 BINARY AMP"},"content":{"rendered":"<div style=\"text-align: justify\">\n<div>\n<h3>El mejor simulador de amplificadores cl\u00e1sicos.<\/h3>\n<\/div>\n<div>Producida a partir de la tecnolog\u00eda XTOMP de pr\u00f3xima generaci\u00f3n, la serie Binary de Hotone ofrece vers\u00e1tiles efectos de nivel profesional en carcasas compactas. Basados en la misma librer\u00eda de modelados\/efectos original que sorprendi\u00f3 a los usuarios de XTOMP alrededor del mundo, la serie Binary est\u00e1 dedicada a reunir una gran cantidad de efectos de alta calidad con precios m\u00e1s competitivos y asequibles. Presentan una carcasa compacta con dise\u00f1o dual-footswitch, entradas y salidas vers\u00e1tiles y un display OLED claro y brillante, que desdibuja la l\u00ednea entre \u201cpedales cl\u00e1sicos\u201d y multiefectos. En el n\u00facleo de todos los pedales de la serie Binary, una poderosa plataforma de doble DSP y un sistema de modelado CDCM (Comprehensive Dynamic Circuit Modeling) aseguran una experiencia realista. L sistema CDCM est\u00e1 construido sobre una matriz de variaci\u00f3n din\u00e1mica extremadamente compleja, capaz de expresar de manera realista cada cambio detallado que ocurre durante el proceso operacional de los circuitos reales: Todo est\u00e1 VIVO y funciona como su original. Amp Binary es un pedal de efectos simulador de amplificador que proporcionar 16 modelos cl\u00e1sicos\/legendarios de amplificadores de guitarra, cada uno con sus propios simuladores de gabinete de alta calidad. Adem\u00e1s, incluye un loop FX que te permite expandir tu sonido a\u00fan m\u00e1s.<\/div>\n<div>\n<h4>Quick look<\/h4>\n<\/div>\n<ul style=\"margin: 0px 0px 0px 25px\">\n<li style=\"list-style-type: circle;margin: 5px\">Number of effects.<\/li>\n<li style=\"list-style-type: circle;margin: 5px\">Number of patches.<\/li>\n<li style=\"list-style-type: circle;margin: 5px\">Digital processing.<\/li>\n<li style=\"list-style-type: circle;margin: 5px\">Frequency response.<\/li>\n<li style=\"list-style-type: circle;margin: 5px\">Signal to noise ratio.<\/li>\n<li style=\"list-style-type: circle;margin: 5px\">Input impedance.<\/li>\n<li style=\"list-style-type: circle;margin: 5px\">Output impedance.<\/li>\n<li style=\"list-style-type: circle;margin: 5px\">Power requirements.<\/li>\n<li style=\"list-style-type: circle;margin: 5px\">Energy consumption.<\/li>\n<li style=\"list-style-type: circle;margin: 5px\">Dimensions.<\/li>\n<li style=\"list-style-type: circle;margin: 5px\">Weight.<\/li>\n<\/ul>\n<div>\n<div style=\"font-weight: bold\">Number of effects.<\/div>\n<div>\n<p>16.<\/p>\n<\/div>\n<div style=\"font-weight: bold\">Number of patches.<\/div>\n<div>\n<p>10 (2 banks x 5 settings).<\/p>\n<\/div>\n<div style=\"font-weight: bold\">Digital processing.<\/div>\n<div>\n<p>24-bit A \/ D \/ A conversion, 44.1 kHz sampling rate.<\/p>\n<\/div>\n<div style=\"font-weight: bold\">Frequency response.<\/div>\n<div>\n<p>20 Hz - 20 kHz.<\/p>\n<\/div>\n<div style=\"font-weight: bold\">Signal to noise ratio.<\/div>\n<div>\n<p>Up to 110 dB.<\/p>\n<\/div>\n<div style=\"font-weight: bold\">Input impedance.<\/div>\n<div>\n<p>1 milli-ohm.<\/p>\n<\/div>\n<div style=\"font-weight: bold\">Output impedance.<\/div>\n<div>\n<p>100 ohms.<\/p>\n<\/div>\n<div style=\"font-weight: bold\">Power requirements.<\/div>\n<div>\n<p>DC 9V, center negative.<\/p>\n<\/div>\n<div style=\"font-weight: bold\">Energy consumption.<\/div>\n<div>\n<p>200 mA minimum.<\/p>\n<\/div>\n<div style=\"font-weight: bold\">Dimensions.<\/div>\n<div>\n<p>121 x 72 x 47 mm.<\/p>\n<\/div>\n<div style=\"font-weight: bold\">Weight.<\/div>\n<div>\n<p>340 g.<\/p>\n<\/div>\n<\/div>\n<\/div>","protected":false},"excerpt":{"rendered":"<p>Pedal simulador de amplificadores cl\u00e1sicos de guitarra, 16 amplificadores cada uno con simuladores de gabinetes, formato de doble footswitch, avanzado sistema de modelado CDCM que te asegura una experiencia realista, plataforma de doble DSP de alta calidad, conversi\u00f3n A\/D\/A de 24 bits, entrada USB para actualizaci\u00f3n de firmware, jack Loop FX para expandir tus efectos, 10 pre-ajustes (5 pre-ajustes x 2 bancos), pantalla OLED con display claro y brillante, buffered bypass an\u00e1logo puro con respuesta de frecuencia plana, 5 perillas transl\u00facidas con LED, dimensiones: 121 x 72 x 47 mm, peso: 340 g.&hellip; <a class=\"kt-excerpt-readmore more-link\" href=\"https:\/\/www.mexicanguitarplayers.com\/en\/tienda\/cuerdas\/efectos\/multiefectos\/pedal-hotone-mod-bap-1-binary-amp\/\">Read more<\/a><\/p>","protected":false},"featured_media":28455,"comment_status":"open","ping_status":"closed","template":"","meta":{"kt_blocks_editor_width":""},"pwb-brand":[183],"product_brand":[],"product_cat":[224,241,242],"product_tag":[],"class_list":{"0":"post-28458","1":"product","2":"type-product","3":"status-publish","4":"has-post-thumbnail","6":"pwb-brand-hotone","7":"product_cat-cuerdas","8":"product_cat-efectos","9":"product_cat-multiefectos","10":"product_shipping_class-0-5-kg","12":"first","13":"outofstock","14":"taxable","15":"shipping-taxable","16":"purchasable","17":"product-type-simple"},"yoast_head":"<!-- This site is optimized with the Yoast SEO plugin v27.5 - https:\/\/yoast.com\/product\/yoast-seo-wordpress\/ -->\n<title>PEDAL HOTONE  MOD. BAP-1 BINARY AMP - Mexican Guitar Players<\/title>\n<meta name=\"description\" content=\"Pedal simulador de amplificadores cl\u00e1sicos de guitarra, 16 amplificadores cada uno con simuladores de gabinetes, formato de doble footswitch, avanzado sistema de modelado CDCM que te asegura una experiencia realista, plataforma de doble DSP de alta calidad, conversi\u00f3n A\/D\/A de 24 bits, entrada USB para actualizaci\u00f3n de firmware, jack Loop FX para expandir tus efectos, 10 pre-ajustes (5 pre-ajustes x 2 bancos), pantalla OLED con display claro y brillante, buffered bypass an\u00e1logo puro con respuesta de frecuencia plana, 5 perillas transl\u00facidas con LED, dimensiones: 121 x 72 x 47 mm, peso: 340 g.\" \/>\n<meta name=\"robots\" content=\"index, follow, max-snippet:-1, max-image-preview:large, max-video-preview:-1\" \/>\n<link rel=\"canonical\" href=\"https:\/\/www.mexicanguitarplayers.com\/en\/tienda\/sin%20categor\u00eda\/pedal-hotone-mod-bap-1-binary-amp\/\" \/>\n<meta property=\"og:locale\" content=\"en_US\" \/>\n<meta property=\"og:type\" content=\"article\" \/>\n<meta property=\"og:title\" content=\"PEDAL HOTONE  MOD. BAP-1 BINARY AMP - Mexican Guitar Players\" \/>\n<meta property=\"og:description\" content=\"Pedal simulador de amplificadores cl\u00e1sicos de guitarra, 16 amplificadores cada uno con simuladores de gabinetes, formato de doble footswitch, avanzado sistema de modelado CDCM que te asegura una experiencia realista, plataforma de doble DSP de alta calidad, conversi\u00f3n A\/D\/A de 24 bits, entrada USB para actualizaci\u00f3n de firmware, jack Loop FX para expandir tus efectos, 10 pre-ajustes (5 pre-ajustes x 2 bancos), pantalla OLED con display claro y brillante, buffered bypass an\u00e1logo puro con respuesta de frecuencia plana, 5 perillas transl\u00facidas con LED, dimensiones: 121 x 72 x 47 mm, peso: 340 g.\" \/>\n<meta property=\"og:url\" content=\"https:\/\/www.mexicanguitarplayers.com\/en\/tienda\/sin categor\u00eda\/pedal-hotone-mod-bap-1-binary-amp\/\" \/>\n<meta property=\"og:site_name\" content=\"Mexican Guitar Players\" \/>\n<meta property=\"article:modified_time\" content=\"2026-04-10T10:40:17+00:00\" \/>\n<meta name=\"twitter:card\" content=\"summary_large_image\" \/>\n<meta name=\"twitter:label1\" content=\"Est. reading time\" \/>\n\t<meta name=\"twitter:data1\" content=\"2 minutes\" \/>\n<script type=\"application\/ld+json\" class=\"yoast-schema-graph\">{\"@context\":\"https:\\\/\\\/schema.org\",\"@graph\":[{\"@type\":[\"WebPage\",\"ItemPage\"],\"@id\":\"https:\\\/\\\/www.mexicanguitarplayers.com\\\/tienda\\\/sin categor\u00eda\\\/pedal-hotone-mod-bap-1-binary-amp\\\/\",\"url\":\"https:\\\/\\\/www.mexicanguitarplayers.com\\\/tienda\\\/sin categor\u00eda\\\/pedal-hotone-mod-bap-1-binary-amp\\\/\",\"name\":\"PEDAL HOTONE MOD. BAP-1 BINARY AMP - Mexican Guitar Players\",\"isPartOf\":{\"@id\":\"https:\\\/\\\/www.mexicanguitarplayers.com\\\/#website\"},\"primaryImageOfPage\":{\"@id\":\"https:\\\/\\\/www.mexicanguitarplayers.com\\\/tienda\\\/sin categor\u00eda\\\/pedal-hotone-mod-bap-1-binary-amp\\\/#primaryimage\"},\"image\":{\"@id\":\"https:\\\/\\\/www.mexicanguitarplayers.com\\\/tienda\\\/sin categor\u00eda\\\/pedal-hotone-mod-bap-1-binary-amp\\\/#primaryimage\"},\"thumbnailUrl\":\"https:\\\/\\\/www.mexicanguitarplayers.com\\\/wp-content\\\/uploads\\\/2025\\\/04\\\/VAHOTBAP1.jpg\",\"datePublished\":\"2025-04-08T14:29:42+00:00\",\"dateModified\":\"2026-04-10T10:40:17+00:00\",\"description\":\"Pedal simulador de amplificadores cl\u00e1sicos de guitarra, 16 amplificadores cada uno con simuladores de gabinetes, formato de doble footswitch, avanzado sistema de modelado CDCM que te asegura una experiencia realista, plataforma de doble DSP de alta calidad, conversi\u00f3n A\\\/D\\\/A de 24 bits, entrada USB para actualizaci\u00f3n de firmware, jack Loop FX para expandir tus efectos, 10 pre-ajustes (5 pre-ajustes x 2 bancos), pantalla OLED con display claro y brillante, buffered bypass an\u00e1logo puro con respuesta de frecuencia plana, 5 perillas transl\u00facidas con LED, dimensiones: 121 x 72 x 47 mm, peso: 340 g.\",\"breadcrumb\":{\"@id\":\"https:\\\/\\\/www.mexicanguitarplayers.com\\\/tienda\\\/sin categor\u00eda\\\/pedal-hotone-mod-bap-1-binary-amp\\\/#breadcrumb\"},\"inLanguage\":\"en-US\",\"potentialAction\":[{\"@type\":\"ReadAction\",\"target\":[\"https:\\\/\\\/www.mexicanguitarplayers.com\\\/tienda\\\/sin categor\u00eda\\\/pedal-hotone-mod-bap-1-binary-amp\\\/\"]}]},{\"@type\":\"ImageObject\",\"inLanguage\":\"en-US\",\"@id\":\"https:\\\/\\\/www.mexicanguitarplayers.com\\\/tienda\\\/sin categor\u00eda\\\/pedal-hotone-mod-bap-1-binary-amp\\\/#primaryimage\",\"url\":\"https:\\\/\\\/www.mexicanguitarplayers.com\\\/wp-content\\\/uploads\\\/2025\\\/04\\\/VAHOTBAP1.jpg\",\"contentUrl\":\"https:\\\/\\\/www.mexicanguitarplayers.com\\\/wp-content\\\/uploads\\\/2025\\\/04\\\/VAHOTBAP1.jpg\",\"width\":1200,\"height\":1200},{\"@type\":\"BreadcrumbList\",\"@id\":\"https:\\\/\\\/www.mexicanguitarplayers.com\\\/tienda\\\/sin categor\u00eda\\\/pedal-hotone-mod-bap-1-binary-amp\\\/#breadcrumb\",\"itemListElement\":[{\"@type\":\"ListItem\",\"position\":1,\"name\":\"Portada\",\"item\":\"https:\\\/\\\/www.mexicanguitarplayers.com\\\/\"},{\"@type\":\"ListItem\",\"position\":2,\"name\":\"Tienda\",\"item\":\"https:\\\/\\\/www.mexicanguitarplayers.com\\\/tienda\\\/\"},{\"@type\":\"ListItem\",\"position\":3,\"name\":\"PEDAL HOTONE MOD. BAP-1 BINARY AMP\"}]},{\"@type\":\"WebSite\",\"@id\":\"https:\\\/\\\/www.mexicanguitarplayers.com\\\/#website\",\"url\":\"https:\\\/\\\/www.mexicanguitarplayers.com\\\/\",\"name\":\"Mexican Guitar Players\",\"description\":\"Website\",\"publisher\":{\"@id\":\"https:\\\/\\\/www.mexicanguitarplayers.com\\\/#organization\"},\"potentialAction\":[{\"@type\":\"SearchAction\",\"target\":{\"@type\":\"EntryPoint\",\"urlTemplate\":\"https:\\\/\\\/www.mexicanguitarplayers.com\\\/?s={search_term_string}\"},\"query-input\":{\"@type\":\"PropertyValueSpecification\",\"valueRequired\":true,\"valueName\":\"search_term_string\"}}],\"inLanguage\":\"en-US\"},{\"@type\":\"Organization\",\"@id\":\"https:\\\/\\\/www.mexicanguitarplayers.com\\\/#organization\",\"name\":\"Mexican Guitar Players\",\"url\":\"https:\\\/\\\/www.mexicanguitarplayers.com\\\/\",\"logo\":{\"@type\":\"ImageObject\",\"inLanguage\":\"en-US\",\"@id\":\"https:\\\/\\\/www.mexicanguitarplayers.com\\\/#\\\/schema\\\/logo\\\/image\\\/\",\"url\":\"\",\"contentUrl\":\"\",\"caption\":\"Mexican Guitar Players\"},\"image\":{\"@id\":\"https:\\\/\\\/www.mexicanguitarplayers.com\\\/#\\\/schema\\\/logo\\\/image\\\/\"}}]}<\/script>\n<!-- \/ Yoast SEO plugin. -->","yoast_head_json":{"title":"PEDAL HOTONE  MOD. BAP-1 BINARY AMP - Mexican Guitar Players","description":"Pedal simulador de amplificadores cl\u00e1sicos de guitarra, 16 amplificadores cada uno con simuladores de gabinetes, formato de doble footswitch, avanzado sistema de modelado CDCM que te asegura una experiencia realista, plataforma de doble DSP de alta calidad, conversi\u00f3n A\/D\/A de 24 bits, entrada USB para actualizaci\u00f3n de firmware, jack Loop FX para expandir tus efectos, 10 pre-ajustes (5 pre-ajustes x 2 bancos), pantalla OLED con display claro y brillante, buffered bypass an\u00e1logo puro con respuesta de frecuencia plana, 5 perillas transl\u00facidas con LED, dimensiones: 121 x 72 x 47 mm, peso: 340 g.","robots":{"index":"index","follow":"follow","max-snippet":"max-snippet:-1","max-image-preview":"max-image-preview:large","max-video-preview":"max-video-preview:-1"},"canonical":"https:\/\/www.mexicanguitarplayers.com\/en\/tienda\/sin categor\u00eda\/pedal-hotone-mod-bap-1-binary-amp\/","og_locale":"en_US","og_type":"article","og_title":"PEDAL HOTONE  MOD. BAP-1 BINARY AMP - Mexican Guitar Players","og_description":"Pedal simulador de amplificadores cl\u00e1sicos de guitarra, 16 amplificadores cada uno con simuladores de gabinetes, formato de doble footswitch, avanzado sistema de modelado CDCM que te asegura una experiencia realista, plataforma de doble DSP de alta calidad, conversi\u00f3n A\/D\/A de 24 bits, entrada USB para actualizaci\u00f3n de firmware, jack Loop FX para expandir tus efectos, 10 pre-ajustes (5 pre-ajustes x 2 bancos), pantalla OLED con display claro y brillante, buffered bypass an\u00e1logo puro con respuesta de frecuencia plana, 5 perillas transl\u00facidas con LED, dimensiones: 121 x 72 x 47 mm, peso: 340 g.","og_url":"https:\/\/www.mexicanguitarplayers.com\/en\/tienda\/sin categor\u00eda\/pedal-hotone-mod-bap-1-binary-amp\/","og_site_name":"Mexican Guitar Players","article_modified_time":"2026-04-10T10:40:17+00:00","twitter_card":"summary_large_image","twitter_misc":{"Est. reading time":"2 minutes"},"schema":{"@context":"https:\/\/schema.org","@graph":[{"@type":["WebPage","ItemPage"],"@id":"https:\/\/www.mexicanguitarplayers.com\/tienda\/sin categor\u00eda\/pedal-hotone-mod-bap-1-binary-amp\/","url":"https:\/\/www.mexicanguitarplayers.com\/tienda\/sin categor\u00eda\/pedal-hotone-mod-bap-1-binary-amp\/","name":"PEDAL HOTONE MOD. BAP-1 BINARY AMP - Mexican Guitar Players","isPartOf":{"@id":"https:\/\/www.mexicanguitarplayers.com\/#website"},"primaryImageOfPage":{"@id":"https:\/\/www.mexicanguitarplayers.com\/tienda\/sin categor\u00eda\/pedal-hotone-mod-bap-1-binary-amp\/#primaryimage"},"image":{"@id":"https:\/\/www.mexicanguitarplayers.com\/tienda\/sin categor\u00eda\/pedal-hotone-mod-bap-1-binary-amp\/#primaryimage"},"thumbnailUrl":"https:\/\/www.mexicanguitarplayers.com\/wp-content\/uploads\/2025\/04\/VAHOTBAP1.jpg","datePublished":"2025-04-08T14:29:42+00:00","dateModified":"2026-04-10T10:40:17+00:00","description":"Pedal simulador de amplificadores cl\u00e1sicos de guitarra, 16 amplificadores cada uno con simuladores de gabinetes, formato de doble footswitch, avanzado sistema de modelado CDCM que te asegura una experiencia realista, plataforma de doble DSP de alta calidad, conversi\u00f3n A\/D\/A de 24 bits, entrada USB para actualizaci\u00f3n de firmware, jack Loop FX para expandir tus efectos, 10 pre-ajustes (5 pre-ajustes x 2 bancos), pantalla OLED con display claro y brillante, buffered bypass an\u00e1logo puro con respuesta de frecuencia plana, 5 perillas transl\u00facidas con LED, dimensiones: 121 x 72 x 47 mm, peso: 340 g.","breadcrumb":{"@id":"https:\/\/www.mexicanguitarplayers.com\/tienda\/sin categor\u00eda\/pedal-hotone-mod-bap-1-binary-amp\/#breadcrumb"},"inLanguage":"en-US","potentialAction":[{"@type":"ReadAction","target":["https:\/\/www.mexicanguitarplayers.com\/tienda\/sin categor\u00eda\/pedal-hotone-mod-bap-1-binary-amp\/"]}]},{"@type":"ImageObject","inLanguage":"en-US","@id":"https:\/\/www.mexicanguitarplayers.com\/tienda\/sin categor\u00eda\/pedal-hotone-mod-bap-1-binary-amp\/#primaryimage","url":"https:\/\/www.mexicanguitarplayers.com\/wp-content\/uploads\/2025\/04\/VAHOTBAP1.jpg","contentUrl":"https:\/\/www.mexicanguitarplayers.com\/wp-content\/uploads\/2025\/04\/VAHOTBAP1.jpg","width":1200,"height":1200},{"@type":"BreadcrumbList","@id":"https:\/\/www.mexicanguitarplayers.com\/tienda\/sin categor\u00eda\/pedal-hotone-mod-bap-1-binary-amp\/#breadcrumb","itemListElement":[{"@type":"ListItem","position":1,"name":"Portada","item":"https:\/\/www.mexicanguitarplayers.com\/"},{"@type":"ListItem","position":2,"name":"Tienda","item":"https:\/\/www.mexicanguitarplayers.com\/tienda\/"},{"@type":"ListItem","position":3,"name":"PEDAL HOTONE MOD. BAP-1 BINARY AMP"}]},{"@type":"WebSite","@id":"https:\/\/www.mexicanguitarplayers.com\/#website","url":"https:\/\/www.mexicanguitarplayers.com\/","name":"Mexican Guitar Players","description":"Website","publisher":{"@id":"https:\/\/www.mexicanguitarplayers.com\/#organization"},"potentialAction":[{"@type":"SearchAction","target":{"@type":"EntryPoint","urlTemplate":"https:\/\/www.mexicanguitarplayers.com\/?s={search_term_string}"},"query-input":{"@type":"PropertyValueSpecification","valueRequired":true,"valueName":"search_term_string"}}],"inLanguage":"en-US"},{"@type":"Organization","@id":"https:\/\/www.mexicanguitarplayers.com\/#organization","name":"Mexican Guitar Players","url":"https:\/\/www.mexicanguitarplayers.com\/","logo":{"@type":"ImageObject","inLanguage":"en-US","@id":"https:\/\/www.mexicanguitarplayers.com\/#\/schema\/logo\/image\/","url":"","contentUrl":"","caption":"Mexican Guitar Players"},"image":{"@id":"https:\/\/www.mexicanguitarplayers.com\/#\/schema\/logo\/image\/"}}]}},"brands":[{"id":183,"name":"HOTONE","slug":"hotone"}],"_links":{"self":[{"href":"https:\/\/www.mexicanguitarplayers.com\/en\/wp-json\/wp\/v2\/product\/28458","targetHints":{"allow":["GET"]}}],"collection":[{"href":"https:\/\/www.mexicanguitarplayers.com\/en\/wp-json\/wp\/v2\/product"}],"about":[{"href":"https:\/\/www.mexicanguitarplayers.com\/en\/wp-json\/wp\/v2\/types\/product"}],"replies":[{"embeddable":true,"href":"https:\/\/www.mexicanguitarplayers.com\/en\/wp-json\/wp\/v2\/comments?post=28458"}],"wp:featuredmedia":[{"embeddable":true,"href":"https:\/\/www.mexicanguitarplayers.com\/en\/wp-json\/wp\/v2\/media\/28455"}],"wp:attachment":[{"href":"https:\/\/www.mexicanguitarplayers.com\/en\/wp-json\/wp\/v2\/media?parent=28458"}],"wp:term":[{"taxonomy":"pwb-brand","embeddable":true,"href":"https:\/\/www.mexicanguitarplayers.com\/en\/wp-json\/wp\/v2\/pwb-brand?post=28458"},{"taxonomy":"product_brand","embeddable":true,"href":"https:\/\/www.mexicanguitarplayers.com\/en\/wp-json\/wp\/v2\/product_brand?post=28458"},{"taxonomy":"product_cat","embeddable":true,"href":"https:\/\/www.mexicanguitarplayers.com\/en\/wp-json\/wp\/v2\/product_cat?post=28458"},{"taxonomy":"product_tag","embeddable":true,"href":"https:\/\/www.mexicanguitarplayers.com\/en\/wp-json\/wp\/v2\/product_tag?post=28458"}],"curies":[{"name":"wp","href":"https:\/\/api.w.org\/{rel}","templated":true}]}}