{"id":28510,"date":"2025-04-08T08:30:45","date_gmt":"2025-04-08T14:30:45","guid":{"rendered":"https:\/\/www.mexicanguitarplayers.com\/tienda\/sin categor\u00eda\/pastilla-f-fluence-7-cdas-prf-co7-sb2\/"},"modified":"2026-05-01T07:26:39","modified_gmt":"2026-05-01T13:26:39","slug":"pastilla-f-fluence-7-cdas-prf-co7-sb2","status":"publish","type":"product","link":"https:\/\/www.mexicanguitarplayers.com\/en\/tienda\/accesorios\/para-guitarras\/pastillas-para-guitarra-electrica\/pastilla-f-fluence-7-cdas-prf-co7-sb2\/","title":{"rendered":"PASTILLA F.FLUENCE 7 CDAS.  PRF-CO7-SB2"},"content":{"rendered":"<div style=\"text-align: justify\">\n<div>\n<h3>El nuevo Voice 3.<\/h3>\n<\/div>\n<div>Las pastillas humbucker Fluence Classic est\u00e1n ahora disponibles en su popular look humbucker sin tapa. Incorporan tambi\u00e9n una nueva tercera voz: Single Coil. Los humbuckers bobinados, cuando se \u201cdividen\u201d para crear un sonido Single Coil, pueden ser d\u00e9biles y poco convincentes. El nuevo Voice 3 es un tono Single Coil aut\u00e9ntico que solamente la tecnolog\u00eda Fluence puede ofrecer.<\/div>\n<div>\n<h4>Quick look<\/h4>\n<\/div>\n<ul style=\"margin: 0px 0px 0px 25px\">\n<li style=\"list-style-type: circle;margin: 5px\">Open Core Classic Humbucker Brazo.<\/li>\n<li style=\"list-style-type: circle;margin: 5px\">Open Core Classic Humbucker Puente.<\/li>\n<li style=\"list-style-type: circle;margin: 5px\">Frecuencia de pico (Brazo).<\/li>\n<li style=\"list-style-type: circle;margin: 5px\">Frecuencia de pico (Puente).<\/li>\n<li style=\"list-style-type: circle;margin: 5px\">Material magn\u00e9tico.<\/li>\n<li style=\"list-style-type: circle;margin: 5px\">Circuito magn\u00e9tico.<\/li>\n<li style=\"list-style-type: circle;margin: 5px\">Fuerza Gauss.<\/li>\n<li style=\"list-style-type: circle;margin: 5px\">Espacio entre los postes (Brazo).<\/li>\n<li style=\"list-style-type: circle;margin: 5px\">Espacio entre los postes (Puente).<\/li>\n<li style=\"list-style-type: circle;margin: 5px\">Output impedance.<\/li>\n<li style=\"list-style-type: circle;margin: 5px\">Consumo de corriente.<\/li>\n<li style=\"list-style-type: circle;margin: 5px\">Drums.<\/li>\n<li style=\"list-style-type: circle;margin: 5px\">Vida de la bater\u00eda.<\/li>\n<li style=\"list-style-type: circle;margin: 5px\">Multivoz.<\/li>\n<\/ul>\n<div>\n<div style=\"font-weight: bold\">Open Core Classic Humbucker Brazo.<\/div>\n<div>\n<p>VOZ 1: Vintage P.A.F. &#8211; El elusivo tono de brazo P.A.F. vintage ideal con la din\u00e1mica y el nivel de salida que deseas. VOZ 2: Timbre claro y aireado &#8211; Un tono exclusivo de Fluence con agudos irreales, rango medio vocal y estrechos graves. VOZ 3: Single Coil &#8211; Potente Single Coil con altos vidriosos.<\/p>\n<\/div>\n<div style=\"font-weight: bold\">Open Core Classic Humbucker Puente.<\/div>\n<div>\n<p>VOZ 1: Vintage P.A.F. &#8211; El sonido humbucker P.A.F. vintage calibrado ideal en nivel de salida perfecto. VOZ 2: Hot Rod Cl\u00e1sico &#8211; El sonido humbucker de puente con hot rod por excelencia sin todo el equipaje. VOZ 3: Single Coil ligeramente sobrecargada.<\/p>\n<\/div>\n<div style=\"font-weight: bold\">Frecuencia de pico (Brazo).<\/div>\n<div>\n<p>VOZ 1: 2.6 kHz. VOZ 2: 4.5 kHz, 350 Hz. VOZ 3: 5 kHz.<\/p>\n<\/div>\n<div style=\"font-weight: bold\">Frecuencia de pico (Puente).<\/div>\n<div>\n<p>VOZ 1_ 2.25 kHz. VOZ 2: 1.6 kHz, 350 Hz. VOZ 3: 4 kHz.<\/p>\n<\/div>\n<div style=\"font-weight: bold\">Material magn\u00e9tico.<\/div>\n<div>\n<p>Alnico V.<\/p>\n<\/div>\n<div style=\"font-weight: bold\">Circuito magn\u00e9tico.<\/div>\n<div>\n<p>Barra magn\u00e9tica con polos.<\/p>\n<\/div>\n<div style=\"font-weight: bold\">Fuerza Gauss.<\/div>\n<div>\n<p>Fuerza de 140 gauss en cuerda.<\/p>\n<\/div>\n<div style=\"font-weight: bold\">Espacio entre los postes (Brazo).<\/div>\n<div>\n<p>49 mm.<\/p>\n<\/div>\n<div style=\"font-weight: bold\">Espacio entre los postes (Puente).<\/div>\n<div>\n<p>52 mm.<\/p>\n<\/div>\n<div style=\"font-weight: bold\">Output impedance.<\/div>\n<div>\n<p>2 kilo-ohms.<\/p>\n<\/div>\n<div style=\"font-weight: bold\">Consumo de corriente.<\/div>\n<div>\n<p>2.5 mA.<\/p>\n<\/div>\n<div style=\"font-weight: bold\">Drums.<\/div>\n<div>\n<p>9V o paquete opcional de bater\u00edas recargables.<\/p>\n<\/div>\n<div style=\"font-weight: bold\">Vida de la bater\u00eda.<\/div>\n<div>\n<p>Hasta 200 horas. <\/p>\n<\/div>\n<div style=\"font-weight: bold\">Multivoz.<\/div>\n<div>\n<p>Aj\u00fastala y olv\u00eddate o con\u00e9ctala para alternar entre voces musicalmente complementarias. S\u00fabela y reemplaza las pastillas humbucker est\u00e1ndar. Son recargables en tu guitarra. El paquete de bater\u00eda de iones de litio opcional ofrece semanas, no horas, de tiempo de reproducci\u00f3n.<\/p>\n<\/div>\n<\/div>\n<\/div>","protected":false},"excerpt":{"rendered":"<p>Set de humbuckers Fluence Open Core Classic (1 puente, 1 brazo) en color negro para guitarras el\u00e9ctricas de 7 cuerdas.&hellip; <a class=\"kt-excerpt-readmore more-link\" href=\"https:\/\/www.mexicanguitarplayers.com\/en\/tienda\/accesorios\/para-guitarras\/pastillas-para-guitarra-electrica\/pastilla-f-fluence-7-cdas-prf-co7-sb2\/\">Read more<\/a><\/p>","protected":false},"featured_media":28509,"comment_status":"open","ping_status":"closed","template":"","meta":{"kt_blocks_editor_width":""},"pwb-brand":[248],"product_brand":[],"product_cat":[85,336,353],"product_tag":[],"class_list":{"0":"post-28510","1":"product","2":"type-product","3":"status-publish","4":"has-post-thumbnail","6":"pwb-brand-fishman","7":"product_cat-accesorios","8":"product_cat-para-guitarras","9":"product_cat-pastillas-para-guitarra-electrica","10":"product_shipping_class-0-5-kg","12":"first","13":"instock","14":"taxable","15":"shipping-taxable","16":"purchasable","17":"product-type-simple"},"yoast_head":"<!-- This site is optimized with the Yoast SEO plugin v27.5 - https:\/\/yoast.com\/product\/yoast-seo-wordpress\/ -->\n<title>PASTILLA F.FLUENCE 7 CDAS. PRF-CO7-SB2 - Mexican Guitar Players<\/title>\n<meta name=\"description\" content=\"Set de humbuckers Fluence Open Core Classic (1 puente, 1 brazo) en color negro para guitarras el\u00e9ctricas de 7 cuerdas.\" \/>\n<meta name=\"robots\" content=\"index, follow, max-snippet:-1, max-image-preview:large, max-video-preview:-1\" \/>\n<link rel=\"canonical\" href=\"https:\/\/www.mexicanguitarplayers.com\/en\/tienda\/sin%20categor\u00eda\/pastilla-f-fluence-7-cdas-prf-co7-sb2\/\" \/>\n<meta property=\"og:locale\" content=\"en_US\" \/>\n<meta property=\"og:type\" content=\"article\" \/>\n<meta property=\"og:title\" content=\"PASTILLA F.FLUENCE 7 CDAS. PRF-CO7-SB2 - Mexican Guitar Players\" \/>\n<meta property=\"og:description\" content=\"Set de humbuckers Fluence Open Core Classic (1 puente, 1 brazo) en color negro para guitarras el\u00e9ctricas de 7 cuerdas.\" \/>\n<meta property=\"og:url\" content=\"https:\/\/www.mexicanguitarplayers.com\/en\/tienda\/sin categor\u00eda\/pastilla-f-fluence-7-cdas-prf-co7-sb2\/\" \/>\n<meta property=\"og:site_name\" content=\"Mexican Guitar Players\" \/>\n<meta property=\"article:modified_time\" content=\"2026-05-01T13:26:39+00:00\" \/>\n<meta name=\"twitter:card\" content=\"summary_large_image\" \/>\n<meta name=\"twitter:label1\" content=\"Est. reading time\" \/>\n\t<meta name=\"twitter:data1\" content=\"2 minutes\" \/>\n<script type=\"application\/ld+json\" class=\"yoast-schema-graph\">{\"@context\":\"https:\\\/\\\/schema.org\",\"@graph\":[{\"@type\":[\"WebPage\",\"ItemPage\"],\"@id\":\"https:\\\/\\\/www.mexicanguitarplayers.com\\\/tienda\\\/sin categor\u00eda\\\/pastilla-f-fluence-7-cdas-prf-co7-sb2\\\/\",\"url\":\"https:\\\/\\\/www.mexicanguitarplayers.com\\\/tienda\\\/sin categor\u00eda\\\/pastilla-f-fluence-7-cdas-prf-co7-sb2\\\/\",\"name\":\"PASTILLA F.FLUENCE 7 CDAS. PRF-CO7-SB2 - Mexican Guitar Players\",\"isPartOf\":{\"@id\":\"https:\\\/\\\/www.mexicanguitarplayers.com\\\/#website\"},\"primaryImageOfPage\":{\"@id\":\"https:\\\/\\\/www.mexicanguitarplayers.com\\\/tienda\\\/sin categor\u00eda\\\/pastilla-f-fluence-7-cdas-prf-co7-sb2\\\/#primaryimage\"},\"image\":{\"@id\":\"https:\\\/\\\/www.mexicanguitarplayers.com\\\/tienda\\\/sin categor\u00eda\\\/pastilla-f-fluence-7-cdas-prf-co7-sb2\\\/#primaryimage\"},\"thumbnailUrl\":\"https:\\\/\\\/www.mexicanguitarplayers.com\\\/wp-content\\\/uploads\\\/2025\\\/04\\\/RAFISPRFCO7SB2.jpg\",\"datePublished\":\"2025-04-08T14:30:45+00:00\",\"dateModified\":\"2026-05-01T13:26:39+00:00\",\"description\":\"Set de humbuckers Fluence Open Core Classic (1 puente, 1 brazo) en color negro para guitarras el\u00e9ctricas de 7 cuerdas.\",\"breadcrumb\":{\"@id\":\"https:\\\/\\\/www.mexicanguitarplayers.com\\\/tienda\\\/sin categor\u00eda\\\/pastilla-f-fluence-7-cdas-prf-co7-sb2\\\/#breadcrumb\"},\"inLanguage\":\"en-US\",\"potentialAction\":[{\"@type\":\"ReadAction\",\"target\":[\"https:\\\/\\\/www.mexicanguitarplayers.com\\\/tienda\\\/sin categor\u00eda\\\/pastilla-f-fluence-7-cdas-prf-co7-sb2\\\/\"]}]},{\"@type\":\"ImageObject\",\"inLanguage\":\"en-US\",\"@id\":\"https:\\\/\\\/www.mexicanguitarplayers.com\\\/tienda\\\/sin categor\u00eda\\\/pastilla-f-fluence-7-cdas-prf-co7-sb2\\\/#primaryimage\",\"url\":\"https:\\\/\\\/www.mexicanguitarplayers.com\\\/wp-content\\\/uploads\\\/2025\\\/04\\\/RAFISPRFCO7SB2.jpg\",\"contentUrl\":\"https:\\\/\\\/www.mexicanguitarplayers.com\\\/wp-content\\\/uploads\\\/2025\\\/04\\\/RAFISPRFCO7SB2.jpg\",\"width\":1200,\"height\":1200},{\"@type\":\"BreadcrumbList\",\"@id\":\"https:\\\/\\\/www.mexicanguitarplayers.com\\\/tienda\\\/sin categor\u00eda\\\/pastilla-f-fluence-7-cdas-prf-co7-sb2\\\/#breadcrumb\",\"itemListElement\":[{\"@type\":\"ListItem\",\"position\":1,\"name\":\"Portada\",\"item\":\"https:\\\/\\\/www.mexicanguitarplayers.com\\\/\"},{\"@type\":\"ListItem\",\"position\":2,\"name\":\"Tienda\",\"item\":\"https:\\\/\\\/www.mexicanguitarplayers.com\\\/tienda\\\/\"},{\"@type\":\"ListItem\",\"position\":3,\"name\":\"PASTILLA F.FLUENCE 7 CDAS. PRF-CO7-SB2\"}]},{\"@type\":\"WebSite\",\"@id\":\"https:\\\/\\\/www.mexicanguitarplayers.com\\\/#website\",\"url\":\"https:\\\/\\\/www.mexicanguitarplayers.com\\\/\",\"name\":\"Mexican Guitar Players\",\"description\":\"Website\",\"publisher\":{\"@id\":\"https:\\\/\\\/www.mexicanguitarplayers.com\\\/#organization\"},\"potentialAction\":[{\"@type\":\"SearchAction\",\"target\":{\"@type\":\"EntryPoint\",\"urlTemplate\":\"https:\\\/\\\/www.mexicanguitarplayers.com\\\/?s={search_term_string}\"},\"query-input\":{\"@type\":\"PropertyValueSpecification\",\"valueRequired\":true,\"valueName\":\"search_term_string\"}}],\"inLanguage\":\"en-US\"},{\"@type\":\"Organization\",\"@id\":\"https:\\\/\\\/www.mexicanguitarplayers.com\\\/#organization\",\"name\":\"Mexican Guitar Players\",\"url\":\"https:\\\/\\\/www.mexicanguitarplayers.com\\\/\",\"logo\":{\"@type\":\"ImageObject\",\"inLanguage\":\"en-US\",\"@id\":\"https:\\\/\\\/www.mexicanguitarplayers.com\\\/#\\\/schema\\\/logo\\\/image\\\/\",\"url\":\"\",\"contentUrl\":\"\",\"caption\":\"Mexican Guitar Players\"},\"image\":{\"@id\":\"https:\\\/\\\/www.mexicanguitarplayers.com\\\/#\\\/schema\\\/logo\\\/image\\\/\"}}]}<\/script>\n<!-- \/ Yoast SEO plugin. -->","yoast_head_json":{"title":"PASTILLA F.FLUENCE 7 CDAS. PRF-CO7-SB2 - Mexican Guitar Players","description":"Set de humbuckers Fluence Open Core Classic (1 puente, 1 brazo) en color negro para guitarras el\u00e9ctricas de 7 cuerdas.","robots":{"index":"index","follow":"follow","max-snippet":"max-snippet:-1","max-image-preview":"max-image-preview:large","max-video-preview":"max-video-preview:-1"},"canonical":"https:\/\/www.mexicanguitarplayers.com\/en\/tienda\/sin categor\u00eda\/pastilla-f-fluence-7-cdas-prf-co7-sb2\/","og_locale":"en_US","og_type":"article","og_title":"PASTILLA F.FLUENCE 7 CDAS. PRF-CO7-SB2 - Mexican Guitar Players","og_description":"Set de humbuckers Fluence Open Core Classic (1 puente, 1 brazo) en color negro para guitarras el\u00e9ctricas de 7 cuerdas.","og_url":"https:\/\/www.mexicanguitarplayers.com\/en\/tienda\/sin categor\u00eda\/pastilla-f-fluence-7-cdas-prf-co7-sb2\/","og_site_name":"Mexican Guitar Players","article_modified_time":"2026-05-01T13:26:39+00:00","twitter_card":"summary_large_image","twitter_misc":{"Est. reading time":"2 minutes"},"schema":{"@context":"https:\/\/schema.org","@graph":[{"@type":["WebPage","ItemPage"],"@id":"https:\/\/www.mexicanguitarplayers.com\/tienda\/sin categor\u00eda\/pastilla-f-fluence-7-cdas-prf-co7-sb2\/","url":"https:\/\/www.mexicanguitarplayers.com\/tienda\/sin categor\u00eda\/pastilla-f-fluence-7-cdas-prf-co7-sb2\/","name":"PASTILLA F.FLUENCE 7 CDAS. PRF-CO7-SB2 - Mexican Guitar Players","isPartOf":{"@id":"https:\/\/www.mexicanguitarplayers.com\/#website"},"primaryImageOfPage":{"@id":"https:\/\/www.mexicanguitarplayers.com\/tienda\/sin categor\u00eda\/pastilla-f-fluence-7-cdas-prf-co7-sb2\/#primaryimage"},"image":{"@id":"https:\/\/www.mexicanguitarplayers.com\/tienda\/sin categor\u00eda\/pastilla-f-fluence-7-cdas-prf-co7-sb2\/#primaryimage"},"thumbnailUrl":"https:\/\/www.mexicanguitarplayers.com\/wp-content\/uploads\/2025\/04\/RAFISPRFCO7SB2.jpg","datePublished":"2025-04-08T14:30:45+00:00","dateModified":"2026-05-01T13:26:39+00:00","description":"Set de humbuckers Fluence Open Core Classic (1 puente, 1 brazo) en color negro para guitarras el\u00e9ctricas de 7 cuerdas.","breadcrumb":{"@id":"https:\/\/www.mexicanguitarplayers.com\/tienda\/sin categor\u00eda\/pastilla-f-fluence-7-cdas-prf-co7-sb2\/#breadcrumb"},"inLanguage":"en-US","potentialAction":[{"@type":"ReadAction","target":["https:\/\/www.mexicanguitarplayers.com\/tienda\/sin categor\u00eda\/pastilla-f-fluence-7-cdas-prf-co7-sb2\/"]}]},{"@type":"ImageObject","inLanguage":"en-US","@id":"https:\/\/www.mexicanguitarplayers.com\/tienda\/sin categor\u00eda\/pastilla-f-fluence-7-cdas-prf-co7-sb2\/#primaryimage","url":"https:\/\/www.mexicanguitarplayers.com\/wp-content\/uploads\/2025\/04\/RAFISPRFCO7SB2.jpg","contentUrl":"https:\/\/www.mexicanguitarplayers.com\/wp-content\/uploads\/2025\/04\/RAFISPRFCO7SB2.jpg","width":1200,"height":1200},{"@type":"BreadcrumbList","@id":"https:\/\/www.mexicanguitarplayers.com\/tienda\/sin categor\u00eda\/pastilla-f-fluence-7-cdas-prf-co7-sb2\/#breadcrumb","itemListElement":[{"@type":"ListItem","position":1,"name":"Portada","item":"https:\/\/www.mexicanguitarplayers.com\/"},{"@type":"ListItem","position":2,"name":"Tienda","item":"https:\/\/www.mexicanguitarplayers.com\/tienda\/"},{"@type":"ListItem","position":3,"name":"PASTILLA F.FLUENCE 7 CDAS. PRF-CO7-SB2"}]},{"@type":"WebSite","@id":"https:\/\/www.mexicanguitarplayers.com\/#website","url":"https:\/\/www.mexicanguitarplayers.com\/","name":"Mexican Guitar Players","description":"Website","publisher":{"@id":"https:\/\/www.mexicanguitarplayers.com\/#organization"},"potentialAction":[{"@type":"SearchAction","target":{"@type":"EntryPoint","urlTemplate":"https:\/\/www.mexicanguitarplayers.com\/?s={search_term_string}"},"query-input":{"@type":"PropertyValueSpecification","valueRequired":true,"valueName":"search_term_string"}}],"inLanguage":"en-US"},{"@type":"Organization","@id":"https:\/\/www.mexicanguitarplayers.com\/#organization","name":"Mexican Guitar Players","url":"https:\/\/www.mexicanguitarplayers.com\/","logo":{"@type":"ImageObject","inLanguage":"en-US","@id":"https:\/\/www.mexicanguitarplayers.com\/#\/schema\/logo\/image\/","url":"","contentUrl":"","caption":"Mexican Guitar Players"},"image":{"@id":"https:\/\/www.mexicanguitarplayers.com\/#\/schema\/logo\/image\/"}}]}},"brands":[{"id":248,"name":"FISHMAN","slug":"fishman"}],"_links":{"self":[{"href":"https:\/\/www.mexicanguitarplayers.com\/en\/wp-json\/wp\/v2\/product\/28510","targetHints":{"allow":["GET"]}}],"collection":[{"href":"https:\/\/www.mexicanguitarplayers.com\/en\/wp-json\/wp\/v2\/product"}],"about":[{"href":"https:\/\/www.mexicanguitarplayers.com\/en\/wp-json\/wp\/v2\/types\/product"}],"replies":[{"embeddable":true,"href":"https:\/\/www.mexicanguitarplayers.com\/en\/wp-json\/wp\/v2\/comments?post=28510"}],"wp:featuredmedia":[{"embeddable":true,"href":"https:\/\/www.mexicanguitarplayers.com\/en\/wp-json\/wp\/v2\/media\/28509"}],"wp:attachment":[{"href":"https:\/\/www.mexicanguitarplayers.com\/en\/wp-json\/wp\/v2\/media?parent=28510"}],"wp:term":[{"taxonomy":"pwb-brand","embeddable":true,"href":"https:\/\/www.mexicanguitarplayers.com\/en\/wp-json\/wp\/v2\/pwb-brand?post=28510"},{"taxonomy":"product_brand","embeddable":true,"href":"https:\/\/www.mexicanguitarplayers.com\/en\/wp-json\/wp\/v2\/product_brand?post=28510"},{"taxonomy":"product_cat","embeddable":true,"href":"https:\/\/www.mexicanguitarplayers.com\/en\/wp-json\/wp\/v2\/product_cat?post=28510"},{"taxonomy":"product_tag","embeddable":true,"href":"https:\/\/www.mexicanguitarplayers.com\/en\/wp-json\/wp\/v2\/product_tag?post=28510"}],"curies":[{"name":"wp","href":"https:\/\/api.w.org\/{rel}","templated":true}]}}