{"id":28593,"date":"2025-04-08T08:33:51","date_gmt":"2025-04-08T14:33:51","guid":{"rendered":"https:\/\/www.mexicanguitarplayers.com\/tienda\/sin categor\u00eda\/tornamesa-reloop-mod-rp-2000-usb-mk2\/"},"modified":"2026-05-01T07:26:36","modified_gmt":"2026-05-01T13:26:36","slug":"tornamesa-reloop-mod-rp-2000-usb-mk2","status":"publish","type":"product","link":"https:\/\/www.mexicanguitarplayers.com\/en\/tienda\/audio\/equipo-de-dj\/tornamesas\/tornamesa-reloop-mod-rp-2000-usb-mk2\/","title":{"rendered":"TORNAMESA RELOOP MOD. RP-2000 USB MK2"},"content":{"rendered":"<div style=\"text-align: justify\">\n<div>\n<h3>Sistema de tornamesa direct-drive USB profesional.<\/h3>\n<\/div>\n<div>El RP-2000 USB MK2 es un tornamesa vers\u00e1til para futuros DJ. Adem\u00e1s del preamplificador phono integrado, el tornamesa ofrece una salida de audio USB para digitalizar tu vinilo. La versi\u00f3n MK2 presenta varias mejoras, incluyendo una construcci\u00f3n recientemente desarrollada de panel superior  y botones met\u00e1licos mejorados con una sensaci\u00f3n mejorada. En comparaci\u00f3n con los tornamesas belt-driven, el RP-2000 USB MK2 transfiere la fuerza del motor directamente al eje de transmisi\u00f3n, de esta manera, un par m\u00e1s alto genera potencia m\u00e1s r\u00e1pido en el plato dise\u00f1ado con precisi\u00f3n con un m\u00ednimo de fluctuaciones y vibraciones. El control de tono ajustable con un rango de +\/-8% es adecuado para los ajustes m\u00e1s finos. El RP-2000 USB MK2 cuenta con un brazo de tono en forma de S equilibrado est\u00e1ticamente con elevaci\u00f3n hidr\u00e1ulica y mecanismo antideslizante. Gracias a la conexi\u00f3n SME universal, se pueden conectar una gran cantidad de cartuchos pick-up. Grabar tus registros en formato digital es f\u00e1cil a trav\u00e9s de la conexi\u00f3n USB de alta calidad. La configuraci\u00f3n es r\u00e1pida, ya que no se requiere ning\u00fan driver al conectarse a tu software de grabaci\u00f3n. No es necesario conectar a tierra el RP-2000 USB MK2 y el preamplificador phono integrado permite una salida de nivel de l\u00ednea. El nuevo panel superior met\u00e1lico de color negro intenso est\u00e1 equipado con botones met\u00e1licos para la configuraci\u00f3n Start\/Stop y velocidad. El toque mejorado tras golpe ofrece una respuesta h\u00e1ptica clara. Con s\u00f3lo presionar un bot\u00f3n, la luz de objetivo de aluminio se puede extender, de modo que la posici\u00f3n de la aguja se pueda ver en entornos oscuros. La construcci\u00f3n robusta con caracter\u00edsticas de amortiguaci\u00f3n optimizadas y pies amortiguadores mejoran el sistema de aislamiento de vibraciones no deseadas. El RP-2000 USB MK2 viene con la pastilla OM Black de alta calidad, hecha a mano por Ortofon en Dinamarca, preinstalada en un cabezal listo para su reproducci\u00f3n inmediata.<\/div>\n<div>\n<h4>Quick look<\/h4>\n<\/div>\n<ul style=\"margin: 0px 0px 0px 25px\">\n<li style=\"list-style-type: circle;margin: 5px\">Tornamesa.<\/li>\n<li style=\"list-style-type: circle;margin: 5px\">Plato.<\/li>\n<li style=\"list-style-type: circle;margin: 5px\">Brazo de tono.<\/li>\n<li style=\"list-style-type: circle;margin: 5px\">Conexiones.<\/li>\n<li style=\"list-style-type: circle;margin: 5px\">General.<\/li>\n<\/ul>\n<div>\n<div style=\"font-weight: bold\">Tornamesa.<\/div>\n<div>\n<p>Tipo: Tornamesa direct drive. Drive: quartz-driven direct drive. Motor: Motor DC de 8 polos, 2 fases, brushless. Velocidad: 2 velocidades, manual (33 1\/3, 45 RPM). Torque de arranque: &gt; 1kg\/cm. Tiempo de frenado: &lt; 1 sec. Start-up \/ Cambio de RPM: &lt; 1 seg. Wow y flutter:  50 dB (DIN-B). Sistema de frenos: Freno electr\u00f3nico.<\/p>\n<\/div>\n<div style=\"font-weight: bold\">Plato.<\/div>\n<div>\n<p>Material: Aluminio die-cast. Di\u00e1metro: 332 mm.<\/p>\n<\/div>\n<div style=\"font-weight: bold\">Brazo de tono.<\/div>\n<div>\n<p>Tipo: Universal, est\u00e1ticamente balanceado, forma de S. Longitud efectiva: 230.5 mm. Overhang: 16 mm. Error de \u00e1ngulo de seguimiento: &lt; 3\u00b0. Peso de pick-up aplicable: 3.5 &#8211; 8.5 g (incluyendo headshell 13 &#8211; 18 g). Rango anti-skating: 0 &#8211; 7 g.<\/p>\n<\/div>\n<div style=\"font-weight: bold\">Conexiones.<\/div>\n<div>\n<p>1x salida Phono\/Line (chapado en oro).<\/p>\n<\/div>\n<div style=\"font-weight: bold\">General.<\/div>\n<div>\n<p>Fuente de alimentaci\u00f3n: AC 115\/230 V, 60\/50 Hz (US\/EU). Consumo de energ\u00eda: 13 W. Dimensiones: 450 x 352 x 144 mm. Peso: Aproximadamente 6.76 kg.<\/p>\n<\/div>\n<\/div>\n<\/div>","protected":false},"excerpt":{"rendered":"<p>Tornamesa quartz-driven con motor direct-drive y preamplificador phono integrado, ideal para principiantes, salida de audio USB para la digitalizaci\u00f3n directa y sencilla, panel superior de metal redise\u00f1ado, botones t\u00e1ctiles y carcasa reforzada, panel superior de nuevo desarrollo y construcci\u00f3n de carcasa reforzada, botones met\u00e1licos reelaborados con mejor sensaci\u00f3n y respuesta t\u00e1ctil, paso de precisi\u00f3n con rango de +\/-8%, acabado superior en negro metalizado intenso, control de motor preciso con 2 velocidades seleccionables (33 1\/3 &amp; 45 rpm), plato de aluminio die-cast dise\u00f1ado con precisi\u00f3n con rotaci\u00f3n estable, brazo de tono en forma de S equilibrado est\u00e1ticamente con elevaci\u00f3n hidr\u00e1ulica y mecanismo antideslizante, conexi\u00f3n universal para sistemas pick-up, iluminaci\u00f3n de aguja extensible, preamplificador phono incorporado (no se necesita conexi\u00f3n a tierra), salida de nivel de l\u00ednea y phono conmutable, pies amortiguadores para aislamiento de vibraciones, construcci\u00f3n robusta y pesada con caracter\u00edsticas de amortiguaci\u00f3n optimizadas, se puede usar un cubre polvo como accesorio adicional (no incluido), incluye bandeja, cartucho Reloop OM Black (de Ortofon), cabeza, tapete, contrapeso, cable de alimentaci\u00f3n y manual de instrucciones.&hellip; <a class=\"kt-excerpt-readmore more-link\" href=\"https:\/\/www.mexicanguitarplayers.com\/en\/tienda\/audio\/equipo-de-dj\/tornamesas\/tornamesa-reloop-mod-rp-2000-usb-mk2\/\">Read more<\/a><\/p>","protected":false},"featured_media":28583,"comment_status":"open","ping_status":"closed","template":"","meta":{"kt_blocks_editor_width":""},"pwb-brand":[496],"product_brand":[],"product_cat":[213,483,489],"product_tag":[],"class_list":{"0":"post-28593","1":"product","2":"type-product","3":"status-publish","4":"has-post-thumbnail","6":"pwb-brand-reloop","7":"product_cat-audio","8":"product_cat-equipo-de-dj","9":"product_cat-tornamesas","10":"product_shipping_class-5-10-kg","12":"first","13":"instock","14":"taxable","15":"shipping-taxable","16":"purchasable","17":"product-type-simple"},"yoast_head":"<!-- This site is optimized with the Yoast SEO plugin v27.5 - https:\/\/yoast.com\/product\/yoast-seo-wordpress\/ -->\n<title>TORNAMESA RELOOP MOD. RP-2000 USB MK2 - Mexican Guitar Players<\/title>\n<meta name=\"description\" content=\"Tornamesa quartz-driven con motor direct-drive y preamplificador phono integrado, ideal para principiantes, salida de audio USB para la digitalizaci\u00f3n directa y sencilla, panel superior de metal redise\u00f1ado, botones t\u00e1ctiles y carcasa reforzada, panel superior de nuevo desarrollo y construcci\u00f3n de carcasa reforzada, botones met\u00e1licos reelaborados con mejor sensaci\u00f3n y respuesta t\u00e1ctil, paso de precisi\u00f3n con rango de +\/-8%, acabado superior en negro metalizado intenso, control de motor preciso con 2 velocidades seleccionables (33 1\/3 &amp; 45 rpm), plato de aluminio die-cast dise\u00f1ado con precisi\u00f3n con rotaci\u00f3n estable, brazo de tono en forma de S equilibrado est\u00e1ticamente con elevaci\u00f3n hidr\u00e1ulica y mecanismo antideslizante, conexi\u00f3n universal para sistemas pick-up, iluminaci\u00f3n de aguja extensible, preamplificador phono incorporado (no se necesita conexi\u00f3n a tierra), salida de nivel de l\u00ednea y phono conmutable, pies amortiguadores para aislamiento de vibraciones, construcci\u00f3n robusta y pesada con caracter\u00edsticas de amortiguaci\u00f3n optimizadas, se puede usar un cubre polvo como accesorio adicional (no incluido), incluye bandeja, cartucho Reloop OM Black (de Ortofon), cabeza, tapete, contrapeso, cable de alimentaci\u00f3n y manual de instrucciones.\" \/>\n<meta name=\"robots\" content=\"index, follow, max-snippet:-1, max-image-preview:large, max-video-preview:-1\" \/>\n<link rel=\"canonical\" href=\"https:\/\/www.mexicanguitarplayers.com\/en\/tienda\/sin%20categor\u00eda\/tornamesa-reloop-mod-rp-2000-usb-mk2\/\" \/>\n<meta property=\"og:locale\" content=\"en_US\" \/>\n<meta property=\"og:type\" content=\"article\" \/>\n<meta property=\"og:title\" content=\"TORNAMESA RELOOP MOD. RP-2000 USB MK2 - Mexican Guitar Players\" \/>\n<meta property=\"og:description\" content=\"Tornamesa quartz-driven con motor direct-drive y preamplificador phono integrado, ideal para principiantes, salida de audio USB para la digitalizaci\u00f3n directa y sencilla, panel superior de metal redise\u00f1ado, botones t\u00e1ctiles y carcasa reforzada, panel superior de nuevo desarrollo y construcci\u00f3n de carcasa reforzada, botones met\u00e1licos reelaborados con mejor sensaci\u00f3n y respuesta t\u00e1ctil, paso de precisi\u00f3n con rango de +\/-8%, acabado superior en negro metalizado intenso, control de motor preciso con 2 velocidades seleccionables (33 1\/3 &amp; 45 rpm), plato de aluminio die-cast dise\u00f1ado con precisi\u00f3n con rotaci\u00f3n estable, brazo de tono en forma de S equilibrado est\u00e1ticamente con elevaci\u00f3n hidr\u00e1ulica y mecanismo antideslizante, conexi\u00f3n universal para sistemas pick-up, iluminaci\u00f3n de aguja extensible, preamplificador phono incorporado (no se necesita conexi\u00f3n a tierra), salida de nivel de l\u00ednea y phono conmutable, pies amortiguadores para aislamiento de vibraciones, construcci\u00f3n robusta y pesada con caracter\u00edsticas de amortiguaci\u00f3n optimizadas, se puede usar un cubre polvo como accesorio adicional (no incluido), incluye bandeja, cartucho Reloop OM Black (de Ortofon), cabeza, tapete, contrapeso, cable de alimentaci\u00f3n y manual de instrucciones.\" \/>\n<meta property=\"og:url\" content=\"https:\/\/www.mexicanguitarplayers.com\/en\/tienda\/sin categor\u00eda\/tornamesa-reloop-mod-rp-2000-usb-mk2\/\" \/>\n<meta property=\"og:site_name\" content=\"Mexican Guitar Players\" \/>\n<meta property=\"article:modified_time\" content=\"2026-05-01T13:26:36+00:00\" \/>\n<meta name=\"twitter:card\" content=\"summary_large_image\" \/>\n<meta name=\"twitter:label1\" content=\"Est. reading time\" \/>\n\t<meta name=\"twitter:data1\" content=\"2 minutes\" \/>\n<script type=\"application\/ld+json\" class=\"yoast-schema-graph\">{\"@context\":\"https:\\\/\\\/schema.org\",\"@graph\":[{\"@type\":[\"WebPage\",\"ItemPage\"],\"@id\":\"https:\\\/\\\/www.mexicanguitarplayers.com\\\/tienda\\\/sin categor\u00eda\\\/tornamesa-reloop-mod-rp-2000-usb-mk2\\\/\",\"url\":\"https:\\\/\\\/www.mexicanguitarplayers.com\\\/tienda\\\/sin categor\u00eda\\\/tornamesa-reloop-mod-rp-2000-usb-mk2\\\/\",\"name\":\"TORNAMESA RELOOP MOD. RP-2000 USB MK2 - Mexican Guitar Players\",\"isPartOf\":{\"@id\":\"https:\\\/\\\/www.mexicanguitarplayers.com\\\/#website\"},\"primaryImageOfPage\":{\"@id\":\"https:\\\/\\\/www.mexicanguitarplayers.com\\\/tienda\\\/sin categor\u00eda\\\/tornamesa-reloop-mod-rp-2000-usb-mk2\\\/#primaryimage\"},\"image\":{\"@id\":\"https:\\\/\\\/www.mexicanguitarplayers.com\\\/tienda\\\/sin categor\u00eda\\\/tornamesa-reloop-mod-rp-2000-usb-mk2\\\/#primaryimage\"},\"thumbnailUrl\":\"https:\\\/\\\/www.mexicanguitarplayers.com\\\/wp-content\\\/uploads\\\/2025\\\/04\\\/IARELRP2000UM2.jpg\",\"datePublished\":\"2025-04-08T14:33:51+00:00\",\"dateModified\":\"2026-05-01T13:26:36+00:00\",\"description\":\"Tornamesa quartz-driven con motor direct-drive y preamplificador phono integrado, ideal para principiantes, salida de audio USB para la digitalizaci\u00f3n directa y sencilla, panel superior de metal redise\u00f1ado, botones t\u00e1ctiles y carcasa reforzada, panel superior de nuevo desarrollo y construcci\u00f3n de carcasa reforzada, botones met\u00e1licos reelaborados con mejor sensaci\u00f3n y respuesta t\u00e1ctil, paso de precisi\u00f3n con rango de +\\\/-8%, acabado superior en negro metalizado intenso, control de motor preciso con 2 velocidades seleccionables (33 1\\\/3 &amp; 45 rpm), plato de aluminio die-cast dise\u00f1ado con precisi\u00f3n con rotaci\u00f3n estable, brazo de tono en forma de S equilibrado est\u00e1ticamente con elevaci\u00f3n hidr\u00e1ulica y mecanismo antideslizante, conexi\u00f3n universal para sistemas pick-up, iluminaci\u00f3n de aguja extensible, preamplificador phono incorporado (no se necesita conexi\u00f3n a tierra), salida de nivel de l\u00ednea y phono conmutable, pies amortiguadores para aislamiento de vibraciones, construcci\u00f3n robusta y pesada con caracter\u00edsticas de amortiguaci\u00f3n optimizadas, se puede usar un cubre polvo como accesorio adicional (no incluido), incluye bandeja, cartucho Reloop OM Black (de Ortofon), cabeza, tapete, contrapeso, cable de alimentaci\u00f3n y manual de instrucciones.\",\"breadcrumb\":{\"@id\":\"https:\\\/\\\/www.mexicanguitarplayers.com\\\/tienda\\\/sin categor\u00eda\\\/tornamesa-reloop-mod-rp-2000-usb-mk2\\\/#breadcrumb\"},\"inLanguage\":\"en-US\",\"potentialAction\":[{\"@type\":\"ReadAction\",\"target\":[\"https:\\\/\\\/www.mexicanguitarplayers.com\\\/tienda\\\/sin categor\u00eda\\\/tornamesa-reloop-mod-rp-2000-usb-mk2\\\/\"]}]},{\"@type\":\"ImageObject\",\"inLanguage\":\"en-US\",\"@id\":\"https:\\\/\\\/www.mexicanguitarplayers.com\\\/tienda\\\/sin categor\u00eda\\\/tornamesa-reloop-mod-rp-2000-usb-mk2\\\/#primaryimage\",\"url\":\"https:\\\/\\\/www.mexicanguitarplayers.com\\\/wp-content\\\/uploads\\\/2025\\\/04\\\/IARELRP2000UM2.jpg\",\"contentUrl\":\"https:\\\/\\\/www.mexicanguitarplayers.com\\\/wp-content\\\/uploads\\\/2025\\\/04\\\/IARELRP2000UM2.jpg\",\"width\":1200,\"height\":1200},{\"@type\":\"BreadcrumbList\",\"@id\":\"https:\\\/\\\/www.mexicanguitarplayers.com\\\/tienda\\\/sin categor\u00eda\\\/tornamesa-reloop-mod-rp-2000-usb-mk2\\\/#breadcrumb\",\"itemListElement\":[{\"@type\":\"ListItem\",\"position\":1,\"name\":\"Portada\",\"item\":\"https:\\\/\\\/www.mexicanguitarplayers.com\\\/\"},{\"@type\":\"ListItem\",\"position\":2,\"name\":\"Tienda\",\"item\":\"https:\\\/\\\/www.mexicanguitarplayers.com\\\/tienda\\\/\"},{\"@type\":\"ListItem\",\"position\":3,\"name\":\"TORNAMESA RELOOP MOD. RP-2000 USB MK2\"}]},{\"@type\":\"WebSite\",\"@id\":\"https:\\\/\\\/www.mexicanguitarplayers.com\\\/#website\",\"url\":\"https:\\\/\\\/www.mexicanguitarplayers.com\\\/\",\"name\":\"Mexican Guitar Players\",\"description\":\"Website\",\"publisher\":{\"@id\":\"https:\\\/\\\/www.mexicanguitarplayers.com\\\/#organization\"},\"potentialAction\":[{\"@type\":\"SearchAction\",\"target\":{\"@type\":\"EntryPoint\",\"urlTemplate\":\"https:\\\/\\\/www.mexicanguitarplayers.com\\\/?s={search_term_string}\"},\"query-input\":{\"@type\":\"PropertyValueSpecification\",\"valueRequired\":true,\"valueName\":\"search_term_string\"}}],\"inLanguage\":\"en-US\"},{\"@type\":\"Organization\",\"@id\":\"https:\\\/\\\/www.mexicanguitarplayers.com\\\/#organization\",\"name\":\"Mexican Guitar Players\",\"url\":\"https:\\\/\\\/www.mexicanguitarplayers.com\\\/\",\"logo\":{\"@type\":\"ImageObject\",\"inLanguage\":\"en-US\",\"@id\":\"https:\\\/\\\/www.mexicanguitarplayers.com\\\/#\\\/schema\\\/logo\\\/image\\\/\",\"url\":\"\",\"contentUrl\":\"\",\"caption\":\"Mexican Guitar Players\"},\"image\":{\"@id\":\"https:\\\/\\\/www.mexicanguitarplayers.com\\\/#\\\/schema\\\/logo\\\/image\\\/\"}}]}<\/script>\n<!-- \/ Yoast SEO plugin. -->","yoast_head_json":{"title":"TORNAMESA RELOOP MOD. RP-2000 USB MK2 - Mexican Guitar Players","description":"Tornamesa quartz-driven con motor direct-drive y preamplificador phono integrado, ideal para principiantes, salida de audio USB para la digitalizaci\u00f3n directa y sencilla, panel superior de metal redise\u00f1ado, botones t\u00e1ctiles y carcasa reforzada, panel superior de nuevo desarrollo y construcci\u00f3n de carcasa reforzada, botones met\u00e1licos reelaborados con mejor sensaci\u00f3n y respuesta t\u00e1ctil, paso de precisi\u00f3n con rango de +\/-8%, acabado superior en negro metalizado intenso, control de motor preciso con 2 velocidades seleccionables (33 1\/3 &amp; 45 rpm), plato de aluminio die-cast dise\u00f1ado con precisi\u00f3n con rotaci\u00f3n estable, brazo de tono en forma de S equilibrado est\u00e1ticamente con elevaci\u00f3n hidr\u00e1ulica y mecanismo antideslizante, conexi\u00f3n universal para sistemas pick-up, iluminaci\u00f3n de aguja extensible, preamplificador phono incorporado (no se necesita conexi\u00f3n a tierra), salida de nivel de l\u00ednea y phono conmutable, pies amortiguadores para aislamiento de vibraciones, construcci\u00f3n robusta y pesada con caracter\u00edsticas de amortiguaci\u00f3n optimizadas, se puede usar un cubre polvo como accesorio adicional (no incluido), incluye bandeja, cartucho Reloop OM Black (de Ortofon), cabeza, tapete, contrapeso, cable de alimentaci\u00f3n y manual de instrucciones.","robots":{"index":"index","follow":"follow","max-snippet":"max-snippet:-1","max-image-preview":"max-image-preview:large","max-video-preview":"max-video-preview:-1"},"canonical":"https:\/\/www.mexicanguitarplayers.com\/en\/tienda\/sin categor\u00eda\/tornamesa-reloop-mod-rp-2000-usb-mk2\/","og_locale":"en_US","og_type":"article","og_title":"TORNAMESA RELOOP MOD. RP-2000 USB MK2 - Mexican Guitar Players","og_description":"Tornamesa quartz-driven con motor direct-drive y preamplificador phono integrado, ideal para principiantes, salida de audio USB para la digitalizaci\u00f3n directa y sencilla, panel superior de metal redise\u00f1ado, botones t\u00e1ctiles y carcasa reforzada, panel superior de nuevo desarrollo y construcci\u00f3n de carcasa reforzada, botones met\u00e1licos reelaborados con mejor sensaci\u00f3n y respuesta t\u00e1ctil, paso de precisi\u00f3n con rango de +\/-8%, acabado superior en negro metalizado intenso, control de motor preciso con 2 velocidades seleccionables (33 1\/3 &amp; 45 rpm), plato de aluminio die-cast dise\u00f1ado con precisi\u00f3n con rotaci\u00f3n estable, brazo de tono en forma de S equilibrado est\u00e1ticamente con elevaci\u00f3n hidr\u00e1ulica y mecanismo antideslizante, conexi\u00f3n universal para sistemas pick-up, iluminaci\u00f3n de aguja extensible, preamplificador phono incorporado (no se necesita conexi\u00f3n a tierra), salida de nivel de l\u00ednea y phono conmutable, pies amortiguadores para aislamiento de vibraciones, construcci\u00f3n robusta y pesada con caracter\u00edsticas de amortiguaci\u00f3n optimizadas, se puede usar un cubre polvo como accesorio adicional (no incluido), incluye bandeja, cartucho Reloop OM Black (de Ortofon), cabeza, tapete, contrapeso, cable de alimentaci\u00f3n y manual de instrucciones.","og_url":"https:\/\/www.mexicanguitarplayers.com\/en\/tienda\/sin categor\u00eda\/tornamesa-reloop-mod-rp-2000-usb-mk2\/","og_site_name":"Mexican Guitar Players","article_modified_time":"2026-05-01T13:26:36+00:00","twitter_card":"summary_large_image","twitter_misc":{"Est. reading time":"2 minutes"},"schema":{"@context":"https:\/\/schema.org","@graph":[{"@type":["WebPage","ItemPage"],"@id":"https:\/\/www.mexicanguitarplayers.com\/tienda\/sin categor\u00eda\/tornamesa-reloop-mod-rp-2000-usb-mk2\/","url":"https:\/\/www.mexicanguitarplayers.com\/tienda\/sin categor\u00eda\/tornamesa-reloop-mod-rp-2000-usb-mk2\/","name":"TORNAMESA RELOOP MOD. RP-2000 USB MK2 - Mexican Guitar Players","isPartOf":{"@id":"https:\/\/www.mexicanguitarplayers.com\/#website"},"primaryImageOfPage":{"@id":"https:\/\/www.mexicanguitarplayers.com\/tienda\/sin categor\u00eda\/tornamesa-reloop-mod-rp-2000-usb-mk2\/#primaryimage"},"image":{"@id":"https:\/\/www.mexicanguitarplayers.com\/tienda\/sin categor\u00eda\/tornamesa-reloop-mod-rp-2000-usb-mk2\/#primaryimage"},"thumbnailUrl":"https:\/\/www.mexicanguitarplayers.com\/wp-content\/uploads\/2025\/04\/IARELRP2000UM2.jpg","datePublished":"2025-04-08T14:33:51+00:00","dateModified":"2026-05-01T13:26:36+00:00","description":"Tornamesa quartz-driven con motor direct-drive y preamplificador phono integrado, ideal para principiantes, salida de audio USB para la digitalizaci\u00f3n directa y sencilla, panel superior de metal redise\u00f1ado, botones t\u00e1ctiles y carcasa reforzada, panel superior de nuevo desarrollo y construcci\u00f3n de carcasa reforzada, botones met\u00e1licos reelaborados con mejor sensaci\u00f3n y respuesta t\u00e1ctil, paso de precisi\u00f3n con rango de +\/-8%, acabado superior en negro metalizado intenso, control de motor preciso con 2 velocidades seleccionables (33 1\/3 &amp; 45 rpm), plato de aluminio die-cast dise\u00f1ado con precisi\u00f3n con rotaci\u00f3n estable, brazo de tono en forma de S equilibrado est\u00e1ticamente con elevaci\u00f3n hidr\u00e1ulica y mecanismo antideslizante, conexi\u00f3n universal para sistemas pick-up, iluminaci\u00f3n de aguja extensible, preamplificador phono incorporado (no se necesita conexi\u00f3n a tierra), salida de nivel de l\u00ednea y phono conmutable, pies amortiguadores para aislamiento de vibraciones, construcci\u00f3n robusta y pesada con caracter\u00edsticas de amortiguaci\u00f3n optimizadas, se puede usar un cubre polvo como accesorio adicional (no incluido), incluye bandeja, cartucho Reloop OM Black (de Ortofon), cabeza, tapete, contrapeso, cable de alimentaci\u00f3n y manual de instrucciones.","breadcrumb":{"@id":"https:\/\/www.mexicanguitarplayers.com\/tienda\/sin categor\u00eda\/tornamesa-reloop-mod-rp-2000-usb-mk2\/#breadcrumb"},"inLanguage":"en-US","potentialAction":[{"@type":"ReadAction","target":["https:\/\/www.mexicanguitarplayers.com\/tienda\/sin categor\u00eda\/tornamesa-reloop-mod-rp-2000-usb-mk2\/"]}]},{"@type":"ImageObject","inLanguage":"en-US","@id":"https:\/\/www.mexicanguitarplayers.com\/tienda\/sin categor\u00eda\/tornamesa-reloop-mod-rp-2000-usb-mk2\/#primaryimage","url":"https:\/\/www.mexicanguitarplayers.com\/wp-content\/uploads\/2025\/04\/IARELRP2000UM2.jpg","contentUrl":"https:\/\/www.mexicanguitarplayers.com\/wp-content\/uploads\/2025\/04\/IARELRP2000UM2.jpg","width":1200,"height":1200},{"@type":"BreadcrumbList","@id":"https:\/\/www.mexicanguitarplayers.com\/tienda\/sin categor\u00eda\/tornamesa-reloop-mod-rp-2000-usb-mk2\/#breadcrumb","itemListElement":[{"@type":"ListItem","position":1,"name":"Portada","item":"https:\/\/www.mexicanguitarplayers.com\/"},{"@type":"ListItem","position":2,"name":"Tienda","item":"https:\/\/www.mexicanguitarplayers.com\/tienda\/"},{"@type":"ListItem","position":3,"name":"TORNAMESA RELOOP MOD. RP-2000 USB MK2"}]},{"@type":"WebSite","@id":"https:\/\/www.mexicanguitarplayers.com\/#website","url":"https:\/\/www.mexicanguitarplayers.com\/","name":"Mexican Guitar Players","description":"Website","publisher":{"@id":"https:\/\/www.mexicanguitarplayers.com\/#organization"},"potentialAction":[{"@type":"SearchAction","target":{"@type":"EntryPoint","urlTemplate":"https:\/\/www.mexicanguitarplayers.com\/?s={search_term_string}"},"query-input":{"@type":"PropertyValueSpecification","valueRequired":true,"valueName":"search_term_string"}}],"inLanguage":"en-US"},{"@type":"Organization","@id":"https:\/\/www.mexicanguitarplayers.com\/#organization","name":"Mexican Guitar Players","url":"https:\/\/www.mexicanguitarplayers.com\/","logo":{"@type":"ImageObject","inLanguage":"en-US","@id":"https:\/\/www.mexicanguitarplayers.com\/#\/schema\/logo\/image\/","url":"","contentUrl":"","caption":"Mexican Guitar Players"},"image":{"@id":"https:\/\/www.mexicanguitarplayers.com\/#\/schema\/logo\/image\/"}}]}},"brands":[{"id":496,"name":"RELOOP","slug":"reloop"}],"_links":{"self":[{"href":"https:\/\/www.mexicanguitarplayers.com\/en\/wp-json\/wp\/v2\/product\/28593","targetHints":{"allow":["GET"]}}],"collection":[{"href":"https:\/\/www.mexicanguitarplayers.com\/en\/wp-json\/wp\/v2\/product"}],"about":[{"href":"https:\/\/www.mexicanguitarplayers.com\/en\/wp-json\/wp\/v2\/types\/product"}],"replies":[{"embeddable":true,"href":"https:\/\/www.mexicanguitarplayers.com\/en\/wp-json\/wp\/v2\/comments?post=28593"}],"wp:featuredmedia":[{"embeddable":true,"href":"https:\/\/www.mexicanguitarplayers.com\/en\/wp-json\/wp\/v2\/media\/28583"}],"wp:attachment":[{"href":"https:\/\/www.mexicanguitarplayers.com\/en\/wp-json\/wp\/v2\/media?parent=28593"}],"wp:term":[{"taxonomy":"pwb-brand","embeddable":true,"href":"https:\/\/www.mexicanguitarplayers.com\/en\/wp-json\/wp\/v2\/pwb-brand?post=28593"},{"taxonomy":"product_brand","embeddable":true,"href":"https:\/\/www.mexicanguitarplayers.com\/en\/wp-json\/wp\/v2\/product_brand?post=28593"},{"taxonomy":"product_cat","embeddable":true,"href":"https:\/\/www.mexicanguitarplayers.com\/en\/wp-json\/wp\/v2\/product_cat?post=28593"},{"taxonomy":"product_tag","embeddable":true,"href":"https:\/\/www.mexicanguitarplayers.com\/en\/wp-json\/wp\/v2\/product_tag?post=28593"}],"curies":[{"name":"wp","href":"https:\/\/api.w.org\/{rel}","templated":true}]}}