{"id":28601,"date":"2025-04-08T08:34:02","date_gmt":"2025-04-08T14:34:02","guid":{"rendered":"https:\/\/www.mexicanguitarplayers.com\/tienda\/sin categor\u00eda\/microfono-behringer-mod-bc1200-juego\/"},"modified":"2026-05-01T07:26:36","modified_gmt":"2026-05-01T13:26:36","slug":"microfono-behringer-mod-bc1200-juego","status":"publish","type":"product","link":"https:\/\/www.mexicanguitarplayers.com\/en\/tienda\/accesorios\/para-bateria\/parches\/paquetes-parches\/microfono-behringer-mod-bc1200-juego\/","title":{"rendered":"MICROFONO BEHRINGER MOD. BC1200 (JUEGO)"},"content":{"rendered":"<div style=\"text-align: justify\">\n<div>\n<h3>Un completo kit y asequible kit para microfonear tu bater\u00eda.<\/h3>\n<\/div>\n<div>Un paquete de 7 micr\u00f3fonos de bater\u00eda proporciona una representaci\u00f3n precisa de toda la bater\u00eda para aplicaciones en vivo y de estudio. Se ajustar diferentes conjuntos de micr\u00f3fonos para capturar bombos, toms, tarolas y platillos de manera eficiente. Estos micr\u00f3fonos compactos y vers\u00e1tiles son adecuados para grabaciones de micr\u00f3fono cercanas y de precisi\u00f3n. Esta c\u00e1psula din\u00e1mica de diafragma grande KM1200 est\u00e1 especialmente afinada para bombo. Monta este micr\u00f3fono en un soporte de micr\u00f3fono corto, luego col\u00f3calo justo debajo de la abertura del bombo. Apunta el micr\u00f3fono directamente al parche para obtener m\u00e1s ataque o hacia el extremo m\u00e1s alejado de la bater\u00eda para obtener un tono m\u00e1s resonante. Las c\u00e1psulas din\u00e1micas de diafragma medio TM1200 est\u00e1n especialmente afinadas para timbales y tarolas. Monta clamps en cada micr\u00f3fono y luego col\u00f3calas en el aro de un tom o una tarola. El \u00e1ngulo y la distancia del micr\u00f3fono al parche son ajustables. Coloca cada uno hacia el centro del parche.<\/div>\n<div>\n<h4>Quick look<\/h4>\n<\/div>\n<ul style=\"margin: 0px 0px 0px 25px\">\n<li style=\"list-style-type: circle;margin: 5px\">Micr\u00f3fono TM1200.<\/li>\n<li style=\"list-style-type: circle;margin: 5px\">Micr\u00f3fono KM1200.<\/li>\n<li style=\"list-style-type: circle;margin: 5px\">Micr\u00f3fono CM1200.<\/li>\n<\/ul>\n<div>\n<div style=\"font-weight: bold\">Micr\u00f3fono TM1200.<\/div>\n<div>\n<p>Tipo: Din\u00e1mico. Patr\u00f3n polar: Unidireccional. Respuesta de frecuencia: 70 Hz &#8211; 14 kHz. Sensibilidad: -56 dB (\u00b13 dB) @ 1 kHz, 0 dB = 1 V\/Pa. Impedancia: 250 ohms (\u00b130%) @ 1 kHz. SPL m\u00e1ximo: 145 dB @ 1 kHz =1% THD. Relaci\u00f3n se\u00f1al a ruido: 75 dB.<\/p>\n<\/div>\n<div style=\"font-weight: bold\">Micr\u00f3fono KM1200.<\/div>\n<div>\n<p>Tipo: Din\u00e1mico. Patr\u00f3n polar: Unidireccional. Respuesta de frecuencia: 50 Hz &#8211; 14 kHz. Sensibilidad: -58 dB (\u00b13 dB) @ 1 kHz, 0 dB = 1 V\/Pa. Impedancia: 250 ohms (\u00b130%) @ 1 kHz. SPL m\u00e1ximo: 150 dB @ 1 kHz =1% THD. Relaci\u00f3n se\u00f1al a ruido: 79 dB.<\/p>\n<\/div>\n<div style=\"font-weight: bold\">Micr\u00f3fono CM1200.<\/div>\n<div>\n<p>Tipo: Condensador. Patr\u00f3n polar: Unidireccional. Respuesta de frecuencia: 70 Hz &#8211; 18 kHz. Sensibilidad: -45 dB (\u00b13 dB) @ 1 kHz, 0 dB = 1 V\/Pa. Impedancia: 250 ohms (\u00b130%) @ 1 kHz. Fuente de alimentaci\u00f3n: Phantom de +48V. SPL m\u00e1ximo: 136 dB @ 1 kHz =1% THD. Relaci\u00f3n se\u00f1al a ruido: 70 dB.<\/p>\n<\/div>\n<\/div>\n<\/div>","protected":false},"excerpt":{"rendered":"<p>Set de 7 micr\u00f3fonos para bater\u00eda con antiviento, incluye un micr\u00f3fono de bombo KM1200 que captura el grosor y golpe del bombo, 4 micr\u00f3fonos TM1200 especialmente dise\u00f1ados para toms y tarola, 2 micr\u00f3fonos overhead CM1200 que capturan platillos y la dimensi\u00f3n completa de tu kit, incluye clips de aro para facilitar la colocaci\u00f3n de los micr\u00f3fonos, antiviento y un resistente estuche.&hellip; <a class=\"kt-excerpt-readmore more-link\" href=\"https:\/\/www.mexicanguitarplayers.com\/en\/tienda\/accesorios\/para-bateria\/parches\/paquetes-parches\/microfono-behringer-mod-bc1200-juego\/\">Read more<\/a><\/p>","protected":false},"featured_media":28594,"comment_status":"open","ping_status":"closed","template":"","meta":{"kt_blocks_editor_width":""},"pwb-brand":[171],"product_brand":[],"product_cat":[213,214,437],"product_tag":[],"class_list":{"0":"post-28601","1":"product","2":"type-product","3":"status-publish","4":"has-post-thumbnail","6":"pwb-brand-behringer","7":"product_cat-audio","8":"product_cat-microfonia","9":"product_cat-paquetes-parches","10":"product_shipping_class-0-5-kg","12":"first","13":"instock","14":"taxable","15":"shipping-taxable","16":"purchasable","17":"product-type-simple"},"yoast_head":"<!-- This site is optimized with the Yoast SEO plugin v27.6 - https:\/\/yoast.com\/product\/yoast-seo-wordpress\/ -->\n<title>MICROFONO BEHRINGER MOD. BC1200 (JUEGO) - Mexican Guitar Players<\/title>\n<meta name=\"description\" content=\"Set de 7 micr\u00f3fonos para bater\u00eda con antiviento, incluye un micr\u00f3fono de bombo KM1200 que captura el grosor y golpe del bombo, 4 micr\u00f3fonos TM1200 especialmente dise\u00f1ados para toms y tarola, 2 micr\u00f3fonos overhead CM1200 que capturan platillos y la dimensi\u00f3n completa de tu kit, incluye clips de aro para facilitar la colocaci\u00f3n de los micr\u00f3fonos, antiviento y un resistente estuche.\" \/>\n<meta name=\"robots\" content=\"index, follow, max-snippet:-1, max-image-preview:large, max-video-preview:-1\" \/>\n<link rel=\"canonical\" href=\"https:\/\/www.mexicanguitarplayers.com\/en\/tienda\/sin%20categor\u00eda\/microfono-behringer-mod-bc1200-juego\/\" \/>\n<meta property=\"og:locale\" content=\"en_US\" \/>\n<meta property=\"og:type\" content=\"article\" \/>\n<meta property=\"og:title\" content=\"MICROFONO BEHRINGER MOD. BC1200 (JUEGO) - Mexican Guitar Players\" \/>\n<meta property=\"og:description\" content=\"Set de 7 micr\u00f3fonos para bater\u00eda con antiviento, incluye un micr\u00f3fono de bombo KM1200 que captura el grosor y golpe del bombo, 4 micr\u00f3fonos TM1200 especialmente dise\u00f1ados para toms y tarola, 2 micr\u00f3fonos overhead CM1200 que capturan platillos y la dimensi\u00f3n completa de tu kit, incluye clips de aro para facilitar la colocaci\u00f3n de los micr\u00f3fonos, antiviento y un resistente estuche.\" \/>\n<meta property=\"og:url\" content=\"https:\/\/www.mexicanguitarplayers.com\/en\/tienda\/sin categor\u00eda\/microfono-behringer-mod-bc1200-juego\/\" \/>\n<meta property=\"og:site_name\" content=\"Mexican Guitar Players\" \/>\n<meta property=\"article:modified_time\" content=\"2026-05-01T13:26:36+00:00\" \/>\n<meta name=\"twitter:card\" content=\"summary_large_image\" \/>\n<meta name=\"twitter:label1\" content=\"Est. reading time\" \/>\n\t<meta name=\"twitter:data1\" content=\"2 minutes\" \/>\n<script type=\"application\/ld+json\" class=\"yoast-schema-graph\">{\"@context\":\"https:\\\/\\\/schema.org\",\"@graph\":[{\"@type\":[\"WebPage\",\"ItemPage\"],\"@id\":\"https:\\\/\\\/www.mexicanguitarplayers.com\\\/tienda\\\/sin categor\u00eda\\\/microfono-behringer-mod-bc1200-juego\\\/\",\"url\":\"https:\\\/\\\/www.mexicanguitarplayers.com\\\/tienda\\\/sin categor\u00eda\\\/microfono-behringer-mod-bc1200-juego\\\/\",\"name\":\"MICROFONO BEHRINGER MOD. BC1200 (JUEGO) - Mexican Guitar Players\",\"isPartOf\":{\"@id\":\"https:\\\/\\\/www.mexicanguitarplayers.com\\\/#website\"},\"primaryImageOfPage\":{\"@id\":\"https:\\\/\\\/www.mexicanguitarplayers.com\\\/tienda\\\/sin categor\u00eda\\\/microfono-behringer-mod-bc1200-juego\\\/#primaryimage\"},\"image\":{\"@id\":\"https:\\\/\\\/www.mexicanguitarplayers.com\\\/tienda\\\/sin categor\u00eda\\\/microfono-behringer-mod-bc1200-juego\\\/#primaryimage\"},\"thumbnailUrl\":\"https:\\\/\\\/www.mexicanguitarplayers.com\\\/wp-content\\\/uploads\\\/2025\\\/04\\\/IABEHBC1200.jpg\",\"datePublished\":\"2025-04-08T14:34:02+00:00\",\"dateModified\":\"2026-05-01T13:26:36+00:00\",\"description\":\"Set de 7 micr\u00f3fonos para bater\u00eda con antiviento, incluye un micr\u00f3fono de bombo KM1200 que captura el grosor y golpe del bombo, 4 micr\u00f3fonos TM1200 especialmente dise\u00f1ados para toms y tarola, 2 micr\u00f3fonos overhead CM1200 que capturan platillos y la dimensi\u00f3n completa de tu kit, incluye clips de aro para facilitar la colocaci\u00f3n de los micr\u00f3fonos, antiviento y un resistente estuche.\",\"breadcrumb\":{\"@id\":\"https:\\\/\\\/www.mexicanguitarplayers.com\\\/tienda\\\/sin categor\u00eda\\\/microfono-behringer-mod-bc1200-juego\\\/#breadcrumb\"},\"inLanguage\":\"en-US\",\"potentialAction\":[{\"@type\":\"ReadAction\",\"target\":[\"https:\\\/\\\/www.mexicanguitarplayers.com\\\/tienda\\\/sin categor\u00eda\\\/microfono-behringer-mod-bc1200-juego\\\/\"]}]},{\"@type\":\"ImageObject\",\"inLanguage\":\"en-US\",\"@id\":\"https:\\\/\\\/www.mexicanguitarplayers.com\\\/tienda\\\/sin categor\u00eda\\\/microfono-behringer-mod-bc1200-juego\\\/#primaryimage\",\"url\":\"https:\\\/\\\/www.mexicanguitarplayers.com\\\/wp-content\\\/uploads\\\/2025\\\/04\\\/IABEHBC1200.jpg\",\"contentUrl\":\"https:\\\/\\\/www.mexicanguitarplayers.com\\\/wp-content\\\/uploads\\\/2025\\\/04\\\/IABEHBC1200.jpg\",\"width\":1200,\"height\":1200},{\"@type\":\"BreadcrumbList\",\"@id\":\"https:\\\/\\\/www.mexicanguitarplayers.com\\\/tienda\\\/sin categor\u00eda\\\/microfono-behringer-mod-bc1200-juego\\\/#breadcrumb\",\"itemListElement\":[{\"@type\":\"ListItem\",\"position\":1,\"name\":\"Portada\",\"item\":\"https:\\\/\\\/www.mexicanguitarplayers.com\\\/\"},{\"@type\":\"ListItem\",\"position\":2,\"name\":\"Tienda\",\"item\":\"https:\\\/\\\/www.mexicanguitarplayers.com\\\/tienda\\\/\"},{\"@type\":\"ListItem\",\"position\":3,\"name\":\"MICROFONO BEHRINGER MOD. BC1200 (JUEGO)\"}]},{\"@type\":\"WebSite\",\"@id\":\"https:\\\/\\\/www.mexicanguitarplayers.com\\\/#website\",\"url\":\"https:\\\/\\\/www.mexicanguitarplayers.com\\\/\",\"name\":\"Mexican Guitar Players\",\"description\":\"Website\",\"publisher\":{\"@id\":\"https:\\\/\\\/www.mexicanguitarplayers.com\\\/#organization\"},\"potentialAction\":[{\"@type\":\"SearchAction\",\"target\":{\"@type\":\"EntryPoint\",\"urlTemplate\":\"https:\\\/\\\/www.mexicanguitarplayers.com\\\/?s={search_term_string}\"},\"query-input\":{\"@type\":\"PropertyValueSpecification\",\"valueRequired\":true,\"valueName\":\"search_term_string\"}}],\"inLanguage\":\"en-US\"},{\"@type\":\"Organization\",\"@id\":\"https:\\\/\\\/www.mexicanguitarplayers.com\\\/#organization\",\"name\":\"Mexican Guitar Players\",\"url\":\"https:\\\/\\\/www.mexicanguitarplayers.com\\\/\",\"logo\":{\"@type\":\"ImageObject\",\"inLanguage\":\"en-US\",\"@id\":\"https:\\\/\\\/www.mexicanguitarplayers.com\\\/#\\\/schema\\\/logo\\\/image\\\/\",\"url\":\"\",\"contentUrl\":\"\",\"caption\":\"Mexican Guitar Players\"},\"image\":{\"@id\":\"https:\\\/\\\/www.mexicanguitarplayers.com\\\/#\\\/schema\\\/logo\\\/image\\\/\"}}]}<\/script>\n<!-- \/ Yoast SEO plugin. -->","yoast_head_json":{"title":"MICROFONO BEHRINGER MOD. BC1200 (JUEGO) - Mexican Guitar Players","description":"Set de 7 micr\u00f3fonos para bater\u00eda con antiviento, incluye un micr\u00f3fono de bombo KM1200 que captura el grosor y golpe del bombo, 4 micr\u00f3fonos TM1200 especialmente dise\u00f1ados para toms y tarola, 2 micr\u00f3fonos overhead CM1200 que capturan platillos y la dimensi\u00f3n completa de tu kit, incluye clips de aro para facilitar la colocaci\u00f3n de los micr\u00f3fonos, antiviento y un resistente estuche.","robots":{"index":"index","follow":"follow","max-snippet":"max-snippet:-1","max-image-preview":"max-image-preview:large","max-video-preview":"max-video-preview:-1"},"canonical":"https:\/\/www.mexicanguitarplayers.com\/en\/tienda\/sin categor\u00eda\/microfono-behringer-mod-bc1200-juego\/","og_locale":"en_US","og_type":"article","og_title":"MICROFONO BEHRINGER MOD. BC1200 (JUEGO) - Mexican Guitar Players","og_description":"Set de 7 micr\u00f3fonos para bater\u00eda con antiviento, incluye un micr\u00f3fono de bombo KM1200 que captura el grosor y golpe del bombo, 4 micr\u00f3fonos TM1200 especialmente dise\u00f1ados para toms y tarola, 2 micr\u00f3fonos overhead CM1200 que capturan platillos y la dimensi\u00f3n completa de tu kit, incluye clips de aro para facilitar la colocaci\u00f3n de los micr\u00f3fonos, antiviento y un resistente estuche.","og_url":"https:\/\/www.mexicanguitarplayers.com\/en\/tienda\/sin categor\u00eda\/microfono-behringer-mod-bc1200-juego\/","og_site_name":"Mexican Guitar Players","article_modified_time":"2026-05-01T13:26:36+00:00","twitter_card":"summary_large_image","twitter_misc":{"Est. reading time":"2 minutes"},"schema":{"@context":"https:\/\/schema.org","@graph":[{"@type":["WebPage","ItemPage"],"@id":"https:\/\/www.mexicanguitarplayers.com\/tienda\/sin categor\u00eda\/microfono-behringer-mod-bc1200-juego\/","url":"https:\/\/www.mexicanguitarplayers.com\/tienda\/sin categor\u00eda\/microfono-behringer-mod-bc1200-juego\/","name":"MICROFONO BEHRINGER MOD. BC1200 (JUEGO) - Mexican Guitar Players","isPartOf":{"@id":"https:\/\/www.mexicanguitarplayers.com\/#website"},"primaryImageOfPage":{"@id":"https:\/\/www.mexicanguitarplayers.com\/tienda\/sin categor\u00eda\/microfono-behringer-mod-bc1200-juego\/#primaryimage"},"image":{"@id":"https:\/\/www.mexicanguitarplayers.com\/tienda\/sin categor\u00eda\/microfono-behringer-mod-bc1200-juego\/#primaryimage"},"thumbnailUrl":"https:\/\/www.mexicanguitarplayers.com\/wp-content\/uploads\/2025\/04\/IABEHBC1200.jpg","datePublished":"2025-04-08T14:34:02+00:00","dateModified":"2026-05-01T13:26:36+00:00","description":"Set de 7 micr\u00f3fonos para bater\u00eda con antiviento, incluye un micr\u00f3fono de bombo KM1200 que captura el grosor y golpe del bombo, 4 micr\u00f3fonos TM1200 especialmente dise\u00f1ados para toms y tarola, 2 micr\u00f3fonos overhead CM1200 que capturan platillos y la dimensi\u00f3n completa de tu kit, incluye clips de aro para facilitar la colocaci\u00f3n de los micr\u00f3fonos, antiviento y un resistente estuche.","breadcrumb":{"@id":"https:\/\/www.mexicanguitarplayers.com\/tienda\/sin categor\u00eda\/microfono-behringer-mod-bc1200-juego\/#breadcrumb"},"inLanguage":"en-US","potentialAction":[{"@type":"ReadAction","target":["https:\/\/www.mexicanguitarplayers.com\/tienda\/sin categor\u00eda\/microfono-behringer-mod-bc1200-juego\/"]}]},{"@type":"ImageObject","inLanguage":"en-US","@id":"https:\/\/www.mexicanguitarplayers.com\/tienda\/sin categor\u00eda\/microfono-behringer-mod-bc1200-juego\/#primaryimage","url":"https:\/\/www.mexicanguitarplayers.com\/wp-content\/uploads\/2025\/04\/IABEHBC1200.jpg","contentUrl":"https:\/\/www.mexicanguitarplayers.com\/wp-content\/uploads\/2025\/04\/IABEHBC1200.jpg","width":1200,"height":1200},{"@type":"BreadcrumbList","@id":"https:\/\/www.mexicanguitarplayers.com\/tienda\/sin categor\u00eda\/microfono-behringer-mod-bc1200-juego\/#breadcrumb","itemListElement":[{"@type":"ListItem","position":1,"name":"Portada","item":"https:\/\/www.mexicanguitarplayers.com\/"},{"@type":"ListItem","position":2,"name":"Tienda","item":"https:\/\/www.mexicanguitarplayers.com\/tienda\/"},{"@type":"ListItem","position":3,"name":"MICROFONO BEHRINGER MOD. BC1200 (JUEGO)"}]},{"@type":"WebSite","@id":"https:\/\/www.mexicanguitarplayers.com\/#website","url":"https:\/\/www.mexicanguitarplayers.com\/","name":"Mexican Guitar Players","description":"Website","publisher":{"@id":"https:\/\/www.mexicanguitarplayers.com\/#organization"},"potentialAction":[{"@type":"SearchAction","target":{"@type":"EntryPoint","urlTemplate":"https:\/\/www.mexicanguitarplayers.com\/?s={search_term_string}"},"query-input":{"@type":"PropertyValueSpecification","valueRequired":true,"valueName":"search_term_string"}}],"inLanguage":"en-US"},{"@type":"Organization","@id":"https:\/\/www.mexicanguitarplayers.com\/#organization","name":"Mexican Guitar Players","url":"https:\/\/www.mexicanguitarplayers.com\/","logo":{"@type":"ImageObject","inLanguage":"en-US","@id":"https:\/\/www.mexicanguitarplayers.com\/#\/schema\/logo\/image\/","url":"","contentUrl":"","caption":"Mexican Guitar Players"},"image":{"@id":"https:\/\/www.mexicanguitarplayers.com\/#\/schema\/logo\/image\/"}}]}},"brands":[{"id":171,"name":"BEHRINGER","slug":"behringer"}],"_links":{"self":[{"href":"https:\/\/www.mexicanguitarplayers.com\/en\/wp-json\/wp\/v2\/product\/28601","targetHints":{"allow":["GET"]}}],"collection":[{"href":"https:\/\/www.mexicanguitarplayers.com\/en\/wp-json\/wp\/v2\/product"}],"about":[{"href":"https:\/\/www.mexicanguitarplayers.com\/en\/wp-json\/wp\/v2\/types\/product"}],"replies":[{"embeddable":true,"href":"https:\/\/www.mexicanguitarplayers.com\/en\/wp-json\/wp\/v2\/comments?post=28601"}],"wp:featuredmedia":[{"embeddable":true,"href":"https:\/\/www.mexicanguitarplayers.com\/en\/wp-json\/wp\/v2\/media\/28594"}],"wp:attachment":[{"href":"https:\/\/www.mexicanguitarplayers.com\/en\/wp-json\/wp\/v2\/media?parent=28601"}],"wp:term":[{"taxonomy":"pwb-brand","embeddable":true,"href":"https:\/\/www.mexicanguitarplayers.com\/en\/wp-json\/wp\/v2\/pwb-brand?post=28601"},{"taxonomy":"product_brand","embeddable":true,"href":"https:\/\/www.mexicanguitarplayers.com\/en\/wp-json\/wp\/v2\/product_brand?post=28601"},{"taxonomy":"product_cat","embeddable":true,"href":"https:\/\/www.mexicanguitarplayers.com\/en\/wp-json\/wp\/v2\/product_cat?post=28601"},{"taxonomy":"product_tag","embeddable":true,"href":"https:\/\/www.mexicanguitarplayers.com\/en\/wp-json\/wp\/v2\/product_tag?post=28601"}],"curies":[{"name":"wp","href":"https:\/\/api.w.org\/{rel}","templated":true}]}}