{"id":28614,"date":"2025-04-08T08:34:17","date_gmt":"2025-04-08T14:34:17","guid":{"rendered":"https:\/\/www.mexicanguitarplayers.com\/tienda\/sin categor\u00eda\/amplificador-fonestar-mod-prox-60\/"},"modified":"2026-01-22T07:16:31","modified_gmt":"2026-01-22T13:16:31","slug":"amplificador-fonestar-mod-prox-60","status":"publish","type":"product","link":"https:\/\/www.mexicanguitarplayers.com\/en\/tienda\/audio\/amplificadores-audio\/amplificadores-para-instalacion\/amplificador-fonestar-mod-prox-60\/","title":{"rendered":"AMPLIFICADOR FONESTAR MOD. PROX-60"},"content":{"rendered":"<div style=\"text-align: justify\">\n<div>\n<h3>Amplificaci\u00f3n personal.<\/h3>\n<\/div>\n<div>Una soluci\u00f3n perfecta que integra amplificador, mezclador, reproductor, entradas de micr\u00f3fono y auxiliar en un mismo equipo, para instalaciones de megafon\u00eda con altavoces de 100 V o baja impedancia que requieran de un manejo intuitivo y tengan un presupuesto ajustado. Conectores euroblock, seguros y de f\u00e1cil conexi\u00f3n. Gran calidad de sonido. Dise\u00f1o actual y discreto. Tama\u00f1o compacto, para uso en sobremesa.<\/div>\n<div>\n<h4>Quick look<\/h4>\n<\/div>\n<ul style=\"margin: 0px 0px 0px 25px\">\n<li style=\"list-style-type: circle;margin: 5px\">Applications.<\/li>\n<li style=\"list-style-type: circle;margin: 5px\">Characteristics.<\/li>\n<li style=\"list-style-type: circle;margin: 5px\">Power.<\/li>\n<li style=\"list-style-type: circle;margin: 5px\">Respuesta.<\/li>\n<li style=\"list-style-type: circle;margin: 5px\">Distorsi\u00f3n.<\/li>\n<li style=\"list-style-type: circle;margin: 5px\">Tickets.<\/li>\n<li style=\"list-style-type: circle;margin: 5px\">Funciones.<\/li>\n<li style=\"list-style-type: circle;margin: 5px\">Controls<\/li>\n<li style=\"list-style-type: circle;margin: 5px\">Reproductor.<\/li>\n<li style=\"list-style-type: circle;margin: 5px\">Impedance.<\/li>\n<li style=\"list-style-type: circle;margin: 5px\">Feeding.<\/li>\n<li style=\"list-style-type: circle;margin: 5px\">Dimensions.<\/li>\n<li style=\"list-style-type: circle;margin: 5px\">Weight.<\/li>\n<li style=\"list-style-type: circle;margin: 5px\">Accessories included.<\/li>\n<\/ul>\n<div>\n<div style=\"font-weight: bold\">Applications.<\/div>\n<div>\n<p>Sistemas de megafon\u00eda e hilo musical con altavoces de l\u00ednea de 100 V o baja impedancia. Locales comerciales, centros educativos, monumentos, exposiciones, bares, restaurantes, etc.<\/p>\n<\/div>\n<div style=\"font-weight: bold\">Characteristics.<\/div>\n<div>\n<p>Amplificador de megafon\u00eda. Reproductor USB\/MP3\/FM. Entradas de micr\u00f3fono con control de mezcla, ganancia y nivel de prioridad. Controles de tono. Salidas de 100 V y 4 ohms.<\/p>\n<\/div>\n<div style=\"font-weight: bold\">Power.<\/div>\n<div>\n<p>60 W RMS.<\/p>\n<\/div>\n<div style=\"font-weight: bold\">Respuesta.<\/div>\n<div>\n<p>20-20.000 Hz \u00b13 dB.<\/p>\n<\/div>\n<div style=\"font-weight: bold\">Distorsi\u00f3n.<\/div>\n<div>\n<p>Arm\u00f3nica: &lt; 1% a 1 kHz.<\/p>\n<\/div>\n<div style=\"font-weight: bold\">Tickets.<\/div>\n<div>\n<p>1 micro balanceado\/desbalanceado, Euroblock\/jack 6&#8217;3 mm, 600 O 6 mV RMS. 1 micro balanceado, Euroblock, 600 O 6 mV RMS. 2 auxiliares, Euroblock\/2 x RCA, 47.000 O 300 mV RMS. 1 l\u00ednea de 100 V, Euroblock.<\/p>\n<\/div>\n<div style=\"font-weight: bold\">Funciones.<\/div>\n<div>\n<p>Prioridad de entradas:  Entrada de Emergencia 100V con m\u00e1xima prioridad, aten\u00faa el resto de entradas. Mute por cierre de contactos, aten\u00faa todas las entradas excepto la entrada de Emergencia 100 V. Micr\u00f3fono 1 y 2 con prioridad sobre entrada Auxiliar y Reproductor, por nivel de se\u00f1al, seleccionable. Indicadores luminosos de encendido, protecci\u00f3n, pico de se\u00f1al y se\u00f1al de salida. Refrigeraci\u00f3n por inducci\u00f3n sin ventilador.<\/p>\n<\/div>\n<div style=\"font-weight: bold\">Controls<\/div>\n<div>\n<p>Volumen de micr\u00f3fono. Volumen de entrada seleccionada. Selector de entrada. Controles de reproductor USB\/MP3\/FM. Tono: graves y agudos. Ganancia y prioridad de micr\u00f3fonos.<\/p>\n<\/div>\n<div style=\"font-weight: bold\">Reproductor.<\/div>\n<div>\n<p>Reproductor USB\/MP3 con modo de reproducci\u00f3n m\u00fasica ambiente. Al encender, autom\u00e1ticamente comienza la reproducci\u00f3n. Sintonizador digital FM con presinton\u00edas y b\u00fasqueda autom\u00e1tica. Memoria de \u00faltimo modo seleccionado (USB\/MP3 o FM), \u00faltima canci\u00f3n reproducida o \u00faltima emisora sintonizada. Empieza a reproducir en orden sucesivo.<\/p>\n<\/div>\n<div style=\"font-weight: bold\">Impedance.<\/div>\n<div>\n<p>4 ohms y l\u00ednea 100 V, Euroblock.<\/p>\n<\/div>\n<div style=\"font-weight: bold\">Feeding.<\/div>\n<div>\n<p>230\/115 V CA, 200 W.<\/p>\n<\/div>\n<div style=\"font-weight: bold\">Dimensions.<\/div>\n<div>\n<p>286 x 84 x 225 mm.<\/p>\n<\/div>\n<div style=\"font-weight: bold\">Weight.<\/div>\n<div>\n<p>4.4 kg.<\/p>\n<\/div>\n<div style=\"font-weight: bold\">Accessories included.<\/div>\n<div>\n<p>Antena FM.<\/p>\n<\/div>\n<\/div>\n<\/div>","protected":false},"excerpt":{"rendered":"<p>Amplificador de megafon\u00eda con reproductor USB\/MP3\/FM, entradas de micr\u00f3fono con control de mezcla, ganancia y nivel de prioridad, controles de tono., salidas de 100 V y 4 ohms, potencia: 60 watts RMS, respuesta de frecuencia: 20 &#8211; 20,000 Hz \u00b13 Db, THD: &lt; 1% a 1 kHz, prioridad de entradas: entrada de Emergencia 100V con m\u00e1xima prioridad, aten\u00faa el resto de entradas, mute por cierre de contactos, aten\u00faa todas las entradas excepto la entrada de Emergencia 100 V, micr\u00f3fono 1 y 2 con prioridad sobre entrada Auxiliar y Reproductor, por nivel de se\u00f1al, seleccionable, indicadores luminosos de encendido, protecci\u00f3n, pico de se\u00f1al y se\u00f1al de salida, refrigeraci\u00f3n por inducci\u00f3n sin ventilador, controles: volumen de micr\u00f3fono, volumen de entrada seleccionada, selector de entrada, controles de reproductor USB\/MP3\/FM, tono: graves y agudos, ganancia y prioridad de micr\u00f3fonos, reproductor USB\/MP3 con modo de reproducci\u00f3n m\u00fasica ambiente, al encender, autom\u00e1ticamente comienza la reproducci\u00f3n, sintonizador digital FM con presinton\u00edas y b\u00fasqueda autom\u00e1tica, memoria de \u00faltimo modo seleccionado (USB\/MP3 o FM), \u00faltima canci\u00f3n reproducida o \u00faltima emisora sintonizada, empieza a reproducir en orden sucesivo, dimensiones: 286 x 84 x 225 mm, peso: 4.4 kg, incluye antena FM.&hellip; <a class=\"kt-excerpt-readmore more-link\" href=\"https:\/\/www.mexicanguitarplayers.com\/en\/tienda\/audio\/amplificadores-audio\/amplificadores-para-instalacion\/amplificador-fonestar-mod-prox-60\/\">Read more<\/a><\/p>","protected":false},"featured_media":28613,"comment_status":"open","ping_status":"closed","template":"","meta":{"kt_blocks_editor_width":""},"pwb-brand":[487],"product_brand":[],"product_cat":[219,478,213],"product_tag":[],"class_list":{"0":"post-28614","1":"product","2":"type-product","3":"status-publish","4":"has-post-thumbnail","6":"pwb-brand-fonestar","7":"product_cat-amplificadores-audio","8":"product_cat-amplificadores-para-instalacion","9":"product_cat-audio","10":"product_shipping_class-5-10-kg","12":"first","13":"instock","14":"taxable","15":"shipping-taxable","16":"purchasable","17":"product-type-simple"},"yoast_head":"<!-- This site is optimized with the Yoast SEO plugin v27.3 - https:\/\/yoast.com\/product\/yoast-seo-wordpress\/ -->\n<title>AMPLIFICADOR FONESTAR MOD. PROX-60 - Mexican Guitar Players<\/title>\n<meta name=\"description\" content=\"Amplificador de megafon\u00eda con reproductor USB\/MP3\/FM, entradas de micr\u00f3fono con control de mezcla, ganancia y nivel de prioridad, controles de tono., salidas de 100 V y 4 ohms, potencia: 60 watts RMS, respuesta de frecuencia: 20 - 20,000 Hz \u00b13 Db, THD: &lt; 1% a 1 kHz, prioridad de entradas: entrada de Emergencia 100V con m\u00e1xima prioridad, aten\u00faa el resto de entradas, mute por cierre de contactos, aten\u00faa todas las entradas excepto la entrada de Emergencia 100 V, micr\u00f3fono 1 y 2 con prioridad sobre entrada Auxiliar y Reproductor, por nivel de se\u00f1al, seleccionable, indicadores luminosos de encendido, protecci\u00f3n, pico de se\u00f1al y se\u00f1al de salida, refrigeraci\u00f3n por inducci\u00f3n sin ventilador, controles: volumen de micr\u00f3fono, volumen de entrada seleccionada, selector de entrada, controles de reproductor USB\/MP3\/FM, tono: graves y agudos, ganancia y prioridad de micr\u00f3fonos, reproductor USB\/MP3 con modo de reproducci\u00f3n m\u00fasica ambiente, al encender, autom\u00e1ticamente comienza la reproducci\u00f3n, sintonizador digital FM con presinton\u00edas y b\u00fasqueda autom\u00e1tica, memoria de \u00faltimo modo seleccionado (USB\/MP3 o FM), \u00faltima canci\u00f3n reproducida o \u00faltima emisora sintonizada, empieza a reproducir en orden sucesivo, dimensiones: 286 x 84 x 225 mm, peso: 4.4 kg, incluye antena FM.\" \/>\n<meta name=\"robots\" content=\"index, follow, max-snippet:-1, max-image-preview:large, max-video-preview:-1\" \/>\n<link rel=\"canonical\" href=\"https:\/\/www.mexicanguitarplayers.com\/en\/tienda\/sin%20categor\u00eda\/amplificador-fonestar-mod-prox-60\/\" \/>\n<meta property=\"og:locale\" content=\"en_US\" \/>\n<meta property=\"og:type\" content=\"article\" \/>\n<meta property=\"og:title\" content=\"AMPLIFICADOR FONESTAR MOD. PROX-60 - Mexican Guitar Players\" \/>\n<meta property=\"og:description\" content=\"Amplificador de megafon\u00eda con reproductor USB\/MP3\/FM, entradas de micr\u00f3fono con control de mezcla, ganancia y nivel de prioridad, controles de tono., salidas de 100 V y 4 ohms, potencia: 60 watts RMS, respuesta de frecuencia: 20 - 20,000 Hz \u00b13 Db, THD: &lt; 1% a 1 kHz, prioridad de entradas: entrada de Emergencia 100V con m\u00e1xima prioridad, aten\u00faa el resto de entradas, mute por cierre de contactos, aten\u00faa todas las entradas excepto la entrada de Emergencia 100 V, micr\u00f3fono 1 y 2 con prioridad sobre entrada Auxiliar y Reproductor, por nivel de se\u00f1al, seleccionable, indicadores luminosos de encendido, protecci\u00f3n, pico de se\u00f1al y se\u00f1al de salida, refrigeraci\u00f3n por inducci\u00f3n sin ventilador, controles: volumen de micr\u00f3fono, volumen de entrada seleccionada, selector de entrada, controles de reproductor USB\/MP3\/FM, tono: graves y agudos, ganancia y prioridad de micr\u00f3fonos, reproductor USB\/MP3 con modo de reproducci\u00f3n m\u00fasica ambiente, al encender, autom\u00e1ticamente comienza la reproducci\u00f3n, sintonizador digital FM con presinton\u00edas y b\u00fasqueda autom\u00e1tica, memoria de \u00faltimo modo seleccionado (USB\/MP3 o FM), \u00faltima canci\u00f3n reproducida o \u00faltima emisora sintonizada, empieza a reproducir en orden sucesivo, dimensiones: 286 x 84 x 225 mm, peso: 4.4 kg, incluye antena FM.\" \/>\n<meta property=\"og:url\" content=\"https:\/\/www.mexicanguitarplayers.com\/en\/tienda\/sin categor\u00eda\/amplificador-fonestar-mod-prox-60\/\" \/>\n<meta property=\"og:site_name\" content=\"Mexican Guitar Players\" \/>\n<meta property=\"article:modified_time\" content=\"2026-01-22T13:16:31+00:00\" \/>\n<meta name=\"twitter:card\" content=\"summary_large_image\" \/>\n<meta name=\"twitter:label1\" content=\"Est. reading time\" \/>\n\t<meta name=\"twitter:data1\" content=\"2 minutes\" \/>\n<script type=\"application\/ld+json\" class=\"yoast-schema-graph\">{\"@context\":\"https:\\\/\\\/schema.org\",\"@graph\":[{\"@type\":[\"WebPage\",\"ItemPage\"],\"@id\":\"https:\\\/\\\/www.mexicanguitarplayers.com\\\/tienda\\\/sin categor\u00eda\\\/amplificador-fonestar-mod-prox-60\\\/\",\"url\":\"https:\\\/\\\/www.mexicanguitarplayers.com\\\/tienda\\\/sin categor\u00eda\\\/amplificador-fonestar-mod-prox-60\\\/\",\"name\":\"AMPLIFICADOR FONESTAR MOD. PROX-60 - Mexican Guitar Players\",\"isPartOf\":{\"@id\":\"https:\\\/\\\/www.mexicanguitarplayers.com\\\/#website\"},\"primaryImageOfPage\":{\"@id\":\"https:\\\/\\\/www.mexicanguitarplayers.com\\\/tienda\\\/sin categor\u00eda\\\/amplificador-fonestar-mod-prox-60\\\/#primaryimage\"},\"image\":{\"@id\":\"https:\\\/\\\/www.mexicanguitarplayers.com\\\/tienda\\\/sin categor\u00eda\\\/amplificador-fonestar-mod-prox-60\\\/#primaryimage\"},\"thumbnailUrl\":\"https:\\\/\\\/www.mexicanguitarplayers.com\\\/wp-content\\\/uploads\\\/2025\\\/04\\\/IAFONPROX60.jpg\",\"datePublished\":\"2025-04-08T14:34:17+00:00\",\"dateModified\":\"2026-01-22T13:16:31+00:00\",\"description\":\"Amplificador de megafon\u00eda con reproductor USB\\\/MP3\\\/FM, entradas de micr\u00f3fono con control de mezcla, ganancia y nivel de prioridad, controles de tono., salidas de 100 V y 4 ohms, potencia: 60 watts RMS, respuesta de frecuencia: 20 - 20,000 Hz \u00b13 Db, THD: &lt; 1% a 1 kHz, prioridad de entradas: entrada de Emergencia 100V con m\u00e1xima prioridad, aten\u00faa el resto de entradas, mute por cierre de contactos, aten\u00faa todas las entradas excepto la entrada de Emergencia 100 V, micr\u00f3fono 1 y 2 con prioridad sobre entrada Auxiliar y Reproductor, por nivel de se\u00f1al, seleccionable, indicadores luminosos de encendido, protecci\u00f3n, pico de se\u00f1al y se\u00f1al de salida, refrigeraci\u00f3n por inducci\u00f3n sin ventilador, controles: volumen de micr\u00f3fono, volumen de entrada seleccionada, selector de entrada, controles de reproductor USB\\\/MP3\\\/FM, tono: graves y agudos, ganancia y prioridad de micr\u00f3fonos, reproductor USB\\\/MP3 con modo de reproducci\u00f3n m\u00fasica ambiente, al encender, autom\u00e1ticamente comienza la reproducci\u00f3n, sintonizador digital FM con presinton\u00edas y b\u00fasqueda autom\u00e1tica, memoria de \u00faltimo modo seleccionado (USB\\\/MP3 o FM), \u00faltima canci\u00f3n reproducida o \u00faltima emisora sintonizada, empieza a reproducir en orden sucesivo, dimensiones: 286 x 84 x 225 mm, peso: 4.4 kg, incluye antena FM.\",\"breadcrumb\":{\"@id\":\"https:\\\/\\\/www.mexicanguitarplayers.com\\\/tienda\\\/sin categor\u00eda\\\/amplificador-fonestar-mod-prox-60\\\/#breadcrumb\"},\"inLanguage\":\"en-US\",\"potentialAction\":[{\"@type\":\"ReadAction\",\"target\":[\"https:\\\/\\\/www.mexicanguitarplayers.com\\\/tienda\\\/sin categor\u00eda\\\/amplificador-fonestar-mod-prox-60\\\/\"]}]},{\"@type\":\"ImageObject\",\"inLanguage\":\"en-US\",\"@id\":\"https:\\\/\\\/www.mexicanguitarplayers.com\\\/tienda\\\/sin categor\u00eda\\\/amplificador-fonestar-mod-prox-60\\\/#primaryimage\",\"url\":\"https:\\\/\\\/www.mexicanguitarplayers.com\\\/wp-content\\\/uploads\\\/2025\\\/04\\\/IAFONPROX60.jpg\",\"contentUrl\":\"https:\\\/\\\/www.mexicanguitarplayers.com\\\/wp-content\\\/uploads\\\/2025\\\/04\\\/IAFONPROX60.jpg\",\"width\":1600,\"height\":800},{\"@type\":\"BreadcrumbList\",\"@id\":\"https:\\\/\\\/www.mexicanguitarplayers.com\\\/tienda\\\/sin categor\u00eda\\\/amplificador-fonestar-mod-prox-60\\\/#breadcrumb\",\"itemListElement\":[{\"@type\":\"ListItem\",\"position\":1,\"name\":\"Portada\",\"item\":\"https:\\\/\\\/www.mexicanguitarplayers.com\\\/\"},{\"@type\":\"ListItem\",\"position\":2,\"name\":\"Tienda\",\"item\":\"https:\\\/\\\/www.mexicanguitarplayers.com\\\/tienda\\\/\"},{\"@type\":\"ListItem\",\"position\":3,\"name\":\"AMPLIFICADOR FONESTAR MOD. PROX-60\"}]},{\"@type\":\"WebSite\",\"@id\":\"https:\\\/\\\/www.mexicanguitarplayers.com\\\/#website\",\"url\":\"https:\\\/\\\/www.mexicanguitarplayers.com\\\/\",\"name\":\"Mexican Guitar Players\",\"description\":\"Website\",\"publisher\":{\"@id\":\"https:\\\/\\\/www.mexicanguitarplayers.com\\\/#organization\"},\"potentialAction\":[{\"@type\":\"SearchAction\",\"target\":{\"@type\":\"EntryPoint\",\"urlTemplate\":\"https:\\\/\\\/www.mexicanguitarplayers.com\\\/?s={search_term_string}\"},\"query-input\":{\"@type\":\"PropertyValueSpecification\",\"valueRequired\":true,\"valueName\":\"search_term_string\"}}],\"inLanguage\":\"en-US\"},{\"@type\":\"Organization\",\"@id\":\"https:\\\/\\\/www.mexicanguitarplayers.com\\\/#organization\",\"name\":\"Mexican Guitar Players\",\"url\":\"https:\\\/\\\/www.mexicanguitarplayers.com\\\/\",\"logo\":{\"@type\":\"ImageObject\",\"inLanguage\":\"en-US\",\"@id\":\"https:\\\/\\\/www.mexicanguitarplayers.com\\\/#\\\/schema\\\/logo\\\/image\\\/\",\"url\":\"\",\"contentUrl\":\"\",\"caption\":\"Mexican Guitar Players\"},\"image\":{\"@id\":\"https:\\\/\\\/www.mexicanguitarplayers.com\\\/#\\\/schema\\\/logo\\\/image\\\/\"}}]}<\/script>\n<!-- \/ Yoast SEO plugin. -->","yoast_head_json":{"title":"AMPLIFICADOR FONESTAR MOD. PROX-60 - Mexican Guitar Players","description":"Amplificador de megafon\u00eda con reproductor USB\/MP3\/FM, entradas de micr\u00f3fono con control de mezcla, ganancia y nivel de prioridad, controles de tono., salidas de 100 V y 4 ohms, potencia: 60 watts RMS, respuesta de frecuencia: 20 - 20,000 Hz \u00b13 Db, THD: &lt; 1% a 1 kHz, prioridad de entradas: entrada de Emergencia 100V con m\u00e1xima prioridad, aten\u00faa el resto de entradas, mute por cierre de contactos, aten\u00faa todas las entradas excepto la entrada de Emergencia 100 V, micr\u00f3fono 1 y 2 con prioridad sobre entrada Auxiliar y Reproductor, por nivel de se\u00f1al, seleccionable, indicadores luminosos de encendido, protecci\u00f3n, pico de se\u00f1al y se\u00f1al de salida, refrigeraci\u00f3n por inducci\u00f3n sin ventilador, controles: volumen de micr\u00f3fono, volumen de entrada seleccionada, selector de entrada, controles de reproductor USB\/MP3\/FM, tono: graves y agudos, ganancia y prioridad de micr\u00f3fonos, reproductor USB\/MP3 con modo de reproducci\u00f3n m\u00fasica ambiente, al encender, autom\u00e1ticamente comienza la reproducci\u00f3n, sintonizador digital FM con presinton\u00edas y b\u00fasqueda autom\u00e1tica, memoria de \u00faltimo modo seleccionado (USB\/MP3 o FM), \u00faltima canci\u00f3n reproducida o \u00faltima emisora sintonizada, empieza a reproducir en orden sucesivo, dimensiones: 286 x 84 x 225 mm, peso: 4.4 kg, incluye antena FM.","robots":{"index":"index","follow":"follow","max-snippet":"max-snippet:-1","max-image-preview":"max-image-preview:large","max-video-preview":"max-video-preview:-1"},"canonical":"https:\/\/www.mexicanguitarplayers.com\/en\/tienda\/sin categor\u00eda\/amplificador-fonestar-mod-prox-60\/","og_locale":"en_US","og_type":"article","og_title":"AMPLIFICADOR FONESTAR MOD. PROX-60 - Mexican Guitar Players","og_description":"Amplificador de megafon\u00eda con reproductor USB\/MP3\/FM, entradas de micr\u00f3fono con control de mezcla, ganancia y nivel de prioridad, controles de tono., salidas de 100 V y 4 ohms, potencia: 60 watts RMS, respuesta de frecuencia: 20 - 20,000 Hz \u00b13 Db, THD: &lt; 1% a 1 kHz, prioridad de entradas: entrada de Emergencia 100V con m\u00e1xima prioridad, aten\u00faa el resto de entradas, mute por cierre de contactos, aten\u00faa todas las entradas excepto la entrada de Emergencia 100 V, micr\u00f3fono 1 y 2 con prioridad sobre entrada Auxiliar y Reproductor, por nivel de se\u00f1al, seleccionable, indicadores luminosos de encendido, protecci\u00f3n, pico de se\u00f1al y se\u00f1al de salida, refrigeraci\u00f3n por inducci\u00f3n sin ventilador, controles: volumen de micr\u00f3fono, volumen de entrada seleccionada, selector de entrada, controles de reproductor USB\/MP3\/FM, tono: graves y agudos, ganancia y prioridad de micr\u00f3fonos, reproductor USB\/MP3 con modo de reproducci\u00f3n m\u00fasica ambiente, al encender, autom\u00e1ticamente comienza la reproducci\u00f3n, sintonizador digital FM con presinton\u00edas y b\u00fasqueda autom\u00e1tica, memoria de \u00faltimo modo seleccionado (USB\/MP3 o FM), \u00faltima canci\u00f3n reproducida o \u00faltima emisora sintonizada, empieza a reproducir en orden sucesivo, dimensiones: 286 x 84 x 225 mm, peso: 4.4 kg, incluye antena FM.","og_url":"https:\/\/www.mexicanguitarplayers.com\/en\/tienda\/sin categor\u00eda\/amplificador-fonestar-mod-prox-60\/","og_site_name":"Mexican Guitar Players","article_modified_time":"2026-01-22T13:16:31+00:00","twitter_card":"summary_large_image","twitter_misc":{"Est. reading time":"2 minutes"},"schema":{"@context":"https:\/\/schema.org","@graph":[{"@type":["WebPage","ItemPage"],"@id":"https:\/\/www.mexicanguitarplayers.com\/tienda\/sin categor\u00eda\/amplificador-fonestar-mod-prox-60\/","url":"https:\/\/www.mexicanguitarplayers.com\/tienda\/sin categor\u00eda\/amplificador-fonestar-mod-prox-60\/","name":"AMPLIFICADOR FONESTAR MOD. PROX-60 - Mexican Guitar Players","isPartOf":{"@id":"https:\/\/www.mexicanguitarplayers.com\/#website"},"primaryImageOfPage":{"@id":"https:\/\/www.mexicanguitarplayers.com\/tienda\/sin categor\u00eda\/amplificador-fonestar-mod-prox-60\/#primaryimage"},"image":{"@id":"https:\/\/www.mexicanguitarplayers.com\/tienda\/sin categor\u00eda\/amplificador-fonestar-mod-prox-60\/#primaryimage"},"thumbnailUrl":"https:\/\/www.mexicanguitarplayers.com\/wp-content\/uploads\/2025\/04\/IAFONPROX60.jpg","datePublished":"2025-04-08T14:34:17+00:00","dateModified":"2026-01-22T13:16:31+00:00","description":"Amplificador de megafon\u00eda con reproductor USB\/MP3\/FM, entradas de micr\u00f3fono con control de mezcla, ganancia y nivel de prioridad, controles de tono., salidas de 100 V y 4 ohms, potencia: 60 watts RMS, respuesta de frecuencia: 20 - 20,000 Hz \u00b13 Db, THD: &lt; 1% a 1 kHz, prioridad de entradas: entrada de Emergencia 100V con m\u00e1xima prioridad, aten\u00faa el resto de entradas, mute por cierre de contactos, aten\u00faa todas las entradas excepto la entrada de Emergencia 100 V, micr\u00f3fono 1 y 2 con prioridad sobre entrada Auxiliar y Reproductor, por nivel de se\u00f1al, seleccionable, indicadores luminosos de encendido, protecci\u00f3n, pico de se\u00f1al y se\u00f1al de salida, refrigeraci\u00f3n por inducci\u00f3n sin ventilador, controles: volumen de micr\u00f3fono, volumen de entrada seleccionada, selector de entrada, controles de reproductor USB\/MP3\/FM, tono: graves y agudos, ganancia y prioridad de micr\u00f3fonos, reproductor USB\/MP3 con modo de reproducci\u00f3n m\u00fasica ambiente, al encender, autom\u00e1ticamente comienza la reproducci\u00f3n, sintonizador digital FM con presinton\u00edas y b\u00fasqueda autom\u00e1tica, memoria de \u00faltimo modo seleccionado (USB\/MP3 o FM), \u00faltima canci\u00f3n reproducida o \u00faltima emisora sintonizada, empieza a reproducir en orden sucesivo, dimensiones: 286 x 84 x 225 mm, peso: 4.4 kg, incluye antena FM.","breadcrumb":{"@id":"https:\/\/www.mexicanguitarplayers.com\/tienda\/sin categor\u00eda\/amplificador-fonestar-mod-prox-60\/#breadcrumb"},"inLanguage":"en-US","potentialAction":[{"@type":"ReadAction","target":["https:\/\/www.mexicanguitarplayers.com\/tienda\/sin categor\u00eda\/amplificador-fonestar-mod-prox-60\/"]}]},{"@type":"ImageObject","inLanguage":"en-US","@id":"https:\/\/www.mexicanguitarplayers.com\/tienda\/sin categor\u00eda\/amplificador-fonestar-mod-prox-60\/#primaryimage","url":"https:\/\/www.mexicanguitarplayers.com\/wp-content\/uploads\/2025\/04\/IAFONPROX60.jpg","contentUrl":"https:\/\/www.mexicanguitarplayers.com\/wp-content\/uploads\/2025\/04\/IAFONPROX60.jpg","width":1600,"height":800},{"@type":"BreadcrumbList","@id":"https:\/\/www.mexicanguitarplayers.com\/tienda\/sin categor\u00eda\/amplificador-fonestar-mod-prox-60\/#breadcrumb","itemListElement":[{"@type":"ListItem","position":1,"name":"Portada","item":"https:\/\/www.mexicanguitarplayers.com\/"},{"@type":"ListItem","position":2,"name":"Tienda","item":"https:\/\/www.mexicanguitarplayers.com\/tienda\/"},{"@type":"ListItem","position":3,"name":"AMPLIFICADOR FONESTAR MOD. PROX-60"}]},{"@type":"WebSite","@id":"https:\/\/www.mexicanguitarplayers.com\/#website","url":"https:\/\/www.mexicanguitarplayers.com\/","name":"Mexican Guitar Players","description":"Website","publisher":{"@id":"https:\/\/www.mexicanguitarplayers.com\/#organization"},"potentialAction":[{"@type":"SearchAction","target":{"@type":"EntryPoint","urlTemplate":"https:\/\/www.mexicanguitarplayers.com\/?s={search_term_string}"},"query-input":{"@type":"PropertyValueSpecification","valueRequired":true,"valueName":"search_term_string"}}],"inLanguage":"en-US"},{"@type":"Organization","@id":"https:\/\/www.mexicanguitarplayers.com\/#organization","name":"Mexican Guitar Players","url":"https:\/\/www.mexicanguitarplayers.com\/","logo":{"@type":"ImageObject","inLanguage":"en-US","@id":"https:\/\/www.mexicanguitarplayers.com\/#\/schema\/logo\/image\/","url":"","contentUrl":"","caption":"Mexican Guitar Players"},"image":{"@id":"https:\/\/www.mexicanguitarplayers.com\/#\/schema\/logo\/image\/"}}]}},"brands":[{"id":487,"name":"FONESTAR","slug":"fonestar"}],"_links":{"self":[{"href":"https:\/\/www.mexicanguitarplayers.com\/en\/wp-json\/wp\/v2\/product\/28614","targetHints":{"allow":["GET"]}}],"collection":[{"href":"https:\/\/www.mexicanguitarplayers.com\/en\/wp-json\/wp\/v2\/product"}],"about":[{"href":"https:\/\/www.mexicanguitarplayers.com\/en\/wp-json\/wp\/v2\/types\/product"}],"replies":[{"embeddable":true,"href":"https:\/\/www.mexicanguitarplayers.com\/en\/wp-json\/wp\/v2\/comments?post=28614"}],"wp:featuredmedia":[{"embeddable":true,"href":"https:\/\/www.mexicanguitarplayers.com\/en\/wp-json\/wp\/v2\/media\/28613"}],"wp:attachment":[{"href":"https:\/\/www.mexicanguitarplayers.com\/en\/wp-json\/wp\/v2\/media?parent=28614"}],"wp:term":[{"taxonomy":"pwb-brand","embeddable":true,"href":"https:\/\/www.mexicanguitarplayers.com\/en\/wp-json\/wp\/v2\/pwb-brand?post=28614"},{"taxonomy":"product_brand","embeddable":true,"href":"https:\/\/www.mexicanguitarplayers.com\/en\/wp-json\/wp\/v2\/product_brand?post=28614"},{"taxonomy":"product_cat","embeddable":true,"href":"https:\/\/www.mexicanguitarplayers.com\/en\/wp-json\/wp\/v2\/product_cat?post=28614"},{"taxonomy":"product_tag","embeddable":true,"href":"https:\/\/www.mexicanguitarplayers.com\/en\/wp-json\/wp\/v2\/product_tag?post=28614"}],"curies":[{"name":"wp","href":"https:\/\/api.w.org\/{rel}","templated":true}]}}