{"id":28661,"date":"2025-04-08T08:35:17","date_gmt":"2025-04-08T14:35:17","guid":{"rendered":"https:\/\/www.mexicanguitarplayers.com\/tienda\/sin categor\u00eda\/piano-casio-celviano-ap-470bn\/"},"modified":"2026-01-01T08:57:23","modified_gmt":"2026-01-01T14:57:23","slug":"piano-casio-celviano-ap-470bn","status":"publish","type":"product","link":"https:\/\/www.mexicanguitarplayers.com\/en\/tienda\/teclas\/pianos\/pianos-digitales\/piano-casio-celviano-ap-470bn\/","title":{"rendered":"PIANO CASIO CELVIANO      AP-470BN"},"content":{"rendered":"<div style=\"text-align: justify\">\n<div>\n<h3>Un cl\u00e1sico sonido del piano de cola.<\/h3>\n<\/div>\n<div>El piano digital AP470 es una versi\u00f3n mejorada del cl\u00e1sico Celviano AP-460, cuenta con un muestreo actualizado para ofrecer sonidos m\u00e1s aut\u00e9nticos, un sistema de altavoces mejorado, cuenta con compatibilidad iOs\/Android, las teclas tienen f\u00edsicamente la sensaci\u00f3n de \u00e9bano y marfil y cuenta tambi\u00e9n con un sonido natural en los aud\u00edfonos. Fuente de sonidos Morphing AiR multi dimensional. Las caracter\u00edsticas de la nueva fuente de sonidos Morphing Air multi dimensional, recientemente desarrollada por Casio, reflejan una atenci\u00f3n minuciosa al detalle al expresar los ricos y resonantes tonos inherentes al piano. La capacidad de la memoria instalada se ha ampliado para lograr una mayor duraci\u00f3n de muestreo y una mejor calidad de datos de forma de onda. Los cambios temporales en el tono que crean el sonido que esperar\u00edas solamente de un piano, comienzan con el sonido inicial y llev\u00e1ndote a una bella extensi\u00f3n hasta que el sonido eventualmente se desvanece, se reproducen naturalmente. Selecciona entre 2 legendarios sonidos de piano. Los sonidos instalados de dos pianos altamente reconocidos se seleccionan de forma separada, dependiendo del g\u00e9nero musical que quieras tocar y el entorno de interpretaci\u00f3n. La selecci\u00f3n directa se habilita. Un instrumento superior para actuaciones poderosas y ricamente reverberantes. Reproduce los cl\u00e1sicos sonidos de piano de cola en toda la gama, desde tonos suaves y delicados hasta tonos fuertes y potentes, seg\u00fan el peso de las teclas.<\/div>\n<div>\n<h4>Quick look<\/h4>\n<\/div>\n<ul style=\"margin: 0px 0px 0px 25px\">\n<li style=\"list-style-type: circle;margin: 5px\">Teclado.<\/li>\n<li style=\"list-style-type: circle;margin: 5px\">Respuesta al tacto.<\/li>\n<li style=\"list-style-type: circle;margin: 5px\">Fuente de sonidos.<\/li>\n<li style=\"list-style-type: circle;margin: 5px\">Simulador.<\/li>\n<li style=\"list-style-type: circle;margin: 5px\">Polifon\u00eda m\u00e1xima.<\/li>\n<li style=\"list-style-type: circle;margin: 5px\">Tonos.<\/li>\n<li style=\"list-style-type: circle;margin: 5px\">Capa\/Divisi\u00f3n.<\/li>\n<li style=\"list-style-type: circle;margin: 5px\">Efectos digitales.<\/li>\n<li style=\"list-style-type: circle;margin: 5px\">Canciones integradas.<\/li>\n<li style=\"list-style-type: circle;margin: 5px\">Expansi\u00f3n de canciones.<\/li>\n<li style=\"list-style-type: circle;margin: 5px\">Funci\u00f3n de lecciones.<\/li>\n<li style=\"list-style-type: circle;margin: 5px\">Metr\u00f3nomo.<\/li>\n<li style=\"list-style-type: circle;margin: 5px\">Grabaci\u00f3n.<\/li>\n<li style=\"list-style-type: circle;margin: 5px\">Otras funciones.<\/li>\n<li style=\"list-style-type: circle;margin: 5px\">Transposici\u00f3n de teclas.<\/li>\n<li style=\"list-style-type: circle;margin: 5px\">Control de afinaci\u00f3n.<\/li>\n<li style=\"list-style-type: circle;margin: 5px\">Pedales.<\/li>\n<li style=\"list-style-type: circle;margin: 5px\">MIDI.<\/li>\n<li style=\"list-style-type: circle;margin: 5px\">Speakers.<\/li>\n<li style=\"list-style-type: circle;margin: 5px\">Salida de amplificador.<\/li>\n<li style=\"list-style-type: circle;margin: 5px\">Terminales de Entrada y Salida.<\/li>\n<li style=\"list-style-type: circle;margin: 5px\">Dimensions.<\/li>\n<li style=\"list-style-type: circle;margin: 5px\">Weight.<\/li>\n<li style=\"list-style-type: circle;margin: 5px\">Color.<\/li>\n<li style=\"list-style-type: circle;margin: 5px\">Accessories included.<\/li>\n<\/ul>\n<div>\n<div style=\"font-weight: bold\">Teclado.<\/div>\n<div>\n<p>88 teclas, tri sensor, acci\u00f3n de escala de martillo II, teclas de imitaci\u00f3n de \u00e9bano y marfil.<\/p>\n<\/div>\n<div style=\"font-weight: bold\">Respuesta al tacto.<\/div>\n<div>\n<p>3 niveles de sensibilidad, Off.<\/p>\n<\/div>\n<div style=\"font-weight: bold\">Fuente de sonidos.<\/div>\n<div>\n<p>Morphing AiR.<\/p>\n<\/div>\n<div style=\"font-weight: bold\">Simulador.<\/div>\n<div>\n<p>Resonancia de cuerda, resonancia de amortiguaci\u00f3n, ruido de amortiguaci\u00f3n, respuesta de martillo, simulador de tapa, simulador key-off, ruido de acci\u00f3n key-on, ruido de acci\u00f3n key-off.<\/p>\n<\/div>\n<div style=\"font-weight: bold\">Polifon\u00eda m\u00e1xima.<\/div>\n<div>\n<p>256 notas.<\/p>\n<\/div>\n<div style=\"font-weight: bold\">Tonos.<\/div>\n<div>\n<p>22 tonos integrados: Grand Piano 1 (Concert, Mellow, Bright), Grand Piano 2 (Concert, Mellow, Bright), Modern Piano, Rock Piano, Jazz Piano, Elec Piano 1, Elec Piano 2, FM E. Piano, 60`s E. Piano, Harpsichord, Vibraphone, Strings 1, Strings 2, Pipe Organ, Jazz Organ, Elec Organ 1, Elec Organ 2, BASS (LOWER).<\/p>\n<\/div>\n<div style=\"font-weight: bold\">Capa\/Divisi\u00f3n.<\/div>\n<div>\n<p>Capa (excluyendo tonos de bajo), Divisi\u00f3n (solamente tonos graves de rango bajo).<\/p>\n<\/div>\n<div style=\"font-weight: bold\">Efectos digitales.<\/div>\n<div>\n<p>Hall Simulator (4 tipos), Chorus (4 tipos), Brilliance (-3 a 0 a 3), DSP (incluido en algunos tonos).<\/p>\n<\/div>\n<div style=\"font-weight: bold\">Canciones integradas.<\/div>\n<div>\n<p>10 (Concert Play), 60 (Music Library).<\/p>\n<\/div>\n<div style=\"font-weight: bold\">Expansi\u00f3n de canciones.<\/div>\n<div>\n<p>10 canciones (m\u00e1ximo) hasta aproximadamente 90 Kb por canci\u00f3n.<\/p>\n<\/div>\n<div style=\"font-weight: bold\">Funci\u00f3n de lecciones.<\/div>\n<div>\n<p>Parte ON\/OFF (Lecci\u00f3n: Mano derecha\/mano izquierda).<\/p>\n<\/div>\n<div style=\"font-weight: bold\">Metr\u00f3nomo.<\/div>\n<div>\n<p>Beats: 0 a 9 (Rango de tempo: nota en cuartos = 20 a 255).<\/p>\n<\/div>\n<div style=\"font-weight: bold\">Grabaci\u00f3n.<\/div>\n<div>\n<p>Grabador MIDI: 2 tracks x 1 canci\u00f3n, aproximadamente 5,000 notas m\u00e1ximo, grabaci\u00f3n\/reproducci\u00f3n en tiempo real. Grabaci\u00f3n de Audio: 44.1 kHz, formato WAV, hasta aproximadamente 25 minutos por canci\u00f3n.<\/p>\n<\/div>\n<div style=\"font-weight: bold\">Otras funciones.<\/div>\n<div>\n<p>Bot\u00f3n Grand Piano 1. Bot\u00f3n Grand Piano 2. Cubierta de teclado de tipo deslizante. Auto apagado: Apagado despu\u00e9s de 4 horas de inactividad (configuraci\u00f3n predeterminada). Modo de aud\u00edfonos. Volume Sync EQ.<\/p>\n<\/div>\n<div style=\"font-weight: bold\">Transposici\u00f3n de teclas.<\/div>\n<div>\n<p>2 octavas (-12 a +12 semitonos).<\/p>\n<\/div>\n<div style=\"font-weight: bold\">Control de afinaci\u00f3n.<\/div>\n<div>\n<p>A4 = 415.5 Hz a 440 0 Hz a 465.9 Hz.<\/p>\n<\/div>\n<div style=\"font-weight: bold\">Pedales.<\/div>\n<div>\n<p>3 pedales (damper, soft, sostenuto). * damper = operaci\u00f3n sin interrupciones.<\/p>\n<\/div>\n<div style=\"font-weight: bold\">MIDI.<\/div>\n<div>\n<p>Este producto no est\u00e1 equipado con terminales MIDI. La comunicaci\u00f3n MIDI entre el producto y una computadora se realiza por medio del puerto USB.<\/p>\n<\/div>\n<div style=\"font-weight: bold\">Speakers.<\/div>\n<div>\n<p>2 altavoces de 12 cm y 2 altavoces de 2.4 cm (4 altavoces de 2 v\u00edas).<\/p>\n<\/div>\n<div style=\"font-weight: bold\">Salida de amplificador.<\/div>\n<div>\n<p>20W + 20W.<\/p>\n<\/div>\n<div style=\"font-weight: bold\">Terminales de Entrada y Salida.<\/div>\n<div>\n<p>Aud\u00edfonos\/Salida x 2 (est\u00e9reo est\u00e1ndar). Salida de l\u00ednea (L\/MONO, R). USB: Tipo A, Tipo B. Alimentaci\u00f3n externa (24V DC).<\/p>\n<\/div>\n<div style=\"font-weight: bold\">Dimensions.<\/div>\n<div>\n<p>1,417 x 427 x 861 mm (tablero superior cerrado y sin stand de partituras).<\/p>\n<\/div>\n<div style=\"font-weight: bold\">Weight.<\/div>\n<div>\n<p>43.4 kg.<\/p>\n<\/div>\n<div style=\"font-weight: bold\">Color.<\/div>\n<div>\n<p>AP-470BK: Madera negra. AP-470BN: Terminado roble. AP-470WE: Madera blanca.<\/p>\n<\/div>\n<div style=\"font-weight: bold\">Accessories included.<\/div>\n<div>\n<p>Banco de altura ajustable, adaptador AC (AD-E24250LW), atril de partituras y gancho para aud\u00edfonos.<\/p>\n<\/div>\n<\/div>\n<\/div>","protected":false},"excerpt":{"rendered":"<p>Piano digital Celviano de 88 teclas con acci\u00f3n de martillo a escala tri-sensor, color caf\u00e9, teclas de imitaci\u00f3n de \u00e9bano y marfil con 3 niveles de sensibilidad, fuente de sonido Morphing AiR multi dimensional, polifon\u00eda m\u00e1xima: 256 notas, layer\/split, ecualizador sincronizado de volumen, modo de aud\u00edfonos, simulador ac\u00fastico, resonancia de cuerdas, resonancia de amortiguador, ruido de amortiguador, simulador de tapa, efectos digitales: hall, coro, brillo, DSP (en algunos tonos), 10 canciones en modo Concert Play, 60 canciones en biblioteca, grabaci\u00f3n y reproducci\u00f3n de audio: m\u00e1ximo 99 canciones, 25 minutos por canci\u00f3n, USB Flash Drive en formato WAV a 44.1 kHz, 2 salidas de aud\u00edfonos, USB a host, USB a dispositivo, MIDI y conector de pedal, 2 altavoces de 12 cm y 2 altavoces de 4 cm, incluye adaptador de corriente AD-E24250LW, dimensiones: 1417 x 427 x 861 mm, peso: 43.4 kg.&hellip; <a class=\"kt-excerpt-readmore more-link\" href=\"https:\/\/www.mexicanguitarplayers.com\/en\/tienda\/teclas\/pianos\/pianos-digitales\/piano-casio-celviano-ap-470bn\/\">Read more<\/a><\/p>","protected":false},"featured_media":28652,"comment_status":"open","ping_status":"closed","template":"","meta":{"kt_blocks_editor_width":""},"pwb-brand":[274],"product_brand":[],"product_cat":[377,378,376],"product_tag":[],"class_list":{"0":"post-28661","1":"product","2":"type-product","3":"status-publish","4":"has-post-thumbnail","6":"pwb-brand-casio","7":"product_cat-pianos","8":"product_cat-pianos-digitales","9":"product_cat-teclas","11":"first","12":"instock","13":"taxable","14":"shipping-taxable","15":"purchasable","16":"product-type-simple"},"yoast_head":"<!-- This site is optimized with the Yoast SEO plugin v27.3 - https:\/\/yoast.com\/product\/yoast-seo-wordpress\/ -->\n<title>PIANO CASIO CELVIANO   AP-470BN - Mexican Guitar Players<\/title>\n<meta name=\"description\" content=\"Piano digital Celviano de 88 teclas con acci\u00f3n de martillo a escala tri-sensor, color caf\u00e9, teclas de imitaci\u00f3n de \u00e9bano y marfil con 3 niveles de sensibilidad, fuente de sonido Morphing AiR multi dimensional, polifon\u00eda m\u00e1xima: 256 notas, layer\/split, ecualizador sincronizado de volumen, modo de aud\u00edfonos, simulador ac\u00fastico, resonancia de cuerdas, resonancia de amortiguador, ruido de amortiguador, simulador de tapa, efectos digitales: hall, coro, brillo, DSP (en algunos tonos), 10 canciones en modo Concert Play, 60 canciones en biblioteca, grabaci\u00f3n y reproducci\u00f3n de audio: m\u00e1ximo 99 canciones, 25 minutos por canci\u00f3n, USB Flash Drive en formato WAV a 44.1 kHz, 2 salidas de aud\u00edfonos, USB a host, USB a dispositivo, MIDI y conector de pedal, 2 altavoces de 12 cm y 2 altavoces de 4 cm, incluye adaptador de corriente AD-E24250LW, dimensiones: 1417 x 427 x 861 mm, peso: 43.4 kg.\" \/>\n<meta name=\"robots\" content=\"index, follow, max-snippet:-1, max-image-preview:large, max-video-preview:-1\" \/>\n<link rel=\"canonical\" href=\"https:\/\/www.mexicanguitarplayers.com\/en\/tienda\/sin%20categor\u00eda\/piano-casio-celviano-ap-470bn\/\" \/>\n<meta property=\"og:locale\" content=\"en_US\" \/>\n<meta property=\"og:type\" content=\"article\" \/>\n<meta property=\"og:title\" content=\"PIANO CASIO CELVIANO   AP-470BN - Mexican Guitar Players\" \/>\n<meta property=\"og:description\" content=\"Piano digital Celviano de 88 teclas con acci\u00f3n de martillo a escala tri-sensor, color caf\u00e9, teclas de imitaci\u00f3n de \u00e9bano y marfil con 3 niveles de sensibilidad, fuente de sonido Morphing AiR multi dimensional, polifon\u00eda m\u00e1xima: 256 notas, layer\/split, ecualizador sincronizado de volumen, modo de aud\u00edfonos, simulador ac\u00fastico, resonancia de cuerdas, resonancia de amortiguador, ruido de amortiguador, simulador de tapa, efectos digitales: hall, coro, brillo, DSP (en algunos tonos), 10 canciones en modo Concert Play, 60 canciones en biblioteca, grabaci\u00f3n y reproducci\u00f3n de audio: m\u00e1ximo 99 canciones, 25 minutos por canci\u00f3n, USB Flash Drive en formato WAV a 44.1 kHz, 2 salidas de aud\u00edfonos, USB a host, USB a dispositivo, MIDI y conector de pedal, 2 altavoces de 12 cm y 2 altavoces de 4 cm, incluye adaptador de corriente AD-E24250LW, dimensiones: 1417 x 427 x 861 mm, peso: 43.4 kg.\" \/>\n<meta property=\"og:url\" content=\"https:\/\/www.mexicanguitarplayers.com\/en\/tienda\/sin categor\u00eda\/piano-casio-celviano-ap-470bn\/\" \/>\n<meta property=\"og:site_name\" content=\"Mexican Guitar Players\" \/>\n<meta property=\"article:modified_time\" content=\"2026-01-01T14:57:23+00:00\" \/>\n<meta name=\"twitter:card\" content=\"summary_large_image\" \/>\n<meta name=\"twitter:label1\" content=\"Est. reading time\" \/>\n\t<meta name=\"twitter:data1\" content=\"4 minutes\" \/>\n<script type=\"application\/ld+json\" class=\"yoast-schema-graph\">{\"@context\":\"https:\\\/\\\/schema.org\",\"@graph\":[{\"@type\":[\"WebPage\",\"ItemPage\"],\"@id\":\"https:\\\/\\\/www.mexicanguitarplayers.com\\\/tienda\\\/sin categor\u00eda\\\/piano-casio-celviano-ap-470bn\\\/\",\"url\":\"https:\\\/\\\/www.mexicanguitarplayers.com\\\/tienda\\\/sin categor\u00eda\\\/piano-casio-celviano-ap-470bn\\\/\",\"name\":\"PIANO CASIO CELVIANO AP-470BN - Mexican Guitar Players\",\"isPartOf\":{\"@id\":\"https:\\\/\\\/www.mexicanguitarplayers.com\\\/#website\"},\"primaryImageOfPage\":{\"@id\":\"https:\\\/\\\/www.mexicanguitarplayers.com\\\/tienda\\\/sin categor\u00eda\\\/piano-casio-celviano-ap-470bn\\\/#primaryimage\"},\"image\":{\"@id\":\"https:\\\/\\\/www.mexicanguitarplayers.com\\\/tienda\\\/sin categor\u00eda\\\/piano-casio-celviano-ap-470bn\\\/#primaryimage\"},\"thumbnailUrl\":\"https:\\\/\\\/www.mexicanguitarplayers.com\\\/wp-content\\\/uploads\\\/2025\\\/04\\\/ITCASAP470BN.jpg\",\"datePublished\":\"2025-04-08T14:35:17+00:00\",\"dateModified\":\"2026-01-01T14:57:23+00:00\",\"description\":\"Piano digital Celviano de 88 teclas con acci\u00f3n de martillo a escala tri-sensor, color caf\u00e9, teclas de imitaci\u00f3n de \u00e9bano y marfil con 3 niveles de sensibilidad, fuente de sonido Morphing AiR multi dimensional, polifon\u00eda m\u00e1xima: 256 notas, layer\\\/split, ecualizador sincronizado de volumen, modo de aud\u00edfonos, simulador ac\u00fastico, resonancia de cuerdas, resonancia de amortiguador, ruido de amortiguador, simulador de tapa, efectos digitales: hall, coro, brillo, DSP (en algunos tonos), 10 canciones en modo Concert Play, 60 canciones en biblioteca, grabaci\u00f3n y reproducci\u00f3n de audio: m\u00e1ximo 99 canciones, 25 minutos por canci\u00f3n, USB Flash Drive en formato WAV a 44.1 kHz, 2 salidas de aud\u00edfonos, USB a host, USB a dispositivo, MIDI y conector de pedal, 2 altavoces de 12 cm y 2 altavoces de 4 cm, incluye adaptador de corriente AD-E24250LW, dimensiones: 1417 x 427 x 861 mm, peso: 43.4 kg.\",\"breadcrumb\":{\"@id\":\"https:\\\/\\\/www.mexicanguitarplayers.com\\\/tienda\\\/sin categor\u00eda\\\/piano-casio-celviano-ap-470bn\\\/#breadcrumb\"},\"inLanguage\":\"en-US\",\"potentialAction\":[{\"@type\":\"ReadAction\",\"target\":[\"https:\\\/\\\/www.mexicanguitarplayers.com\\\/tienda\\\/sin categor\u00eda\\\/piano-casio-celviano-ap-470bn\\\/\"]}]},{\"@type\":\"ImageObject\",\"inLanguage\":\"en-US\",\"@id\":\"https:\\\/\\\/www.mexicanguitarplayers.com\\\/tienda\\\/sin categor\u00eda\\\/piano-casio-celviano-ap-470bn\\\/#primaryimage\",\"url\":\"https:\\\/\\\/www.mexicanguitarplayers.com\\\/wp-content\\\/uploads\\\/2025\\\/04\\\/ITCASAP470BN.jpg\",\"contentUrl\":\"https:\\\/\\\/www.mexicanguitarplayers.com\\\/wp-content\\\/uploads\\\/2025\\\/04\\\/ITCASAP470BN.jpg\",\"width\":1200,\"height\":1200},{\"@type\":\"BreadcrumbList\",\"@id\":\"https:\\\/\\\/www.mexicanguitarplayers.com\\\/tienda\\\/sin categor\u00eda\\\/piano-casio-celviano-ap-470bn\\\/#breadcrumb\",\"itemListElement\":[{\"@type\":\"ListItem\",\"position\":1,\"name\":\"Portada\",\"item\":\"https:\\\/\\\/www.mexicanguitarplayers.com\\\/\"},{\"@type\":\"ListItem\",\"position\":2,\"name\":\"Tienda\",\"item\":\"https:\\\/\\\/www.mexicanguitarplayers.com\\\/tienda\\\/\"},{\"@type\":\"ListItem\",\"position\":3,\"name\":\"PIANO CASIO CELVIANO AP-470BN\"}]},{\"@type\":\"WebSite\",\"@id\":\"https:\\\/\\\/www.mexicanguitarplayers.com\\\/#website\",\"url\":\"https:\\\/\\\/www.mexicanguitarplayers.com\\\/\",\"name\":\"Mexican Guitar Players\",\"description\":\"Website\",\"publisher\":{\"@id\":\"https:\\\/\\\/www.mexicanguitarplayers.com\\\/#organization\"},\"potentialAction\":[{\"@type\":\"SearchAction\",\"target\":{\"@type\":\"EntryPoint\",\"urlTemplate\":\"https:\\\/\\\/www.mexicanguitarplayers.com\\\/?s={search_term_string}\"},\"query-input\":{\"@type\":\"PropertyValueSpecification\",\"valueRequired\":true,\"valueName\":\"search_term_string\"}}],\"inLanguage\":\"en-US\"},{\"@type\":\"Organization\",\"@id\":\"https:\\\/\\\/www.mexicanguitarplayers.com\\\/#organization\",\"name\":\"Mexican Guitar Players\",\"url\":\"https:\\\/\\\/www.mexicanguitarplayers.com\\\/\",\"logo\":{\"@type\":\"ImageObject\",\"inLanguage\":\"en-US\",\"@id\":\"https:\\\/\\\/www.mexicanguitarplayers.com\\\/#\\\/schema\\\/logo\\\/image\\\/\",\"url\":\"\",\"contentUrl\":\"\",\"caption\":\"Mexican Guitar Players\"},\"image\":{\"@id\":\"https:\\\/\\\/www.mexicanguitarplayers.com\\\/#\\\/schema\\\/logo\\\/image\\\/\"}}]}<\/script>\n<!-- \/ Yoast SEO plugin. -->","yoast_head_json":{"title":"PIANO CASIO CELVIANO   AP-470BN - Mexican Guitar Players","description":"Piano digital Celviano de 88 teclas con acci\u00f3n de martillo a escala tri-sensor, color caf\u00e9, teclas de imitaci\u00f3n de \u00e9bano y marfil con 3 niveles de sensibilidad, fuente de sonido Morphing AiR multi dimensional, polifon\u00eda m\u00e1xima: 256 notas, layer\/split, ecualizador sincronizado de volumen, modo de aud\u00edfonos, simulador ac\u00fastico, resonancia de cuerdas, resonancia de amortiguador, ruido de amortiguador, simulador de tapa, efectos digitales: hall, coro, brillo, DSP (en algunos tonos), 10 canciones en modo Concert Play, 60 canciones en biblioteca, grabaci\u00f3n y reproducci\u00f3n de audio: m\u00e1ximo 99 canciones, 25 minutos por canci\u00f3n, USB Flash Drive en formato WAV a 44.1 kHz, 2 salidas de aud\u00edfonos, USB a host, USB a dispositivo, MIDI y conector de pedal, 2 altavoces de 12 cm y 2 altavoces de 4 cm, incluye adaptador de corriente AD-E24250LW, dimensiones: 1417 x 427 x 861 mm, peso: 43.4 kg.","robots":{"index":"index","follow":"follow","max-snippet":"max-snippet:-1","max-image-preview":"max-image-preview:large","max-video-preview":"max-video-preview:-1"},"canonical":"https:\/\/www.mexicanguitarplayers.com\/en\/tienda\/sin categor\u00eda\/piano-casio-celviano-ap-470bn\/","og_locale":"en_US","og_type":"article","og_title":"PIANO CASIO CELVIANO   AP-470BN - Mexican Guitar Players","og_description":"Piano digital Celviano de 88 teclas con acci\u00f3n de martillo a escala tri-sensor, color caf\u00e9, teclas de imitaci\u00f3n de \u00e9bano y marfil con 3 niveles de sensibilidad, fuente de sonido Morphing AiR multi dimensional, polifon\u00eda m\u00e1xima: 256 notas, layer\/split, ecualizador sincronizado de volumen, modo de aud\u00edfonos, simulador ac\u00fastico, resonancia de cuerdas, resonancia de amortiguador, ruido de amortiguador, simulador de tapa, efectos digitales: hall, coro, brillo, DSP (en algunos tonos), 10 canciones en modo Concert Play, 60 canciones en biblioteca, grabaci\u00f3n y reproducci\u00f3n de audio: m\u00e1ximo 99 canciones, 25 minutos por canci\u00f3n, USB Flash Drive en formato WAV a 44.1 kHz, 2 salidas de aud\u00edfonos, USB a host, USB a dispositivo, MIDI y conector de pedal, 2 altavoces de 12 cm y 2 altavoces de 4 cm, incluye adaptador de corriente AD-E24250LW, dimensiones: 1417 x 427 x 861 mm, peso: 43.4 kg.","og_url":"https:\/\/www.mexicanguitarplayers.com\/en\/tienda\/sin categor\u00eda\/piano-casio-celviano-ap-470bn\/","og_site_name":"Mexican Guitar Players","article_modified_time":"2026-01-01T14:57:23+00:00","twitter_card":"summary_large_image","twitter_misc":{"Est. reading time":"4 minutes"},"schema":{"@context":"https:\/\/schema.org","@graph":[{"@type":["WebPage","ItemPage"],"@id":"https:\/\/www.mexicanguitarplayers.com\/tienda\/sin categor\u00eda\/piano-casio-celviano-ap-470bn\/","url":"https:\/\/www.mexicanguitarplayers.com\/tienda\/sin categor\u00eda\/piano-casio-celviano-ap-470bn\/","name":"PIANO CASIO CELVIANO AP-470BN - Mexican Guitar Players","isPartOf":{"@id":"https:\/\/www.mexicanguitarplayers.com\/#website"},"primaryImageOfPage":{"@id":"https:\/\/www.mexicanguitarplayers.com\/tienda\/sin categor\u00eda\/piano-casio-celviano-ap-470bn\/#primaryimage"},"image":{"@id":"https:\/\/www.mexicanguitarplayers.com\/tienda\/sin categor\u00eda\/piano-casio-celviano-ap-470bn\/#primaryimage"},"thumbnailUrl":"https:\/\/www.mexicanguitarplayers.com\/wp-content\/uploads\/2025\/04\/ITCASAP470BN.jpg","datePublished":"2025-04-08T14:35:17+00:00","dateModified":"2026-01-01T14:57:23+00:00","description":"Piano digital Celviano de 88 teclas con acci\u00f3n de martillo a escala tri-sensor, color caf\u00e9, teclas de imitaci\u00f3n de \u00e9bano y marfil con 3 niveles de sensibilidad, fuente de sonido Morphing AiR multi dimensional, polifon\u00eda m\u00e1xima: 256 notas, layer\/split, ecualizador sincronizado de volumen, modo de aud\u00edfonos, simulador ac\u00fastico, resonancia de cuerdas, resonancia de amortiguador, ruido de amortiguador, simulador de tapa, efectos digitales: hall, coro, brillo, DSP (en algunos tonos), 10 canciones en modo Concert Play, 60 canciones en biblioteca, grabaci\u00f3n y reproducci\u00f3n de audio: m\u00e1ximo 99 canciones, 25 minutos por canci\u00f3n, USB Flash Drive en formato WAV a 44.1 kHz, 2 salidas de aud\u00edfonos, USB a host, USB a dispositivo, MIDI y conector de pedal, 2 altavoces de 12 cm y 2 altavoces de 4 cm, incluye adaptador de corriente AD-E24250LW, dimensiones: 1417 x 427 x 861 mm, peso: 43.4 kg.","breadcrumb":{"@id":"https:\/\/www.mexicanguitarplayers.com\/tienda\/sin categor\u00eda\/piano-casio-celviano-ap-470bn\/#breadcrumb"},"inLanguage":"en-US","potentialAction":[{"@type":"ReadAction","target":["https:\/\/www.mexicanguitarplayers.com\/tienda\/sin categor\u00eda\/piano-casio-celviano-ap-470bn\/"]}]},{"@type":"ImageObject","inLanguage":"en-US","@id":"https:\/\/www.mexicanguitarplayers.com\/tienda\/sin categor\u00eda\/piano-casio-celviano-ap-470bn\/#primaryimage","url":"https:\/\/www.mexicanguitarplayers.com\/wp-content\/uploads\/2025\/04\/ITCASAP470BN.jpg","contentUrl":"https:\/\/www.mexicanguitarplayers.com\/wp-content\/uploads\/2025\/04\/ITCASAP470BN.jpg","width":1200,"height":1200},{"@type":"BreadcrumbList","@id":"https:\/\/www.mexicanguitarplayers.com\/tienda\/sin categor\u00eda\/piano-casio-celviano-ap-470bn\/#breadcrumb","itemListElement":[{"@type":"ListItem","position":1,"name":"Portada","item":"https:\/\/www.mexicanguitarplayers.com\/"},{"@type":"ListItem","position":2,"name":"Tienda","item":"https:\/\/www.mexicanguitarplayers.com\/tienda\/"},{"@type":"ListItem","position":3,"name":"PIANO CASIO CELVIANO AP-470BN"}]},{"@type":"WebSite","@id":"https:\/\/www.mexicanguitarplayers.com\/#website","url":"https:\/\/www.mexicanguitarplayers.com\/","name":"Mexican Guitar Players","description":"Website","publisher":{"@id":"https:\/\/www.mexicanguitarplayers.com\/#organization"},"potentialAction":[{"@type":"SearchAction","target":{"@type":"EntryPoint","urlTemplate":"https:\/\/www.mexicanguitarplayers.com\/?s={search_term_string}"},"query-input":{"@type":"PropertyValueSpecification","valueRequired":true,"valueName":"search_term_string"}}],"inLanguage":"en-US"},{"@type":"Organization","@id":"https:\/\/www.mexicanguitarplayers.com\/#organization","name":"Mexican Guitar Players","url":"https:\/\/www.mexicanguitarplayers.com\/","logo":{"@type":"ImageObject","inLanguage":"en-US","@id":"https:\/\/www.mexicanguitarplayers.com\/#\/schema\/logo\/image\/","url":"","contentUrl":"","caption":"Mexican Guitar Players"},"image":{"@id":"https:\/\/www.mexicanguitarplayers.com\/#\/schema\/logo\/image\/"}}]}},"brands":[{"id":274,"name":"CASIO","slug":"casio"}],"_links":{"self":[{"href":"https:\/\/www.mexicanguitarplayers.com\/en\/wp-json\/wp\/v2\/product\/28661","targetHints":{"allow":["GET"]}}],"collection":[{"href":"https:\/\/www.mexicanguitarplayers.com\/en\/wp-json\/wp\/v2\/product"}],"about":[{"href":"https:\/\/www.mexicanguitarplayers.com\/en\/wp-json\/wp\/v2\/types\/product"}],"replies":[{"embeddable":true,"href":"https:\/\/www.mexicanguitarplayers.com\/en\/wp-json\/wp\/v2\/comments?post=28661"}],"wp:featuredmedia":[{"embeddable":true,"href":"https:\/\/www.mexicanguitarplayers.com\/en\/wp-json\/wp\/v2\/media\/28652"}],"wp:attachment":[{"href":"https:\/\/www.mexicanguitarplayers.com\/en\/wp-json\/wp\/v2\/media?parent=28661"}],"wp:term":[{"taxonomy":"pwb-brand","embeddable":true,"href":"https:\/\/www.mexicanguitarplayers.com\/en\/wp-json\/wp\/v2\/pwb-brand?post=28661"},{"taxonomy":"product_brand","embeddable":true,"href":"https:\/\/www.mexicanguitarplayers.com\/en\/wp-json\/wp\/v2\/product_brand?post=28661"},{"taxonomy":"product_cat","embeddable":true,"href":"https:\/\/www.mexicanguitarplayers.com\/en\/wp-json\/wp\/v2\/product_cat?post=28661"},{"taxonomy":"product_tag","embeddable":true,"href":"https:\/\/www.mexicanguitarplayers.com\/en\/wp-json\/wp\/v2\/product_tag?post=28661"}],"curies":[{"name":"wp","href":"https:\/\/api.w.org\/{rel}","templated":true}]}}