{"id":28683,"date":"2025-04-08T08:35:43","date_gmt":"2025-04-08T14:35:43","guid":{"rendered":"https:\/\/www.mexicanguitarplayers.com\/tienda\/sin categor\u00eda\/audifonos-behringer-mod-mo240\/"},"modified":"2026-03-30T22:15:16","modified_gmt":"2026-03-31T04:15:16","slug":"audifonos-behringer-mod-mo240","status":"publish","type":"product","link":"https:\/\/www.mexicanguitarplayers.com\/en\/tienda\/audio\/audifonos\/audifono-alambrico\/audifono-para-estudio\/audifonos-behringer-mod-mo240\/","title":{"rendered":"AUDIFONOS BEHRINGER MOD. MO240"},"content":{"rendered":"<div style=\"text-align: justify\">\n<div>\n<h3>Monitores de estudio premium para profesionales.<\/h3>\n<\/div>\n<div>Ya sea que est\u00e9s mezclando una grabaci\u00f3n o monitoreando una l\u00ednea de bajo, deseas aud\u00edfonos que proporcionen graves ultraprofundos y agudos s\u00faper transparentes en un rango din\u00e1mico ultra amplio. Nuestros monitores in-ears MO240 se adaptan a tus necesidades de componer tus propias melod\u00edas en paz sin importar d\u00f3nde te encuentres a un precio que se adapta a todos los presupuestos. El verdadero compa\u00f1ero de m\u00fasicos y compositores, el cable blindado electromagn\u00e9ticamente de alta calidad a\u00edsla todos los ruidos cercanos presentes en un entorno de estudio lleno de dispositivos electr\u00f3nicos. Los microcontroladores h\u00edbridos duales de primer nivel brindan audio de alta fidelidad para instrumentos y voces. Driver de armadura equilibrada ajustado para una respuesta de alta frecuencia extendida y driver din\u00e1mico de neodimio para graves ultra profundos. El dise\u00f1o ultra ligero y seguro para colocar sobre la oreja de estos monitores, te permite mantenerlos encendidos durante sesiones prolongadas de estudio, chat y sesiones de gaming sin sentir ning\u00fan peso sobre tu cabeza. Los 3 sets de tapones ultra suaves para los o\u00eddos brindan un ajuste perfecto para todos los o\u00eddos con una comodidad duradera. El deslizador de cable en l\u00ednea brinda ayuda adicional para mantener tus aud\u00edfonos seguros y sin enredos. MO240 viene con un cable desmontable con conector MMCX chapado en oro giratorio de 360 grados brinda opciones de conectividad vers\u00e1tiles para adaptadores MMCX compatibles. Puedes comprar el adaptador Behringer BT251-BK BT (no incluido) para tu libertad inal\u00e1mbrica. Se incluye un estuche Behringer de alta calidad con cierre y clip de metal para mayor comodidad y portabilidad. Con el paquete obtienes una herramienta de limpieza de aud\u00edfonos para deshacerte de la cera que se acumula en los aud\u00edfonos despu\u00e9s de un uso prolongado.<\/div>\n<div>\n<h4>Quick look<\/h4>\n<\/div>\n<ul style=\"margin: 0px 0px 0px 25px\">\n<li style=\"list-style-type: circle;margin: 5px\">Driver.<\/li>\n<li style=\"list-style-type: circle;margin: 5px\">Frecuencia de crossover.<\/li>\n<li style=\"list-style-type: circle;margin: 5px\">Impedance.<\/li>\n<li style=\"list-style-type: circle;margin: 5px\">Frequency response.<\/li>\n<li style=\"list-style-type: circle;margin: 5px\">Nivel de presi\u00f3n sonora (SPL).<\/li>\n<li style=\"list-style-type: circle;margin: 5px\">Potencia nominal.<\/li>\n<li style=\"list-style-type: circle;margin: 5px\">Potencia pico.<\/li>\n<li style=\"list-style-type: circle;margin: 5px\">Cable.<\/li>\n<li style=\"list-style-type: circle;margin: 5px\">Connector<\/li>\n<li style=\"list-style-type: circle;margin: 5px\">Longitud del cable.<\/li>\n<li style=\"list-style-type: circle;margin: 5px\">Plug.<\/li>\n<li style=\"list-style-type: circle;margin: 5px\">Adaptador.<\/li>\n<\/ul>\n<div>\n<div style=\"font-weight: bold\">Driver.<\/div>\n<div>\n<p>Armadura din\u00e1mica y equilibrada.<\/p>\n<\/div>\n<div style=\"font-weight: bold\">Frecuencia de crossover.<\/div>\n<div>\n<p>500 Hz.<\/p>\n<\/div>\n<div style=\"font-weight: bold\">Impedance.<\/div>\n<div>\n<p>32 ohms.<\/p>\n<\/div>\n<div style=\"font-weight: bold\">Frequency response.<\/div>\n<div>\n<p>20 Hz a 20 kHz.<\/p>\n<\/div>\n<div style=\"font-weight: bold\">Nivel de presi\u00f3n sonora (SPL).<\/div>\n<div>\n<p>93 dB @ 1 kHz (102 dB pico).<\/p>\n<\/div>\n<div style=\"font-weight: bold\">Potencia nominal.<\/div>\n<div>\n<p>3 mW.<\/p>\n<\/div>\n<div style=\"font-weight: bold\">Potencia pico.<\/div>\n<div>\n<p>5 mW.<\/p>\n<\/div>\n<div style=\"font-weight: bold\">Cable.<\/div>\n<div>\n<p>Blindado, desmontable.<\/p>\n<\/div>\n<div style=\"font-weight: bold\">Connector<\/div>\n<div>\n<p>Conector MMCX.<\/p>\n<\/div>\n<div style=\"font-weight: bold\">Longitud del cable.<\/div>\n<div>\n<p>1.5 m (59&#8243; pulgadas).<\/p>\n<\/div>\n<div style=\"font-weight: bold\">Plug.<\/div>\n<div>\n<p>3.5 mm, est\u00e9reo.<\/p>\n<\/div>\n<div style=\"font-weight: bold\">Adaptador.<\/div>\n<div>\n<p>6.3 mm, chapado en oro.<\/p>\n<\/div>\n<\/div>\n<\/div>","protected":false},"excerpt":{"rendered":"<p>Aud\u00edfonos de monitoreo para estudio con drivers duales h\u00edbridos, microcontroladores de armadura \u00fanica din\u00e1mica y equilibrada que ofrecen graves completos y agudos detallados, respuesta de frecuencia ultra lineal de 20 Hz a 20 kHz, el dise\u00f1o del aislamiento de sonido bloquea el ruido exterior para una experiencia musical detallada, el dise\u00f1o seguro del cable sobre la oreja garantiza la estabilidad y la comodidad dentro de la oreja, rendimiento optimizado con una calidad de sonido excepcional para usar con una amplia gama de dispositivos de audio, cable desmontable de 59\u201d pulgadas (150 cm) con conector de cierre a presi\u00f3n MMCX enchapado en oro giratorio de 360 grandes para flexibilidad y opciones de conectividad vers\u00e1tiles, estuche con cierre incluido para disfrutar de tu m\u00fasica mientras viajas, incluye tapones para los o\u00eddos de espuma y silicona en 3 tama\u00f1os para garantizar un ajuste perfecto.&hellip; <a class=\"kt-excerpt-readmore more-link\" href=\"https:\/\/www.mexicanguitarplayers.com\/en\/tienda\/audio\/audifonos\/audifono-alambrico\/audifono-para-estudio\/audifonos-behringer-mod-mo240\/\">Read more<\/a><\/p>","protected":false},"featured_media":28678,"comment_status":"open","ping_status":"closed","template":"","meta":{"kt_blocks_editor_width":""},"pwb-brand":[171],"product_brand":[],"product_cat":[506,507,505,213],"product_tag":[],"class_list":{"0":"post-28683","1":"product","2":"type-product","3":"status-publish","4":"has-post-thumbnail","6":"pwb-brand-behringer","7":"product_cat-audifono-alambrico","8":"product_cat-audifono-para-estudio","9":"product_cat-audifonos","10":"product_cat-audio","11":"product_shipping_class-0-5-kg","13":"first","14":"instock","15":"taxable","16":"shipping-taxable","17":"purchasable","18":"product-type-simple"},"yoast_head":"<!-- This site is optimized with the Yoast SEO plugin v27.3 - https:\/\/yoast.com\/product\/yoast-seo-wordpress\/ -->\n<title>AUDIFONOS BEHRINGER MOD. MO240 - Mexican Guitar Players<\/title>\n<meta name=\"description\" content=\"Aud\u00edfonos de monitoreo para estudio con drivers duales h\u00edbridos, microcontroladores de armadura \u00fanica din\u00e1mica y equilibrada que ofrecen graves completos y agudos detallados, respuesta de frecuencia ultra lineal de 20 Hz a 20 kHz, el dise\u00f1o del aislamiento de sonido bloquea el ruido exterior para una experiencia musical detallada, el dise\u00f1o seguro del cable sobre la oreja garantiza la estabilidad y la comodidad dentro de la oreja, rendimiento optimizado con una calidad de sonido excepcional para usar con una amplia gama de dispositivos de audio, cable desmontable de 59\u201d pulgadas (150 cm) con conector de cierre a presi\u00f3n MMCX enchapado en oro giratorio de 360 grandes para flexibilidad y opciones de conectividad vers\u00e1tiles, estuche con cierre incluido para disfrutar de tu m\u00fasica mientras viajas, incluye tapones para los o\u00eddos de espuma y silicona en 3 tama\u00f1os para garantizar un ajuste perfecto.\" \/>\n<meta name=\"robots\" content=\"index, follow, max-snippet:-1, max-image-preview:large, max-video-preview:-1\" \/>\n<link rel=\"canonical\" href=\"https:\/\/www.mexicanguitarplayers.com\/en\/tienda\/sin%20categor\u00eda\/audifonos-behringer-mod-mo240\/\" \/>\n<meta property=\"og:locale\" content=\"en_US\" \/>\n<meta property=\"og:type\" content=\"article\" \/>\n<meta property=\"og:title\" content=\"AUDIFONOS BEHRINGER MOD. MO240 - Mexican Guitar Players\" \/>\n<meta property=\"og:description\" content=\"Aud\u00edfonos de monitoreo para estudio con drivers duales h\u00edbridos, microcontroladores de armadura \u00fanica din\u00e1mica y equilibrada que ofrecen graves completos y agudos detallados, respuesta de frecuencia ultra lineal de 20 Hz a 20 kHz, el dise\u00f1o del aislamiento de sonido bloquea el ruido exterior para una experiencia musical detallada, el dise\u00f1o seguro del cable sobre la oreja garantiza la estabilidad y la comodidad dentro de la oreja, rendimiento optimizado con una calidad de sonido excepcional para usar con una amplia gama de dispositivos de audio, cable desmontable de 59\u201d pulgadas (150 cm) con conector de cierre a presi\u00f3n MMCX enchapado en oro giratorio de 360 grandes para flexibilidad y opciones de conectividad vers\u00e1tiles, estuche con cierre incluido para disfrutar de tu m\u00fasica mientras viajas, incluye tapones para los o\u00eddos de espuma y silicona en 3 tama\u00f1os para garantizar un ajuste perfecto.\" \/>\n<meta property=\"og:url\" content=\"https:\/\/www.mexicanguitarplayers.com\/en\/tienda\/sin categor\u00eda\/audifonos-behringer-mod-mo240\/\" \/>\n<meta property=\"og:site_name\" content=\"Mexican Guitar Players\" \/>\n<meta property=\"article:modified_time\" content=\"2026-03-31T04:15:16+00:00\" \/>\n<meta name=\"twitter:card\" content=\"summary_large_image\" \/>\n<meta name=\"twitter:label1\" content=\"Est. reading time\" \/>\n\t<meta name=\"twitter:data1\" content=\"2 minutes\" \/>\n<script type=\"application\/ld+json\" class=\"yoast-schema-graph\">{\"@context\":\"https:\\\/\\\/schema.org\",\"@graph\":[{\"@type\":[\"WebPage\",\"ItemPage\"],\"@id\":\"https:\\\/\\\/www.mexicanguitarplayers.com\\\/tienda\\\/sin categor\u00eda\\\/audifonos-behringer-mod-mo240\\\/\",\"url\":\"https:\\\/\\\/www.mexicanguitarplayers.com\\\/tienda\\\/sin categor\u00eda\\\/audifonos-behringer-mod-mo240\\\/\",\"name\":\"AUDIFONOS BEHRINGER MOD. MO240 - Mexican Guitar Players\",\"isPartOf\":{\"@id\":\"https:\\\/\\\/www.mexicanguitarplayers.com\\\/#website\"},\"primaryImageOfPage\":{\"@id\":\"https:\\\/\\\/www.mexicanguitarplayers.com\\\/tienda\\\/sin categor\u00eda\\\/audifonos-behringer-mod-mo240\\\/#primaryimage\"},\"image\":{\"@id\":\"https:\\\/\\\/www.mexicanguitarplayers.com\\\/tienda\\\/sin categor\u00eda\\\/audifonos-behringer-mod-mo240\\\/#primaryimage\"},\"thumbnailUrl\":\"https:\\\/\\\/www.mexicanguitarplayers.com\\\/wp-content\\\/uploads\\\/2025\\\/04\\\/VABEHMO240.jpg\",\"datePublished\":\"2025-04-08T14:35:43+00:00\",\"dateModified\":\"2026-03-31T04:15:16+00:00\",\"description\":\"Aud\u00edfonos de monitoreo para estudio con drivers duales h\u00edbridos, microcontroladores de armadura \u00fanica din\u00e1mica y equilibrada que ofrecen graves completos y agudos detallados, respuesta de frecuencia ultra lineal de 20 Hz a 20 kHz, el dise\u00f1o del aislamiento de sonido bloquea el ruido exterior para una experiencia musical detallada, el dise\u00f1o seguro del cable sobre la oreja garantiza la estabilidad y la comodidad dentro de la oreja, rendimiento optimizado con una calidad de sonido excepcional para usar con una amplia gama de dispositivos de audio, cable desmontable de 59\u201d pulgadas (150 cm) con conector de cierre a presi\u00f3n MMCX enchapado en oro giratorio de 360 grandes para flexibilidad y opciones de conectividad vers\u00e1tiles, estuche con cierre incluido para disfrutar de tu m\u00fasica mientras viajas, incluye tapones para los o\u00eddos de espuma y silicona en 3 tama\u00f1os para garantizar un ajuste perfecto.\",\"breadcrumb\":{\"@id\":\"https:\\\/\\\/www.mexicanguitarplayers.com\\\/tienda\\\/sin categor\u00eda\\\/audifonos-behringer-mod-mo240\\\/#breadcrumb\"},\"inLanguage\":\"en-US\",\"potentialAction\":[{\"@type\":\"ReadAction\",\"target\":[\"https:\\\/\\\/www.mexicanguitarplayers.com\\\/tienda\\\/sin categor\u00eda\\\/audifonos-behringer-mod-mo240\\\/\"]}]},{\"@type\":\"ImageObject\",\"inLanguage\":\"en-US\",\"@id\":\"https:\\\/\\\/www.mexicanguitarplayers.com\\\/tienda\\\/sin categor\u00eda\\\/audifonos-behringer-mod-mo240\\\/#primaryimage\",\"url\":\"https:\\\/\\\/www.mexicanguitarplayers.com\\\/wp-content\\\/uploads\\\/2025\\\/04\\\/VABEHMO240.jpg\",\"contentUrl\":\"https:\\\/\\\/www.mexicanguitarplayers.com\\\/wp-content\\\/uploads\\\/2025\\\/04\\\/VABEHMO240.jpg\",\"width\":1200,\"height\":1200},{\"@type\":\"BreadcrumbList\",\"@id\":\"https:\\\/\\\/www.mexicanguitarplayers.com\\\/tienda\\\/sin categor\u00eda\\\/audifonos-behringer-mod-mo240\\\/#breadcrumb\",\"itemListElement\":[{\"@type\":\"ListItem\",\"position\":1,\"name\":\"Portada\",\"item\":\"https:\\\/\\\/www.mexicanguitarplayers.com\\\/\"},{\"@type\":\"ListItem\",\"position\":2,\"name\":\"Tienda\",\"item\":\"https:\\\/\\\/www.mexicanguitarplayers.com\\\/tienda\\\/\"},{\"@type\":\"ListItem\",\"position\":3,\"name\":\"AUDIFONOS BEHRINGER MOD. MO240\"}]},{\"@type\":\"WebSite\",\"@id\":\"https:\\\/\\\/www.mexicanguitarplayers.com\\\/#website\",\"url\":\"https:\\\/\\\/www.mexicanguitarplayers.com\\\/\",\"name\":\"Mexican Guitar Players\",\"description\":\"Website\",\"publisher\":{\"@id\":\"https:\\\/\\\/www.mexicanguitarplayers.com\\\/#organization\"},\"potentialAction\":[{\"@type\":\"SearchAction\",\"target\":{\"@type\":\"EntryPoint\",\"urlTemplate\":\"https:\\\/\\\/www.mexicanguitarplayers.com\\\/?s={search_term_string}\"},\"query-input\":{\"@type\":\"PropertyValueSpecification\",\"valueRequired\":true,\"valueName\":\"search_term_string\"}}],\"inLanguage\":\"en-US\"},{\"@type\":\"Organization\",\"@id\":\"https:\\\/\\\/www.mexicanguitarplayers.com\\\/#organization\",\"name\":\"Mexican Guitar Players\",\"url\":\"https:\\\/\\\/www.mexicanguitarplayers.com\\\/\",\"logo\":{\"@type\":\"ImageObject\",\"inLanguage\":\"en-US\",\"@id\":\"https:\\\/\\\/www.mexicanguitarplayers.com\\\/#\\\/schema\\\/logo\\\/image\\\/\",\"url\":\"\",\"contentUrl\":\"\",\"caption\":\"Mexican Guitar Players\"},\"image\":{\"@id\":\"https:\\\/\\\/www.mexicanguitarplayers.com\\\/#\\\/schema\\\/logo\\\/image\\\/\"}}]}<\/script>\n<!-- \/ Yoast SEO plugin. -->","yoast_head_json":{"title":"AUDIFONOS BEHRINGER MOD. MO240 - Mexican Guitar Players","description":"Aud\u00edfonos de monitoreo para estudio con drivers duales h\u00edbridos, microcontroladores de armadura \u00fanica din\u00e1mica y equilibrada que ofrecen graves completos y agudos detallados, respuesta de frecuencia ultra lineal de 20 Hz a 20 kHz, el dise\u00f1o del aislamiento de sonido bloquea el ruido exterior para una experiencia musical detallada, el dise\u00f1o seguro del cable sobre la oreja garantiza la estabilidad y la comodidad dentro de la oreja, rendimiento optimizado con una calidad de sonido excepcional para usar con una amplia gama de dispositivos de audio, cable desmontable de 59\u201d pulgadas (150 cm) con conector de cierre a presi\u00f3n MMCX enchapado en oro giratorio de 360 grandes para flexibilidad y opciones de conectividad vers\u00e1tiles, estuche con cierre incluido para disfrutar de tu m\u00fasica mientras viajas, incluye tapones para los o\u00eddos de espuma y silicona en 3 tama\u00f1os para garantizar un ajuste perfecto.","robots":{"index":"index","follow":"follow","max-snippet":"max-snippet:-1","max-image-preview":"max-image-preview:large","max-video-preview":"max-video-preview:-1"},"canonical":"https:\/\/www.mexicanguitarplayers.com\/en\/tienda\/sin categor\u00eda\/audifonos-behringer-mod-mo240\/","og_locale":"en_US","og_type":"article","og_title":"AUDIFONOS BEHRINGER MOD. MO240 - Mexican Guitar Players","og_description":"Aud\u00edfonos de monitoreo para estudio con drivers duales h\u00edbridos, microcontroladores de armadura \u00fanica din\u00e1mica y equilibrada que ofrecen graves completos y agudos detallados, respuesta de frecuencia ultra lineal de 20 Hz a 20 kHz, el dise\u00f1o del aislamiento de sonido bloquea el ruido exterior para una experiencia musical detallada, el dise\u00f1o seguro del cable sobre la oreja garantiza la estabilidad y la comodidad dentro de la oreja, rendimiento optimizado con una calidad de sonido excepcional para usar con una amplia gama de dispositivos de audio, cable desmontable de 59\u201d pulgadas (150 cm) con conector de cierre a presi\u00f3n MMCX enchapado en oro giratorio de 360 grandes para flexibilidad y opciones de conectividad vers\u00e1tiles, estuche con cierre incluido para disfrutar de tu m\u00fasica mientras viajas, incluye tapones para los o\u00eddos de espuma y silicona en 3 tama\u00f1os para garantizar un ajuste perfecto.","og_url":"https:\/\/www.mexicanguitarplayers.com\/en\/tienda\/sin categor\u00eda\/audifonos-behringer-mod-mo240\/","og_site_name":"Mexican Guitar Players","article_modified_time":"2026-03-31T04:15:16+00:00","twitter_card":"summary_large_image","twitter_misc":{"Est. reading time":"2 minutes"},"schema":{"@context":"https:\/\/schema.org","@graph":[{"@type":["WebPage","ItemPage"],"@id":"https:\/\/www.mexicanguitarplayers.com\/tienda\/sin categor\u00eda\/audifonos-behringer-mod-mo240\/","url":"https:\/\/www.mexicanguitarplayers.com\/tienda\/sin categor\u00eda\/audifonos-behringer-mod-mo240\/","name":"AUDIFONOS BEHRINGER MOD. MO240 - Mexican Guitar Players","isPartOf":{"@id":"https:\/\/www.mexicanguitarplayers.com\/#website"},"primaryImageOfPage":{"@id":"https:\/\/www.mexicanguitarplayers.com\/tienda\/sin categor\u00eda\/audifonos-behringer-mod-mo240\/#primaryimage"},"image":{"@id":"https:\/\/www.mexicanguitarplayers.com\/tienda\/sin categor\u00eda\/audifonos-behringer-mod-mo240\/#primaryimage"},"thumbnailUrl":"https:\/\/www.mexicanguitarplayers.com\/wp-content\/uploads\/2025\/04\/VABEHMO240.jpg","datePublished":"2025-04-08T14:35:43+00:00","dateModified":"2026-03-31T04:15:16+00:00","description":"Aud\u00edfonos de monitoreo para estudio con drivers duales h\u00edbridos, microcontroladores de armadura \u00fanica din\u00e1mica y equilibrada que ofrecen graves completos y agudos detallados, respuesta de frecuencia ultra lineal de 20 Hz a 20 kHz, el dise\u00f1o del aislamiento de sonido bloquea el ruido exterior para una experiencia musical detallada, el dise\u00f1o seguro del cable sobre la oreja garantiza la estabilidad y la comodidad dentro de la oreja, rendimiento optimizado con una calidad de sonido excepcional para usar con una amplia gama de dispositivos de audio, cable desmontable de 59\u201d pulgadas (150 cm) con conector de cierre a presi\u00f3n MMCX enchapado en oro giratorio de 360 grandes para flexibilidad y opciones de conectividad vers\u00e1tiles, estuche con cierre incluido para disfrutar de tu m\u00fasica mientras viajas, incluye tapones para los o\u00eddos de espuma y silicona en 3 tama\u00f1os para garantizar un ajuste perfecto.","breadcrumb":{"@id":"https:\/\/www.mexicanguitarplayers.com\/tienda\/sin categor\u00eda\/audifonos-behringer-mod-mo240\/#breadcrumb"},"inLanguage":"en-US","potentialAction":[{"@type":"ReadAction","target":["https:\/\/www.mexicanguitarplayers.com\/tienda\/sin categor\u00eda\/audifonos-behringer-mod-mo240\/"]}]},{"@type":"ImageObject","inLanguage":"en-US","@id":"https:\/\/www.mexicanguitarplayers.com\/tienda\/sin categor\u00eda\/audifonos-behringer-mod-mo240\/#primaryimage","url":"https:\/\/www.mexicanguitarplayers.com\/wp-content\/uploads\/2025\/04\/VABEHMO240.jpg","contentUrl":"https:\/\/www.mexicanguitarplayers.com\/wp-content\/uploads\/2025\/04\/VABEHMO240.jpg","width":1200,"height":1200},{"@type":"BreadcrumbList","@id":"https:\/\/www.mexicanguitarplayers.com\/tienda\/sin categor\u00eda\/audifonos-behringer-mod-mo240\/#breadcrumb","itemListElement":[{"@type":"ListItem","position":1,"name":"Portada","item":"https:\/\/www.mexicanguitarplayers.com\/"},{"@type":"ListItem","position":2,"name":"Tienda","item":"https:\/\/www.mexicanguitarplayers.com\/tienda\/"},{"@type":"ListItem","position":3,"name":"AUDIFONOS BEHRINGER MOD. MO240"}]},{"@type":"WebSite","@id":"https:\/\/www.mexicanguitarplayers.com\/#website","url":"https:\/\/www.mexicanguitarplayers.com\/","name":"Mexican Guitar Players","description":"Website","publisher":{"@id":"https:\/\/www.mexicanguitarplayers.com\/#organization"},"potentialAction":[{"@type":"SearchAction","target":{"@type":"EntryPoint","urlTemplate":"https:\/\/www.mexicanguitarplayers.com\/?s={search_term_string}"},"query-input":{"@type":"PropertyValueSpecification","valueRequired":true,"valueName":"search_term_string"}}],"inLanguage":"en-US"},{"@type":"Organization","@id":"https:\/\/www.mexicanguitarplayers.com\/#organization","name":"Mexican Guitar Players","url":"https:\/\/www.mexicanguitarplayers.com\/","logo":{"@type":"ImageObject","inLanguage":"en-US","@id":"https:\/\/www.mexicanguitarplayers.com\/#\/schema\/logo\/image\/","url":"","contentUrl":"","caption":"Mexican Guitar Players"},"image":{"@id":"https:\/\/www.mexicanguitarplayers.com\/#\/schema\/logo\/image\/"}}]}},"brands":[{"id":171,"name":"BEHRINGER","slug":"behringer"}],"_links":{"self":[{"href":"https:\/\/www.mexicanguitarplayers.com\/en\/wp-json\/wp\/v2\/product\/28683","targetHints":{"allow":["GET"]}}],"collection":[{"href":"https:\/\/www.mexicanguitarplayers.com\/en\/wp-json\/wp\/v2\/product"}],"about":[{"href":"https:\/\/www.mexicanguitarplayers.com\/en\/wp-json\/wp\/v2\/types\/product"}],"replies":[{"embeddable":true,"href":"https:\/\/www.mexicanguitarplayers.com\/en\/wp-json\/wp\/v2\/comments?post=28683"}],"wp:featuredmedia":[{"embeddable":true,"href":"https:\/\/www.mexicanguitarplayers.com\/en\/wp-json\/wp\/v2\/media\/28678"}],"wp:attachment":[{"href":"https:\/\/www.mexicanguitarplayers.com\/en\/wp-json\/wp\/v2\/media?parent=28683"}],"wp:term":[{"taxonomy":"pwb-brand","embeddable":true,"href":"https:\/\/www.mexicanguitarplayers.com\/en\/wp-json\/wp\/v2\/pwb-brand?post=28683"},{"taxonomy":"product_brand","embeddable":true,"href":"https:\/\/www.mexicanguitarplayers.com\/en\/wp-json\/wp\/v2\/product_brand?post=28683"},{"taxonomy":"product_cat","embeddable":true,"href":"https:\/\/www.mexicanguitarplayers.com\/en\/wp-json\/wp\/v2\/product_cat?post=28683"},{"taxonomy":"product_tag","embeddable":true,"href":"https:\/\/www.mexicanguitarplayers.com\/en\/wp-json\/wp\/v2\/product_tag?post=28683"}],"curies":[{"name":"wp","href":"https:\/\/api.w.org\/{rel}","templated":true}]}}