{"id":28780,"date":"2025-04-08T08:38:13","date_gmt":"2025-04-08T14:38:13","guid":{"rendered":"https:\/\/www.mexicanguitarplayers.com\/tienda\/sin categor\u00eda\/pastilla-f-fluence-8-cdas-prf-ms8-ta2\/"},"modified":"2026-04-10T04:39:42","modified_gmt":"2026-04-10T10:39:42","slug":"pastilla-f-fluence-8-cdas-prf-ms8-ta2","status":"publish","type":"product","link":"https:\/\/www.mexicanguitarplayers.com\/en\/tienda\/accesorios\/para-guitarras\/pastillas-para-guitarra-electrica\/pastilla-f-fluence-8-cdas-prf-ms8-ta2\/","title":{"rendered":"PASTILLA F.FLUENCE 8 CDAS.  PRF-MS8-TA2"},"content":{"rendered":"<div style=\"text-align: justify\">\n<div>\n<h3>El gran sonido de Tosin Abasi.<\/h3>\n<\/div>\n<div>Tosin Abasi ha dominado un amplio rango de estilos y t\u00e9cnicas musicales, por lo que no deber\u00eda sorprender a nadie  que su serie de pastillas presente la m\u00e1s diversa mezcla de tonos empaquetados en cualquier pastilla Fluence hasta la fecha. Siempre a la vanguardia, los tonos de Tosin desaf\u00edan a lo convencional. Esto llev\u00f3 a Fluence a desbloquear los sonidos que previamente hab\u00edan quedado atrapados en la cabeza de Tosin. El set de Tosin Abasi es \u00fanico en la forma en la que hace que m\u00faltiples combinaciones de bobinas est\u00e9n disponibles, junto con las diferentes voces. Incluso el circuito magn\u00e9tico est\u00e1 sintonizado con las piezas polares y un im\u00e1n de cuchilla combinado en la posici\u00f3n del brazo para una aut\u00e9ntica interacci\u00f3n de Single Coil. Para el puente y le brazo, la Voz 1 comienza con nuestra moderna receta y engorda el rango medio mientras se ajusta el nivel de salida al gusto de Tosin. La Voz 2 es brillante y limpia, con un agudo extremadamente detallado y r\u00e1pido para un ataque percusivo y limpios cristalinos. En el puente, la Voz 2 es un rock cl\u00e1sico y un tono hard rock que se funde en cualquier mezcla o show. El rango medio cortante de un \u201cbunker\u201d sobrecargado con los v\u00e9rtices vidriosos de un P.A.F. vintage. Entonces, el modo Single Coil tiene su propia voz \u00fanica. La pastilla del brazo recuerda una Tele vintage y la pastilla del puente se centra en los tonos \u201c2 y 4\u201d tipo Strat.<\/div>\n<div>\n<h4>Quick look<\/h4>\n<\/div>\n<ul style=\"margin: 0px 0px 0px 25px\">\n<li style=\"list-style-type: circle;margin: 5px\">Humbucker de cer\u00e1mica.<\/li>\n<li style=\"list-style-type: circle;margin: 5px\">Humbucker de alnico.<\/li>\n<li style=\"list-style-type: circle;margin: 5px\">Voz 1.<\/li>\n<li style=\"list-style-type: circle;margin: 5px\">Voz 2.<\/li>\n<li style=\"list-style-type: circle;margin: 5px\">Voz 3.<\/li>\n<li style=\"list-style-type: circle;margin: 5px\">Drums.<\/li>\n<li style=\"list-style-type: circle;margin: 5px\">Vida de la bater\u00eda.<\/li>\n<\/ul>\n<div>\n<div style=\"font-weight: bold\">Humbucker de cer\u00e1mica.<\/div>\n<div>\n<p>Frecuencia pico: VOZ 1: 750 Hz. VOZ 2: 1.4 kHz. VOZ 3: (Single Coil) 7.8 kHz. MATERIAL MAGNETICO: Ceramic VIII. CIRCUITO MAGNETICO: Barras magn\u00e9ticas con cuchillas. FUERZA GAUSS: Fuerza de 140 gauss en cuerda. IMPEDANCIA DE SALIDA: 2 kilo-ohms. CONSUMO DE CORRIENTE: 2.5 mA.<\/p>\n<\/div>\n<div style=\"font-weight: bold\">Humbucker de alnico.<\/div>\n<div>\n<p>Frecuencia pico: VOZ 1: 420 Hz. VOZ 2: 1.6 kHz. VOZ 3: (Single Coil) 5.8 kHz. MATERIAL MAGNETICO: Alnico IV \/ V. CIRCUITO MAGNETICO: Alnico IV (Poles) \/ Alnico V (Bar Magnet). FUERZA GAUSS: Fuerza de 120 gauss en cuerda. IMPEDANCIA DE SALIDA: 2 kilo-ohms. CONSUMO DE CORRIENTE: 2.5 mA.<\/p>\n<\/div>\n<div style=\"font-weight: bold\">Voz 1.<\/div>\n<div>\n<p>Moderno, agresivo, pesado, con un rango medio audaz que no interfiere con los agudos y los graves.<\/p>\n<\/div>\n<div style=\"font-weight: bold\">Voz 2.<\/div>\n<div>\n<p>La pastilla pasiva perfecta alrededor del rango extendido entero. Profundo pero cridstalino en el brazo, fuerte pero cortante en el puente.<\/p>\n<\/div>\n<div style=\"font-weight: bold\">Voz 3.<\/div>\n<div>\n<p>Single Coil \u2013 Vidrioso, recogido, de alta fidelidad.<\/p>\n<\/div>\n<div style=\"font-weight: bold\">Drums.<\/div>\n<div>\n<p>9V o paquete opcional de bater\u00eda recargable.<\/p>\n<\/div>\n<div style=\"font-weight: bold\">Vida de la bater\u00eda.<\/div>\n<div>\n<p>Hasta 100 horas. <\/p>\n<\/div>\n<\/div>\n<\/div>","protected":false},"excerpt":{"rendered":"<p>Set de humbucker Fluence Signature Series Tosin Abasi, 1 cer\u00e1mica (puente) y 1 alnico (brazo o al centro), para guitarras de 8 cuerdas, todos los componentes necesarios para lograr el esquema de cableado de Tosin (menos el selector de pastillas), perillas de volumen y tono, selector push-pull para perilla para usar en posici\u00f3n de volumen o tono, todo el cableado requerido para su instalaci\u00f3n.&hellip; <a class=\"kt-excerpt-readmore more-link\" href=\"https:\/\/www.mexicanguitarplayers.com\/en\/tienda\/accesorios\/para-guitarras\/pastillas-para-guitarra-electrica\/pastilla-f-fluence-8-cdas-prf-ms8-ta2\/\">Read more<\/a><\/p>","protected":false},"featured_media":28779,"comment_status":"open","ping_status":"closed","template":"","meta":{"kt_blocks_editor_width":""},"pwb-brand":[248],"product_brand":[],"product_cat":[85,336,353],"product_tag":[],"class_list":{"0":"post-28780","1":"product","2":"type-product","3":"status-publish","4":"has-post-thumbnail","6":"pwb-brand-fishman","7":"product_cat-accesorios","8":"product_cat-para-guitarras","9":"product_cat-pastillas-para-guitarra-electrica","10":"product_shipping_class-0-5-kg","12":"first","13":"outofstock","14":"taxable","15":"shipping-taxable","16":"purchasable","17":"product-type-simple"},"yoast_head":"<!-- This site is optimized with the Yoast SEO plugin v27.5 - https:\/\/yoast.com\/product\/yoast-seo-wordpress\/ -->\n<title>PASTILLA F.FLUENCE 8 CDAS. PRF-MS8-TA2 - Mexican Guitar Players<\/title>\n<meta name=\"description\" content=\"Set de humbucker Fluence Signature Series Tosin Abasi, 1 cer\u00e1mica (puente) y 1 alnico (brazo o al centro), para guitarras de 8 cuerdas, todos los componentes necesarios para lograr el esquema de cableado de Tosin (menos el selector de pastillas), perillas de volumen y tono, selector push-pull para perilla para usar en posici\u00f3n de volumen o tono, todo el cableado requerido para su instalaci\u00f3n.\" \/>\n<meta name=\"robots\" content=\"index, follow, max-snippet:-1, max-image-preview:large, max-video-preview:-1\" \/>\n<link rel=\"canonical\" href=\"https:\/\/www.mexicanguitarplayers.com\/en\/tienda\/sin%20categor\u00eda\/pastilla-f-fluence-8-cdas-prf-ms8-ta2\/\" \/>\n<meta property=\"og:locale\" content=\"en_US\" \/>\n<meta property=\"og:type\" content=\"article\" \/>\n<meta property=\"og:title\" content=\"PASTILLA F.FLUENCE 8 CDAS. PRF-MS8-TA2 - Mexican Guitar Players\" \/>\n<meta property=\"og:description\" content=\"Set de humbucker Fluence Signature Series Tosin Abasi, 1 cer\u00e1mica (puente) y 1 alnico (brazo o al centro), para guitarras de 8 cuerdas, todos los componentes necesarios para lograr el esquema de cableado de Tosin (menos el selector de pastillas), perillas de volumen y tono, selector push-pull para perilla para usar en posici\u00f3n de volumen o tono, todo el cableado requerido para su instalaci\u00f3n.\" \/>\n<meta property=\"og:url\" content=\"https:\/\/www.mexicanguitarplayers.com\/en\/tienda\/sin categor\u00eda\/pastilla-f-fluence-8-cdas-prf-ms8-ta2\/\" \/>\n<meta property=\"og:site_name\" content=\"Mexican Guitar Players\" \/>\n<meta property=\"article:modified_time\" content=\"2026-04-10T10:39:42+00:00\" \/>\n<meta name=\"twitter:card\" content=\"summary_large_image\" \/>\n<meta name=\"twitter:label1\" content=\"Est. reading time\" \/>\n\t<meta name=\"twitter:data1\" content=\"2 minutes\" \/>\n<script type=\"application\/ld+json\" class=\"yoast-schema-graph\">{\"@context\":\"https:\\\/\\\/schema.org\",\"@graph\":[{\"@type\":[\"WebPage\",\"ItemPage\"],\"@id\":\"https:\\\/\\\/www.mexicanguitarplayers.com\\\/tienda\\\/sin categor\u00eda\\\/pastilla-f-fluence-8-cdas-prf-ms8-ta2\\\/\",\"url\":\"https:\\\/\\\/www.mexicanguitarplayers.com\\\/tienda\\\/sin categor\u00eda\\\/pastilla-f-fluence-8-cdas-prf-ms8-ta2\\\/\",\"name\":\"PASTILLA F.FLUENCE 8 CDAS. PRF-MS8-TA2 - Mexican Guitar Players\",\"isPartOf\":{\"@id\":\"https:\\\/\\\/www.mexicanguitarplayers.com\\\/#website\"},\"primaryImageOfPage\":{\"@id\":\"https:\\\/\\\/www.mexicanguitarplayers.com\\\/tienda\\\/sin categor\u00eda\\\/pastilla-f-fluence-8-cdas-prf-ms8-ta2\\\/#primaryimage\"},\"image\":{\"@id\":\"https:\\\/\\\/www.mexicanguitarplayers.com\\\/tienda\\\/sin categor\u00eda\\\/pastilla-f-fluence-8-cdas-prf-ms8-ta2\\\/#primaryimage\"},\"thumbnailUrl\":\"https:\\\/\\\/www.mexicanguitarplayers.com\\\/wp-content\\\/uploads\\\/2025\\\/04\\\/RAFISPRFMS8TA2.jpg\",\"datePublished\":\"2025-04-08T14:38:13+00:00\",\"dateModified\":\"2026-04-10T10:39:42+00:00\",\"description\":\"Set de humbucker Fluence Signature Series Tosin Abasi, 1 cer\u00e1mica (puente) y 1 alnico (brazo o al centro), para guitarras de 8 cuerdas, todos los componentes necesarios para lograr el esquema de cableado de Tosin (menos el selector de pastillas), perillas de volumen y tono, selector push-pull para perilla para usar en posici\u00f3n de volumen o tono, todo el cableado requerido para su instalaci\u00f3n.\",\"breadcrumb\":{\"@id\":\"https:\\\/\\\/www.mexicanguitarplayers.com\\\/tienda\\\/sin categor\u00eda\\\/pastilla-f-fluence-8-cdas-prf-ms8-ta2\\\/#breadcrumb\"},\"inLanguage\":\"en-US\",\"potentialAction\":[{\"@type\":\"ReadAction\",\"target\":[\"https:\\\/\\\/www.mexicanguitarplayers.com\\\/tienda\\\/sin categor\u00eda\\\/pastilla-f-fluence-8-cdas-prf-ms8-ta2\\\/\"]}]},{\"@type\":\"ImageObject\",\"inLanguage\":\"en-US\",\"@id\":\"https:\\\/\\\/www.mexicanguitarplayers.com\\\/tienda\\\/sin categor\u00eda\\\/pastilla-f-fluence-8-cdas-prf-ms8-ta2\\\/#primaryimage\",\"url\":\"https:\\\/\\\/www.mexicanguitarplayers.com\\\/wp-content\\\/uploads\\\/2025\\\/04\\\/RAFISPRFMS8TA2.jpg\",\"contentUrl\":\"https:\\\/\\\/www.mexicanguitarplayers.com\\\/wp-content\\\/uploads\\\/2025\\\/04\\\/RAFISPRFMS8TA2.jpg\",\"width\":1200,\"height\":1200},{\"@type\":\"BreadcrumbList\",\"@id\":\"https:\\\/\\\/www.mexicanguitarplayers.com\\\/tienda\\\/sin categor\u00eda\\\/pastilla-f-fluence-8-cdas-prf-ms8-ta2\\\/#breadcrumb\",\"itemListElement\":[{\"@type\":\"ListItem\",\"position\":1,\"name\":\"Portada\",\"item\":\"https:\\\/\\\/www.mexicanguitarplayers.com\\\/\"},{\"@type\":\"ListItem\",\"position\":2,\"name\":\"Tienda\",\"item\":\"https:\\\/\\\/www.mexicanguitarplayers.com\\\/tienda\\\/\"},{\"@type\":\"ListItem\",\"position\":3,\"name\":\"PASTILLA F.FLUENCE 8 CDAS. PRF-MS8-TA2\"}]},{\"@type\":\"WebSite\",\"@id\":\"https:\\\/\\\/www.mexicanguitarplayers.com\\\/#website\",\"url\":\"https:\\\/\\\/www.mexicanguitarplayers.com\\\/\",\"name\":\"Mexican Guitar Players\",\"description\":\"Website\",\"publisher\":{\"@id\":\"https:\\\/\\\/www.mexicanguitarplayers.com\\\/#organization\"},\"potentialAction\":[{\"@type\":\"SearchAction\",\"target\":{\"@type\":\"EntryPoint\",\"urlTemplate\":\"https:\\\/\\\/www.mexicanguitarplayers.com\\\/?s={search_term_string}\"},\"query-input\":{\"@type\":\"PropertyValueSpecification\",\"valueRequired\":true,\"valueName\":\"search_term_string\"}}],\"inLanguage\":\"en-US\"},{\"@type\":\"Organization\",\"@id\":\"https:\\\/\\\/www.mexicanguitarplayers.com\\\/#organization\",\"name\":\"Mexican Guitar Players\",\"url\":\"https:\\\/\\\/www.mexicanguitarplayers.com\\\/\",\"logo\":{\"@type\":\"ImageObject\",\"inLanguage\":\"en-US\",\"@id\":\"https:\\\/\\\/www.mexicanguitarplayers.com\\\/#\\\/schema\\\/logo\\\/image\\\/\",\"url\":\"\",\"contentUrl\":\"\",\"caption\":\"Mexican Guitar Players\"},\"image\":{\"@id\":\"https:\\\/\\\/www.mexicanguitarplayers.com\\\/#\\\/schema\\\/logo\\\/image\\\/\"}}]}<\/script>\n<!-- \/ Yoast SEO plugin. -->","yoast_head_json":{"title":"PASTILLA F.FLUENCE 8 CDAS. PRF-MS8-TA2 - Mexican Guitar Players","description":"Set de humbucker Fluence Signature Series Tosin Abasi, 1 cer\u00e1mica (puente) y 1 alnico (brazo o al centro), para guitarras de 8 cuerdas, todos los componentes necesarios para lograr el esquema de cableado de Tosin (menos el selector de pastillas), perillas de volumen y tono, selector push-pull para perilla para usar en posici\u00f3n de volumen o tono, todo el cableado requerido para su instalaci\u00f3n.","robots":{"index":"index","follow":"follow","max-snippet":"max-snippet:-1","max-image-preview":"max-image-preview:large","max-video-preview":"max-video-preview:-1"},"canonical":"https:\/\/www.mexicanguitarplayers.com\/en\/tienda\/sin categor\u00eda\/pastilla-f-fluence-8-cdas-prf-ms8-ta2\/","og_locale":"en_US","og_type":"article","og_title":"PASTILLA F.FLUENCE 8 CDAS. PRF-MS8-TA2 - Mexican Guitar Players","og_description":"Set de humbucker Fluence Signature Series Tosin Abasi, 1 cer\u00e1mica (puente) y 1 alnico (brazo o al centro), para guitarras de 8 cuerdas, todos los componentes necesarios para lograr el esquema de cableado de Tosin (menos el selector de pastillas), perillas de volumen y tono, selector push-pull para perilla para usar en posici\u00f3n de volumen o tono, todo el cableado requerido para su instalaci\u00f3n.","og_url":"https:\/\/www.mexicanguitarplayers.com\/en\/tienda\/sin categor\u00eda\/pastilla-f-fluence-8-cdas-prf-ms8-ta2\/","og_site_name":"Mexican Guitar Players","article_modified_time":"2026-04-10T10:39:42+00:00","twitter_card":"summary_large_image","twitter_misc":{"Est. reading time":"2 minutes"},"schema":{"@context":"https:\/\/schema.org","@graph":[{"@type":["WebPage","ItemPage"],"@id":"https:\/\/www.mexicanguitarplayers.com\/tienda\/sin categor\u00eda\/pastilla-f-fluence-8-cdas-prf-ms8-ta2\/","url":"https:\/\/www.mexicanguitarplayers.com\/tienda\/sin categor\u00eda\/pastilla-f-fluence-8-cdas-prf-ms8-ta2\/","name":"PASTILLA F.FLUENCE 8 CDAS. PRF-MS8-TA2 - Mexican Guitar Players","isPartOf":{"@id":"https:\/\/www.mexicanguitarplayers.com\/#website"},"primaryImageOfPage":{"@id":"https:\/\/www.mexicanguitarplayers.com\/tienda\/sin categor\u00eda\/pastilla-f-fluence-8-cdas-prf-ms8-ta2\/#primaryimage"},"image":{"@id":"https:\/\/www.mexicanguitarplayers.com\/tienda\/sin categor\u00eda\/pastilla-f-fluence-8-cdas-prf-ms8-ta2\/#primaryimage"},"thumbnailUrl":"https:\/\/www.mexicanguitarplayers.com\/wp-content\/uploads\/2025\/04\/RAFISPRFMS8TA2.jpg","datePublished":"2025-04-08T14:38:13+00:00","dateModified":"2026-04-10T10:39:42+00:00","description":"Set de humbucker Fluence Signature Series Tosin Abasi, 1 cer\u00e1mica (puente) y 1 alnico (brazo o al centro), para guitarras de 8 cuerdas, todos los componentes necesarios para lograr el esquema de cableado de Tosin (menos el selector de pastillas), perillas de volumen y tono, selector push-pull para perilla para usar en posici\u00f3n de volumen o tono, todo el cableado requerido para su instalaci\u00f3n.","breadcrumb":{"@id":"https:\/\/www.mexicanguitarplayers.com\/tienda\/sin categor\u00eda\/pastilla-f-fluence-8-cdas-prf-ms8-ta2\/#breadcrumb"},"inLanguage":"en-US","potentialAction":[{"@type":"ReadAction","target":["https:\/\/www.mexicanguitarplayers.com\/tienda\/sin categor\u00eda\/pastilla-f-fluence-8-cdas-prf-ms8-ta2\/"]}]},{"@type":"ImageObject","inLanguage":"en-US","@id":"https:\/\/www.mexicanguitarplayers.com\/tienda\/sin categor\u00eda\/pastilla-f-fluence-8-cdas-prf-ms8-ta2\/#primaryimage","url":"https:\/\/www.mexicanguitarplayers.com\/wp-content\/uploads\/2025\/04\/RAFISPRFMS8TA2.jpg","contentUrl":"https:\/\/www.mexicanguitarplayers.com\/wp-content\/uploads\/2025\/04\/RAFISPRFMS8TA2.jpg","width":1200,"height":1200},{"@type":"BreadcrumbList","@id":"https:\/\/www.mexicanguitarplayers.com\/tienda\/sin categor\u00eda\/pastilla-f-fluence-8-cdas-prf-ms8-ta2\/#breadcrumb","itemListElement":[{"@type":"ListItem","position":1,"name":"Portada","item":"https:\/\/www.mexicanguitarplayers.com\/"},{"@type":"ListItem","position":2,"name":"Tienda","item":"https:\/\/www.mexicanguitarplayers.com\/tienda\/"},{"@type":"ListItem","position":3,"name":"PASTILLA F.FLUENCE 8 CDAS. PRF-MS8-TA2"}]},{"@type":"WebSite","@id":"https:\/\/www.mexicanguitarplayers.com\/#website","url":"https:\/\/www.mexicanguitarplayers.com\/","name":"Mexican Guitar Players","description":"Website","publisher":{"@id":"https:\/\/www.mexicanguitarplayers.com\/#organization"},"potentialAction":[{"@type":"SearchAction","target":{"@type":"EntryPoint","urlTemplate":"https:\/\/www.mexicanguitarplayers.com\/?s={search_term_string}"},"query-input":{"@type":"PropertyValueSpecification","valueRequired":true,"valueName":"search_term_string"}}],"inLanguage":"en-US"},{"@type":"Organization","@id":"https:\/\/www.mexicanguitarplayers.com\/#organization","name":"Mexican Guitar Players","url":"https:\/\/www.mexicanguitarplayers.com\/","logo":{"@type":"ImageObject","inLanguage":"en-US","@id":"https:\/\/www.mexicanguitarplayers.com\/#\/schema\/logo\/image\/","url":"","contentUrl":"","caption":"Mexican Guitar Players"},"image":{"@id":"https:\/\/www.mexicanguitarplayers.com\/#\/schema\/logo\/image\/"}}]}},"brands":[{"id":248,"name":"FISHMAN","slug":"fishman"}],"_links":{"self":[{"href":"https:\/\/www.mexicanguitarplayers.com\/en\/wp-json\/wp\/v2\/product\/28780","targetHints":{"allow":["GET"]}}],"collection":[{"href":"https:\/\/www.mexicanguitarplayers.com\/en\/wp-json\/wp\/v2\/product"}],"about":[{"href":"https:\/\/www.mexicanguitarplayers.com\/en\/wp-json\/wp\/v2\/types\/product"}],"replies":[{"embeddable":true,"href":"https:\/\/www.mexicanguitarplayers.com\/en\/wp-json\/wp\/v2\/comments?post=28780"}],"wp:featuredmedia":[{"embeddable":true,"href":"https:\/\/www.mexicanguitarplayers.com\/en\/wp-json\/wp\/v2\/media\/28779"}],"wp:attachment":[{"href":"https:\/\/www.mexicanguitarplayers.com\/en\/wp-json\/wp\/v2\/media?parent=28780"}],"wp:term":[{"taxonomy":"pwb-brand","embeddable":true,"href":"https:\/\/www.mexicanguitarplayers.com\/en\/wp-json\/wp\/v2\/pwb-brand?post=28780"},{"taxonomy":"product_brand","embeddable":true,"href":"https:\/\/www.mexicanguitarplayers.com\/en\/wp-json\/wp\/v2\/product_brand?post=28780"},{"taxonomy":"product_cat","embeddable":true,"href":"https:\/\/www.mexicanguitarplayers.com\/en\/wp-json\/wp\/v2\/product_cat?post=28780"},{"taxonomy":"product_tag","embeddable":true,"href":"https:\/\/www.mexicanguitarplayers.com\/en\/wp-json\/wp\/v2\/product_tag?post=28780"}],"curies":[{"name":"wp","href":"https:\/\/api.w.org\/{rel}","templated":true}]}}