{"id":28788,"date":"2025-04-08T08:38:23","date_gmt":"2025-04-08T14:38:23","guid":{"rendered":"https:\/\/www.mexicanguitarplayers.com\/tienda\/sin categor\u00eda\/mezcladora-midas-mod-dm16\/"},"modified":"2026-01-21T10:15:11","modified_gmt":"2026-01-21T16:15:11","slug":"mezcladora-midas-mod-dm16","status":"publish","type":"product","link":"https:\/\/www.mexicanguitarplayers.com\/en\/tienda\/audio\/mezcladoras\/mezcladora-midas-mod-dm16\/","title":{"rendered":"MEZCLADORA MIDAS    MOD. DM16"},"content":{"rendered":"<div style=\"text-align: justify\">\n<div>\n<h3>A true analog sound.<\/h3>\n<\/div>\n<div>The compact DM16 mixer lives up to your stage or desk while providing incredible sonic performance, incredible versatility and an unheard of level of affordability. What&#039;s the great sound secret behind the DM16&#039;s studio quality? The DM16 mixer features 12 acclaimed Midas microphone preamps with true + 48V phantom power, acclaimed by audio engineers around the world for their transparency and nuanced, low-noise headroom design. Added to this are the TSR inputs on all 16 channels (8 mono and 2 stereo), mono channel inserts and 3-band EQ with swept mid frequencies, 2 switchable pre \/ post fader aux sends, 2 monitor outputs and 2 I \/ O track RCA and with all these functions, you will have a true work of analog art.<\/div>\n<div>\n<h4>Quick look<\/h4>\n<\/div>\n<ul style=\"margin: 0px 0px 0px 25px\">\n<li style=\"list-style-type: circle;margin: 5px\">Kind.<\/li>\n<li style=\"list-style-type: circle;margin: 5px\">Channels.<\/li>\n<li style=\"list-style-type: circle;margin: 5px\">Tickets.<\/li>\n<li style=\"list-style-type: circle;margin: 5px\">Departures.<\/li>\n<li style=\"list-style-type: circle;margin: 5px\">EQ.<\/li>\n<li style=\"list-style-type: circle;margin: 5px\">Auxiliary shipments.<\/li>\n<li style=\"list-style-type: circle;margin: 5px\">Faders.<\/li>\n<li style=\"list-style-type: circle;margin: 5px\">Channel inserts.<\/li>\n<li style=\"list-style-type: circle;margin: 5px\">Dimensions.<\/li>\n<\/ul>\n<div>\n<div style=\"font-weight: bold\">Kind.<\/div>\n<div>\n<p>Analogous.<\/p>\n<\/div>\n<div style=\"font-weight: bold\">Channels.<\/div>\n<div>\n<p>16 channels (12 mono and 2 stereo).<\/p>\n<\/div>\n<div style=\"font-weight: bold\">Tickets.<\/div>\n<div>\n<p>Mic Preamps: 12 XLR. Line: 12 TRS de 1\/4&#8243; (mono) y  4 TRS de 1\/4&#8243; (2 est\u00e9reo).<\/p>\n<\/div>\n<div style=\"font-weight: bold\">Departures.<\/div>\n<div>\n<p>Main: 2 XLR (main) y  2 TRS 1\/4&#8243; (monitor). Otros: 2 RCA stereo pair (salida de grabaci\u00f3n, 2 track). Aud\u00edfonos: 1 Jack 1\/4&#8243;.<\/p>\n<\/div>\n<div style=\"font-weight: bold\">EQ.<\/div>\n<div>\n<p>3-band equalizer with mid-frequency control (for 12 channels).<\/p>\n<\/div>\n<div style=\"font-weight: bold\">Auxiliary shipments.<\/div>\n<div>\n<p>2 Jacks 1\/4 \u2033 sends (pre \/ post).<\/p>\n<\/div>\n<div style=\"font-weight: bold\">Faders.<\/div>\n<div>\n<p>16 60mm faders.<\/p>\n<\/div>\n<div style=\"font-weight: bold\">Channel inserts.<\/div>\n<div>\n<p>12 x 1\/4 \u2033 (channels), 2 x 1\/4 \u2033 (main inserts).<\/p>\n<\/div>\n<div style=\"font-weight: bold\">Dimensions.<\/div>\n<div>\n<p>Altura: 93.98 mm. Ancho: 436.88 mm. Profundidad: 370.84 mm.<\/p>\n<\/div>\n<\/div>\n<\/div>","protected":false},"excerpt":{"rendered":"<p>Mezcladora an\u00e1loga para audio en vivo y grabaci\u00f3n en estudio, 16 canales de entrada, 12 canales mono con preamps Midas, 2 canales est\u00e9reo electr\u00f3nicamente balanceados, ecualizador de 3 bandas en los canales mono, 2 env\u00edos auxiliares con pre\/post fader switching, faders de precisi\u00f3n de 60 mm, chasis robusto para mayor durabilidad en aplicaciones port\u00e1tiles, fuente de alimentaci\u00f3n universal de rango autom\u00e1tico, dise\u00f1ada y fabricada en U.K.&hellip; <a class=\"kt-excerpt-readmore more-link\" href=\"https:\/\/www.mexicanguitarplayers.com\/en\/tienda\/audio\/mezcladoras\/mezcladora-midas-mod-dm16\/\">Read more<\/a><\/p>","protected":false},"featured_media":28783,"comment_status":"open","ping_status":"closed","template":"","meta":{"kt_blocks_editor_width":""},"pwb-brand":[187],"product_brand":[],"product_cat":[213,491],"product_tag":[],"class_list":{"0":"post-28788","1":"product","2":"type-product","3":"status-publish","4":"has-post-thumbnail","6":"pwb-brand-midas","7":"product_cat-audio","8":"product_cat-mezcladoras","9":"product_shipping_class-5-10-kg","11":"first","12":"instock","13":"taxable","14":"shipping-taxable","15":"purchasable","16":"product-type-simple"},"yoast_head":"<!-- This site is optimized with the Yoast SEO plugin v27.3 - https:\/\/yoast.com\/product\/yoast-seo-wordpress\/ -->\n<title>MEZCLADORA MIDAS  MOD. DM16 - Mexican Guitar Players<\/title>\n<meta name=\"description\" content=\"Mezcladora an\u00e1loga para audio en vivo y grabaci\u00f3n en estudio, 16 canales de entrada, 12 canales mono con preamps Midas, 2 canales est\u00e9reo electr\u00f3nicamente balanceados, ecualizador de 3 bandas en los canales mono, 2 env\u00edos auxiliares con pre\/post fader switching, faders de precisi\u00f3n de 60 mm, chasis robusto para mayor durabilidad en aplicaciones port\u00e1tiles, fuente de alimentaci\u00f3n universal de rango autom\u00e1tico, dise\u00f1ada y fabricada en U.K.\" \/>\n<meta name=\"robots\" content=\"index, follow, max-snippet:-1, max-image-preview:large, max-video-preview:-1\" \/>\n<link rel=\"canonical\" href=\"https:\/\/www.mexicanguitarplayers.com\/en\/tienda\/sin%20categor\u00eda\/mezcladora-midas-mod-dm16\/\" \/>\n<meta property=\"og:locale\" content=\"en_US\" \/>\n<meta property=\"og:type\" content=\"article\" \/>\n<meta property=\"og:title\" content=\"MEZCLADORA MIDAS  MOD. DM16 - Mexican Guitar Players\" \/>\n<meta property=\"og:description\" content=\"Mezcladora an\u00e1loga para audio en vivo y grabaci\u00f3n en estudio, 16 canales de entrada, 12 canales mono con preamps Midas, 2 canales est\u00e9reo electr\u00f3nicamente balanceados, ecualizador de 3 bandas en los canales mono, 2 env\u00edos auxiliares con pre\/post fader switching, faders de precisi\u00f3n de 60 mm, chasis robusto para mayor durabilidad en aplicaciones port\u00e1tiles, fuente de alimentaci\u00f3n universal de rango autom\u00e1tico, dise\u00f1ada y fabricada en U.K.\" \/>\n<meta property=\"og:url\" content=\"https:\/\/www.mexicanguitarplayers.com\/en\/tienda\/sin categor\u00eda\/mezcladora-midas-mod-dm16\/\" \/>\n<meta property=\"og:site_name\" content=\"Mexican Guitar Players\" \/>\n<meta property=\"article:modified_time\" content=\"2026-01-21T16:15:11+00:00\" \/>\n<meta name=\"twitter:card\" content=\"summary_large_image\" \/>\n<meta name=\"twitter:label1\" content=\"Est. reading time\" \/>\n\t<meta name=\"twitter:data1\" content=\"1 minute\" \/>\n<script type=\"application\/ld+json\" class=\"yoast-schema-graph\">{\"@context\":\"https:\\\/\\\/schema.org\",\"@graph\":[{\"@type\":[\"WebPage\",\"ItemPage\"],\"@id\":\"https:\\\/\\\/www.mexicanguitarplayers.com\\\/tienda\\\/sin categor\u00eda\\\/mezcladora-midas-mod-dm16\\\/\",\"url\":\"https:\\\/\\\/www.mexicanguitarplayers.com\\\/tienda\\\/sin categor\u00eda\\\/mezcladora-midas-mod-dm16\\\/\",\"name\":\"MEZCLADORA MIDAS MOD. DM16 - Mexican Guitar Players\",\"isPartOf\":{\"@id\":\"https:\\\/\\\/www.mexicanguitarplayers.com\\\/#website\"},\"primaryImageOfPage\":{\"@id\":\"https:\\\/\\\/www.mexicanguitarplayers.com\\\/tienda\\\/sin categor\u00eda\\\/mezcladora-midas-mod-dm16\\\/#primaryimage\"},\"image\":{\"@id\":\"https:\\\/\\\/www.mexicanguitarplayers.com\\\/tienda\\\/sin categor\u00eda\\\/mezcladora-midas-mod-dm16\\\/#primaryimage\"},\"thumbnailUrl\":\"https:\\\/\\\/www.mexicanguitarplayers.com\\\/wp-content\\\/uploads\\\/2025\\\/04\\\/IAMIDDM16.jpg\",\"datePublished\":\"2025-04-08T14:38:23+00:00\",\"dateModified\":\"2026-01-21T16:15:11+00:00\",\"description\":\"Mezcladora an\u00e1loga para audio en vivo y grabaci\u00f3n en estudio, 16 canales de entrada, 12 canales mono con preamps Midas, 2 canales est\u00e9reo electr\u00f3nicamente balanceados, ecualizador de 3 bandas en los canales mono, 2 env\u00edos auxiliares con pre\\\/post fader switching, faders de precisi\u00f3n de 60 mm, chasis robusto para mayor durabilidad en aplicaciones port\u00e1tiles, fuente de alimentaci\u00f3n universal de rango autom\u00e1tico, dise\u00f1ada y fabricada en U.K.\",\"breadcrumb\":{\"@id\":\"https:\\\/\\\/www.mexicanguitarplayers.com\\\/tienda\\\/sin categor\u00eda\\\/mezcladora-midas-mod-dm16\\\/#breadcrumb\"},\"inLanguage\":\"en-US\",\"potentialAction\":[{\"@type\":\"ReadAction\",\"target\":[\"https:\\\/\\\/www.mexicanguitarplayers.com\\\/tienda\\\/sin categor\u00eda\\\/mezcladora-midas-mod-dm16\\\/\"]}]},{\"@type\":\"ImageObject\",\"inLanguage\":\"en-US\",\"@id\":\"https:\\\/\\\/www.mexicanguitarplayers.com\\\/tienda\\\/sin categor\u00eda\\\/mezcladora-midas-mod-dm16\\\/#primaryimage\",\"url\":\"https:\\\/\\\/www.mexicanguitarplayers.com\\\/wp-content\\\/uploads\\\/2025\\\/04\\\/IAMIDDM16.jpg\",\"contentUrl\":\"https:\\\/\\\/www.mexicanguitarplayers.com\\\/wp-content\\\/uploads\\\/2025\\\/04\\\/IAMIDDM16.jpg\",\"width\":1200,\"height\":1200},{\"@type\":\"BreadcrumbList\",\"@id\":\"https:\\\/\\\/www.mexicanguitarplayers.com\\\/tienda\\\/sin categor\u00eda\\\/mezcladora-midas-mod-dm16\\\/#breadcrumb\",\"itemListElement\":[{\"@type\":\"ListItem\",\"position\":1,\"name\":\"Portada\",\"item\":\"https:\\\/\\\/www.mexicanguitarplayers.com\\\/\"},{\"@type\":\"ListItem\",\"position\":2,\"name\":\"Tienda\",\"item\":\"https:\\\/\\\/www.mexicanguitarplayers.com\\\/tienda\\\/\"},{\"@type\":\"ListItem\",\"position\":3,\"name\":\"MEZCLADORA MIDAS MOD. DM16\"}]},{\"@type\":\"WebSite\",\"@id\":\"https:\\\/\\\/www.mexicanguitarplayers.com\\\/#website\",\"url\":\"https:\\\/\\\/www.mexicanguitarplayers.com\\\/\",\"name\":\"Mexican Guitar Players\",\"description\":\"Website\",\"publisher\":{\"@id\":\"https:\\\/\\\/www.mexicanguitarplayers.com\\\/#organization\"},\"potentialAction\":[{\"@type\":\"SearchAction\",\"target\":{\"@type\":\"EntryPoint\",\"urlTemplate\":\"https:\\\/\\\/www.mexicanguitarplayers.com\\\/?s={search_term_string}\"},\"query-input\":{\"@type\":\"PropertyValueSpecification\",\"valueRequired\":true,\"valueName\":\"search_term_string\"}}],\"inLanguage\":\"en-US\"},{\"@type\":\"Organization\",\"@id\":\"https:\\\/\\\/www.mexicanguitarplayers.com\\\/#organization\",\"name\":\"Mexican Guitar Players\",\"url\":\"https:\\\/\\\/www.mexicanguitarplayers.com\\\/\",\"logo\":{\"@type\":\"ImageObject\",\"inLanguage\":\"en-US\",\"@id\":\"https:\\\/\\\/www.mexicanguitarplayers.com\\\/#\\\/schema\\\/logo\\\/image\\\/\",\"url\":\"\",\"contentUrl\":\"\",\"caption\":\"Mexican Guitar Players\"},\"image\":{\"@id\":\"https:\\\/\\\/www.mexicanguitarplayers.com\\\/#\\\/schema\\\/logo\\\/image\\\/\"}}]}<\/script>\n<!-- \/ Yoast SEO plugin. -->","yoast_head_json":{"title":"MEZCLADORA MIDAS  MOD. DM16 - Mexican Guitar Players","description":"Mezcladora an\u00e1loga para audio en vivo y grabaci\u00f3n en estudio, 16 canales de entrada, 12 canales mono con preamps Midas, 2 canales est\u00e9reo electr\u00f3nicamente balanceados, ecualizador de 3 bandas en los canales mono, 2 env\u00edos auxiliares con pre\/post fader switching, faders de precisi\u00f3n de 60 mm, chasis robusto para mayor durabilidad en aplicaciones port\u00e1tiles, fuente de alimentaci\u00f3n universal de rango autom\u00e1tico, dise\u00f1ada y fabricada en U.K.","robots":{"index":"index","follow":"follow","max-snippet":"max-snippet:-1","max-image-preview":"max-image-preview:large","max-video-preview":"max-video-preview:-1"},"canonical":"https:\/\/www.mexicanguitarplayers.com\/en\/tienda\/sin categor\u00eda\/mezcladora-midas-mod-dm16\/","og_locale":"en_US","og_type":"article","og_title":"MEZCLADORA MIDAS  MOD. DM16 - Mexican Guitar Players","og_description":"Mezcladora an\u00e1loga para audio en vivo y grabaci\u00f3n en estudio, 16 canales de entrada, 12 canales mono con preamps Midas, 2 canales est\u00e9reo electr\u00f3nicamente balanceados, ecualizador de 3 bandas en los canales mono, 2 env\u00edos auxiliares con pre\/post fader switching, faders de precisi\u00f3n de 60 mm, chasis robusto para mayor durabilidad en aplicaciones port\u00e1tiles, fuente de alimentaci\u00f3n universal de rango autom\u00e1tico, dise\u00f1ada y fabricada en U.K.","og_url":"https:\/\/www.mexicanguitarplayers.com\/en\/tienda\/sin categor\u00eda\/mezcladora-midas-mod-dm16\/","og_site_name":"Mexican Guitar Players","article_modified_time":"2026-01-21T16:15:11+00:00","twitter_card":"summary_large_image","twitter_misc":{"Est. reading time":"1 minute"},"schema":{"@context":"https:\/\/schema.org","@graph":[{"@type":["WebPage","ItemPage"],"@id":"https:\/\/www.mexicanguitarplayers.com\/tienda\/sin categor\u00eda\/mezcladora-midas-mod-dm16\/","url":"https:\/\/www.mexicanguitarplayers.com\/tienda\/sin categor\u00eda\/mezcladora-midas-mod-dm16\/","name":"MEZCLADORA MIDAS MOD. DM16 - Mexican Guitar Players","isPartOf":{"@id":"https:\/\/www.mexicanguitarplayers.com\/#website"},"primaryImageOfPage":{"@id":"https:\/\/www.mexicanguitarplayers.com\/tienda\/sin categor\u00eda\/mezcladora-midas-mod-dm16\/#primaryimage"},"image":{"@id":"https:\/\/www.mexicanguitarplayers.com\/tienda\/sin categor\u00eda\/mezcladora-midas-mod-dm16\/#primaryimage"},"thumbnailUrl":"https:\/\/www.mexicanguitarplayers.com\/wp-content\/uploads\/2025\/04\/IAMIDDM16.jpg","datePublished":"2025-04-08T14:38:23+00:00","dateModified":"2026-01-21T16:15:11+00:00","description":"Mezcladora an\u00e1loga para audio en vivo y grabaci\u00f3n en estudio, 16 canales de entrada, 12 canales mono con preamps Midas, 2 canales est\u00e9reo electr\u00f3nicamente balanceados, ecualizador de 3 bandas en los canales mono, 2 env\u00edos auxiliares con pre\/post fader switching, faders de precisi\u00f3n de 60 mm, chasis robusto para mayor durabilidad en aplicaciones port\u00e1tiles, fuente de alimentaci\u00f3n universal de rango autom\u00e1tico, dise\u00f1ada y fabricada en U.K.","breadcrumb":{"@id":"https:\/\/www.mexicanguitarplayers.com\/tienda\/sin categor\u00eda\/mezcladora-midas-mod-dm16\/#breadcrumb"},"inLanguage":"en-US","potentialAction":[{"@type":"ReadAction","target":["https:\/\/www.mexicanguitarplayers.com\/tienda\/sin categor\u00eda\/mezcladora-midas-mod-dm16\/"]}]},{"@type":"ImageObject","inLanguage":"en-US","@id":"https:\/\/www.mexicanguitarplayers.com\/tienda\/sin categor\u00eda\/mezcladora-midas-mod-dm16\/#primaryimage","url":"https:\/\/www.mexicanguitarplayers.com\/wp-content\/uploads\/2025\/04\/IAMIDDM16.jpg","contentUrl":"https:\/\/www.mexicanguitarplayers.com\/wp-content\/uploads\/2025\/04\/IAMIDDM16.jpg","width":1200,"height":1200},{"@type":"BreadcrumbList","@id":"https:\/\/www.mexicanguitarplayers.com\/tienda\/sin categor\u00eda\/mezcladora-midas-mod-dm16\/#breadcrumb","itemListElement":[{"@type":"ListItem","position":1,"name":"Portada","item":"https:\/\/www.mexicanguitarplayers.com\/"},{"@type":"ListItem","position":2,"name":"Tienda","item":"https:\/\/www.mexicanguitarplayers.com\/tienda\/"},{"@type":"ListItem","position":3,"name":"MEZCLADORA MIDAS MOD. DM16"}]},{"@type":"WebSite","@id":"https:\/\/www.mexicanguitarplayers.com\/#website","url":"https:\/\/www.mexicanguitarplayers.com\/","name":"Mexican Guitar Players","description":"Website","publisher":{"@id":"https:\/\/www.mexicanguitarplayers.com\/#organization"},"potentialAction":[{"@type":"SearchAction","target":{"@type":"EntryPoint","urlTemplate":"https:\/\/www.mexicanguitarplayers.com\/?s={search_term_string}"},"query-input":{"@type":"PropertyValueSpecification","valueRequired":true,"valueName":"search_term_string"}}],"inLanguage":"en-US"},{"@type":"Organization","@id":"https:\/\/www.mexicanguitarplayers.com\/#organization","name":"Mexican Guitar Players","url":"https:\/\/www.mexicanguitarplayers.com\/","logo":{"@type":"ImageObject","inLanguage":"en-US","@id":"https:\/\/www.mexicanguitarplayers.com\/#\/schema\/logo\/image\/","url":"","contentUrl":"","caption":"Mexican Guitar Players"},"image":{"@id":"https:\/\/www.mexicanguitarplayers.com\/#\/schema\/logo\/image\/"}}]}},"brands":[{"id":187,"name":"MIDAS","slug":"midas"}],"_links":{"self":[{"href":"https:\/\/www.mexicanguitarplayers.com\/en\/wp-json\/wp\/v2\/product\/28788","targetHints":{"allow":["GET"]}}],"collection":[{"href":"https:\/\/www.mexicanguitarplayers.com\/en\/wp-json\/wp\/v2\/product"}],"about":[{"href":"https:\/\/www.mexicanguitarplayers.com\/en\/wp-json\/wp\/v2\/types\/product"}],"replies":[{"embeddable":true,"href":"https:\/\/www.mexicanguitarplayers.com\/en\/wp-json\/wp\/v2\/comments?post=28788"}],"wp:featuredmedia":[{"embeddable":true,"href":"https:\/\/www.mexicanguitarplayers.com\/en\/wp-json\/wp\/v2\/media\/28783"}],"wp:attachment":[{"href":"https:\/\/www.mexicanguitarplayers.com\/en\/wp-json\/wp\/v2\/media?parent=28788"}],"wp:term":[{"taxonomy":"pwb-brand","embeddable":true,"href":"https:\/\/www.mexicanguitarplayers.com\/en\/wp-json\/wp\/v2\/pwb-brand?post=28788"},{"taxonomy":"product_brand","embeddable":true,"href":"https:\/\/www.mexicanguitarplayers.com\/en\/wp-json\/wp\/v2\/product_brand?post=28788"},{"taxonomy":"product_cat","embeddable":true,"href":"https:\/\/www.mexicanguitarplayers.com\/en\/wp-json\/wp\/v2\/product_cat?post=28788"},{"taxonomy":"product_tag","embeddable":true,"href":"https:\/\/www.mexicanguitarplayers.com\/en\/wp-json\/wp\/v2\/product_tag?post=28788"}],"curies":[{"name":"wp","href":"https:\/\/api.w.org\/{rel}","templated":true}]}}