{"id":28799,"date":"2025-04-08T08:38:35","date_gmt":"2025-04-08T14:38:35","guid":{"rendered":"https:\/\/www.mexicanguitarplayers.com\/tienda\/sin categor\u00eda\/microfono-behringer-mod-bc-lav-go\/"},"modified":"2026-01-01T08:56:38","modified_gmt":"2026-01-01T14:56:38","slug":"microfono-behringer-mod-bc-lav-go","status":"publish","type":"product","link":"https:\/\/www.mexicanguitarplayers.com\/en\/tienda\/audio\/microfonia\/microfonos-inalambricos\/de-solapa\/microfono-behringer-mod-bc-lav-go\/","title":{"rendered":"MICROFONO BEHRINGER MOD. BC LAV GO"},"content":{"rendered":"<div style=\"text-align: justify\">\n<div>\n<h3>BC LAV GO<\/h3>\n<\/div>\n<div>El micr\u00f3fono de solapa premium BC LAV GO es ideal para transmitir, presentar, dar conferencias o actuar, proporcionando un rendimiento de alta calidad a un precio accesible que se ajusta a cualquier presupuesto. Es altamente compatible con una amplia gama de transmisores de cintur\u00f3n o dispositivos de grabaci\u00f3n de audio a trav\u00e9s del puerto de 3.5 mm, y ofrece todo lo necesario para transmisiones claras. El pr\u00e1ctico clip para camisa asegura el micr\u00f3fono en su lugar, mientras que su tama\u00f1o ultra compacto facilita las grabaciones de video ocultas. La c\u00e1psula cardioide elimina el ruido de fondo para una transmisi\u00f3n clara. BC LAV GO incluye una bolsa con cord\u00f3n para almacenar y transportar el micr\u00f3fono de forma segura cuando no est\u00e1 en uso. Tambi\u00e9n se incluye un parabrisas discreto para situaciones de grabaci\u00f3n al aire libre, y el cable TRRS hace que BC LAV GO sea compatible con una amplia gama de dispositivos inteligentes. \u00a1Consigue el tuyo en l\u00ednea o visita tu distribuidor autorizado local hoy mismo para descubrir lo f\u00e1cil y asequible que es unirse a la banda BC LAV GO!<\/div>\n<div>\n<h4>Characteristics<\/h4>\n<\/div>\n<div>\n<ul style=\"margin: 0px 0px 0px 25px\">\n<li style=\"list-style-type: circle;margin: 5px\">Kind<\/li>\n<li style=\"list-style-type: circle;margin: 5px\">Respuesta frecuente<\/li>\n<li style=\"list-style-type: circle;margin: 5px\">Impedancia<\/li>\n<li style=\"list-style-type: circle;margin: 5px\">patr\u00f3n polar<\/li>\n<li style=\"list-style-type: circle;margin: 5px\">Sensibilidad<\/li>\n<li style=\"list-style-type: circle;margin: 5px\">Requerimientos de energ\u00eda<\/li>\n<\/ul>\n<\/div>\n<\/div>","protected":false},"excerpt":{"rendered":"<p>Este micr\u00f3fono de solapa de condensador de calidad de transmisi\u00f3n ofrece una respuesta de audio superior, siendo una excelente opci\u00f3n para radiodifusores, presentadores, conferenciantes, cantantes, m\u00fasicos, actores y artistas que necesitan micr\u00f3fonos manos libres. Optimizado para transmisores de cuerpo, c\u00e1maras DSLR y la mayor\u00eda de dispositivos de grabaci\u00f3n de audio, cuenta con una c\u00e1psula en miniatura para actuaciones de micr\u00f3fono oculto, una construcci\u00f3n ultra resistente de cuerpo de fundici\u00f3n de metal, conector TRS chapado en oro para la m\u00e1xima integridad de la se\u00f1al, un cable integrado extra largo de 2.5 m para mayor movilidad, adaptador de auriculares incluido para monitoreo en tiempo real, parabrisas y clip discretos, y estuche protector con cremallera.&hellip; <a class=\"kt-excerpt-readmore more-link\" href=\"https:\/\/www.mexicanguitarplayers.com\/en\/tienda\/audio\/microfonia\/microfonos-inalambricos\/de-solapa\/microfono-behringer-mod-bc-lav-go\/\">Read more<\/a><\/p>","protected":false},"featured_media":28795,"comment_status":"open","ping_status":"closed","template":"","meta":{"kt_blocks_editor_width":""},"pwb-brand":[171],"product_brand":[],"product_cat":[213,543,214,231],"product_tag":[],"class_list":{"0":"post-28799","1":"product","2":"type-product","3":"status-publish","4":"has-post-thumbnail","6":"pwb-brand-behringer","7":"product_cat-audio","8":"product_cat-de-solapa","9":"product_cat-microfonia","10":"product_cat-microfonos-inalambricos","11":"product_shipping_class-0-5-kg","13":"first","14":"instock","15":"taxable","16":"shipping-taxable","17":"purchasable","18":"product-type-simple"},"yoast_head":"<!-- This site is optimized with the Yoast SEO plugin v27.3 - https:\/\/yoast.com\/product\/yoast-seo-wordpress\/ -->\n<title>MICROFONO BEHRINGER MOD. BC LAV GO - Mexican Guitar Players<\/title>\n<meta name=\"description\" content=\"Este micr\u00f3fono de solapa de condensador de calidad de transmisi\u00f3n ofrece una respuesta de audio superior, siendo una excelente opci\u00f3n para radiodifusores, presentadores, conferenciantes, cantantes, m\u00fasicos, actores y artistas que necesitan micr\u00f3fonos manos libres. Optimizado para transmisores de cuerpo, c\u00e1maras DSLR y la mayor\u00eda de dispositivos de grabaci\u00f3n de audio, cuenta con una c\u00e1psula en miniatura para actuaciones de micr\u00f3fono oculto, una construcci\u00f3n ultra resistente de cuerpo de fundici\u00f3n de metal, conector TRS chapado en oro para la m\u00e1xima integridad de la se\u00f1al, un cable integrado extra largo de 2.5 m para mayor movilidad, adaptador de auriculares incluido para monitoreo en tiempo real, parabrisas y clip discretos, y estuche protector con cremallera.\" \/>\n<meta name=\"robots\" content=\"index, follow, max-snippet:-1, max-image-preview:large, max-video-preview:-1\" \/>\n<link rel=\"canonical\" href=\"https:\/\/www.mexicanguitarplayers.com\/en\/tienda\/sin%20categor\u00eda\/microfono-behringer-mod-bc-lav-go\/\" \/>\n<meta property=\"og:locale\" content=\"en_US\" \/>\n<meta property=\"og:type\" content=\"article\" \/>\n<meta property=\"og:title\" content=\"MICROFONO BEHRINGER MOD. BC LAV GO - Mexican Guitar Players\" \/>\n<meta property=\"og:description\" content=\"Este micr\u00f3fono de solapa de condensador de calidad de transmisi\u00f3n ofrece una respuesta de audio superior, siendo una excelente opci\u00f3n para radiodifusores, presentadores, conferenciantes, cantantes, m\u00fasicos, actores y artistas que necesitan micr\u00f3fonos manos libres. Optimizado para transmisores de cuerpo, c\u00e1maras DSLR y la mayor\u00eda de dispositivos de grabaci\u00f3n de audio, cuenta con una c\u00e1psula en miniatura para actuaciones de micr\u00f3fono oculto, una construcci\u00f3n ultra resistente de cuerpo de fundici\u00f3n de metal, conector TRS chapado en oro para la m\u00e1xima integridad de la se\u00f1al, un cable integrado extra largo de 2.5 m para mayor movilidad, adaptador de auriculares incluido para monitoreo en tiempo real, parabrisas y clip discretos, y estuche protector con cremallera.\" \/>\n<meta property=\"og:url\" content=\"https:\/\/www.mexicanguitarplayers.com\/en\/tienda\/sin categor\u00eda\/microfono-behringer-mod-bc-lav-go\/\" \/>\n<meta property=\"og:site_name\" content=\"Mexican Guitar Players\" \/>\n<meta property=\"article:modified_time\" content=\"2026-01-01T14:56:38+00:00\" \/>\n<meta name=\"twitter:card\" content=\"summary_large_image\" \/>\n<meta name=\"twitter:label1\" content=\"Est. reading time\" \/>\n\t<meta name=\"twitter:data1\" content=\"1 minute\" \/>\n<script type=\"application\/ld+json\" class=\"yoast-schema-graph\">{\"@context\":\"https:\\\/\\\/schema.org\",\"@graph\":[{\"@type\":[\"WebPage\",\"ItemPage\"],\"@id\":\"https:\\\/\\\/www.mexicanguitarplayers.com\\\/tienda\\\/sin categor\u00eda\\\/microfono-behringer-mod-bc-lav-go\\\/\",\"url\":\"https:\\\/\\\/www.mexicanguitarplayers.com\\\/tienda\\\/sin categor\u00eda\\\/microfono-behringer-mod-bc-lav-go\\\/\",\"name\":\"MICROFONO BEHRINGER MOD. BC LAV GO - Mexican Guitar Players\",\"isPartOf\":{\"@id\":\"https:\\\/\\\/www.mexicanguitarplayers.com\\\/#website\"},\"primaryImageOfPage\":{\"@id\":\"https:\\\/\\\/www.mexicanguitarplayers.com\\\/tienda\\\/sin categor\u00eda\\\/microfono-behringer-mod-bc-lav-go\\\/#primaryimage\"},\"image\":{\"@id\":\"https:\\\/\\\/www.mexicanguitarplayers.com\\\/tienda\\\/sin categor\u00eda\\\/microfono-behringer-mod-bc-lav-go\\\/#primaryimage\"},\"thumbnailUrl\":\"https:\\\/\\\/www.mexicanguitarplayers.com\\\/wp-content\\\/uploads\\\/2025\\\/04\\\/IABEHBCLAVGO.jpg\",\"datePublished\":\"2025-04-08T14:38:35+00:00\",\"dateModified\":\"2026-01-01T14:56:38+00:00\",\"description\":\"Este micr\u00f3fono de solapa de condensador de calidad de transmisi\u00f3n ofrece una respuesta de audio superior, siendo una excelente opci\u00f3n para radiodifusores, presentadores, conferenciantes, cantantes, m\u00fasicos, actores y artistas que necesitan micr\u00f3fonos manos libres. Optimizado para transmisores de cuerpo, c\u00e1maras DSLR y la mayor\u00eda de dispositivos de grabaci\u00f3n de audio, cuenta con una c\u00e1psula en miniatura para actuaciones de micr\u00f3fono oculto, una construcci\u00f3n ultra resistente de cuerpo de fundici\u00f3n de metal, conector TRS chapado en oro para la m\u00e1xima integridad de la se\u00f1al, un cable integrado extra largo de 2.5 m para mayor movilidad, adaptador de auriculares incluido para monitoreo en tiempo real, parabrisas y clip discretos, y estuche protector con cremallera.\",\"breadcrumb\":{\"@id\":\"https:\\\/\\\/www.mexicanguitarplayers.com\\\/tienda\\\/sin categor\u00eda\\\/microfono-behringer-mod-bc-lav-go\\\/#breadcrumb\"},\"inLanguage\":\"en-US\",\"potentialAction\":[{\"@type\":\"ReadAction\",\"target\":[\"https:\\\/\\\/www.mexicanguitarplayers.com\\\/tienda\\\/sin categor\u00eda\\\/microfono-behringer-mod-bc-lav-go\\\/\"]}]},{\"@type\":\"ImageObject\",\"inLanguage\":\"en-US\",\"@id\":\"https:\\\/\\\/www.mexicanguitarplayers.com\\\/tienda\\\/sin categor\u00eda\\\/microfono-behringer-mod-bc-lav-go\\\/#primaryimage\",\"url\":\"https:\\\/\\\/www.mexicanguitarplayers.com\\\/wp-content\\\/uploads\\\/2025\\\/04\\\/IABEHBCLAVGO.jpg\",\"contentUrl\":\"https:\\\/\\\/www.mexicanguitarplayers.com\\\/wp-content\\\/uploads\\\/2025\\\/04\\\/IABEHBCLAVGO.jpg\",\"width\":1200,\"height\":1200},{\"@type\":\"BreadcrumbList\",\"@id\":\"https:\\\/\\\/www.mexicanguitarplayers.com\\\/tienda\\\/sin categor\u00eda\\\/microfono-behringer-mod-bc-lav-go\\\/#breadcrumb\",\"itemListElement\":[{\"@type\":\"ListItem\",\"position\":1,\"name\":\"Portada\",\"item\":\"https:\\\/\\\/www.mexicanguitarplayers.com\\\/\"},{\"@type\":\"ListItem\",\"position\":2,\"name\":\"Tienda\",\"item\":\"https:\\\/\\\/www.mexicanguitarplayers.com\\\/tienda\\\/\"},{\"@type\":\"ListItem\",\"position\":3,\"name\":\"MICROFONO BEHRINGER MOD. BC LAV GO\"}]},{\"@type\":\"WebSite\",\"@id\":\"https:\\\/\\\/www.mexicanguitarplayers.com\\\/#website\",\"url\":\"https:\\\/\\\/www.mexicanguitarplayers.com\\\/\",\"name\":\"Mexican Guitar Players\",\"description\":\"Website\",\"publisher\":{\"@id\":\"https:\\\/\\\/www.mexicanguitarplayers.com\\\/#organization\"},\"potentialAction\":[{\"@type\":\"SearchAction\",\"target\":{\"@type\":\"EntryPoint\",\"urlTemplate\":\"https:\\\/\\\/www.mexicanguitarplayers.com\\\/?s={search_term_string}\"},\"query-input\":{\"@type\":\"PropertyValueSpecification\",\"valueRequired\":true,\"valueName\":\"search_term_string\"}}],\"inLanguage\":\"en-US\"},{\"@type\":\"Organization\",\"@id\":\"https:\\\/\\\/www.mexicanguitarplayers.com\\\/#organization\",\"name\":\"Mexican Guitar Players\",\"url\":\"https:\\\/\\\/www.mexicanguitarplayers.com\\\/\",\"logo\":{\"@type\":\"ImageObject\",\"inLanguage\":\"en-US\",\"@id\":\"https:\\\/\\\/www.mexicanguitarplayers.com\\\/#\\\/schema\\\/logo\\\/image\\\/\",\"url\":\"\",\"contentUrl\":\"\",\"caption\":\"Mexican Guitar Players\"},\"image\":{\"@id\":\"https:\\\/\\\/www.mexicanguitarplayers.com\\\/#\\\/schema\\\/logo\\\/image\\\/\"}}]}<\/script>\n<!-- \/ Yoast SEO plugin. -->","yoast_head_json":{"title":"MICROFONO BEHRINGER MOD. BC LAV GO - Mexican Guitar Players","description":"Este micr\u00f3fono de solapa de condensador de calidad de transmisi\u00f3n ofrece una respuesta de audio superior, siendo una excelente opci\u00f3n para radiodifusores, presentadores, conferenciantes, cantantes, m\u00fasicos, actores y artistas que necesitan micr\u00f3fonos manos libres. Optimizado para transmisores de cuerpo, c\u00e1maras DSLR y la mayor\u00eda de dispositivos de grabaci\u00f3n de audio, cuenta con una c\u00e1psula en miniatura para actuaciones de micr\u00f3fono oculto, una construcci\u00f3n ultra resistente de cuerpo de fundici\u00f3n de metal, conector TRS chapado en oro para la m\u00e1xima integridad de la se\u00f1al, un cable integrado extra largo de 2.5 m para mayor movilidad, adaptador de auriculares incluido para monitoreo en tiempo real, parabrisas y clip discretos, y estuche protector con cremallera.","robots":{"index":"index","follow":"follow","max-snippet":"max-snippet:-1","max-image-preview":"max-image-preview:large","max-video-preview":"max-video-preview:-1"},"canonical":"https:\/\/www.mexicanguitarplayers.com\/en\/tienda\/sin categor\u00eda\/microfono-behringer-mod-bc-lav-go\/","og_locale":"en_US","og_type":"article","og_title":"MICROFONO BEHRINGER MOD. BC LAV GO - Mexican Guitar Players","og_description":"Este micr\u00f3fono de solapa de condensador de calidad de transmisi\u00f3n ofrece una respuesta de audio superior, siendo una excelente opci\u00f3n para radiodifusores, presentadores, conferenciantes, cantantes, m\u00fasicos, actores y artistas que necesitan micr\u00f3fonos manos libres. Optimizado para transmisores de cuerpo, c\u00e1maras DSLR y la mayor\u00eda de dispositivos de grabaci\u00f3n de audio, cuenta con una c\u00e1psula en miniatura para actuaciones de micr\u00f3fono oculto, una construcci\u00f3n ultra resistente de cuerpo de fundici\u00f3n de metal, conector TRS chapado en oro para la m\u00e1xima integridad de la se\u00f1al, un cable integrado extra largo de 2.5 m para mayor movilidad, adaptador de auriculares incluido para monitoreo en tiempo real, parabrisas y clip discretos, y estuche protector con cremallera.","og_url":"https:\/\/www.mexicanguitarplayers.com\/en\/tienda\/sin categor\u00eda\/microfono-behringer-mod-bc-lav-go\/","og_site_name":"Mexican Guitar Players","article_modified_time":"2026-01-01T14:56:38+00:00","twitter_card":"summary_large_image","twitter_misc":{"Est. reading time":"1 minute"},"schema":{"@context":"https:\/\/schema.org","@graph":[{"@type":["WebPage","ItemPage"],"@id":"https:\/\/www.mexicanguitarplayers.com\/tienda\/sin categor\u00eda\/microfono-behringer-mod-bc-lav-go\/","url":"https:\/\/www.mexicanguitarplayers.com\/tienda\/sin categor\u00eda\/microfono-behringer-mod-bc-lav-go\/","name":"MICROFONO BEHRINGER MOD. BC LAV GO - Mexican Guitar Players","isPartOf":{"@id":"https:\/\/www.mexicanguitarplayers.com\/#website"},"primaryImageOfPage":{"@id":"https:\/\/www.mexicanguitarplayers.com\/tienda\/sin categor\u00eda\/microfono-behringer-mod-bc-lav-go\/#primaryimage"},"image":{"@id":"https:\/\/www.mexicanguitarplayers.com\/tienda\/sin categor\u00eda\/microfono-behringer-mod-bc-lav-go\/#primaryimage"},"thumbnailUrl":"https:\/\/www.mexicanguitarplayers.com\/wp-content\/uploads\/2025\/04\/IABEHBCLAVGO.jpg","datePublished":"2025-04-08T14:38:35+00:00","dateModified":"2026-01-01T14:56:38+00:00","description":"Este micr\u00f3fono de solapa de condensador de calidad de transmisi\u00f3n ofrece una respuesta de audio superior, siendo una excelente opci\u00f3n para radiodifusores, presentadores, conferenciantes, cantantes, m\u00fasicos, actores y artistas que necesitan micr\u00f3fonos manos libres. Optimizado para transmisores de cuerpo, c\u00e1maras DSLR y la mayor\u00eda de dispositivos de grabaci\u00f3n de audio, cuenta con una c\u00e1psula en miniatura para actuaciones de micr\u00f3fono oculto, una construcci\u00f3n ultra resistente de cuerpo de fundici\u00f3n de metal, conector TRS chapado en oro para la m\u00e1xima integridad de la se\u00f1al, un cable integrado extra largo de 2.5 m para mayor movilidad, adaptador de auriculares incluido para monitoreo en tiempo real, parabrisas y clip discretos, y estuche protector con cremallera.","breadcrumb":{"@id":"https:\/\/www.mexicanguitarplayers.com\/tienda\/sin categor\u00eda\/microfono-behringer-mod-bc-lav-go\/#breadcrumb"},"inLanguage":"en-US","potentialAction":[{"@type":"ReadAction","target":["https:\/\/www.mexicanguitarplayers.com\/tienda\/sin categor\u00eda\/microfono-behringer-mod-bc-lav-go\/"]}]},{"@type":"ImageObject","inLanguage":"en-US","@id":"https:\/\/www.mexicanguitarplayers.com\/tienda\/sin categor\u00eda\/microfono-behringer-mod-bc-lav-go\/#primaryimage","url":"https:\/\/www.mexicanguitarplayers.com\/wp-content\/uploads\/2025\/04\/IABEHBCLAVGO.jpg","contentUrl":"https:\/\/www.mexicanguitarplayers.com\/wp-content\/uploads\/2025\/04\/IABEHBCLAVGO.jpg","width":1200,"height":1200},{"@type":"BreadcrumbList","@id":"https:\/\/www.mexicanguitarplayers.com\/tienda\/sin categor\u00eda\/microfono-behringer-mod-bc-lav-go\/#breadcrumb","itemListElement":[{"@type":"ListItem","position":1,"name":"Portada","item":"https:\/\/www.mexicanguitarplayers.com\/"},{"@type":"ListItem","position":2,"name":"Tienda","item":"https:\/\/www.mexicanguitarplayers.com\/tienda\/"},{"@type":"ListItem","position":3,"name":"MICROFONO BEHRINGER MOD. BC LAV GO"}]},{"@type":"WebSite","@id":"https:\/\/www.mexicanguitarplayers.com\/#website","url":"https:\/\/www.mexicanguitarplayers.com\/","name":"Mexican Guitar Players","description":"Website","publisher":{"@id":"https:\/\/www.mexicanguitarplayers.com\/#organization"},"potentialAction":[{"@type":"SearchAction","target":{"@type":"EntryPoint","urlTemplate":"https:\/\/www.mexicanguitarplayers.com\/?s={search_term_string}"},"query-input":{"@type":"PropertyValueSpecification","valueRequired":true,"valueName":"search_term_string"}}],"inLanguage":"en-US"},{"@type":"Organization","@id":"https:\/\/www.mexicanguitarplayers.com\/#organization","name":"Mexican Guitar Players","url":"https:\/\/www.mexicanguitarplayers.com\/","logo":{"@type":"ImageObject","inLanguage":"en-US","@id":"https:\/\/www.mexicanguitarplayers.com\/#\/schema\/logo\/image\/","url":"","contentUrl":"","caption":"Mexican Guitar Players"},"image":{"@id":"https:\/\/www.mexicanguitarplayers.com\/#\/schema\/logo\/image\/"}}]}},"brands":[{"id":171,"name":"BEHRINGER","slug":"behringer"}],"_links":{"self":[{"href":"https:\/\/www.mexicanguitarplayers.com\/en\/wp-json\/wp\/v2\/product\/28799","targetHints":{"allow":["GET"]}}],"collection":[{"href":"https:\/\/www.mexicanguitarplayers.com\/en\/wp-json\/wp\/v2\/product"}],"about":[{"href":"https:\/\/www.mexicanguitarplayers.com\/en\/wp-json\/wp\/v2\/types\/product"}],"replies":[{"embeddable":true,"href":"https:\/\/www.mexicanguitarplayers.com\/en\/wp-json\/wp\/v2\/comments?post=28799"}],"wp:featuredmedia":[{"embeddable":true,"href":"https:\/\/www.mexicanguitarplayers.com\/en\/wp-json\/wp\/v2\/media\/28795"}],"wp:attachment":[{"href":"https:\/\/www.mexicanguitarplayers.com\/en\/wp-json\/wp\/v2\/media?parent=28799"}],"wp:term":[{"taxonomy":"pwb-brand","embeddable":true,"href":"https:\/\/www.mexicanguitarplayers.com\/en\/wp-json\/wp\/v2\/pwb-brand?post=28799"},{"taxonomy":"product_brand","embeddable":true,"href":"https:\/\/www.mexicanguitarplayers.com\/en\/wp-json\/wp\/v2\/product_brand?post=28799"},{"taxonomy":"product_cat","embeddable":true,"href":"https:\/\/www.mexicanguitarplayers.com\/en\/wp-json\/wp\/v2\/product_cat?post=28799"},{"taxonomy":"product_tag","embeddable":true,"href":"https:\/\/www.mexicanguitarplayers.com\/en\/wp-json\/wp\/v2\/product_tag?post=28799"}],"curies":[{"name":"wp","href":"https:\/\/api.w.org\/{rel}","templated":true}]}}