{"id":28808,"date":"2025-04-08T10:21:08","date_gmt":"2025-04-08T16:21:08","guid":{"rendered":"https:\/\/www.mexicanguitarplayers.com\/tienda\/sin categor\u00eda\/subwoofer-electrovoice-evolve50-sw-gl\/"},"modified":"2025-04-08T10:21:08","modified_gmt":"2025-04-08T16:21:08","slug":"subwoofer-electrovoice-evolve50-sw-gl","status":"publish","type":"product","link":"https:\/\/www.mexicanguitarplayers.com\/en\/tienda\/audio\/bafles-y-bocinas\/bocinas-y-componentes\/graves\/subwoofer-electrovoice-evolve50-sw-gl\/","title":{"rendered":"SUBWOOFER ELECTROVOICE EVOLVE50-SW-GL"},"content":{"rendered":"<div style=\"text-align: justify\">\n<div>\n<h3>Altavoz subwoofer de columna, blanco EVOLVE50-SW-GL<\/h3>\n<\/div>\n<div>El sistema port\u00e1til de columna EVOLVE 50 representa un elemento y un dise\u00f1o nuevos en la cartera de productos de sonido port\u00e1tiles Electro-Voice. Dise\u00f1ado para ofrecer una combinaci\u00f3n sin concesiones de est\u00e9tica de bajo perfil y sonido de magn\u00edfica calidad, el sistema EVOLVE 50 establece un nuevo est\u00e1ndar para los sistemas port\u00e1tiles de columna.<\/div>\n<div>\n<h4>Characteristics<\/h4>\n<\/div>\n<div>\n<ul style=\"margin: 0px 0px 0px 25px\">\n<li style=\"list-style-type: circle;margin: 5px\">Respuesta de frecuencia (-3 dB) 1<\/li>\n<li style=\"list-style-type: circle;margin: 5px\">Rango de frecuencia (-10 dB) 1<\/li>\n<li style=\"list-style-type: circle;margin: 5px\">SPL m\u00e1ximo 2<\/li>\n<li style=\"list-style-type: circle;margin: 5px\">Cobertura (Al x V)<\/li>\n<li style=\"list-style-type: circle;margin: 5px\">Clasificaci\u00f3n del amplificador<\/li>\n<li style=\"list-style-type: circle;margin: 5px\">Clasificaci\u00f3n del canal LF<\/li>\n<li style=\"list-style-type: circle;margin: 5px\">Clasificaci\u00f3n de canales HF<\/li>\n<li style=\"list-style-type: circle;margin: 5px\">Frecuencia de cruce<\/li>\n<li style=\"list-style-type: circle;margin: 5px\">Connectors<\/li>\n<li style=\"list-style-type: circle;margin: 5px\">Recinto<\/li>\n<li style=\"list-style-type: circle;margin: 5px\">Reja<\/li>\n<li style=\"list-style-type: circle;margin: 5px\">Color<\/li>\n<li style=\"list-style-type: circle;margin: 5px\">Dimensiones (Al x An x Pr): mm (pulg.<\/li>\n<li style=\"list-style-type: circle;margin: 5px\">Peso neto<\/li>\n<li style=\"list-style-type: circle;margin: 5px\">Peso de env\u00edo<\/li>\n<li style=\"list-style-type: circle;margin: 5px\">Consumo de energ\u00eda 3<\/li>\n<\/ul>\n<\/div>\n<\/div>","protected":false},"excerpt":{"rendered":"<p>El sistema EVOLVE 50 se ha dise\u00f1ado para poder transportarlo y montarlo de forma f\u00e1cil yr\u00e1pida. El conjunto de columna de rango completo y sus ocho motores de neodimio de 3,5 pulgadasse controlan mediante gu\u00edas de ondas con dise\u00f1o personalizado para garantizar una coberturaconstante de 120\u00b0. El amplificadorde clase D proporciona hasta 1000 vatios de potencia de salida  y500 vatios al conjunto de columna&hellip; <a class=\"kt-excerpt-readmore more-link\" href=\"https:\/\/www.mexicanguitarplayers.com\/en\/tienda\/audio\/bafles-y-bocinas\/bocinas-y-componentes\/graves\/subwoofer-electrovoice-evolve50-sw-gl\/\">Read more<\/a><\/p>","protected":false},"featured_media":28804,"comment_status":"open","ping_status":"closed","template":"","meta":{"kt_blocks_editor_width":""},"pwb-brand":[535],"product_brand":[],"product_cat":[213,221,474,529],"product_tag":[],"class_list":{"0":"post-28808","1":"product","2":"type-product","3":"status-publish","4":"has-post-thumbnail","6":"pwb-brand-electrovoice","7":"product_cat-audio","8":"product_cat-bafles-y-bocinas","9":"product_cat-bocinas-y-componentes","10":"product_cat-graves","11":"product_shipping_class-20-25-kg","13":"first","14":"outofstock","15":"taxable","16":"shipping-taxable","17":"purchasable","18":"product-type-simple"},"yoast_head":"<!-- This site is optimized with the Yoast SEO plugin v27.3 - https:\/\/yoast.com\/product\/yoast-seo-wordpress\/ -->\n<title>SUBWOOFER ELECTROVOICE EVOLVE50-SW-GL - Mexican Guitar Players<\/title>\n<meta name=\"description\" content=\"El sistema EVOLVE 50 se ha dise\u00f1ado para poder transportarlo y montarlo de forma f\u00e1cil yr\u00e1pida. El conjunto de columna de rango completo y sus ocho motores de neodimio de 3,5 pulgadasse controlan mediante gu\u00edas de ondas con dise\u00f1o personalizado para garantizar una coberturaconstante de 120\u00b0. El amplificadorde clase D proporciona hasta 1000 vatios de potencia de salida y500 vatios al conjunto de columna\" \/>\n<meta name=\"robots\" content=\"index, follow, max-snippet:-1, max-image-preview:large, max-video-preview:-1\" \/>\n<link rel=\"canonical\" href=\"https:\/\/www.mexicanguitarplayers.com\/en\/tienda\/sin%20categor\u00eda\/subwoofer-electrovoice-evolve50-sw-gl\/\" \/>\n<meta property=\"og:locale\" content=\"en_US\" \/>\n<meta property=\"og:type\" content=\"article\" \/>\n<meta property=\"og:title\" content=\"SUBWOOFER ELECTROVOICE EVOLVE50-SW-GL - Mexican Guitar Players\" \/>\n<meta property=\"og:description\" content=\"El sistema EVOLVE 50 se ha dise\u00f1ado para poder transportarlo y montarlo de forma f\u00e1cil yr\u00e1pida. El conjunto de columna de rango completo y sus ocho motores de neodimio de 3,5 pulgadasse controlan mediante gu\u00edas de ondas con dise\u00f1o personalizado para garantizar una coberturaconstante de 120\u00b0. El amplificadorde clase D proporciona hasta 1000 vatios de potencia de salida y500 vatios al conjunto de columna\" \/>\n<meta property=\"og:url\" content=\"https:\/\/www.mexicanguitarplayers.com\/en\/tienda\/sin categor\u00eda\/subwoofer-electrovoice-evolve50-sw-gl\/\" \/>\n<meta property=\"og:site_name\" content=\"Mexican Guitar Players\" \/>\n<meta name=\"twitter:card\" content=\"summary_large_image\" \/>\n<meta name=\"twitter:label1\" content=\"Est. reading time\" \/>\n\t<meta name=\"twitter:data1\" content=\"1 minute\" \/>\n<script type=\"application\/ld+json\" class=\"yoast-schema-graph\">{\"@context\":\"https:\\\/\\\/schema.org\",\"@graph\":[{\"@type\":[\"WebPage\",\"ItemPage\"],\"@id\":\"https:\\\/\\\/www.mexicanguitarplayers.com\\\/tienda\\\/sin categor\u00eda\\\/subwoofer-electrovoice-evolve50-sw-gl\\\/\",\"url\":\"https:\\\/\\\/www.mexicanguitarplayers.com\\\/tienda\\\/sin categor\u00eda\\\/subwoofer-electrovoice-evolve50-sw-gl\\\/\",\"name\":\"SUBWOOFER ELECTROVOICE EVOLVE50-SW-GL - Mexican Guitar Players\",\"isPartOf\":{\"@id\":\"https:\\\/\\\/www.mexicanguitarplayers.com\\\/#website\"},\"primaryImageOfPage\":{\"@id\":\"https:\\\/\\\/www.mexicanguitarplayers.com\\\/tienda\\\/sin categor\u00eda\\\/subwoofer-electrovoice-evolve50-sw-gl\\\/#primaryimage\"},\"image\":{\"@id\":\"https:\\\/\\\/www.mexicanguitarplayers.com\\\/tienda\\\/sin categor\u00eda\\\/subwoofer-electrovoice-evolve50-sw-gl\\\/#primaryimage\"},\"thumbnailUrl\":\"https:\\\/\\\/www.mexicanguitarplayers.com\\\/wp-content\\\/uploads\\\/2025\\\/04\\\/IAEVOEVOLV50WG.jpg\",\"datePublished\":\"2025-04-08T16:21:08+00:00\",\"description\":\"El sistema EVOLVE 50 se ha dise\u00f1ado para poder transportarlo y montarlo de forma f\u00e1cil yr\u00e1pida. El conjunto de columna de rango completo y sus ocho motores de neodimio de 3,5 pulgadasse controlan mediante gu\u00edas de ondas con dise\u00f1o personalizado para garantizar una coberturaconstante de 120\u00b0. El amplificadorde clase D proporciona hasta 1000 vatios de potencia de salida y500 vatios al conjunto de columna\",\"breadcrumb\":{\"@id\":\"https:\\\/\\\/www.mexicanguitarplayers.com\\\/tienda\\\/sin categor\u00eda\\\/subwoofer-electrovoice-evolve50-sw-gl\\\/#breadcrumb\"},\"inLanguage\":\"en-US\",\"potentialAction\":[{\"@type\":\"ReadAction\",\"target\":[\"https:\\\/\\\/www.mexicanguitarplayers.com\\\/tienda\\\/sin categor\u00eda\\\/subwoofer-electrovoice-evolve50-sw-gl\\\/\"]}]},{\"@type\":\"ImageObject\",\"inLanguage\":\"en-US\",\"@id\":\"https:\\\/\\\/www.mexicanguitarplayers.com\\\/tienda\\\/sin categor\u00eda\\\/subwoofer-electrovoice-evolve50-sw-gl\\\/#primaryimage\",\"url\":\"https:\\\/\\\/www.mexicanguitarplayers.com\\\/wp-content\\\/uploads\\\/2025\\\/04\\\/IAEVOEVOLV50WG.jpg\",\"contentUrl\":\"https:\\\/\\\/www.mexicanguitarplayers.com\\\/wp-content\\\/uploads\\\/2025\\\/04\\\/IAEVOEVOLV50WG.jpg\",\"width\":1200,\"height\":1200},{\"@type\":\"BreadcrumbList\",\"@id\":\"https:\\\/\\\/www.mexicanguitarplayers.com\\\/tienda\\\/sin categor\u00eda\\\/subwoofer-electrovoice-evolve50-sw-gl\\\/#breadcrumb\",\"itemListElement\":[{\"@type\":\"ListItem\",\"position\":1,\"name\":\"Portada\",\"item\":\"https:\\\/\\\/www.mexicanguitarplayers.com\\\/\"},{\"@type\":\"ListItem\",\"position\":2,\"name\":\"Tienda\",\"item\":\"https:\\\/\\\/www.mexicanguitarplayers.com\\\/tienda\\\/\"},{\"@type\":\"ListItem\",\"position\":3,\"name\":\"SUBWOOFER ELECTROVOICE EVOLVE50-SW-GL\"}]},{\"@type\":\"WebSite\",\"@id\":\"https:\\\/\\\/www.mexicanguitarplayers.com\\\/#website\",\"url\":\"https:\\\/\\\/www.mexicanguitarplayers.com\\\/\",\"name\":\"Mexican Guitar Players\",\"description\":\"Website\",\"publisher\":{\"@id\":\"https:\\\/\\\/www.mexicanguitarplayers.com\\\/#organization\"},\"potentialAction\":[{\"@type\":\"SearchAction\",\"target\":{\"@type\":\"EntryPoint\",\"urlTemplate\":\"https:\\\/\\\/www.mexicanguitarplayers.com\\\/?s={search_term_string}\"},\"query-input\":{\"@type\":\"PropertyValueSpecification\",\"valueRequired\":true,\"valueName\":\"search_term_string\"}}],\"inLanguage\":\"en-US\"},{\"@type\":\"Organization\",\"@id\":\"https:\\\/\\\/www.mexicanguitarplayers.com\\\/#organization\",\"name\":\"Mexican Guitar Players\",\"url\":\"https:\\\/\\\/www.mexicanguitarplayers.com\\\/\",\"logo\":{\"@type\":\"ImageObject\",\"inLanguage\":\"en-US\",\"@id\":\"https:\\\/\\\/www.mexicanguitarplayers.com\\\/#\\\/schema\\\/logo\\\/image\\\/\",\"url\":\"\",\"contentUrl\":\"\",\"caption\":\"Mexican Guitar Players\"},\"image\":{\"@id\":\"https:\\\/\\\/www.mexicanguitarplayers.com\\\/#\\\/schema\\\/logo\\\/image\\\/\"}}]}<\/script>\n<!-- \/ Yoast SEO plugin. -->","yoast_head_json":{"title":"SUBWOOFER ELECTROVOICE EVOLVE50-SW-GL - Mexican Guitar Players","description":"El sistema EVOLVE 50 se ha dise\u00f1ado para poder transportarlo y montarlo de forma f\u00e1cil yr\u00e1pida. El conjunto de columna de rango completo y sus ocho motores de neodimio de 3,5 pulgadasse controlan mediante gu\u00edas de ondas con dise\u00f1o personalizado para garantizar una coberturaconstante de 120\u00b0. El amplificadorde clase D proporciona hasta 1000 vatios de potencia de salida y500 vatios al conjunto de columna","robots":{"index":"index","follow":"follow","max-snippet":"max-snippet:-1","max-image-preview":"max-image-preview:large","max-video-preview":"max-video-preview:-1"},"canonical":"https:\/\/www.mexicanguitarplayers.com\/en\/tienda\/sin categor\u00eda\/subwoofer-electrovoice-evolve50-sw-gl\/","og_locale":"en_US","og_type":"article","og_title":"SUBWOOFER ELECTROVOICE EVOLVE50-SW-GL - Mexican Guitar Players","og_description":"El sistema EVOLVE 50 se ha dise\u00f1ado para poder transportarlo y montarlo de forma f\u00e1cil yr\u00e1pida. El conjunto de columna de rango completo y sus ocho motores de neodimio de 3,5 pulgadasse controlan mediante gu\u00edas de ondas con dise\u00f1o personalizado para garantizar una coberturaconstante de 120\u00b0. El amplificadorde clase D proporciona hasta 1000 vatios de potencia de salida y500 vatios al conjunto de columna","og_url":"https:\/\/www.mexicanguitarplayers.com\/en\/tienda\/sin categor\u00eda\/subwoofer-electrovoice-evolve50-sw-gl\/","og_site_name":"Mexican Guitar Players","twitter_card":"summary_large_image","twitter_misc":{"Est. reading time":"1 minute"},"schema":{"@context":"https:\/\/schema.org","@graph":[{"@type":["WebPage","ItemPage"],"@id":"https:\/\/www.mexicanguitarplayers.com\/tienda\/sin categor\u00eda\/subwoofer-electrovoice-evolve50-sw-gl\/","url":"https:\/\/www.mexicanguitarplayers.com\/tienda\/sin categor\u00eda\/subwoofer-electrovoice-evolve50-sw-gl\/","name":"SUBWOOFER ELECTROVOICE EVOLVE50-SW-GL - Mexican Guitar Players","isPartOf":{"@id":"https:\/\/www.mexicanguitarplayers.com\/#website"},"primaryImageOfPage":{"@id":"https:\/\/www.mexicanguitarplayers.com\/tienda\/sin categor\u00eda\/subwoofer-electrovoice-evolve50-sw-gl\/#primaryimage"},"image":{"@id":"https:\/\/www.mexicanguitarplayers.com\/tienda\/sin categor\u00eda\/subwoofer-electrovoice-evolve50-sw-gl\/#primaryimage"},"thumbnailUrl":"https:\/\/www.mexicanguitarplayers.com\/wp-content\/uploads\/2025\/04\/IAEVOEVOLV50WG.jpg","datePublished":"2025-04-08T16:21:08+00:00","description":"El sistema EVOLVE 50 se ha dise\u00f1ado para poder transportarlo y montarlo de forma f\u00e1cil yr\u00e1pida. El conjunto de columna de rango completo y sus ocho motores de neodimio de 3,5 pulgadasse controlan mediante gu\u00edas de ondas con dise\u00f1o personalizado para garantizar una coberturaconstante de 120\u00b0. El amplificadorde clase D proporciona hasta 1000 vatios de potencia de salida y500 vatios al conjunto de columna","breadcrumb":{"@id":"https:\/\/www.mexicanguitarplayers.com\/tienda\/sin categor\u00eda\/subwoofer-electrovoice-evolve50-sw-gl\/#breadcrumb"},"inLanguage":"en-US","potentialAction":[{"@type":"ReadAction","target":["https:\/\/www.mexicanguitarplayers.com\/tienda\/sin categor\u00eda\/subwoofer-electrovoice-evolve50-sw-gl\/"]}]},{"@type":"ImageObject","inLanguage":"en-US","@id":"https:\/\/www.mexicanguitarplayers.com\/tienda\/sin categor\u00eda\/subwoofer-electrovoice-evolve50-sw-gl\/#primaryimage","url":"https:\/\/www.mexicanguitarplayers.com\/wp-content\/uploads\/2025\/04\/IAEVOEVOLV50WG.jpg","contentUrl":"https:\/\/www.mexicanguitarplayers.com\/wp-content\/uploads\/2025\/04\/IAEVOEVOLV50WG.jpg","width":1200,"height":1200},{"@type":"BreadcrumbList","@id":"https:\/\/www.mexicanguitarplayers.com\/tienda\/sin categor\u00eda\/subwoofer-electrovoice-evolve50-sw-gl\/#breadcrumb","itemListElement":[{"@type":"ListItem","position":1,"name":"Portada","item":"https:\/\/www.mexicanguitarplayers.com\/"},{"@type":"ListItem","position":2,"name":"Tienda","item":"https:\/\/www.mexicanguitarplayers.com\/tienda\/"},{"@type":"ListItem","position":3,"name":"SUBWOOFER ELECTROVOICE EVOLVE50-SW-GL"}]},{"@type":"WebSite","@id":"https:\/\/www.mexicanguitarplayers.com\/#website","url":"https:\/\/www.mexicanguitarplayers.com\/","name":"Mexican Guitar Players","description":"Website","publisher":{"@id":"https:\/\/www.mexicanguitarplayers.com\/#organization"},"potentialAction":[{"@type":"SearchAction","target":{"@type":"EntryPoint","urlTemplate":"https:\/\/www.mexicanguitarplayers.com\/?s={search_term_string}"},"query-input":{"@type":"PropertyValueSpecification","valueRequired":true,"valueName":"search_term_string"}}],"inLanguage":"en-US"},{"@type":"Organization","@id":"https:\/\/www.mexicanguitarplayers.com\/#organization","name":"Mexican Guitar Players","url":"https:\/\/www.mexicanguitarplayers.com\/","logo":{"@type":"ImageObject","inLanguage":"en-US","@id":"https:\/\/www.mexicanguitarplayers.com\/#\/schema\/logo\/image\/","url":"","contentUrl":"","caption":"Mexican Guitar Players"},"image":{"@id":"https:\/\/www.mexicanguitarplayers.com\/#\/schema\/logo\/image\/"}}]}},"brands":[{"id":535,"name":"ELECTROVOICE","slug":"electrovoice"}],"_links":{"self":[{"href":"https:\/\/www.mexicanguitarplayers.com\/en\/wp-json\/wp\/v2\/product\/28808","targetHints":{"allow":["GET"]}}],"collection":[{"href":"https:\/\/www.mexicanguitarplayers.com\/en\/wp-json\/wp\/v2\/product"}],"about":[{"href":"https:\/\/www.mexicanguitarplayers.com\/en\/wp-json\/wp\/v2\/types\/product"}],"replies":[{"embeddable":true,"href":"https:\/\/www.mexicanguitarplayers.com\/en\/wp-json\/wp\/v2\/comments?post=28808"}],"wp:featuredmedia":[{"embeddable":true,"href":"https:\/\/www.mexicanguitarplayers.com\/en\/wp-json\/wp\/v2\/media\/28804"}],"wp:attachment":[{"href":"https:\/\/www.mexicanguitarplayers.com\/en\/wp-json\/wp\/v2\/media?parent=28808"}],"wp:term":[{"taxonomy":"pwb-brand","embeddable":true,"href":"https:\/\/www.mexicanguitarplayers.com\/en\/wp-json\/wp\/v2\/pwb-brand?post=28808"},{"taxonomy":"product_brand","embeddable":true,"href":"https:\/\/www.mexicanguitarplayers.com\/en\/wp-json\/wp\/v2\/product_brand?post=28808"},{"taxonomy":"product_cat","embeddable":true,"href":"https:\/\/www.mexicanguitarplayers.com\/en\/wp-json\/wp\/v2\/product_cat?post=28808"},{"taxonomy":"product_tag","embeddable":true,"href":"https:\/\/www.mexicanguitarplayers.com\/en\/wp-json\/wp\/v2\/product_tag?post=28808"}],"curies":[{"name":"wp","href":"https:\/\/api.w.org\/{rel}","templated":true}]}}