{"id":28812,"date":"2025-04-08T10:21:13","date_gmt":"2025-04-08T16:21:13","guid":{"rendered":"https:\/\/www.mexicanguitarplayers.com\/tienda\/sin categor\u00eda\/combo-blackstar-p-guit-ht-studio-20\/"},"modified":"2026-04-10T04:39:38","modified_gmt":"2026-04-10T10:39:38","slug":"combo-blackstar-p-guit-ht-studio-20","status":"publish","type":"product","link":"https:\/\/www.mexicanguitarplayers.com\/en\/tienda\/cuerdas\/combos\/combos-para-guitarra\/combo-blackstar-p-guit-ht-studio-20\/","title":{"rendered":"COMBO BLACKSTAR P\/GUIT.HT-STUDIO-20"},"content":{"rendered":"<div style=\"text-align: justify\">\n<div>\n<h3>Tu sonido, como t\u00fa lo quieres&#8230;.<\/h3>\n<\/div>\n<div>El combo HT Studio 20 es el hermano mayor de nuestro aclamado HT-5 y ofrece una enorme versatilidad para uso en casa, ensayo o en estudio. El preamplificador cuidadosamente expresado junto con un amplificador de potencia EL344 cathode-biased proporciona al usuario la capacidad de crear tonos de bulbo maravillosamente exuberantes a trav\u00e9s de un altavoz Celestion de 12\u201d pulgadas.<\/div>\n<div>\n<h4>Quick look<\/h4>\n<\/div>\n<ul style=\"margin: 0px 0px 0px 25px\">\n<li style=\"list-style-type: circle;margin: 5px\">Kind.<\/li>\n<li style=\"list-style-type: circle;margin: 5px\">Bulbs<\/li>\n<li style=\"list-style-type: circle;margin: 5px\">Characteristics.<\/li>\n<li style=\"list-style-type: circle;margin: 5px\">Tickets.<\/li>\n<li style=\"list-style-type: circle;margin: 5px\">Controls<\/li>\n<li style=\"list-style-type: circle;margin: 5px\">Speakers.<\/li>\n<li style=\"list-style-type: circle;margin: 5px\">Dos canales seleccionables.<\/li>\n<li style=\"list-style-type: circle;margin: 5px\">ISF control.<\/li>\n<li style=\"list-style-type: circle;margin: 5px\">Speaker emulation output.<\/li>\n<li style=\"list-style-type: circle;margin: 5px\">Loop de Efectos.<\/li>\n<li style=\"list-style-type: circle;margin: 5px\">Digital reverb.<\/li>\n<li style=\"list-style-type: circle;margin: 5px\">Dimensions.<\/li>\n<li style=\"list-style-type: circle;margin: 5px\">Weight.<\/li>\n<\/ul>\n<div>\n<div style=\"font-weight: bold\">Kind.<\/div>\n<div>\n<p>Combo de 20 watts a bulbos.<\/p>\n<\/div>\n<div style=\"font-weight: bold\">Bulbs<\/div>\n<div>\n<p>Bulbos de preamp: 2 x ECC83. Bulbos de potencia: 2 x EL34.<\/p>\n<\/div>\n<div style=\"font-weight: bold\">Characteristics.<\/div>\n<div>\n<p>Controles de tono mejorados. Volumen master. Estilo vintage. Incluye un pedal footswitch de 1 v\u00eda.<\/p>\n<\/div>\n<div style=\"font-weight: bold\">Tickets.<\/div>\n<div>\n<p>Entrada de instrumento.<\/p>\n<\/div>\n<div style=\"font-weight: bold\">Controls<\/div>\n<div>\n<p>Clean Volume, Clean Tone, Overdrive Gain, Overdrive Volume, Bass, Middle, Treble, ISF, Volume, Reverb.<\/p>\n<\/div>\n<div style=\"font-weight: bold\">Speakers.<\/div>\n<div>\n<p>Un altavoz Celestion de 12\u201d pulgadas.<\/p>\n<\/div>\n<div style=\"font-weight: bold\">Dos canales seleccionables.<\/div>\n<div>\n<p>El amplificador de guitarra cuenta con 2 canales disponibles para su selecci\u00f3n, un canal Clean y un Overdrive. Usando el control Gain mientras est\u00e1s en el canal Clean, para enviar todo, desde un sonido limpio hasta un tono crunch. Alternativamente puedes usar el canal Overdrive y nuevamente usando el control Gain puedes cambiar de un sonido limpio a un tono lead distorsionado.<\/p>\n<\/div>\n<div style=\"font-weight: bold\">ISF control.<\/div>\n<div>\n<p>The ISF control works in conjunction with the tone controls. This control allows you to find the sound you are really looking for. Fully CCW gives you a tight and aggressive American sound, while fully CW gives you a characteristic British sound, more woody and less aggressive.<\/p>\n<\/div>\n<div style=\"font-weight: bold\">Speaker emulation output.<\/div>\n<div>\n<p>El dise\u00f1o de salida de emulaci\u00f3n de altavoz es un nuevo punto de referencia para la grabaci\u00f3n pro en directo. Este dise\u00f1o sin compromisos hace que sea sencillo obtener tu tono en discos o cintas. Puedes tambi\u00e9n usarlo para correr una l\u00ednea de salida a PA. Cuenta con voicing de 1&#215;12 o 4&#215;12.<\/p>\n<\/div>\n<div style=\"font-weight: bold\">Loop de Efectos.<\/div>\n<div>\n<p>El amplificador cuenta con Loop de Efectos, lo que te permite conectar pedales de efectos u otro equipo profesional utilizando las conexiones de env\u00edo y retorno. El switch de nivel del Loop de Efectos ajusta el loop de efectos a +4dBV\/-10dBV, lo que te permite utilizarlo con equipos profesionales (ajuste de 4 dBV) o con nivel de efectos de guitarra, tales como pedales de efectos (ajuste -10 dBV).<\/p>\n<\/div>\n<div style=\"font-weight: bold\">Digital reverb.<\/div>\n<div>\n<p>The reverb control adjusts the level of the reverb effect. With the control fully to the left you will not have reverb, but turning the control clockwise will increase the amount of reverb.<\/p>\n<\/div>\n<div style=\"font-weight: bold\">Dimensions.<\/div>\n<div>\n<p>573 x 522 x 292 mm.<\/p>\n<\/div>\n<div style=\"font-weight: bold\">Weight.<\/div>\n<div>\n<p>19.2 kg.<\/p>\n<\/div>\n<\/div>\n<\/div>","protected":false},"excerpt":{"rendered":"<p>Combo de 20 watts a bulbos, controles de tono mejorados, volumen master, estilo vintage, bulbos de preamp: 2 x ECC83, bulbos de potencia: 2 x EL34, un altavoz Celestion de 12\u201d pulgadas, 2 canales seleccionables (Clean y Overdrive), control ISF (Infinite Shape Feature), salida de emulaci\u00f3n de altavoz, loop de Efectos, reverb digital, incluye un pedal footswitch de 1 v\u00eda, dimensiones: 573 x 522 x 292 mm, peso: 19.2 kg.&hellip; <a class=\"kt-excerpt-readmore more-link\" href=\"https:\/\/www.mexicanguitarplayers.com\/en\/tienda\/cuerdas\/combos\/combos-para-guitarra\/combo-blackstar-p-guit-ht-studio-20\/\">Read more<\/a><\/p>","protected":false},"featured_media":28809,"comment_status":"open","ping_status":"closed","template":"","meta":{"kt_blocks_editor_width":""},"pwb-brand":[172],"product_brand":[],"product_cat":[236,237,224],"product_tag":[],"class_list":{"0":"post-28812","1":"product","2":"type-product","3":"status-publish","4":"has-post-thumbnail","6":"pwb-brand-blackstar","7":"product_cat-combos","8":"product_cat-combos-para-guitarra","9":"product_cat-cuerdas","10":"product_shipping_class-20-25-kg","12":"first","13":"outofstock","14":"taxable","15":"shipping-taxable","16":"purchasable","17":"product-type-simple"},"yoast_head":"<!-- This site is optimized with the Yoast SEO plugin v27.6 - https:\/\/yoast.com\/product\/yoast-seo-wordpress\/ -->\n<title>COMBO BLACKSTAR P\/GUIT.HT-STUDIO-20 - Mexican Guitar Players<\/title>\n<meta name=\"description\" content=\"Combo de 20 watts a bulbos, controles de tono mejorados, volumen master, estilo vintage, bulbos de preamp: 2 x ECC83, bulbos de potencia: 2 x EL34, un altavoz Celestion de 12\u201d pulgadas, 2 canales seleccionables (Clean y Overdrive), control ISF (Infinite Shape Feature), salida de emulaci\u00f3n de altavoz, loop de Efectos, reverb digital, incluye un pedal footswitch de 1 v\u00eda, dimensiones: 573 x 522 x 292 mm, peso: 19.2 kg.\" \/>\n<meta name=\"robots\" content=\"index, follow, max-snippet:-1, max-image-preview:large, max-video-preview:-1\" \/>\n<link rel=\"canonical\" href=\"https:\/\/www.mexicanguitarplayers.com\/en\/tienda\/sin%20categor\u00eda\/combo-blackstar-p-guit-ht-studio-20\/\" \/>\n<meta property=\"og:locale\" content=\"en_US\" \/>\n<meta property=\"og:type\" content=\"article\" \/>\n<meta property=\"og:title\" content=\"COMBO BLACKSTAR P\/GUIT.HT-STUDIO-20 - Mexican Guitar Players\" \/>\n<meta property=\"og:description\" content=\"Combo de 20 watts a bulbos, controles de tono mejorados, volumen master, estilo vintage, bulbos de preamp: 2 x ECC83, bulbos de potencia: 2 x EL34, un altavoz Celestion de 12\u201d pulgadas, 2 canales seleccionables (Clean y Overdrive), control ISF (Infinite Shape Feature), salida de emulaci\u00f3n de altavoz, loop de Efectos, reverb digital, incluye un pedal footswitch de 1 v\u00eda, dimensiones: 573 x 522 x 292 mm, peso: 19.2 kg.\" \/>\n<meta property=\"og:url\" content=\"https:\/\/www.mexicanguitarplayers.com\/en\/tienda\/sin categor\u00eda\/combo-blackstar-p-guit-ht-studio-20\/\" \/>\n<meta property=\"og:site_name\" content=\"Mexican Guitar Players\" \/>\n<meta property=\"article:modified_time\" content=\"2026-04-10T10:39:38+00:00\" \/>\n<meta name=\"twitter:card\" content=\"summary_large_image\" \/>\n<meta name=\"twitter:label1\" content=\"Est. reading time\" \/>\n\t<meta name=\"twitter:data1\" content=\"2 minutes\" \/>\n<script type=\"application\/ld+json\" class=\"yoast-schema-graph\">{\"@context\":\"https:\\\/\\\/schema.org\",\"@graph\":[{\"@type\":[\"WebPage\",\"ItemPage\"],\"@id\":\"https:\\\/\\\/www.mexicanguitarplayers.com\\\/tienda\\\/sin categor\u00eda\\\/combo-blackstar-p-guit-ht-studio-20\\\/\",\"url\":\"https:\\\/\\\/www.mexicanguitarplayers.com\\\/tienda\\\/sin categor\u00eda\\\/combo-blackstar-p-guit-ht-studio-20\\\/\",\"name\":\"COMBO BLACKSTAR P\\\/GUIT.HT-STUDIO-20 - Mexican Guitar Players\",\"isPartOf\":{\"@id\":\"https:\\\/\\\/www.mexicanguitarplayers.com\\\/#website\"},\"primaryImageOfPage\":{\"@id\":\"https:\\\/\\\/www.mexicanguitarplayers.com\\\/tienda\\\/sin categor\u00eda\\\/combo-blackstar-p-guit-ht-studio-20\\\/#primaryimage\"},\"image\":{\"@id\":\"https:\\\/\\\/www.mexicanguitarplayers.com\\\/tienda\\\/sin categor\u00eda\\\/combo-blackstar-p-guit-ht-studio-20\\\/#primaryimage\"},\"thumbnailUrl\":\"https:\\\/\\\/www.mexicanguitarplayers.com\\\/wp-content\\\/uploads\\\/2025\\\/04\\\/ICBLSHTSTU20.jpg\",\"datePublished\":\"2025-04-08T16:21:13+00:00\",\"dateModified\":\"2026-04-10T10:39:38+00:00\",\"description\":\"Combo de 20 watts a bulbos, controles de tono mejorados, volumen master, estilo vintage, bulbos de preamp: 2 x ECC83, bulbos de potencia: 2 x EL34, un altavoz Celestion de 12\u201d pulgadas, 2 canales seleccionables (Clean y Overdrive), control ISF (Infinite Shape Feature), salida de emulaci\u00f3n de altavoz, loop de Efectos, reverb digital, incluye un pedal footswitch de 1 v\u00eda, dimensiones: 573 x 522 x 292 mm, peso: 19.2 kg.\",\"breadcrumb\":{\"@id\":\"https:\\\/\\\/www.mexicanguitarplayers.com\\\/tienda\\\/sin categor\u00eda\\\/combo-blackstar-p-guit-ht-studio-20\\\/#breadcrumb\"},\"inLanguage\":\"en-US\",\"potentialAction\":[{\"@type\":\"ReadAction\",\"target\":[\"https:\\\/\\\/www.mexicanguitarplayers.com\\\/tienda\\\/sin categor\u00eda\\\/combo-blackstar-p-guit-ht-studio-20\\\/\"]}]},{\"@type\":\"ImageObject\",\"inLanguage\":\"en-US\",\"@id\":\"https:\\\/\\\/www.mexicanguitarplayers.com\\\/tienda\\\/sin categor\u00eda\\\/combo-blackstar-p-guit-ht-studio-20\\\/#primaryimage\",\"url\":\"https:\\\/\\\/www.mexicanguitarplayers.com\\\/wp-content\\\/uploads\\\/2025\\\/04\\\/ICBLSHTSTU20.jpg\",\"contentUrl\":\"https:\\\/\\\/www.mexicanguitarplayers.com\\\/wp-content\\\/uploads\\\/2025\\\/04\\\/ICBLSHTSTU20.jpg\",\"width\":1200,\"height\":1200},{\"@type\":\"BreadcrumbList\",\"@id\":\"https:\\\/\\\/www.mexicanguitarplayers.com\\\/tienda\\\/sin categor\u00eda\\\/combo-blackstar-p-guit-ht-studio-20\\\/#breadcrumb\",\"itemListElement\":[{\"@type\":\"ListItem\",\"position\":1,\"name\":\"Portada\",\"item\":\"https:\\\/\\\/www.mexicanguitarplayers.com\\\/\"},{\"@type\":\"ListItem\",\"position\":2,\"name\":\"Tienda\",\"item\":\"https:\\\/\\\/www.mexicanguitarplayers.com\\\/tienda\\\/\"},{\"@type\":\"ListItem\",\"position\":3,\"name\":\"COMBO BLACKSTAR P\\\/GUIT.HT-STUDIO-20\"}]},{\"@type\":\"WebSite\",\"@id\":\"https:\\\/\\\/www.mexicanguitarplayers.com\\\/#website\",\"url\":\"https:\\\/\\\/www.mexicanguitarplayers.com\\\/\",\"name\":\"Mexican Guitar Players\",\"description\":\"Website\",\"publisher\":{\"@id\":\"https:\\\/\\\/www.mexicanguitarplayers.com\\\/#organization\"},\"potentialAction\":[{\"@type\":\"SearchAction\",\"target\":{\"@type\":\"EntryPoint\",\"urlTemplate\":\"https:\\\/\\\/www.mexicanguitarplayers.com\\\/?s={search_term_string}\"},\"query-input\":{\"@type\":\"PropertyValueSpecification\",\"valueRequired\":true,\"valueName\":\"search_term_string\"}}],\"inLanguage\":\"en-US\"},{\"@type\":\"Organization\",\"@id\":\"https:\\\/\\\/www.mexicanguitarplayers.com\\\/#organization\",\"name\":\"Mexican Guitar Players\",\"url\":\"https:\\\/\\\/www.mexicanguitarplayers.com\\\/\",\"logo\":{\"@type\":\"ImageObject\",\"inLanguage\":\"en-US\",\"@id\":\"https:\\\/\\\/www.mexicanguitarplayers.com\\\/#\\\/schema\\\/logo\\\/image\\\/\",\"url\":\"\",\"contentUrl\":\"\",\"caption\":\"Mexican Guitar Players\"},\"image\":{\"@id\":\"https:\\\/\\\/www.mexicanguitarplayers.com\\\/#\\\/schema\\\/logo\\\/image\\\/\"}}]}<\/script>\n<!-- \/ Yoast SEO plugin. -->","yoast_head_json":{"title":"COMBO BLACKSTAR P\/GUIT.HT-STUDIO-20 - Mexican Guitar Players","description":"Combo de 20 watts a bulbos, controles de tono mejorados, volumen master, estilo vintage, bulbos de preamp: 2 x ECC83, bulbos de potencia: 2 x EL34, un altavoz Celestion de 12\u201d pulgadas, 2 canales seleccionables (Clean y Overdrive), control ISF (Infinite Shape Feature), salida de emulaci\u00f3n de altavoz, loop de Efectos, reverb digital, incluye un pedal footswitch de 1 v\u00eda, dimensiones: 573 x 522 x 292 mm, peso: 19.2 kg.","robots":{"index":"index","follow":"follow","max-snippet":"max-snippet:-1","max-image-preview":"max-image-preview:large","max-video-preview":"max-video-preview:-1"},"canonical":"https:\/\/www.mexicanguitarplayers.com\/en\/tienda\/sin categor\u00eda\/combo-blackstar-p-guit-ht-studio-20\/","og_locale":"en_US","og_type":"article","og_title":"COMBO BLACKSTAR P\/GUIT.HT-STUDIO-20 - Mexican Guitar Players","og_description":"Combo de 20 watts a bulbos, controles de tono mejorados, volumen master, estilo vintage, bulbos de preamp: 2 x ECC83, bulbos de potencia: 2 x EL34, un altavoz Celestion de 12\u201d pulgadas, 2 canales seleccionables (Clean y Overdrive), control ISF (Infinite Shape Feature), salida de emulaci\u00f3n de altavoz, loop de Efectos, reverb digital, incluye un pedal footswitch de 1 v\u00eda, dimensiones: 573 x 522 x 292 mm, peso: 19.2 kg.","og_url":"https:\/\/www.mexicanguitarplayers.com\/en\/tienda\/sin categor\u00eda\/combo-blackstar-p-guit-ht-studio-20\/","og_site_name":"Mexican Guitar Players","article_modified_time":"2026-04-10T10:39:38+00:00","twitter_card":"summary_large_image","twitter_misc":{"Est. reading time":"2 minutes"},"schema":{"@context":"https:\/\/schema.org","@graph":[{"@type":["WebPage","ItemPage"],"@id":"https:\/\/www.mexicanguitarplayers.com\/tienda\/sin categor\u00eda\/combo-blackstar-p-guit-ht-studio-20\/","url":"https:\/\/www.mexicanguitarplayers.com\/tienda\/sin categor\u00eda\/combo-blackstar-p-guit-ht-studio-20\/","name":"COMBO BLACKSTAR P\/GUIT.HT-STUDIO-20 - Mexican Guitar Players","isPartOf":{"@id":"https:\/\/www.mexicanguitarplayers.com\/#website"},"primaryImageOfPage":{"@id":"https:\/\/www.mexicanguitarplayers.com\/tienda\/sin categor\u00eda\/combo-blackstar-p-guit-ht-studio-20\/#primaryimage"},"image":{"@id":"https:\/\/www.mexicanguitarplayers.com\/tienda\/sin categor\u00eda\/combo-blackstar-p-guit-ht-studio-20\/#primaryimage"},"thumbnailUrl":"https:\/\/www.mexicanguitarplayers.com\/wp-content\/uploads\/2025\/04\/ICBLSHTSTU20.jpg","datePublished":"2025-04-08T16:21:13+00:00","dateModified":"2026-04-10T10:39:38+00:00","description":"Combo de 20 watts a bulbos, controles de tono mejorados, volumen master, estilo vintage, bulbos de preamp: 2 x ECC83, bulbos de potencia: 2 x EL34, un altavoz Celestion de 12\u201d pulgadas, 2 canales seleccionables (Clean y Overdrive), control ISF (Infinite Shape Feature), salida de emulaci\u00f3n de altavoz, loop de Efectos, reverb digital, incluye un pedal footswitch de 1 v\u00eda, dimensiones: 573 x 522 x 292 mm, peso: 19.2 kg.","breadcrumb":{"@id":"https:\/\/www.mexicanguitarplayers.com\/tienda\/sin categor\u00eda\/combo-blackstar-p-guit-ht-studio-20\/#breadcrumb"},"inLanguage":"en-US","potentialAction":[{"@type":"ReadAction","target":["https:\/\/www.mexicanguitarplayers.com\/tienda\/sin categor\u00eda\/combo-blackstar-p-guit-ht-studio-20\/"]}]},{"@type":"ImageObject","inLanguage":"en-US","@id":"https:\/\/www.mexicanguitarplayers.com\/tienda\/sin categor\u00eda\/combo-blackstar-p-guit-ht-studio-20\/#primaryimage","url":"https:\/\/www.mexicanguitarplayers.com\/wp-content\/uploads\/2025\/04\/ICBLSHTSTU20.jpg","contentUrl":"https:\/\/www.mexicanguitarplayers.com\/wp-content\/uploads\/2025\/04\/ICBLSHTSTU20.jpg","width":1200,"height":1200},{"@type":"BreadcrumbList","@id":"https:\/\/www.mexicanguitarplayers.com\/tienda\/sin categor\u00eda\/combo-blackstar-p-guit-ht-studio-20\/#breadcrumb","itemListElement":[{"@type":"ListItem","position":1,"name":"Portada","item":"https:\/\/www.mexicanguitarplayers.com\/"},{"@type":"ListItem","position":2,"name":"Tienda","item":"https:\/\/www.mexicanguitarplayers.com\/tienda\/"},{"@type":"ListItem","position":3,"name":"COMBO BLACKSTAR P\/GUIT.HT-STUDIO-20"}]},{"@type":"WebSite","@id":"https:\/\/www.mexicanguitarplayers.com\/#website","url":"https:\/\/www.mexicanguitarplayers.com\/","name":"Mexican Guitar Players","description":"Website","publisher":{"@id":"https:\/\/www.mexicanguitarplayers.com\/#organization"},"potentialAction":[{"@type":"SearchAction","target":{"@type":"EntryPoint","urlTemplate":"https:\/\/www.mexicanguitarplayers.com\/?s={search_term_string}"},"query-input":{"@type":"PropertyValueSpecification","valueRequired":true,"valueName":"search_term_string"}}],"inLanguage":"en-US"},{"@type":"Organization","@id":"https:\/\/www.mexicanguitarplayers.com\/#organization","name":"Mexican Guitar Players","url":"https:\/\/www.mexicanguitarplayers.com\/","logo":{"@type":"ImageObject","inLanguage":"en-US","@id":"https:\/\/www.mexicanguitarplayers.com\/#\/schema\/logo\/image\/","url":"","contentUrl":"","caption":"Mexican Guitar Players"},"image":{"@id":"https:\/\/www.mexicanguitarplayers.com\/#\/schema\/logo\/image\/"}}]}},"brands":[{"id":172,"name":"BLACKSTAR","slug":"blackstar"}],"_links":{"self":[{"href":"https:\/\/www.mexicanguitarplayers.com\/en\/wp-json\/wp\/v2\/product\/28812","targetHints":{"allow":["GET"]}}],"collection":[{"href":"https:\/\/www.mexicanguitarplayers.com\/en\/wp-json\/wp\/v2\/product"}],"about":[{"href":"https:\/\/www.mexicanguitarplayers.com\/en\/wp-json\/wp\/v2\/types\/product"}],"replies":[{"embeddable":true,"href":"https:\/\/www.mexicanguitarplayers.com\/en\/wp-json\/wp\/v2\/comments?post=28812"}],"wp:featuredmedia":[{"embeddable":true,"href":"https:\/\/www.mexicanguitarplayers.com\/en\/wp-json\/wp\/v2\/media\/28809"}],"wp:attachment":[{"href":"https:\/\/www.mexicanguitarplayers.com\/en\/wp-json\/wp\/v2\/media?parent=28812"}],"wp:term":[{"taxonomy":"pwb-brand","embeddable":true,"href":"https:\/\/www.mexicanguitarplayers.com\/en\/wp-json\/wp\/v2\/pwb-brand?post=28812"},{"taxonomy":"product_brand","embeddable":true,"href":"https:\/\/www.mexicanguitarplayers.com\/en\/wp-json\/wp\/v2\/product_brand?post=28812"},{"taxonomy":"product_cat","embeddable":true,"href":"https:\/\/www.mexicanguitarplayers.com\/en\/wp-json\/wp\/v2\/product_cat?post=28812"},{"taxonomy":"product_tag","embeddable":true,"href":"https:\/\/www.mexicanguitarplayers.com\/en\/wp-json\/wp\/v2\/product_tag?post=28812"}],"curies":[{"name":"wp","href":"https:\/\/api.w.org\/{rel}","templated":true}]}}