{"id":28827,"date":"2025-04-08T10:21:33","date_gmt":"2025-04-08T16:21:33","guid":{"rendered":"https:\/\/www.mexicanguitarplayers.com\/tienda\/sin categor\u00eda\/pastilla-sd-puente-sh-pg1b-pearly-gates-ncov\/"},"modified":"2026-04-10T04:39:36","modified_gmt":"2026-04-10T10:39:36","slug":"pastilla-sd-puente-sh-pg1b-pearly-gates-ncov","status":"publish","type":"product","link":"https:\/\/www.mexicanguitarplayers.com\/en\/tienda\/accesorios\/para-guitarras\/pastillas-para-guitarra-electrica\/pastilla-sd-puente-sh-pg1b-pearly-gates-ncov\/","title":{"rendered":"PASTILLA SD PUENTE SH-PG1B PEARLY GATES NCOV"},"content":{"rendered":"<div style=\"text-align: justify\">\n<div>\n<h3>CLASSIC OUTPUT HUMBUCKER PICKUPS Pearly Gates\u2122<\/h3>\n<\/div>\n<div>Las pastillas humbucker pasivas de salida vintage de Pearly Gates contienen una tonelada de actitud de rango medio enfocada con el golpe y el chisporroteo crudo de Texas.<\/div>\n<div>\n<h4>Characteristics<\/h4>\n<\/div>\n<div>\n<ul style=\"margin: 0px 0px 0px 25px\">\n<li style=\"list-style-type: circle;margin: 5px\">RCD<\/li>\n<li style=\"list-style-type: circle;margin: 5px\">Im\u00e1n<\/li>\n<li style=\"list-style-type: circle;margin: 5px\">Cable<\/li>\n<li style=\"list-style-type: circle;margin: 5px\">Kind<\/li>\n<\/ul>\n<\/div>\n<\/div>","protected":false},"excerpt":{"rendered":"<p>Pastillas humbucker es un PAF con una variaci\u00f3n tonal \u00fanica que proporciona m\u00e1s rango medio que los t\u00edpicos humbuckers de esa \u00e9poca. El resultado es una pastilla de m\u00e1stil que se abre paso con medios m\u00e1s fuertes a medida, pero a\u00fan tiene el ataque de agudos abierto y aireado del im\u00e1n de barra alnico 2. Combinado con una gama baja c\u00e1lida y esponjosa, esta pastilla es excelente tanto para tocar el ritmo como para tocar solo. Im\u00e1n de barra alnico 2 mantiene el sonido de gama alta Construidas a mano en nuestra f\u00e1brica de Santa B\u00e1rbara, CA, las pastillas humbucker de salida vintage Pearly Gates utilizan un im\u00e1n de barra de alnico 2, una placa inferior de n\u00edquel plateado, un cable conductor de 4 conductores para m\u00faltiples opciones de cableado y est\u00e1n encapsuladas en cera al vac\u00edo para un rendimiento sin chirridos. El puente Pearly Gates est\u00e1 disponible en espaciado humbucker est\u00e1ndar y Trembucker. Al igual que con todos nuestros humbuckers de estilo PAF, cada Pearly Gates se enrolla en la m\u00e1quina de bobinado Leesona original de Seymour de la antigua f\u00e1brica de Gibson en Kalamazoo, Michigan, para obtener ese inconfundible mojo vintage.&hellip; <a class=\"kt-excerpt-readmore more-link\" href=\"https:\/\/www.mexicanguitarplayers.com\/en\/tienda\/accesorios\/para-guitarras\/pastillas-para-guitarra-electrica\/pastilla-sd-puente-sh-pg1b-pearly-gates-ncov\/\">Read more<\/a><\/p>","protected":false},"featured_media":28824,"comment_status":"open","ping_status":"closed","template":"","meta":{"kt_blocks_editor_width":""},"pwb-brand":[502],"product_brand":[],"product_cat":[85,336,353],"product_tag":[],"class_list":{"0":"post-28827","1":"product","2":"type-product","3":"status-publish","4":"has-post-thumbnail","6":"pwb-brand-seymour-duncan","7":"product_cat-accesorios","8":"product_cat-para-guitarras","9":"product_cat-pastillas-para-guitarra-electrica","10":"product_shipping_class-0-5-kg","12":"first","13":"outofstock","14":"taxable","15":"shipping-taxable","16":"purchasable","17":"product-type-simple"},"yoast_head":"<!-- This site is optimized with the Yoast SEO plugin v27.5 - https:\/\/yoast.com\/product\/yoast-seo-wordpress\/ -->\n<title>PASTILLA SD PUENTE SH-PG1B PEARLY GATES NCOV - Mexican Guitar Players<\/title>\n<meta name=\"description\" content=\"Pastillas humbucker es un PAF con una variaci\u00f3n tonal \u00fanica que proporciona m\u00e1s rango medio que los t\u00edpicos humbuckers de esa \u00e9poca. El resultado es una pastilla de m\u00e1stil que se abre paso con medios m\u00e1s fuertes a medida, pero a\u00fan tiene el ataque de agudos abierto y aireado del im\u00e1n de barra alnico 2. Combinado con una gama baja c\u00e1lida y esponjosa, esta pastilla es excelente tanto para tocar el ritmo como para tocar solo. Im\u00e1n de barra alnico 2 mantiene el sonido de gama alta Construidas a mano en nuestra f\u00e1brica de Santa B\u00e1rbara, CA, las pastillas humbucker de salida vintage Pearly Gates utilizan un im\u00e1n de barra de alnico 2, una placa inferior de n\u00edquel plateado, un cable conductor de 4 conductores para m\u00faltiples opciones de cableado y est\u00e1n encapsuladas en cera al vac\u00edo para un rendimiento sin chirridos. El puente Pearly Gates est\u00e1 disponible en espaciado humbucker est\u00e1ndar y Trembucker. Al igual que con todos nuestros humbuckers de estilo PAF, cada Pearly Gates se enrolla en la m\u00e1quina de bobinado Leesona original de Seymour de la antigua f\u00e1brica de Gibson en Kalamazoo, Michigan, para obtener ese inconfundible mojo vintage.\" \/>\n<meta name=\"robots\" content=\"index, follow, max-snippet:-1, max-image-preview:large, max-video-preview:-1\" \/>\n<link rel=\"canonical\" href=\"https:\/\/www.mexicanguitarplayers.com\/en\/tienda\/sin%20categor\u00eda\/pastilla-sd-puente-sh-pg1b-pearly-gates-ncov\/\" \/>\n<meta property=\"og:locale\" content=\"en_US\" \/>\n<meta property=\"og:type\" content=\"article\" \/>\n<meta property=\"og:title\" content=\"PASTILLA SD PUENTE SH-PG1B PEARLY GATES NCOV - Mexican Guitar Players\" \/>\n<meta property=\"og:description\" content=\"Pastillas humbucker es un PAF con una variaci\u00f3n tonal \u00fanica que proporciona m\u00e1s rango medio que los t\u00edpicos humbuckers de esa \u00e9poca. El resultado es una pastilla de m\u00e1stil que se abre paso con medios m\u00e1s fuertes a medida, pero a\u00fan tiene el ataque de agudos abierto y aireado del im\u00e1n de barra alnico 2. Combinado con una gama baja c\u00e1lida y esponjosa, esta pastilla es excelente tanto para tocar el ritmo como para tocar solo. Im\u00e1n de barra alnico 2 mantiene el sonido de gama alta Construidas a mano en nuestra f\u00e1brica de Santa B\u00e1rbara, CA, las pastillas humbucker de salida vintage Pearly Gates utilizan un im\u00e1n de barra de alnico 2, una placa inferior de n\u00edquel plateado, un cable conductor de 4 conductores para m\u00faltiples opciones de cableado y est\u00e1n encapsuladas en cera al vac\u00edo para un rendimiento sin chirridos. El puente Pearly Gates est\u00e1 disponible en espaciado humbucker est\u00e1ndar y Trembucker. Al igual que con todos nuestros humbuckers de estilo PAF, cada Pearly Gates se enrolla en la m\u00e1quina de bobinado Leesona original de Seymour de la antigua f\u00e1brica de Gibson en Kalamazoo, Michigan, para obtener ese inconfundible mojo vintage.\" \/>\n<meta property=\"og:url\" content=\"https:\/\/www.mexicanguitarplayers.com\/en\/tienda\/sin categor\u00eda\/pastilla-sd-puente-sh-pg1b-pearly-gates-ncov\/\" \/>\n<meta property=\"og:site_name\" content=\"Mexican Guitar Players\" \/>\n<meta property=\"article:modified_time\" content=\"2026-04-10T10:39:36+00:00\" \/>\n<meta name=\"twitter:card\" content=\"summary_large_image\" \/>\n<script type=\"application\/ld+json\" class=\"yoast-schema-graph\">{\"@context\":\"https:\\\/\\\/schema.org\",\"@graph\":[{\"@type\":[\"WebPage\",\"ItemPage\"],\"@id\":\"https:\\\/\\\/www.mexicanguitarplayers.com\\\/tienda\\\/sin categor\u00eda\\\/pastilla-sd-puente-sh-pg1b-pearly-gates-ncov\\\/\",\"url\":\"https:\\\/\\\/www.mexicanguitarplayers.com\\\/tienda\\\/sin categor\u00eda\\\/pastilla-sd-puente-sh-pg1b-pearly-gates-ncov\\\/\",\"name\":\"PASTILLA SD PUENTE SH-PG1B PEARLY GATES NCOV - Mexican Guitar Players\",\"isPartOf\":{\"@id\":\"https:\\\/\\\/www.mexicanguitarplayers.com\\\/#website\"},\"primaryImageOfPage\":{\"@id\":\"https:\\\/\\\/www.mexicanguitarplayers.com\\\/tienda\\\/sin categor\u00eda\\\/pastilla-sd-puente-sh-pg1b-pearly-gates-ncov\\\/#primaryimage\"},\"image\":{\"@id\":\"https:\\\/\\\/www.mexicanguitarplayers.com\\\/tienda\\\/sin categor\u00eda\\\/pastilla-sd-puente-sh-pg1b-pearly-gates-ncov\\\/#primaryimage\"},\"thumbnailUrl\":\"https:\\\/\\\/www.mexicanguitarplayers.com\\\/wp-content\\\/uploads\\\/2025\\\/04\\\/RASEOSHPG1BPNC.jpg\",\"datePublished\":\"2025-04-08T16:21:33+00:00\",\"dateModified\":\"2026-04-10T10:39:36+00:00\",\"description\":\"Pastillas humbucker es un PAF con una variaci\u00f3n tonal \u00fanica que proporciona m\u00e1s rango medio que los t\u00edpicos humbuckers de esa \u00e9poca. El resultado es una pastilla de m\u00e1stil que se abre paso con medios m\u00e1s fuertes a medida, pero a\u00fan tiene el ataque de agudos abierto y aireado del im\u00e1n de barra alnico 2. Combinado con una gama baja c\u00e1lida y esponjosa, esta pastilla es excelente tanto para tocar el ritmo como para tocar solo. Im\u00e1n de barra alnico 2 mantiene el sonido de gama alta Construidas a mano en nuestra f\u00e1brica de Santa B\u00e1rbara, CA, las pastillas humbucker de salida vintage Pearly Gates utilizan un im\u00e1n de barra de alnico 2, una placa inferior de n\u00edquel plateado, un cable conductor de 4 conductores para m\u00faltiples opciones de cableado y est\u00e1n encapsuladas en cera al vac\u00edo para un rendimiento sin chirridos. El puente Pearly Gates est\u00e1 disponible en espaciado humbucker est\u00e1ndar y Trembucker. Al igual que con todos nuestros humbuckers de estilo PAF, cada Pearly Gates se enrolla en la m\u00e1quina de bobinado Leesona original de Seymour de la antigua f\u00e1brica de Gibson en Kalamazoo, Michigan, para obtener ese inconfundible mojo vintage.\",\"breadcrumb\":{\"@id\":\"https:\\\/\\\/www.mexicanguitarplayers.com\\\/tienda\\\/sin categor\u00eda\\\/pastilla-sd-puente-sh-pg1b-pearly-gates-ncov\\\/#breadcrumb\"},\"inLanguage\":\"en-US\",\"potentialAction\":[{\"@type\":\"ReadAction\",\"target\":[\"https:\\\/\\\/www.mexicanguitarplayers.com\\\/tienda\\\/sin categor\u00eda\\\/pastilla-sd-puente-sh-pg1b-pearly-gates-ncov\\\/\"]}]},{\"@type\":\"ImageObject\",\"inLanguage\":\"en-US\",\"@id\":\"https:\\\/\\\/www.mexicanguitarplayers.com\\\/tienda\\\/sin categor\u00eda\\\/pastilla-sd-puente-sh-pg1b-pearly-gates-ncov\\\/#primaryimage\",\"url\":\"https:\\\/\\\/www.mexicanguitarplayers.com\\\/wp-content\\\/uploads\\\/2025\\\/04\\\/RASEOSHPG1BPNC.jpg\",\"contentUrl\":\"https:\\\/\\\/www.mexicanguitarplayers.com\\\/wp-content\\\/uploads\\\/2025\\\/04\\\/RASEOSHPG1BPNC.jpg\",\"width\":1200,\"height\":1200},{\"@type\":\"BreadcrumbList\",\"@id\":\"https:\\\/\\\/www.mexicanguitarplayers.com\\\/tienda\\\/sin categor\u00eda\\\/pastilla-sd-puente-sh-pg1b-pearly-gates-ncov\\\/#breadcrumb\",\"itemListElement\":[{\"@type\":\"ListItem\",\"position\":1,\"name\":\"Portada\",\"item\":\"https:\\\/\\\/www.mexicanguitarplayers.com\\\/\"},{\"@type\":\"ListItem\",\"position\":2,\"name\":\"Tienda\",\"item\":\"https:\\\/\\\/www.mexicanguitarplayers.com\\\/tienda\\\/\"},{\"@type\":\"ListItem\",\"position\":3,\"name\":\"PASTILLA SD PUENTE SH-PG1B PEARLY GATES NCOV\"}]},{\"@type\":\"WebSite\",\"@id\":\"https:\\\/\\\/www.mexicanguitarplayers.com\\\/#website\",\"url\":\"https:\\\/\\\/www.mexicanguitarplayers.com\\\/\",\"name\":\"Mexican Guitar Players\",\"description\":\"Website\",\"publisher\":{\"@id\":\"https:\\\/\\\/www.mexicanguitarplayers.com\\\/#organization\"},\"potentialAction\":[{\"@type\":\"SearchAction\",\"target\":{\"@type\":\"EntryPoint\",\"urlTemplate\":\"https:\\\/\\\/www.mexicanguitarplayers.com\\\/?s={search_term_string}\"},\"query-input\":{\"@type\":\"PropertyValueSpecification\",\"valueRequired\":true,\"valueName\":\"search_term_string\"}}],\"inLanguage\":\"en-US\"},{\"@type\":\"Organization\",\"@id\":\"https:\\\/\\\/www.mexicanguitarplayers.com\\\/#organization\",\"name\":\"Mexican Guitar Players\",\"url\":\"https:\\\/\\\/www.mexicanguitarplayers.com\\\/\",\"logo\":{\"@type\":\"ImageObject\",\"inLanguage\":\"en-US\",\"@id\":\"https:\\\/\\\/www.mexicanguitarplayers.com\\\/#\\\/schema\\\/logo\\\/image\\\/\",\"url\":\"\",\"contentUrl\":\"\",\"caption\":\"Mexican Guitar Players\"},\"image\":{\"@id\":\"https:\\\/\\\/www.mexicanguitarplayers.com\\\/#\\\/schema\\\/logo\\\/image\\\/\"}}]}<\/script>\n<!-- \/ Yoast SEO plugin. -->","yoast_head_json":{"title":"PASTILLA SD PUENTE SH-PG1B PEARLY GATES NCOV - Mexican Guitar Players","description":"Pastillas humbucker es un PAF con una variaci\u00f3n tonal \u00fanica que proporciona m\u00e1s rango medio que los t\u00edpicos humbuckers de esa \u00e9poca. El resultado es una pastilla de m\u00e1stil que se abre paso con medios m\u00e1s fuertes a medida, pero a\u00fan tiene el ataque de agudos abierto y aireado del im\u00e1n de barra alnico 2. Combinado con una gama baja c\u00e1lida y esponjosa, esta pastilla es excelente tanto para tocar el ritmo como para tocar solo. Im\u00e1n de barra alnico 2 mantiene el sonido de gama alta Construidas a mano en nuestra f\u00e1brica de Santa B\u00e1rbara, CA, las pastillas humbucker de salida vintage Pearly Gates utilizan un im\u00e1n de barra de alnico 2, una placa inferior de n\u00edquel plateado, un cable conductor de 4 conductores para m\u00faltiples opciones de cableado y est\u00e1n encapsuladas en cera al vac\u00edo para un rendimiento sin chirridos. El puente Pearly Gates est\u00e1 disponible en espaciado humbucker est\u00e1ndar y Trembucker. Al igual que con todos nuestros humbuckers de estilo PAF, cada Pearly Gates se enrolla en la m\u00e1quina de bobinado Leesona original de Seymour de la antigua f\u00e1brica de Gibson en Kalamazoo, Michigan, para obtener ese inconfundible mojo vintage.","robots":{"index":"index","follow":"follow","max-snippet":"max-snippet:-1","max-image-preview":"max-image-preview:large","max-video-preview":"max-video-preview:-1"},"canonical":"https:\/\/www.mexicanguitarplayers.com\/en\/tienda\/sin categor\u00eda\/pastilla-sd-puente-sh-pg1b-pearly-gates-ncov\/","og_locale":"en_US","og_type":"article","og_title":"PASTILLA SD PUENTE SH-PG1B PEARLY GATES NCOV - Mexican Guitar Players","og_description":"Pastillas humbucker es un PAF con una variaci\u00f3n tonal \u00fanica que proporciona m\u00e1s rango medio que los t\u00edpicos humbuckers de esa \u00e9poca. El resultado es una pastilla de m\u00e1stil que se abre paso con medios m\u00e1s fuertes a medida, pero a\u00fan tiene el ataque de agudos abierto y aireado del im\u00e1n de barra alnico 2. Combinado con una gama baja c\u00e1lida y esponjosa, esta pastilla es excelente tanto para tocar el ritmo como para tocar solo. Im\u00e1n de barra alnico 2 mantiene el sonido de gama alta Construidas a mano en nuestra f\u00e1brica de Santa B\u00e1rbara, CA, las pastillas humbucker de salida vintage Pearly Gates utilizan un im\u00e1n de barra de alnico 2, una placa inferior de n\u00edquel plateado, un cable conductor de 4 conductores para m\u00faltiples opciones de cableado y est\u00e1n encapsuladas en cera al vac\u00edo para un rendimiento sin chirridos. El puente Pearly Gates est\u00e1 disponible en espaciado humbucker est\u00e1ndar y Trembucker. Al igual que con todos nuestros humbuckers de estilo PAF, cada Pearly Gates se enrolla en la m\u00e1quina de bobinado Leesona original de Seymour de la antigua f\u00e1brica de Gibson en Kalamazoo, Michigan, para obtener ese inconfundible mojo vintage.","og_url":"https:\/\/www.mexicanguitarplayers.com\/en\/tienda\/sin categor\u00eda\/pastilla-sd-puente-sh-pg1b-pearly-gates-ncov\/","og_site_name":"Mexican Guitar Players","article_modified_time":"2026-04-10T10:39:36+00:00","twitter_card":"summary_large_image","schema":{"@context":"https:\/\/schema.org","@graph":[{"@type":["WebPage","ItemPage"],"@id":"https:\/\/www.mexicanguitarplayers.com\/tienda\/sin categor\u00eda\/pastilla-sd-puente-sh-pg1b-pearly-gates-ncov\/","url":"https:\/\/www.mexicanguitarplayers.com\/tienda\/sin categor\u00eda\/pastilla-sd-puente-sh-pg1b-pearly-gates-ncov\/","name":"PASTILLA SD PUENTE SH-PG1B PEARLY GATES NCOV - Mexican Guitar Players","isPartOf":{"@id":"https:\/\/www.mexicanguitarplayers.com\/#website"},"primaryImageOfPage":{"@id":"https:\/\/www.mexicanguitarplayers.com\/tienda\/sin categor\u00eda\/pastilla-sd-puente-sh-pg1b-pearly-gates-ncov\/#primaryimage"},"image":{"@id":"https:\/\/www.mexicanguitarplayers.com\/tienda\/sin categor\u00eda\/pastilla-sd-puente-sh-pg1b-pearly-gates-ncov\/#primaryimage"},"thumbnailUrl":"https:\/\/www.mexicanguitarplayers.com\/wp-content\/uploads\/2025\/04\/RASEOSHPG1BPNC.jpg","datePublished":"2025-04-08T16:21:33+00:00","dateModified":"2026-04-10T10:39:36+00:00","description":"Pastillas humbucker es un PAF con una variaci\u00f3n tonal \u00fanica que proporciona m\u00e1s rango medio que los t\u00edpicos humbuckers de esa \u00e9poca. El resultado es una pastilla de m\u00e1stil que se abre paso con medios m\u00e1s fuertes a medida, pero a\u00fan tiene el ataque de agudos abierto y aireado del im\u00e1n de barra alnico 2. Combinado con una gama baja c\u00e1lida y esponjosa, esta pastilla es excelente tanto para tocar el ritmo como para tocar solo. Im\u00e1n de barra alnico 2 mantiene el sonido de gama alta Construidas a mano en nuestra f\u00e1brica de Santa B\u00e1rbara, CA, las pastillas humbucker de salida vintage Pearly Gates utilizan un im\u00e1n de barra de alnico 2, una placa inferior de n\u00edquel plateado, un cable conductor de 4 conductores para m\u00faltiples opciones de cableado y est\u00e1n encapsuladas en cera al vac\u00edo para un rendimiento sin chirridos. El puente Pearly Gates est\u00e1 disponible en espaciado humbucker est\u00e1ndar y Trembucker. Al igual que con todos nuestros humbuckers de estilo PAF, cada Pearly Gates se enrolla en la m\u00e1quina de bobinado Leesona original de Seymour de la antigua f\u00e1brica de Gibson en Kalamazoo, Michigan, para obtener ese inconfundible mojo vintage.","breadcrumb":{"@id":"https:\/\/www.mexicanguitarplayers.com\/tienda\/sin categor\u00eda\/pastilla-sd-puente-sh-pg1b-pearly-gates-ncov\/#breadcrumb"},"inLanguage":"en-US","potentialAction":[{"@type":"ReadAction","target":["https:\/\/www.mexicanguitarplayers.com\/tienda\/sin categor\u00eda\/pastilla-sd-puente-sh-pg1b-pearly-gates-ncov\/"]}]},{"@type":"ImageObject","inLanguage":"en-US","@id":"https:\/\/www.mexicanguitarplayers.com\/tienda\/sin categor\u00eda\/pastilla-sd-puente-sh-pg1b-pearly-gates-ncov\/#primaryimage","url":"https:\/\/www.mexicanguitarplayers.com\/wp-content\/uploads\/2025\/04\/RASEOSHPG1BPNC.jpg","contentUrl":"https:\/\/www.mexicanguitarplayers.com\/wp-content\/uploads\/2025\/04\/RASEOSHPG1BPNC.jpg","width":1200,"height":1200},{"@type":"BreadcrumbList","@id":"https:\/\/www.mexicanguitarplayers.com\/tienda\/sin categor\u00eda\/pastilla-sd-puente-sh-pg1b-pearly-gates-ncov\/#breadcrumb","itemListElement":[{"@type":"ListItem","position":1,"name":"Portada","item":"https:\/\/www.mexicanguitarplayers.com\/"},{"@type":"ListItem","position":2,"name":"Tienda","item":"https:\/\/www.mexicanguitarplayers.com\/tienda\/"},{"@type":"ListItem","position":3,"name":"PASTILLA SD PUENTE SH-PG1B PEARLY GATES NCOV"}]},{"@type":"WebSite","@id":"https:\/\/www.mexicanguitarplayers.com\/#website","url":"https:\/\/www.mexicanguitarplayers.com\/","name":"Mexican Guitar Players","description":"Website","publisher":{"@id":"https:\/\/www.mexicanguitarplayers.com\/#organization"},"potentialAction":[{"@type":"SearchAction","target":{"@type":"EntryPoint","urlTemplate":"https:\/\/www.mexicanguitarplayers.com\/?s={search_term_string}"},"query-input":{"@type":"PropertyValueSpecification","valueRequired":true,"valueName":"search_term_string"}}],"inLanguage":"en-US"},{"@type":"Organization","@id":"https:\/\/www.mexicanguitarplayers.com\/#organization","name":"Mexican Guitar Players","url":"https:\/\/www.mexicanguitarplayers.com\/","logo":{"@type":"ImageObject","inLanguage":"en-US","@id":"https:\/\/www.mexicanguitarplayers.com\/#\/schema\/logo\/image\/","url":"","contentUrl":"","caption":"Mexican Guitar Players"},"image":{"@id":"https:\/\/www.mexicanguitarplayers.com\/#\/schema\/logo\/image\/"}}]}},"brands":[{"id":502,"name":"SEYMOUR DUNCAN","slug":"seymour-duncan"}],"_links":{"self":[{"href":"https:\/\/www.mexicanguitarplayers.com\/en\/wp-json\/wp\/v2\/product\/28827","targetHints":{"allow":["GET"]}}],"collection":[{"href":"https:\/\/www.mexicanguitarplayers.com\/en\/wp-json\/wp\/v2\/product"}],"about":[{"href":"https:\/\/www.mexicanguitarplayers.com\/en\/wp-json\/wp\/v2\/types\/product"}],"replies":[{"embeddable":true,"href":"https:\/\/www.mexicanguitarplayers.com\/en\/wp-json\/wp\/v2\/comments?post=28827"}],"wp:featuredmedia":[{"embeddable":true,"href":"https:\/\/www.mexicanguitarplayers.com\/en\/wp-json\/wp\/v2\/media\/28824"}],"wp:attachment":[{"href":"https:\/\/www.mexicanguitarplayers.com\/en\/wp-json\/wp\/v2\/media?parent=28827"}],"wp:term":[{"taxonomy":"pwb-brand","embeddable":true,"href":"https:\/\/www.mexicanguitarplayers.com\/en\/wp-json\/wp\/v2\/pwb-brand?post=28827"},{"taxonomy":"product_brand","embeddable":true,"href":"https:\/\/www.mexicanguitarplayers.com\/en\/wp-json\/wp\/v2\/product_brand?post=28827"},{"taxonomy":"product_cat","embeddable":true,"href":"https:\/\/www.mexicanguitarplayers.com\/en\/wp-json\/wp\/v2\/product_cat?post=28827"},{"taxonomy":"product_tag","embeddable":true,"href":"https:\/\/www.mexicanguitarplayers.com\/en\/wp-json\/wp\/v2\/product_tag?post=28827"}],"curies":[{"name":"wp","href":"https:\/\/api.w.org\/{rel}","templated":true}]}}