{"id":28867,"date":"2025-04-08T10:22:30","date_gmt":"2025-04-08T16:22:30","guid":{"rendered":"https:\/\/www.mexicanguitarplayers.com\/tienda\/sin categor\u00eda\/guitarra-washburn-electrica-pxm20frfbcbm\/"},"modified":"2026-04-10T04:39:33","modified_gmt":"2026-04-10T10:39:33","slug":"guitarra-washburn-electrica-pxm20frfbcbm","status":"publish","type":"product","link":"https:\/\/www.mexicanguitarplayers.com\/en\/tienda\/cuerdas\/guitarras-cuerdas\/electricas\/guitarras-electricas-solidas\/guitarra-washburn-electrica-pxm20frfbcbm\/","title":{"rendered":"GUITARRA WASHBURN ELECTRICA PXM20FRFBCBM"},"content":{"rendered":"<div style=\"text-align: justify\">\n<div>\n<h3>Parallaxe, innovaci\u00f3n y perfecci\u00f3n.<\/h3>\n<\/div>\n<div>Guitarra el\u00e9ctrica Washburn mod. PXM20FRFBCBM, Serie Parallaxe. Tapa de maple flameado, cuerpo de caoba, brazo de maple, diapas\u00f3n de \u00e9bano. 2 humbuckers Seymour Duncan SH2\/TB6, Floyd Rose 1000 con bloque de bronce de 36mm y silenciador de resorte, Maquinaria Black Chrome Grover Exclusive 18:1, nut con seguros, cutaway PXL, vol y tono, selector de 3 posiciones, 24 trastes. Escala 25.5&#8243;, acabado matte. Con nuestros 130 a\u00f1os de experiencia en la fabricaci\u00f3n de guitarras combinados con amor y pasi\u00f3n, hemos creado nuestra m\u00e1s avanzada guitarra para rock \/ metal. La l\u00ednea incluye caracter\u00edsticas que los guitarristas de rock \/ metal m\u00e1s exigentes han pedido desde hace a\u00f1os. Las Guitarras Parallaxe est\u00e1n dise\u00f1adas espec\u00edficamente para riffs de shredding y solos modernos e intensos. Hemos creado la m\u00e1quina de triturar perfecta!  La Serie PXL viene con caracter\u00edsticas \u00fanicas, como puentes de Full-Contact y Sistema de Afinaci\u00f3n Buzz Feiten \u00ae que ofrece un rendimiento sin concesiones Y pickups, Seymour Duncan y\/o EMG de \u00faltima generaci\u00f3n. Estas elegantes guitarras ofrecen con una comodidad sin precedentes con un brazo de acceso total y un aumento del tono y el sustain. No importa qu\u00e9 estilo de m\u00fasica toques, estas m\u00e1quinas llevar\u00e1n al siguiente nivel tu ejecuci\u00f3n ya sea en vivo o en estudio Guitarra el\u00e9ctrica Washburn mod. PXL20B, Serie Parallaxe. Cuerpo y brazo de caoba, diapas\u00f3n de \u00e9bano. 2 humbuckers Seymour Duncan SH2\/SH4, Puente Babicz Full Contact, Maquinaria Black Locking Grover Exclusive 18:1, nut de grafito, cutaway PXL, vol y tono, selector de 3 posiciones, 24 trastes. Escala 24.75&#8243; Con nuestros 130 a\u00f1os de experiencia en la fabricaci\u00f3n de guitarras combinados con amor y pasi\u00f3n, hemos creado nuestra m\u00e1s avanzada guitarra para rock \/ metal. La l\u00ednea incluye caracter\u00edsticas que los guitarristas de rock \/ metal m\u00e1s exigentes han pedido desde hace a\u00f1os. Las Guitarras Parallaxe est\u00e1n dise\u00f1adas espec\u00edficamente para riffs de shredding y solos modernos e intensos. Hemos creado la m\u00e1quina de triturar perfecta!  La Serie PXL viene con caracter\u00edsticas \u00fanicas, como puentes de Full-Contact y Sistema de Afinaci\u00f3n Buzz Feiten \u00ae que ofrece un rendimiento sin concesiones y pickups, Seymour Duncan y\/o EMG de \u00faltima generaci\u00f3n. Estas elegantes guitarras ofrecen con una comodidad sin precedentes con un brazo de acceso total y un aumento del tono y el sustain. No importa qu\u00e9 estilo de m\u00fasica toques, estas m\u00e1quinas llevar\u00e1n al siguiente nivel tu ejecuci\u00f3n ya sea en vivo o en estudio <\/div>\n<div>\n<h4>Quick look<\/h4>\n<\/div>\n<ul style=\"margin: 0px 0px 0px 25px\">\n<li style=\"list-style-type: circle;margin: 5px\">Cuerpo de caoba<\/li>\n<li style=\"list-style-type: circle;margin: 5px\">2 humbuckers Seymour Duncan SH2\/TB6<\/li>\n<li style=\"list-style-type: circle;margin: 5px\">Floyd Rose 1000 con bloque de bronce de 36mm y silenciador de resorte, Sistema Buzz Feiten\u00ae <\/li>\n<\/ul>\n<div>\n<div style=\"font-weight: bold\">Cuerpo de caoba<\/div>\n<div>\n<p>Excelente madera por sus propiedades ac\u00fasticas<\/p>\n<\/div>\n<div style=\"font-weight: bold\">2 humbuckers Seymour Duncan SH2\/TB6<\/div>\n<div>\n<p>Legendaria marca de captaci\u00f3n magn\u00e9tica<\/p>\n<\/div>\n<div style=\"font-weight: bold\">Floyd Rose 1000 con bloque de bronce de 36mm y silenciador de resorte, Sistema Buzz Feiten\u00ae <\/div>\n<div>\n<p>La  Floyd Rose 1000 con bloque de bronce de 36mm y silenciador de resorte junto con el sistema Buzz Feiten, y la fina maquinaria Maquinaria Black Locking Grover Exclusive 18:1, hemos creado una obra de arte precisa y perfecta.<\/p>\n<\/div>\n<\/div>\n<div>\n<h4>Characteristics<\/h4>\n<\/div>\n<div>\n<ul style=\"margin: 0px 0px 0px 25px\">\n<li style=\"list-style-type: circle;margin: 5px\">24 trastes<\/li>\n<li style=\"list-style-type: circle;margin: 5px\">Diapas\u00f3n de \u00e9bano<\/li>\n<li style=\"list-style-type: circle;margin: 5px\">Acabado matte<\/li>\n<\/ul>\n<\/div>\n<\/div>","protected":false},"excerpt":{"rendered":"<p>Guitarra el\u00e9ctrica Washburn mod. PXM20FRFBCBM, Serie Parallaxe. Tapa de maple flameado, cuerpo de caoba, brazo de maple, diapas\u00f3n de \u00e9bano. 2 humbuckers SeymourDuncan SH2\/TB6, Floyd Rose 1000 con bloque de bronce de 36mm y silenciador de resorte, Maquinaria Black Chrome Grover Exclusive 18:1, nut con seguros, cutawayPXL, vol y tono, selector de 3 posiciones, 24 trastes. Escala 25.5\u201d, acabado matte.&hellip; <a class=\"kt-excerpt-readmore more-link\" href=\"https:\/\/www.mexicanguitarplayers.com\/en\/tienda\/cuerdas\/guitarras-cuerdas\/electricas\/guitarras-electricas-solidas\/guitarra-washburn-electrica-pxm20frfbcbm\/\">Read more<\/a><\/p>","protected":false},"featured_media":28866,"comment_status":"open","ping_status":"closed","template":"","meta":{"kt_blocks_editor_width":""},"pwb-brand":[178],"product_brand":[],"product_cat":[224,313,312,314],"product_tag":[],"class_list":{"0":"post-28867","1":"product","2":"type-product","3":"status-publish","4":"has-post-thumbnail","6":"pwb-brand-washburn","7":"product_cat-cuerdas","8":"product_cat-electricas","9":"product_cat-guitarras-cuerdas","10":"product_cat-guitarras-electricas-solidas","11":"product_shipping_class-0-5-kg","13":"first","14":"outofstock","15":"taxable","16":"shipping-taxable","17":"purchasable","18":"product-type-simple"},"yoast_head":"<!-- This site is optimized with the Yoast SEO plugin v27.5 - https:\/\/yoast.com\/product\/yoast-seo-wordpress\/ -->\n<title>GUITARRA WASHBURN ELECTRICA PXM20FRFBCBM - Mexican Guitar Players<\/title>\n<meta name=\"description\" content=\"Guitarra el\u00e9ctrica Washburn mod. PXM20FRFBCBM, Serie Parallaxe. Tapa de maple flameado, cuerpo de caoba, brazo de maple, diapas\u00f3n de \u00e9bano. 2 humbuckers SeymourDuncan SH2\/TB6, Floyd Rose 1000 con bloque de bronce de 36mm y silenciador de resorte, Maquinaria Black Chrome Grover Exclusive 18:1, nut con seguros, cutawayPXL, vol y tono, selector de 3 posiciones, 24 trastes. Escala 25.5\u201d, acabado matte.\" \/>\n<meta name=\"robots\" content=\"index, follow, max-snippet:-1, max-image-preview:large, max-video-preview:-1\" \/>\n<link rel=\"canonical\" href=\"https:\/\/www.mexicanguitarplayers.com\/en\/tienda\/sin%20categor\u00eda\/guitarra-washburn-electrica-pxm20frfbcbm\/\" \/>\n<meta property=\"og:locale\" content=\"en_US\" \/>\n<meta property=\"og:type\" content=\"article\" \/>\n<meta property=\"og:title\" content=\"GUITARRA WASHBURN ELECTRICA PXM20FRFBCBM - Mexican Guitar Players\" \/>\n<meta property=\"og:description\" content=\"Guitarra el\u00e9ctrica Washburn mod. PXM20FRFBCBM, Serie Parallaxe. Tapa de maple flameado, cuerpo de caoba, brazo de maple, diapas\u00f3n de \u00e9bano. 2 humbuckers SeymourDuncan SH2\/TB6, Floyd Rose 1000 con bloque de bronce de 36mm y silenciador de resorte, Maquinaria Black Chrome Grover Exclusive 18:1, nut con seguros, cutawayPXL, vol y tono, selector de 3 posiciones, 24 trastes. Escala 25.5\u201d, acabado matte.\" \/>\n<meta property=\"og:url\" content=\"https:\/\/www.mexicanguitarplayers.com\/en\/tienda\/sin categor\u00eda\/guitarra-washburn-electrica-pxm20frfbcbm\/\" \/>\n<meta property=\"og:site_name\" content=\"Mexican Guitar Players\" \/>\n<meta property=\"article:modified_time\" content=\"2026-04-10T10:39:33+00:00\" \/>\n<meta name=\"twitter:card\" content=\"summary_large_image\" \/>\n<meta name=\"twitter:label1\" content=\"Est. reading time\" \/>\n\t<meta name=\"twitter:data1\" content=\"3 minutes\" \/>\n<script type=\"application\/ld+json\" class=\"yoast-schema-graph\">{\"@context\":\"https:\\\/\\\/schema.org\",\"@graph\":[{\"@type\":[\"WebPage\",\"ItemPage\"],\"@id\":\"https:\\\/\\\/www.mexicanguitarplayers.com\\\/tienda\\\/sin categor\u00eda\\\/guitarra-washburn-electrica-pxm20frfbcbm\\\/\",\"url\":\"https:\\\/\\\/www.mexicanguitarplayers.com\\\/tienda\\\/sin categor\u00eda\\\/guitarra-washburn-electrica-pxm20frfbcbm\\\/\",\"name\":\"GUITARRA WASHBURN ELECTRICA PXM20FRFBCBM - Mexican Guitar Players\",\"isPartOf\":{\"@id\":\"https:\\\/\\\/www.mexicanguitarplayers.com\\\/#website\"},\"primaryImageOfPage\":{\"@id\":\"https:\\\/\\\/www.mexicanguitarplayers.com\\\/tienda\\\/sin categor\u00eda\\\/guitarra-washburn-electrica-pxm20frfbcbm\\\/#primaryimage\"},\"image\":{\"@id\":\"https:\\\/\\\/www.mexicanguitarplayers.com\\\/tienda\\\/sin categor\u00eda\\\/guitarra-washburn-electrica-pxm20frfbcbm\\\/#primaryimage\"},\"thumbnailUrl\":\"https:\\\/\\\/www.mexicanguitarplayers.com\\\/wp-content\\\/uploads\\\/2025\\\/04\\\/ISWASPXM20FRFB.jpg\",\"datePublished\":\"2025-04-08T16:22:30+00:00\",\"dateModified\":\"2026-04-10T10:39:33+00:00\",\"description\":\"Guitarra el\u00e9ctrica Washburn mod. PXM20FRFBCBM, Serie Parallaxe. Tapa de maple flameado, cuerpo de caoba, brazo de maple, diapas\u00f3n de \u00e9bano. 2 humbuckers SeymourDuncan SH2\\\/TB6, Floyd Rose 1000 con bloque de bronce de 36mm y silenciador de resorte, Maquinaria Black Chrome Grover Exclusive 18:1, nut con seguros, cutawayPXL, vol y tono, selector de 3 posiciones, 24 trastes. Escala 25.5\u201d, acabado matte.\",\"breadcrumb\":{\"@id\":\"https:\\\/\\\/www.mexicanguitarplayers.com\\\/tienda\\\/sin categor\u00eda\\\/guitarra-washburn-electrica-pxm20frfbcbm\\\/#breadcrumb\"},\"inLanguage\":\"en-US\",\"potentialAction\":[{\"@type\":\"ReadAction\",\"target\":[\"https:\\\/\\\/www.mexicanguitarplayers.com\\\/tienda\\\/sin categor\u00eda\\\/guitarra-washburn-electrica-pxm20frfbcbm\\\/\"]}]},{\"@type\":\"ImageObject\",\"inLanguage\":\"en-US\",\"@id\":\"https:\\\/\\\/www.mexicanguitarplayers.com\\\/tienda\\\/sin categor\u00eda\\\/guitarra-washburn-electrica-pxm20frfbcbm\\\/#primaryimage\",\"url\":\"https:\\\/\\\/www.mexicanguitarplayers.com\\\/wp-content\\\/uploads\\\/2025\\\/04\\\/ISWASPXM20FRFB.jpg\",\"contentUrl\":\"https:\\\/\\\/www.mexicanguitarplayers.com\\\/wp-content\\\/uploads\\\/2025\\\/04\\\/ISWASPXM20FRFB.jpg\",\"width\":800,\"height\":1600},{\"@type\":\"BreadcrumbList\",\"@id\":\"https:\\\/\\\/www.mexicanguitarplayers.com\\\/tienda\\\/sin categor\u00eda\\\/guitarra-washburn-electrica-pxm20frfbcbm\\\/#breadcrumb\",\"itemListElement\":[{\"@type\":\"ListItem\",\"position\":1,\"name\":\"Portada\",\"item\":\"https:\\\/\\\/www.mexicanguitarplayers.com\\\/\"},{\"@type\":\"ListItem\",\"position\":2,\"name\":\"Tienda\",\"item\":\"https:\\\/\\\/www.mexicanguitarplayers.com\\\/tienda\\\/\"},{\"@type\":\"ListItem\",\"position\":3,\"name\":\"GUITARRA WASHBURN ELECTRICA PXM20FRFBCBM\"}]},{\"@type\":\"WebSite\",\"@id\":\"https:\\\/\\\/www.mexicanguitarplayers.com\\\/#website\",\"url\":\"https:\\\/\\\/www.mexicanguitarplayers.com\\\/\",\"name\":\"Mexican Guitar Players\",\"description\":\"Website\",\"publisher\":{\"@id\":\"https:\\\/\\\/www.mexicanguitarplayers.com\\\/#organization\"},\"potentialAction\":[{\"@type\":\"SearchAction\",\"target\":{\"@type\":\"EntryPoint\",\"urlTemplate\":\"https:\\\/\\\/www.mexicanguitarplayers.com\\\/?s={search_term_string}\"},\"query-input\":{\"@type\":\"PropertyValueSpecification\",\"valueRequired\":true,\"valueName\":\"search_term_string\"}}],\"inLanguage\":\"en-US\"},{\"@type\":\"Organization\",\"@id\":\"https:\\\/\\\/www.mexicanguitarplayers.com\\\/#organization\",\"name\":\"Mexican Guitar Players\",\"url\":\"https:\\\/\\\/www.mexicanguitarplayers.com\\\/\",\"logo\":{\"@type\":\"ImageObject\",\"inLanguage\":\"en-US\",\"@id\":\"https:\\\/\\\/www.mexicanguitarplayers.com\\\/#\\\/schema\\\/logo\\\/image\\\/\",\"url\":\"\",\"contentUrl\":\"\",\"caption\":\"Mexican Guitar Players\"},\"image\":{\"@id\":\"https:\\\/\\\/www.mexicanguitarplayers.com\\\/#\\\/schema\\\/logo\\\/image\\\/\"}}]}<\/script>\n<!-- \/ Yoast SEO plugin. -->","yoast_head_json":{"title":"GUITARRA WASHBURN ELECTRICA PXM20FRFBCBM - Mexican Guitar Players","description":"Guitarra el\u00e9ctrica Washburn mod. PXM20FRFBCBM, Serie Parallaxe. Tapa de maple flameado, cuerpo de caoba, brazo de maple, diapas\u00f3n de \u00e9bano. 2 humbuckers SeymourDuncan SH2\/TB6, Floyd Rose 1000 con bloque de bronce de 36mm y silenciador de resorte, Maquinaria Black Chrome Grover Exclusive 18:1, nut con seguros, cutawayPXL, vol y tono, selector de 3 posiciones, 24 trastes. Escala 25.5\u201d, acabado matte.","robots":{"index":"index","follow":"follow","max-snippet":"max-snippet:-1","max-image-preview":"max-image-preview:large","max-video-preview":"max-video-preview:-1"},"canonical":"https:\/\/www.mexicanguitarplayers.com\/en\/tienda\/sin categor\u00eda\/guitarra-washburn-electrica-pxm20frfbcbm\/","og_locale":"en_US","og_type":"article","og_title":"GUITARRA WASHBURN ELECTRICA PXM20FRFBCBM - Mexican Guitar Players","og_description":"Guitarra el\u00e9ctrica Washburn mod. PXM20FRFBCBM, Serie Parallaxe. Tapa de maple flameado, cuerpo de caoba, brazo de maple, diapas\u00f3n de \u00e9bano. 2 humbuckers SeymourDuncan SH2\/TB6, Floyd Rose 1000 con bloque de bronce de 36mm y silenciador de resorte, Maquinaria Black Chrome Grover Exclusive 18:1, nut con seguros, cutawayPXL, vol y tono, selector de 3 posiciones, 24 trastes. Escala 25.5\u201d, acabado matte.","og_url":"https:\/\/www.mexicanguitarplayers.com\/en\/tienda\/sin categor\u00eda\/guitarra-washburn-electrica-pxm20frfbcbm\/","og_site_name":"Mexican Guitar Players","article_modified_time":"2026-04-10T10:39:33+00:00","twitter_card":"summary_large_image","twitter_misc":{"Est. reading time":"3 minutes"},"schema":{"@context":"https:\/\/schema.org","@graph":[{"@type":["WebPage","ItemPage"],"@id":"https:\/\/www.mexicanguitarplayers.com\/tienda\/sin categor\u00eda\/guitarra-washburn-electrica-pxm20frfbcbm\/","url":"https:\/\/www.mexicanguitarplayers.com\/tienda\/sin categor\u00eda\/guitarra-washburn-electrica-pxm20frfbcbm\/","name":"GUITARRA WASHBURN ELECTRICA PXM20FRFBCBM - Mexican Guitar Players","isPartOf":{"@id":"https:\/\/www.mexicanguitarplayers.com\/#website"},"primaryImageOfPage":{"@id":"https:\/\/www.mexicanguitarplayers.com\/tienda\/sin categor\u00eda\/guitarra-washburn-electrica-pxm20frfbcbm\/#primaryimage"},"image":{"@id":"https:\/\/www.mexicanguitarplayers.com\/tienda\/sin categor\u00eda\/guitarra-washburn-electrica-pxm20frfbcbm\/#primaryimage"},"thumbnailUrl":"https:\/\/www.mexicanguitarplayers.com\/wp-content\/uploads\/2025\/04\/ISWASPXM20FRFB.jpg","datePublished":"2025-04-08T16:22:30+00:00","dateModified":"2026-04-10T10:39:33+00:00","description":"Guitarra el\u00e9ctrica Washburn mod. PXM20FRFBCBM, Serie Parallaxe. Tapa de maple flameado, cuerpo de caoba, brazo de maple, diapas\u00f3n de \u00e9bano. 2 humbuckers SeymourDuncan SH2\/TB6, Floyd Rose 1000 con bloque de bronce de 36mm y silenciador de resorte, Maquinaria Black Chrome Grover Exclusive 18:1, nut con seguros, cutawayPXL, vol y tono, selector de 3 posiciones, 24 trastes. Escala 25.5\u201d, acabado matte.","breadcrumb":{"@id":"https:\/\/www.mexicanguitarplayers.com\/tienda\/sin categor\u00eda\/guitarra-washburn-electrica-pxm20frfbcbm\/#breadcrumb"},"inLanguage":"en-US","potentialAction":[{"@type":"ReadAction","target":["https:\/\/www.mexicanguitarplayers.com\/tienda\/sin categor\u00eda\/guitarra-washburn-electrica-pxm20frfbcbm\/"]}]},{"@type":"ImageObject","inLanguage":"en-US","@id":"https:\/\/www.mexicanguitarplayers.com\/tienda\/sin categor\u00eda\/guitarra-washburn-electrica-pxm20frfbcbm\/#primaryimage","url":"https:\/\/www.mexicanguitarplayers.com\/wp-content\/uploads\/2025\/04\/ISWASPXM20FRFB.jpg","contentUrl":"https:\/\/www.mexicanguitarplayers.com\/wp-content\/uploads\/2025\/04\/ISWASPXM20FRFB.jpg","width":800,"height":1600},{"@type":"BreadcrumbList","@id":"https:\/\/www.mexicanguitarplayers.com\/tienda\/sin categor\u00eda\/guitarra-washburn-electrica-pxm20frfbcbm\/#breadcrumb","itemListElement":[{"@type":"ListItem","position":1,"name":"Portada","item":"https:\/\/www.mexicanguitarplayers.com\/"},{"@type":"ListItem","position":2,"name":"Tienda","item":"https:\/\/www.mexicanguitarplayers.com\/tienda\/"},{"@type":"ListItem","position":3,"name":"GUITARRA WASHBURN ELECTRICA PXM20FRFBCBM"}]},{"@type":"WebSite","@id":"https:\/\/www.mexicanguitarplayers.com\/#website","url":"https:\/\/www.mexicanguitarplayers.com\/","name":"Mexican Guitar Players","description":"Website","publisher":{"@id":"https:\/\/www.mexicanguitarplayers.com\/#organization"},"potentialAction":[{"@type":"SearchAction","target":{"@type":"EntryPoint","urlTemplate":"https:\/\/www.mexicanguitarplayers.com\/?s={search_term_string}"},"query-input":{"@type":"PropertyValueSpecification","valueRequired":true,"valueName":"search_term_string"}}],"inLanguage":"en-US"},{"@type":"Organization","@id":"https:\/\/www.mexicanguitarplayers.com\/#organization","name":"Mexican Guitar Players","url":"https:\/\/www.mexicanguitarplayers.com\/","logo":{"@type":"ImageObject","inLanguage":"en-US","@id":"https:\/\/www.mexicanguitarplayers.com\/#\/schema\/logo\/image\/","url":"","contentUrl":"","caption":"Mexican Guitar Players"},"image":{"@id":"https:\/\/www.mexicanguitarplayers.com\/#\/schema\/logo\/image\/"}}]}},"brands":[{"id":178,"name":"WASHBURN","slug":"washburn"}],"_links":{"self":[{"href":"https:\/\/www.mexicanguitarplayers.com\/en\/wp-json\/wp\/v2\/product\/28867","targetHints":{"allow":["GET"]}}],"collection":[{"href":"https:\/\/www.mexicanguitarplayers.com\/en\/wp-json\/wp\/v2\/product"}],"about":[{"href":"https:\/\/www.mexicanguitarplayers.com\/en\/wp-json\/wp\/v2\/types\/product"}],"replies":[{"embeddable":true,"href":"https:\/\/www.mexicanguitarplayers.com\/en\/wp-json\/wp\/v2\/comments?post=28867"}],"wp:featuredmedia":[{"embeddable":true,"href":"https:\/\/www.mexicanguitarplayers.com\/en\/wp-json\/wp\/v2\/media\/28866"}],"wp:attachment":[{"href":"https:\/\/www.mexicanguitarplayers.com\/en\/wp-json\/wp\/v2\/media?parent=28867"}],"wp:term":[{"taxonomy":"pwb-brand","embeddable":true,"href":"https:\/\/www.mexicanguitarplayers.com\/en\/wp-json\/wp\/v2\/pwb-brand?post=28867"},{"taxonomy":"product_brand","embeddable":true,"href":"https:\/\/www.mexicanguitarplayers.com\/en\/wp-json\/wp\/v2\/product_brand?post=28867"},{"taxonomy":"product_cat","embeddable":true,"href":"https:\/\/www.mexicanguitarplayers.com\/en\/wp-json\/wp\/v2\/product_cat?post=28867"},{"taxonomy":"product_tag","embeddable":true,"href":"https:\/\/www.mexicanguitarplayers.com\/en\/wp-json\/wp\/v2\/product_tag?post=28867"}],"curies":[{"name":"wp","href":"https:\/\/api.w.org\/{rel}","templated":true}]}}