{"id":28873,"date":"2025-04-08T10:22:38","date_gmt":"2025-04-08T16:22:38","guid":{"rendered":"https:\/\/www.mexicanguitarplayers.com\/tienda\/sin categor\u00eda\/parche-evans-14-mod-b14hr\/"},"modified":"2025-11-26T19:15:37","modified_gmt":"2025-11-27T01:15:37","slug":"parche-evans-14-mod-b14hr","status":"publish","type":"product","link":"https:\/\/www.mexicanguitarplayers.com\/en\/tienda\/accesorios\/para-bateria\/parches\/para-tarola\/parche-evans-14-mod-b14hr\/","title":{"rendered":"PARCHE EVANS 14      MOD. B14HR"},"content":{"rendered":"<div style=\"text-align: justify\">\n<div>\n<h3>Para una afinaci\u00f3n sencilla.<\/h3>\n<\/div>\n<div>Los parches coated hidr\u00e1ulicos de Evans cuentan con 2 capas de pel\u00edcula de 7 mil\u00e9simas de pulgada con aceite entre ellas para entregar mayor durabilidad con un sonido gordo, profundo y corto. Con la adici\u00f3n de una versi\u00f3n clara de nuestro sistema UV patentado, este parche proporciona una durabilidad sin igual. El sistema Hydraulic es famoso por su facilidad de afinaci\u00f3n, lo que lo convierte en la soluci\u00f3n perfecta para bater\u00edas problem\u00e1ticas y bateristas con poca experiencia en afinaci\u00f3n. Durante m\u00e1s de 60 a\u00f1os, Evans ha sido un innovador en la fabricaci\u00f3n y el dise\u00f1o de parches. Como creador del primer parche sint\u00e9tico y otros productos revolucionarios como EMAD, Hydraulics y la serie UV1, los parches Evans est\u00e1n dise\u00f1ados con la intenci\u00f3n de resolver problemas para los bateristas. Considerados por su alta calidad y consistencia, todos los parches Evans se fabrican en Estados Unidos y cuentan con tecnolog\u00eda Level 360. <\/div>\n<div>\n<h4>Characteristics<\/h4>\n<\/div>\n<div>\n<ul style=\"margin: 0px 0px 0px 25px\">\n<li style=\"list-style-type: circle;margin: 5px\">Parche hidr\u00e1ulico de golpe para tarola de 14&#8243; pulgadas.<\/li>\n<li style=\"list-style-type: circle;margin: 5px\">Serie Hydraulic Red.<\/li>\n<li style=\"list-style-type: circle;margin: 5px\">2 capas de pel\u00edcula de 7 mil\u00e9simas de pulgada.<\/li>\n<li style=\"list-style-type: circle;margin: 5px\">Aceite entre las capas para eliminar el sustain.<\/li>\n<li style=\"list-style-type: circle;margin: 5px\">Durabilidad, gran resistencia y sonido.<\/li>\n<li style=\"list-style-type: circle;margin: 5px\">Terminado en color rojo transparente.<\/li>\n<li style=\"list-style-type: circle;margin: 5px\">Hecho en USA.<\/li>\n<\/ul>\n<\/div>\n<\/div>","protected":false},"excerpt":{"rendered":"<p>Parche hidr\u00e1ulico de golpe para tarola de 14\u201d pulgadas, serie Hydraulic Red, fabricado con 2 capas de pel\u00edcula de 7 mil\u00e9simas de pulgada con aceite entre ellas para eliminar el sustain, con el a\u00f1adido de una versi\u00f3n clara de nuestro sistema UV patentado, este parche de tarola proporciona mayor durabilidad, gran resistencia y sonido, terminado en color rojo transparente, hecho en USA.&hellip; <a class=\"kt-excerpt-readmore more-link\" href=\"https:\/\/www.mexicanguitarplayers.com\/en\/tienda\/accesorios\/para-bateria\/parches\/para-tarola\/parche-evans-14-mod-b14hr\/\">Read more<\/a><\/p>","protected":false},"featured_media":28872,"comment_status":"open","ping_status":"closed","template":"","meta":{"kt_blocks_editor_width":""},"pwb-brand":[366],"product_brand":[],"product_cat":[85,306,365,363],"product_tag":[],"class_list":{"0":"post-28873","1":"product","2":"type-product","3":"status-publish","4":"has-post-thumbnail","6":"pwb-brand-evans","7":"product_cat-accesorios","8":"product_cat-para-bateria","9":"product_cat-para-tarola","10":"product_cat-parches","11":"product_shipping_class-0-5-kg","13":"first","14":"instock","15":"taxable","16":"shipping-taxable","17":"purchasable","18":"product-type-simple"},"yoast_head":"<!-- This site is optimized with the Yoast SEO plugin v27.3 - https:\/\/yoast.com\/product\/yoast-seo-wordpress\/ -->\n<title>PARCHE EVANS 14   MOD. B14HR - Mexican Guitar Players<\/title>\n<meta name=\"description\" content=\"Parche hidr\u00e1ulico de golpe para tarola de 14\u201d pulgadas, serie Hydraulic Red, fabricado con 2 capas de pel\u00edcula de 7 mil\u00e9simas de pulgada con aceite entre ellas para eliminar el sustain, con el a\u00f1adido de una versi\u00f3n clara de nuestro sistema UV patentado, este parche de tarola proporciona mayor durabilidad, gran resistencia y sonido, terminado en color rojo transparente, hecho en USA.\" \/>\n<meta name=\"robots\" content=\"index, follow, max-snippet:-1, max-image-preview:large, max-video-preview:-1\" \/>\n<link rel=\"canonical\" href=\"https:\/\/www.mexicanguitarplayers.com\/en\/tienda\/sin%20categor\u00eda\/parche-evans-14-mod-b14hr\/\" \/>\n<meta property=\"og:locale\" content=\"en_US\" \/>\n<meta property=\"og:type\" content=\"article\" \/>\n<meta property=\"og:title\" content=\"PARCHE EVANS 14   MOD. B14HR - Mexican Guitar Players\" \/>\n<meta property=\"og:description\" content=\"Parche hidr\u00e1ulico de golpe para tarola de 14\u201d pulgadas, serie Hydraulic Red, fabricado con 2 capas de pel\u00edcula de 7 mil\u00e9simas de pulgada con aceite entre ellas para eliminar el sustain, con el a\u00f1adido de una versi\u00f3n clara de nuestro sistema UV patentado, este parche de tarola proporciona mayor durabilidad, gran resistencia y sonido, terminado en color rojo transparente, hecho en USA.\" \/>\n<meta property=\"og:url\" content=\"https:\/\/www.mexicanguitarplayers.com\/en\/tienda\/sin categor\u00eda\/parche-evans-14-mod-b14hr\/\" \/>\n<meta property=\"og:site_name\" content=\"Mexican Guitar Players\" \/>\n<meta property=\"article:modified_time\" content=\"2025-11-27T01:15:37+00:00\" \/>\n<meta name=\"twitter:card\" content=\"summary_large_image\" \/>\n<meta name=\"twitter:label1\" content=\"Est. reading time\" \/>\n\t<meta name=\"twitter:data1\" content=\"1 minute\" \/>\n<script type=\"application\/ld+json\" class=\"yoast-schema-graph\">{\"@context\":\"https:\\\/\\\/schema.org\",\"@graph\":[{\"@type\":[\"WebPage\",\"ItemPage\"],\"@id\":\"https:\\\/\\\/www.mexicanguitarplayers.com\\\/tienda\\\/sin categor\u00eda\\\/parche-evans-14-mod-b14hr\\\/\",\"url\":\"https:\\\/\\\/www.mexicanguitarplayers.com\\\/tienda\\\/sin categor\u00eda\\\/parche-evans-14-mod-b14hr\\\/\",\"name\":\"PARCHE EVANS 14 MOD. B14HR - Mexican Guitar Players\",\"isPartOf\":{\"@id\":\"https:\\\/\\\/www.mexicanguitarplayers.com\\\/#website\"},\"primaryImageOfPage\":{\"@id\":\"https:\\\/\\\/www.mexicanguitarplayers.com\\\/tienda\\\/sin categor\u00eda\\\/parche-evans-14-mod-b14hr\\\/#primaryimage\"},\"image\":{\"@id\":\"https:\\\/\\\/www.mexicanguitarplayers.com\\\/tienda\\\/sin categor\u00eda\\\/parche-evans-14-mod-b14hr\\\/#primaryimage\"},\"thumbnailUrl\":\"https:\\\/\\\/www.mexicanguitarplayers.com\\\/wp-content\\\/uploads\\\/2025\\\/04\\\/RAEVAB14HR.jpg\",\"datePublished\":\"2025-04-08T16:22:38+00:00\",\"dateModified\":\"2025-11-27T01:15:37+00:00\",\"description\":\"Parche hidr\u00e1ulico de golpe para tarola de 14\u201d pulgadas, serie Hydraulic Red, fabricado con 2 capas de pel\u00edcula de 7 mil\u00e9simas de pulgada con aceite entre ellas para eliminar el sustain, con el a\u00f1adido de una versi\u00f3n clara de nuestro sistema UV patentado, este parche de tarola proporciona mayor durabilidad, gran resistencia y sonido, terminado en color rojo transparente, hecho en USA.\",\"breadcrumb\":{\"@id\":\"https:\\\/\\\/www.mexicanguitarplayers.com\\\/tienda\\\/sin categor\u00eda\\\/parche-evans-14-mod-b14hr\\\/#breadcrumb\"},\"inLanguage\":\"en-US\",\"potentialAction\":[{\"@type\":\"ReadAction\",\"target\":[\"https:\\\/\\\/www.mexicanguitarplayers.com\\\/tienda\\\/sin categor\u00eda\\\/parche-evans-14-mod-b14hr\\\/\"]}]},{\"@type\":\"ImageObject\",\"inLanguage\":\"en-US\",\"@id\":\"https:\\\/\\\/www.mexicanguitarplayers.com\\\/tienda\\\/sin categor\u00eda\\\/parche-evans-14-mod-b14hr\\\/#primaryimage\",\"url\":\"https:\\\/\\\/www.mexicanguitarplayers.com\\\/wp-content\\\/uploads\\\/2025\\\/04\\\/RAEVAB14HR.jpg\",\"contentUrl\":\"https:\\\/\\\/www.mexicanguitarplayers.com\\\/wp-content\\\/uploads\\\/2025\\\/04\\\/RAEVAB14HR.jpg\",\"width\":1200,\"height\":1200},{\"@type\":\"BreadcrumbList\",\"@id\":\"https:\\\/\\\/www.mexicanguitarplayers.com\\\/tienda\\\/sin categor\u00eda\\\/parche-evans-14-mod-b14hr\\\/#breadcrumb\",\"itemListElement\":[{\"@type\":\"ListItem\",\"position\":1,\"name\":\"Portada\",\"item\":\"https:\\\/\\\/www.mexicanguitarplayers.com\\\/\"},{\"@type\":\"ListItem\",\"position\":2,\"name\":\"Tienda\",\"item\":\"https:\\\/\\\/www.mexicanguitarplayers.com\\\/tienda\\\/\"},{\"@type\":\"ListItem\",\"position\":3,\"name\":\"PARCHE EVANS 14 MOD. B14HR\"}]},{\"@type\":\"WebSite\",\"@id\":\"https:\\\/\\\/www.mexicanguitarplayers.com\\\/#website\",\"url\":\"https:\\\/\\\/www.mexicanguitarplayers.com\\\/\",\"name\":\"Mexican Guitar Players\",\"description\":\"Website\",\"publisher\":{\"@id\":\"https:\\\/\\\/www.mexicanguitarplayers.com\\\/#organization\"},\"potentialAction\":[{\"@type\":\"SearchAction\",\"target\":{\"@type\":\"EntryPoint\",\"urlTemplate\":\"https:\\\/\\\/www.mexicanguitarplayers.com\\\/?s={search_term_string}\"},\"query-input\":{\"@type\":\"PropertyValueSpecification\",\"valueRequired\":true,\"valueName\":\"search_term_string\"}}],\"inLanguage\":\"en-US\"},{\"@type\":\"Organization\",\"@id\":\"https:\\\/\\\/www.mexicanguitarplayers.com\\\/#organization\",\"name\":\"Mexican Guitar Players\",\"url\":\"https:\\\/\\\/www.mexicanguitarplayers.com\\\/\",\"logo\":{\"@type\":\"ImageObject\",\"inLanguage\":\"en-US\",\"@id\":\"https:\\\/\\\/www.mexicanguitarplayers.com\\\/#\\\/schema\\\/logo\\\/image\\\/\",\"url\":\"\",\"contentUrl\":\"\",\"caption\":\"Mexican Guitar Players\"},\"image\":{\"@id\":\"https:\\\/\\\/www.mexicanguitarplayers.com\\\/#\\\/schema\\\/logo\\\/image\\\/\"}}]}<\/script>\n<!-- \/ Yoast SEO plugin. -->","yoast_head_json":{"title":"PARCHE EVANS 14   MOD. B14HR - Mexican Guitar Players","description":"Parche hidr\u00e1ulico de golpe para tarola de 14\u201d pulgadas, serie Hydraulic Red, fabricado con 2 capas de pel\u00edcula de 7 mil\u00e9simas de pulgada con aceite entre ellas para eliminar el sustain, con el a\u00f1adido de una versi\u00f3n clara de nuestro sistema UV patentado, este parche de tarola proporciona mayor durabilidad, gran resistencia y sonido, terminado en color rojo transparente, hecho en USA.","robots":{"index":"index","follow":"follow","max-snippet":"max-snippet:-1","max-image-preview":"max-image-preview:large","max-video-preview":"max-video-preview:-1"},"canonical":"https:\/\/www.mexicanguitarplayers.com\/en\/tienda\/sin categor\u00eda\/parche-evans-14-mod-b14hr\/","og_locale":"en_US","og_type":"article","og_title":"PARCHE EVANS 14   MOD. B14HR - Mexican Guitar Players","og_description":"Parche hidr\u00e1ulico de golpe para tarola de 14\u201d pulgadas, serie Hydraulic Red, fabricado con 2 capas de pel\u00edcula de 7 mil\u00e9simas de pulgada con aceite entre ellas para eliminar el sustain, con el a\u00f1adido de una versi\u00f3n clara de nuestro sistema UV patentado, este parche de tarola proporciona mayor durabilidad, gran resistencia y sonido, terminado en color rojo transparente, hecho en USA.","og_url":"https:\/\/www.mexicanguitarplayers.com\/en\/tienda\/sin categor\u00eda\/parche-evans-14-mod-b14hr\/","og_site_name":"Mexican Guitar Players","article_modified_time":"2025-11-27T01:15:37+00:00","twitter_card":"summary_large_image","twitter_misc":{"Est. reading time":"1 minute"},"schema":{"@context":"https:\/\/schema.org","@graph":[{"@type":["WebPage","ItemPage"],"@id":"https:\/\/www.mexicanguitarplayers.com\/tienda\/sin categor\u00eda\/parche-evans-14-mod-b14hr\/","url":"https:\/\/www.mexicanguitarplayers.com\/tienda\/sin categor\u00eda\/parche-evans-14-mod-b14hr\/","name":"PARCHE EVANS 14 MOD. B14HR - Mexican Guitar Players","isPartOf":{"@id":"https:\/\/www.mexicanguitarplayers.com\/#website"},"primaryImageOfPage":{"@id":"https:\/\/www.mexicanguitarplayers.com\/tienda\/sin categor\u00eda\/parche-evans-14-mod-b14hr\/#primaryimage"},"image":{"@id":"https:\/\/www.mexicanguitarplayers.com\/tienda\/sin categor\u00eda\/parche-evans-14-mod-b14hr\/#primaryimage"},"thumbnailUrl":"https:\/\/www.mexicanguitarplayers.com\/wp-content\/uploads\/2025\/04\/RAEVAB14HR.jpg","datePublished":"2025-04-08T16:22:38+00:00","dateModified":"2025-11-27T01:15:37+00:00","description":"Parche hidr\u00e1ulico de golpe para tarola de 14\u201d pulgadas, serie Hydraulic Red, fabricado con 2 capas de pel\u00edcula de 7 mil\u00e9simas de pulgada con aceite entre ellas para eliminar el sustain, con el a\u00f1adido de una versi\u00f3n clara de nuestro sistema UV patentado, este parche de tarola proporciona mayor durabilidad, gran resistencia y sonido, terminado en color rojo transparente, hecho en USA.","breadcrumb":{"@id":"https:\/\/www.mexicanguitarplayers.com\/tienda\/sin categor\u00eda\/parche-evans-14-mod-b14hr\/#breadcrumb"},"inLanguage":"en-US","potentialAction":[{"@type":"ReadAction","target":["https:\/\/www.mexicanguitarplayers.com\/tienda\/sin categor\u00eda\/parche-evans-14-mod-b14hr\/"]}]},{"@type":"ImageObject","inLanguage":"en-US","@id":"https:\/\/www.mexicanguitarplayers.com\/tienda\/sin categor\u00eda\/parche-evans-14-mod-b14hr\/#primaryimage","url":"https:\/\/www.mexicanguitarplayers.com\/wp-content\/uploads\/2025\/04\/RAEVAB14HR.jpg","contentUrl":"https:\/\/www.mexicanguitarplayers.com\/wp-content\/uploads\/2025\/04\/RAEVAB14HR.jpg","width":1200,"height":1200},{"@type":"BreadcrumbList","@id":"https:\/\/www.mexicanguitarplayers.com\/tienda\/sin categor\u00eda\/parche-evans-14-mod-b14hr\/#breadcrumb","itemListElement":[{"@type":"ListItem","position":1,"name":"Portada","item":"https:\/\/www.mexicanguitarplayers.com\/"},{"@type":"ListItem","position":2,"name":"Tienda","item":"https:\/\/www.mexicanguitarplayers.com\/tienda\/"},{"@type":"ListItem","position":3,"name":"PARCHE EVANS 14 MOD. B14HR"}]},{"@type":"WebSite","@id":"https:\/\/www.mexicanguitarplayers.com\/#website","url":"https:\/\/www.mexicanguitarplayers.com\/","name":"Mexican Guitar Players","description":"Website","publisher":{"@id":"https:\/\/www.mexicanguitarplayers.com\/#organization"},"potentialAction":[{"@type":"SearchAction","target":{"@type":"EntryPoint","urlTemplate":"https:\/\/www.mexicanguitarplayers.com\/?s={search_term_string}"},"query-input":{"@type":"PropertyValueSpecification","valueRequired":true,"valueName":"search_term_string"}}],"inLanguage":"en-US"},{"@type":"Organization","@id":"https:\/\/www.mexicanguitarplayers.com\/#organization","name":"Mexican Guitar Players","url":"https:\/\/www.mexicanguitarplayers.com\/","logo":{"@type":"ImageObject","inLanguage":"en-US","@id":"https:\/\/www.mexicanguitarplayers.com\/#\/schema\/logo\/image\/","url":"","contentUrl":"","caption":"Mexican Guitar Players"},"image":{"@id":"https:\/\/www.mexicanguitarplayers.com\/#\/schema\/logo\/image\/"}}]}},"brands":[{"id":366,"name":"EVANS","slug":"evans"}],"_links":{"self":[{"href":"https:\/\/www.mexicanguitarplayers.com\/en\/wp-json\/wp\/v2\/product\/28873","targetHints":{"allow":["GET"]}}],"collection":[{"href":"https:\/\/www.mexicanguitarplayers.com\/en\/wp-json\/wp\/v2\/product"}],"about":[{"href":"https:\/\/www.mexicanguitarplayers.com\/en\/wp-json\/wp\/v2\/types\/product"}],"replies":[{"embeddable":true,"href":"https:\/\/www.mexicanguitarplayers.com\/en\/wp-json\/wp\/v2\/comments?post=28873"}],"wp:featuredmedia":[{"embeddable":true,"href":"https:\/\/www.mexicanguitarplayers.com\/en\/wp-json\/wp\/v2\/media\/28872"}],"wp:attachment":[{"href":"https:\/\/www.mexicanguitarplayers.com\/en\/wp-json\/wp\/v2\/media?parent=28873"}],"wp:term":[{"taxonomy":"pwb-brand","embeddable":true,"href":"https:\/\/www.mexicanguitarplayers.com\/en\/wp-json\/wp\/v2\/pwb-brand?post=28873"},{"taxonomy":"product_brand","embeddable":true,"href":"https:\/\/www.mexicanguitarplayers.com\/en\/wp-json\/wp\/v2\/product_brand?post=28873"},{"taxonomy":"product_cat","embeddable":true,"href":"https:\/\/www.mexicanguitarplayers.com\/en\/wp-json\/wp\/v2\/product_cat?post=28873"},{"taxonomy":"product_tag","embeddable":true,"href":"https:\/\/www.mexicanguitarplayers.com\/en\/wp-json\/wp\/v2\/product_tag?post=28873"}],"curies":[{"name":"wp","href":"https:\/\/api.w.org\/{rel}","templated":true}]}}