{"id":28900,"date":"2025-04-08T10:23:17","date_gmt":"2025-04-08T16:23:17","guid":{"rendered":"https:\/\/www.mexicanguitarplayers.com\/tienda\/sin categor\u00eda\/bafle-turbosound-p-pa-mod-tvx152\/"},"modified":"2026-02-18T07:16:26","modified_gmt":"2026-02-18T13:16:26","slug":"bafle-turbosound-p-pa-mod-tvx152","status":"publish","type":"product","link":"https:\/\/www.mexicanguitarplayers.com\/en\/tienda\/audio\/bafles-y-bocinas\/bafles\/bafles-activos\/bafle-turbosound-p-pa-mod-tvx152\/","title":{"rendered":"BAFLE TURBOSOUND P\/PA MOD. TVX152"},"content":{"rendered":"<div style=\"text-align: justify\">\n<div>\n<h3>Altavoz de rango amplio para  PA portable y aplicaciones de instalaci\u00f3n.<\/h3>\n<\/div>\n<div>El TVX152 es un bafle de 2 v\u00edas conmutable entre pasivo o biamplificado, de 15&#8243; pulgadas con 2,000 watts de potencia, dise\u00f1ado para una amplia gama de  expresiones port\u00e1tiles y aplicaciones de refuerzo sonoro en m\u00fasica. Est\u00e1 dise\u00f1ado para trabajar en conjunto con el sistema de altavoces Turbosound, ofreciendo un rendimiento \u00f3ptimo para sala y aplicaciones de monitoreo Side Fill o Drum Fill, adem\u00e1s de ofrecer una gran flexibilidad para adaptarse f\u00e1cilmente a los diferentes requerimientos del lugar. Este altavoz cuenta con un driver de 15&#8243; pulgadas, cono de fibra de carbono, doble bobina de alambre plano para menor peso y mejor respuesta en transitorios de frecuencia y domo de driver de compresi\u00f3n de 1&#8243; pulgada con domo de aluminio montado en una gu\u00eda de onda de baja distorsi\u00f3n con dispersi\u00f3n de 70 x 70. Todos los drivers coinciden con una red de crossover pasivo interno en un gabinete reflex-loaded y el modo biamplificado se puede habilitar por medio de un interruptor en el panel trasero. Terminado con pintura negra semi mate altamente durable, el gabinete est\u00e1 construido con madera contrachapada de abedul de 15 mm (5\/8&#8243;) e incluye una rejilla de acero perforado con espuma reticulada. El TVX512 incluye puntos de suspensi\u00f3n internos M10 para una instalaci\u00f3n permanente, un z\u00f3calo para montaje en poste de doble \u00e1ngulo para altura alta o baja usado con soportes de altavoz o postes de 35 mm para optimizar la cobertura de la audiencia y manijas durables para un transporte sencillo. Se  proveen dos conectores Neutrik speakON NL4 para conexiones de entrada y puente, para bafles adicionales.<\/div>\n<div>\n<h4>Quick look<\/h4>\n<\/div>\n<ul style=\"margin: 0px 0px 0px 25px\">\n<li style=\"list-style-type: circle;margin: 5px\">Sistema<\/li>\n<li style=\"list-style-type: circle;margin: 5px\">Manejo de potencia (IEC).<\/li>\n<li style=\"list-style-type: circle;margin: 5px\">Maximum SPL.<\/li>\n<li style=\"list-style-type: circle;margin: 5px\">Impedance.<\/li>\n<li style=\"list-style-type: circle;margin: 5px\">Tipo de crossover.<\/li>\n<li style=\"list-style-type: circle;margin: 5px\">Componentes.<\/li>\n<li style=\"list-style-type: circle;margin: 5px\">Connectors.<\/li>\n<li style=\"list-style-type: circle;margin: 5px\">Cableado.<\/li>\n<li style=\"list-style-type: circle;margin: 5px\">Dimensions.<\/li>\n<li style=\"list-style-type: circle;margin: 5px\">Weight.<\/li>\n<li style=\"list-style-type: circle;margin: 5px\">Construcci\u00f3n.<\/li>\n<li style=\"list-style-type: circle;margin: 5px\">Terminado.<\/li>\n<li style=\"list-style-type: circle;margin: 5px\">Rejilla.<\/li>\n<li style=\"list-style-type: circle;margin: 5px\">Hardware para suspensi\u00f3n.<\/li>\n<\/ul>\n<div>\n<div style=\"font-weight: bold\">Sistema<\/div>\n<div>\n<p>Respuesta de frecuencia.(3 dB): 60 Hz &#8211; 20 kHz.(10 dB): 50 Hz &#8211; 20 kHz.Dispersi\u00f3n nominal.70H x 70V @ -6 puntos dB.Factor de directividad (Q).9.4.\u00cdndice de directividad (ID).9.7.<\/p>\n<\/div>\n<div style=\"font-weight: bold\">Manejo de potencia (IEC).<\/div>\n<div>\n<p>Pasivo.500 watts continuos, 2,000 watts pico.Biamplificado.LF: 500 watts continuos, 2,000 watts pico.HF: 40 watts continuos, 160 watts pico.Sensibilidad.97 dB.<\/p>\n<\/div>\n<div style=\"font-weight: bold\">Maximum SPL.<\/div>\n<div>\n<p>Pasivo.124 dB continuos, 130 dB pico.Biamplificado.LF: 124 dB continuos, 130 dB pico.HF: 122 dB continuos, 128 dB pico.<\/p>\n<\/div>\n<div style=\"font-weight: bold\">Impedance.<\/div>\n<div>\n<p>Pasivo.8 ohms.BiamplificadoLF: 8 ohms.HF: 6 ohms.<\/p>\n<\/div>\n<div style=\"font-weight: bold\">Tipo de crossover.<\/div>\n<div>\n<p>Conmutable entre pasivo y Biamplificado.<\/p>\n<\/div>\n<div style=\"font-weight: bold\">Componentes.<\/div>\n<div>\n<p>1 altavoz LF de 15\u201d pulgadas (394 mm).1 driver de compresi\u00f3n de 1\u201d pulgada (25 mm).<\/p>\n<\/div>\n<div style=\"font-weight: bold\">Connectors.<\/div>\n<div>\n<p>2 Neutrik Speakon NL4.<\/p>\n<\/div>\n<div style=\"font-weight: bold\">Cableado.<\/div>\n<div>\n<p>Pasivo: Pines 1+ \/ 1- input, pines 2+ \/ 2- link.Biamplificado: Pines 1+ \/ 1- LF, pines 2+ \/ 2- HF.<\/p>\n<\/div>\n<div style=\"font-weight: bold\">Dimensions.<\/div>\n<div>\n<p>701 x 432 x 470 mm.<\/p>\n<\/div>\n<div style=\"font-weight: bold\">Weight.<\/div>\n<div>\n<p>26.4 kg.<\/p>\n<\/div>\n<div style=\"font-weight: bold\">Construcci\u00f3n.<\/div>\n<div>\n<p>Madera contrachapada de abedul de 15 mm (5\/8\u201d).<\/p>\n<\/div>\n<div style=\"font-weight: bold\">Terminado.<\/div>\n<div>\n<p>Pintura negra semi mate.<\/p>\n<\/div>\n<div style=\"font-weight: bold\">Rejilla.<\/div>\n<div>\n<p>Acero perforado con pintura en polvo.<\/p>\n<\/div>\n<div style=\"font-weight: bold\">Hardware para suspensi\u00f3n.<\/div>\n<div>\n<p>12 puntos M12.<\/p>\n<\/div>\n<\/div>\n<\/div>","protected":false},"excerpt":{"rendered":"<p>Bafle pasivo \/ biamplificado de 2 v\u00edas, woofer de 15\u201d pulgadas y driver de compresi\u00f3n de 1\u201d pulgada, impedancia: 8 ohms, respuesta de frecuencia a 3 dB: 60 Hz -20 kHz, a 10 dB: 50 Hz &#8211; 20 kHz, dispersi\u00f3n: 70 x 70, potencia en pasivo y biamplificado: 500W continuos, 2000W pico, sensibilidad: 97 dB, SPL m\u00e1ximo: 124 dB continuo, 130 dB pico, conectores: 2 Neutrik Speakon* NL4, dimensiones: 701 x 432x 470 mm, peso: 26.4 kg.&hellip; <a class=\"kt-excerpt-readmore more-link\" href=\"https:\/\/www.mexicanguitarplayers.com\/en\/tienda\/audio\/bafles-y-bocinas\/bafles\/bafles-activos\/bafle-turbosound-p-pa-mod-tvx152\/\">Read more<\/a><\/p>","protected":false},"featured_media":28896,"comment_status":"open","ping_status":"closed","template":"","meta":{"kt_blocks_editor_width":""},"pwb-brand":[498],"product_brand":[],"product_cat":[213,222,472,221],"product_tag":[],"class_list":{"0":"post-28900","1":"product","2":"type-product","3":"status-publish","4":"has-post-thumbnail","6":"pwb-brand-turbosound","7":"product_cat-audio","8":"product_cat-bafles","9":"product_cat-bafles-activos","10":"product_cat-bafles-y-bocinas","11":"product_shipping_class-25-30-kg","13":"first","14":"outofstock","15":"taxable","16":"shipping-taxable","17":"purchasable","18":"product-type-simple"},"yoast_head":"<!-- This site is optimized with the Yoast SEO plugin v27.3 - https:\/\/yoast.com\/product\/yoast-seo-wordpress\/ -->\n<title>BAFLE TURBOSOUND P\/PA MOD. TVX152 - Mexican Guitar Players<\/title>\n<meta name=\"description\" content=\"Bafle pasivo \/ biamplificado de 2 v\u00edas, woofer de 15\u201d pulgadas y driver de compresi\u00f3n de 1\u201d pulgada, impedancia: 8 ohms, respuesta de frecuencia a 3 dB: 60 Hz -20 kHz, a 10 dB: 50 Hz - 20 kHz, dispersi\u00f3n: 70 x 70, potencia en pasivo y biamplificado: 500W continuos, 2000W pico, sensibilidad: 97 dB, SPL m\u00e1ximo: 124 dB continuo, 130 dB pico, conectores: 2 Neutrik Speakon* NL4, dimensiones: 701 x 432x 470 mm, peso: 26.4 kg.\" \/>\n<meta name=\"robots\" content=\"index, follow, max-snippet:-1, max-image-preview:large, max-video-preview:-1\" \/>\n<link rel=\"canonical\" href=\"https:\/\/www.mexicanguitarplayers.com\/en\/tienda\/sin%20categor\u00eda\/bafle-turbosound-p-pa-mod-tvx152\/\" \/>\n<meta property=\"og:locale\" content=\"en_US\" \/>\n<meta property=\"og:type\" content=\"article\" \/>\n<meta property=\"og:title\" content=\"BAFLE TURBOSOUND P\/PA MOD. TVX152 - Mexican Guitar Players\" \/>\n<meta property=\"og:description\" content=\"Bafle pasivo \/ biamplificado de 2 v\u00edas, woofer de 15\u201d pulgadas y driver de compresi\u00f3n de 1\u201d pulgada, impedancia: 8 ohms, respuesta de frecuencia a 3 dB: 60 Hz -20 kHz, a 10 dB: 50 Hz - 20 kHz, dispersi\u00f3n: 70 x 70, potencia en pasivo y biamplificado: 500W continuos, 2000W pico, sensibilidad: 97 dB, SPL m\u00e1ximo: 124 dB continuo, 130 dB pico, conectores: 2 Neutrik Speakon* NL4, dimensiones: 701 x 432x 470 mm, peso: 26.4 kg.\" \/>\n<meta property=\"og:url\" content=\"https:\/\/www.mexicanguitarplayers.com\/en\/tienda\/sin categor\u00eda\/bafle-turbosound-p-pa-mod-tvx152\/\" \/>\n<meta property=\"og:site_name\" content=\"Mexican Guitar Players\" \/>\n<meta property=\"article:modified_time\" content=\"2026-02-18T13:16:26+00:00\" \/>\n<meta name=\"twitter:card\" content=\"summary_large_image\" \/>\n<meta name=\"twitter:label1\" content=\"Est. reading time\" \/>\n\t<meta name=\"twitter:data1\" content=\"2 minutes\" \/>\n<script type=\"application\/ld+json\" class=\"yoast-schema-graph\">{\"@context\":\"https:\\\/\\\/schema.org\",\"@graph\":[{\"@type\":[\"WebPage\",\"ItemPage\"],\"@id\":\"https:\\\/\\\/www.mexicanguitarplayers.com\\\/tienda\\\/sin categor\u00eda\\\/bafle-turbosound-p-pa-mod-tvx152\\\/\",\"url\":\"https:\\\/\\\/www.mexicanguitarplayers.com\\\/tienda\\\/sin categor\u00eda\\\/bafle-turbosound-p-pa-mod-tvx152\\\/\",\"name\":\"BAFLE TURBOSOUND P\\\/PA MOD. TVX152 - Mexican Guitar Players\",\"isPartOf\":{\"@id\":\"https:\\\/\\\/www.mexicanguitarplayers.com\\\/#website\"},\"primaryImageOfPage\":{\"@id\":\"https:\\\/\\\/www.mexicanguitarplayers.com\\\/tienda\\\/sin categor\u00eda\\\/bafle-turbosound-p-pa-mod-tvx152\\\/#primaryimage\"},\"image\":{\"@id\":\"https:\\\/\\\/www.mexicanguitarplayers.com\\\/tienda\\\/sin categor\u00eda\\\/bafle-turbosound-p-pa-mod-tvx152\\\/#primaryimage\"},\"thumbnailUrl\":\"https:\\\/\\\/www.mexicanguitarplayers.com\\\/wp-content\\\/uploads\\\/2025\\\/04\\\/IATURTVX152.jpg\",\"datePublished\":\"2025-04-08T16:23:17+00:00\",\"dateModified\":\"2026-02-18T13:16:26+00:00\",\"description\":\"Bafle pasivo \\\/ biamplificado de 2 v\u00edas, woofer de 15\u201d pulgadas y driver de compresi\u00f3n de 1\u201d pulgada, impedancia: 8 ohms, respuesta de frecuencia a 3 dB: 60 Hz -20 kHz, a 10 dB: 50 Hz - 20 kHz, dispersi\u00f3n: 70 x 70, potencia en pasivo y biamplificado: 500W continuos, 2000W pico, sensibilidad: 97 dB, SPL m\u00e1ximo: 124 dB continuo, 130 dB pico, conectores: 2 Neutrik Speakon* NL4, dimensiones: 701 x 432x 470 mm, peso: 26.4 kg.\",\"breadcrumb\":{\"@id\":\"https:\\\/\\\/www.mexicanguitarplayers.com\\\/tienda\\\/sin categor\u00eda\\\/bafle-turbosound-p-pa-mod-tvx152\\\/#breadcrumb\"},\"inLanguage\":\"en-US\",\"potentialAction\":[{\"@type\":\"ReadAction\",\"target\":[\"https:\\\/\\\/www.mexicanguitarplayers.com\\\/tienda\\\/sin categor\u00eda\\\/bafle-turbosound-p-pa-mod-tvx152\\\/\"]}]},{\"@type\":\"ImageObject\",\"inLanguage\":\"en-US\",\"@id\":\"https:\\\/\\\/www.mexicanguitarplayers.com\\\/tienda\\\/sin categor\u00eda\\\/bafle-turbosound-p-pa-mod-tvx152\\\/#primaryimage\",\"url\":\"https:\\\/\\\/www.mexicanguitarplayers.com\\\/wp-content\\\/uploads\\\/2025\\\/04\\\/IATURTVX152.jpg\",\"contentUrl\":\"https:\\\/\\\/www.mexicanguitarplayers.com\\\/wp-content\\\/uploads\\\/2025\\\/04\\\/IATURTVX152.jpg\",\"width\":1200,\"height\":1200},{\"@type\":\"BreadcrumbList\",\"@id\":\"https:\\\/\\\/www.mexicanguitarplayers.com\\\/tienda\\\/sin categor\u00eda\\\/bafle-turbosound-p-pa-mod-tvx152\\\/#breadcrumb\",\"itemListElement\":[{\"@type\":\"ListItem\",\"position\":1,\"name\":\"Portada\",\"item\":\"https:\\\/\\\/www.mexicanguitarplayers.com\\\/\"},{\"@type\":\"ListItem\",\"position\":2,\"name\":\"Tienda\",\"item\":\"https:\\\/\\\/www.mexicanguitarplayers.com\\\/tienda\\\/\"},{\"@type\":\"ListItem\",\"position\":3,\"name\":\"BAFLE TURBOSOUND P\\\/PA MOD. TVX152\"}]},{\"@type\":\"WebSite\",\"@id\":\"https:\\\/\\\/www.mexicanguitarplayers.com\\\/#website\",\"url\":\"https:\\\/\\\/www.mexicanguitarplayers.com\\\/\",\"name\":\"Mexican Guitar Players\",\"description\":\"Website\",\"publisher\":{\"@id\":\"https:\\\/\\\/www.mexicanguitarplayers.com\\\/#organization\"},\"potentialAction\":[{\"@type\":\"SearchAction\",\"target\":{\"@type\":\"EntryPoint\",\"urlTemplate\":\"https:\\\/\\\/www.mexicanguitarplayers.com\\\/?s={search_term_string}\"},\"query-input\":{\"@type\":\"PropertyValueSpecification\",\"valueRequired\":true,\"valueName\":\"search_term_string\"}}],\"inLanguage\":\"en-US\"},{\"@type\":\"Organization\",\"@id\":\"https:\\\/\\\/www.mexicanguitarplayers.com\\\/#organization\",\"name\":\"Mexican Guitar Players\",\"url\":\"https:\\\/\\\/www.mexicanguitarplayers.com\\\/\",\"logo\":{\"@type\":\"ImageObject\",\"inLanguage\":\"en-US\",\"@id\":\"https:\\\/\\\/www.mexicanguitarplayers.com\\\/#\\\/schema\\\/logo\\\/image\\\/\",\"url\":\"\",\"contentUrl\":\"\",\"caption\":\"Mexican Guitar Players\"},\"image\":{\"@id\":\"https:\\\/\\\/www.mexicanguitarplayers.com\\\/#\\\/schema\\\/logo\\\/image\\\/\"}}]}<\/script>\n<!-- \/ Yoast SEO plugin. -->","yoast_head_json":{"title":"BAFLE TURBOSOUND P\/PA MOD. TVX152 - Mexican Guitar Players","description":"Bafle pasivo \/ biamplificado de 2 v\u00edas, woofer de 15\u201d pulgadas y driver de compresi\u00f3n de 1\u201d pulgada, impedancia: 8 ohms, respuesta de frecuencia a 3 dB: 60 Hz -20 kHz, a 10 dB: 50 Hz - 20 kHz, dispersi\u00f3n: 70 x 70, potencia en pasivo y biamplificado: 500W continuos, 2000W pico, sensibilidad: 97 dB, SPL m\u00e1ximo: 124 dB continuo, 130 dB pico, conectores: 2 Neutrik Speakon* NL4, dimensiones: 701 x 432x 470 mm, peso: 26.4 kg.","robots":{"index":"index","follow":"follow","max-snippet":"max-snippet:-1","max-image-preview":"max-image-preview:large","max-video-preview":"max-video-preview:-1"},"canonical":"https:\/\/www.mexicanguitarplayers.com\/en\/tienda\/sin categor\u00eda\/bafle-turbosound-p-pa-mod-tvx152\/","og_locale":"en_US","og_type":"article","og_title":"BAFLE TURBOSOUND P\/PA MOD. TVX152 - Mexican Guitar Players","og_description":"Bafle pasivo \/ biamplificado de 2 v\u00edas, woofer de 15\u201d pulgadas y driver de compresi\u00f3n de 1\u201d pulgada, impedancia: 8 ohms, respuesta de frecuencia a 3 dB: 60 Hz -20 kHz, a 10 dB: 50 Hz - 20 kHz, dispersi\u00f3n: 70 x 70, potencia en pasivo y biamplificado: 500W continuos, 2000W pico, sensibilidad: 97 dB, SPL m\u00e1ximo: 124 dB continuo, 130 dB pico, conectores: 2 Neutrik Speakon* NL4, dimensiones: 701 x 432x 470 mm, peso: 26.4 kg.","og_url":"https:\/\/www.mexicanguitarplayers.com\/en\/tienda\/sin categor\u00eda\/bafle-turbosound-p-pa-mod-tvx152\/","og_site_name":"Mexican Guitar Players","article_modified_time":"2026-02-18T13:16:26+00:00","twitter_card":"summary_large_image","twitter_misc":{"Est. reading time":"2 minutes"},"schema":{"@context":"https:\/\/schema.org","@graph":[{"@type":["WebPage","ItemPage"],"@id":"https:\/\/www.mexicanguitarplayers.com\/tienda\/sin categor\u00eda\/bafle-turbosound-p-pa-mod-tvx152\/","url":"https:\/\/www.mexicanguitarplayers.com\/tienda\/sin categor\u00eda\/bafle-turbosound-p-pa-mod-tvx152\/","name":"BAFLE TURBOSOUND P\/PA MOD. TVX152 - Mexican Guitar Players","isPartOf":{"@id":"https:\/\/www.mexicanguitarplayers.com\/#website"},"primaryImageOfPage":{"@id":"https:\/\/www.mexicanguitarplayers.com\/tienda\/sin categor\u00eda\/bafle-turbosound-p-pa-mod-tvx152\/#primaryimage"},"image":{"@id":"https:\/\/www.mexicanguitarplayers.com\/tienda\/sin categor\u00eda\/bafle-turbosound-p-pa-mod-tvx152\/#primaryimage"},"thumbnailUrl":"https:\/\/www.mexicanguitarplayers.com\/wp-content\/uploads\/2025\/04\/IATURTVX152.jpg","datePublished":"2025-04-08T16:23:17+00:00","dateModified":"2026-02-18T13:16:26+00:00","description":"Bafle pasivo \/ biamplificado de 2 v\u00edas, woofer de 15\u201d pulgadas y driver de compresi\u00f3n de 1\u201d pulgada, impedancia: 8 ohms, respuesta de frecuencia a 3 dB: 60 Hz -20 kHz, a 10 dB: 50 Hz - 20 kHz, dispersi\u00f3n: 70 x 70, potencia en pasivo y biamplificado: 500W continuos, 2000W pico, sensibilidad: 97 dB, SPL m\u00e1ximo: 124 dB continuo, 130 dB pico, conectores: 2 Neutrik Speakon* NL4, dimensiones: 701 x 432x 470 mm, peso: 26.4 kg.","breadcrumb":{"@id":"https:\/\/www.mexicanguitarplayers.com\/tienda\/sin categor\u00eda\/bafle-turbosound-p-pa-mod-tvx152\/#breadcrumb"},"inLanguage":"en-US","potentialAction":[{"@type":"ReadAction","target":["https:\/\/www.mexicanguitarplayers.com\/tienda\/sin categor\u00eda\/bafle-turbosound-p-pa-mod-tvx152\/"]}]},{"@type":"ImageObject","inLanguage":"en-US","@id":"https:\/\/www.mexicanguitarplayers.com\/tienda\/sin categor\u00eda\/bafle-turbosound-p-pa-mod-tvx152\/#primaryimage","url":"https:\/\/www.mexicanguitarplayers.com\/wp-content\/uploads\/2025\/04\/IATURTVX152.jpg","contentUrl":"https:\/\/www.mexicanguitarplayers.com\/wp-content\/uploads\/2025\/04\/IATURTVX152.jpg","width":1200,"height":1200},{"@type":"BreadcrumbList","@id":"https:\/\/www.mexicanguitarplayers.com\/tienda\/sin categor\u00eda\/bafle-turbosound-p-pa-mod-tvx152\/#breadcrumb","itemListElement":[{"@type":"ListItem","position":1,"name":"Portada","item":"https:\/\/www.mexicanguitarplayers.com\/"},{"@type":"ListItem","position":2,"name":"Tienda","item":"https:\/\/www.mexicanguitarplayers.com\/tienda\/"},{"@type":"ListItem","position":3,"name":"BAFLE TURBOSOUND P\/PA MOD. TVX152"}]},{"@type":"WebSite","@id":"https:\/\/www.mexicanguitarplayers.com\/#website","url":"https:\/\/www.mexicanguitarplayers.com\/","name":"Mexican Guitar Players","description":"Website","publisher":{"@id":"https:\/\/www.mexicanguitarplayers.com\/#organization"},"potentialAction":[{"@type":"SearchAction","target":{"@type":"EntryPoint","urlTemplate":"https:\/\/www.mexicanguitarplayers.com\/?s={search_term_string}"},"query-input":{"@type":"PropertyValueSpecification","valueRequired":true,"valueName":"search_term_string"}}],"inLanguage":"en-US"},{"@type":"Organization","@id":"https:\/\/www.mexicanguitarplayers.com\/#organization","name":"Mexican Guitar Players","url":"https:\/\/www.mexicanguitarplayers.com\/","logo":{"@type":"ImageObject","inLanguage":"en-US","@id":"https:\/\/www.mexicanguitarplayers.com\/#\/schema\/logo\/image\/","url":"","contentUrl":"","caption":"Mexican Guitar Players"},"image":{"@id":"https:\/\/www.mexicanguitarplayers.com\/#\/schema\/logo\/image\/"}}]}},"brands":[{"id":498,"name":"TURBO SOUND","slug":"turbosound"}],"_links":{"self":[{"href":"https:\/\/www.mexicanguitarplayers.com\/en\/wp-json\/wp\/v2\/product\/28900","targetHints":{"allow":["GET"]}}],"collection":[{"href":"https:\/\/www.mexicanguitarplayers.com\/en\/wp-json\/wp\/v2\/product"}],"about":[{"href":"https:\/\/www.mexicanguitarplayers.com\/en\/wp-json\/wp\/v2\/types\/product"}],"replies":[{"embeddable":true,"href":"https:\/\/www.mexicanguitarplayers.com\/en\/wp-json\/wp\/v2\/comments?post=28900"}],"wp:featuredmedia":[{"embeddable":true,"href":"https:\/\/www.mexicanguitarplayers.com\/en\/wp-json\/wp\/v2\/media\/28896"}],"wp:attachment":[{"href":"https:\/\/www.mexicanguitarplayers.com\/en\/wp-json\/wp\/v2\/media?parent=28900"}],"wp:term":[{"taxonomy":"pwb-brand","embeddable":true,"href":"https:\/\/www.mexicanguitarplayers.com\/en\/wp-json\/wp\/v2\/pwb-brand?post=28900"},{"taxonomy":"product_brand","embeddable":true,"href":"https:\/\/www.mexicanguitarplayers.com\/en\/wp-json\/wp\/v2\/product_brand?post=28900"},{"taxonomy":"product_cat","embeddable":true,"href":"https:\/\/www.mexicanguitarplayers.com\/en\/wp-json\/wp\/v2\/product_cat?post=28900"},{"taxonomy":"product_tag","embeddable":true,"href":"https:\/\/www.mexicanguitarplayers.com\/en\/wp-json\/wp\/v2\/product_tag?post=28900"}],"curies":[{"name":"wp","href":"https:\/\/api.w.org\/{rel}","templated":true}]}}