{"id":28958,"date":"2025-04-08T10:24:44","date_gmt":"2025-04-08T16:24:44","guid":{"rendered":"https:\/\/www.mexicanguitarplayers.com\/tienda\/sin categor\u00eda\/capodastro-planet-wave-mod-pw-cp-09\/"},"modified":"2026-05-01T07:26:17","modified_gmt":"2026-05-01T13:26:17","slug":"capodastro-planet-wave-mod-pw-cp-09","status":"publish","type":"product","link":"https:\/\/www.mexicanguitarplayers.com\/en\/tienda\/accesorios\/para-guitarras\/capodastros\/capodastro-planet-wave-mod-pw-cp-09\/","title":{"rendered":"CAPODASTRO PLANET WAVE MOD. PW-CP-09"},"content":{"rendered":"<div style=\"text-align: justify\">\n<div>\n<h3>El capodastro m\u00e1s fino.<\/h3>\n<\/div>\n<div>El capo NS Tri-Action en color negro garantiza una ejecuci\u00f3n sin zumbidos y afinada en todos los trastes. La geometr\u00eda Tri-Action con patente en tr\u00e1mite reduce la fuerza necesaria para abrir y cerrar el capo, y aplica tensi\u00f3n pareja independientemente del perfil del m\u00e1stil. Combinado con el ajuste de tensi\u00f3n y la presi\u00f3n horizontal directa del micr\u00f3metro, el capo Tri-Action pr\u00e1cticamente elimina el estiramiento de las cuerdas de lado a lado y la necesidad de volver a afinar el instrumento durante el uso. Adem\u00e1s, su estructura de aluminio liviano agrega muy poco peso al m\u00e1stil del instrumento. El capo posee un portap\u00faas integrado y est\u00e1 dise\u00f1ado por Ned Steinberger. Los productos Planet Waves prometen ser las herramientas para m\u00fasicos profesionales m\u00e1s innovadoras disponibles. Nuestra variada l\u00ednea de capos no es la excepci\u00f3n. Muchos de nuestros modelos innovadores son el resultado de un esfuerzo productivo conjunto entre el afamado dise\u00f1ador Ned Steinberger y Jim D\u2019Addario. Independientemente del estilo de capo que prefieras, Planet Waves tiene un capo para ti.<\/div>\n<div>\n<h4>Quick look<\/h4>\n<\/div>\n<ul style=\"margin: 0px 0px 0px 25px\">\n<li style=\"list-style-type: circle;margin: 5px\">Applications.<\/li>\n<li style=\"list-style-type: circle;margin: 5px\">Ajuste de tensi\u00f3n del micr\u00f3metro.<\/li>\n<li style=\"list-style-type: circle;margin: 5px\">Geometr\u00eda Tri-Action.<\/li>\n<li style=\"list-style-type: circle;margin: 5px\">Portap\u00faas integrado.<\/li>\n<\/ul>\n<div>\n<div style=\"font-weight: bold\">Applications.<\/div>\n<div>\n<p>Dise\u00f1ado para utilizar en guitarras el\u00e9ctricas y ac\u00fasticas de 6 cuerdas.<\/p>\n<\/div>\n<div style=\"font-weight: bold\">Ajuste de tensi\u00f3n del micr\u00f3metro.<\/div>\n<div>\n<p>Garantiza una ejecuci\u00f3n sin zumbidos y afinada en cada traste.<\/p>\n<\/div>\n<div style=\"font-weight: bold\">Geometr\u00eda Tri-Action.<\/div>\n<div>\n<p>F\u00e1cil de manejar con una sola mano y puede sujetarse del clavijero cuando no est\u00e1 en uso.<\/p>\n<\/div>\n<div style=\"font-weight: bold\">Portap\u00faas integrado.<\/div>\n<div>\n<p>Guarda tu p\u00faa de forma c\u00f3moda cuando punteas.<\/p>\n<\/div>\n<\/div>\n<div>\n<h4>Characteristics<\/h4>\n<\/div>\n<div>\n<ul style=\"margin: 0px 0px 0px 25px\">\n<li style=\"list-style-type: circle;margin: 5px\">Estructura de aluminio de calidad de aviaci\u00f3n.<\/li>\n<\/ul>\n<\/div>\n<\/div>","protected":false},"excerpt":{"rendered":"<p>Capo NS Tri-Action de Planet Waves, color negro, garantiza una ejecuci\u00f3n sin zumbidos y afinada en todos los trastes, geometr\u00eda Tri-Action con patente en tr\u00e1mite que reduce la fuerza necesaria para abrir y cerrar el capo, elimina el estiramiento de las cuerdas de lado a lado y la necesidad de volver a afinar el instrumento durante su uso, estructura de aluminio liviano, portap\u00faas integrado, dise\u00f1ado por Ned Steinberger.&hellip; <a class=\"kt-excerpt-readmore more-link\" href=\"https:\/\/www.mexicanguitarplayers.com\/en\/tienda\/accesorios\/para-guitarras\/capodastros\/capodastro-planet-wave-mod-pw-cp-09\/\">Read more<\/a><\/p>","protected":false},"featured_media":28953,"comment_status":"open","ping_status":"closed","template":"","meta":{"kt_blocks_editor_width":""},"pwb-brand":[604],"product_brand":[],"product_cat":[85,613,336],"product_tag":[],"class_list":{"0":"post-28958","1":"product","2":"type-product","3":"status-publish","4":"has-post-thumbnail","6":"pwb-brand-planet-waves","7":"product_cat-accesorios","8":"product_cat-capodastros","9":"product_cat-para-guitarras","10":"product_shipping_class-0-5-kg","12":"first","13":"instock","14":"taxable","15":"shipping-taxable","16":"purchasable","17":"product-type-simple"},"yoast_head":"<!-- This site is optimized with the Yoast SEO plugin v27.5 - https:\/\/yoast.com\/product\/yoast-seo-wordpress\/ -->\n<title>CAPODASTRO PLANET WAVE MOD. PW-CP-09 - Mexican Guitar Players<\/title>\n<meta name=\"description\" content=\"Capo NS Tri-Action de Planet Waves, color negro, garantiza una ejecuci\u00f3n sin zumbidos y afinada en todos los trastes, geometr\u00eda Tri-Action con patente en tr\u00e1mite que reduce la fuerza necesaria para abrir y cerrar el capo, elimina el estiramiento de las cuerdas de lado a lado y la necesidad de volver a afinar el instrumento durante su uso, estructura de aluminio liviano, portap\u00faas integrado, dise\u00f1ado por Ned Steinberger.\" \/>\n<meta name=\"robots\" content=\"index, follow, max-snippet:-1, max-image-preview:large, max-video-preview:-1\" \/>\n<link rel=\"canonical\" href=\"https:\/\/www.mexicanguitarplayers.com\/en\/tienda\/sin%20categor\u00eda\/capodastro-planet-wave-mod-pw-cp-09\/\" \/>\n<meta property=\"og:locale\" content=\"en_US\" \/>\n<meta property=\"og:type\" content=\"article\" \/>\n<meta property=\"og:title\" content=\"CAPODASTRO PLANET WAVE MOD. PW-CP-09 - Mexican Guitar Players\" \/>\n<meta property=\"og:description\" content=\"Capo NS Tri-Action de Planet Waves, color negro, garantiza una ejecuci\u00f3n sin zumbidos y afinada en todos los trastes, geometr\u00eda Tri-Action con patente en tr\u00e1mite que reduce la fuerza necesaria para abrir y cerrar el capo, elimina el estiramiento de las cuerdas de lado a lado y la necesidad de volver a afinar el instrumento durante su uso, estructura de aluminio liviano, portap\u00faas integrado, dise\u00f1ado por Ned Steinberger.\" \/>\n<meta property=\"og:url\" content=\"https:\/\/www.mexicanguitarplayers.com\/en\/tienda\/sin categor\u00eda\/capodastro-planet-wave-mod-pw-cp-09\/\" \/>\n<meta property=\"og:site_name\" content=\"Mexican Guitar Players\" \/>\n<meta property=\"article:modified_time\" content=\"2026-05-01T13:26:17+00:00\" \/>\n<meta name=\"twitter:card\" content=\"summary_large_image\" \/>\n<meta name=\"twitter:label1\" content=\"Est. reading time\" \/>\n\t<meta name=\"twitter:data1\" content=\"1 minute\" \/>\n<script type=\"application\/ld+json\" class=\"yoast-schema-graph\">{\"@context\":\"https:\\\/\\\/schema.org\",\"@graph\":[{\"@type\":[\"WebPage\",\"ItemPage\"],\"@id\":\"https:\\\/\\\/www.mexicanguitarplayers.com\\\/tienda\\\/sin categor\u00eda\\\/capodastro-planet-wave-mod-pw-cp-09\\\/\",\"url\":\"https:\\\/\\\/www.mexicanguitarplayers.com\\\/tienda\\\/sin categor\u00eda\\\/capodastro-planet-wave-mod-pw-cp-09\\\/\",\"name\":\"CAPODASTRO PLANET WAVE MOD. PW-CP-09 - Mexican Guitar Players\",\"isPartOf\":{\"@id\":\"https:\\\/\\\/www.mexicanguitarplayers.com\\\/#website\"},\"primaryImageOfPage\":{\"@id\":\"https:\\\/\\\/www.mexicanguitarplayers.com\\\/tienda\\\/sin categor\u00eda\\\/capodastro-planet-wave-mod-pw-cp-09\\\/#primaryimage\"},\"image\":{\"@id\":\"https:\\\/\\\/www.mexicanguitarplayers.com\\\/tienda\\\/sin categor\u00eda\\\/capodastro-planet-wave-mod-pw-cp-09\\\/#primaryimage\"},\"thumbnailUrl\":\"https:\\\/\\\/www.mexicanguitarplayers.com\\\/wp-content\\\/uploads\\\/2025\\\/04\\\/RAPWAPWCP09.jpg\",\"datePublished\":\"2025-04-08T16:24:44+00:00\",\"dateModified\":\"2026-05-01T13:26:17+00:00\",\"description\":\"Capo NS Tri-Action de Planet Waves, color negro, garantiza una ejecuci\u00f3n sin zumbidos y afinada en todos los trastes, geometr\u00eda Tri-Action con patente en tr\u00e1mite que reduce la fuerza necesaria para abrir y cerrar el capo, elimina el estiramiento de las cuerdas de lado a lado y la necesidad de volver a afinar el instrumento durante su uso, estructura de aluminio liviano, portap\u00faas integrado, dise\u00f1ado por Ned Steinberger.\",\"breadcrumb\":{\"@id\":\"https:\\\/\\\/www.mexicanguitarplayers.com\\\/tienda\\\/sin categor\u00eda\\\/capodastro-planet-wave-mod-pw-cp-09\\\/#breadcrumb\"},\"inLanguage\":\"en-US\",\"potentialAction\":[{\"@type\":\"ReadAction\",\"target\":[\"https:\\\/\\\/www.mexicanguitarplayers.com\\\/tienda\\\/sin categor\u00eda\\\/capodastro-planet-wave-mod-pw-cp-09\\\/\"]}]},{\"@type\":\"ImageObject\",\"inLanguage\":\"en-US\",\"@id\":\"https:\\\/\\\/www.mexicanguitarplayers.com\\\/tienda\\\/sin categor\u00eda\\\/capodastro-planet-wave-mod-pw-cp-09\\\/#primaryimage\",\"url\":\"https:\\\/\\\/www.mexicanguitarplayers.com\\\/wp-content\\\/uploads\\\/2025\\\/04\\\/RAPWAPWCP09.jpg\",\"contentUrl\":\"https:\\\/\\\/www.mexicanguitarplayers.com\\\/wp-content\\\/uploads\\\/2025\\\/04\\\/RAPWAPWCP09.jpg\",\"width\":1200,\"height\":1200},{\"@type\":\"BreadcrumbList\",\"@id\":\"https:\\\/\\\/www.mexicanguitarplayers.com\\\/tienda\\\/sin categor\u00eda\\\/capodastro-planet-wave-mod-pw-cp-09\\\/#breadcrumb\",\"itemListElement\":[{\"@type\":\"ListItem\",\"position\":1,\"name\":\"Portada\",\"item\":\"https:\\\/\\\/www.mexicanguitarplayers.com\\\/\"},{\"@type\":\"ListItem\",\"position\":2,\"name\":\"Tienda\",\"item\":\"https:\\\/\\\/www.mexicanguitarplayers.com\\\/tienda\\\/\"},{\"@type\":\"ListItem\",\"position\":3,\"name\":\"CAPODASTRO PLANET WAVE MOD. PW-CP-09\"}]},{\"@type\":\"WebSite\",\"@id\":\"https:\\\/\\\/www.mexicanguitarplayers.com\\\/#website\",\"url\":\"https:\\\/\\\/www.mexicanguitarplayers.com\\\/\",\"name\":\"Mexican Guitar Players\",\"description\":\"Website\",\"publisher\":{\"@id\":\"https:\\\/\\\/www.mexicanguitarplayers.com\\\/#organization\"},\"potentialAction\":[{\"@type\":\"SearchAction\",\"target\":{\"@type\":\"EntryPoint\",\"urlTemplate\":\"https:\\\/\\\/www.mexicanguitarplayers.com\\\/?s={search_term_string}\"},\"query-input\":{\"@type\":\"PropertyValueSpecification\",\"valueRequired\":true,\"valueName\":\"search_term_string\"}}],\"inLanguage\":\"en-US\"},{\"@type\":\"Organization\",\"@id\":\"https:\\\/\\\/www.mexicanguitarplayers.com\\\/#organization\",\"name\":\"Mexican Guitar Players\",\"url\":\"https:\\\/\\\/www.mexicanguitarplayers.com\\\/\",\"logo\":{\"@type\":\"ImageObject\",\"inLanguage\":\"en-US\",\"@id\":\"https:\\\/\\\/www.mexicanguitarplayers.com\\\/#\\\/schema\\\/logo\\\/image\\\/\",\"url\":\"\",\"contentUrl\":\"\",\"caption\":\"Mexican Guitar Players\"},\"image\":{\"@id\":\"https:\\\/\\\/www.mexicanguitarplayers.com\\\/#\\\/schema\\\/logo\\\/image\\\/\"}}]}<\/script>\n<!-- \/ Yoast SEO plugin. -->","yoast_head_json":{"title":"CAPODASTRO PLANET WAVE MOD. PW-CP-09 - Mexican Guitar Players","description":"Capo NS Tri-Action de Planet Waves, color negro, garantiza una ejecuci\u00f3n sin zumbidos y afinada en todos los trastes, geometr\u00eda Tri-Action con patente en tr\u00e1mite que reduce la fuerza necesaria para abrir y cerrar el capo, elimina el estiramiento de las cuerdas de lado a lado y la necesidad de volver a afinar el instrumento durante su uso, estructura de aluminio liviano, portap\u00faas integrado, dise\u00f1ado por Ned Steinberger.","robots":{"index":"index","follow":"follow","max-snippet":"max-snippet:-1","max-image-preview":"max-image-preview:large","max-video-preview":"max-video-preview:-1"},"canonical":"https:\/\/www.mexicanguitarplayers.com\/en\/tienda\/sin categor\u00eda\/capodastro-planet-wave-mod-pw-cp-09\/","og_locale":"en_US","og_type":"article","og_title":"CAPODASTRO PLANET WAVE MOD. PW-CP-09 - Mexican Guitar Players","og_description":"Capo NS Tri-Action de Planet Waves, color negro, garantiza una ejecuci\u00f3n sin zumbidos y afinada en todos los trastes, geometr\u00eda Tri-Action con patente en tr\u00e1mite que reduce la fuerza necesaria para abrir y cerrar el capo, elimina el estiramiento de las cuerdas de lado a lado y la necesidad de volver a afinar el instrumento durante su uso, estructura de aluminio liviano, portap\u00faas integrado, dise\u00f1ado por Ned Steinberger.","og_url":"https:\/\/www.mexicanguitarplayers.com\/en\/tienda\/sin categor\u00eda\/capodastro-planet-wave-mod-pw-cp-09\/","og_site_name":"Mexican Guitar Players","article_modified_time":"2026-05-01T13:26:17+00:00","twitter_card":"summary_large_image","twitter_misc":{"Est. reading time":"1 minute"},"schema":{"@context":"https:\/\/schema.org","@graph":[{"@type":["WebPage","ItemPage"],"@id":"https:\/\/www.mexicanguitarplayers.com\/tienda\/sin categor\u00eda\/capodastro-planet-wave-mod-pw-cp-09\/","url":"https:\/\/www.mexicanguitarplayers.com\/tienda\/sin categor\u00eda\/capodastro-planet-wave-mod-pw-cp-09\/","name":"CAPODASTRO PLANET WAVE MOD. PW-CP-09 - Mexican Guitar Players","isPartOf":{"@id":"https:\/\/www.mexicanguitarplayers.com\/#website"},"primaryImageOfPage":{"@id":"https:\/\/www.mexicanguitarplayers.com\/tienda\/sin categor\u00eda\/capodastro-planet-wave-mod-pw-cp-09\/#primaryimage"},"image":{"@id":"https:\/\/www.mexicanguitarplayers.com\/tienda\/sin categor\u00eda\/capodastro-planet-wave-mod-pw-cp-09\/#primaryimage"},"thumbnailUrl":"https:\/\/www.mexicanguitarplayers.com\/wp-content\/uploads\/2025\/04\/RAPWAPWCP09.jpg","datePublished":"2025-04-08T16:24:44+00:00","dateModified":"2026-05-01T13:26:17+00:00","description":"Capo NS Tri-Action de Planet Waves, color negro, garantiza una ejecuci\u00f3n sin zumbidos y afinada en todos los trastes, geometr\u00eda Tri-Action con patente en tr\u00e1mite que reduce la fuerza necesaria para abrir y cerrar el capo, elimina el estiramiento de las cuerdas de lado a lado y la necesidad de volver a afinar el instrumento durante su uso, estructura de aluminio liviano, portap\u00faas integrado, dise\u00f1ado por Ned Steinberger.","breadcrumb":{"@id":"https:\/\/www.mexicanguitarplayers.com\/tienda\/sin categor\u00eda\/capodastro-planet-wave-mod-pw-cp-09\/#breadcrumb"},"inLanguage":"en-US","potentialAction":[{"@type":"ReadAction","target":["https:\/\/www.mexicanguitarplayers.com\/tienda\/sin categor\u00eda\/capodastro-planet-wave-mod-pw-cp-09\/"]}]},{"@type":"ImageObject","inLanguage":"en-US","@id":"https:\/\/www.mexicanguitarplayers.com\/tienda\/sin categor\u00eda\/capodastro-planet-wave-mod-pw-cp-09\/#primaryimage","url":"https:\/\/www.mexicanguitarplayers.com\/wp-content\/uploads\/2025\/04\/RAPWAPWCP09.jpg","contentUrl":"https:\/\/www.mexicanguitarplayers.com\/wp-content\/uploads\/2025\/04\/RAPWAPWCP09.jpg","width":1200,"height":1200},{"@type":"BreadcrumbList","@id":"https:\/\/www.mexicanguitarplayers.com\/tienda\/sin categor\u00eda\/capodastro-planet-wave-mod-pw-cp-09\/#breadcrumb","itemListElement":[{"@type":"ListItem","position":1,"name":"Portada","item":"https:\/\/www.mexicanguitarplayers.com\/"},{"@type":"ListItem","position":2,"name":"Tienda","item":"https:\/\/www.mexicanguitarplayers.com\/tienda\/"},{"@type":"ListItem","position":3,"name":"CAPODASTRO PLANET WAVE MOD. PW-CP-09"}]},{"@type":"WebSite","@id":"https:\/\/www.mexicanguitarplayers.com\/#website","url":"https:\/\/www.mexicanguitarplayers.com\/","name":"Mexican Guitar Players","description":"Website","publisher":{"@id":"https:\/\/www.mexicanguitarplayers.com\/#organization"},"potentialAction":[{"@type":"SearchAction","target":{"@type":"EntryPoint","urlTemplate":"https:\/\/www.mexicanguitarplayers.com\/?s={search_term_string}"},"query-input":{"@type":"PropertyValueSpecification","valueRequired":true,"valueName":"search_term_string"}}],"inLanguage":"en-US"},{"@type":"Organization","@id":"https:\/\/www.mexicanguitarplayers.com\/#organization","name":"Mexican Guitar Players","url":"https:\/\/www.mexicanguitarplayers.com\/","logo":{"@type":"ImageObject","inLanguage":"en-US","@id":"https:\/\/www.mexicanguitarplayers.com\/#\/schema\/logo\/image\/","url":"","contentUrl":"","caption":"Mexican Guitar Players"},"image":{"@id":"https:\/\/www.mexicanguitarplayers.com\/#\/schema\/logo\/image\/"}}]}},"brands":[{"id":604,"name":"PLANET WAVES","slug":"planet-waves"}],"_links":{"self":[{"href":"https:\/\/www.mexicanguitarplayers.com\/en\/wp-json\/wp\/v2\/product\/28958","targetHints":{"allow":["GET"]}}],"collection":[{"href":"https:\/\/www.mexicanguitarplayers.com\/en\/wp-json\/wp\/v2\/product"}],"about":[{"href":"https:\/\/www.mexicanguitarplayers.com\/en\/wp-json\/wp\/v2\/types\/product"}],"replies":[{"embeddable":true,"href":"https:\/\/www.mexicanguitarplayers.com\/en\/wp-json\/wp\/v2\/comments?post=28958"}],"wp:featuredmedia":[{"embeddable":true,"href":"https:\/\/www.mexicanguitarplayers.com\/en\/wp-json\/wp\/v2\/media\/28953"}],"wp:attachment":[{"href":"https:\/\/www.mexicanguitarplayers.com\/en\/wp-json\/wp\/v2\/media?parent=28958"}],"wp:term":[{"taxonomy":"pwb-brand","embeddable":true,"href":"https:\/\/www.mexicanguitarplayers.com\/en\/wp-json\/wp\/v2\/pwb-brand?post=28958"},{"taxonomy":"product_brand","embeddable":true,"href":"https:\/\/www.mexicanguitarplayers.com\/en\/wp-json\/wp\/v2\/product_brand?post=28958"},{"taxonomy":"product_cat","embeddable":true,"href":"https:\/\/www.mexicanguitarplayers.com\/en\/wp-json\/wp\/v2\/product_cat?post=28958"},{"taxonomy":"product_tag","embeddable":true,"href":"https:\/\/www.mexicanguitarplayers.com\/en\/wp-json\/wp\/v2\/product_tag?post=28958"}],"curies":[{"name":"wp","href":"https:\/\/api.w.org\/{rel}","templated":true}]}}