{"id":28979,"date":"2025-04-08T10:25:14","date_gmt":"2025-04-08T16:25:14","guid":{"rendered":"https:\/\/www.mexicanguitarplayers.com\/tienda\/sin categor\u00eda\/conga-meinl-11-3-4-mod-dgr1134cw\/"},"modified":"2026-01-17T04:46:36","modified_gmt":"2026-01-17T10:46:36","slug":"conga-meinl-11-3-4-mod-dgr1134cw","status":"publish","type":"product","link":"https:\/\/www.mexicanguitarplayers.com\/en\/tienda\/accesorios\/para-percusion\/parches-para-percusion\/congas-parches-para-percusion\/conga-meinl-11-3-4-mod-dgr1134cw\/","title":{"rendered":"CONGA MEINL 11 3\/4   MOD. DGR1134CW"},"content":{"rendered":"<div style=\"text-align: justify\">\n<div>\n<h3>Con el sonido de Gal\u00e9.<\/h3>\n<\/div>\n<div>El productor, compositor e instrumentista nominado al Grammy Diego Gal\u00e9 ha dedicado su vida art\u00edstica al conocimiento de la m\u00fasica afrocubana para integrarla con su forma especial de crear m\u00fasica con sabor. Las congas y bongos de la serie Diego Gal\u00e9 Percussion Artist de Meinl son justo lo que Diego necesita en t\u00e9rminos de comodidad, apariencia y sonido. Diego comenz\u00f3 a tocar a una edad temprana los bongos y luego agreg\u00f3 las congas. Quer\u00eda que sus modelos caracter\u00edsticos fueran de madera debido a su sonido cl\u00e1sico y original que representa las ra\u00edces de su viaje musical. Hechas con madera de chamchurri y equipadas con herrajes con terminado en n\u00edquel cepillado, las carcasas tienen un aspecto impresionante y \u00fanico. Su sonido es rico y din\u00e1mico, lleno de agudos y graves c\u00e1lidos tanto para estudio como para situaciones en vivo. Las congas tienen la cl\u00e1sica forma de Meinl en la carcasa y vienen en dos versiones, con parches  de piel de b\u00fafalo o parches Remo Fiberskyn Symmetry. Los bongos tambi\u00e9n vienen en con dos tipos de parches, naturales o sint\u00e9ticos.<\/div>\n<div>\n<h4>Quick look<\/h4>\n<\/div>\n<ul style=\"margin: 0px 0px 0px 25px\">\n<li style=\"list-style-type: circle;margin: 5px\">Characteristics.<\/li>\n<li style=\"list-style-type: circle;margin: 5px\">Weight.<\/li>\n<li style=\"list-style-type: circle;margin: 5px\">Lugs.<\/li>\n<li style=\"list-style-type: circle;margin: 5px\">Aros.<\/li>\n<li style=\"list-style-type: circle;margin: 5px\">Di\u00e1metro.<\/li>\n<li style=\"list-style-type: circle;margin: 5px\">Altura.<\/li>\n<li style=\"list-style-type: circle;margin: 5px\">Accessories included.<\/li>\n<li style=\"list-style-type: circle;margin: 5px\">Material.<\/li>\n<li style=\"list-style-type: circle;margin: 5px\">Color.<\/li>\n<li style=\"list-style-type: circle;margin: 5px\">Terminado.<\/li>\n<li style=\"list-style-type: circle;margin: 5px\">Hardware.<\/li>\n<\/ul>\n<div>\n<div style=\"font-weight: bold\">Characteristics.<\/div>\n<div>\n<p>Forma de conga cl\u00e1sica Meinl. Parche sint\u00e9tico Remo Fiberskyn Symmetry. Gran equilibrio de peso y  proyecci\u00f3n de sonido.<\/p>\n<\/div>\n<div style=\"font-weight: bold\">Weight.<\/div>\n<div>\n<p>12.6 kg.<\/p>\n<\/div>\n<div style=\"font-weight: bold\">Lugs.<\/div>\n<div>\n<p>Lugs de afinaci\u00f3n de 10 mm.<\/p>\n<\/div>\n<div style=\"font-weight: bold\">Aros.<\/div>\n<div>\n<p>SSR redondeados de 4 mm.<\/p>\n<\/div>\n<div style=\"font-weight: bold\">Di\u00e1metro.<\/div>\n<div>\n<p>11.75&#8243; pulgadas.<\/p>\n<\/div>\n<div style=\"font-weight: bold\">Altura.<\/div>\n<div>\n<p>30&#8243; pulgadas.<\/p>\n<\/div>\n<div style=\"font-weight: bold\">Accessories included.<\/div>\n<div>\n<p>MEINL Conga Saver. MEINL Soundpads. Bolsa de accesorios. Llave de afinaci\u00f3n en forma de L. Bote de aceite.<\/p>\n<\/div>\n<div style=\"font-weight: bold\">Material.<\/div>\n<div>\n<p>Dos capas de madera chamchuri.<\/p>\n<\/div>\n<div style=\"font-weight: bold\">Color.<\/div>\n<div>\n<p>Natural<\/p>\n<\/div>\n<div style=\"font-weight: bold\">Terminado.<\/div>\n<div>\n<p>Alto brillo.<\/p>\n<\/div>\n<div style=\"font-weight: bold\">Hardware.<\/div>\n<div>\n<p>Niquelado cepillado.<\/p>\n<\/div>\n<\/div>\n<\/div>","protected":false},"excerpt":{"rendered":"<p>Conga Diego Gal\u00e9 artist Series, di\u00e1metro de 11 3\/4\u201d pulgadas, forma cl\u00e1sica de conga Meinl, parche sint\u00e9tico Remo Fiberskyn Symmetry, buen equilibrio de peso y proyecci\u00f3n de sonido, peso: 12.6 kg, resistentes lugs de afinaci\u00f3n de 10 mm, aros SSR redondeados de 4 mm, altura: 30\u201d pulgadas, fabricado con madera chamchurri, color natural, terminado al alto brillo, hardware niquelado cepillado, incluye conga saver, soundpads, bolsa de accesorios, llave de afinaci\u00f3n en forma de L y bote de aceite.&hellip; <a class=\"kt-excerpt-readmore more-link\" href=\"https:\/\/www.mexicanguitarplayers.com\/en\/tienda\/accesorios\/para-percusion\/parches-para-percusion\/congas-parches-para-percusion\/conga-meinl-11-3-4-mod-dgr1134cw\/\">Read more<\/a><\/p>","protected":false},"featured_media":28975,"comment_status":"open","ping_status":"closed","template":"","meta":{"kt_blocks_editor_width":""},"pwb-brand":[290],"product_brand":[],"product_cat":[438,208,267],"product_tag":[],"class_list":{"0":"post-28979","1":"product","2":"type-product","3":"status-publish","4":"has-post-thumbnail","6":"pwb-brand-meinl","7":"product_cat-congas-parches-para-percusion","8":"product_cat-percusiones","9":"product_cat-percusiones-mayores","10":"product_shipping_class-15-20-kg","12":"first","13":"outofstock","14":"taxable","15":"shipping-taxable","16":"purchasable","17":"product-type-simple"},"yoast_head":"<!-- This site is optimized with the Yoast SEO plugin v27.3 - https:\/\/yoast.com\/product\/yoast-seo-wordpress\/ -->\n<title>CONGA MEINL 11 3\/4  MOD. DGR1134CW - Mexican Guitar Players<\/title>\n<meta name=\"description\" content=\"Conga Diego Gal\u00e9 artist Series, di\u00e1metro de 11 3\/4\u201d pulgadas, forma cl\u00e1sica de conga Meinl, parche sint\u00e9tico Remo Fiberskyn Symmetry, buen equilibrio de peso y proyecci\u00f3n de sonido, peso: 12.6 kg, resistentes lugs de afinaci\u00f3n de 10 mm, aros SSR redondeados de 4 mm, altura: 30\u201d pulgadas, fabricado con madera chamchurri, color natural, terminado al alto brillo, hardware niquelado cepillado, incluye conga saver, soundpads, bolsa de accesorios, llave de afinaci\u00f3n en forma de L y bote de aceite.\" \/>\n<meta name=\"robots\" content=\"index, follow, max-snippet:-1, max-image-preview:large, max-video-preview:-1\" \/>\n<link rel=\"canonical\" href=\"https:\/\/www.mexicanguitarplayers.com\/en\/tienda\/sin%20categor\u00eda\/conga-meinl-11-3-4-mod-dgr1134cw\/\" \/>\n<meta property=\"og:locale\" content=\"en_US\" \/>\n<meta property=\"og:type\" content=\"article\" \/>\n<meta property=\"og:title\" content=\"CONGA MEINL 11 3\/4  MOD. DGR1134CW - Mexican Guitar Players\" \/>\n<meta property=\"og:description\" content=\"Conga Diego Gal\u00e9 artist Series, di\u00e1metro de 11 3\/4\u201d pulgadas, forma cl\u00e1sica de conga Meinl, parche sint\u00e9tico Remo Fiberskyn Symmetry, buen equilibrio de peso y proyecci\u00f3n de sonido, peso: 12.6 kg, resistentes lugs de afinaci\u00f3n de 10 mm, aros SSR redondeados de 4 mm, altura: 30\u201d pulgadas, fabricado con madera chamchurri, color natural, terminado al alto brillo, hardware niquelado cepillado, incluye conga saver, soundpads, bolsa de accesorios, llave de afinaci\u00f3n en forma de L y bote de aceite.\" \/>\n<meta property=\"og:url\" content=\"https:\/\/www.mexicanguitarplayers.com\/en\/tienda\/sin categor\u00eda\/conga-meinl-11-3-4-mod-dgr1134cw\/\" \/>\n<meta property=\"og:site_name\" content=\"Mexican Guitar Players\" \/>\n<meta property=\"article:modified_time\" content=\"2026-01-17T10:46:36+00:00\" \/>\n<meta name=\"twitter:card\" content=\"summary_large_image\" \/>\n<meta name=\"twitter:label1\" content=\"Est. reading time\" \/>\n\t<meta name=\"twitter:data1\" content=\"1 minute\" \/>\n<script type=\"application\/ld+json\" class=\"yoast-schema-graph\">{\"@context\":\"https:\\\/\\\/schema.org\",\"@graph\":[{\"@type\":[\"WebPage\",\"ItemPage\"],\"@id\":\"https:\\\/\\\/www.mexicanguitarplayers.com\\\/tienda\\\/sin categor\u00eda\\\/conga-meinl-11-3-4-mod-dgr1134cw\\\/\",\"url\":\"https:\\\/\\\/www.mexicanguitarplayers.com\\\/tienda\\\/sin categor\u00eda\\\/conga-meinl-11-3-4-mod-dgr1134cw\\\/\",\"name\":\"CONGA MEINL 11 3\\\/4 MOD. DGR1134CW - Mexican Guitar Players\",\"isPartOf\":{\"@id\":\"https:\\\/\\\/www.mexicanguitarplayers.com\\\/#website\"},\"primaryImageOfPage\":{\"@id\":\"https:\\\/\\\/www.mexicanguitarplayers.com\\\/tienda\\\/sin categor\u00eda\\\/conga-meinl-11-3-4-mod-dgr1134cw\\\/#primaryimage\"},\"image\":{\"@id\":\"https:\\\/\\\/www.mexicanguitarplayers.com\\\/tienda\\\/sin categor\u00eda\\\/conga-meinl-11-3-4-mod-dgr1134cw\\\/#primaryimage\"},\"thumbnailUrl\":\"https:\\\/\\\/www.mexicanguitarplayers.com\\\/wp-content\\\/uploads\\\/2025\\\/04\\\/IPMEIDGR1134CW.jpg\",\"datePublished\":\"2025-04-08T16:25:14+00:00\",\"dateModified\":\"2026-01-17T10:46:36+00:00\",\"description\":\"Conga Diego Gal\u00e9 artist Series, di\u00e1metro de 11 3\\\/4\u201d pulgadas, forma cl\u00e1sica de conga Meinl, parche sint\u00e9tico Remo Fiberskyn Symmetry, buen equilibrio de peso y proyecci\u00f3n de sonido, peso: 12.6 kg, resistentes lugs de afinaci\u00f3n de 10 mm, aros SSR redondeados de 4 mm, altura: 30\u201d pulgadas, fabricado con madera chamchurri, color natural, terminado al alto brillo, hardware niquelado cepillado, incluye conga saver, soundpads, bolsa de accesorios, llave de afinaci\u00f3n en forma de L y bote de aceite.\",\"breadcrumb\":{\"@id\":\"https:\\\/\\\/www.mexicanguitarplayers.com\\\/tienda\\\/sin categor\u00eda\\\/conga-meinl-11-3-4-mod-dgr1134cw\\\/#breadcrumb\"},\"inLanguage\":\"en-US\",\"potentialAction\":[{\"@type\":\"ReadAction\",\"target\":[\"https:\\\/\\\/www.mexicanguitarplayers.com\\\/tienda\\\/sin categor\u00eda\\\/conga-meinl-11-3-4-mod-dgr1134cw\\\/\"]}]},{\"@type\":\"ImageObject\",\"inLanguage\":\"en-US\",\"@id\":\"https:\\\/\\\/www.mexicanguitarplayers.com\\\/tienda\\\/sin categor\u00eda\\\/conga-meinl-11-3-4-mod-dgr1134cw\\\/#primaryimage\",\"url\":\"https:\\\/\\\/www.mexicanguitarplayers.com\\\/wp-content\\\/uploads\\\/2025\\\/04\\\/IPMEIDGR1134CW.jpg\",\"contentUrl\":\"https:\\\/\\\/www.mexicanguitarplayers.com\\\/wp-content\\\/uploads\\\/2025\\\/04\\\/IPMEIDGR1134CW.jpg\",\"width\":1200,\"height\":1200},{\"@type\":\"BreadcrumbList\",\"@id\":\"https:\\\/\\\/www.mexicanguitarplayers.com\\\/tienda\\\/sin categor\u00eda\\\/conga-meinl-11-3-4-mod-dgr1134cw\\\/#breadcrumb\",\"itemListElement\":[{\"@type\":\"ListItem\",\"position\":1,\"name\":\"Portada\",\"item\":\"https:\\\/\\\/www.mexicanguitarplayers.com\\\/\"},{\"@type\":\"ListItem\",\"position\":2,\"name\":\"Tienda\",\"item\":\"https:\\\/\\\/www.mexicanguitarplayers.com\\\/tienda\\\/\"},{\"@type\":\"ListItem\",\"position\":3,\"name\":\"CONGA MEINL 11 3\\\/4 MOD. DGR1134CW\"}]},{\"@type\":\"WebSite\",\"@id\":\"https:\\\/\\\/www.mexicanguitarplayers.com\\\/#website\",\"url\":\"https:\\\/\\\/www.mexicanguitarplayers.com\\\/\",\"name\":\"Mexican Guitar Players\",\"description\":\"Website\",\"publisher\":{\"@id\":\"https:\\\/\\\/www.mexicanguitarplayers.com\\\/#organization\"},\"potentialAction\":[{\"@type\":\"SearchAction\",\"target\":{\"@type\":\"EntryPoint\",\"urlTemplate\":\"https:\\\/\\\/www.mexicanguitarplayers.com\\\/?s={search_term_string}\"},\"query-input\":{\"@type\":\"PropertyValueSpecification\",\"valueRequired\":true,\"valueName\":\"search_term_string\"}}],\"inLanguage\":\"en-US\"},{\"@type\":\"Organization\",\"@id\":\"https:\\\/\\\/www.mexicanguitarplayers.com\\\/#organization\",\"name\":\"Mexican Guitar Players\",\"url\":\"https:\\\/\\\/www.mexicanguitarplayers.com\\\/\",\"logo\":{\"@type\":\"ImageObject\",\"inLanguage\":\"en-US\",\"@id\":\"https:\\\/\\\/www.mexicanguitarplayers.com\\\/#\\\/schema\\\/logo\\\/image\\\/\",\"url\":\"\",\"contentUrl\":\"\",\"caption\":\"Mexican Guitar Players\"},\"image\":{\"@id\":\"https:\\\/\\\/www.mexicanguitarplayers.com\\\/#\\\/schema\\\/logo\\\/image\\\/\"}}]}<\/script>\n<!-- \/ Yoast SEO plugin. -->","yoast_head_json":{"title":"CONGA MEINL 11 3\/4  MOD. DGR1134CW - Mexican Guitar Players","description":"Conga Diego Gal\u00e9 artist Series, di\u00e1metro de 11 3\/4\u201d pulgadas, forma cl\u00e1sica de conga Meinl, parche sint\u00e9tico Remo Fiberskyn Symmetry, buen equilibrio de peso y proyecci\u00f3n de sonido, peso: 12.6 kg, resistentes lugs de afinaci\u00f3n de 10 mm, aros SSR redondeados de 4 mm, altura: 30\u201d pulgadas, fabricado con madera chamchurri, color natural, terminado al alto brillo, hardware niquelado cepillado, incluye conga saver, soundpads, bolsa de accesorios, llave de afinaci\u00f3n en forma de L y bote de aceite.","robots":{"index":"index","follow":"follow","max-snippet":"max-snippet:-1","max-image-preview":"max-image-preview:large","max-video-preview":"max-video-preview:-1"},"canonical":"https:\/\/www.mexicanguitarplayers.com\/en\/tienda\/sin categor\u00eda\/conga-meinl-11-3-4-mod-dgr1134cw\/","og_locale":"en_US","og_type":"article","og_title":"CONGA MEINL 11 3\/4  MOD. DGR1134CW - Mexican Guitar Players","og_description":"Conga Diego Gal\u00e9 artist Series, di\u00e1metro de 11 3\/4\u201d pulgadas, forma cl\u00e1sica de conga Meinl, parche sint\u00e9tico Remo Fiberskyn Symmetry, buen equilibrio de peso y proyecci\u00f3n de sonido, peso: 12.6 kg, resistentes lugs de afinaci\u00f3n de 10 mm, aros SSR redondeados de 4 mm, altura: 30\u201d pulgadas, fabricado con madera chamchurri, color natural, terminado al alto brillo, hardware niquelado cepillado, incluye conga saver, soundpads, bolsa de accesorios, llave de afinaci\u00f3n en forma de L y bote de aceite.","og_url":"https:\/\/www.mexicanguitarplayers.com\/en\/tienda\/sin categor\u00eda\/conga-meinl-11-3-4-mod-dgr1134cw\/","og_site_name":"Mexican Guitar Players","article_modified_time":"2026-01-17T10:46:36+00:00","twitter_card":"summary_large_image","twitter_misc":{"Est. reading time":"1 minute"},"schema":{"@context":"https:\/\/schema.org","@graph":[{"@type":["WebPage","ItemPage"],"@id":"https:\/\/www.mexicanguitarplayers.com\/tienda\/sin categor\u00eda\/conga-meinl-11-3-4-mod-dgr1134cw\/","url":"https:\/\/www.mexicanguitarplayers.com\/tienda\/sin categor\u00eda\/conga-meinl-11-3-4-mod-dgr1134cw\/","name":"CONGA MEINL 11 3\/4 MOD. DGR1134CW - Mexican Guitar Players","isPartOf":{"@id":"https:\/\/www.mexicanguitarplayers.com\/#website"},"primaryImageOfPage":{"@id":"https:\/\/www.mexicanguitarplayers.com\/tienda\/sin categor\u00eda\/conga-meinl-11-3-4-mod-dgr1134cw\/#primaryimage"},"image":{"@id":"https:\/\/www.mexicanguitarplayers.com\/tienda\/sin categor\u00eda\/conga-meinl-11-3-4-mod-dgr1134cw\/#primaryimage"},"thumbnailUrl":"https:\/\/www.mexicanguitarplayers.com\/wp-content\/uploads\/2025\/04\/IPMEIDGR1134CW.jpg","datePublished":"2025-04-08T16:25:14+00:00","dateModified":"2026-01-17T10:46:36+00:00","description":"Conga Diego Gal\u00e9 artist Series, di\u00e1metro de 11 3\/4\u201d pulgadas, forma cl\u00e1sica de conga Meinl, parche sint\u00e9tico Remo Fiberskyn Symmetry, buen equilibrio de peso y proyecci\u00f3n de sonido, peso: 12.6 kg, resistentes lugs de afinaci\u00f3n de 10 mm, aros SSR redondeados de 4 mm, altura: 30\u201d pulgadas, fabricado con madera chamchurri, color natural, terminado al alto brillo, hardware niquelado cepillado, incluye conga saver, soundpads, bolsa de accesorios, llave de afinaci\u00f3n en forma de L y bote de aceite.","breadcrumb":{"@id":"https:\/\/www.mexicanguitarplayers.com\/tienda\/sin categor\u00eda\/conga-meinl-11-3-4-mod-dgr1134cw\/#breadcrumb"},"inLanguage":"en-US","potentialAction":[{"@type":"ReadAction","target":["https:\/\/www.mexicanguitarplayers.com\/tienda\/sin categor\u00eda\/conga-meinl-11-3-4-mod-dgr1134cw\/"]}]},{"@type":"ImageObject","inLanguage":"en-US","@id":"https:\/\/www.mexicanguitarplayers.com\/tienda\/sin categor\u00eda\/conga-meinl-11-3-4-mod-dgr1134cw\/#primaryimage","url":"https:\/\/www.mexicanguitarplayers.com\/wp-content\/uploads\/2025\/04\/IPMEIDGR1134CW.jpg","contentUrl":"https:\/\/www.mexicanguitarplayers.com\/wp-content\/uploads\/2025\/04\/IPMEIDGR1134CW.jpg","width":1200,"height":1200},{"@type":"BreadcrumbList","@id":"https:\/\/www.mexicanguitarplayers.com\/tienda\/sin categor\u00eda\/conga-meinl-11-3-4-mod-dgr1134cw\/#breadcrumb","itemListElement":[{"@type":"ListItem","position":1,"name":"Portada","item":"https:\/\/www.mexicanguitarplayers.com\/"},{"@type":"ListItem","position":2,"name":"Tienda","item":"https:\/\/www.mexicanguitarplayers.com\/tienda\/"},{"@type":"ListItem","position":3,"name":"CONGA MEINL 11 3\/4 MOD. DGR1134CW"}]},{"@type":"WebSite","@id":"https:\/\/www.mexicanguitarplayers.com\/#website","url":"https:\/\/www.mexicanguitarplayers.com\/","name":"Mexican Guitar Players","description":"Website","publisher":{"@id":"https:\/\/www.mexicanguitarplayers.com\/#organization"},"potentialAction":[{"@type":"SearchAction","target":{"@type":"EntryPoint","urlTemplate":"https:\/\/www.mexicanguitarplayers.com\/?s={search_term_string}"},"query-input":{"@type":"PropertyValueSpecification","valueRequired":true,"valueName":"search_term_string"}}],"inLanguage":"en-US"},{"@type":"Organization","@id":"https:\/\/www.mexicanguitarplayers.com\/#organization","name":"Mexican Guitar Players","url":"https:\/\/www.mexicanguitarplayers.com\/","logo":{"@type":"ImageObject","inLanguage":"en-US","@id":"https:\/\/www.mexicanguitarplayers.com\/#\/schema\/logo\/image\/","url":"","contentUrl":"","caption":"Mexican Guitar Players"},"image":{"@id":"https:\/\/www.mexicanguitarplayers.com\/#\/schema\/logo\/image\/"}}]}},"brands":[{"id":290,"name":"MEINL","slug":"meinl"}],"_links":{"self":[{"href":"https:\/\/www.mexicanguitarplayers.com\/en\/wp-json\/wp\/v2\/product\/28979","targetHints":{"allow":["GET"]}}],"collection":[{"href":"https:\/\/www.mexicanguitarplayers.com\/en\/wp-json\/wp\/v2\/product"}],"about":[{"href":"https:\/\/www.mexicanguitarplayers.com\/en\/wp-json\/wp\/v2\/types\/product"}],"replies":[{"embeddable":true,"href":"https:\/\/www.mexicanguitarplayers.com\/en\/wp-json\/wp\/v2\/comments?post=28979"}],"wp:featuredmedia":[{"embeddable":true,"href":"https:\/\/www.mexicanguitarplayers.com\/en\/wp-json\/wp\/v2\/media\/28975"}],"wp:attachment":[{"href":"https:\/\/www.mexicanguitarplayers.com\/en\/wp-json\/wp\/v2\/media?parent=28979"}],"wp:term":[{"taxonomy":"pwb-brand","embeddable":true,"href":"https:\/\/www.mexicanguitarplayers.com\/en\/wp-json\/wp\/v2\/pwb-brand?post=28979"},{"taxonomy":"product_brand","embeddable":true,"href":"https:\/\/www.mexicanguitarplayers.com\/en\/wp-json\/wp\/v2\/product_brand?post=28979"},{"taxonomy":"product_cat","embeddable":true,"href":"https:\/\/www.mexicanguitarplayers.com\/en\/wp-json\/wp\/v2\/product_cat?post=28979"},{"taxonomy":"product_tag","embeddable":true,"href":"https:\/\/www.mexicanguitarplayers.com\/en\/wp-json\/wp\/v2\/product_tag?post=28979"}],"curies":[{"name":"wp","href":"https:\/\/api.w.org\/{rel}","templated":true}]}}