{"id":29041,"date":"2025-04-08T10:28:55","date_gmt":"2025-04-08T16:28:55","guid":{"rendered":"https:\/\/www.mexicanguitarplayers.com\/tienda\/sin categor\u00eda\/guitarra-washburn-e-acustica-ag70ce\/"},"modified":"2026-04-15T04:20:40","modified_gmt":"2026-04-15T10:20:40","slug":"guitarra-washburn-e-acustica-ag70ce","status":"publish","type":"product","link":"https:\/\/www.mexicanguitarplayers.com\/en\/tienda\/cuerdas\/guitarras-cuerdas\/acusticas\/guitarras-electro-acusticas\/guitarra-washburn-e-acustica-ag70ce\/","title":{"rendered":"GUITARRA WASHBURN E\/ACUSTICA AG70CE"},"content":{"rendered":"<div style=\"text-align: justify\">\n<div>\n<h3>La mejor opci\u00f3n para iniciar.<\/h3>\n<\/div>\n<div>Las guitarras de la serie Apprentice son para el principiante serio que busca una guitarra que suene bien, que pueda tocarse bien y que le sirva a medida que vaya progresando.  AG70CE es un sistema ac\u00fastico estilo Grand Auditorium cutaway que cuenta con un sistema de afinador de pastillas Barcus Berry LX4 personalizado para un tono ac\u00fastico superior cuando est\u00e1 conectada. Una tapa de abeto selecta y aros y fondo de ovangkol brindan proyecci\u00f3n tonal. El brazo de caoba cuenta con un diapas\u00f3n con incrustaciones de puntos en offset con afinadores cromados. La pastilla Barcus Berry LX4 cuenta con un ecualizador de 3 bandas,  control de presencia y un afinador incorporado para un ajuste r\u00e1pido y preciso.<\/div>\n<div>\n<h4>Characteristics<\/h4>\n<\/div>\n<div>\n<ul style=\"margin: 0px 0px 0px 25px\">\n<li style=\"list-style-type: circle;margin: 5px\">Guitarra electroac\u00fastica.<\/li>\n<li style=\"list-style-type: circle;margin: 5px\">Tapa de abeto seleccionado.<\/li>\n<li style=\"list-style-type: circle;margin: 5px\">Aros y fondo de ovangkol.<\/li>\n<li style=\"list-style-type: circle;margin: 5px\">Roseta Custom Apprentice.<\/li>\n<li style=\"list-style-type: circle;margin: 5px\">Controles: Vol, Afinador, Bass\/Mid\/Treble, Notch\/Presence.<\/li>\n<li style=\"list-style-type: circle;margin: 5px\">Preamp Barcus-Berry LX4.<\/li>\n<li style=\"list-style-type: circle;margin: 5px\">Terminado brillante.<\/li>\n<li style=\"list-style-type: circle;margin: 5px\">Mahogany arm.<\/li>\n<li style=\"list-style-type: circle;margin: 5px\">Diapas\u00f3n de madera contrachapada.<\/li>\n<li style=\"list-style-type: circle;margin: 5px\">20 frets.<\/li>\n<li style=\"list-style-type: circle;margin: 5px\">Incrustaciones de puntos.<\/li>\n<li style=\"list-style-type: circle;margin: 5px\">Cejuela de ABS.<\/li>\n<li style=\"list-style-type: circle;margin: 5px\">Escala: 25-1\/2.<\/li>\n<li style=\"list-style-type: circle;margin: 5px\">Hardware cromado.<\/li>\n<li style=\"list-style-type: circle;margin: 5px\">Puente de madera contrachapada.<\/li>\n<li style=\"list-style-type: circle;margin: 5px\">Maquinaria cromada diecast con botones negros.<\/li>\n<li style=\"list-style-type: circle;margin: 5px\">Cuerdas: D&#8217;Addario EXP-16 light set phospher bronze.<\/li>\n<\/ul>\n<\/div>\n<\/div>","protected":false},"excerpt":{"rendered":"<p>Guitarra electroac\u00fastica, tapa de abeto seleccionado, aros y fondo de ovangkol, roseta Custom Apprentice, controles: volumen, afinador integrado, Bass\/Mid\/Treble, Notch\/Presence, preamp Barcus-Berry LX4, color natural, terminado brillante, brazo de caoba, diapas\u00f3n de madera contrachapada, 20 trastes, incrustaciones de puntos, cejuela de ABS, escala: 25-1\/2, hardware cromado, puente de madera contrachapada, maquinaria cromada diecast con botones negros, cuerdas: D&#8217;Addario EXP-16 light set phospher bronze.&hellip; <a class=\"kt-excerpt-readmore more-link\" href=\"https:\/\/www.mexicanguitarplayers.com\/en\/tienda\/cuerdas\/guitarras-cuerdas\/acusticas\/guitarras-electro-acusticas\/guitarra-washburn-e-acustica-ag70ce\/\">Read more<\/a><\/p>","protected":false},"featured_media":29040,"comment_status":"open","ping_status":"closed","template":"","meta":{"kt_blocks_editor_width":""},"pwb-brand":[178],"product_brand":[],"product_cat":[315,224,312,316],"product_tag":[],"class_list":{"0":"post-29041","1":"product","2":"type-product","3":"status-publish","4":"has-post-thumbnail","6":"pwb-brand-washburn","7":"product_cat-acusticas","8":"product_cat-cuerdas","9":"product_cat-guitarras-cuerdas","10":"product_cat-guitarras-electro-acusticas","11":"product_shipping_class-0-5-kg","13":"first","14":"instock","15":"taxable","16":"shipping-taxable","17":"purchasable","18":"product-type-simple"},"yoast_head":"<!-- This site is optimized with the Yoast SEO plugin v27.5 - https:\/\/yoast.com\/product\/yoast-seo-wordpress\/ -->\n<title>GUITARRA WASHBURN E\/ACUSTICA AG70CE - Mexican Guitar Players<\/title>\n<meta name=\"description\" content=\"Guitarra electroac\u00fastica, tapa de abeto seleccionado, aros y fondo de ovangkol, roseta Custom Apprentice, controles: volumen, afinador integrado, Bass\/Mid\/Treble, Notch\/Presence, preamp Barcus-Berry LX4, color natural, terminado brillante, brazo de caoba, diapas\u00f3n de madera contrachapada, 20 trastes, incrustaciones de puntos, cejuela de ABS, escala: 25-1\/2, hardware cromado, puente de madera contrachapada, maquinaria cromada diecast con botones negros, cuerdas: D&#039;Addario EXP-16 light set phospher bronze.\" \/>\n<meta name=\"robots\" content=\"index, follow, max-snippet:-1, max-image-preview:large, max-video-preview:-1\" \/>\n<link rel=\"canonical\" href=\"https:\/\/www.mexicanguitarplayers.com\/en\/tienda\/sin%20categor\u00eda\/guitarra-washburn-e-acustica-ag70ce\/\" \/>\n<meta property=\"og:locale\" content=\"en_US\" \/>\n<meta property=\"og:type\" content=\"article\" \/>\n<meta property=\"og:title\" content=\"GUITARRA WASHBURN E\/ACUSTICA AG70CE - Mexican Guitar Players\" \/>\n<meta property=\"og:description\" content=\"Guitarra electroac\u00fastica, tapa de abeto seleccionado, aros y fondo de ovangkol, roseta Custom Apprentice, controles: volumen, afinador integrado, Bass\/Mid\/Treble, Notch\/Presence, preamp Barcus-Berry LX4, color natural, terminado brillante, brazo de caoba, diapas\u00f3n de madera contrachapada, 20 trastes, incrustaciones de puntos, cejuela de ABS, escala: 25-1\/2, hardware cromado, puente de madera contrachapada, maquinaria cromada diecast con botones negros, cuerdas: D&#039;Addario EXP-16 light set phospher bronze.\" \/>\n<meta property=\"og:url\" content=\"https:\/\/www.mexicanguitarplayers.com\/en\/tienda\/sin categor\u00eda\/guitarra-washburn-e-acustica-ag70ce\/\" \/>\n<meta property=\"og:site_name\" content=\"Mexican Guitar Players\" \/>\n<meta property=\"article:modified_time\" content=\"2026-04-15T10:20:40+00:00\" \/>\n<meta name=\"twitter:card\" content=\"summary_large_image\" \/>\n<meta name=\"twitter:label1\" content=\"Est. reading time\" \/>\n\t<meta name=\"twitter:data1\" content=\"1 minute\" \/>\n<script type=\"application\/ld+json\" class=\"yoast-schema-graph\">{\"@context\":\"https:\\\/\\\/schema.org\",\"@graph\":[{\"@type\":[\"WebPage\",\"ItemPage\"],\"@id\":\"https:\\\/\\\/www.mexicanguitarplayers.com\\\/tienda\\\/sin categor\u00eda\\\/guitarra-washburn-e-acustica-ag70ce\\\/\",\"url\":\"https:\\\/\\\/www.mexicanguitarplayers.com\\\/tienda\\\/sin categor\u00eda\\\/guitarra-washburn-e-acustica-ag70ce\\\/\",\"name\":\"GUITARRA WASHBURN E\\\/ACUSTICA AG70CE - Mexican Guitar Players\",\"isPartOf\":{\"@id\":\"https:\\\/\\\/www.mexicanguitarplayers.com\\\/#website\"},\"primaryImageOfPage\":{\"@id\":\"https:\\\/\\\/www.mexicanguitarplayers.com\\\/tienda\\\/sin categor\u00eda\\\/guitarra-washburn-e-acustica-ag70ce\\\/#primaryimage\"},\"image\":{\"@id\":\"https:\\\/\\\/www.mexicanguitarplayers.com\\\/tienda\\\/sin categor\u00eda\\\/guitarra-washburn-e-acustica-ag70ce\\\/#primaryimage\"},\"thumbnailUrl\":\"https:\\\/\\\/www.mexicanguitarplayers.com\\\/wp-content\\\/uploads\\\/2025\\\/04\\\/ISWASAG70CE.jpg\",\"datePublished\":\"2025-04-08T16:28:55+00:00\",\"dateModified\":\"2026-04-15T10:20:40+00:00\",\"description\":\"Guitarra electroac\u00fastica, tapa de abeto seleccionado, aros y fondo de ovangkol, roseta Custom Apprentice, controles: volumen, afinador integrado, Bass\\\/Mid\\\/Treble, Notch\\\/Presence, preamp Barcus-Berry LX4, color natural, terminado brillante, brazo de caoba, diapas\u00f3n de madera contrachapada, 20 trastes, incrustaciones de puntos, cejuela de ABS, escala: 25-1\\\/2, hardware cromado, puente de madera contrachapada, maquinaria cromada diecast con botones negros, cuerdas: D'Addario EXP-16 light set phospher bronze.\",\"breadcrumb\":{\"@id\":\"https:\\\/\\\/www.mexicanguitarplayers.com\\\/tienda\\\/sin categor\u00eda\\\/guitarra-washburn-e-acustica-ag70ce\\\/#breadcrumb\"},\"inLanguage\":\"en-US\",\"potentialAction\":[{\"@type\":\"ReadAction\",\"target\":[\"https:\\\/\\\/www.mexicanguitarplayers.com\\\/tienda\\\/sin categor\u00eda\\\/guitarra-washburn-e-acustica-ag70ce\\\/\"]}]},{\"@type\":\"ImageObject\",\"inLanguage\":\"en-US\",\"@id\":\"https:\\\/\\\/www.mexicanguitarplayers.com\\\/tienda\\\/sin categor\u00eda\\\/guitarra-washburn-e-acustica-ag70ce\\\/#primaryimage\",\"url\":\"https:\\\/\\\/www.mexicanguitarplayers.com\\\/wp-content\\\/uploads\\\/2025\\\/04\\\/ISWASAG70CE.jpg\",\"contentUrl\":\"https:\\\/\\\/www.mexicanguitarplayers.com\\\/wp-content\\\/uploads\\\/2025\\\/04\\\/ISWASAG70CE.jpg\",\"width\":800,\"height\":1600},{\"@type\":\"BreadcrumbList\",\"@id\":\"https:\\\/\\\/www.mexicanguitarplayers.com\\\/tienda\\\/sin categor\u00eda\\\/guitarra-washburn-e-acustica-ag70ce\\\/#breadcrumb\",\"itemListElement\":[{\"@type\":\"ListItem\",\"position\":1,\"name\":\"Portada\",\"item\":\"https:\\\/\\\/www.mexicanguitarplayers.com\\\/\"},{\"@type\":\"ListItem\",\"position\":2,\"name\":\"Tienda\",\"item\":\"https:\\\/\\\/www.mexicanguitarplayers.com\\\/tienda\\\/\"},{\"@type\":\"ListItem\",\"position\":3,\"name\":\"GUITARRA WASHBURN E\\\/ACUSTICA AG70CE\"}]},{\"@type\":\"WebSite\",\"@id\":\"https:\\\/\\\/www.mexicanguitarplayers.com\\\/#website\",\"url\":\"https:\\\/\\\/www.mexicanguitarplayers.com\\\/\",\"name\":\"Mexican Guitar Players\",\"description\":\"Website\",\"publisher\":{\"@id\":\"https:\\\/\\\/www.mexicanguitarplayers.com\\\/#organization\"},\"potentialAction\":[{\"@type\":\"SearchAction\",\"target\":{\"@type\":\"EntryPoint\",\"urlTemplate\":\"https:\\\/\\\/www.mexicanguitarplayers.com\\\/?s={search_term_string}\"},\"query-input\":{\"@type\":\"PropertyValueSpecification\",\"valueRequired\":true,\"valueName\":\"search_term_string\"}}],\"inLanguage\":\"en-US\"},{\"@type\":\"Organization\",\"@id\":\"https:\\\/\\\/www.mexicanguitarplayers.com\\\/#organization\",\"name\":\"Mexican Guitar Players\",\"url\":\"https:\\\/\\\/www.mexicanguitarplayers.com\\\/\",\"logo\":{\"@type\":\"ImageObject\",\"inLanguage\":\"en-US\",\"@id\":\"https:\\\/\\\/www.mexicanguitarplayers.com\\\/#\\\/schema\\\/logo\\\/image\\\/\",\"url\":\"\",\"contentUrl\":\"\",\"caption\":\"Mexican Guitar Players\"},\"image\":{\"@id\":\"https:\\\/\\\/www.mexicanguitarplayers.com\\\/#\\\/schema\\\/logo\\\/image\\\/\"}}]}<\/script>\n<!-- \/ Yoast SEO plugin. -->","yoast_head_json":{"title":"GUITARRA WASHBURN E\/ACUSTICA AG70CE - Mexican Guitar Players","description":"Guitarra electroac\u00fastica, tapa de abeto seleccionado, aros y fondo de ovangkol, roseta Custom Apprentice, controles: volumen, afinador integrado, Bass\/Mid\/Treble, Notch\/Presence, preamp Barcus-Berry LX4, color natural, terminado brillante, brazo de caoba, diapas\u00f3n de madera contrachapada, 20 trastes, incrustaciones de puntos, cejuela de ABS, escala: 25-1\/2, hardware cromado, puente de madera contrachapada, maquinaria cromada diecast con botones negros, cuerdas: D'Addario EXP-16 light set phospher bronze.","robots":{"index":"index","follow":"follow","max-snippet":"max-snippet:-1","max-image-preview":"max-image-preview:large","max-video-preview":"max-video-preview:-1"},"canonical":"https:\/\/www.mexicanguitarplayers.com\/en\/tienda\/sin categor\u00eda\/guitarra-washburn-e-acustica-ag70ce\/","og_locale":"en_US","og_type":"article","og_title":"GUITARRA WASHBURN E\/ACUSTICA AG70CE - Mexican Guitar Players","og_description":"Guitarra electroac\u00fastica, tapa de abeto seleccionado, aros y fondo de ovangkol, roseta Custom Apprentice, controles: volumen, afinador integrado, Bass\/Mid\/Treble, Notch\/Presence, preamp Barcus-Berry LX4, color natural, terminado brillante, brazo de caoba, diapas\u00f3n de madera contrachapada, 20 trastes, incrustaciones de puntos, cejuela de ABS, escala: 25-1\/2, hardware cromado, puente de madera contrachapada, maquinaria cromada diecast con botones negros, cuerdas: D'Addario EXP-16 light set phospher bronze.","og_url":"https:\/\/www.mexicanguitarplayers.com\/en\/tienda\/sin categor\u00eda\/guitarra-washburn-e-acustica-ag70ce\/","og_site_name":"Mexican Guitar Players","article_modified_time":"2026-04-15T10:20:40+00:00","twitter_card":"summary_large_image","twitter_misc":{"Est. reading time":"1 minute"},"schema":{"@context":"https:\/\/schema.org","@graph":[{"@type":["WebPage","ItemPage"],"@id":"https:\/\/www.mexicanguitarplayers.com\/tienda\/sin categor\u00eda\/guitarra-washburn-e-acustica-ag70ce\/","url":"https:\/\/www.mexicanguitarplayers.com\/tienda\/sin categor\u00eda\/guitarra-washburn-e-acustica-ag70ce\/","name":"GUITARRA WASHBURN E\/ACUSTICA AG70CE - Mexican Guitar Players","isPartOf":{"@id":"https:\/\/www.mexicanguitarplayers.com\/#website"},"primaryImageOfPage":{"@id":"https:\/\/www.mexicanguitarplayers.com\/tienda\/sin categor\u00eda\/guitarra-washburn-e-acustica-ag70ce\/#primaryimage"},"image":{"@id":"https:\/\/www.mexicanguitarplayers.com\/tienda\/sin categor\u00eda\/guitarra-washburn-e-acustica-ag70ce\/#primaryimage"},"thumbnailUrl":"https:\/\/www.mexicanguitarplayers.com\/wp-content\/uploads\/2025\/04\/ISWASAG70CE.jpg","datePublished":"2025-04-08T16:28:55+00:00","dateModified":"2026-04-15T10:20:40+00:00","description":"Guitarra electroac\u00fastica, tapa de abeto seleccionado, aros y fondo de ovangkol, roseta Custom Apprentice, controles: volumen, afinador integrado, Bass\/Mid\/Treble, Notch\/Presence, preamp Barcus-Berry LX4, color natural, terminado brillante, brazo de caoba, diapas\u00f3n de madera contrachapada, 20 trastes, incrustaciones de puntos, cejuela de ABS, escala: 25-1\/2, hardware cromado, puente de madera contrachapada, maquinaria cromada diecast con botones negros, cuerdas: D'Addario EXP-16 light set phospher bronze.","breadcrumb":{"@id":"https:\/\/www.mexicanguitarplayers.com\/tienda\/sin categor\u00eda\/guitarra-washburn-e-acustica-ag70ce\/#breadcrumb"},"inLanguage":"en-US","potentialAction":[{"@type":"ReadAction","target":["https:\/\/www.mexicanguitarplayers.com\/tienda\/sin categor\u00eda\/guitarra-washburn-e-acustica-ag70ce\/"]}]},{"@type":"ImageObject","inLanguage":"en-US","@id":"https:\/\/www.mexicanguitarplayers.com\/tienda\/sin categor\u00eda\/guitarra-washburn-e-acustica-ag70ce\/#primaryimage","url":"https:\/\/www.mexicanguitarplayers.com\/wp-content\/uploads\/2025\/04\/ISWASAG70CE.jpg","contentUrl":"https:\/\/www.mexicanguitarplayers.com\/wp-content\/uploads\/2025\/04\/ISWASAG70CE.jpg","width":800,"height":1600},{"@type":"BreadcrumbList","@id":"https:\/\/www.mexicanguitarplayers.com\/tienda\/sin categor\u00eda\/guitarra-washburn-e-acustica-ag70ce\/#breadcrumb","itemListElement":[{"@type":"ListItem","position":1,"name":"Portada","item":"https:\/\/www.mexicanguitarplayers.com\/"},{"@type":"ListItem","position":2,"name":"Tienda","item":"https:\/\/www.mexicanguitarplayers.com\/tienda\/"},{"@type":"ListItem","position":3,"name":"GUITARRA WASHBURN E\/ACUSTICA AG70CE"}]},{"@type":"WebSite","@id":"https:\/\/www.mexicanguitarplayers.com\/#website","url":"https:\/\/www.mexicanguitarplayers.com\/","name":"Mexican Guitar Players","description":"Website","publisher":{"@id":"https:\/\/www.mexicanguitarplayers.com\/#organization"},"potentialAction":[{"@type":"SearchAction","target":{"@type":"EntryPoint","urlTemplate":"https:\/\/www.mexicanguitarplayers.com\/?s={search_term_string}"},"query-input":{"@type":"PropertyValueSpecification","valueRequired":true,"valueName":"search_term_string"}}],"inLanguage":"en-US"},{"@type":"Organization","@id":"https:\/\/www.mexicanguitarplayers.com\/#organization","name":"Mexican Guitar Players","url":"https:\/\/www.mexicanguitarplayers.com\/","logo":{"@type":"ImageObject","inLanguage":"en-US","@id":"https:\/\/www.mexicanguitarplayers.com\/#\/schema\/logo\/image\/","url":"","contentUrl":"","caption":"Mexican Guitar Players"},"image":{"@id":"https:\/\/www.mexicanguitarplayers.com\/#\/schema\/logo\/image\/"}}]}},"brands":[{"id":178,"name":"WASHBURN","slug":"washburn"}],"_links":{"self":[{"href":"https:\/\/www.mexicanguitarplayers.com\/en\/wp-json\/wp\/v2\/product\/29041","targetHints":{"allow":["GET"]}}],"collection":[{"href":"https:\/\/www.mexicanguitarplayers.com\/en\/wp-json\/wp\/v2\/product"}],"about":[{"href":"https:\/\/www.mexicanguitarplayers.com\/en\/wp-json\/wp\/v2\/types\/product"}],"replies":[{"embeddable":true,"href":"https:\/\/www.mexicanguitarplayers.com\/en\/wp-json\/wp\/v2\/comments?post=29041"}],"wp:featuredmedia":[{"embeddable":true,"href":"https:\/\/www.mexicanguitarplayers.com\/en\/wp-json\/wp\/v2\/media\/29040"}],"wp:attachment":[{"href":"https:\/\/www.mexicanguitarplayers.com\/en\/wp-json\/wp\/v2\/media?parent=29041"}],"wp:term":[{"taxonomy":"pwb-brand","embeddable":true,"href":"https:\/\/www.mexicanguitarplayers.com\/en\/wp-json\/wp\/v2\/pwb-brand?post=29041"},{"taxonomy":"product_brand","embeddable":true,"href":"https:\/\/www.mexicanguitarplayers.com\/en\/wp-json\/wp\/v2\/product_brand?post=29041"},{"taxonomy":"product_cat","embeddable":true,"href":"https:\/\/www.mexicanguitarplayers.com\/en\/wp-json\/wp\/v2\/product_cat?post=29041"},{"taxonomy":"product_tag","embeddable":true,"href":"https:\/\/www.mexicanguitarplayers.com\/en\/wp-json\/wp\/v2\/product_tag?post=29041"}],"curies":[{"name":"wp","href":"https:\/\/api.w.org\/{rel}","templated":true}]}}