{"id":29062,"date":"2025-04-08T10:29:26","date_gmt":"2025-04-08T16:29:26","guid":{"rendered":"https:\/\/www.mexicanguitarplayers.com\/tienda\/sin categor\u00eda\/bajo-spector-electrico-mod-legend-5-std-2\/"},"modified":"2025-04-08T10:29:26","modified_gmt":"2025-04-08T16:29:26","slug":"bajo-spector-electrico-mod-legend-5-std-2","status":"publish","type":"product","link":"https:\/\/www.mexicanguitarplayers.com\/en\/tienda\/cuerdas\/bajos\/electricos\/electricos-activos\/bajo-spector-electrico-mod-legend-5-std-2\/","title":{"rendered":"BAJO SPECTOR ELECTRICO MOD. LEGEND 5 STD"},"content":{"rendered":"<div style=\"text-align: justify\">\n<div>\n<h3>El nuevo dise\u00f1o de sonido de bajos.<\/h3>\n<\/div>\n<div>El bajo Legend 4 Standard de Spector ofrece el codiciado dise\u00f1o de carrocer\u00eda Spector NS a un precio al alcance de todos los bajistas. El cuerpo. El cuerpo curvo extremadamente c\u00f3modo est\u00e1 hecho de ligero fresno s\u00f3lido y tiene una tapa de maple flameado genuino. El brazo de cinco piezas de maple y padauk presenta un diapas\u00f3n de amara de 24 trastes que se estrecha perfectamente para mayor comodidad. El Legend Standard tambi\u00e9n presenta hardware cromado de calidad profesional, incluido un puente de alta masa que proporciona una afinaci\u00f3n y un rendimiento tan s\u00f3lidos como una roca. Los humbuckers Spector especialmente dise\u00f1ados proporcionan a este bajo un tono claro y contundente. Las pastillas se complementan con controles vers\u00e1tiles de ecualizaci\u00f3n activa de dos bandas que ofrecen 12 dB de realce o corte para controles de agudos y graves.  Adornado con un terminado al alto brillo, el Legend 5 Standard proporciona la apariencia, el tono y la sensaci\u00f3n de los bajos del doble de su precio.<\/div>\n<div>\n<h4>Quick look<\/h4>\n<\/div>\n<ul style=\"margin: 0px 0px 0px 25px\">\n<li style=\"list-style-type: circle;margin: 5px\">Top.<\/li>\n<li style=\"list-style-type: circle;margin: 5px\">Cuerpo.<\/li>\n<li style=\"list-style-type: circle;margin: 5px\">Arm.<\/li>\n<li style=\"list-style-type: circle;margin: 5px\">Diapason.<\/li>\n<li style=\"list-style-type: circle;margin: 5px\">Frets<\/li>\n<li style=\"list-style-type: circle;margin: 5px\">Scale.<\/li>\n<li style=\"list-style-type: circle;margin: 5px\">Nut.<\/li>\n<li style=\"list-style-type: circle;margin: 5px\">Ancho de la cejuela.<\/li>\n<li style=\"list-style-type: circle;margin: 5px\">Scale.<\/li>\n<li style=\"list-style-type: circle;margin: 5px\">Pastillas.<\/li>\n<li style=\"list-style-type: circle;margin: 5px\">Sistema de preamp.<\/li>\n<li style=\"list-style-type: circle;margin: 5px\">Controls<\/li>\n<li style=\"list-style-type: circle;margin: 5px\">Hardware.<\/li>\n<li style=\"list-style-type: circle;margin: 5px\">Bridge.<\/li>\n<li style=\"list-style-type: circle;margin: 5px\">Machinery.<\/li>\n<li style=\"list-style-type: circle;margin: 5px\">Espaciado de cuerdas en el puente.<\/li>\n<\/ul>\n<div>\n<div style=\"font-weight: bold\">Top.<\/div>\n<div>\n<p>Maple figurado.<\/p>\n<\/div>\n<div style=\"font-weight: bold\">Cuerpo.<\/div>\n<div>\n<p>Fresno ligero.<\/p>\n<\/div>\n<div style=\"font-weight: bold\">Arm.<\/div>\n<div>\n<p>5 piezas de maple\/padauk, construcci\u00f3n bolt-on.<\/p>\n<\/div>\n<div style=\"font-weight: bold\">Diapason.<\/div>\n<div>\n<p>\u00c9bano \/ amara.<\/p>\n<\/div>\n<div style=\"font-weight: bold\">Frets<\/div>\n<div>\n<p>24.<\/p>\n<\/div>\n<div style=\"font-weight: bold\">Scale.<\/div>\n<div>\n<p>Points.<\/p>\n<\/div>\n<div style=\"font-weight: bold\">Nut.<\/div>\n<div>\n<p>Grafito.<\/p>\n<\/div>\n<div style=\"font-weight: bold\">Ancho de la cejuela.<\/div>\n<div>\n<p>1.75&#8243;.<\/p>\n<\/div>\n<div style=\"font-weight: bold\">Scale.<\/div>\n<div>\n<p>35&#8243;.<\/p>\n<\/div>\n<div style=\"font-weight: bold\">Pastillas.<\/div>\n<div>\n<p>Pastilla del brazo: HUmbucker. Pastilla del puente: HUmbucker.<\/p>\n<\/div>\n<div style=\"font-weight: bold\">Sistema de preamp.<\/div>\n<div>\n<p>Controles de tono activo con \u00b112 dB boost and cut (bass y treble).<\/p>\n<\/div>\n<div style=\"font-weight: bold\">Controls<\/div>\n<div>\n<p>Volumen del puente, Volumen del brazo, Bass Boost\/Cut, Treble Boost\/Cut.<\/p>\n<\/div>\n<div style=\"font-weight: bold\">Hardware.<\/div>\n<div>\n<p>Cromado.<\/p>\n<\/div>\n<div style=\"font-weight: bold\">Bridge.<\/div>\n<div>\n<p>Hi-Mass Legend.<\/p>\n<\/div>\n<div style=\"font-weight: bold\">Machinery.<\/div>\n<div>\n<p>Sealed Die-Cast.<\/p>\n<\/div>\n<div style=\"font-weight: bold\">Espaciado de cuerdas en el puente.<\/div>\n<div>\n<p>.66&#8243;.<\/p>\n<\/div>\n<\/div>\n<\/div>","protected":false},"excerpt":{"rendered":"<p>Bajo el\u00e9ctrico activo de 5 cuerdas, tapa de maple figurado, cuerpo de fresno ligero, brazo de 5 piezas de maple\/padauk, construcci\u00f3n bolt-on, diapas\u00f3n de \u00e9bano y amara, 24 trastes, incrustaciones de puntos, cejuela de grafito de 1.75\u201d de ancho, escala 35\u201d, pastilla del brazo: Humbucker, pastilla del puente: Humbucker, controles de tono activo con \u00b112 dB boost and cut (bass y treble), controles: volumen del puente, Volumen del brazo, Bass Boost\/Cut, Treble Boost\/Cut, hardware cromado, puente Hi-Mass Legend, maquinaria Sealed Die-Cast.&hellip; <a class=\"kt-excerpt-readmore more-link\" href=\"https:\/\/www.mexicanguitarplayers.com\/en\/tienda\/cuerdas\/bajos\/electricos\/electricos-activos\/bajo-spector-electrico-mod-legend-5-std-2\/\">Read more<\/a><\/p>","protected":false},"featured_media":29051,"comment_status":"open","ping_status":"closed","template":"","meta":{"kt_blocks_editor_width":""},"pwb-brand":[374],"product_brand":[],"product_cat":[317,224,318,326],"product_tag":[],"class_list":{"0":"post-29062","1":"product","2":"type-product","3":"status-publish","4":"has-post-thumbnail","6":"pwb-brand-spector","7":"product_cat-bajos","8":"product_cat-cuerdas","9":"product_cat-electricos","10":"product_cat-electricos-activos","11":"product_shipping_class-5-10-kg","13":"first","14":"outofstock","15":"taxable","16":"shipping-taxable","17":"purchasable","18":"product-type-simple"},"yoast_head":"<!-- This site is optimized with the Yoast SEO plugin v27.5 - https:\/\/yoast.com\/product\/yoast-seo-wordpress\/ -->\n<title>BAJO SPECTOR ELECTRICO MOD. LEGEND 5 STD - Mexican Guitar Players<\/title>\n<meta name=\"description\" content=\"Bajo el\u00e9ctrico activo de 5 cuerdas, tapa de maple figurado, cuerpo de fresno ligero, brazo de 5 piezas de maple\/padauk, construcci\u00f3n bolt-on, diapas\u00f3n de \u00e9bano y amara, 24 trastes, incrustaciones de puntos, cejuela de grafito de 1.75\u201d de ancho, escala 35\u201d, pastilla del brazo: Humbucker, pastilla del puente: Humbucker, controles de tono activo con \u00b112 dB boost and cut (bass y treble), controles: volumen del puente, Volumen del brazo, Bass Boost\/Cut, Treble Boost\/Cut, hardware cromado, puente Hi-Mass Legend, maquinaria Sealed Die-Cast.\" \/>\n<meta name=\"robots\" content=\"index, follow, max-snippet:-1, max-image-preview:large, max-video-preview:-1\" \/>\n<link rel=\"canonical\" href=\"https:\/\/www.mexicanguitarplayers.com\/en\/tienda\/sin%20categor\u00eda\/bajo-spector-electrico-mod-legend-5-std-2\/\" \/>\n<meta property=\"og:locale\" content=\"en_US\" \/>\n<meta property=\"og:type\" content=\"article\" \/>\n<meta property=\"og:title\" content=\"BAJO SPECTOR ELECTRICO MOD. LEGEND 5 STD - Mexican Guitar Players\" \/>\n<meta property=\"og:description\" content=\"Bajo el\u00e9ctrico activo de 5 cuerdas, tapa de maple figurado, cuerpo de fresno ligero, brazo de 5 piezas de maple\/padauk, construcci\u00f3n bolt-on, diapas\u00f3n de \u00e9bano y amara, 24 trastes, incrustaciones de puntos, cejuela de grafito de 1.75\u201d de ancho, escala 35\u201d, pastilla del brazo: Humbucker, pastilla del puente: Humbucker, controles de tono activo con \u00b112 dB boost and cut (bass y treble), controles: volumen del puente, Volumen del brazo, Bass Boost\/Cut, Treble Boost\/Cut, hardware cromado, puente Hi-Mass Legend, maquinaria Sealed Die-Cast.\" \/>\n<meta property=\"og:url\" content=\"https:\/\/www.mexicanguitarplayers.com\/en\/tienda\/sin categor\u00eda\/bajo-spector-electrico-mod-legend-5-std-2\/\" \/>\n<meta property=\"og:site_name\" content=\"Mexican Guitar Players\" \/>\n<meta name=\"twitter:card\" content=\"summary_large_image\" \/>\n<meta name=\"twitter:label1\" content=\"Est. reading time\" \/>\n\t<meta name=\"twitter:data1\" content=\"1 minute\" \/>\n<script type=\"application\/ld+json\" class=\"yoast-schema-graph\">{\"@context\":\"https:\\\/\\\/schema.org\",\"@graph\":[{\"@type\":[\"WebPage\",\"ItemPage\"],\"@id\":\"https:\\\/\\\/www.mexicanguitarplayers.com\\\/tienda\\\/sin categor\u00eda\\\/bajo-spector-electrico-mod-legend-5-std-2\\\/\",\"url\":\"https:\\\/\\\/www.mexicanguitarplayers.com\\\/tienda\\\/sin categor\u00eda\\\/bajo-spector-electrico-mod-legend-5-std-2\\\/\",\"name\":\"BAJO SPECTOR ELECTRICO MOD. LEGEND 5 STD - Mexican Guitar Players\",\"isPartOf\":{\"@id\":\"https:\\\/\\\/www.mexicanguitarplayers.com\\\/#website\"},\"primaryImageOfPage\":{\"@id\":\"https:\\\/\\\/www.mexicanguitarplayers.com\\\/tienda\\\/sin categor\u00eda\\\/bajo-spector-electrico-mod-legend-5-std-2\\\/#primaryimage\"},\"image\":{\"@id\":\"https:\\\/\\\/www.mexicanguitarplayers.com\\\/tienda\\\/sin categor\u00eda\\\/bajo-spector-electrico-mod-legend-5-std-2\\\/#primaryimage\"},\"thumbnailUrl\":\"https:\\\/\\\/www.mexicanguitarplayers.com\\\/wp-content\\\/uploads\\\/2025\\\/04\\\/ISSPTLG5ST.jpg\",\"datePublished\":\"2025-04-08T16:29:26+00:00\",\"description\":\"Bajo el\u00e9ctrico activo de 5 cuerdas, tapa de maple figurado, cuerpo de fresno ligero, brazo de 5 piezas de maple\\\/padauk, construcci\u00f3n bolt-on, diapas\u00f3n de \u00e9bano y amara, 24 trastes, incrustaciones de puntos, cejuela de grafito de 1.75\u201d de ancho, escala 35\u201d, pastilla del brazo: Humbucker, pastilla del puente: Humbucker, controles de tono activo con \u00b112 dB boost and cut (bass y treble), controles: volumen del puente, Volumen del brazo, Bass Boost\\\/Cut, Treble Boost\\\/Cut, hardware cromado, puente Hi-Mass Legend, maquinaria Sealed Die-Cast.\",\"breadcrumb\":{\"@id\":\"https:\\\/\\\/www.mexicanguitarplayers.com\\\/tienda\\\/sin categor\u00eda\\\/bajo-spector-electrico-mod-legend-5-std-2\\\/#breadcrumb\"},\"inLanguage\":\"en-US\",\"potentialAction\":[{\"@type\":\"ReadAction\",\"target\":[\"https:\\\/\\\/www.mexicanguitarplayers.com\\\/tienda\\\/sin categor\u00eda\\\/bajo-spector-electrico-mod-legend-5-std-2\\\/\"]}]},{\"@type\":\"ImageObject\",\"inLanguage\":\"en-US\",\"@id\":\"https:\\\/\\\/www.mexicanguitarplayers.com\\\/tienda\\\/sin categor\u00eda\\\/bajo-spector-electrico-mod-legend-5-std-2\\\/#primaryimage\",\"url\":\"https:\\\/\\\/www.mexicanguitarplayers.com\\\/wp-content\\\/uploads\\\/2025\\\/04\\\/ISSPTLG5ST.jpg\",\"contentUrl\":\"https:\\\/\\\/www.mexicanguitarplayers.com\\\/wp-content\\\/uploads\\\/2025\\\/04\\\/ISSPTLG5ST.jpg\",\"width\":800,\"height\":1600},{\"@type\":\"BreadcrumbList\",\"@id\":\"https:\\\/\\\/www.mexicanguitarplayers.com\\\/tienda\\\/sin categor\u00eda\\\/bajo-spector-electrico-mod-legend-5-std-2\\\/#breadcrumb\",\"itemListElement\":[{\"@type\":\"ListItem\",\"position\":1,\"name\":\"Portada\",\"item\":\"https:\\\/\\\/www.mexicanguitarplayers.com\\\/\"},{\"@type\":\"ListItem\",\"position\":2,\"name\":\"Tienda\",\"item\":\"https:\\\/\\\/www.mexicanguitarplayers.com\\\/tienda\\\/\"},{\"@type\":\"ListItem\",\"position\":3,\"name\":\"BAJO SPECTOR ELECTRICO MOD. LEGEND 5 STD\"}]},{\"@type\":\"WebSite\",\"@id\":\"https:\\\/\\\/www.mexicanguitarplayers.com\\\/#website\",\"url\":\"https:\\\/\\\/www.mexicanguitarplayers.com\\\/\",\"name\":\"Mexican Guitar Players\",\"description\":\"Website\",\"publisher\":{\"@id\":\"https:\\\/\\\/www.mexicanguitarplayers.com\\\/#organization\"},\"potentialAction\":[{\"@type\":\"SearchAction\",\"target\":{\"@type\":\"EntryPoint\",\"urlTemplate\":\"https:\\\/\\\/www.mexicanguitarplayers.com\\\/?s={search_term_string}\"},\"query-input\":{\"@type\":\"PropertyValueSpecification\",\"valueRequired\":true,\"valueName\":\"search_term_string\"}}],\"inLanguage\":\"en-US\"},{\"@type\":\"Organization\",\"@id\":\"https:\\\/\\\/www.mexicanguitarplayers.com\\\/#organization\",\"name\":\"Mexican Guitar Players\",\"url\":\"https:\\\/\\\/www.mexicanguitarplayers.com\\\/\",\"logo\":{\"@type\":\"ImageObject\",\"inLanguage\":\"en-US\",\"@id\":\"https:\\\/\\\/www.mexicanguitarplayers.com\\\/#\\\/schema\\\/logo\\\/image\\\/\",\"url\":\"\",\"contentUrl\":\"\",\"caption\":\"Mexican Guitar Players\"},\"image\":{\"@id\":\"https:\\\/\\\/www.mexicanguitarplayers.com\\\/#\\\/schema\\\/logo\\\/image\\\/\"}}]}<\/script>\n<!-- \/ Yoast SEO plugin. -->","yoast_head_json":{"title":"BAJO SPECTOR ELECTRICO MOD. LEGEND 5 STD - Mexican Guitar Players","description":"Bajo el\u00e9ctrico activo de 5 cuerdas, tapa de maple figurado, cuerpo de fresno ligero, brazo de 5 piezas de maple\/padauk, construcci\u00f3n bolt-on, diapas\u00f3n de \u00e9bano y amara, 24 trastes, incrustaciones de puntos, cejuela de grafito de 1.75\u201d de ancho, escala 35\u201d, pastilla del brazo: Humbucker, pastilla del puente: Humbucker, controles de tono activo con \u00b112 dB boost and cut (bass y treble), controles: volumen del puente, Volumen del brazo, Bass Boost\/Cut, Treble Boost\/Cut, hardware cromado, puente Hi-Mass Legend, maquinaria Sealed Die-Cast.","robots":{"index":"index","follow":"follow","max-snippet":"max-snippet:-1","max-image-preview":"max-image-preview:large","max-video-preview":"max-video-preview:-1"},"canonical":"https:\/\/www.mexicanguitarplayers.com\/en\/tienda\/sin categor\u00eda\/bajo-spector-electrico-mod-legend-5-std-2\/","og_locale":"en_US","og_type":"article","og_title":"BAJO SPECTOR ELECTRICO MOD. LEGEND 5 STD - Mexican Guitar Players","og_description":"Bajo el\u00e9ctrico activo de 5 cuerdas, tapa de maple figurado, cuerpo de fresno ligero, brazo de 5 piezas de maple\/padauk, construcci\u00f3n bolt-on, diapas\u00f3n de \u00e9bano y amara, 24 trastes, incrustaciones de puntos, cejuela de grafito de 1.75\u201d de ancho, escala 35\u201d, pastilla del brazo: Humbucker, pastilla del puente: Humbucker, controles de tono activo con \u00b112 dB boost and cut (bass y treble), controles: volumen del puente, Volumen del brazo, Bass Boost\/Cut, Treble Boost\/Cut, hardware cromado, puente Hi-Mass Legend, maquinaria Sealed Die-Cast.","og_url":"https:\/\/www.mexicanguitarplayers.com\/en\/tienda\/sin categor\u00eda\/bajo-spector-electrico-mod-legend-5-std-2\/","og_site_name":"Mexican Guitar Players","twitter_card":"summary_large_image","twitter_misc":{"Est. reading time":"1 minute"},"schema":{"@context":"https:\/\/schema.org","@graph":[{"@type":["WebPage","ItemPage"],"@id":"https:\/\/www.mexicanguitarplayers.com\/tienda\/sin categor\u00eda\/bajo-spector-electrico-mod-legend-5-std-2\/","url":"https:\/\/www.mexicanguitarplayers.com\/tienda\/sin categor\u00eda\/bajo-spector-electrico-mod-legend-5-std-2\/","name":"BAJO SPECTOR ELECTRICO MOD. LEGEND 5 STD - Mexican Guitar Players","isPartOf":{"@id":"https:\/\/www.mexicanguitarplayers.com\/#website"},"primaryImageOfPage":{"@id":"https:\/\/www.mexicanguitarplayers.com\/tienda\/sin categor\u00eda\/bajo-spector-electrico-mod-legend-5-std-2\/#primaryimage"},"image":{"@id":"https:\/\/www.mexicanguitarplayers.com\/tienda\/sin categor\u00eda\/bajo-spector-electrico-mod-legend-5-std-2\/#primaryimage"},"thumbnailUrl":"https:\/\/www.mexicanguitarplayers.com\/wp-content\/uploads\/2025\/04\/ISSPTLG5ST.jpg","datePublished":"2025-04-08T16:29:26+00:00","description":"Bajo el\u00e9ctrico activo de 5 cuerdas, tapa de maple figurado, cuerpo de fresno ligero, brazo de 5 piezas de maple\/padauk, construcci\u00f3n bolt-on, diapas\u00f3n de \u00e9bano y amara, 24 trastes, incrustaciones de puntos, cejuela de grafito de 1.75\u201d de ancho, escala 35\u201d, pastilla del brazo: Humbucker, pastilla del puente: Humbucker, controles de tono activo con \u00b112 dB boost and cut (bass y treble), controles: volumen del puente, Volumen del brazo, Bass Boost\/Cut, Treble Boost\/Cut, hardware cromado, puente Hi-Mass Legend, maquinaria Sealed Die-Cast.","breadcrumb":{"@id":"https:\/\/www.mexicanguitarplayers.com\/tienda\/sin categor\u00eda\/bajo-spector-electrico-mod-legend-5-std-2\/#breadcrumb"},"inLanguage":"en-US","potentialAction":[{"@type":"ReadAction","target":["https:\/\/www.mexicanguitarplayers.com\/tienda\/sin categor\u00eda\/bajo-spector-electrico-mod-legend-5-std-2\/"]}]},{"@type":"ImageObject","inLanguage":"en-US","@id":"https:\/\/www.mexicanguitarplayers.com\/tienda\/sin categor\u00eda\/bajo-spector-electrico-mod-legend-5-std-2\/#primaryimage","url":"https:\/\/www.mexicanguitarplayers.com\/wp-content\/uploads\/2025\/04\/ISSPTLG5ST.jpg","contentUrl":"https:\/\/www.mexicanguitarplayers.com\/wp-content\/uploads\/2025\/04\/ISSPTLG5ST.jpg","width":800,"height":1600},{"@type":"BreadcrumbList","@id":"https:\/\/www.mexicanguitarplayers.com\/tienda\/sin categor\u00eda\/bajo-spector-electrico-mod-legend-5-std-2\/#breadcrumb","itemListElement":[{"@type":"ListItem","position":1,"name":"Portada","item":"https:\/\/www.mexicanguitarplayers.com\/"},{"@type":"ListItem","position":2,"name":"Tienda","item":"https:\/\/www.mexicanguitarplayers.com\/tienda\/"},{"@type":"ListItem","position":3,"name":"BAJO SPECTOR ELECTRICO MOD. LEGEND 5 STD"}]},{"@type":"WebSite","@id":"https:\/\/www.mexicanguitarplayers.com\/#website","url":"https:\/\/www.mexicanguitarplayers.com\/","name":"Mexican Guitar Players","description":"Website","publisher":{"@id":"https:\/\/www.mexicanguitarplayers.com\/#organization"},"potentialAction":[{"@type":"SearchAction","target":{"@type":"EntryPoint","urlTemplate":"https:\/\/www.mexicanguitarplayers.com\/?s={search_term_string}"},"query-input":{"@type":"PropertyValueSpecification","valueRequired":true,"valueName":"search_term_string"}}],"inLanguage":"en-US"},{"@type":"Organization","@id":"https:\/\/www.mexicanguitarplayers.com\/#organization","name":"Mexican Guitar Players","url":"https:\/\/www.mexicanguitarplayers.com\/","logo":{"@type":"ImageObject","inLanguage":"en-US","@id":"https:\/\/www.mexicanguitarplayers.com\/#\/schema\/logo\/image\/","url":"","contentUrl":"","caption":"Mexican Guitar Players"},"image":{"@id":"https:\/\/www.mexicanguitarplayers.com\/#\/schema\/logo\/image\/"}}]}},"brands":[{"id":374,"name":"SPECTOR","slug":"spector"}],"_links":{"self":[{"href":"https:\/\/www.mexicanguitarplayers.com\/en\/wp-json\/wp\/v2\/product\/29062","targetHints":{"allow":["GET"]}}],"collection":[{"href":"https:\/\/www.mexicanguitarplayers.com\/en\/wp-json\/wp\/v2\/product"}],"about":[{"href":"https:\/\/www.mexicanguitarplayers.com\/en\/wp-json\/wp\/v2\/types\/product"}],"replies":[{"embeddable":true,"href":"https:\/\/www.mexicanguitarplayers.com\/en\/wp-json\/wp\/v2\/comments?post=29062"}],"wp:featuredmedia":[{"embeddable":true,"href":"https:\/\/www.mexicanguitarplayers.com\/en\/wp-json\/wp\/v2\/media\/29051"}],"wp:attachment":[{"href":"https:\/\/www.mexicanguitarplayers.com\/en\/wp-json\/wp\/v2\/media?parent=29062"}],"wp:term":[{"taxonomy":"pwb-brand","embeddable":true,"href":"https:\/\/www.mexicanguitarplayers.com\/en\/wp-json\/wp\/v2\/pwb-brand?post=29062"},{"taxonomy":"product_brand","embeddable":true,"href":"https:\/\/www.mexicanguitarplayers.com\/en\/wp-json\/wp\/v2\/product_brand?post=29062"},{"taxonomy":"product_cat","embeddable":true,"href":"https:\/\/www.mexicanguitarplayers.com\/en\/wp-json\/wp\/v2\/product_cat?post=29062"},{"taxonomy":"product_tag","embeddable":true,"href":"https:\/\/www.mexicanguitarplayers.com\/en\/wp-json\/wp\/v2\/product_tag?post=29062"}],"curies":[{"name":"wp","href":"https:\/\/api.w.org\/{rel}","templated":true}]}}