{"id":29070,"date":"2025-04-08T10:29:36","date_gmt":"2025-04-08T16:29:36","guid":{"rendered":"https:\/\/www.mexicanguitarplayers.com\/tienda\/sin categor\u00eda\/pedal-blackstar-p-combo-fs-10\/"},"modified":"2025-05-09T07:29:32","modified_gmt":"2025-05-09T13:29:32","slug":"pedal-blackstar-p-combo-fs-10","status":"publish","type":"product","link":"https:\/\/www.mexicanguitarplayers.com\/en\/tienda\/accesorios\/para-guitarras\/pedales-conmutacion\/pedal-blackstar-p-combo-fs-10\/","title":{"rendered":"PEDAL BLACKSTAR P\/COMBO FS-10"},"content":{"rendered":"<div style=\"text-align: justify\">\n<div>\n<h3>Control total para tu :ID<\/h3>\n<\/div>\n<div>Dise\u00f1ado para funcionar con los siguientes amplificadores: ID: 15TVP, ID: 30TVP, ID: 60TVP, ID: 60TVP-H, ID: 260TVP e ID: 100TVP. El FS-10 es un footcontroller multifuncional que permite el acceso a los 128 parches m\u00e1s la funci\u00f3n de afinador. Funciona en 3 modos:  Modo Patch: Este modo te permite cambiar entre los 3 bancos de cuatro parches accesibles en el panel frontal del amplificador (parches 1-12) adem\u00e1s de los parches 13-128, adem\u00e1s del acceso a la funci\u00f3n de afinador y la capacidad de cambiar a los otros modos. Modo Effects: Este ofrece el cambio individual de los efectos dentro de un patch, funcionando m\u00e1s como los pedales de efectos tradicionales. En este modo, el cuarto interruptor se utiliza para controlar la funci\u00f3n de tap-time. Modo Navegaci\u00f3n: Permite el acceso al conjunto completo de 128 patches almacenados en el amplificador. Estos pueden ser escalonados a trav\u00e9s de uno a la vez o en bancos. Mientras que en este modo, tambi\u00e9n puedes almacenar los patches. <\/div>\n<div>\n<h4>Quick look<\/h4>\n<\/div>\n<ul style=\"margin: 0px 0px 0px 25px\">\n<li style=\"list-style-type: circle;margin: 5px\">Control total.<\/li>\n<li style=\"list-style-type: circle;margin: 5px\">F\u00e1cil uso.<\/li>\n<li style=\"list-style-type: circle;margin: 5px\">Modo Patch.<\/li>\n<li style=\"list-style-type: circle;margin: 5px\">Modo Effects.<\/li>\n<li style=\"list-style-type: circle;margin: 5px\">Modo Navegaci\u00f3n<\/li>\n<li style=\"list-style-type: circle;margin: 5px\">Dimensions.<\/li>\n<li style=\"list-style-type: circle;margin: 5px\">Weight.<\/li>\n<\/ul>\n<div>\n<div style=\"font-weight: bold\">Control total.<\/div>\n<div>\n<p>Controla y visualiza los presets, afinador, activaci\u00f3n de los efectos del amplificador, bancos, tap.<\/p>\n<\/div>\n<div style=\"font-weight: bold\">F\u00e1cil uso.<\/div>\n<div>\n<p>S\u00f3lo requiere un cable de guitarra para conectarse al amplificador.<\/p>\n<\/div>\n<div style=\"font-weight: bold\">Modo Patch.<\/div>\n<div>\n<p>Este modo te permite cambiar entre los 3 bancos de cuatro parches accesibles en el panel frontal del amplificador (parches 1-12) adem\u00e1s de los parches 13-128, adem\u00e1s del acceso a la funci\u00f3n de afinador y la capacidad de cambiar a los otros modos.<\/p>\n<\/div>\n<div style=\"font-weight: bold\">Modo Effects.<\/div>\n<div>\n<p>Este ofrece el cambio individual de los efectos dentro de un patch, funcionando m\u00e1s como los pedales de efectos tradicionales. En este modo, el cuarto interruptor se utiliza para controlar la funci\u00f3n de tap-time.<\/p>\n<\/div>\n<div style=\"font-weight: bold\">Modo Navegaci\u00f3n<\/div>\n<div>\n<p>Permite el acceso al conjunto completo de 128 patches almacenados en el amplificador. Estos pueden ser escalonados a trav\u00e9s de uno a la vez o en bancos. Mientras que en este modo, tambi\u00e9n puedes almacenar los patches.<\/p>\n<\/div>\n<div style=\"font-weight: bold\">Dimensions.<\/div>\n<div>\n<p>160 x 119 x 80 mm.<\/p>\n<\/div>\n<div style=\"font-weight: bold\">Weight.<\/div>\n<div>\n<p>1.2 kg.<\/p>\n<\/div>\n<\/div>\n<div>\n<h4>Characteristics<\/h4>\n<\/div>\n<div>\n<ul style=\"margin: 0px 0px 0px 25px\">\n<li style=\"list-style-type: circle;margin: 5px\">No requiere alimentaci\u00f3n externa.<\/li>\n<\/ul>\n<\/div>\n<\/div>","protected":false},"excerpt":{"rendered":"<p>Foot controller multifuncional que funciona con los siguientes amplificadores: ID:15TVP, ID:30TVP, ID:60TVP, ID:60TVP-H, ID:260TVP y ID:100TVP, permite el acceso a los 128 parches m\u00e1s la funci\u00f3n de afinador, funciona en 3 modos: Modo Patch: permite cambiar entre los 3 bancos de cuatro parches accesibles en el panel frontal del amplificador, Modo Effects: Ofrece cambio individual de efectos dentro de un patch, Modo Navegaci\u00f3n: Permite acceso al conjunto completo de 128 patches almacenados en el amplificador, dimensiones: 160 x 119 x 80 mm, peso: 1.2 kg.&hellip; <a class=\"kt-excerpt-readmore more-link\" href=\"https:\/\/www.mexicanguitarplayers.com\/en\/tienda\/accesorios\/para-guitarras\/pedales-conmutacion\/pedal-blackstar-p-combo-fs-10\/\">Read more<\/a><\/p>","protected":false},"featured_media":29065,"comment_status":"open","ping_status":"closed","template":"","meta":{"kt_blocks_editor_width":""},"pwb-brand":[172],"product_brand":[],"product_cat":[85,336,503],"product_tag":[],"class_list":{"0":"post-29070","1":"product","2":"type-product","3":"status-publish","4":"has-post-thumbnail","6":"pwb-brand-blackstar","7":"product_cat-accesorios","8":"product_cat-para-guitarras","9":"product_cat-pedales-conmutacion","10":"product_shipping_class-0-5-kg","12":"first","13":"outofstock","14":"taxable","15":"shipping-taxable","16":"purchasable","17":"product-type-simple"},"yoast_head":"<!-- This site is optimized with the Yoast SEO plugin v27.6 - https:\/\/yoast.com\/product\/yoast-seo-wordpress\/ -->\n<title>PEDAL BLACKSTAR P\/COMBO FS-10 - Mexican Guitar Players<\/title>\n<meta name=\"description\" content=\"Foot controller multifuncional que funciona con los siguientes amplificadores: ID:15TVP, ID:30TVP, ID:60TVP, ID:60TVP-H, ID:260TVP y ID:100TVP, permite el acceso a los 128 parches m\u00e1s la funci\u00f3n de afinador, funciona en 3 modos: Modo Patch: permite cambiar entre los 3 bancos de cuatro parches accesibles en el panel frontal del amplificador, Modo Effects: Ofrece cambio individual de efectos dentro de un patch, Modo Navegaci\u00f3n: Permite acceso al conjunto completo de 128 patches almacenados en el amplificador, dimensiones: 160 x 119 x 80 mm, peso: 1.2 kg.\" \/>\n<meta name=\"robots\" content=\"index, follow, max-snippet:-1, max-image-preview:large, max-video-preview:-1\" \/>\n<link rel=\"canonical\" href=\"https:\/\/www.mexicanguitarplayers.com\/en\/tienda\/sin%20categor\u00eda\/pedal-blackstar-p-combo-fs-10\/\" \/>\n<meta property=\"og:locale\" content=\"en_US\" \/>\n<meta property=\"og:type\" content=\"article\" \/>\n<meta property=\"og:title\" content=\"PEDAL BLACKSTAR P\/COMBO FS-10 - Mexican Guitar Players\" \/>\n<meta property=\"og:description\" content=\"Foot controller multifuncional que funciona con los siguientes amplificadores: ID:15TVP, ID:30TVP, ID:60TVP, ID:60TVP-H, ID:260TVP y ID:100TVP, permite el acceso a los 128 parches m\u00e1s la funci\u00f3n de afinador, funciona en 3 modos: Modo Patch: permite cambiar entre los 3 bancos de cuatro parches accesibles en el panel frontal del amplificador, Modo Effects: Ofrece cambio individual de efectos dentro de un patch, Modo Navegaci\u00f3n: Permite acceso al conjunto completo de 128 patches almacenados en el amplificador, dimensiones: 160 x 119 x 80 mm, peso: 1.2 kg.\" \/>\n<meta property=\"og:url\" content=\"https:\/\/www.mexicanguitarplayers.com\/en\/tienda\/sin categor\u00eda\/pedal-blackstar-p-combo-fs-10\/\" \/>\n<meta property=\"og:site_name\" content=\"Mexican Guitar Players\" \/>\n<meta property=\"article:modified_time\" content=\"2025-05-09T13:29:32+00:00\" \/>\n<meta name=\"twitter:card\" content=\"summary_large_image\" \/>\n<meta name=\"twitter:label1\" content=\"Est. reading time\" \/>\n\t<meta name=\"twitter:data1\" content=\"2 minutes\" \/>\n<script type=\"application\/ld+json\" class=\"yoast-schema-graph\">{\"@context\":\"https:\\\/\\\/schema.org\",\"@graph\":[{\"@type\":[\"WebPage\",\"ItemPage\"],\"@id\":\"https:\\\/\\\/www.mexicanguitarplayers.com\\\/tienda\\\/sin categor\u00eda\\\/pedal-blackstar-p-combo-fs-10\\\/\",\"url\":\"https:\\\/\\\/www.mexicanguitarplayers.com\\\/tienda\\\/sin categor\u00eda\\\/pedal-blackstar-p-combo-fs-10\\\/\",\"name\":\"PEDAL BLACKSTAR P\\\/COMBO FS-10 - Mexican Guitar Players\",\"isPartOf\":{\"@id\":\"https:\\\/\\\/www.mexicanguitarplayers.com\\\/#website\"},\"primaryImageOfPage\":{\"@id\":\"https:\\\/\\\/www.mexicanguitarplayers.com\\\/tienda\\\/sin categor\u00eda\\\/pedal-blackstar-p-combo-fs-10\\\/#primaryimage\"},\"image\":{\"@id\":\"https:\\\/\\\/www.mexicanguitarplayers.com\\\/tienda\\\/sin categor\u00eda\\\/pedal-blackstar-p-combo-fs-10\\\/#primaryimage\"},\"thumbnailUrl\":\"https:\\\/\\\/www.mexicanguitarplayers.com\\\/wp-content\\\/uploads\\\/2025\\\/04\\\/VABLSFS10.jpg\",\"datePublished\":\"2025-04-08T16:29:36+00:00\",\"dateModified\":\"2025-05-09T13:29:32+00:00\",\"description\":\"Foot controller multifuncional que funciona con los siguientes amplificadores: ID:15TVP, ID:30TVP, ID:60TVP, ID:60TVP-H, ID:260TVP y ID:100TVP, permite el acceso a los 128 parches m\u00e1s la funci\u00f3n de afinador, funciona en 3 modos: Modo Patch: permite cambiar entre los 3 bancos de cuatro parches accesibles en el panel frontal del amplificador, Modo Effects: Ofrece cambio individual de efectos dentro de un patch, Modo Navegaci\u00f3n: Permite acceso al conjunto completo de 128 patches almacenados en el amplificador, dimensiones: 160 x 119 x 80 mm, peso: 1.2 kg.\",\"breadcrumb\":{\"@id\":\"https:\\\/\\\/www.mexicanguitarplayers.com\\\/tienda\\\/sin categor\u00eda\\\/pedal-blackstar-p-combo-fs-10\\\/#breadcrumb\"},\"inLanguage\":\"en-US\",\"potentialAction\":[{\"@type\":\"ReadAction\",\"target\":[\"https:\\\/\\\/www.mexicanguitarplayers.com\\\/tienda\\\/sin categor\u00eda\\\/pedal-blackstar-p-combo-fs-10\\\/\"]}]},{\"@type\":\"ImageObject\",\"inLanguage\":\"en-US\",\"@id\":\"https:\\\/\\\/www.mexicanguitarplayers.com\\\/tienda\\\/sin categor\u00eda\\\/pedal-blackstar-p-combo-fs-10\\\/#primaryimage\",\"url\":\"https:\\\/\\\/www.mexicanguitarplayers.com\\\/wp-content\\\/uploads\\\/2025\\\/04\\\/VABLSFS10.jpg\",\"contentUrl\":\"https:\\\/\\\/www.mexicanguitarplayers.com\\\/wp-content\\\/uploads\\\/2025\\\/04\\\/VABLSFS10.jpg\",\"width\":1600,\"height\":800},{\"@type\":\"BreadcrumbList\",\"@id\":\"https:\\\/\\\/www.mexicanguitarplayers.com\\\/tienda\\\/sin categor\u00eda\\\/pedal-blackstar-p-combo-fs-10\\\/#breadcrumb\",\"itemListElement\":[{\"@type\":\"ListItem\",\"position\":1,\"name\":\"Portada\",\"item\":\"https:\\\/\\\/www.mexicanguitarplayers.com\\\/\"},{\"@type\":\"ListItem\",\"position\":2,\"name\":\"Tienda\",\"item\":\"https:\\\/\\\/www.mexicanguitarplayers.com\\\/tienda\\\/\"},{\"@type\":\"ListItem\",\"position\":3,\"name\":\"PEDAL BLACKSTAR P\\\/COMBO FS-10\"}]},{\"@type\":\"WebSite\",\"@id\":\"https:\\\/\\\/www.mexicanguitarplayers.com\\\/#website\",\"url\":\"https:\\\/\\\/www.mexicanguitarplayers.com\\\/\",\"name\":\"Mexican Guitar Players\",\"description\":\"Website\",\"publisher\":{\"@id\":\"https:\\\/\\\/www.mexicanguitarplayers.com\\\/#organization\"},\"potentialAction\":[{\"@type\":\"SearchAction\",\"target\":{\"@type\":\"EntryPoint\",\"urlTemplate\":\"https:\\\/\\\/www.mexicanguitarplayers.com\\\/?s={search_term_string}\"},\"query-input\":{\"@type\":\"PropertyValueSpecification\",\"valueRequired\":true,\"valueName\":\"search_term_string\"}}],\"inLanguage\":\"en-US\"},{\"@type\":\"Organization\",\"@id\":\"https:\\\/\\\/www.mexicanguitarplayers.com\\\/#organization\",\"name\":\"Mexican Guitar Players\",\"url\":\"https:\\\/\\\/www.mexicanguitarplayers.com\\\/\",\"logo\":{\"@type\":\"ImageObject\",\"inLanguage\":\"en-US\",\"@id\":\"https:\\\/\\\/www.mexicanguitarplayers.com\\\/#\\\/schema\\\/logo\\\/image\\\/\",\"url\":\"\",\"contentUrl\":\"\",\"caption\":\"Mexican Guitar Players\"},\"image\":{\"@id\":\"https:\\\/\\\/www.mexicanguitarplayers.com\\\/#\\\/schema\\\/logo\\\/image\\\/\"}}]}<\/script>\n<!-- \/ Yoast SEO plugin. -->","yoast_head_json":{"title":"PEDAL BLACKSTAR P\/COMBO FS-10 - Mexican Guitar Players","description":"Foot controller multifuncional que funciona con los siguientes amplificadores: ID:15TVP, ID:30TVP, ID:60TVP, ID:60TVP-H, ID:260TVP y ID:100TVP, permite el acceso a los 128 parches m\u00e1s la funci\u00f3n de afinador, funciona en 3 modos: Modo Patch: permite cambiar entre los 3 bancos de cuatro parches accesibles en el panel frontal del amplificador, Modo Effects: Ofrece cambio individual de efectos dentro de un patch, Modo Navegaci\u00f3n: Permite acceso al conjunto completo de 128 patches almacenados en el amplificador, dimensiones: 160 x 119 x 80 mm, peso: 1.2 kg.","robots":{"index":"index","follow":"follow","max-snippet":"max-snippet:-1","max-image-preview":"max-image-preview:large","max-video-preview":"max-video-preview:-1"},"canonical":"https:\/\/www.mexicanguitarplayers.com\/en\/tienda\/sin categor\u00eda\/pedal-blackstar-p-combo-fs-10\/","og_locale":"en_US","og_type":"article","og_title":"PEDAL BLACKSTAR P\/COMBO FS-10 - Mexican Guitar Players","og_description":"Foot controller multifuncional que funciona con los siguientes amplificadores: ID:15TVP, ID:30TVP, ID:60TVP, ID:60TVP-H, ID:260TVP y ID:100TVP, permite el acceso a los 128 parches m\u00e1s la funci\u00f3n de afinador, funciona en 3 modos: Modo Patch: permite cambiar entre los 3 bancos de cuatro parches accesibles en el panel frontal del amplificador, Modo Effects: Ofrece cambio individual de efectos dentro de un patch, Modo Navegaci\u00f3n: Permite acceso al conjunto completo de 128 patches almacenados en el amplificador, dimensiones: 160 x 119 x 80 mm, peso: 1.2 kg.","og_url":"https:\/\/www.mexicanguitarplayers.com\/en\/tienda\/sin categor\u00eda\/pedal-blackstar-p-combo-fs-10\/","og_site_name":"Mexican Guitar Players","article_modified_time":"2025-05-09T13:29:32+00:00","twitter_card":"summary_large_image","twitter_misc":{"Est. reading time":"2 minutes"},"schema":{"@context":"https:\/\/schema.org","@graph":[{"@type":["WebPage","ItemPage"],"@id":"https:\/\/www.mexicanguitarplayers.com\/tienda\/sin categor\u00eda\/pedal-blackstar-p-combo-fs-10\/","url":"https:\/\/www.mexicanguitarplayers.com\/tienda\/sin categor\u00eda\/pedal-blackstar-p-combo-fs-10\/","name":"PEDAL BLACKSTAR P\/COMBO FS-10 - Mexican Guitar Players","isPartOf":{"@id":"https:\/\/www.mexicanguitarplayers.com\/#website"},"primaryImageOfPage":{"@id":"https:\/\/www.mexicanguitarplayers.com\/tienda\/sin categor\u00eda\/pedal-blackstar-p-combo-fs-10\/#primaryimage"},"image":{"@id":"https:\/\/www.mexicanguitarplayers.com\/tienda\/sin categor\u00eda\/pedal-blackstar-p-combo-fs-10\/#primaryimage"},"thumbnailUrl":"https:\/\/www.mexicanguitarplayers.com\/wp-content\/uploads\/2025\/04\/VABLSFS10.jpg","datePublished":"2025-04-08T16:29:36+00:00","dateModified":"2025-05-09T13:29:32+00:00","description":"Foot controller multifuncional que funciona con los siguientes amplificadores: ID:15TVP, ID:30TVP, ID:60TVP, ID:60TVP-H, ID:260TVP y ID:100TVP, permite el acceso a los 128 parches m\u00e1s la funci\u00f3n de afinador, funciona en 3 modos: Modo Patch: permite cambiar entre los 3 bancos de cuatro parches accesibles en el panel frontal del amplificador, Modo Effects: Ofrece cambio individual de efectos dentro de un patch, Modo Navegaci\u00f3n: Permite acceso al conjunto completo de 128 patches almacenados en el amplificador, dimensiones: 160 x 119 x 80 mm, peso: 1.2 kg.","breadcrumb":{"@id":"https:\/\/www.mexicanguitarplayers.com\/tienda\/sin categor\u00eda\/pedal-blackstar-p-combo-fs-10\/#breadcrumb"},"inLanguage":"en-US","potentialAction":[{"@type":"ReadAction","target":["https:\/\/www.mexicanguitarplayers.com\/tienda\/sin categor\u00eda\/pedal-blackstar-p-combo-fs-10\/"]}]},{"@type":"ImageObject","inLanguage":"en-US","@id":"https:\/\/www.mexicanguitarplayers.com\/tienda\/sin categor\u00eda\/pedal-blackstar-p-combo-fs-10\/#primaryimage","url":"https:\/\/www.mexicanguitarplayers.com\/wp-content\/uploads\/2025\/04\/VABLSFS10.jpg","contentUrl":"https:\/\/www.mexicanguitarplayers.com\/wp-content\/uploads\/2025\/04\/VABLSFS10.jpg","width":1600,"height":800},{"@type":"BreadcrumbList","@id":"https:\/\/www.mexicanguitarplayers.com\/tienda\/sin categor\u00eda\/pedal-blackstar-p-combo-fs-10\/#breadcrumb","itemListElement":[{"@type":"ListItem","position":1,"name":"Portada","item":"https:\/\/www.mexicanguitarplayers.com\/"},{"@type":"ListItem","position":2,"name":"Tienda","item":"https:\/\/www.mexicanguitarplayers.com\/tienda\/"},{"@type":"ListItem","position":3,"name":"PEDAL BLACKSTAR P\/COMBO FS-10"}]},{"@type":"WebSite","@id":"https:\/\/www.mexicanguitarplayers.com\/#website","url":"https:\/\/www.mexicanguitarplayers.com\/","name":"Mexican Guitar Players","description":"Website","publisher":{"@id":"https:\/\/www.mexicanguitarplayers.com\/#organization"},"potentialAction":[{"@type":"SearchAction","target":{"@type":"EntryPoint","urlTemplate":"https:\/\/www.mexicanguitarplayers.com\/?s={search_term_string}"},"query-input":{"@type":"PropertyValueSpecification","valueRequired":true,"valueName":"search_term_string"}}],"inLanguage":"en-US"},{"@type":"Organization","@id":"https:\/\/www.mexicanguitarplayers.com\/#organization","name":"Mexican Guitar Players","url":"https:\/\/www.mexicanguitarplayers.com\/","logo":{"@type":"ImageObject","inLanguage":"en-US","@id":"https:\/\/www.mexicanguitarplayers.com\/#\/schema\/logo\/image\/","url":"","contentUrl":"","caption":"Mexican Guitar Players"},"image":{"@id":"https:\/\/www.mexicanguitarplayers.com\/#\/schema\/logo\/image\/"}}]}},"brands":[{"id":172,"name":"BLACKSTAR","slug":"blackstar"}],"_links":{"self":[{"href":"https:\/\/www.mexicanguitarplayers.com\/en\/wp-json\/wp\/v2\/product\/29070","targetHints":{"allow":["GET"]}}],"collection":[{"href":"https:\/\/www.mexicanguitarplayers.com\/en\/wp-json\/wp\/v2\/product"}],"about":[{"href":"https:\/\/www.mexicanguitarplayers.com\/en\/wp-json\/wp\/v2\/types\/product"}],"replies":[{"embeddable":true,"href":"https:\/\/www.mexicanguitarplayers.com\/en\/wp-json\/wp\/v2\/comments?post=29070"}],"wp:featuredmedia":[{"embeddable":true,"href":"https:\/\/www.mexicanguitarplayers.com\/en\/wp-json\/wp\/v2\/media\/29065"}],"wp:attachment":[{"href":"https:\/\/www.mexicanguitarplayers.com\/en\/wp-json\/wp\/v2\/media?parent=29070"}],"wp:term":[{"taxonomy":"pwb-brand","embeddable":true,"href":"https:\/\/www.mexicanguitarplayers.com\/en\/wp-json\/wp\/v2\/pwb-brand?post=29070"},{"taxonomy":"product_brand","embeddable":true,"href":"https:\/\/www.mexicanguitarplayers.com\/en\/wp-json\/wp\/v2\/product_brand?post=29070"},{"taxonomy":"product_cat","embeddable":true,"href":"https:\/\/www.mexicanguitarplayers.com\/en\/wp-json\/wp\/v2\/product_cat?post=29070"},{"taxonomy":"product_tag","embeddable":true,"href":"https:\/\/www.mexicanguitarplayers.com\/en\/wp-json\/wp\/v2\/product_tag?post=29070"}],"curies":[{"name":"wp","href":"https:\/\/api.w.org\/{rel}","templated":true}]}}