{"id":29089,"date":"2025-04-08T10:30:04","date_gmt":"2025-04-08T16:30:04","guid":{"rendered":"https:\/\/www.mexicanguitarplayers.com\/tienda\/sin categor\u00eda\/kit-planet-waves-armar-cable-pw-gpkit-50\/"},"modified":"2025-04-08T10:30:04","modified_gmt":"2025-04-08T16:30:04","slug":"kit-planet-waves-armar-cable-pw-gpkit-50","status":"publish","type":"product","link":"https:\/\/www.mexicanguitarplayers.com\/en\/tienda\/accesorios\/para-bateria\/hardware-para-bateria\/kit-planet-waves-armar-cable-pw-gpkit-50\/","title":{"rendered":"KIT PLANET WAVES ARMAR CABLE PW-GPKIT-50"},"content":{"rendered":"<div style=\"text-align: justify\">\n<div>\n<h3>Kit de cable sin soldadura para pedalera.<\/h3>\n<\/div>\n<div>Cable de corte personalizado para adaptarse al dise\u00f1o de tu pedalera. Los conectores y cables en este kit est\u00e1n especialmente dise\u00f1ados para un montaje r\u00e1pido y confiable. S\u00f3lo tienes que medir, cortar, atornillar y listo. Incluye 40 pies de cable (12 mts), 6 plugs angulados y 4 plugs rectos, destornillador y un mini cortador de cable.<\/div>\n<div>\n<h4>Quick look<\/h4>\n<\/div>\n<ul style=\"margin: 0px 0px 0px 25px\">\n<li style=\"list-style-type: circle;margin: 5px\">Accessories included.<\/li>\n<\/ul>\n<div>\n<div style=\"font-weight: bold\">Accessories included.<\/div>\n<div>\n<p>40 pies (12 metros) de cable. 6 plugs angulados y 4 plugs rectos. Destornillador. Mini cortador de cable.<\/p>\n<\/div>\n<\/div>\n<div>\n<h4>Characteristics<\/h4>\n<\/div>\n<div>\n<ul style=\"margin: 0px 0px 0px 25px\">\n<li style=\"list-style-type: circle;margin: 5px\">Kit de cable sin soldadura.<\/li>\n<li style=\"list-style-type: circle;margin: 5px\">Baja capacitancia para una transparencia pura de la se\u00f1al.<\/li>\n<li style=\"list-style-type: circle;margin: 5px\">Plugs chapados en oro de 24 quilates.<\/li>\n<li style=\"list-style-type: circle;margin: 5px\">Flujo superior de la se\u00f1al.<\/li>\n<li style=\"list-style-type: circle;margin: 5px\">Resistentes a la corrosi\u00f3n.<\/li>\n<li style=\"list-style-type: circle;margin: 5px\">Plugs sin soldadura se conectan al cable en segundos.<\/li>\n<li style=\"list-style-type: circle;margin: 5px\">Crea el cable del tama\u00f1o exacto que lo necesitas.<\/li>\n<\/ul>\n<\/div>\n<\/div>","protected":false},"excerpt":{"rendered":"<p>Kit de cable sin soldadura para pedaleras, baja capacitancia para una transparencia pura de la se\u00f1al, plugs chapados en oro de 24 quilates que proporcionan un flujo superior de la se\u00f1al y son resistentes a la corrosi\u00f3n, los plugs sin soldadura se conectan al cable en segundos sin importar en d\u00f3nde est\u00e9s, crea el cable del tama\u00f1o exacto que lo necesitas, incluye 40 pies (12 metros) de cable, 6 plugs angulados y 4 plugs rectos, destornillador y un mini cortador de cable.&hellip; <a class=\"kt-excerpt-readmore more-link\" href=\"https:\/\/www.mexicanguitarplayers.com\/en\/tienda\/accesorios\/para-bateria\/hardware-para-bateria\/kit-planet-waves-armar-cable-pw-gpkit-50\/\">Read more<\/a><\/p>","protected":false},"featured_media":29088,"comment_status":"open","ping_status":"closed","template":"","meta":{"kt_blocks_editor_width":""},"pwb-brand":[604],"product_brand":[],"product_cat":[85,435,336],"product_tag":[],"class_list":{"0":"post-29089","1":"product","2":"type-product","3":"status-publish","4":"has-post-thumbnail","6":"pwb-brand-planet-waves","7":"product_cat-accesorios","8":"product_cat-hardware-para-bateria","9":"product_cat-para-guitarras","10":"product_shipping_class-0-5-kg","12":"first","13":"outofstock","14":"taxable","15":"shipping-taxable","16":"purchasable","17":"product-type-simple"},"yoast_head":"<!-- This site is optimized with the Yoast SEO plugin v27.3 - https:\/\/yoast.com\/product\/yoast-seo-wordpress\/ -->\n<title>KIT PLANET WAVES ARMAR CABLE PW-GPKIT-50 - Mexican Guitar Players<\/title>\n<meta name=\"description\" content=\"Kit de cable sin soldadura para pedaleras, baja capacitancia para una transparencia pura de la se\u00f1al, plugs chapados en oro de 24 quilates que proporcionan un flujo superior de la se\u00f1al y son resistentes a la corrosi\u00f3n, los plugs sin soldadura se conectan al cable en segundos sin importar en d\u00f3nde est\u00e9s, crea el cable del tama\u00f1o exacto que lo necesitas, incluye 40 pies (12 metros) de cable, 6 plugs angulados y 4 plugs rectos, destornillador y un mini cortador de cable.\" \/>\n<meta name=\"robots\" content=\"index, follow, max-snippet:-1, max-image-preview:large, max-video-preview:-1\" \/>\n<link rel=\"canonical\" href=\"https:\/\/www.mexicanguitarplayers.com\/en\/tienda\/sin%20categor\u00eda\/kit-planet-waves-armar-cable-pw-gpkit-50\/\" \/>\n<meta property=\"og:locale\" content=\"en_US\" \/>\n<meta property=\"og:type\" content=\"article\" \/>\n<meta property=\"og:title\" content=\"KIT PLANET WAVES ARMAR CABLE PW-GPKIT-50 - Mexican Guitar Players\" \/>\n<meta property=\"og:description\" content=\"Kit de cable sin soldadura para pedaleras, baja capacitancia para una transparencia pura de la se\u00f1al, plugs chapados en oro de 24 quilates que proporcionan un flujo superior de la se\u00f1al y son resistentes a la corrosi\u00f3n, los plugs sin soldadura se conectan al cable en segundos sin importar en d\u00f3nde est\u00e9s, crea el cable del tama\u00f1o exacto que lo necesitas, incluye 40 pies (12 metros) de cable, 6 plugs angulados y 4 plugs rectos, destornillador y un mini cortador de cable.\" \/>\n<meta property=\"og:url\" content=\"https:\/\/www.mexicanguitarplayers.com\/en\/tienda\/sin categor\u00eda\/kit-planet-waves-armar-cable-pw-gpkit-50\/\" \/>\n<meta property=\"og:site_name\" content=\"Mexican Guitar Players\" \/>\n<meta name=\"twitter:card\" content=\"summary_large_image\" \/>\n<meta name=\"twitter:label1\" content=\"Est. reading time\" \/>\n\t<meta name=\"twitter:data1\" content=\"1 minute\" \/>\n<script type=\"application\/ld+json\" class=\"yoast-schema-graph\">{\"@context\":\"https:\\\/\\\/schema.org\",\"@graph\":[{\"@type\":[\"WebPage\",\"ItemPage\"],\"@id\":\"https:\\\/\\\/www.mexicanguitarplayers.com\\\/tienda\\\/sin categor\u00eda\\\/kit-planet-waves-armar-cable-pw-gpkit-50\\\/\",\"url\":\"https:\\\/\\\/www.mexicanguitarplayers.com\\\/tienda\\\/sin categor\u00eda\\\/kit-planet-waves-armar-cable-pw-gpkit-50\\\/\",\"name\":\"KIT PLANET WAVES ARMAR CABLE PW-GPKIT-50 - Mexican Guitar Players\",\"isPartOf\":{\"@id\":\"https:\\\/\\\/www.mexicanguitarplayers.com\\\/#website\"},\"primaryImageOfPage\":{\"@id\":\"https:\\\/\\\/www.mexicanguitarplayers.com\\\/tienda\\\/sin categor\u00eda\\\/kit-planet-waves-armar-cable-pw-gpkit-50\\\/#primaryimage\"},\"image\":{\"@id\":\"https:\\\/\\\/www.mexicanguitarplayers.com\\\/tienda\\\/sin categor\u00eda\\\/kit-planet-waves-armar-cable-pw-gpkit-50\\\/#primaryimage\"},\"thumbnailUrl\":\"https:\\\/\\\/www.mexicanguitarplayers.com\\\/wp-content\\\/uploads\\\/2025\\\/04\\\/RAPWAPWGPKIT50.jpg\",\"datePublished\":\"2025-04-08T16:30:04+00:00\",\"description\":\"Kit de cable sin soldadura para pedaleras, baja capacitancia para una transparencia pura de la se\u00f1al, plugs chapados en oro de 24 quilates que proporcionan un flujo superior de la se\u00f1al y son resistentes a la corrosi\u00f3n, los plugs sin soldadura se conectan al cable en segundos sin importar en d\u00f3nde est\u00e9s, crea el cable del tama\u00f1o exacto que lo necesitas, incluye 40 pies (12 metros) de cable, 6 plugs angulados y 4 plugs rectos, destornillador y un mini cortador de cable.\",\"breadcrumb\":{\"@id\":\"https:\\\/\\\/www.mexicanguitarplayers.com\\\/tienda\\\/sin categor\u00eda\\\/kit-planet-waves-armar-cable-pw-gpkit-50\\\/#breadcrumb\"},\"inLanguage\":\"en-US\",\"potentialAction\":[{\"@type\":\"ReadAction\",\"target\":[\"https:\\\/\\\/www.mexicanguitarplayers.com\\\/tienda\\\/sin categor\u00eda\\\/kit-planet-waves-armar-cable-pw-gpkit-50\\\/\"]}]},{\"@type\":\"ImageObject\",\"inLanguage\":\"en-US\",\"@id\":\"https:\\\/\\\/www.mexicanguitarplayers.com\\\/tienda\\\/sin categor\u00eda\\\/kit-planet-waves-armar-cable-pw-gpkit-50\\\/#primaryimage\",\"url\":\"https:\\\/\\\/www.mexicanguitarplayers.com\\\/wp-content\\\/uploads\\\/2025\\\/04\\\/RAPWAPWGPKIT50.jpg\",\"contentUrl\":\"https:\\\/\\\/www.mexicanguitarplayers.com\\\/wp-content\\\/uploads\\\/2025\\\/04\\\/RAPWAPWGPKIT50.jpg\",\"width\":1200,\"height\":1200},{\"@type\":\"BreadcrumbList\",\"@id\":\"https:\\\/\\\/www.mexicanguitarplayers.com\\\/tienda\\\/sin categor\u00eda\\\/kit-planet-waves-armar-cable-pw-gpkit-50\\\/#breadcrumb\",\"itemListElement\":[{\"@type\":\"ListItem\",\"position\":1,\"name\":\"Portada\",\"item\":\"https:\\\/\\\/www.mexicanguitarplayers.com\\\/\"},{\"@type\":\"ListItem\",\"position\":2,\"name\":\"Tienda\",\"item\":\"https:\\\/\\\/www.mexicanguitarplayers.com\\\/tienda\\\/\"},{\"@type\":\"ListItem\",\"position\":3,\"name\":\"KIT PLANET WAVES ARMAR CABLE PW-GPKIT-50\"}]},{\"@type\":\"WebSite\",\"@id\":\"https:\\\/\\\/www.mexicanguitarplayers.com\\\/#website\",\"url\":\"https:\\\/\\\/www.mexicanguitarplayers.com\\\/\",\"name\":\"Mexican Guitar Players\",\"description\":\"Website\",\"publisher\":{\"@id\":\"https:\\\/\\\/www.mexicanguitarplayers.com\\\/#organization\"},\"potentialAction\":[{\"@type\":\"SearchAction\",\"target\":{\"@type\":\"EntryPoint\",\"urlTemplate\":\"https:\\\/\\\/www.mexicanguitarplayers.com\\\/?s={search_term_string}\"},\"query-input\":{\"@type\":\"PropertyValueSpecification\",\"valueRequired\":true,\"valueName\":\"search_term_string\"}}],\"inLanguage\":\"en-US\"},{\"@type\":\"Organization\",\"@id\":\"https:\\\/\\\/www.mexicanguitarplayers.com\\\/#organization\",\"name\":\"Mexican Guitar Players\",\"url\":\"https:\\\/\\\/www.mexicanguitarplayers.com\\\/\",\"logo\":{\"@type\":\"ImageObject\",\"inLanguage\":\"en-US\",\"@id\":\"https:\\\/\\\/www.mexicanguitarplayers.com\\\/#\\\/schema\\\/logo\\\/image\\\/\",\"url\":\"\",\"contentUrl\":\"\",\"caption\":\"Mexican Guitar Players\"},\"image\":{\"@id\":\"https:\\\/\\\/www.mexicanguitarplayers.com\\\/#\\\/schema\\\/logo\\\/image\\\/\"}}]}<\/script>\n<!-- \/ Yoast SEO plugin. -->","yoast_head_json":{"title":"KIT PLANET WAVES ARMAR CABLE PW-GPKIT-50 - Mexican Guitar Players","description":"Kit de cable sin soldadura para pedaleras, baja capacitancia para una transparencia pura de la se\u00f1al, plugs chapados en oro de 24 quilates que proporcionan un flujo superior de la se\u00f1al y son resistentes a la corrosi\u00f3n, los plugs sin soldadura se conectan al cable en segundos sin importar en d\u00f3nde est\u00e9s, crea el cable del tama\u00f1o exacto que lo necesitas, incluye 40 pies (12 metros) de cable, 6 plugs angulados y 4 plugs rectos, destornillador y un mini cortador de cable.","robots":{"index":"index","follow":"follow","max-snippet":"max-snippet:-1","max-image-preview":"max-image-preview:large","max-video-preview":"max-video-preview:-1"},"canonical":"https:\/\/www.mexicanguitarplayers.com\/en\/tienda\/sin categor\u00eda\/kit-planet-waves-armar-cable-pw-gpkit-50\/","og_locale":"en_US","og_type":"article","og_title":"KIT PLANET WAVES ARMAR CABLE PW-GPKIT-50 - Mexican Guitar Players","og_description":"Kit de cable sin soldadura para pedaleras, baja capacitancia para una transparencia pura de la se\u00f1al, plugs chapados en oro de 24 quilates que proporcionan un flujo superior de la se\u00f1al y son resistentes a la corrosi\u00f3n, los plugs sin soldadura se conectan al cable en segundos sin importar en d\u00f3nde est\u00e9s, crea el cable del tama\u00f1o exacto que lo necesitas, incluye 40 pies (12 metros) de cable, 6 plugs angulados y 4 plugs rectos, destornillador y un mini cortador de cable.","og_url":"https:\/\/www.mexicanguitarplayers.com\/en\/tienda\/sin categor\u00eda\/kit-planet-waves-armar-cable-pw-gpkit-50\/","og_site_name":"Mexican Guitar Players","twitter_card":"summary_large_image","twitter_misc":{"Est. reading time":"1 minute"},"schema":{"@context":"https:\/\/schema.org","@graph":[{"@type":["WebPage","ItemPage"],"@id":"https:\/\/www.mexicanguitarplayers.com\/tienda\/sin categor\u00eda\/kit-planet-waves-armar-cable-pw-gpkit-50\/","url":"https:\/\/www.mexicanguitarplayers.com\/tienda\/sin categor\u00eda\/kit-planet-waves-armar-cable-pw-gpkit-50\/","name":"KIT PLANET WAVES ARMAR CABLE PW-GPKIT-50 - Mexican Guitar Players","isPartOf":{"@id":"https:\/\/www.mexicanguitarplayers.com\/#website"},"primaryImageOfPage":{"@id":"https:\/\/www.mexicanguitarplayers.com\/tienda\/sin categor\u00eda\/kit-planet-waves-armar-cable-pw-gpkit-50\/#primaryimage"},"image":{"@id":"https:\/\/www.mexicanguitarplayers.com\/tienda\/sin categor\u00eda\/kit-planet-waves-armar-cable-pw-gpkit-50\/#primaryimage"},"thumbnailUrl":"https:\/\/www.mexicanguitarplayers.com\/wp-content\/uploads\/2025\/04\/RAPWAPWGPKIT50.jpg","datePublished":"2025-04-08T16:30:04+00:00","description":"Kit de cable sin soldadura para pedaleras, baja capacitancia para una transparencia pura de la se\u00f1al, plugs chapados en oro de 24 quilates que proporcionan un flujo superior de la se\u00f1al y son resistentes a la corrosi\u00f3n, los plugs sin soldadura se conectan al cable en segundos sin importar en d\u00f3nde est\u00e9s, crea el cable del tama\u00f1o exacto que lo necesitas, incluye 40 pies (12 metros) de cable, 6 plugs angulados y 4 plugs rectos, destornillador y un mini cortador de cable.","breadcrumb":{"@id":"https:\/\/www.mexicanguitarplayers.com\/tienda\/sin categor\u00eda\/kit-planet-waves-armar-cable-pw-gpkit-50\/#breadcrumb"},"inLanguage":"en-US","potentialAction":[{"@type":"ReadAction","target":["https:\/\/www.mexicanguitarplayers.com\/tienda\/sin categor\u00eda\/kit-planet-waves-armar-cable-pw-gpkit-50\/"]}]},{"@type":"ImageObject","inLanguage":"en-US","@id":"https:\/\/www.mexicanguitarplayers.com\/tienda\/sin categor\u00eda\/kit-planet-waves-armar-cable-pw-gpkit-50\/#primaryimage","url":"https:\/\/www.mexicanguitarplayers.com\/wp-content\/uploads\/2025\/04\/RAPWAPWGPKIT50.jpg","contentUrl":"https:\/\/www.mexicanguitarplayers.com\/wp-content\/uploads\/2025\/04\/RAPWAPWGPKIT50.jpg","width":1200,"height":1200},{"@type":"BreadcrumbList","@id":"https:\/\/www.mexicanguitarplayers.com\/tienda\/sin categor\u00eda\/kit-planet-waves-armar-cable-pw-gpkit-50\/#breadcrumb","itemListElement":[{"@type":"ListItem","position":1,"name":"Portada","item":"https:\/\/www.mexicanguitarplayers.com\/"},{"@type":"ListItem","position":2,"name":"Tienda","item":"https:\/\/www.mexicanguitarplayers.com\/tienda\/"},{"@type":"ListItem","position":3,"name":"KIT PLANET WAVES ARMAR CABLE PW-GPKIT-50"}]},{"@type":"WebSite","@id":"https:\/\/www.mexicanguitarplayers.com\/#website","url":"https:\/\/www.mexicanguitarplayers.com\/","name":"Mexican Guitar Players","description":"Website","publisher":{"@id":"https:\/\/www.mexicanguitarplayers.com\/#organization"},"potentialAction":[{"@type":"SearchAction","target":{"@type":"EntryPoint","urlTemplate":"https:\/\/www.mexicanguitarplayers.com\/?s={search_term_string}"},"query-input":{"@type":"PropertyValueSpecification","valueRequired":true,"valueName":"search_term_string"}}],"inLanguage":"en-US"},{"@type":"Organization","@id":"https:\/\/www.mexicanguitarplayers.com\/#organization","name":"Mexican Guitar Players","url":"https:\/\/www.mexicanguitarplayers.com\/","logo":{"@type":"ImageObject","inLanguage":"en-US","@id":"https:\/\/www.mexicanguitarplayers.com\/#\/schema\/logo\/image\/","url":"","contentUrl":"","caption":"Mexican Guitar Players"},"image":{"@id":"https:\/\/www.mexicanguitarplayers.com\/#\/schema\/logo\/image\/"}}]}},"brands":[{"id":604,"name":"PLANET WAVES","slug":"planet-waves"}],"_links":{"self":[{"href":"https:\/\/www.mexicanguitarplayers.com\/en\/wp-json\/wp\/v2\/product\/29089","targetHints":{"allow":["GET"]}}],"collection":[{"href":"https:\/\/www.mexicanguitarplayers.com\/en\/wp-json\/wp\/v2\/product"}],"about":[{"href":"https:\/\/www.mexicanguitarplayers.com\/en\/wp-json\/wp\/v2\/types\/product"}],"replies":[{"embeddable":true,"href":"https:\/\/www.mexicanguitarplayers.com\/en\/wp-json\/wp\/v2\/comments?post=29089"}],"wp:featuredmedia":[{"embeddable":true,"href":"https:\/\/www.mexicanguitarplayers.com\/en\/wp-json\/wp\/v2\/media\/29088"}],"wp:attachment":[{"href":"https:\/\/www.mexicanguitarplayers.com\/en\/wp-json\/wp\/v2\/media?parent=29089"}],"wp:term":[{"taxonomy":"pwb-brand","embeddable":true,"href":"https:\/\/www.mexicanguitarplayers.com\/en\/wp-json\/wp\/v2\/pwb-brand?post=29089"},{"taxonomy":"product_brand","embeddable":true,"href":"https:\/\/www.mexicanguitarplayers.com\/en\/wp-json\/wp\/v2\/product_brand?post=29089"},{"taxonomy":"product_cat","embeddable":true,"href":"https:\/\/www.mexicanguitarplayers.com\/en\/wp-json\/wp\/v2\/product_cat?post=29089"},{"taxonomy":"product_tag","embeddable":true,"href":"https:\/\/www.mexicanguitarplayers.com\/en\/wp-json\/wp\/v2\/product_tag?post=29089"}],"curies":[{"name":"wp","href":"https:\/\/api.w.org\/{rel}","templated":true}]}}