{"id":29101,"date":"2025-04-08T10:30:20","date_gmt":"2025-04-08T16:30:20","guid":{"rendered":"https:\/\/www.mexicanguitarplayers.com\/tienda\/sin categor\u00eda\/bafle-behringer-mod-sat-1008-suba\/"},"modified":"2026-04-10T04:39:15","modified_gmt":"2026-04-10T10:39:15","slug":"bafle-behringer-mod-sat-1008-suba","status":"publish","type":"product","link":"https:\/\/www.mexicanguitarplayers.com\/en\/tienda\/audio\/bafles-y-bocinas\/bafles\/bafles-activos\/bafle-behringer-mod-sat-1008-suba\/","title":{"rendered":"BAFLE BEHRINGER MOD. SAT 1008 SUBA"},"content":{"rendered":"<div style=\"text-align: justify\">\n<div>\n<h3>BAFLE BEHRINGER MOD. SAT 1008 SUBA<\/h3>\n<\/div>\n<div>El SAT 1008 SUBA es un subwoofer activo de 600 vatios dise\u00f1ado para una reproducci\u00f3n de frecuencias bajas excepcional. Su crossover est\u00e9reo integrado lo hace ideal para usar con cualquier altavoz de 2 v\u00edas activo de nuestra l\u00ednea. Impulsado por un amplificador de clase D de 600 vatios y equipado con un subwoofer de 8 pulgadas de larga excursi\u00f3n, el SAT 1008 SUBA produce niveles extremos de graves ricos, profundos y n\u00edtidos.<\/div>\n<div>\n<h4>Characteristics<\/h4>\n<\/div>\n<div>\n<ul style=\"margin: 0px 0px 0px 25px\">\n<li style=\"list-style-type: circle;margin: 5px\">Amplificador<\/li>\n<li style=\"list-style-type: circle;margin: 5px\">Entradas de audio<\/li>\n<li style=\"list-style-type: circle;margin: 5px\">Salidas de audio<\/li>\n<li style=\"list-style-type: circle;margin: 5px\">Control <\/li>\n<li style=\"list-style-type: circle;margin: 5px\">Datos de sistema<\/li>\n<li style=\"list-style-type: circle;margin: 5px\">Indicadores<\/li>\n<\/ul>\n<\/div>\n<\/div>","protected":false},"excerpt":{"rendered":"<p>El SAT 1008 SUBA es un subwoofer potente de 600 vatios dise\u00f1ado tanto para aplicaciones en vivo como de reproducci\u00f3n. Incorpora un impresionante altavoz de 8 pulgadas de larga excursi\u00f3n que proporciona bajos profundos y una potencia ac\u00fastica incre\u00edble. Con su amplificador de clase D de 600 vatios y su crossover est\u00e9reo activo integrado, ofrece una reproducci\u00f3n precisa de las frecuencias ultra bajas para un impacto y punch robustos. Adem\u00e1s, cuenta con controles de fase, volumen y frecuencias bajas, as\u00ed como con protecci\u00f3n inteligente y limitaci\u00f3n para un rendimiento \u00f3ptimo y protecci\u00f3n del woofer. Su dise\u00f1o ergon\u00f3mico incluye asas para un transporte f\u00e1cil y una rejilla de acero resistente para protecci\u00f3n adicional del altavoz.&hellip; <a class=\"kt-excerpt-readmore more-link\" href=\"https:\/\/www.mexicanguitarplayers.com\/en\/tienda\/audio\/bafles-y-bocinas\/bafles\/bafles-activos\/bafle-behringer-mod-sat-1008-suba\/\">Read more<\/a><\/p>","protected":false},"featured_media":29097,"comment_status":"open","ping_status":"closed","template":"","meta":{"kt_blocks_editor_width":""},"pwb-brand":[171],"product_brand":[],"product_cat":[213,222,472,221],"product_tag":[],"class_list":{"0":"post-29101","1":"product","2":"type-product","3":"status-publish","4":"has-post-thumbnail","6":"pwb-brand-behringer","7":"product_cat-audio","8":"product_cat-bafles","9":"product_cat-bafles-activos","10":"product_cat-bafles-y-bocinas","11":"product_shipping_class-15-20-kg","13":"first","14":"outofstock","15":"taxable","16":"shipping-taxable","17":"purchasable","18":"product-type-simple"},"yoast_head":"<!-- This site is optimized with the Yoast SEO plugin v27.5 - https:\/\/yoast.com\/product\/yoast-seo-wordpress\/ -->\n<title>BAFLE BEHRINGER MOD. SAT 1008 SUBA - Mexican Guitar Players<\/title>\n<meta name=\"description\" content=\"El SAT 1008 SUBA es un subwoofer potente de 600 vatios dise\u00f1ado tanto para aplicaciones en vivo como de reproducci\u00f3n. Incorpora un impresionante altavoz de 8 pulgadas de larga excursi\u00f3n que proporciona bajos profundos y una potencia ac\u00fastica incre\u00edble. Con su amplificador de clase D de 600 vatios y su crossover est\u00e9reo activo integrado, ofrece una reproducci\u00f3n precisa de las frecuencias ultra bajas para un impacto y punch robustos. Adem\u00e1s, cuenta con controles de fase, volumen y frecuencias bajas, as\u00ed como con protecci\u00f3n inteligente y limitaci\u00f3n para un rendimiento \u00f3ptimo y protecci\u00f3n del woofer. Su dise\u00f1o ergon\u00f3mico incluye asas para un transporte f\u00e1cil y una rejilla de acero resistente para protecci\u00f3n adicional del altavoz.\" \/>\n<meta name=\"robots\" content=\"index, follow, max-snippet:-1, max-image-preview:large, max-video-preview:-1\" \/>\n<link rel=\"canonical\" href=\"https:\/\/www.mexicanguitarplayers.com\/en\/tienda\/sin%20categor\u00eda\/bafle-behringer-mod-sat-1008-suba\/\" \/>\n<meta property=\"og:locale\" content=\"en_US\" \/>\n<meta property=\"og:type\" content=\"article\" \/>\n<meta property=\"og:title\" content=\"BAFLE BEHRINGER MOD. SAT 1008 SUBA - Mexican Guitar Players\" \/>\n<meta property=\"og:description\" content=\"El SAT 1008 SUBA es un subwoofer potente de 600 vatios dise\u00f1ado tanto para aplicaciones en vivo como de reproducci\u00f3n. Incorpora un impresionante altavoz de 8 pulgadas de larga excursi\u00f3n que proporciona bajos profundos y una potencia ac\u00fastica incre\u00edble. Con su amplificador de clase D de 600 vatios y su crossover est\u00e9reo activo integrado, ofrece una reproducci\u00f3n precisa de las frecuencias ultra bajas para un impacto y punch robustos. Adem\u00e1s, cuenta con controles de fase, volumen y frecuencias bajas, as\u00ed como con protecci\u00f3n inteligente y limitaci\u00f3n para un rendimiento \u00f3ptimo y protecci\u00f3n del woofer. Su dise\u00f1o ergon\u00f3mico incluye asas para un transporte f\u00e1cil y una rejilla de acero resistente para protecci\u00f3n adicional del altavoz.\" \/>\n<meta property=\"og:url\" content=\"https:\/\/www.mexicanguitarplayers.com\/en\/tienda\/sin categor\u00eda\/bafle-behringer-mod-sat-1008-suba\/\" \/>\n<meta property=\"og:site_name\" content=\"Mexican Guitar Players\" \/>\n<meta property=\"article:modified_time\" content=\"2026-04-10T10:39:15+00:00\" \/>\n<meta name=\"twitter:card\" content=\"summary_large_image\" \/>\n<script type=\"application\/ld+json\" class=\"yoast-schema-graph\">{\"@context\":\"https:\\\/\\\/schema.org\",\"@graph\":[{\"@type\":[\"WebPage\",\"ItemPage\"],\"@id\":\"https:\\\/\\\/www.mexicanguitarplayers.com\\\/tienda\\\/sin categor\u00eda\\\/bafle-behringer-mod-sat-1008-suba\\\/\",\"url\":\"https:\\\/\\\/www.mexicanguitarplayers.com\\\/tienda\\\/sin categor\u00eda\\\/bafle-behringer-mod-sat-1008-suba\\\/\",\"name\":\"BAFLE BEHRINGER MOD. SAT 1008 SUBA - Mexican Guitar Players\",\"isPartOf\":{\"@id\":\"https:\\\/\\\/www.mexicanguitarplayers.com\\\/#website\"},\"primaryImageOfPage\":{\"@id\":\"https:\\\/\\\/www.mexicanguitarplayers.com\\\/tienda\\\/sin categor\u00eda\\\/bafle-behringer-mod-sat-1008-suba\\\/#primaryimage\"},\"image\":{\"@id\":\"https:\\\/\\\/www.mexicanguitarplayers.com\\\/tienda\\\/sin categor\u00eda\\\/bafle-behringer-mod-sat-1008-suba\\\/#primaryimage\"},\"thumbnailUrl\":\"https:\\\/\\\/www.mexicanguitarplayers.com\\\/wp-content\\\/uploads\\\/2025\\\/04\\\/IABEHSAT1008SU.jpg\",\"datePublished\":\"2025-04-08T16:30:20+00:00\",\"dateModified\":\"2026-04-10T10:39:15+00:00\",\"description\":\"El SAT 1008 SUBA es un subwoofer potente de 600 vatios dise\u00f1ado tanto para aplicaciones en vivo como de reproducci\u00f3n. Incorpora un impresionante altavoz de 8 pulgadas de larga excursi\u00f3n que proporciona bajos profundos y una potencia ac\u00fastica incre\u00edble. Con su amplificador de clase D de 600 vatios y su crossover est\u00e9reo activo integrado, ofrece una reproducci\u00f3n precisa de las frecuencias ultra bajas para un impacto y punch robustos. Adem\u00e1s, cuenta con controles de fase, volumen y frecuencias bajas, as\u00ed como con protecci\u00f3n inteligente y limitaci\u00f3n para un rendimiento \u00f3ptimo y protecci\u00f3n del woofer. Su dise\u00f1o ergon\u00f3mico incluye asas para un transporte f\u00e1cil y una rejilla de acero resistente para protecci\u00f3n adicional del altavoz.\",\"breadcrumb\":{\"@id\":\"https:\\\/\\\/www.mexicanguitarplayers.com\\\/tienda\\\/sin categor\u00eda\\\/bafle-behringer-mod-sat-1008-suba\\\/#breadcrumb\"},\"inLanguage\":\"en-US\",\"potentialAction\":[{\"@type\":\"ReadAction\",\"target\":[\"https:\\\/\\\/www.mexicanguitarplayers.com\\\/tienda\\\/sin categor\u00eda\\\/bafle-behringer-mod-sat-1008-suba\\\/\"]}]},{\"@type\":\"ImageObject\",\"inLanguage\":\"en-US\",\"@id\":\"https:\\\/\\\/www.mexicanguitarplayers.com\\\/tienda\\\/sin categor\u00eda\\\/bafle-behringer-mod-sat-1008-suba\\\/#primaryimage\",\"url\":\"https:\\\/\\\/www.mexicanguitarplayers.com\\\/wp-content\\\/uploads\\\/2025\\\/04\\\/IABEHSAT1008SU.jpg\",\"contentUrl\":\"https:\\\/\\\/www.mexicanguitarplayers.com\\\/wp-content\\\/uploads\\\/2025\\\/04\\\/IABEHSAT1008SU.jpg\",\"width\":1200,\"height\":1200},{\"@type\":\"BreadcrumbList\",\"@id\":\"https:\\\/\\\/www.mexicanguitarplayers.com\\\/tienda\\\/sin categor\u00eda\\\/bafle-behringer-mod-sat-1008-suba\\\/#breadcrumb\",\"itemListElement\":[{\"@type\":\"ListItem\",\"position\":1,\"name\":\"Portada\",\"item\":\"https:\\\/\\\/www.mexicanguitarplayers.com\\\/\"},{\"@type\":\"ListItem\",\"position\":2,\"name\":\"Tienda\",\"item\":\"https:\\\/\\\/www.mexicanguitarplayers.com\\\/tienda\\\/\"},{\"@type\":\"ListItem\",\"position\":3,\"name\":\"BAFLE BEHRINGER MOD. SAT 1008 SUBA\"}]},{\"@type\":\"WebSite\",\"@id\":\"https:\\\/\\\/www.mexicanguitarplayers.com\\\/#website\",\"url\":\"https:\\\/\\\/www.mexicanguitarplayers.com\\\/\",\"name\":\"Mexican Guitar Players\",\"description\":\"Website\",\"publisher\":{\"@id\":\"https:\\\/\\\/www.mexicanguitarplayers.com\\\/#organization\"},\"potentialAction\":[{\"@type\":\"SearchAction\",\"target\":{\"@type\":\"EntryPoint\",\"urlTemplate\":\"https:\\\/\\\/www.mexicanguitarplayers.com\\\/?s={search_term_string}\"},\"query-input\":{\"@type\":\"PropertyValueSpecification\",\"valueRequired\":true,\"valueName\":\"search_term_string\"}}],\"inLanguage\":\"en-US\"},{\"@type\":\"Organization\",\"@id\":\"https:\\\/\\\/www.mexicanguitarplayers.com\\\/#organization\",\"name\":\"Mexican Guitar Players\",\"url\":\"https:\\\/\\\/www.mexicanguitarplayers.com\\\/\",\"logo\":{\"@type\":\"ImageObject\",\"inLanguage\":\"en-US\",\"@id\":\"https:\\\/\\\/www.mexicanguitarplayers.com\\\/#\\\/schema\\\/logo\\\/image\\\/\",\"url\":\"\",\"contentUrl\":\"\",\"caption\":\"Mexican Guitar Players\"},\"image\":{\"@id\":\"https:\\\/\\\/www.mexicanguitarplayers.com\\\/#\\\/schema\\\/logo\\\/image\\\/\"}}]}<\/script>\n<!-- \/ Yoast SEO plugin. -->","yoast_head_json":{"title":"BAFLE BEHRINGER MOD. SAT 1008 SUBA - Mexican Guitar Players","description":"El SAT 1008 SUBA es un subwoofer potente de 600 vatios dise\u00f1ado tanto para aplicaciones en vivo como de reproducci\u00f3n. Incorpora un impresionante altavoz de 8 pulgadas de larga excursi\u00f3n que proporciona bajos profundos y una potencia ac\u00fastica incre\u00edble. Con su amplificador de clase D de 600 vatios y su crossover est\u00e9reo activo integrado, ofrece una reproducci\u00f3n precisa de las frecuencias ultra bajas para un impacto y punch robustos. Adem\u00e1s, cuenta con controles de fase, volumen y frecuencias bajas, as\u00ed como con protecci\u00f3n inteligente y limitaci\u00f3n para un rendimiento \u00f3ptimo y protecci\u00f3n del woofer. Su dise\u00f1o ergon\u00f3mico incluye asas para un transporte f\u00e1cil y una rejilla de acero resistente para protecci\u00f3n adicional del altavoz.","robots":{"index":"index","follow":"follow","max-snippet":"max-snippet:-1","max-image-preview":"max-image-preview:large","max-video-preview":"max-video-preview:-1"},"canonical":"https:\/\/www.mexicanguitarplayers.com\/en\/tienda\/sin categor\u00eda\/bafle-behringer-mod-sat-1008-suba\/","og_locale":"en_US","og_type":"article","og_title":"BAFLE BEHRINGER MOD. SAT 1008 SUBA - Mexican Guitar Players","og_description":"El SAT 1008 SUBA es un subwoofer potente de 600 vatios dise\u00f1ado tanto para aplicaciones en vivo como de reproducci\u00f3n. Incorpora un impresionante altavoz de 8 pulgadas de larga excursi\u00f3n que proporciona bajos profundos y una potencia ac\u00fastica incre\u00edble. Con su amplificador de clase D de 600 vatios y su crossover est\u00e9reo activo integrado, ofrece una reproducci\u00f3n precisa de las frecuencias ultra bajas para un impacto y punch robustos. Adem\u00e1s, cuenta con controles de fase, volumen y frecuencias bajas, as\u00ed como con protecci\u00f3n inteligente y limitaci\u00f3n para un rendimiento \u00f3ptimo y protecci\u00f3n del woofer. Su dise\u00f1o ergon\u00f3mico incluye asas para un transporte f\u00e1cil y una rejilla de acero resistente para protecci\u00f3n adicional del altavoz.","og_url":"https:\/\/www.mexicanguitarplayers.com\/en\/tienda\/sin categor\u00eda\/bafle-behringer-mod-sat-1008-suba\/","og_site_name":"Mexican Guitar Players","article_modified_time":"2026-04-10T10:39:15+00:00","twitter_card":"summary_large_image","schema":{"@context":"https:\/\/schema.org","@graph":[{"@type":["WebPage","ItemPage"],"@id":"https:\/\/www.mexicanguitarplayers.com\/tienda\/sin categor\u00eda\/bafle-behringer-mod-sat-1008-suba\/","url":"https:\/\/www.mexicanguitarplayers.com\/tienda\/sin categor\u00eda\/bafle-behringer-mod-sat-1008-suba\/","name":"BAFLE BEHRINGER MOD. SAT 1008 SUBA - Mexican Guitar Players","isPartOf":{"@id":"https:\/\/www.mexicanguitarplayers.com\/#website"},"primaryImageOfPage":{"@id":"https:\/\/www.mexicanguitarplayers.com\/tienda\/sin categor\u00eda\/bafle-behringer-mod-sat-1008-suba\/#primaryimage"},"image":{"@id":"https:\/\/www.mexicanguitarplayers.com\/tienda\/sin categor\u00eda\/bafle-behringer-mod-sat-1008-suba\/#primaryimage"},"thumbnailUrl":"https:\/\/www.mexicanguitarplayers.com\/wp-content\/uploads\/2025\/04\/IABEHSAT1008SU.jpg","datePublished":"2025-04-08T16:30:20+00:00","dateModified":"2026-04-10T10:39:15+00:00","description":"El SAT 1008 SUBA es un subwoofer potente de 600 vatios dise\u00f1ado tanto para aplicaciones en vivo como de reproducci\u00f3n. Incorpora un impresionante altavoz de 8 pulgadas de larga excursi\u00f3n que proporciona bajos profundos y una potencia ac\u00fastica incre\u00edble. Con su amplificador de clase D de 600 vatios y su crossover est\u00e9reo activo integrado, ofrece una reproducci\u00f3n precisa de las frecuencias ultra bajas para un impacto y punch robustos. Adem\u00e1s, cuenta con controles de fase, volumen y frecuencias bajas, as\u00ed como con protecci\u00f3n inteligente y limitaci\u00f3n para un rendimiento \u00f3ptimo y protecci\u00f3n del woofer. Su dise\u00f1o ergon\u00f3mico incluye asas para un transporte f\u00e1cil y una rejilla de acero resistente para protecci\u00f3n adicional del altavoz.","breadcrumb":{"@id":"https:\/\/www.mexicanguitarplayers.com\/tienda\/sin categor\u00eda\/bafle-behringer-mod-sat-1008-suba\/#breadcrumb"},"inLanguage":"en-US","potentialAction":[{"@type":"ReadAction","target":["https:\/\/www.mexicanguitarplayers.com\/tienda\/sin categor\u00eda\/bafle-behringer-mod-sat-1008-suba\/"]}]},{"@type":"ImageObject","inLanguage":"en-US","@id":"https:\/\/www.mexicanguitarplayers.com\/tienda\/sin categor\u00eda\/bafle-behringer-mod-sat-1008-suba\/#primaryimage","url":"https:\/\/www.mexicanguitarplayers.com\/wp-content\/uploads\/2025\/04\/IABEHSAT1008SU.jpg","contentUrl":"https:\/\/www.mexicanguitarplayers.com\/wp-content\/uploads\/2025\/04\/IABEHSAT1008SU.jpg","width":1200,"height":1200},{"@type":"BreadcrumbList","@id":"https:\/\/www.mexicanguitarplayers.com\/tienda\/sin categor\u00eda\/bafle-behringer-mod-sat-1008-suba\/#breadcrumb","itemListElement":[{"@type":"ListItem","position":1,"name":"Portada","item":"https:\/\/www.mexicanguitarplayers.com\/"},{"@type":"ListItem","position":2,"name":"Tienda","item":"https:\/\/www.mexicanguitarplayers.com\/tienda\/"},{"@type":"ListItem","position":3,"name":"BAFLE BEHRINGER MOD. SAT 1008 SUBA"}]},{"@type":"WebSite","@id":"https:\/\/www.mexicanguitarplayers.com\/#website","url":"https:\/\/www.mexicanguitarplayers.com\/","name":"Mexican Guitar Players","description":"Website","publisher":{"@id":"https:\/\/www.mexicanguitarplayers.com\/#organization"},"potentialAction":[{"@type":"SearchAction","target":{"@type":"EntryPoint","urlTemplate":"https:\/\/www.mexicanguitarplayers.com\/?s={search_term_string}"},"query-input":{"@type":"PropertyValueSpecification","valueRequired":true,"valueName":"search_term_string"}}],"inLanguage":"en-US"},{"@type":"Organization","@id":"https:\/\/www.mexicanguitarplayers.com\/#organization","name":"Mexican Guitar Players","url":"https:\/\/www.mexicanguitarplayers.com\/","logo":{"@type":"ImageObject","inLanguage":"en-US","@id":"https:\/\/www.mexicanguitarplayers.com\/#\/schema\/logo\/image\/","url":"","contentUrl":"","caption":"Mexican Guitar Players"},"image":{"@id":"https:\/\/www.mexicanguitarplayers.com\/#\/schema\/logo\/image\/"}}]}},"brands":[{"id":171,"name":"BEHRINGER","slug":"behringer"}],"_links":{"self":[{"href":"https:\/\/www.mexicanguitarplayers.com\/en\/wp-json\/wp\/v2\/product\/29101","targetHints":{"allow":["GET"]}}],"collection":[{"href":"https:\/\/www.mexicanguitarplayers.com\/en\/wp-json\/wp\/v2\/product"}],"about":[{"href":"https:\/\/www.mexicanguitarplayers.com\/en\/wp-json\/wp\/v2\/types\/product"}],"replies":[{"embeddable":true,"href":"https:\/\/www.mexicanguitarplayers.com\/en\/wp-json\/wp\/v2\/comments?post=29101"}],"wp:featuredmedia":[{"embeddable":true,"href":"https:\/\/www.mexicanguitarplayers.com\/en\/wp-json\/wp\/v2\/media\/29097"}],"wp:attachment":[{"href":"https:\/\/www.mexicanguitarplayers.com\/en\/wp-json\/wp\/v2\/media?parent=29101"}],"wp:term":[{"taxonomy":"pwb-brand","embeddable":true,"href":"https:\/\/www.mexicanguitarplayers.com\/en\/wp-json\/wp\/v2\/pwb-brand?post=29101"},{"taxonomy":"product_brand","embeddable":true,"href":"https:\/\/www.mexicanguitarplayers.com\/en\/wp-json\/wp\/v2\/product_brand?post=29101"},{"taxonomy":"product_cat","embeddable":true,"href":"https:\/\/www.mexicanguitarplayers.com\/en\/wp-json\/wp\/v2\/product_cat?post=29101"},{"taxonomy":"product_tag","embeddable":true,"href":"https:\/\/www.mexicanguitarplayers.com\/en\/wp-json\/wp\/v2\/product_tag?post=29101"}],"curies":[{"name":"wp","href":"https:\/\/api.w.org\/{rel}","templated":true}]}}