{"id":29121,"date":"2025-04-08T10:30:45","date_gmt":"2025-04-08T16:30:45","guid":{"rendered":"https:\/\/www.mexicanguitarplayers.com\/tienda\/sin categor\u00eda\/bajo-washburn-e-acustico-mod-ab5k-c-funda\/"},"modified":"2026-05-01T07:26:11","modified_gmt":"2026-05-01T13:26:11","slug":"bajo-washburn-e-acustico-mod-ab5k-c-funda","status":"publish","type":"product","link":"https:\/\/www.mexicanguitarplayers.com\/en\/tienda\/cuerdas\/bajos\/acusticos\/bajo-washburn-e-acustico-mod-ab5k-c-funda\/","title":{"rendered":"BAJO WASHBURN E\/ACUSTICO MOD.AB5K  C\/FUNDA"},"content":{"rendered":"<div style=\"text-align: justify\">\n<div>\n<h3>El cl\u00e1sico sonido del Unplugged.<\/h3>\n<\/div>\n<div>Mira cualquier episodio del programa cl\u00e1sico de MTV &#8220;Unplugged&#8221; y lo m\u00e1s probable es que el bajo que suene sea un Washburn. Esos artistas, as\u00ed como los mejores int\u00e9rpretes de la actualidad eligen Washburn por el estilo, la calidad, el tono y la facilidad de ejecuci\u00f3n de nuestros bajos ac\u00fasticos. Si quieres que la gente sepa que te tomas en serio tu tono ac\u00fastico amplificado, tocar\u00e1s Washburn.<\/div>\n<div>\n<h4>Quick look<\/h4>\n<\/div>\n<ul style=\"margin: 0px 0px 0px 25px\">\n<li style=\"list-style-type: circle;margin: 5px\">Kind.<\/li>\n<li style=\"list-style-type: circle;margin: 5px\">Color.<\/li>\n<li style=\"list-style-type: circle;margin: 5px\">Terminado.<\/li>\n<li style=\"list-style-type: circle;margin: 5px\">Material de la tapa.<\/li>\n<li style=\"list-style-type: circle;margin: 5px\">Material de los aros.<\/li>\n<li style=\"list-style-type: circle;margin: 5px\">Material del fondo.<\/li>\n<li style=\"list-style-type: circle;margin: 5px\">Reinforcement.<\/li>\n<li style=\"list-style-type: circle;margin: 5px\">Rosette<\/li>\n<li style=\"list-style-type: circle;margin: 5px\">Material del brazo.<\/li>\n<li style=\"list-style-type: circle;margin: 5px\">Diapason.<\/li>\n<li style=\"list-style-type: circle;margin: 5px\">Scale.<\/li>\n<li style=\"list-style-type: circle;margin: 5px\">Nut.<\/li>\n<li style=\"list-style-type: circle;margin: 5px\">Ancho de la cejuela.<\/li>\n<li style=\"list-style-type: circle;margin: 5px\">Scale.<\/li>\n<li style=\"list-style-type: circle;margin: 5px\">Hardware.<\/li>\n<li style=\"list-style-type: circle;margin: 5px\">Bridge.<\/li>\n<li style=\"list-style-type: circle;margin: 5px\">Machinery.<\/li>\n<li style=\"list-style-type: circle;margin: 5px\">Controls<\/li>\n<li style=\"list-style-type: circle;margin: 5px\">Sistema de preamplificador.<\/li>\n<li style=\"list-style-type: circle;margin: 5px\">Strings<\/li>\n<\/ul>\n<div>\n<div style=\"font-weight: bold\">Kind.<\/div>\n<div>\n<p>Bajo electroac\u00fastico.<\/p>\n<\/div>\n<div style=\"font-weight: bold\">Color.<\/div>\n<div>\n<p>Natural.<\/p>\n<\/div>\n<div style=\"font-weight: bold\">Terminado.<\/div>\n<div>\n<p>Brillante.<\/p>\n<\/div>\n<div style=\"font-weight: bold\">Material de la tapa.<\/div>\n<div>\n<p>Fir tree.<\/p>\n<\/div>\n<div style=\"font-weight: bold\">Material de los aros.<\/div>\n<div>\n<p>Mahogany.<\/p>\n<\/div>\n<div style=\"font-weight: bold\">Material del fondo.<\/div>\n<div>\n<p>Mahogany.<\/p>\n<\/div>\n<div style=\"font-weight: bold\">Reinforcement.<\/div>\n<div>\n<p>Abeto sitka aserrado en cuartos.<\/p>\n<\/div>\n<div style=\"font-weight: bold\">Rosette<\/div>\n<div>\n<p>ABS.<\/p>\n<\/div>\n<div style=\"font-weight: bold\">Material del brazo.<\/div>\n<div>\n<p>Mahogany.<\/p>\n<\/div>\n<div style=\"font-weight: bold\">Diapason.<\/div>\n<div>\n<p>Madera compuesta.<\/p>\n<\/div>\n<div style=\"font-weight: bold\">Scale.<\/div>\n<div>\n<p>Points.<\/p>\n<\/div>\n<div style=\"font-weight: bold\">Nut.<\/div>\n<div>\n<p>ABS.<\/p>\n<\/div>\n<div style=\"font-weight: bold\">Ancho de la cejuela.<\/div>\n<div>\n<p>1-11\/16.<\/p>\n<\/div>\n<div style=\"font-weight: bold\">Scale.<\/div>\n<div>\n<p>32.<\/p>\n<\/div>\n<div style=\"font-weight: bold\">Hardware.<\/div>\n<div>\n<p>Cromado.<\/p>\n<\/div>\n<div style=\"font-weight: bold\">Bridge.<\/div>\n<div>\n<p>Alternativo.<\/p>\n<\/div>\n<div style=\"font-weight: bold\">Machinery.<\/div>\n<div>\n<p>Cromada Diecast.<\/p>\n<\/div>\n<div style=\"font-weight: bold\">Controls<\/div>\n<div>\n<p>Volumen, fase, ecualizador de 4 bandas.<\/p>\n<\/div>\n<div style=\"font-weight: bold\">Sistema de preamplificador.<\/div>\n<div>\n<p>QPH.<\/p>\n<\/div>\n<div style=\"font-weight: bold\">Strings<\/div>\n<div>\n<p>D&#8217;addario EPBB170 Phospher Bronze.<\/p>\n<\/div>\n<\/div>\n<\/div>","protected":false},"excerpt":{"rendered":"<p>Bajo electroac\u00fastico de 4 cuerdas, terminado brillante, tapa de abeto, aros y fondo de caoba, refuerzo de abeto sitka aserrado en cuartos, roseta de ABS, brazo de caoba, diapas\u00f3n de madera compuesta, incrustaciones: puntos, cejuela de ABS, escala 32, hardware cromado, puente alternativo, maquinaria cromada diecast, controles: volumen, fase, ecualizador de 4 bandas, preamplificador QPH, cuerdas D&#8217;addario EPBB170 Phospher Bronze.&hellip; <a class=\"kt-excerpt-readmore more-link\" href=\"https:\/\/www.mexicanguitarplayers.com\/en\/tienda\/cuerdas\/bajos\/acusticos\/bajo-washburn-e-acustico-mod-ab5k-c-funda\/\">Read more<\/a><\/p>","protected":false},"featured_media":29117,"comment_status":"open","ping_status":"closed","template":"","meta":{"kt_blocks_editor_width":""},"pwb-brand":[178],"product_brand":[],"product_cat":[328,317,224],"product_tag":[],"class_list":{"0":"post-29121","1":"product","2":"type-product","3":"status-publish","4":"has-post-thumbnail","6":"pwb-brand-washburn","7":"product_cat-acusticos","8":"product_cat-bajos","9":"product_cat-cuerdas","10":"product_shipping_class-0-5-kg","12":"first","13":"instock","14":"taxable","15":"shipping-taxable","16":"purchasable","17":"product-type-simple"},"yoast_head":"<!-- This site is optimized with the Yoast SEO plugin v27.6 - https:\/\/yoast.com\/product\/yoast-seo-wordpress\/ -->\n<title>BAJO WASHBURN E\/ACUSTICO MOD.AB5K C\/FUNDA - Mexican Guitar Players<\/title>\n<meta name=\"description\" content=\"Bajo electroac\u00fastico de 4 cuerdas, terminado brillante, tapa de abeto, aros y fondo de caoba, refuerzo de abeto sitka aserrado en cuartos, roseta de ABS, brazo de caoba, diapas\u00f3n de madera compuesta, incrustaciones: puntos, cejuela de ABS, escala 32, hardware cromado, puente alternativo, maquinaria cromada diecast, controles: volumen, fase, ecualizador de 4 bandas, preamplificador QPH, cuerdas D&#039;addario EPBB170 Phospher Bronze.\" \/>\n<meta name=\"robots\" content=\"index, follow, max-snippet:-1, max-image-preview:large, max-video-preview:-1\" \/>\n<link rel=\"canonical\" href=\"https:\/\/www.mexicanguitarplayers.com\/en\/tienda\/sin%20categor\u00eda\/bajo-washburn-e-acustico-mod-ab5k-c-funda\/\" \/>\n<meta property=\"og:locale\" content=\"en_US\" \/>\n<meta property=\"og:type\" content=\"article\" \/>\n<meta property=\"og:title\" content=\"BAJO WASHBURN E\/ACUSTICO MOD.AB5K C\/FUNDA - Mexican Guitar Players\" \/>\n<meta property=\"og:description\" content=\"Bajo electroac\u00fastico de 4 cuerdas, terminado brillante, tapa de abeto, aros y fondo de caoba, refuerzo de abeto sitka aserrado en cuartos, roseta de ABS, brazo de caoba, diapas\u00f3n de madera compuesta, incrustaciones: puntos, cejuela de ABS, escala 32, hardware cromado, puente alternativo, maquinaria cromada diecast, controles: volumen, fase, ecualizador de 4 bandas, preamplificador QPH, cuerdas D&#039;addario EPBB170 Phospher Bronze.\" \/>\n<meta property=\"og:url\" content=\"https:\/\/www.mexicanguitarplayers.com\/en\/tienda\/sin categor\u00eda\/bajo-washburn-e-acustico-mod-ab5k-c-funda\/\" \/>\n<meta property=\"og:site_name\" content=\"Mexican Guitar Players\" \/>\n<meta property=\"article:modified_time\" content=\"2026-05-01T13:26:11+00:00\" \/>\n<meta name=\"twitter:card\" content=\"summary_large_image\" \/>\n<meta name=\"twitter:label1\" content=\"Est. reading time\" \/>\n\t<meta name=\"twitter:data1\" content=\"1 minute\" \/>\n<script type=\"application\/ld+json\" class=\"yoast-schema-graph\">{\"@context\":\"https:\\\/\\\/schema.org\",\"@graph\":[{\"@type\":[\"WebPage\",\"ItemPage\"],\"@id\":\"https:\\\/\\\/www.mexicanguitarplayers.com\\\/tienda\\\/sin categor\u00eda\\\/bajo-washburn-e-acustico-mod-ab5k-c-funda\\\/\",\"url\":\"https:\\\/\\\/www.mexicanguitarplayers.com\\\/tienda\\\/sin categor\u00eda\\\/bajo-washburn-e-acustico-mod-ab5k-c-funda\\\/\",\"name\":\"BAJO WASHBURN E\\\/ACUSTICO MOD.AB5K C\\\/FUNDA - Mexican Guitar Players\",\"isPartOf\":{\"@id\":\"https:\\\/\\\/www.mexicanguitarplayers.com\\\/#website\"},\"primaryImageOfPage\":{\"@id\":\"https:\\\/\\\/www.mexicanguitarplayers.com\\\/tienda\\\/sin categor\u00eda\\\/bajo-washburn-e-acustico-mod-ab5k-c-funda\\\/#primaryimage\"},\"image\":{\"@id\":\"https:\\\/\\\/www.mexicanguitarplayers.com\\\/tienda\\\/sin categor\u00eda\\\/bajo-washburn-e-acustico-mod-ab5k-c-funda\\\/#primaryimage\"},\"thumbnailUrl\":\"https:\\\/\\\/www.mexicanguitarplayers.com\\\/wp-content\\\/uploads\\\/2025\\\/04\\\/ISWASAB5K.jpg\",\"datePublished\":\"2025-04-08T16:30:45+00:00\",\"dateModified\":\"2026-05-01T13:26:11+00:00\",\"description\":\"Bajo electroac\u00fastico de 4 cuerdas, terminado brillante, tapa de abeto, aros y fondo de caoba, refuerzo de abeto sitka aserrado en cuartos, roseta de ABS, brazo de caoba, diapas\u00f3n de madera compuesta, incrustaciones: puntos, cejuela de ABS, escala 32, hardware cromado, puente alternativo, maquinaria cromada diecast, controles: volumen, fase, ecualizador de 4 bandas, preamplificador QPH, cuerdas D'addario EPBB170 Phospher Bronze.\",\"breadcrumb\":{\"@id\":\"https:\\\/\\\/www.mexicanguitarplayers.com\\\/tienda\\\/sin categor\u00eda\\\/bajo-washburn-e-acustico-mod-ab5k-c-funda\\\/#breadcrumb\"},\"inLanguage\":\"en-US\",\"potentialAction\":[{\"@type\":\"ReadAction\",\"target\":[\"https:\\\/\\\/www.mexicanguitarplayers.com\\\/tienda\\\/sin categor\u00eda\\\/bajo-washburn-e-acustico-mod-ab5k-c-funda\\\/\"]}]},{\"@type\":\"ImageObject\",\"inLanguage\":\"en-US\",\"@id\":\"https:\\\/\\\/www.mexicanguitarplayers.com\\\/tienda\\\/sin categor\u00eda\\\/bajo-washburn-e-acustico-mod-ab5k-c-funda\\\/#primaryimage\",\"url\":\"https:\\\/\\\/www.mexicanguitarplayers.com\\\/wp-content\\\/uploads\\\/2025\\\/04\\\/ISWASAB5K.jpg\",\"contentUrl\":\"https:\\\/\\\/www.mexicanguitarplayers.com\\\/wp-content\\\/uploads\\\/2025\\\/04\\\/ISWASAB5K.jpg\",\"width\":800,\"height\":1600},{\"@type\":\"BreadcrumbList\",\"@id\":\"https:\\\/\\\/www.mexicanguitarplayers.com\\\/tienda\\\/sin categor\u00eda\\\/bajo-washburn-e-acustico-mod-ab5k-c-funda\\\/#breadcrumb\",\"itemListElement\":[{\"@type\":\"ListItem\",\"position\":1,\"name\":\"Portada\",\"item\":\"https:\\\/\\\/www.mexicanguitarplayers.com\\\/\"},{\"@type\":\"ListItem\",\"position\":2,\"name\":\"Tienda\",\"item\":\"https:\\\/\\\/www.mexicanguitarplayers.com\\\/tienda\\\/\"},{\"@type\":\"ListItem\",\"position\":3,\"name\":\"BAJO WASHBURN E\\\/ACUSTICO MOD.AB5K C\\\/FUNDA\"}]},{\"@type\":\"WebSite\",\"@id\":\"https:\\\/\\\/www.mexicanguitarplayers.com\\\/#website\",\"url\":\"https:\\\/\\\/www.mexicanguitarplayers.com\\\/\",\"name\":\"Mexican Guitar Players\",\"description\":\"Website\",\"publisher\":{\"@id\":\"https:\\\/\\\/www.mexicanguitarplayers.com\\\/#organization\"},\"potentialAction\":[{\"@type\":\"SearchAction\",\"target\":{\"@type\":\"EntryPoint\",\"urlTemplate\":\"https:\\\/\\\/www.mexicanguitarplayers.com\\\/?s={search_term_string}\"},\"query-input\":{\"@type\":\"PropertyValueSpecification\",\"valueRequired\":true,\"valueName\":\"search_term_string\"}}],\"inLanguage\":\"en-US\"},{\"@type\":\"Organization\",\"@id\":\"https:\\\/\\\/www.mexicanguitarplayers.com\\\/#organization\",\"name\":\"Mexican Guitar Players\",\"url\":\"https:\\\/\\\/www.mexicanguitarplayers.com\\\/\",\"logo\":{\"@type\":\"ImageObject\",\"inLanguage\":\"en-US\",\"@id\":\"https:\\\/\\\/www.mexicanguitarplayers.com\\\/#\\\/schema\\\/logo\\\/image\\\/\",\"url\":\"\",\"contentUrl\":\"\",\"caption\":\"Mexican Guitar Players\"},\"image\":{\"@id\":\"https:\\\/\\\/www.mexicanguitarplayers.com\\\/#\\\/schema\\\/logo\\\/image\\\/\"}}]}<\/script>\n<!-- \/ Yoast SEO plugin. -->","yoast_head_json":{"title":"BAJO WASHBURN E\/ACUSTICO MOD.AB5K C\/FUNDA - Mexican Guitar Players","description":"Bajo electroac\u00fastico de 4 cuerdas, terminado brillante, tapa de abeto, aros y fondo de caoba, refuerzo de abeto sitka aserrado en cuartos, roseta de ABS, brazo de caoba, diapas\u00f3n de madera compuesta, incrustaciones: puntos, cejuela de ABS, escala 32, hardware cromado, puente alternativo, maquinaria cromada diecast, controles: volumen, fase, ecualizador de 4 bandas, preamplificador QPH, cuerdas D'addario EPBB170 Phospher Bronze.","robots":{"index":"index","follow":"follow","max-snippet":"max-snippet:-1","max-image-preview":"max-image-preview:large","max-video-preview":"max-video-preview:-1"},"canonical":"https:\/\/www.mexicanguitarplayers.com\/en\/tienda\/sin categor\u00eda\/bajo-washburn-e-acustico-mod-ab5k-c-funda\/","og_locale":"en_US","og_type":"article","og_title":"BAJO WASHBURN E\/ACUSTICO MOD.AB5K C\/FUNDA - Mexican Guitar Players","og_description":"Bajo electroac\u00fastico de 4 cuerdas, terminado brillante, tapa de abeto, aros y fondo de caoba, refuerzo de abeto sitka aserrado en cuartos, roseta de ABS, brazo de caoba, diapas\u00f3n de madera compuesta, incrustaciones: puntos, cejuela de ABS, escala 32, hardware cromado, puente alternativo, maquinaria cromada diecast, controles: volumen, fase, ecualizador de 4 bandas, preamplificador QPH, cuerdas D'addario EPBB170 Phospher Bronze.","og_url":"https:\/\/www.mexicanguitarplayers.com\/en\/tienda\/sin categor\u00eda\/bajo-washburn-e-acustico-mod-ab5k-c-funda\/","og_site_name":"Mexican Guitar Players","article_modified_time":"2026-05-01T13:26:11+00:00","twitter_card":"summary_large_image","twitter_misc":{"Est. reading time":"1 minute"},"schema":{"@context":"https:\/\/schema.org","@graph":[{"@type":["WebPage","ItemPage"],"@id":"https:\/\/www.mexicanguitarplayers.com\/tienda\/sin categor\u00eda\/bajo-washburn-e-acustico-mod-ab5k-c-funda\/","url":"https:\/\/www.mexicanguitarplayers.com\/tienda\/sin categor\u00eda\/bajo-washburn-e-acustico-mod-ab5k-c-funda\/","name":"BAJO WASHBURN E\/ACUSTICO MOD.AB5K C\/FUNDA - Mexican Guitar Players","isPartOf":{"@id":"https:\/\/www.mexicanguitarplayers.com\/#website"},"primaryImageOfPage":{"@id":"https:\/\/www.mexicanguitarplayers.com\/tienda\/sin categor\u00eda\/bajo-washburn-e-acustico-mod-ab5k-c-funda\/#primaryimage"},"image":{"@id":"https:\/\/www.mexicanguitarplayers.com\/tienda\/sin categor\u00eda\/bajo-washburn-e-acustico-mod-ab5k-c-funda\/#primaryimage"},"thumbnailUrl":"https:\/\/www.mexicanguitarplayers.com\/wp-content\/uploads\/2025\/04\/ISWASAB5K.jpg","datePublished":"2025-04-08T16:30:45+00:00","dateModified":"2026-05-01T13:26:11+00:00","description":"Bajo electroac\u00fastico de 4 cuerdas, terminado brillante, tapa de abeto, aros y fondo de caoba, refuerzo de abeto sitka aserrado en cuartos, roseta de ABS, brazo de caoba, diapas\u00f3n de madera compuesta, incrustaciones: puntos, cejuela de ABS, escala 32, hardware cromado, puente alternativo, maquinaria cromada diecast, controles: volumen, fase, ecualizador de 4 bandas, preamplificador QPH, cuerdas D'addario EPBB170 Phospher Bronze.","breadcrumb":{"@id":"https:\/\/www.mexicanguitarplayers.com\/tienda\/sin categor\u00eda\/bajo-washburn-e-acustico-mod-ab5k-c-funda\/#breadcrumb"},"inLanguage":"en-US","potentialAction":[{"@type":"ReadAction","target":["https:\/\/www.mexicanguitarplayers.com\/tienda\/sin categor\u00eda\/bajo-washburn-e-acustico-mod-ab5k-c-funda\/"]}]},{"@type":"ImageObject","inLanguage":"en-US","@id":"https:\/\/www.mexicanguitarplayers.com\/tienda\/sin categor\u00eda\/bajo-washburn-e-acustico-mod-ab5k-c-funda\/#primaryimage","url":"https:\/\/www.mexicanguitarplayers.com\/wp-content\/uploads\/2025\/04\/ISWASAB5K.jpg","contentUrl":"https:\/\/www.mexicanguitarplayers.com\/wp-content\/uploads\/2025\/04\/ISWASAB5K.jpg","width":800,"height":1600},{"@type":"BreadcrumbList","@id":"https:\/\/www.mexicanguitarplayers.com\/tienda\/sin categor\u00eda\/bajo-washburn-e-acustico-mod-ab5k-c-funda\/#breadcrumb","itemListElement":[{"@type":"ListItem","position":1,"name":"Portada","item":"https:\/\/www.mexicanguitarplayers.com\/"},{"@type":"ListItem","position":2,"name":"Tienda","item":"https:\/\/www.mexicanguitarplayers.com\/tienda\/"},{"@type":"ListItem","position":3,"name":"BAJO WASHBURN E\/ACUSTICO MOD.AB5K C\/FUNDA"}]},{"@type":"WebSite","@id":"https:\/\/www.mexicanguitarplayers.com\/#website","url":"https:\/\/www.mexicanguitarplayers.com\/","name":"Mexican Guitar Players","description":"Website","publisher":{"@id":"https:\/\/www.mexicanguitarplayers.com\/#organization"},"potentialAction":[{"@type":"SearchAction","target":{"@type":"EntryPoint","urlTemplate":"https:\/\/www.mexicanguitarplayers.com\/?s={search_term_string}"},"query-input":{"@type":"PropertyValueSpecification","valueRequired":true,"valueName":"search_term_string"}}],"inLanguage":"en-US"},{"@type":"Organization","@id":"https:\/\/www.mexicanguitarplayers.com\/#organization","name":"Mexican Guitar Players","url":"https:\/\/www.mexicanguitarplayers.com\/","logo":{"@type":"ImageObject","inLanguage":"en-US","@id":"https:\/\/www.mexicanguitarplayers.com\/#\/schema\/logo\/image\/","url":"","contentUrl":"","caption":"Mexican Guitar Players"},"image":{"@id":"https:\/\/www.mexicanguitarplayers.com\/#\/schema\/logo\/image\/"}}]}},"brands":[{"id":178,"name":"WASHBURN","slug":"washburn"}],"_links":{"self":[{"href":"https:\/\/www.mexicanguitarplayers.com\/en\/wp-json\/wp\/v2\/product\/29121","targetHints":{"allow":["GET"]}}],"collection":[{"href":"https:\/\/www.mexicanguitarplayers.com\/en\/wp-json\/wp\/v2\/product"}],"about":[{"href":"https:\/\/www.mexicanguitarplayers.com\/en\/wp-json\/wp\/v2\/types\/product"}],"replies":[{"embeddable":true,"href":"https:\/\/www.mexicanguitarplayers.com\/en\/wp-json\/wp\/v2\/comments?post=29121"}],"wp:featuredmedia":[{"embeddable":true,"href":"https:\/\/www.mexicanguitarplayers.com\/en\/wp-json\/wp\/v2\/media\/29117"}],"wp:attachment":[{"href":"https:\/\/www.mexicanguitarplayers.com\/en\/wp-json\/wp\/v2\/media?parent=29121"}],"wp:term":[{"taxonomy":"pwb-brand","embeddable":true,"href":"https:\/\/www.mexicanguitarplayers.com\/en\/wp-json\/wp\/v2\/pwb-brand?post=29121"},{"taxonomy":"product_brand","embeddable":true,"href":"https:\/\/www.mexicanguitarplayers.com\/en\/wp-json\/wp\/v2\/product_brand?post=29121"},{"taxonomy":"product_cat","embeddable":true,"href":"https:\/\/www.mexicanguitarplayers.com\/en\/wp-json\/wp\/v2\/product_cat?post=29121"},{"taxonomy":"product_tag","embeddable":true,"href":"https:\/\/www.mexicanguitarplayers.com\/en\/wp-json\/wp\/v2\/product_tag?post=29121"}],"curies":[{"name":"wp","href":"https:\/\/api.w.org\/{rel}","templated":true}]}}