{"id":29145,"date":"2025-04-08T10:31:15","date_gmt":"2025-04-08T16:31:15","guid":{"rendered":"https:\/\/www.mexicanguitarplayers.com\/tienda\/sin categor\u00eda\/teclado-casio-portatil-ct-s100-c-eli\/"},"modified":"2026-04-01T01:15:04","modified_gmt":"2026-04-01T07:15:04","slug":"teclado-casio-portatil-ct-s100-c-eli","status":"publish","type":"product","link":"https:\/\/www.mexicanguitarplayers.com\/en\/tienda\/teclas\/teclados\/estandar\/teclado-casio-portatil-ct-s100-c-eli\/","title":{"rendered":"TECLADO CASIO PORTATIL    CT-S100 C\/ELI"},"content":{"rendered":"<div style=\"text-align: justify\">\n<div>\n<h3>Dise\u00f1o port\u00e1til, delgado y elegante.<\/h3>\n<\/div>\n<div>Con el CT-S100, puedes disfrutar de la m\u00fasica en cualquier momento y lugar. Su tama\u00f1o compacto de 930 x 256 x 73 mm es un 30% m\u00e1s peque\u00f1o en volumen que los modelos CT-K1500 y CT-K1550, y su bater\u00eda alcalina cuenta con aproximadamente 16 horas de duraci\u00f3n. Llevarlo es muy sencillo, gracias a un mango en la parte superior del teclado y un peso de solo 3.3 kg. El dise\u00f1o incorpora bordes y esquinas redondeados, lo cual permite transportarlo con seguridad. El per\u00edodo de funcionamiento continuo puede ser m\u00e1s corto seg\u00fan el tipo de bater\u00eda y la manera en que toca m\u00fasica. El CT-S100 presenta una interfaz simple e intuitiva que cuenta con un dise\u00f1o organizado con menos botones. EL sonido que nadie esperar\u00eda de un teclado tan compacto. El uso de altavoces ovalados de 13 cm x 6 cm con imanes reforzados ofrece un sonido sorprendentemente genial para un instrumento tan compacto. Una funci\u00f3n adicional que optimiza el ecualizador en conjunto con el volumen proporciona un sonido equilibrado desde los tonos graves hasta los tonos altos, incluso a un volumen bajo. Registra tus ajustes favoritos para recordar f\u00e1cilmente tonos y ritmos como los que aprendiste en la clase de m\u00fasica mientras practicas en casa, con el bot\u00f3n Mi Configuraci\u00f3n. Un teclado muy f\u00e1cil de tocar con una apariencia semejante a la de un piano. El CT-S100 incluye un conector USB micro B que te permite disfrutar f\u00e1cilmente de la m\u00fasica, junto con tu dispositivo inteligente o computadora. (Se requiere un cable no incluido). La funda blanda dedicada tiene el tama\u00f1o ideal para las series CT-S y LK-S250 y el dise\u00f1o plegable ofrece una mejor funcionalidad y m\u00e1s estilo. Desliza las correas de mochila y lleva tu teclado donde quiera que vayas. Tambi\u00e9n tiene espacio para atril y adaptador de CA.<\/div>\n<div>\n<h4>Quick look<\/h4>\n<\/div>\n<ul style=\"margin: 0px 0px 0px 25px\">\n<li style=\"list-style-type: circle;margin: 5px\">Teclado.<\/li>\n<li style=\"list-style-type: circle;margin: 5px\">Polifon\u00eda m\u00e1xima.<\/li>\n<li style=\"list-style-type: circle;margin: 5px\">Tonos.<\/li>\n<li style=\"list-style-type: circle;margin: 5px\">Efectos digitales.<\/li>\n<li style=\"list-style-type: circle;margin: 5px\">Metr\u00f3nomo.<\/li>\n<li style=\"list-style-type: circle;margin: 5px\">Banco de canciones.<\/li>\n<li style=\"list-style-type: circle;margin: 5px\">Acompa\u00f1amiento autom\u00e1tico.<\/li>\n<li style=\"list-style-type: circle;margin: 5px\">Otras funciones.<\/li>\n<li style=\"list-style-type: circle;margin: 5px\">Terminales de entrada y salida.<\/li>\n<li style=\"list-style-type: circle;margin: 5px\">Conector de alimentaci\u00f3n.<\/li>\n<li style=\"list-style-type: circle;margin: 5px\">Power supply.<\/li>\n<li style=\"list-style-type: circle;margin: 5px\">Bocinas.<\/li>\n<li style=\"list-style-type: circle;margin: 5px\">Amplifier.<\/li>\n<li style=\"list-style-type: circle;margin: 5px\">Energy consumption.<\/li>\n<li style=\"list-style-type: circle;margin: 5px\">Dimensions.<\/li>\n<li style=\"list-style-type: circle;margin: 5px\">Weight.<\/li>\n<li style=\"list-style-type: circle;margin: 5px\">Accessories included.<\/li>\n<\/ul>\n<div>\n<div style=\"font-weight: bold\">Teclado.<\/div>\n<div>\n<p>61 teclas est\u00e1ndar.<\/p>\n<\/div>\n<div style=\"font-weight: bold\">Polifon\u00eda m\u00e1xima.<\/div>\n<div>\n<p>32 notas.<\/p>\n<\/div>\n<div style=\"font-weight: bold\">Tonos.<\/div>\n<div>\n<p>132 tonos integrados.<\/p>\n<\/div>\n<div style=\"font-weight: bold\">Efectos digitales.<\/div>\n<div>\n<p>4 tipos de reverb.<\/p>\n<\/div>\n<div style=\"font-weight: bold\">Metr\u00f3nomo.<\/div>\n<div>\n<p>Compases por medida de 0 a 16. Intervalo de tiempo: de 20 a 255.<\/p>\n<\/div>\n<div style=\"font-weight: bold\">Banco de canciones.<\/div>\n<div>\n<p>60 canciones integradas. Funci\u00f3n de desactivaci\u00f3n de parte: Mano izquierda, mano derecha, ambas manos.<\/p>\n<\/div>\n<div style=\"font-weight: bold\">Acompa\u00f1amiento autom\u00e1tico.<\/div>\n<div>\n<p>61 ritmos integrados.<\/p>\n<\/div>\n<div style=\"font-weight: bold\">Otras funciones.<\/div>\n<div>\n<p>Transposici\u00f3n de teclas: \u00b11 octavas (de -12 a +12 semitonos). Ajuste de sonido: A4 = de 415,5 a 465,9 Hz (predeterminado inicial: 440 Hz). Sostenido (selecci\u00f3n de tecla). Mi configuraci\u00f3n: 1.<\/p>\n<\/div>\n<div style=\"font-weight: bold\">Terminales de entrada y salida.<\/div>\n<div>\n<p>Conector de aud\u00edfonos\/Salida (Mini conector est\u00e9reo 3.5 mm). Puerto USB micro B.<\/p>\n<\/div>\n<div style=\"font-weight: bold\">Conector de alimentaci\u00f3n.<\/div>\n<div>\n<p>Adaptador AC de 9.5V CC.<\/p>\n<\/div>\n<div style=\"font-weight: bold\">Power supply.<\/div>\n<div>\n<p>Adaptador de corriente o 6 pilas alcalinas AA o pilas recargables de Ni-MH tama\u00f1o AA<\/p>\n<\/div>\n<div style=\"font-weight: bold\">Bocinas.<\/div>\n<div>\n<p>2 bocinas de 13 x 6 cm (ovaladas)<\/p>\n<\/div>\n<div style=\"font-weight: bold\">Amplifier.<\/div>\n<div>\n<p>Potencia de 2w + 2w.<\/p>\n<\/div>\n<div style=\"font-weight: bold\">Energy consumption.<\/div>\n<div>\n<p>5.5W.<\/p>\n<\/div>\n<div style=\"font-weight: bold\">Dimensions.<\/div>\n<div>\n<p>93 x 25.6 x 7.3 cm.<\/p>\n<\/div>\n<div style=\"font-weight: bold\">Weight.<\/div>\n<div>\n<p>3.3 kg.<\/p>\n<\/div>\n<div style=\"font-weight: bold\">Accessories included.<\/div>\n<div>\n<p>Adaptador AC y soporte de partituras.<\/p>\n<\/div>\n<\/div>\n<\/div>","protected":false},"excerpt":{"rendered":"<p>Teclado port\u00e1til de 61 teclas, funcionamiento altamente intuitivo, polifon\u00eda m\u00e1xima: 32 notas, 122 tonos, 4 tipos de reverb y ecualizador, 60 canciones, 61 ritmos, transposici\u00f3n de teclas, metr\u00f3nomo, bot\u00f3n de configuraci\u00f3n favorita, salida de aud\u00edfonos, USB micro B, 2 bocinas de 13 x 6 cm, amplificador de 2W x 2W, funciona tambi\u00e9n con 6 pilas AA, empu\u00f1adura para portabilidad, dimensiones: 930 x 256 x 73 mm, peso: 3.3 kg, incluye adaptador AC AD-E95100L y soporte de partituras.&hellip; <a class=\"kt-excerpt-readmore more-link\" href=\"https:\/\/www.mexicanguitarplayers.com\/en\/tienda\/teclas\/teclados\/estandar\/teclado-casio-portatil-ct-s100-c-eli\/\">Read more<\/a><\/p>","protected":false},"featured_media":29140,"comment_status":"open","ping_status":"closed","template":"","meta":{"kt_blocks_editor_width":""},"pwb-brand":[274],"product_brand":[],"product_cat":[381,380,376],"product_tag":[],"class_list":{"0":"post-29145","1":"product","2":"type-product","3":"status-publish","4":"has-post-thumbnail","6":"pwb-brand-casio","7":"product_cat-estandar","8":"product_cat-teclados","9":"product_cat-teclas","10":"product_shipping_class-0-5-kg","12":"first","13":"instock","14":"taxable","15":"shipping-taxable","16":"purchasable","17":"product-type-simple"},"yoast_head":"<!-- This site is optimized with the Yoast SEO plugin v27.3 - https:\/\/yoast.com\/product\/yoast-seo-wordpress\/ -->\n<title>TECLADO CASIO PORTATIL  CT-S100 C\/ELI - Mexican Guitar Players<\/title>\n<meta name=\"description\" content=\"Teclado port\u00e1til de 61 teclas, funcionamiento altamente intuitivo, polifon\u00eda m\u00e1xima: 32 notas, 122 tonos, 4 tipos de reverb y ecualizador, 60 canciones, 61 ritmos, transposici\u00f3n de teclas, metr\u00f3nomo, bot\u00f3n de configuraci\u00f3n favorita, salida de aud\u00edfonos, USB micro B, 2 bocinas de 13 x 6 cm, amplificador de 2W x 2W, funciona tambi\u00e9n con 6 pilas AA, empu\u00f1adura para portabilidad, dimensiones: 930 x 256 x 73 mm, peso: 3.3 kg, incluye adaptador AC AD-E95100L y soporte de partituras.\" \/>\n<meta name=\"robots\" content=\"index, follow, max-snippet:-1, max-image-preview:large, max-video-preview:-1\" \/>\n<link rel=\"canonical\" href=\"https:\/\/www.mexicanguitarplayers.com\/en\/tienda\/sin%20categor\u00eda\/teclado-casio-portatil-ct-s100-c-eli\/\" \/>\n<meta property=\"og:locale\" content=\"en_US\" \/>\n<meta property=\"og:type\" content=\"article\" \/>\n<meta property=\"og:title\" content=\"TECLADO CASIO PORTATIL  CT-S100 C\/ELI - Mexican Guitar Players\" \/>\n<meta property=\"og:description\" content=\"Teclado port\u00e1til de 61 teclas, funcionamiento altamente intuitivo, polifon\u00eda m\u00e1xima: 32 notas, 122 tonos, 4 tipos de reverb y ecualizador, 60 canciones, 61 ritmos, transposici\u00f3n de teclas, metr\u00f3nomo, bot\u00f3n de configuraci\u00f3n favorita, salida de aud\u00edfonos, USB micro B, 2 bocinas de 13 x 6 cm, amplificador de 2W x 2W, funciona tambi\u00e9n con 6 pilas AA, empu\u00f1adura para portabilidad, dimensiones: 930 x 256 x 73 mm, peso: 3.3 kg, incluye adaptador AC AD-E95100L y soporte de partituras.\" \/>\n<meta property=\"og:url\" content=\"https:\/\/www.mexicanguitarplayers.com\/en\/tienda\/sin categor\u00eda\/teclado-casio-portatil-ct-s100-c-eli\/\" \/>\n<meta property=\"og:site_name\" content=\"Mexican Guitar Players\" \/>\n<meta property=\"article:modified_time\" content=\"2026-04-01T07:15:04+00:00\" \/>\n<meta name=\"twitter:card\" content=\"summary_large_image\" \/>\n<meta name=\"twitter:label1\" content=\"Est. reading time\" \/>\n\t<meta name=\"twitter:data1\" content=\"3 minutes\" \/>\n<script type=\"application\/ld+json\" class=\"yoast-schema-graph\">{\"@context\":\"https:\\\/\\\/schema.org\",\"@graph\":[{\"@type\":[\"WebPage\",\"ItemPage\"],\"@id\":\"https:\\\/\\\/www.mexicanguitarplayers.com\\\/tienda\\\/sin categor\u00eda\\\/teclado-casio-portatil-ct-s100-c-eli\\\/\",\"url\":\"https:\\\/\\\/www.mexicanguitarplayers.com\\\/tienda\\\/sin categor\u00eda\\\/teclado-casio-portatil-ct-s100-c-eli\\\/\",\"name\":\"TECLADO CASIO PORTATIL CT-S100 C\\\/ELI - Mexican Guitar Players\",\"isPartOf\":{\"@id\":\"https:\\\/\\\/www.mexicanguitarplayers.com\\\/#website\"},\"primaryImageOfPage\":{\"@id\":\"https:\\\/\\\/www.mexicanguitarplayers.com\\\/tienda\\\/sin categor\u00eda\\\/teclado-casio-portatil-ct-s100-c-eli\\\/#primaryimage\"},\"image\":{\"@id\":\"https:\\\/\\\/www.mexicanguitarplayers.com\\\/tienda\\\/sin categor\u00eda\\\/teclado-casio-portatil-ct-s100-c-eli\\\/#primaryimage\"},\"thumbnailUrl\":\"https:\\\/\\\/www.mexicanguitarplayers.com\\\/wp-content\\\/uploads\\\/2025\\\/04\\\/ITCASCTS100.jpg\",\"datePublished\":\"2025-04-08T16:31:15+00:00\",\"dateModified\":\"2026-04-01T07:15:04+00:00\",\"description\":\"Teclado port\u00e1til de 61 teclas, funcionamiento altamente intuitivo, polifon\u00eda m\u00e1xima: 32 notas, 122 tonos, 4 tipos de reverb y ecualizador, 60 canciones, 61 ritmos, transposici\u00f3n de teclas, metr\u00f3nomo, bot\u00f3n de configuraci\u00f3n favorita, salida de aud\u00edfonos, USB micro B, 2 bocinas de 13 x 6 cm, amplificador de 2W x 2W, funciona tambi\u00e9n con 6 pilas AA, empu\u00f1adura para portabilidad, dimensiones: 930 x 256 x 73 mm, peso: 3.3 kg, incluye adaptador AC AD-E95100L y soporte de partituras.\",\"breadcrumb\":{\"@id\":\"https:\\\/\\\/www.mexicanguitarplayers.com\\\/tienda\\\/sin categor\u00eda\\\/teclado-casio-portatil-ct-s100-c-eli\\\/#breadcrumb\"},\"inLanguage\":\"en-US\",\"potentialAction\":[{\"@type\":\"ReadAction\",\"target\":[\"https:\\\/\\\/www.mexicanguitarplayers.com\\\/tienda\\\/sin categor\u00eda\\\/teclado-casio-portatil-ct-s100-c-eli\\\/\"]}]},{\"@type\":\"ImageObject\",\"inLanguage\":\"en-US\",\"@id\":\"https:\\\/\\\/www.mexicanguitarplayers.com\\\/tienda\\\/sin categor\u00eda\\\/teclado-casio-portatil-ct-s100-c-eli\\\/#primaryimage\",\"url\":\"https:\\\/\\\/www.mexicanguitarplayers.com\\\/wp-content\\\/uploads\\\/2025\\\/04\\\/ITCASCTS100.jpg\",\"contentUrl\":\"https:\\\/\\\/www.mexicanguitarplayers.com\\\/wp-content\\\/uploads\\\/2025\\\/04\\\/ITCASCTS100.jpg\",\"width\":1600,\"height\":800},{\"@type\":\"BreadcrumbList\",\"@id\":\"https:\\\/\\\/www.mexicanguitarplayers.com\\\/tienda\\\/sin categor\u00eda\\\/teclado-casio-portatil-ct-s100-c-eli\\\/#breadcrumb\",\"itemListElement\":[{\"@type\":\"ListItem\",\"position\":1,\"name\":\"Portada\",\"item\":\"https:\\\/\\\/www.mexicanguitarplayers.com\\\/\"},{\"@type\":\"ListItem\",\"position\":2,\"name\":\"Tienda\",\"item\":\"https:\\\/\\\/www.mexicanguitarplayers.com\\\/tienda\\\/\"},{\"@type\":\"ListItem\",\"position\":3,\"name\":\"TECLADO CASIO PORTATIL CT-S100 C\\\/ELI\"}]},{\"@type\":\"WebSite\",\"@id\":\"https:\\\/\\\/www.mexicanguitarplayers.com\\\/#website\",\"url\":\"https:\\\/\\\/www.mexicanguitarplayers.com\\\/\",\"name\":\"Mexican Guitar Players\",\"description\":\"Website\",\"publisher\":{\"@id\":\"https:\\\/\\\/www.mexicanguitarplayers.com\\\/#organization\"},\"potentialAction\":[{\"@type\":\"SearchAction\",\"target\":{\"@type\":\"EntryPoint\",\"urlTemplate\":\"https:\\\/\\\/www.mexicanguitarplayers.com\\\/?s={search_term_string}\"},\"query-input\":{\"@type\":\"PropertyValueSpecification\",\"valueRequired\":true,\"valueName\":\"search_term_string\"}}],\"inLanguage\":\"en-US\"},{\"@type\":\"Organization\",\"@id\":\"https:\\\/\\\/www.mexicanguitarplayers.com\\\/#organization\",\"name\":\"Mexican Guitar Players\",\"url\":\"https:\\\/\\\/www.mexicanguitarplayers.com\\\/\",\"logo\":{\"@type\":\"ImageObject\",\"inLanguage\":\"en-US\",\"@id\":\"https:\\\/\\\/www.mexicanguitarplayers.com\\\/#\\\/schema\\\/logo\\\/image\\\/\",\"url\":\"\",\"contentUrl\":\"\",\"caption\":\"Mexican Guitar Players\"},\"image\":{\"@id\":\"https:\\\/\\\/www.mexicanguitarplayers.com\\\/#\\\/schema\\\/logo\\\/image\\\/\"}}]}<\/script>\n<!-- \/ Yoast SEO plugin. -->","yoast_head_json":{"title":"TECLADO CASIO PORTATIL  CT-S100 C\/ELI - Mexican Guitar Players","description":"Teclado port\u00e1til de 61 teclas, funcionamiento altamente intuitivo, polifon\u00eda m\u00e1xima: 32 notas, 122 tonos, 4 tipos de reverb y ecualizador, 60 canciones, 61 ritmos, transposici\u00f3n de teclas, metr\u00f3nomo, bot\u00f3n de configuraci\u00f3n favorita, salida de aud\u00edfonos, USB micro B, 2 bocinas de 13 x 6 cm, amplificador de 2W x 2W, funciona tambi\u00e9n con 6 pilas AA, empu\u00f1adura para portabilidad, dimensiones: 930 x 256 x 73 mm, peso: 3.3 kg, incluye adaptador AC AD-E95100L y soporte de partituras.","robots":{"index":"index","follow":"follow","max-snippet":"max-snippet:-1","max-image-preview":"max-image-preview:large","max-video-preview":"max-video-preview:-1"},"canonical":"https:\/\/www.mexicanguitarplayers.com\/en\/tienda\/sin categor\u00eda\/teclado-casio-portatil-ct-s100-c-eli\/","og_locale":"en_US","og_type":"article","og_title":"TECLADO CASIO PORTATIL  CT-S100 C\/ELI - Mexican Guitar Players","og_description":"Teclado port\u00e1til de 61 teclas, funcionamiento altamente intuitivo, polifon\u00eda m\u00e1xima: 32 notas, 122 tonos, 4 tipos de reverb y ecualizador, 60 canciones, 61 ritmos, transposici\u00f3n de teclas, metr\u00f3nomo, bot\u00f3n de configuraci\u00f3n favorita, salida de aud\u00edfonos, USB micro B, 2 bocinas de 13 x 6 cm, amplificador de 2W x 2W, funciona tambi\u00e9n con 6 pilas AA, empu\u00f1adura para portabilidad, dimensiones: 930 x 256 x 73 mm, peso: 3.3 kg, incluye adaptador AC AD-E95100L y soporte de partituras.","og_url":"https:\/\/www.mexicanguitarplayers.com\/en\/tienda\/sin categor\u00eda\/teclado-casio-portatil-ct-s100-c-eli\/","og_site_name":"Mexican Guitar Players","article_modified_time":"2026-04-01T07:15:04+00:00","twitter_card":"summary_large_image","twitter_misc":{"Est. reading time":"3 minutes"},"schema":{"@context":"https:\/\/schema.org","@graph":[{"@type":["WebPage","ItemPage"],"@id":"https:\/\/www.mexicanguitarplayers.com\/tienda\/sin categor\u00eda\/teclado-casio-portatil-ct-s100-c-eli\/","url":"https:\/\/www.mexicanguitarplayers.com\/tienda\/sin categor\u00eda\/teclado-casio-portatil-ct-s100-c-eli\/","name":"TECLADO CASIO PORTATIL CT-S100 C\/ELI - Mexican Guitar Players","isPartOf":{"@id":"https:\/\/www.mexicanguitarplayers.com\/#website"},"primaryImageOfPage":{"@id":"https:\/\/www.mexicanguitarplayers.com\/tienda\/sin categor\u00eda\/teclado-casio-portatil-ct-s100-c-eli\/#primaryimage"},"image":{"@id":"https:\/\/www.mexicanguitarplayers.com\/tienda\/sin categor\u00eda\/teclado-casio-portatil-ct-s100-c-eli\/#primaryimage"},"thumbnailUrl":"https:\/\/www.mexicanguitarplayers.com\/wp-content\/uploads\/2025\/04\/ITCASCTS100.jpg","datePublished":"2025-04-08T16:31:15+00:00","dateModified":"2026-04-01T07:15:04+00:00","description":"Teclado port\u00e1til de 61 teclas, funcionamiento altamente intuitivo, polifon\u00eda m\u00e1xima: 32 notas, 122 tonos, 4 tipos de reverb y ecualizador, 60 canciones, 61 ritmos, transposici\u00f3n de teclas, metr\u00f3nomo, bot\u00f3n de configuraci\u00f3n favorita, salida de aud\u00edfonos, USB micro B, 2 bocinas de 13 x 6 cm, amplificador de 2W x 2W, funciona tambi\u00e9n con 6 pilas AA, empu\u00f1adura para portabilidad, dimensiones: 930 x 256 x 73 mm, peso: 3.3 kg, incluye adaptador AC AD-E95100L y soporte de partituras.","breadcrumb":{"@id":"https:\/\/www.mexicanguitarplayers.com\/tienda\/sin categor\u00eda\/teclado-casio-portatil-ct-s100-c-eli\/#breadcrumb"},"inLanguage":"en-US","potentialAction":[{"@type":"ReadAction","target":["https:\/\/www.mexicanguitarplayers.com\/tienda\/sin categor\u00eda\/teclado-casio-portatil-ct-s100-c-eli\/"]}]},{"@type":"ImageObject","inLanguage":"en-US","@id":"https:\/\/www.mexicanguitarplayers.com\/tienda\/sin categor\u00eda\/teclado-casio-portatil-ct-s100-c-eli\/#primaryimage","url":"https:\/\/www.mexicanguitarplayers.com\/wp-content\/uploads\/2025\/04\/ITCASCTS100.jpg","contentUrl":"https:\/\/www.mexicanguitarplayers.com\/wp-content\/uploads\/2025\/04\/ITCASCTS100.jpg","width":1600,"height":800},{"@type":"BreadcrumbList","@id":"https:\/\/www.mexicanguitarplayers.com\/tienda\/sin categor\u00eda\/teclado-casio-portatil-ct-s100-c-eli\/#breadcrumb","itemListElement":[{"@type":"ListItem","position":1,"name":"Portada","item":"https:\/\/www.mexicanguitarplayers.com\/"},{"@type":"ListItem","position":2,"name":"Tienda","item":"https:\/\/www.mexicanguitarplayers.com\/tienda\/"},{"@type":"ListItem","position":3,"name":"TECLADO CASIO PORTATIL CT-S100 C\/ELI"}]},{"@type":"WebSite","@id":"https:\/\/www.mexicanguitarplayers.com\/#website","url":"https:\/\/www.mexicanguitarplayers.com\/","name":"Mexican Guitar Players","description":"Website","publisher":{"@id":"https:\/\/www.mexicanguitarplayers.com\/#organization"},"potentialAction":[{"@type":"SearchAction","target":{"@type":"EntryPoint","urlTemplate":"https:\/\/www.mexicanguitarplayers.com\/?s={search_term_string}"},"query-input":{"@type":"PropertyValueSpecification","valueRequired":true,"valueName":"search_term_string"}}],"inLanguage":"en-US"},{"@type":"Organization","@id":"https:\/\/www.mexicanguitarplayers.com\/#organization","name":"Mexican Guitar Players","url":"https:\/\/www.mexicanguitarplayers.com\/","logo":{"@type":"ImageObject","inLanguage":"en-US","@id":"https:\/\/www.mexicanguitarplayers.com\/#\/schema\/logo\/image\/","url":"","contentUrl":"","caption":"Mexican Guitar Players"},"image":{"@id":"https:\/\/www.mexicanguitarplayers.com\/#\/schema\/logo\/image\/"}}]}},"brands":[{"id":274,"name":"CASIO","slug":"casio"}],"_links":{"self":[{"href":"https:\/\/www.mexicanguitarplayers.com\/en\/wp-json\/wp\/v2\/product\/29145","targetHints":{"allow":["GET"]}}],"collection":[{"href":"https:\/\/www.mexicanguitarplayers.com\/en\/wp-json\/wp\/v2\/product"}],"about":[{"href":"https:\/\/www.mexicanguitarplayers.com\/en\/wp-json\/wp\/v2\/types\/product"}],"replies":[{"embeddable":true,"href":"https:\/\/www.mexicanguitarplayers.com\/en\/wp-json\/wp\/v2\/comments?post=29145"}],"wp:featuredmedia":[{"embeddable":true,"href":"https:\/\/www.mexicanguitarplayers.com\/en\/wp-json\/wp\/v2\/media\/29140"}],"wp:attachment":[{"href":"https:\/\/www.mexicanguitarplayers.com\/en\/wp-json\/wp\/v2\/media?parent=29145"}],"wp:term":[{"taxonomy":"pwb-brand","embeddable":true,"href":"https:\/\/www.mexicanguitarplayers.com\/en\/wp-json\/wp\/v2\/pwb-brand?post=29145"},{"taxonomy":"product_brand","embeddable":true,"href":"https:\/\/www.mexicanguitarplayers.com\/en\/wp-json\/wp\/v2\/product_brand?post=29145"},{"taxonomy":"product_cat","embeddable":true,"href":"https:\/\/www.mexicanguitarplayers.com\/en\/wp-json\/wp\/v2\/product_cat?post=29145"},{"taxonomy":"product_tag","embeddable":true,"href":"https:\/\/www.mexicanguitarplayers.com\/en\/wp-json\/wp\/v2\/product_tag?post=29145"}],"curies":[{"name":"wp","href":"https:\/\/api.w.org\/{rel}","templated":true}]}}