{"id":29182,"date":"2025-04-08T10:32:13","date_gmt":"2025-04-08T16:32:13","guid":{"rendered":"https:\/\/www.mexicanguitarplayers.com\/tienda\/sin categor\u00eda\/guitarra-la-sevillana-e-acust-ju-1200ceq\/"},"modified":"2026-05-01T07:26:09","modified_gmt":"2026-05-01T13:26:09","slug":"guitarra-la-sevillana-e-acust-ju-1200ceq","status":"publish","type":"product","link":"https:\/\/www.mexicanguitarplayers.com\/en\/tienda\/cuerdas\/guitarras-cuerdas\/acusticas\/guitarras-electro-acusticas\/guitarra-la-sevillana-e-acust-ju-1200ceq\/","title":{"rendered":"GUITARRA LA SEVILLANA E\/ACUST. JU-1200CEQ"},"content":{"rendered":"<div style=\"text-align: justify\">\n<div>\n<h3>GUITARRA LA SEVILLANA E\/ACUST. JU-1200CEQ<\/h3>\n<\/div>\n<div>La guitarra electroac\u00fastica La Sevillana JU-1200CEQ ofrece un sonido robusto y resonante gracias a su cuerpo Jumbo de 12 cuerdas con aros y fondo de caoba. Equipada con un preamplificador activo KLT-34 que incluye un afinador digital, ecualizador de 4 bandas, volumen y fase, esta guitarra proporciona versatilidad y control sobre su tono en cualquier entorno de interpretaci\u00f3n. Con un diapas\u00f3n de sonokelin y una tapa de abeto, ofrece una combinaci\u00f3n equilibrada de tonos c\u00e1lidos y brillantes. Con maquinaria de acero die-cast y 20 trastes, la JU-1200CEQ es una opci\u00f3n ideal para los m\u00fasicos que buscan una guitarra electroac\u00fastica de calidad en un dise\u00f1o natural y elegante.<\/div>\n<div>\n<h4>Characteristics<\/h4>\n<\/div>\n<div>\n<ul style=\"margin: 0px 0px 0px 25px\">\n<li style=\"list-style-type: circle;margin: 5px\">Model<\/li>\n<li style=\"list-style-type: circle;margin: 5px\">Colores disponibles<\/li>\n<li style=\"list-style-type: circle;margin: 5px\">Tipo de cuerpo<\/li>\n<li style=\"list-style-type: circle;margin: 5px\">numero de cuerdas<\/li>\n<li style=\"list-style-type: circle;margin: 5px\">Madera de los aros y fondo<\/li>\n<li style=\"list-style-type: circle;margin: 5px\">Preamp activo<\/li>\n<li style=\"list-style-type: circle;margin: 5px\">Connectivity<\/li>\n<li style=\"list-style-type: circle;margin: 5px\">Diapas\u00f3n<\/li>\n<li style=\"list-style-type: circle;margin: 5px\">Tapa<\/li>\n<li style=\"list-style-type: circle;margin: 5px\">Maquinaria<\/li>\n<li style=\"list-style-type: circle;margin: 5px\">N\u00famero de trastes<\/li>\n<li style=\"list-style-type: circle;margin: 5px\">Dise\u00f1o<\/li>\n<\/ul>\n<\/div>\n<\/div>","protected":false},"excerpt":{"rendered":"<p>La guitarra electroac\u00fastica La Sevillana JU-1200CEQ en color natural presenta un cuerpo Jumbo de 12 cuerdas con aros y fondo de caoba, equipada con un preamplificador activo KLT-34 que incluye un afinador digital, ecualizador de 4 bandas, volumen y fase. Con conectividad a trav\u00e9s de plug de 1\/4 de pulgada, diapas\u00f3n de sonokelin y tapa de abeto, esta guitarra ofrece una combinaci\u00f3n equilibrada de tonos c\u00e1lidos y brillantes. Con maquinaria de acero die-cast, 20 trastes y un dise\u00f1o natural, es una opci\u00f3n ideal para m\u00fasicos que buscan una guitarra electroac\u00fastica de alta calidad.&hellip; <a class=\"kt-excerpt-readmore more-link\" href=\"https:\/\/www.mexicanguitarplayers.com\/en\/tienda\/cuerdas\/guitarras-cuerdas\/acusticas\/guitarras-electro-acusticas\/guitarra-la-sevillana-e-acust-ju-1200ceq\/\">Read more<\/a><\/p>","protected":false},"featured_media":29146,"comment_status":"open","ping_status":"closed","template":"","meta":{"kt_blocks_editor_width":""},"pwb-brand":[345],"product_brand":[],"product_cat":[315,224,312,316],"product_tag":[],"class_list":{"0":"post-29182","1":"product","2":"type-product","3":"status-publish","4":"has-post-thumbnail","6":"pwb-brand-la-sevillana","7":"product_cat-acusticas","8":"product_cat-cuerdas","9":"product_cat-guitarras-cuerdas","10":"product_cat-guitarras-electro-acusticas","11":"product_shipping_class-0-5-kg","13":"first","14":"instock","15":"taxable","16":"shipping-taxable","17":"purchasable","18":"product-type-simple"},"yoast_head":"<!-- This site is optimized with the Yoast SEO plugin v27.5 - https:\/\/yoast.com\/product\/yoast-seo-wordpress\/ -->\n<title>GUITARRA LA SEVILLANA E\/ACUST. JU-1200CEQ - Mexican Guitar Players<\/title>\n<meta name=\"description\" content=\"La guitarra electroac\u00fastica La Sevillana JU-1200CEQ en color natural presenta un cuerpo Jumbo de 12 cuerdas con aros y fondo de caoba, equipada con un preamplificador activo KLT-34 que incluye un afinador digital, ecualizador de 4 bandas, volumen y fase. Con conectividad a trav\u00e9s de plug de 1\/4 de pulgada, diapas\u00f3n de sonokelin y tapa de abeto, esta guitarra ofrece una combinaci\u00f3n equilibrada de tonos c\u00e1lidos y brillantes. Con maquinaria de acero die-cast, 20 trastes y un dise\u00f1o natural, es una opci\u00f3n ideal para m\u00fasicos que buscan una guitarra electroac\u00fastica de alta calidad.\" \/>\n<meta name=\"robots\" content=\"index, follow, max-snippet:-1, max-image-preview:large, max-video-preview:-1\" \/>\n<link rel=\"canonical\" href=\"https:\/\/www.mexicanguitarplayers.com\/en\/tienda\/sin%20categor\u00eda\/guitarra-la-sevillana-e-acust-ju-1200ceq\/\" \/>\n<meta property=\"og:locale\" content=\"en_US\" \/>\n<meta property=\"og:type\" content=\"article\" \/>\n<meta property=\"og:title\" content=\"GUITARRA LA SEVILLANA E\/ACUST. JU-1200CEQ - Mexican Guitar Players\" \/>\n<meta property=\"og:description\" content=\"La guitarra electroac\u00fastica La Sevillana JU-1200CEQ en color natural presenta un cuerpo Jumbo de 12 cuerdas con aros y fondo de caoba, equipada con un preamplificador activo KLT-34 que incluye un afinador digital, ecualizador de 4 bandas, volumen y fase. Con conectividad a trav\u00e9s de plug de 1\/4 de pulgada, diapas\u00f3n de sonokelin y tapa de abeto, esta guitarra ofrece una combinaci\u00f3n equilibrada de tonos c\u00e1lidos y brillantes. Con maquinaria de acero die-cast, 20 trastes y un dise\u00f1o natural, es una opci\u00f3n ideal para m\u00fasicos que buscan una guitarra electroac\u00fastica de alta calidad.\" \/>\n<meta property=\"og:url\" content=\"https:\/\/www.mexicanguitarplayers.com\/en\/tienda\/sin categor\u00eda\/guitarra-la-sevillana-e-acust-ju-1200ceq\/\" \/>\n<meta property=\"og:site_name\" content=\"Mexican Guitar Players\" \/>\n<meta property=\"article:modified_time\" content=\"2026-05-01T13:26:09+00:00\" \/>\n<meta name=\"twitter:card\" content=\"summary_large_image\" \/>\n<meta name=\"twitter:label1\" content=\"Est. reading time\" \/>\n\t<meta name=\"twitter:data1\" content=\"1 minute\" \/>\n<script type=\"application\/ld+json\" class=\"yoast-schema-graph\">{\"@context\":\"https:\\\/\\\/schema.org\",\"@graph\":[{\"@type\":[\"WebPage\",\"ItemPage\"],\"@id\":\"https:\\\/\\\/www.mexicanguitarplayers.com\\\/tienda\\\/sin categor\u00eda\\\/guitarra-la-sevillana-e-acust-ju-1200ceq\\\/\",\"url\":\"https:\\\/\\\/www.mexicanguitarplayers.com\\\/tienda\\\/sin categor\u00eda\\\/guitarra-la-sevillana-e-acust-ju-1200ceq\\\/\",\"name\":\"GUITARRA LA SEVILLANA E\\\/ACUST. JU-1200CEQ - Mexican Guitar Players\",\"isPartOf\":{\"@id\":\"https:\\\/\\\/www.mexicanguitarplayers.com\\\/#website\"},\"primaryImageOfPage\":{\"@id\":\"https:\\\/\\\/www.mexicanguitarplayers.com\\\/tienda\\\/sin categor\u00eda\\\/guitarra-la-sevillana-e-acust-ju-1200ceq\\\/#primaryimage\"},\"image\":{\"@id\":\"https:\\\/\\\/www.mexicanguitarplayers.com\\\/tienda\\\/sin categor\u00eda\\\/guitarra-la-sevillana-e-acust-ju-1200ceq\\\/#primaryimage\"},\"thumbnailUrl\":\"https:\\\/\\\/www.mexicanguitarplayers.com\\\/wp-content\\\/uploads\\\/2025\\\/04\\\/ISSEVJU1200CEQ.jpg\",\"datePublished\":\"2025-04-08T16:32:13+00:00\",\"dateModified\":\"2026-05-01T13:26:09+00:00\",\"description\":\"La guitarra electroac\u00fastica La Sevillana JU-1200CEQ en color natural presenta un cuerpo Jumbo de 12 cuerdas con aros y fondo de caoba, equipada con un preamplificador activo KLT-34 que incluye un afinador digital, ecualizador de 4 bandas, volumen y fase. Con conectividad a trav\u00e9s de plug de 1\\\/4 de pulgada, diapas\u00f3n de sonokelin y tapa de abeto, esta guitarra ofrece una combinaci\u00f3n equilibrada de tonos c\u00e1lidos y brillantes. Con maquinaria de acero die-cast, 20 trastes y un dise\u00f1o natural, es una opci\u00f3n ideal para m\u00fasicos que buscan una guitarra electroac\u00fastica de alta calidad.\",\"breadcrumb\":{\"@id\":\"https:\\\/\\\/www.mexicanguitarplayers.com\\\/tienda\\\/sin categor\u00eda\\\/guitarra-la-sevillana-e-acust-ju-1200ceq\\\/#breadcrumb\"},\"inLanguage\":\"en-US\",\"potentialAction\":[{\"@type\":\"ReadAction\",\"target\":[\"https:\\\/\\\/www.mexicanguitarplayers.com\\\/tienda\\\/sin categor\u00eda\\\/guitarra-la-sevillana-e-acust-ju-1200ceq\\\/\"]}]},{\"@type\":\"ImageObject\",\"inLanguage\":\"en-US\",\"@id\":\"https:\\\/\\\/www.mexicanguitarplayers.com\\\/tienda\\\/sin categor\u00eda\\\/guitarra-la-sevillana-e-acust-ju-1200ceq\\\/#primaryimage\",\"url\":\"https:\\\/\\\/www.mexicanguitarplayers.com\\\/wp-content\\\/uploads\\\/2025\\\/04\\\/ISSEVJU1200CEQ.jpg\",\"contentUrl\":\"https:\\\/\\\/www.mexicanguitarplayers.com\\\/wp-content\\\/uploads\\\/2025\\\/04\\\/ISSEVJU1200CEQ.jpg\",\"width\":800,\"height\":1600},{\"@type\":\"BreadcrumbList\",\"@id\":\"https:\\\/\\\/www.mexicanguitarplayers.com\\\/tienda\\\/sin categor\u00eda\\\/guitarra-la-sevillana-e-acust-ju-1200ceq\\\/#breadcrumb\",\"itemListElement\":[{\"@type\":\"ListItem\",\"position\":1,\"name\":\"Portada\",\"item\":\"https:\\\/\\\/www.mexicanguitarplayers.com\\\/\"},{\"@type\":\"ListItem\",\"position\":2,\"name\":\"Tienda\",\"item\":\"https:\\\/\\\/www.mexicanguitarplayers.com\\\/tienda\\\/\"},{\"@type\":\"ListItem\",\"position\":3,\"name\":\"GUITARRA LA SEVILLANA E\\\/ACUST. JU-1200CEQ\"}]},{\"@type\":\"WebSite\",\"@id\":\"https:\\\/\\\/www.mexicanguitarplayers.com\\\/#website\",\"url\":\"https:\\\/\\\/www.mexicanguitarplayers.com\\\/\",\"name\":\"Mexican Guitar Players\",\"description\":\"Website\",\"publisher\":{\"@id\":\"https:\\\/\\\/www.mexicanguitarplayers.com\\\/#organization\"},\"potentialAction\":[{\"@type\":\"SearchAction\",\"target\":{\"@type\":\"EntryPoint\",\"urlTemplate\":\"https:\\\/\\\/www.mexicanguitarplayers.com\\\/?s={search_term_string}\"},\"query-input\":{\"@type\":\"PropertyValueSpecification\",\"valueRequired\":true,\"valueName\":\"search_term_string\"}}],\"inLanguage\":\"en-US\"},{\"@type\":\"Organization\",\"@id\":\"https:\\\/\\\/www.mexicanguitarplayers.com\\\/#organization\",\"name\":\"Mexican Guitar Players\",\"url\":\"https:\\\/\\\/www.mexicanguitarplayers.com\\\/\",\"logo\":{\"@type\":\"ImageObject\",\"inLanguage\":\"en-US\",\"@id\":\"https:\\\/\\\/www.mexicanguitarplayers.com\\\/#\\\/schema\\\/logo\\\/image\\\/\",\"url\":\"\",\"contentUrl\":\"\",\"caption\":\"Mexican Guitar Players\"},\"image\":{\"@id\":\"https:\\\/\\\/www.mexicanguitarplayers.com\\\/#\\\/schema\\\/logo\\\/image\\\/\"}}]}<\/script>\n<!-- \/ Yoast SEO plugin. -->","yoast_head_json":{"title":"GUITARRA LA SEVILLANA E\/ACUST. JU-1200CEQ - Mexican Guitar Players","description":"La guitarra electroac\u00fastica La Sevillana JU-1200CEQ en color natural presenta un cuerpo Jumbo de 12 cuerdas con aros y fondo de caoba, equipada con un preamplificador activo KLT-34 que incluye un afinador digital, ecualizador de 4 bandas, volumen y fase. Con conectividad a trav\u00e9s de plug de 1\/4 de pulgada, diapas\u00f3n de sonokelin y tapa de abeto, esta guitarra ofrece una combinaci\u00f3n equilibrada de tonos c\u00e1lidos y brillantes. Con maquinaria de acero die-cast, 20 trastes y un dise\u00f1o natural, es una opci\u00f3n ideal para m\u00fasicos que buscan una guitarra electroac\u00fastica de alta calidad.","robots":{"index":"index","follow":"follow","max-snippet":"max-snippet:-1","max-image-preview":"max-image-preview:large","max-video-preview":"max-video-preview:-1"},"canonical":"https:\/\/www.mexicanguitarplayers.com\/en\/tienda\/sin categor\u00eda\/guitarra-la-sevillana-e-acust-ju-1200ceq\/","og_locale":"en_US","og_type":"article","og_title":"GUITARRA LA SEVILLANA E\/ACUST. JU-1200CEQ - Mexican Guitar Players","og_description":"La guitarra electroac\u00fastica La Sevillana JU-1200CEQ en color natural presenta un cuerpo Jumbo de 12 cuerdas con aros y fondo de caoba, equipada con un preamplificador activo KLT-34 que incluye un afinador digital, ecualizador de 4 bandas, volumen y fase. Con conectividad a trav\u00e9s de plug de 1\/4 de pulgada, diapas\u00f3n de sonokelin y tapa de abeto, esta guitarra ofrece una combinaci\u00f3n equilibrada de tonos c\u00e1lidos y brillantes. Con maquinaria de acero die-cast, 20 trastes y un dise\u00f1o natural, es una opci\u00f3n ideal para m\u00fasicos que buscan una guitarra electroac\u00fastica de alta calidad.","og_url":"https:\/\/www.mexicanguitarplayers.com\/en\/tienda\/sin categor\u00eda\/guitarra-la-sevillana-e-acust-ju-1200ceq\/","og_site_name":"Mexican Guitar Players","article_modified_time":"2026-05-01T13:26:09+00:00","twitter_card":"summary_large_image","twitter_misc":{"Est. reading time":"1 minute"},"schema":{"@context":"https:\/\/schema.org","@graph":[{"@type":["WebPage","ItemPage"],"@id":"https:\/\/www.mexicanguitarplayers.com\/tienda\/sin categor\u00eda\/guitarra-la-sevillana-e-acust-ju-1200ceq\/","url":"https:\/\/www.mexicanguitarplayers.com\/tienda\/sin categor\u00eda\/guitarra-la-sevillana-e-acust-ju-1200ceq\/","name":"GUITARRA LA SEVILLANA E\/ACUST. JU-1200CEQ - Mexican Guitar Players","isPartOf":{"@id":"https:\/\/www.mexicanguitarplayers.com\/#website"},"primaryImageOfPage":{"@id":"https:\/\/www.mexicanguitarplayers.com\/tienda\/sin categor\u00eda\/guitarra-la-sevillana-e-acust-ju-1200ceq\/#primaryimage"},"image":{"@id":"https:\/\/www.mexicanguitarplayers.com\/tienda\/sin categor\u00eda\/guitarra-la-sevillana-e-acust-ju-1200ceq\/#primaryimage"},"thumbnailUrl":"https:\/\/www.mexicanguitarplayers.com\/wp-content\/uploads\/2025\/04\/ISSEVJU1200CEQ.jpg","datePublished":"2025-04-08T16:32:13+00:00","dateModified":"2026-05-01T13:26:09+00:00","description":"La guitarra electroac\u00fastica La Sevillana JU-1200CEQ en color natural presenta un cuerpo Jumbo de 12 cuerdas con aros y fondo de caoba, equipada con un preamplificador activo KLT-34 que incluye un afinador digital, ecualizador de 4 bandas, volumen y fase. Con conectividad a trav\u00e9s de plug de 1\/4 de pulgada, diapas\u00f3n de sonokelin y tapa de abeto, esta guitarra ofrece una combinaci\u00f3n equilibrada de tonos c\u00e1lidos y brillantes. Con maquinaria de acero die-cast, 20 trastes y un dise\u00f1o natural, es una opci\u00f3n ideal para m\u00fasicos que buscan una guitarra electroac\u00fastica de alta calidad.","breadcrumb":{"@id":"https:\/\/www.mexicanguitarplayers.com\/tienda\/sin categor\u00eda\/guitarra-la-sevillana-e-acust-ju-1200ceq\/#breadcrumb"},"inLanguage":"en-US","potentialAction":[{"@type":"ReadAction","target":["https:\/\/www.mexicanguitarplayers.com\/tienda\/sin categor\u00eda\/guitarra-la-sevillana-e-acust-ju-1200ceq\/"]}]},{"@type":"ImageObject","inLanguage":"en-US","@id":"https:\/\/www.mexicanguitarplayers.com\/tienda\/sin categor\u00eda\/guitarra-la-sevillana-e-acust-ju-1200ceq\/#primaryimage","url":"https:\/\/www.mexicanguitarplayers.com\/wp-content\/uploads\/2025\/04\/ISSEVJU1200CEQ.jpg","contentUrl":"https:\/\/www.mexicanguitarplayers.com\/wp-content\/uploads\/2025\/04\/ISSEVJU1200CEQ.jpg","width":800,"height":1600},{"@type":"BreadcrumbList","@id":"https:\/\/www.mexicanguitarplayers.com\/tienda\/sin categor\u00eda\/guitarra-la-sevillana-e-acust-ju-1200ceq\/#breadcrumb","itemListElement":[{"@type":"ListItem","position":1,"name":"Portada","item":"https:\/\/www.mexicanguitarplayers.com\/"},{"@type":"ListItem","position":2,"name":"Tienda","item":"https:\/\/www.mexicanguitarplayers.com\/tienda\/"},{"@type":"ListItem","position":3,"name":"GUITARRA LA SEVILLANA E\/ACUST. JU-1200CEQ"}]},{"@type":"WebSite","@id":"https:\/\/www.mexicanguitarplayers.com\/#website","url":"https:\/\/www.mexicanguitarplayers.com\/","name":"Mexican Guitar Players","description":"Website","publisher":{"@id":"https:\/\/www.mexicanguitarplayers.com\/#organization"},"potentialAction":[{"@type":"SearchAction","target":{"@type":"EntryPoint","urlTemplate":"https:\/\/www.mexicanguitarplayers.com\/?s={search_term_string}"},"query-input":{"@type":"PropertyValueSpecification","valueRequired":true,"valueName":"search_term_string"}}],"inLanguage":"en-US"},{"@type":"Organization","@id":"https:\/\/www.mexicanguitarplayers.com\/#organization","name":"Mexican Guitar Players","url":"https:\/\/www.mexicanguitarplayers.com\/","logo":{"@type":"ImageObject","inLanguage":"en-US","@id":"https:\/\/www.mexicanguitarplayers.com\/#\/schema\/logo\/image\/","url":"","contentUrl":"","caption":"Mexican Guitar Players"},"image":{"@id":"https:\/\/www.mexicanguitarplayers.com\/#\/schema\/logo\/image\/"}}]}},"brands":[{"id":345,"name":"THE SEVILLE","slug":"la-sevillana"}],"_links":{"self":[{"href":"https:\/\/www.mexicanguitarplayers.com\/en\/wp-json\/wp\/v2\/product\/29182","targetHints":{"allow":["GET"]}}],"collection":[{"href":"https:\/\/www.mexicanguitarplayers.com\/en\/wp-json\/wp\/v2\/product"}],"about":[{"href":"https:\/\/www.mexicanguitarplayers.com\/en\/wp-json\/wp\/v2\/types\/product"}],"replies":[{"embeddable":true,"href":"https:\/\/www.mexicanguitarplayers.com\/en\/wp-json\/wp\/v2\/comments?post=29182"}],"wp:featuredmedia":[{"embeddable":true,"href":"https:\/\/www.mexicanguitarplayers.com\/en\/wp-json\/wp\/v2\/media\/29146"}],"wp:attachment":[{"href":"https:\/\/www.mexicanguitarplayers.com\/en\/wp-json\/wp\/v2\/media?parent=29182"}],"wp:term":[{"taxonomy":"pwb-brand","embeddable":true,"href":"https:\/\/www.mexicanguitarplayers.com\/en\/wp-json\/wp\/v2\/pwb-brand?post=29182"},{"taxonomy":"product_brand","embeddable":true,"href":"https:\/\/www.mexicanguitarplayers.com\/en\/wp-json\/wp\/v2\/product_brand?post=29182"},{"taxonomy":"product_cat","embeddable":true,"href":"https:\/\/www.mexicanguitarplayers.com\/en\/wp-json\/wp\/v2\/product_cat?post=29182"},{"taxonomy":"product_tag","embeddable":true,"href":"https:\/\/www.mexicanguitarplayers.com\/en\/wp-json\/wp\/v2\/product_tag?post=29182"}],"curies":[{"name":"wp","href":"https:\/\/api.w.org\/{rel}","templated":true}]}}