{"id":29201,"date":"2025-04-08T10:32:48","date_gmt":"2025-04-08T16:32:48","guid":{"rendered":"https:\/\/www.mexicanguitarplayers.com\/tienda\/sin categor\u00eda\/pastilla-sd-brazo-scr-1n-cool-rails-for-strat\/"},"modified":"2026-04-10T04:39:06","modified_gmt":"2026-04-10T10:39:06","slug":"pastilla-sd-brazo-scr-1n-cool-rails-for-strat","status":"publish","type":"product","link":"https:\/\/www.mexicanguitarplayers.com\/en\/tienda\/accesorios\/para-guitarras\/pastillas-para-guitarra-electrica\/pastilla-sd-brazo-scr-1n-cool-rails-for-strat\/","title":{"rendered":"PASTILLA SD BRAZO SCR-1N COOL RAILS FOR STRAT"},"content":{"rendered":"<div style=\"text-align: justify\">\n<div>\n<h3>Obt\u00e9n la vibra de una Les Paul y un crujido grueso y c\u00e1lido.<\/h3>\n<\/div>\n<div>La pastilla humbucker Cool Rails single-coil de doble hoja le dar\u00e1 a la posici\u00f3n del puente de tu Stratocaster la vibra de una Les Paul. La salida media de Cool Rails le dar\u00e1 a los acordes ese crujido de humbucker grueso y las notas individuales tendr\u00e1n la cantidad justa de chisporroteo sin ser \u00e1speras. Una Cool Rails en la posici\u00f3n del puente combina muy bien con las single-coil tradicionales en el brazo y el centro para agregar versatilidad a cualquier guitarra. La pastilla Cool Rails para brazo ofrece un sonido completo y articulado, muy parecido a un humbucker de tama\u00f1o completo. Su salida media lo convierte en una excelente combinaci\u00f3n s\u00f3nica para Hot Rails, JB Jr. o cualquier humbucker de puente de tama\u00f1o est\u00e1ndar. Los acordes ser\u00e1n c\u00e1lidos y articulados, con una primicia sutil en los medios y los solos ser\u00e1n gruesos y n\u00edtidos. El dise\u00f1o de doble hoja proporciona un sustain excelente, especialmente para bending en los trastes m\u00e1s altos. Para un rendimiento sin zumbidos en todas las posiciones, usa el set Cool Rails. Esta pastilla es un complemento para cualquier ruta single-coil est\u00e1ndar. Construida a mano en Santa Barbara, California, el humbucker de tama\u00f1o single-coil para Strat viene con un im\u00e1n de cer\u00e1mica, cable conductor 4 de conductores para m\u00faltiples opciones de cableado y est\u00e1 encerado para un funcionamiento sin chirridos. Los modelos de posici\u00f3n brazo\/centro tendr\u00e1n la misma salida, direcci\u00f3n de viento y polaridad magn\u00e9tica.<\/div>\n<div>\n<h4>Quick look<\/h4>\n<\/div>\n<ul style=\"margin: 0px 0px 0px 25px\">\n<li style=\"list-style-type: circle;margin: 5px\">Modelo.<\/li>\n<li style=\"list-style-type: circle;margin: 5px\">Posici\u00f3n.<\/li>\n<li style=\"list-style-type: circle;margin: 5px\">Espaciado.<\/li>\n<li style=\"list-style-type: circle;margin: 5px\">Alambrado.<\/li>\n<li style=\"list-style-type: circle;margin: 5px\">Im\u00e1n.<\/li>\n<li style=\"list-style-type: circle;margin: 5px\">Resistencia.<\/li>\n<\/ul>\n<div>\n<div style=\"font-weight: bold\">Modelo.<\/div>\n<div>\n<p>Cool Rails Strat.<\/p>\n<\/div>\n<div style=\"font-weight: bold\">Posici\u00f3n.<\/div>\n<div>\n<p>Para brazo.<\/p>\n<\/div>\n<div style=\"font-weight: bold\">Espaciado.<\/div>\n<div>\n<p>Est\u00e1ndar.<\/p>\n<\/div>\n<div style=\"font-weight: bold\">Alambrado.<\/div>\n<div>\n<p>4 conductores.<\/p>\n<\/div>\n<div style=\"font-weight: bold\">Im\u00e1n.<\/div>\n<div>\n<p>Cer\u00e1mica.<\/p>\n<\/div>\n<div style=\"font-weight: bold\">Resistencia.<\/div>\n<div>\n<p>9.8 kilo-ohms.<\/p>\n<\/div>\n<\/div>\n<\/div>","protected":false},"excerpt":{"rendered":"<p>Pastillas humbucker pasiva para guitarra el\u00e9ctrica de 6 cuerdas, modelo Cool Rails, posici\u00f3n: brazo, cableado: 4 conductores, blindado, im\u00e1n: cer\u00e1mica, tono de pastilla humbucker de tama\u00f1o single-coil, agradablemente equilibrado, suave y con un toque de blues en un dise\u00f1o de estilo rail, agudos brillantes y din\u00e1micos, rango medio ligeramente elevado.&hellip; <a class=\"kt-excerpt-readmore more-link\" href=\"https:\/\/www.mexicanguitarplayers.com\/en\/tienda\/accesorios\/para-guitarras\/pastillas-para-guitarra-electrica\/pastilla-sd-brazo-scr-1n-cool-rails-for-strat\/\">Read more<\/a><\/p>","protected":false},"featured_media":29192,"comment_status":"open","ping_status":"closed","template":"","meta":{"kt_blocks_editor_width":""},"pwb-brand":[502],"product_brand":[],"product_cat":[85,336,353],"product_tag":[],"class_list":{"0":"post-29201","1":"product","2":"type-product","3":"status-publish","4":"has-post-thumbnail","6":"pwb-brand-seymour-duncan","7":"product_cat-accesorios","8":"product_cat-para-guitarras","9":"product_cat-pastillas-para-guitarra-electrica","10":"product_shipping_class-0-5-kg","12":"first","13":"outofstock","14":"taxable","15":"shipping-taxable","16":"purchasable","17":"product-type-simple"},"yoast_head":"<!-- This site is optimized with the Yoast SEO plugin v27.5 - https:\/\/yoast.com\/product\/yoast-seo-wordpress\/ -->\n<title>PASTILLA SD BRAZO SCR-1N COOL RAILS FOR STRAT - Mexican Guitar Players<\/title>\n<meta name=\"description\" content=\"Pastillas humbucker pasiva para guitarra el\u00e9ctrica de 6 cuerdas, modelo Cool Rails, posici\u00f3n: brazo, cableado: 4 conductores, blindado, im\u00e1n: cer\u00e1mica, tono de pastilla humbucker de tama\u00f1o single-coil, agradablemente equilibrado, suave y con un toque de blues en un dise\u00f1o de estilo rail, agudos brillantes y din\u00e1micos, rango medio ligeramente elevado.\" \/>\n<meta name=\"robots\" content=\"index, follow, max-snippet:-1, max-image-preview:large, max-video-preview:-1\" \/>\n<link rel=\"canonical\" href=\"https:\/\/www.mexicanguitarplayers.com\/en\/tienda\/sin%20categor\u00eda\/pastilla-sd-brazo-scr-1n-cool-rails-for-strat\/\" \/>\n<meta property=\"og:locale\" content=\"en_US\" \/>\n<meta property=\"og:type\" content=\"article\" \/>\n<meta property=\"og:title\" content=\"PASTILLA SD BRAZO SCR-1N COOL RAILS FOR STRAT - Mexican Guitar Players\" \/>\n<meta property=\"og:description\" content=\"Pastillas humbucker pasiva para guitarra el\u00e9ctrica de 6 cuerdas, modelo Cool Rails, posici\u00f3n: brazo, cableado: 4 conductores, blindado, im\u00e1n: cer\u00e1mica, tono de pastilla humbucker de tama\u00f1o single-coil, agradablemente equilibrado, suave y con un toque de blues en un dise\u00f1o de estilo rail, agudos brillantes y din\u00e1micos, rango medio ligeramente elevado.\" \/>\n<meta property=\"og:url\" content=\"https:\/\/www.mexicanguitarplayers.com\/en\/tienda\/sin categor\u00eda\/pastilla-sd-brazo-scr-1n-cool-rails-for-strat\/\" \/>\n<meta property=\"og:site_name\" content=\"Mexican Guitar Players\" \/>\n<meta property=\"article:modified_time\" content=\"2026-04-10T10:39:06+00:00\" \/>\n<meta name=\"twitter:card\" content=\"summary_large_image\" \/>\n<meta name=\"twitter:label1\" content=\"Est. reading time\" \/>\n\t<meta name=\"twitter:data1\" content=\"2 minutes\" \/>\n<script type=\"application\/ld+json\" class=\"yoast-schema-graph\">{\"@context\":\"https:\\\/\\\/schema.org\",\"@graph\":[{\"@type\":[\"WebPage\",\"ItemPage\"],\"@id\":\"https:\\\/\\\/www.mexicanguitarplayers.com\\\/tienda\\\/sin categor\u00eda\\\/pastilla-sd-brazo-scr-1n-cool-rails-for-strat\\\/\",\"url\":\"https:\\\/\\\/www.mexicanguitarplayers.com\\\/tienda\\\/sin categor\u00eda\\\/pastilla-sd-brazo-scr-1n-cool-rails-for-strat\\\/\",\"name\":\"PASTILLA SD BRAZO SCR-1N COOL RAILS FOR STRAT - Mexican Guitar Players\",\"isPartOf\":{\"@id\":\"https:\\\/\\\/www.mexicanguitarplayers.com\\\/#website\"},\"primaryImageOfPage\":{\"@id\":\"https:\\\/\\\/www.mexicanguitarplayers.com\\\/tienda\\\/sin categor\u00eda\\\/pastilla-sd-brazo-scr-1n-cool-rails-for-strat\\\/#primaryimage\"},\"image\":{\"@id\":\"https:\\\/\\\/www.mexicanguitarplayers.com\\\/tienda\\\/sin categor\u00eda\\\/pastilla-sd-brazo-scr-1n-cool-rails-for-strat\\\/#primaryimage\"},\"thumbnailUrl\":\"https:\\\/\\\/www.mexicanguitarplayers.com\\\/wp-content\\\/uploads\\\/2025\\\/04\\\/RASEOSCR1NCOST.jpg\",\"datePublished\":\"2025-04-08T16:32:48+00:00\",\"dateModified\":\"2026-04-10T10:39:06+00:00\",\"description\":\"Pastillas humbucker pasiva para guitarra el\u00e9ctrica de 6 cuerdas, modelo Cool Rails, posici\u00f3n: brazo, cableado: 4 conductores, blindado, im\u00e1n: cer\u00e1mica, tono de pastilla humbucker de tama\u00f1o single-coil, agradablemente equilibrado, suave y con un toque de blues en un dise\u00f1o de estilo rail, agudos brillantes y din\u00e1micos, rango medio ligeramente elevado.\",\"breadcrumb\":{\"@id\":\"https:\\\/\\\/www.mexicanguitarplayers.com\\\/tienda\\\/sin categor\u00eda\\\/pastilla-sd-brazo-scr-1n-cool-rails-for-strat\\\/#breadcrumb\"},\"inLanguage\":\"en-US\",\"potentialAction\":[{\"@type\":\"ReadAction\",\"target\":[\"https:\\\/\\\/www.mexicanguitarplayers.com\\\/tienda\\\/sin categor\u00eda\\\/pastilla-sd-brazo-scr-1n-cool-rails-for-strat\\\/\"]}]},{\"@type\":\"ImageObject\",\"inLanguage\":\"en-US\",\"@id\":\"https:\\\/\\\/www.mexicanguitarplayers.com\\\/tienda\\\/sin categor\u00eda\\\/pastilla-sd-brazo-scr-1n-cool-rails-for-strat\\\/#primaryimage\",\"url\":\"https:\\\/\\\/www.mexicanguitarplayers.com\\\/wp-content\\\/uploads\\\/2025\\\/04\\\/RASEOSCR1NCOST.jpg\",\"contentUrl\":\"https:\\\/\\\/www.mexicanguitarplayers.com\\\/wp-content\\\/uploads\\\/2025\\\/04\\\/RASEOSCR1NCOST.jpg\",\"width\":1600,\"height\":800},{\"@type\":\"BreadcrumbList\",\"@id\":\"https:\\\/\\\/www.mexicanguitarplayers.com\\\/tienda\\\/sin categor\u00eda\\\/pastilla-sd-brazo-scr-1n-cool-rails-for-strat\\\/#breadcrumb\",\"itemListElement\":[{\"@type\":\"ListItem\",\"position\":1,\"name\":\"Portada\",\"item\":\"https:\\\/\\\/www.mexicanguitarplayers.com\\\/\"},{\"@type\":\"ListItem\",\"position\":2,\"name\":\"Tienda\",\"item\":\"https:\\\/\\\/www.mexicanguitarplayers.com\\\/tienda\\\/\"},{\"@type\":\"ListItem\",\"position\":3,\"name\":\"PASTILLA SD BRAZO SCR-1N COOL RAILS FOR STRAT\"}]},{\"@type\":\"WebSite\",\"@id\":\"https:\\\/\\\/www.mexicanguitarplayers.com\\\/#website\",\"url\":\"https:\\\/\\\/www.mexicanguitarplayers.com\\\/\",\"name\":\"Mexican Guitar Players\",\"description\":\"Website\",\"publisher\":{\"@id\":\"https:\\\/\\\/www.mexicanguitarplayers.com\\\/#organization\"},\"potentialAction\":[{\"@type\":\"SearchAction\",\"target\":{\"@type\":\"EntryPoint\",\"urlTemplate\":\"https:\\\/\\\/www.mexicanguitarplayers.com\\\/?s={search_term_string}\"},\"query-input\":{\"@type\":\"PropertyValueSpecification\",\"valueRequired\":true,\"valueName\":\"search_term_string\"}}],\"inLanguage\":\"en-US\"},{\"@type\":\"Organization\",\"@id\":\"https:\\\/\\\/www.mexicanguitarplayers.com\\\/#organization\",\"name\":\"Mexican Guitar Players\",\"url\":\"https:\\\/\\\/www.mexicanguitarplayers.com\\\/\",\"logo\":{\"@type\":\"ImageObject\",\"inLanguage\":\"en-US\",\"@id\":\"https:\\\/\\\/www.mexicanguitarplayers.com\\\/#\\\/schema\\\/logo\\\/image\\\/\",\"url\":\"\",\"contentUrl\":\"\",\"caption\":\"Mexican Guitar Players\"},\"image\":{\"@id\":\"https:\\\/\\\/www.mexicanguitarplayers.com\\\/#\\\/schema\\\/logo\\\/image\\\/\"}}]}<\/script>\n<!-- \/ Yoast SEO plugin. -->","yoast_head_json":{"title":"PASTILLA SD BRAZO SCR-1N COOL RAILS FOR STRAT - Mexican Guitar Players","description":"Pastillas humbucker pasiva para guitarra el\u00e9ctrica de 6 cuerdas, modelo Cool Rails, posici\u00f3n: brazo, cableado: 4 conductores, blindado, im\u00e1n: cer\u00e1mica, tono de pastilla humbucker de tama\u00f1o single-coil, agradablemente equilibrado, suave y con un toque de blues en un dise\u00f1o de estilo rail, agudos brillantes y din\u00e1micos, rango medio ligeramente elevado.","robots":{"index":"index","follow":"follow","max-snippet":"max-snippet:-1","max-image-preview":"max-image-preview:large","max-video-preview":"max-video-preview:-1"},"canonical":"https:\/\/www.mexicanguitarplayers.com\/en\/tienda\/sin categor\u00eda\/pastilla-sd-brazo-scr-1n-cool-rails-for-strat\/","og_locale":"en_US","og_type":"article","og_title":"PASTILLA SD BRAZO SCR-1N COOL RAILS FOR STRAT - Mexican Guitar Players","og_description":"Pastillas humbucker pasiva para guitarra el\u00e9ctrica de 6 cuerdas, modelo Cool Rails, posici\u00f3n: brazo, cableado: 4 conductores, blindado, im\u00e1n: cer\u00e1mica, tono de pastilla humbucker de tama\u00f1o single-coil, agradablemente equilibrado, suave y con un toque de blues en un dise\u00f1o de estilo rail, agudos brillantes y din\u00e1micos, rango medio ligeramente elevado.","og_url":"https:\/\/www.mexicanguitarplayers.com\/en\/tienda\/sin categor\u00eda\/pastilla-sd-brazo-scr-1n-cool-rails-for-strat\/","og_site_name":"Mexican Guitar Players","article_modified_time":"2026-04-10T10:39:06+00:00","twitter_card":"summary_large_image","twitter_misc":{"Est. reading time":"2 minutes"},"schema":{"@context":"https:\/\/schema.org","@graph":[{"@type":["WebPage","ItemPage"],"@id":"https:\/\/www.mexicanguitarplayers.com\/tienda\/sin categor\u00eda\/pastilla-sd-brazo-scr-1n-cool-rails-for-strat\/","url":"https:\/\/www.mexicanguitarplayers.com\/tienda\/sin categor\u00eda\/pastilla-sd-brazo-scr-1n-cool-rails-for-strat\/","name":"PASTILLA SD BRAZO SCR-1N COOL RAILS FOR STRAT - Mexican Guitar Players","isPartOf":{"@id":"https:\/\/www.mexicanguitarplayers.com\/#website"},"primaryImageOfPage":{"@id":"https:\/\/www.mexicanguitarplayers.com\/tienda\/sin categor\u00eda\/pastilla-sd-brazo-scr-1n-cool-rails-for-strat\/#primaryimage"},"image":{"@id":"https:\/\/www.mexicanguitarplayers.com\/tienda\/sin categor\u00eda\/pastilla-sd-brazo-scr-1n-cool-rails-for-strat\/#primaryimage"},"thumbnailUrl":"https:\/\/www.mexicanguitarplayers.com\/wp-content\/uploads\/2025\/04\/RASEOSCR1NCOST.jpg","datePublished":"2025-04-08T16:32:48+00:00","dateModified":"2026-04-10T10:39:06+00:00","description":"Pastillas humbucker pasiva para guitarra el\u00e9ctrica de 6 cuerdas, modelo Cool Rails, posici\u00f3n: brazo, cableado: 4 conductores, blindado, im\u00e1n: cer\u00e1mica, tono de pastilla humbucker de tama\u00f1o single-coil, agradablemente equilibrado, suave y con un toque de blues en un dise\u00f1o de estilo rail, agudos brillantes y din\u00e1micos, rango medio ligeramente elevado.","breadcrumb":{"@id":"https:\/\/www.mexicanguitarplayers.com\/tienda\/sin categor\u00eda\/pastilla-sd-brazo-scr-1n-cool-rails-for-strat\/#breadcrumb"},"inLanguage":"en-US","potentialAction":[{"@type":"ReadAction","target":["https:\/\/www.mexicanguitarplayers.com\/tienda\/sin categor\u00eda\/pastilla-sd-brazo-scr-1n-cool-rails-for-strat\/"]}]},{"@type":"ImageObject","inLanguage":"en-US","@id":"https:\/\/www.mexicanguitarplayers.com\/tienda\/sin categor\u00eda\/pastilla-sd-brazo-scr-1n-cool-rails-for-strat\/#primaryimage","url":"https:\/\/www.mexicanguitarplayers.com\/wp-content\/uploads\/2025\/04\/RASEOSCR1NCOST.jpg","contentUrl":"https:\/\/www.mexicanguitarplayers.com\/wp-content\/uploads\/2025\/04\/RASEOSCR1NCOST.jpg","width":1600,"height":800},{"@type":"BreadcrumbList","@id":"https:\/\/www.mexicanguitarplayers.com\/tienda\/sin categor\u00eda\/pastilla-sd-brazo-scr-1n-cool-rails-for-strat\/#breadcrumb","itemListElement":[{"@type":"ListItem","position":1,"name":"Portada","item":"https:\/\/www.mexicanguitarplayers.com\/"},{"@type":"ListItem","position":2,"name":"Tienda","item":"https:\/\/www.mexicanguitarplayers.com\/tienda\/"},{"@type":"ListItem","position":3,"name":"PASTILLA SD BRAZO SCR-1N COOL RAILS FOR STRAT"}]},{"@type":"WebSite","@id":"https:\/\/www.mexicanguitarplayers.com\/#website","url":"https:\/\/www.mexicanguitarplayers.com\/","name":"Mexican Guitar Players","description":"Website","publisher":{"@id":"https:\/\/www.mexicanguitarplayers.com\/#organization"},"potentialAction":[{"@type":"SearchAction","target":{"@type":"EntryPoint","urlTemplate":"https:\/\/www.mexicanguitarplayers.com\/?s={search_term_string}"},"query-input":{"@type":"PropertyValueSpecification","valueRequired":true,"valueName":"search_term_string"}}],"inLanguage":"en-US"},{"@type":"Organization","@id":"https:\/\/www.mexicanguitarplayers.com\/#organization","name":"Mexican Guitar Players","url":"https:\/\/www.mexicanguitarplayers.com\/","logo":{"@type":"ImageObject","inLanguage":"en-US","@id":"https:\/\/www.mexicanguitarplayers.com\/#\/schema\/logo\/image\/","url":"","contentUrl":"","caption":"Mexican Guitar Players"},"image":{"@id":"https:\/\/www.mexicanguitarplayers.com\/#\/schema\/logo\/image\/"}}]}},"brands":[{"id":502,"name":"SEYMOUR DUNCAN","slug":"seymour-duncan"}],"_links":{"self":[{"href":"https:\/\/www.mexicanguitarplayers.com\/en\/wp-json\/wp\/v2\/product\/29201","targetHints":{"allow":["GET"]}}],"collection":[{"href":"https:\/\/www.mexicanguitarplayers.com\/en\/wp-json\/wp\/v2\/product"}],"about":[{"href":"https:\/\/www.mexicanguitarplayers.com\/en\/wp-json\/wp\/v2\/types\/product"}],"replies":[{"embeddable":true,"href":"https:\/\/www.mexicanguitarplayers.com\/en\/wp-json\/wp\/v2\/comments?post=29201"}],"wp:featuredmedia":[{"embeddable":true,"href":"https:\/\/www.mexicanguitarplayers.com\/en\/wp-json\/wp\/v2\/media\/29192"}],"wp:attachment":[{"href":"https:\/\/www.mexicanguitarplayers.com\/en\/wp-json\/wp\/v2\/media?parent=29201"}],"wp:term":[{"taxonomy":"pwb-brand","embeddable":true,"href":"https:\/\/www.mexicanguitarplayers.com\/en\/wp-json\/wp\/v2\/pwb-brand?post=29201"},{"taxonomy":"product_brand","embeddable":true,"href":"https:\/\/www.mexicanguitarplayers.com\/en\/wp-json\/wp\/v2\/product_brand?post=29201"},{"taxonomy":"product_cat","embeddable":true,"href":"https:\/\/www.mexicanguitarplayers.com\/en\/wp-json\/wp\/v2\/product_cat?post=29201"},{"taxonomy":"product_tag","embeddable":true,"href":"https:\/\/www.mexicanguitarplayers.com\/en\/wp-json\/wp\/v2\/product_tag?post=29201"}],"curies":[{"name":"wp","href":"https:\/\/api.w.org\/{rel}","templated":true}]}}