{"id":29213,"date":"2025-04-08T10:33:29","date_gmt":"2025-04-08T16:33:29","guid":{"rendered":"https:\/\/www.mexicanguitarplayers.com\/tienda\/sin categor\u00eda\/guitarra-schecter-elect-c-1-sls-elite\/"},"modified":"2026-04-10T04:39:06","modified_gmt":"2026-04-10T10:39:06","slug":"guitarra-schecter-elect-c-1-sls-elite","status":"publish","type":"product","link":"https:\/\/www.mexicanguitarplayers.com\/en\/tienda\/cuerdas\/guitarras-cuerdas\/electricas\/guitarras-electricas-solidas\/guitarra-schecter-elect-c-1-sls-elite\/","title":{"rendered":"GUITARRA SCHECTER ELECT. C-1 SLS ELITE"},"content":{"rendered":"<div style=\"text-align: justify\">\n<div>\n<h3>Una guitarra de primera calidad.<\/h3>\n<\/div>\n<div>La C-1 SLS ELITE de Schecter es una guitarra de primera calidad en su totalidad. Cuenta con un cuerpo de fresno de pantano con una tapa de maple flameado que produce una mezcla equilibrada de brillo y calidez, combinado con medios explosivos. Adem\u00e1s, la C-1 SLS ELITE es un conducto para los tonos humbucker m\u00e1s codiciados gracias a sus pastillas activas Fishman Fluence Modern. Experimenta el sustain y toque mejorados con un dise\u00f1o Neck-Thru con Ultra Access y un diapas\u00f3n de \u00e9bano.<\/div>\n<div>\n<h4>Quick look<\/h4>\n<\/div>\n<ul style=\"margin: 0px 0px 0px 25px\">\n<li style=\"list-style-type: circle;margin: 5px\">Kind.<\/li>\n<li style=\"list-style-type: circle;margin: 5px\">Cuerpo.<\/li>\n<li style=\"list-style-type: circle;margin: 5px\">Top.<\/li>\n<li style=\"list-style-type: circle;margin: 5px\">Contorno de la tapa.<\/li>\n<li style=\"list-style-type: circle;margin: 5px\">Construcci\u00f3n.<\/li>\n<li style=\"list-style-type: circle;margin: 5px\">Uni\u00f3n.<\/li>\n<li style=\"list-style-type: circle;margin: 5px\">Bridge.<\/li>\n<li style=\"list-style-type: circle;margin: 5px\">Hardware.<\/li>\n<li style=\"list-style-type: circle;margin: 5px\">Machinery.<\/li>\n<li style=\"list-style-type: circle;margin: 5px\">Arm.<\/li>\n<li style=\"list-style-type: circle;margin: 5px\">Forma del brazo.<\/li>\n<li style=\"list-style-type: circle;margin: 5px\">Diapason.<\/li>\n<li style=\"list-style-type: circle;margin: 5px\">Marcadores de puntos.<\/li>\n<li style=\"list-style-type: circle;margin: 5px\">Scale.<\/li>\n<li style=\"list-style-type: circle;margin: 5px\">Scale.<\/li>\n<li style=\"list-style-type: circle;margin: 5px\">Espesor.<\/li>\n<li style=\"list-style-type: circle;margin: 5px\">Frets<\/li>\n<li style=\"list-style-type: circle;margin: 5px\">Radio del diapas\u00f3n.<\/li>\n<li style=\"list-style-type: circle;margin: 5px\">Nut.<\/li>\n<li style=\"list-style-type: circle;margin: 5px\">Ancho de la cejuela.<\/li>\n<li style=\"list-style-type: circle;margin: 5px\">Soul.<\/li>\n<li style=\"list-style-type: circle;margin: 5px\">Controls<\/li>\n<li style=\"list-style-type: circle;margin: 5px\">Pastillas.<\/li>\n<li style=\"list-style-type: circle;margin: 5px\">Compartimento de la bater\u00eda.<\/li>\n<\/ul>\n<div>\n<div style=\"font-weight: bold\">Kind.<\/div>\n<div>\n<p>Solid electric guitar.<\/p>\n<\/div>\n<div style=\"font-weight: bold\">Cuerpo.<\/div>\n<div>\n<p>Fresno de pantano.<\/p>\n<\/div>\n<div style=\"font-weight: bold\">Top.<\/div>\n<div>\n<p>Flamed maple.<\/p>\n<\/div>\n<div style=\"font-weight: bold\">Contorno de la tapa.<\/div>\n<div>\n<p>Arqueado.<\/p>\n<\/div>\n<div style=\"font-weight: bold\">Construcci\u00f3n.<\/div>\n<div>\n<p>Neck-Thru con Ultra Access.<\/p>\n<\/div>\n<div style=\"font-weight: bold\">Uni\u00f3n.<\/div>\n<div>\n<p>Marfil, una capa.<\/p>\n<\/div>\n<div style=\"font-weight: bold\">Bridge.<\/div>\n<div>\n<p>Hipshot Hardtail (.125) con String Thru Body.<\/p>\n<\/div>\n<div style=\"font-weight: bold\">Hardware.<\/div>\n<div>\n<p>Black.<\/p>\n<\/div>\n<div style=\"font-weight: bold\">Machinery.<\/div>\n<div>\n<p>Schecter Locking.<\/p>\n<\/div>\n<div style=\"font-weight: bold\">Arm.<\/div>\n<div>\n<p>Maple \/ Nogal \/ Padauk multi capa con varillas de refuerzo de fibra de carbono.<\/p>\n<\/div>\n<div style=\"font-weight: bold\">Forma del brazo.<\/div>\n<div>\n<p>C ultra delgado.<\/p>\n<\/div>\n<div style=\"font-weight: bold\">Diapason.<\/div>\n<div>\n<p>Ebony.<\/p>\n<\/div>\n<div style=\"font-weight: bold\">Marcadores de puntos.<\/div>\n<div>\n<p>Puntos de abalone.<\/p>\n<\/div>\n<div style=\"font-weight: bold\">Scale.<\/div>\n<div>\n<p>Abalone Offset \/ Puntos inversos.<\/p>\n<\/div>\n<div style=\"font-weight: bold\">Scale.<\/div>\n<div>\n<p>25.5 &quot;(648 mm).<\/p>\n<\/div>\n<div style=\"font-weight: bold\">Espesor.<\/div>\n<div>\n<p>En el primer traste: .748\u201d (19 mm) y en el traste 12: .787\u201d (20 mm).<\/p>\n<\/div>\n<div style=\"font-weight: bold\">Frets<\/div>\n<div>\n<p>24 X-Jumbo de acero inoxidable.<\/p>\n<\/div>\n<div style=\"font-weight: bold\">Radio del diapas\u00f3n.<\/div>\n<div>\n<p>12\u201d-16\u201d radio compuesto.<\/p>\n<\/div>\n<div style=\"font-weight: bold\">Nut.<\/div>\n<div>\n<p>Ernie Ball Compensated.<\/p>\n<\/div>\n<div style=\"font-weight: bold\">Ancho de la cejuela.<\/div>\n<div>\n<p>1,653 \u201d(42mm).<\/p>\n<\/div>\n<div style=\"font-weight: bold\">Soul.<\/div>\n<div>\n<p>Alma ajustable de dos v\u00edas con Heel Access Spoke Wheel.<\/p>\n<\/div>\n<div style=\"font-weight: bold\">Controls<\/div>\n<div>\n<p>Volumen (Push-Pull) \/ Tono (Push-Pull) \/  Selector de 3 posiciones.<\/p>\n<\/div>\n<div style=\"font-weight: bold\">Pastillas.<\/div>\n<div>\n<p>Puente: Fishman Fluence Modern (im\u00e1n de cer\u00e1mica) Humbucker. Brazo: Fishman Fluence Modern (im\u00e1n de alnico) Humbucker.<\/p>\n<\/div>\n<div style=\"font-weight: bold\">Compartimento de la bater\u00eda.<\/div>\n<div>\n<p>9V Clip-in.<\/p>\n<\/div>\n<\/div>\n<\/div>","protected":false},"excerpt":{"rendered":"<p>Guitarra el\u00e9ctrica s\u00f3lida, cuerpo de fresno de pantano, tapa de maple flameado, tapa arqueada, hardware negro, construcci\u00f3n set-neck con Ultra Access, uni\u00f3n: una capa de marfil, puente Hipshot Hardtail (.125) con String Thru Body, maquinaria Schecter Locking, diapas\u00f3n de \u00e9bano, brazo C delgado de maple\/nogal\/padauk multicapa con varillas de refuerzo de fibra de carbono, incrustaciones de Offset Abalone y puntos inversos, marcadores de puntos: abalone, escala: 25.5\u201d (648 mm), espesor en el primer traste: .748\u201d (19 mm) y en el traste 12: .787\u201d (20 mm), 24 trastes X-Jumbo de acero inoxidable, radio del diapas\u00f3n: 12\u201d-16\u201d radio compuesto, cejuela Ernie Ball Compensated Nut de 1.653\u201d (42 mm) de ancho, alma ajustable de 2 v\u00edas con Heel Access Spoke Wheel, controles: volumen (push-pull) y tono (push-pull) con selector de 2 posiciones, pastilla del puente: Fishman Fluence Modern (Ceramic Magnet) Humbucker, pastilla del brazo: Fishman Fluence Modern (Alnico Magnet) Humbucker, compartimento de la bater\u00eda: 9V Clip-in, perillas de metal moleteado con tornillo de ajuste.&hellip; <a class=\"kt-excerpt-readmore more-link\" href=\"https:\/\/www.mexicanguitarplayers.com\/en\/tienda\/cuerdas\/guitarras-cuerdas\/electricas\/guitarras-electricas-solidas\/guitarra-schecter-elect-c-1-sls-elite\/\">Read more<\/a><\/p>","protected":false},"featured_media":29202,"comment_status":"open","ping_status":"closed","template":"","meta":{"kt_blocks_editor_width":""},"pwb-brand":[175],"product_brand":[],"product_cat":[224,313,312,314],"product_tag":[],"class_list":{"0":"post-29213","1":"product","2":"type-product","3":"status-publish","4":"has-post-thumbnail","6":"pwb-brand-schecter","7":"product_cat-cuerdas","8":"product_cat-electricas","9":"product_cat-guitarras-cuerdas","10":"product_cat-guitarras-electricas-solidas","11":"product_shipping_class-0-5-kg","13":"first","14":"outofstock","15":"taxable","16":"shipping-taxable","17":"purchasable","18":"product-type-simple"},"yoast_head":"<!-- This site is optimized with the Yoast SEO plugin v27.5 - https:\/\/yoast.com\/product\/yoast-seo-wordpress\/ -->\n<title>GUITARRA SCHECTER ELECT. C-1 SLS ELITE - Mexican Guitar Players<\/title>\n<meta name=\"description\" content=\"Guitarra el\u00e9ctrica s\u00f3lida, cuerpo de fresno de pantano, tapa de maple flameado, tapa arqueada, hardware negro, construcci\u00f3n set-neck con Ultra Access, uni\u00f3n: una capa de marfil, puente Hipshot Hardtail (.125) con String Thru Body, maquinaria Schecter Locking, diapas\u00f3n de \u00e9bano, brazo C delgado de maple\/nogal\/padauk multicapa con varillas de refuerzo de fibra de carbono, incrustaciones de Offset Abalone y puntos inversos, marcadores de puntos: abalone, escala: 25.5\u201d (648 mm), espesor en el primer traste: .748\u201d (19 mm) y en el traste 12: .787\u201d (20 mm), 24 trastes X-Jumbo de acero inoxidable, radio del diapas\u00f3n: 12\u201d-16\u201d radio compuesto, cejuela Ernie Ball Compensated Nut de 1.653\u201d (42 mm) de ancho, alma ajustable de 2 v\u00edas con Heel Access Spoke Wheel, controles: volumen (push-pull) y tono (push-pull) con selector de 2 posiciones, pastilla del puente: Fishman Fluence Modern (Ceramic Magnet) Humbucker, pastilla del brazo: Fishman Fluence Modern (Alnico Magnet) Humbucker, compartimento de la bater\u00eda: 9V Clip-in, perillas de metal moleteado con tornillo de ajuste.\" \/>\n<meta name=\"robots\" content=\"index, follow, max-snippet:-1, max-image-preview:large, max-video-preview:-1\" \/>\n<link rel=\"canonical\" href=\"https:\/\/www.mexicanguitarplayers.com\/en\/tienda\/sin%20categor\u00eda\/guitarra-schecter-elect-c-1-sls-elite\/\" \/>\n<meta property=\"og:locale\" content=\"en_US\" \/>\n<meta property=\"og:type\" content=\"article\" \/>\n<meta property=\"og:title\" content=\"GUITARRA SCHECTER ELECT. C-1 SLS ELITE - Mexican Guitar Players\" \/>\n<meta property=\"og:description\" content=\"Guitarra el\u00e9ctrica s\u00f3lida, cuerpo de fresno de pantano, tapa de maple flameado, tapa arqueada, hardware negro, construcci\u00f3n set-neck con Ultra Access, uni\u00f3n: una capa de marfil, puente Hipshot Hardtail (.125) con String Thru Body, maquinaria Schecter Locking, diapas\u00f3n de \u00e9bano, brazo C delgado de maple\/nogal\/padauk multicapa con varillas de refuerzo de fibra de carbono, incrustaciones de Offset Abalone y puntos inversos, marcadores de puntos: abalone, escala: 25.5\u201d (648 mm), espesor en el primer traste: .748\u201d (19 mm) y en el traste 12: .787\u201d (20 mm), 24 trastes X-Jumbo de acero inoxidable, radio del diapas\u00f3n: 12\u201d-16\u201d radio compuesto, cejuela Ernie Ball Compensated Nut de 1.653\u201d (42 mm) de ancho, alma ajustable de 2 v\u00edas con Heel Access Spoke Wheel, controles: volumen (push-pull) y tono (push-pull) con selector de 2 posiciones, pastilla del puente: Fishman Fluence Modern (Ceramic Magnet) Humbucker, pastilla del brazo: Fishman Fluence Modern (Alnico Magnet) Humbucker, compartimento de la bater\u00eda: 9V Clip-in, perillas de metal moleteado con tornillo de ajuste.\" \/>\n<meta property=\"og:url\" content=\"https:\/\/www.mexicanguitarplayers.com\/en\/tienda\/sin categor\u00eda\/guitarra-schecter-elect-c-1-sls-elite\/\" \/>\n<meta property=\"og:site_name\" content=\"Mexican Guitar Players\" \/>\n<meta property=\"article:modified_time\" content=\"2026-04-10T10:39:06+00:00\" \/>\n<meta name=\"twitter:card\" content=\"summary_large_image\" \/>\n<meta name=\"twitter:label1\" content=\"Est. reading time\" \/>\n\t<meta name=\"twitter:data1\" content=\"1 minute\" \/>\n<script type=\"application\/ld+json\" class=\"yoast-schema-graph\">{\"@context\":\"https:\\\/\\\/schema.org\",\"@graph\":[{\"@type\":[\"WebPage\",\"ItemPage\"],\"@id\":\"https:\\\/\\\/www.mexicanguitarplayers.com\\\/tienda\\\/sin categor\u00eda\\\/guitarra-schecter-elect-c-1-sls-elite\\\/\",\"url\":\"https:\\\/\\\/www.mexicanguitarplayers.com\\\/tienda\\\/sin categor\u00eda\\\/guitarra-schecter-elect-c-1-sls-elite\\\/\",\"name\":\"GUITARRA SCHECTER ELECT. C-1 SLS ELITE - Mexican Guitar Players\",\"isPartOf\":{\"@id\":\"https:\\\/\\\/www.mexicanguitarplayers.com\\\/#website\"},\"primaryImageOfPage\":{\"@id\":\"https:\\\/\\\/www.mexicanguitarplayers.com\\\/tienda\\\/sin categor\u00eda\\\/guitarra-schecter-elect-c-1-sls-elite\\\/#primaryimage\"},\"image\":{\"@id\":\"https:\\\/\\\/www.mexicanguitarplayers.com\\\/tienda\\\/sin categor\u00eda\\\/guitarra-schecter-elect-c-1-sls-elite\\\/#primaryimage\"},\"thumbnailUrl\":\"https:\\\/\\\/www.mexicanguitarplayers.com\\\/wp-content\\\/uploads\\\/2025\\\/04\\\/ISSCCC1SLSELIT.jpg\",\"datePublished\":\"2025-04-08T16:33:29+00:00\",\"dateModified\":\"2026-04-10T10:39:06+00:00\",\"description\":\"Guitarra el\u00e9ctrica s\u00f3lida, cuerpo de fresno de pantano, tapa de maple flameado, tapa arqueada, hardware negro, construcci\u00f3n set-neck con Ultra Access, uni\u00f3n: una capa de marfil, puente Hipshot Hardtail (.125) con String Thru Body, maquinaria Schecter Locking, diapas\u00f3n de \u00e9bano, brazo C delgado de maple\\\/nogal\\\/padauk multicapa con varillas de refuerzo de fibra de carbono, incrustaciones de Offset Abalone y puntos inversos, marcadores de puntos: abalone, escala: 25.5\u201d (648 mm), espesor en el primer traste: .748\u201d (19 mm) y en el traste 12: .787\u201d (20 mm), 24 trastes X-Jumbo de acero inoxidable, radio del diapas\u00f3n: 12\u201d-16\u201d radio compuesto, cejuela Ernie Ball Compensated Nut de 1.653\u201d (42 mm) de ancho, alma ajustable de 2 v\u00edas con Heel Access Spoke Wheel, controles: volumen (push-pull) y tono (push-pull) con selector de 2 posiciones, pastilla del puente: Fishman Fluence Modern (Ceramic Magnet) Humbucker, pastilla del brazo: Fishman Fluence Modern (Alnico Magnet) Humbucker, compartimento de la bater\u00eda: 9V Clip-in, perillas de metal moleteado con tornillo de ajuste.\",\"breadcrumb\":{\"@id\":\"https:\\\/\\\/www.mexicanguitarplayers.com\\\/tienda\\\/sin categor\u00eda\\\/guitarra-schecter-elect-c-1-sls-elite\\\/#breadcrumb\"},\"inLanguage\":\"en-US\",\"potentialAction\":[{\"@type\":\"ReadAction\",\"target\":[\"https:\\\/\\\/www.mexicanguitarplayers.com\\\/tienda\\\/sin categor\u00eda\\\/guitarra-schecter-elect-c-1-sls-elite\\\/\"]}]},{\"@type\":\"ImageObject\",\"inLanguage\":\"en-US\",\"@id\":\"https:\\\/\\\/www.mexicanguitarplayers.com\\\/tienda\\\/sin categor\u00eda\\\/guitarra-schecter-elect-c-1-sls-elite\\\/#primaryimage\",\"url\":\"https:\\\/\\\/www.mexicanguitarplayers.com\\\/wp-content\\\/uploads\\\/2025\\\/04\\\/ISSCCC1SLSELIT.jpg\",\"contentUrl\":\"https:\\\/\\\/www.mexicanguitarplayers.com\\\/wp-content\\\/uploads\\\/2025\\\/04\\\/ISSCCC1SLSELIT.jpg\",\"width\":800,\"height\":1600},{\"@type\":\"BreadcrumbList\",\"@id\":\"https:\\\/\\\/www.mexicanguitarplayers.com\\\/tienda\\\/sin categor\u00eda\\\/guitarra-schecter-elect-c-1-sls-elite\\\/#breadcrumb\",\"itemListElement\":[{\"@type\":\"ListItem\",\"position\":1,\"name\":\"Portada\",\"item\":\"https:\\\/\\\/www.mexicanguitarplayers.com\\\/\"},{\"@type\":\"ListItem\",\"position\":2,\"name\":\"Tienda\",\"item\":\"https:\\\/\\\/www.mexicanguitarplayers.com\\\/tienda\\\/\"},{\"@type\":\"ListItem\",\"position\":3,\"name\":\"GUITARRA SCHECTER ELECT. C-1 SLS ELITE\"}]},{\"@type\":\"WebSite\",\"@id\":\"https:\\\/\\\/www.mexicanguitarplayers.com\\\/#website\",\"url\":\"https:\\\/\\\/www.mexicanguitarplayers.com\\\/\",\"name\":\"Mexican Guitar Players\",\"description\":\"Website\",\"publisher\":{\"@id\":\"https:\\\/\\\/www.mexicanguitarplayers.com\\\/#organization\"},\"potentialAction\":[{\"@type\":\"SearchAction\",\"target\":{\"@type\":\"EntryPoint\",\"urlTemplate\":\"https:\\\/\\\/www.mexicanguitarplayers.com\\\/?s={search_term_string}\"},\"query-input\":{\"@type\":\"PropertyValueSpecification\",\"valueRequired\":true,\"valueName\":\"search_term_string\"}}],\"inLanguage\":\"en-US\"},{\"@type\":\"Organization\",\"@id\":\"https:\\\/\\\/www.mexicanguitarplayers.com\\\/#organization\",\"name\":\"Mexican Guitar Players\",\"url\":\"https:\\\/\\\/www.mexicanguitarplayers.com\\\/\",\"logo\":{\"@type\":\"ImageObject\",\"inLanguage\":\"en-US\",\"@id\":\"https:\\\/\\\/www.mexicanguitarplayers.com\\\/#\\\/schema\\\/logo\\\/image\\\/\",\"url\":\"\",\"contentUrl\":\"\",\"caption\":\"Mexican Guitar Players\"},\"image\":{\"@id\":\"https:\\\/\\\/www.mexicanguitarplayers.com\\\/#\\\/schema\\\/logo\\\/image\\\/\"}}]}<\/script>\n<!-- \/ Yoast SEO plugin. -->","yoast_head_json":{"title":"GUITARRA SCHECTER ELECT. C-1 SLS ELITE - Mexican Guitar Players","description":"Guitarra el\u00e9ctrica s\u00f3lida, cuerpo de fresno de pantano, tapa de maple flameado, tapa arqueada, hardware negro, construcci\u00f3n set-neck con Ultra Access, uni\u00f3n: una capa de marfil, puente Hipshot Hardtail (.125) con String Thru Body, maquinaria Schecter Locking, diapas\u00f3n de \u00e9bano, brazo C delgado de maple\/nogal\/padauk multicapa con varillas de refuerzo de fibra de carbono, incrustaciones de Offset Abalone y puntos inversos, marcadores de puntos: abalone, escala: 25.5\u201d (648 mm), espesor en el primer traste: .748\u201d (19 mm) y en el traste 12: .787\u201d (20 mm), 24 trastes X-Jumbo de acero inoxidable, radio del diapas\u00f3n: 12\u201d-16\u201d radio compuesto, cejuela Ernie Ball Compensated Nut de 1.653\u201d (42 mm) de ancho, alma ajustable de 2 v\u00edas con Heel Access Spoke Wheel, controles: volumen (push-pull) y tono (push-pull) con selector de 2 posiciones, pastilla del puente: Fishman Fluence Modern (Ceramic Magnet) Humbucker, pastilla del brazo: Fishman Fluence Modern (Alnico Magnet) Humbucker, compartimento de la bater\u00eda: 9V Clip-in, perillas de metal moleteado con tornillo de ajuste.","robots":{"index":"index","follow":"follow","max-snippet":"max-snippet:-1","max-image-preview":"max-image-preview:large","max-video-preview":"max-video-preview:-1"},"canonical":"https:\/\/www.mexicanguitarplayers.com\/en\/tienda\/sin categor\u00eda\/guitarra-schecter-elect-c-1-sls-elite\/","og_locale":"en_US","og_type":"article","og_title":"GUITARRA SCHECTER ELECT. C-1 SLS ELITE - Mexican Guitar Players","og_description":"Guitarra el\u00e9ctrica s\u00f3lida, cuerpo de fresno de pantano, tapa de maple flameado, tapa arqueada, hardware negro, construcci\u00f3n set-neck con Ultra Access, uni\u00f3n: una capa de marfil, puente Hipshot Hardtail (.125) con String Thru Body, maquinaria Schecter Locking, diapas\u00f3n de \u00e9bano, brazo C delgado de maple\/nogal\/padauk multicapa con varillas de refuerzo de fibra de carbono, incrustaciones de Offset Abalone y puntos inversos, marcadores de puntos: abalone, escala: 25.5\u201d (648 mm), espesor en el primer traste: .748\u201d (19 mm) y en el traste 12: .787\u201d (20 mm), 24 trastes X-Jumbo de acero inoxidable, radio del diapas\u00f3n: 12\u201d-16\u201d radio compuesto, cejuela Ernie Ball Compensated Nut de 1.653\u201d (42 mm) de ancho, alma ajustable de 2 v\u00edas con Heel Access Spoke Wheel, controles: volumen (push-pull) y tono (push-pull) con selector de 2 posiciones, pastilla del puente: Fishman Fluence Modern (Ceramic Magnet) Humbucker, pastilla del brazo: Fishman Fluence Modern (Alnico Magnet) Humbucker, compartimento de la bater\u00eda: 9V Clip-in, perillas de metal moleteado con tornillo de ajuste.","og_url":"https:\/\/www.mexicanguitarplayers.com\/en\/tienda\/sin categor\u00eda\/guitarra-schecter-elect-c-1-sls-elite\/","og_site_name":"Mexican Guitar Players","article_modified_time":"2026-04-10T10:39:06+00:00","twitter_card":"summary_large_image","twitter_misc":{"Est. reading time":"1 minute"},"schema":{"@context":"https:\/\/schema.org","@graph":[{"@type":["WebPage","ItemPage"],"@id":"https:\/\/www.mexicanguitarplayers.com\/tienda\/sin categor\u00eda\/guitarra-schecter-elect-c-1-sls-elite\/","url":"https:\/\/www.mexicanguitarplayers.com\/tienda\/sin categor\u00eda\/guitarra-schecter-elect-c-1-sls-elite\/","name":"GUITARRA SCHECTER ELECT. C-1 SLS ELITE - Mexican Guitar Players","isPartOf":{"@id":"https:\/\/www.mexicanguitarplayers.com\/#website"},"primaryImageOfPage":{"@id":"https:\/\/www.mexicanguitarplayers.com\/tienda\/sin categor\u00eda\/guitarra-schecter-elect-c-1-sls-elite\/#primaryimage"},"image":{"@id":"https:\/\/www.mexicanguitarplayers.com\/tienda\/sin categor\u00eda\/guitarra-schecter-elect-c-1-sls-elite\/#primaryimage"},"thumbnailUrl":"https:\/\/www.mexicanguitarplayers.com\/wp-content\/uploads\/2025\/04\/ISSCCC1SLSELIT.jpg","datePublished":"2025-04-08T16:33:29+00:00","dateModified":"2026-04-10T10:39:06+00:00","description":"Guitarra el\u00e9ctrica s\u00f3lida, cuerpo de fresno de pantano, tapa de maple flameado, tapa arqueada, hardware negro, construcci\u00f3n set-neck con Ultra Access, uni\u00f3n: una capa de marfil, puente Hipshot Hardtail (.125) con String Thru Body, maquinaria Schecter Locking, diapas\u00f3n de \u00e9bano, brazo C delgado de maple\/nogal\/padauk multicapa con varillas de refuerzo de fibra de carbono, incrustaciones de Offset Abalone y puntos inversos, marcadores de puntos: abalone, escala: 25.5\u201d (648 mm), espesor en el primer traste: .748\u201d (19 mm) y en el traste 12: .787\u201d (20 mm), 24 trastes X-Jumbo de acero inoxidable, radio del diapas\u00f3n: 12\u201d-16\u201d radio compuesto, cejuela Ernie Ball Compensated Nut de 1.653\u201d (42 mm) de ancho, alma ajustable de 2 v\u00edas con Heel Access Spoke Wheel, controles: volumen (push-pull) y tono (push-pull) con selector de 2 posiciones, pastilla del puente: Fishman Fluence Modern (Ceramic Magnet) Humbucker, pastilla del brazo: Fishman Fluence Modern (Alnico Magnet) Humbucker, compartimento de la bater\u00eda: 9V Clip-in, perillas de metal moleteado con tornillo de ajuste.","breadcrumb":{"@id":"https:\/\/www.mexicanguitarplayers.com\/tienda\/sin categor\u00eda\/guitarra-schecter-elect-c-1-sls-elite\/#breadcrumb"},"inLanguage":"en-US","potentialAction":[{"@type":"ReadAction","target":["https:\/\/www.mexicanguitarplayers.com\/tienda\/sin categor\u00eda\/guitarra-schecter-elect-c-1-sls-elite\/"]}]},{"@type":"ImageObject","inLanguage":"en-US","@id":"https:\/\/www.mexicanguitarplayers.com\/tienda\/sin categor\u00eda\/guitarra-schecter-elect-c-1-sls-elite\/#primaryimage","url":"https:\/\/www.mexicanguitarplayers.com\/wp-content\/uploads\/2025\/04\/ISSCCC1SLSELIT.jpg","contentUrl":"https:\/\/www.mexicanguitarplayers.com\/wp-content\/uploads\/2025\/04\/ISSCCC1SLSELIT.jpg","width":800,"height":1600},{"@type":"BreadcrumbList","@id":"https:\/\/www.mexicanguitarplayers.com\/tienda\/sin categor\u00eda\/guitarra-schecter-elect-c-1-sls-elite\/#breadcrumb","itemListElement":[{"@type":"ListItem","position":1,"name":"Portada","item":"https:\/\/www.mexicanguitarplayers.com\/"},{"@type":"ListItem","position":2,"name":"Tienda","item":"https:\/\/www.mexicanguitarplayers.com\/tienda\/"},{"@type":"ListItem","position":3,"name":"GUITARRA SCHECTER ELECT. C-1 SLS ELITE"}]},{"@type":"WebSite","@id":"https:\/\/www.mexicanguitarplayers.com\/#website","url":"https:\/\/www.mexicanguitarplayers.com\/","name":"Mexican Guitar Players","description":"Website","publisher":{"@id":"https:\/\/www.mexicanguitarplayers.com\/#organization"},"potentialAction":[{"@type":"SearchAction","target":{"@type":"EntryPoint","urlTemplate":"https:\/\/www.mexicanguitarplayers.com\/?s={search_term_string}"},"query-input":{"@type":"PropertyValueSpecification","valueRequired":true,"valueName":"search_term_string"}}],"inLanguage":"en-US"},{"@type":"Organization","@id":"https:\/\/www.mexicanguitarplayers.com\/#organization","name":"Mexican Guitar Players","url":"https:\/\/www.mexicanguitarplayers.com\/","logo":{"@type":"ImageObject","inLanguage":"en-US","@id":"https:\/\/www.mexicanguitarplayers.com\/#\/schema\/logo\/image\/","url":"","contentUrl":"","caption":"Mexican Guitar Players"},"image":{"@id":"https:\/\/www.mexicanguitarplayers.com\/#\/schema\/logo\/image\/"}}]}},"brands":[{"id":175,"name":"SCHECTER","slug":"schecter"}],"_links":{"self":[{"href":"https:\/\/www.mexicanguitarplayers.com\/en\/wp-json\/wp\/v2\/product\/29213","targetHints":{"allow":["GET"]}}],"collection":[{"href":"https:\/\/www.mexicanguitarplayers.com\/en\/wp-json\/wp\/v2\/product"}],"about":[{"href":"https:\/\/www.mexicanguitarplayers.com\/en\/wp-json\/wp\/v2\/types\/product"}],"replies":[{"embeddable":true,"href":"https:\/\/www.mexicanguitarplayers.com\/en\/wp-json\/wp\/v2\/comments?post=29213"}],"wp:featuredmedia":[{"embeddable":true,"href":"https:\/\/www.mexicanguitarplayers.com\/en\/wp-json\/wp\/v2\/media\/29202"}],"wp:attachment":[{"href":"https:\/\/www.mexicanguitarplayers.com\/en\/wp-json\/wp\/v2\/media?parent=29213"}],"wp:term":[{"taxonomy":"pwb-brand","embeddable":true,"href":"https:\/\/www.mexicanguitarplayers.com\/en\/wp-json\/wp\/v2\/pwb-brand?post=29213"},{"taxonomy":"product_brand","embeddable":true,"href":"https:\/\/www.mexicanguitarplayers.com\/en\/wp-json\/wp\/v2\/product_brand?post=29213"},{"taxonomy":"product_cat","embeddable":true,"href":"https:\/\/www.mexicanguitarplayers.com\/en\/wp-json\/wp\/v2\/product_cat?post=29213"},{"taxonomy":"product_tag","embeddable":true,"href":"https:\/\/www.mexicanguitarplayers.com\/en\/wp-json\/wp\/v2\/product_tag?post=29213"}],"curies":[{"name":"wp","href":"https:\/\/api.w.org\/{rel}","templated":true}]}}