{"id":29223,"date":"2025-04-08T10:34:00","date_gmt":"2025-04-08T16:34:00","guid":{"rendered":"https:\/\/www.mexicanguitarplayers.com\/tienda\/sin categor\u00eda\/amplificador-t-c-p-bajo-mod-bq500\/"},"modified":"2026-02-18T04:21:20","modified_gmt":"2026-02-18T10:21:20","slug":"amplificador-t-c-p-bajo-mod-bq500","status":"publish","type":"product","link":"https:\/\/www.mexicanguitarplayers.com\/en\/tienda\/cuerdas\/amplificadores-cuerdas\/amps-para-bajo\/amplificador-t-c-p-bajo-mod-bq500\/","title":{"rendered":"AMPLIFICADOR T.C. P\/BAJO MOD. BQ500"},"content":{"rendered":"<div style=\"text-align: justify\">\n<div>\n<h3>Un revolucionario sonido.<\/h3>\n<\/div>\n<div>El revolucionario THRUST BQ500 es un amplificador port\u00e1til y ligero para bajo que ofrece mucho m\u00e1s impacto  que un almac\u00e9n lleno de fuegos artificiales con descuento. Un preamplificador  de EQ y MOSFET de dise\u00f1o personalizado que proporciona una tremenda paleta tonal y un sonido y sensaci\u00f3n realistas de un amplificador de bulbos. Potencia port\u00e1til. Dise\u00f1ado para el bajista pragm\u00e1tico, el BQ500 de 500W est\u00e1 dise\u00f1ado teniendo en mente lo \u00faltimo en portabilidad y potencia. El circuito de Clase D de vanguardia, presenta un preamplificador MOSFET de alto voltaje que brinda la sensaci\u00f3n aut\u00e9ntica y la respuesta din\u00e1mica de un amplificador de bulbos real. Un potente ecualizador de 4 bandas te permite esculpir tu tono exactamente como a ti te gusta mientras que la salida directa balanceada hace que sea muy sencillo conectar tu amplificador a la mezcladora FoH o tu equipo de grabaci\u00f3n. Tono y versatilidad. Un interruptor activo\/pasivo optimiza la entrada del preamplificador para graves cargado con pastillas activas o pasivas para la mejor respuesta tonal posible. BQ500 cuenta con un vers\u00e1til circuito compresor THRUST de un s\u00f3lo bot\u00f3n que establece con precisi\u00f3n el rango din\u00e1mico de tu interpretaci\u00f3n y proporciona el m\u00e1ximo impacto para catapultar tu tono en todo el escenario.<\/div>\n<div>\n<h4>Quick look<\/h4>\n<\/div>\n<ul style=\"margin: 0px 0px 0px 25px\">\n<li style=\"list-style-type: circle;margin: 5px\">Audio inputs.<\/li>\n<li style=\"list-style-type: circle;margin: 5px\">Controles de ecualizador.<\/li>\n<li style=\"list-style-type: circle;margin: 5px\">Controles de compresi\u00f3n.<\/li>\n<li style=\"list-style-type: circle;margin: 5px\">Audio outputs.<\/li>\n<li style=\"list-style-type: circle;margin: 5px\">Datos de sistema.<\/li>\n<li style=\"list-style-type: circle;margin: 5px\">Energy.<\/li>\n<li style=\"list-style-type: circle;margin: 5px\">Dimensions.<\/li>\n<li style=\"list-style-type: circle;margin: 5px\">Weight.<\/li>\n<\/ul>\n<div>\n<div style=\"font-weight: bold\">Audio inputs.<\/div>\n<div>\n<p>Entrada de instrumento 1\/4&#8243; TS desbalanceado. Impedancia: 1 mili-ohm. Entrada auxiliar: 1\/8&#8243; TRS, desbalanceado. Impedancia: 10 kilo-ohms.<\/p>\n<\/div>\n<div style=\"font-weight: bold\">Controles de ecualizador.<\/div>\n<div>\n<p>Bass: 80 Hz @ Gain: \u00b115 dB. Lo-mid: 400 Hz @ Gain: \u00b115 dB. Hi-mid: 800 Hz @ Gain: \u00b115 dB. Treble: 10 kHz @ Gain: \u00b115 dB.<\/p>\n<\/div>\n<div style=\"font-weight: bold\">Controles de compresi\u00f3n.<\/div>\n<div>\n<p>Thrust: Variable (apagado a m\u00e1ximo). Thrust switch: On \/ Off.<\/p>\n<\/div>\n<div style=\"font-weight: bold\">Audio outputs.<\/div>\n<div>\n<p>Salida de aud\u00edfonos: 1\/8&#8243; TRS, desbalanceado. Impedancia: 47 ohms. Salida directa XLR, balanceado. Impedancia: 1 kilo-ohm. Nivel m\u00e1ximo: Pre EQ (+12 dBu), Post EQ (+16 dBu). Salida de altavoz: Conector profesional de bloqueo. Impedancia m\u00ednima de carga: 4 ohms.<\/p>\n<\/div>\n<div style=\"font-weight: bold\">Datos de sistema.<\/div>\n<div>\n<p>Potencia m\u00e1xima de salida: 250 W.<\/p>\n<\/div>\n<div style=\"font-weight: bold\">Energy.<\/div>\n<div>\n<p>100-240 V~ 50\/60 Hz. Consumo de energ\u00eda: 80 W. Conexi\u00f3n de energ\u00eda: Recept\u00e1culo IEC est\u00e1ndar.<\/p>\n<\/div>\n<div style=\"font-weight: bold\">Dimensions.<\/div>\n<div>\n<p>69 x 255 x 233 mm.<\/p>\n<\/div>\n<div style=\"font-weight: bold\">Weight.<\/div>\n<div>\n<p>2.3 kg.<\/p>\n<\/div>\n<\/div>\n<\/div>","protected":false},"excerpt":{"rendered":"<p>Amplificador de bajo de 500W con preamp MOSFET para sensaci\u00f3n de aut\u00e9ntico amplificador de bulbos, compresor Thrust, ideal para estudio y escenario, dise\u00f1o compacto y ligero para m\u00e1xima portabilidad, tecnolog\u00eda de amplificador Clase D, incre\u00edble potencia y rendimiento sonoro, secci\u00f3n de ecualizador de 4 bandas para un control de modelado de tono definido, salida DI balanceada con enrutamiento pre\/post EQ para conexi\u00f3n directa a mezcladoras y equipos de grabaci\u00f3n, amplificador de aud\u00edfonos con calidad de estudio con emulaci\u00f3n de altavoz para ensayos silenciosos y pr\u00e1ctica personal, entrada auxiliar de ensayo para reproducci\u00f3n a trav\u00e9s de altavoz o aud\u00edfonos, salida de altavoz en conector SpeakON (carga m\u00ednima de 4 ohms), protecci\u00f3n contra corto circuito sobrecarga t\u00e9rmica y baja impedancia de altavoces para mayor confiabilidad, resistente chasis de acero, fuente de alimentaci\u00f3n conmutada de rango universal, dimensiones: 69 x 255 x 233 mm, peso: 2.3 kg.&hellip; <a class=\"kt-excerpt-readmore more-link\" href=\"https:\/\/www.mexicanguitarplayers.com\/en\/tienda\/cuerdas\/amplificadores-cuerdas\/amps-para-bajo\/amplificador-t-c-p-bajo-mod-bq500\/\">Read more<\/a><\/p>","protected":false},"featured_media":29218,"comment_status":"open","ping_status":"closed","template":"","meta":{"kt_blocks_editor_width":""},"pwb-brand":[170],"product_brand":[],"product_cat":[219,254,224],"product_tag":[],"class_list":{"0":"post-29223","1":"product","2":"type-product","3":"status-publish","4":"has-post-thumbnail","6":"pwb-brand-tc-electronic","7":"product_cat-amplificadores-audio","8":"product_cat-amps-para-bajo","9":"product_cat-cuerdas","10":"product_shipping_class-0-5-kg","12":"first","13":"outofstock","14":"taxable","15":"shipping-taxable","16":"purchasable","17":"product-type-simple"},"yoast_head":"<!-- This site is optimized with the Yoast SEO plugin v27.3 - https:\/\/yoast.com\/product\/yoast-seo-wordpress\/ -->\n<title>AMPLIFICADOR T.C. P\/BAJO MOD. BQ500 - Mexican Guitar Players<\/title>\n<meta name=\"description\" content=\"Amplificador de bajo de 500W con preamp MOSFET para sensaci\u00f3n de aut\u00e9ntico amplificador de bulbos, compresor Thrust, ideal para estudio y escenario, dise\u00f1o compacto y ligero para m\u00e1xima portabilidad, tecnolog\u00eda de amplificador Clase D, incre\u00edble potencia y rendimiento sonoro, secci\u00f3n de ecualizador de 4 bandas para un control de modelado de tono definido, salida DI balanceada con enrutamiento pre\/post EQ para conexi\u00f3n directa a mezcladoras y equipos de grabaci\u00f3n, amplificador de aud\u00edfonos con calidad de estudio con emulaci\u00f3n de altavoz para ensayos silenciosos y pr\u00e1ctica personal, entrada auxiliar de ensayo para reproducci\u00f3n a trav\u00e9s de altavoz o aud\u00edfonos, salida de altavoz en conector SpeakON (carga m\u00ednima de 4 ohms), protecci\u00f3n contra corto circuito sobrecarga t\u00e9rmica y baja impedancia de altavoces para mayor confiabilidad, resistente chasis de acero, fuente de alimentaci\u00f3n conmutada de rango universal, dimensiones: 69 x 255 x 233 mm, peso: 2.3 kg.\" \/>\n<meta name=\"robots\" content=\"index, follow, max-snippet:-1, max-image-preview:large, max-video-preview:-1\" \/>\n<link rel=\"canonical\" href=\"https:\/\/www.mexicanguitarplayers.com\/en\/tienda\/sin%20categor\u00eda\/amplificador-t-c-p-bajo-mod-bq500\/\" \/>\n<meta property=\"og:locale\" content=\"en_US\" \/>\n<meta property=\"og:type\" content=\"article\" \/>\n<meta property=\"og:title\" content=\"AMPLIFICADOR T.C. P\/BAJO MOD. BQ500 - Mexican Guitar Players\" \/>\n<meta property=\"og:description\" content=\"Amplificador de bajo de 500W con preamp MOSFET para sensaci\u00f3n de aut\u00e9ntico amplificador de bulbos, compresor Thrust, ideal para estudio y escenario, dise\u00f1o compacto y ligero para m\u00e1xima portabilidad, tecnolog\u00eda de amplificador Clase D, incre\u00edble potencia y rendimiento sonoro, secci\u00f3n de ecualizador de 4 bandas para un control de modelado de tono definido, salida DI balanceada con enrutamiento pre\/post EQ para conexi\u00f3n directa a mezcladoras y equipos de grabaci\u00f3n, amplificador de aud\u00edfonos con calidad de estudio con emulaci\u00f3n de altavoz para ensayos silenciosos y pr\u00e1ctica personal, entrada auxiliar de ensayo para reproducci\u00f3n a trav\u00e9s de altavoz o aud\u00edfonos, salida de altavoz en conector SpeakON (carga m\u00ednima de 4 ohms), protecci\u00f3n contra corto circuito sobrecarga t\u00e9rmica y baja impedancia de altavoces para mayor confiabilidad, resistente chasis de acero, fuente de alimentaci\u00f3n conmutada de rango universal, dimensiones: 69 x 255 x 233 mm, peso: 2.3 kg.\" \/>\n<meta property=\"og:url\" content=\"https:\/\/www.mexicanguitarplayers.com\/en\/tienda\/sin categor\u00eda\/amplificador-t-c-p-bajo-mod-bq500\/\" \/>\n<meta property=\"og:site_name\" content=\"Mexican Guitar Players\" \/>\n<meta property=\"article:modified_time\" content=\"2026-02-18T10:21:20+00:00\" \/>\n<meta name=\"twitter:card\" content=\"summary_large_image\" \/>\n<meta name=\"twitter:label1\" content=\"Est. reading time\" \/>\n\t<meta name=\"twitter:data1\" content=\"2 minutes\" \/>\n<script type=\"application\/ld+json\" class=\"yoast-schema-graph\">{\"@context\":\"https:\\\/\\\/schema.org\",\"@graph\":[{\"@type\":[\"WebPage\",\"ItemPage\"],\"@id\":\"https:\\\/\\\/www.mexicanguitarplayers.com\\\/tienda\\\/sin categor\u00eda\\\/amplificador-t-c-p-bajo-mod-bq500\\\/\",\"url\":\"https:\\\/\\\/www.mexicanguitarplayers.com\\\/tienda\\\/sin categor\u00eda\\\/amplificador-t-c-p-bajo-mod-bq500\\\/\",\"name\":\"AMPLIFICADOR T.C. P\\\/BAJO MOD. BQ500 - Mexican Guitar Players\",\"isPartOf\":{\"@id\":\"https:\\\/\\\/www.mexicanguitarplayers.com\\\/#website\"},\"primaryImageOfPage\":{\"@id\":\"https:\\\/\\\/www.mexicanguitarplayers.com\\\/tienda\\\/sin categor\u00eda\\\/amplificador-t-c-p-bajo-mod-bq500\\\/#primaryimage\"},\"image\":{\"@id\":\"https:\\\/\\\/www.mexicanguitarplayers.com\\\/tienda\\\/sin categor\u00eda\\\/amplificador-t-c-p-bajo-mod-bq500\\\/#primaryimage\"},\"thumbnailUrl\":\"https:\\\/\\\/www.mexicanguitarplayers.com\\\/wp-content\\\/uploads\\\/2025\\\/04\\\/ICTCEBQ500.jpg\",\"datePublished\":\"2025-04-08T16:34:00+00:00\",\"dateModified\":\"2026-02-18T10:21:20+00:00\",\"description\":\"Amplificador de bajo de 500W con preamp MOSFET para sensaci\u00f3n de aut\u00e9ntico amplificador de bulbos, compresor Thrust, ideal para estudio y escenario, dise\u00f1o compacto y ligero para m\u00e1xima portabilidad, tecnolog\u00eda de amplificador Clase D, incre\u00edble potencia y rendimiento sonoro, secci\u00f3n de ecualizador de 4 bandas para un control de modelado de tono definido, salida DI balanceada con enrutamiento pre\\\/post EQ para conexi\u00f3n directa a mezcladoras y equipos de grabaci\u00f3n, amplificador de aud\u00edfonos con calidad de estudio con emulaci\u00f3n de altavoz para ensayos silenciosos y pr\u00e1ctica personal, entrada auxiliar de ensayo para reproducci\u00f3n a trav\u00e9s de altavoz o aud\u00edfonos, salida de altavoz en conector SpeakON (carga m\u00ednima de 4 ohms), protecci\u00f3n contra corto circuito sobrecarga t\u00e9rmica y baja impedancia de altavoces para mayor confiabilidad, resistente chasis de acero, fuente de alimentaci\u00f3n conmutada de rango universal, dimensiones: 69 x 255 x 233 mm, peso: 2.3 kg.\",\"breadcrumb\":{\"@id\":\"https:\\\/\\\/www.mexicanguitarplayers.com\\\/tienda\\\/sin categor\u00eda\\\/amplificador-t-c-p-bajo-mod-bq500\\\/#breadcrumb\"},\"inLanguage\":\"en-US\",\"potentialAction\":[{\"@type\":\"ReadAction\",\"target\":[\"https:\\\/\\\/www.mexicanguitarplayers.com\\\/tienda\\\/sin categor\u00eda\\\/amplificador-t-c-p-bajo-mod-bq500\\\/\"]}]},{\"@type\":\"ImageObject\",\"inLanguage\":\"en-US\",\"@id\":\"https:\\\/\\\/www.mexicanguitarplayers.com\\\/tienda\\\/sin categor\u00eda\\\/amplificador-t-c-p-bajo-mod-bq500\\\/#primaryimage\",\"url\":\"https:\\\/\\\/www.mexicanguitarplayers.com\\\/wp-content\\\/uploads\\\/2025\\\/04\\\/ICTCEBQ500.jpg\",\"contentUrl\":\"https:\\\/\\\/www.mexicanguitarplayers.com\\\/wp-content\\\/uploads\\\/2025\\\/04\\\/ICTCEBQ500.jpg\",\"width\":1600,\"height\":800},{\"@type\":\"BreadcrumbList\",\"@id\":\"https:\\\/\\\/www.mexicanguitarplayers.com\\\/tienda\\\/sin categor\u00eda\\\/amplificador-t-c-p-bajo-mod-bq500\\\/#breadcrumb\",\"itemListElement\":[{\"@type\":\"ListItem\",\"position\":1,\"name\":\"Portada\",\"item\":\"https:\\\/\\\/www.mexicanguitarplayers.com\\\/\"},{\"@type\":\"ListItem\",\"position\":2,\"name\":\"Tienda\",\"item\":\"https:\\\/\\\/www.mexicanguitarplayers.com\\\/tienda\\\/\"},{\"@type\":\"ListItem\",\"position\":3,\"name\":\"AMPLIFICADOR T.C. P\\\/BAJO MOD. BQ500\"}]},{\"@type\":\"WebSite\",\"@id\":\"https:\\\/\\\/www.mexicanguitarplayers.com\\\/#website\",\"url\":\"https:\\\/\\\/www.mexicanguitarplayers.com\\\/\",\"name\":\"Mexican Guitar Players\",\"description\":\"Website\",\"publisher\":{\"@id\":\"https:\\\/\\\/www.mexicanguitarplayers.com\\\/#organization\"},\"potentialAction\":[{\"@type\":\"SearchAction\",\"target\":{\"@type\":\"EntryPoint\",\"urlTemplate\":\"https:\\\/\\\/www.mexicanguitarplayers.com\\\/?s={search_term_string}\"},\"query-input\":{\"@type\":\"PropertyValueSpecification\",\"valueRequired\":true,\"valueName\":\"search_term_string\"}}],\"inLanguage\":\"en-US\"},{\"@type\":\"Organization\",\"@id\":\"https:\\\/\\\/www.mexicanguitarplayers.com\\\/#organization\",\"name\":\"Mexican Guitar Players\",\"url\":\"https:\\\/\\\/www.mexicanguitarplayers.com\\\/\",\"logo\":{\"@type\":\"ImageObject\",\"inLanguage\":\"en-US\",\"@id\":\"https:\\\/\\\/www.mexicanguitarplayers.com\\\/#\\\/schema\\\/logo\\\/image\\\/\",\"url\":\"\",\"contentUrl\":\"\",\"caption\":\"Mexican Guitar Players\"},\"image\":{\"@id\":\"https:\\\/\\\/www.mexicanguitarplayers.com\\\/#\\\/schema\\\/logo\\\/image\\\/\"}}]}<\/script>\n<!-- \/ Yoast SEO plugin. -->","yoast_head_json":{"title":"AMPLIFICADOR T.C. P\/BAJO MOD. BQ500 - Mexican Guitar Players","description":"Amplificador de bajo de 500W con preamp MOSFET para sensaci\u00f3n de aut\u00e9ntico amplificador de bulbos, compresor Thrust, ideal para estudio y escenario, dise\u00f1o compacto y ligero para m\u00e1xima portabilidad, tecnolog\u00eda de amplificador Clase D, incre\u00edble potencia y rendimiento sonoro, secci\u00f3n de ecualizador de 4 bandas para un control de modelado de tono definido, salida DI balanceada con enrutamiento pre\/post EQ para conexi\u00f3n directa a mezcladoras y equipos de grabaci\u00f3n, amplificador de aud\u00edfonos con calidad de estudio con emulaci\u00f3n de altavoz para ensayos silenciosos y pr\u00e1ctica personal, entrada auxiliar de ensayo para reproducci\u00f3n a trav\u00e9s de altavoz o aud\u00edfonos, salida de altavoz en conector SpeakON (carga m\u00ednima de 4 ohms), protecci\u00f3n contra corto circuito sobrecarga t\u00e9rmica y baja impedancia de altavoces para mayor confiabilidad, resistente chasis de acero, fuente de alimentaci\u00f3n conmutada de rango universal, dimensiones: 69 x 255 x 233 mm, peso: 2.3 kg.","robots":{"index":"index","follow":"follow","max-snippet":"max-snippet:-1","max-image-preview":"max-image-preview:large","max-video-preview":"max-video-preview:-1"},"canonical":"https:\/\/www.mexicanguitarplayers.com\/en\/tienda\/sin categor\u00eda\/amplificador-t-c-p-bajo-mod-bq500\/","og_locale":"en_US","og_type":"article","og_title":"AMPLIFICADOR T.C. P\/BAJO MOD. BQ500 - Mexican Guitar Players","og_description":"Amplificador de bajo de 500W con preamp MOSFET para sensaci\u00f3n de aut\u00e9ntico amplificador de bulbos, compresor Thrust, ideal para estudio y escenario, dise\u00f1o compacto y ligero para m\u00e1xima portabilidad, tecnolog\u00eda de amplificador Clase D, incre\u00edble potencia y rendimiento sonoro, secci\u00f3n de ecualizador de 4 bandas para un control de modelado de tono definido, salida DI balanceada con enrutamiento pre\/post EQ para conexi\u00f3n directa a mezcladoras y equipos de grabaci\u00f3n, amplificador de aud\u00edfonos con calidad de estudio con emulaci\u00f3n de altavoz para ensayos silenciosos y pr\u00e1ctica personal, entrada auxiliar de ensayo para reproducci\u00f3n a trav\u00e9s de altavoz o aud\u00edfonos, salida de altavoz en conector SpeakON (carga m\u00ednima de 4 ohms), protecci\u00f3n contra corto circuito sobrecarga t\u00e9rmica y baja impedancia de altavoces para mayor confiabilidad, resistente chasis de acero, fuente de alimentaci\u00f3n conmutada de rango universal, dimensiones: 69 x 255 x 233 mm, peso: 2.3 kg.","og_url":"https:\/\/www.mexicanguitarplayers.com\/en\/tienda\/sin categor\u00eda\/amplificador-t-c-p-bajo-mod-bq500\/","og_site_name":"Mexican Guitar Players","article_modified_time":"2026-02-18T10:21:20+00:00","twitter_card":"summary_large_image","twitter_misc":{"Est. reading time":"2 minutes"},"schema":{"@context":"https:\/\/schema.org","@graph":[{"@type":["WebPage","ItemPage"],"@id":"https:\/\/www.mexicanguitarplayers.com\/tienda\/sin categor\u00eda\/amplificador-t-c-p-bajo-mod-bq500\/","url":"https:\/\/www.mexicanguitarplayers.com\/tienda\/sin categor\u00eda\/amplificador-t-c-p-bajo-mod-bq500\/","name":"AMPLIFICADOR T.C. P\/BAJO MOD. BQ500 - Mexican Guitar Players","isPartOf":{"@id":"https:\/\/www.mexicanguitarplayers.com\/#website"},"primaryImageOfPage":{"@id":"https:\/\/www.mexicanguitarplayers.com\/tienda\/sin categor\u00eda\/amplificador-t-c-p-bajo-mod-bq500\/#primaryimage"},"image":{"@id":"https:\/\/www.mexicanguitarplayers.com\/tienda\/sin categor\u00eda\/amplificador-t-c-p-bajo-mod-bq500\/#primaryimage"},"thumbnailUrl":"https:\/\/www.mexicanguitarplayers.com\/wp-content\/uploads\/2025\/04\/ICTCEBQ500.jpg","datePublished":"2025-04-08T16:34:00+00:00","dateModified":"2026-02-18T10:21:20+00:00","description":"Amplificador de bajo de 500W con preamp MOSFET para sensaci\u00f3n de aut\u00e9ntico amplificador de bulbos, compresor Thrust, ideal para estudio y escenario, dise\u00f1o compacto y ligero para m\u00e1xima portabilidad, tecnolog\u00eda de amplificador Clase D, incre\u00edble potencia y rendimiento sonoro, secci\u00f3n de ecualizador de 4 bandas para un control de modelado de tono definido, salida DI balanceada con enrutamiento pre\/post EQ para conexi\u00f3n directa a mezcladoras y equipos de grabaci\u00f3n, amplificador de aud\u00edfonos con calidad de estudio con emulaci\u00f3n de altavoz para ensayos silenciosos y pr\u00e1ctica personal, entrada auxiliar de ensayo para reproducci\u00f3n a trav\u00e9s de altavoz o aud\u00edfonos, salida de altavoz en conector SpeakON (carga m\u00ednima de 4 ohms), protecci\u00f3n contra corto circuito sobrecarga t\u00e9rmica y baja impedancia de altavoces para mayor confiabilidad, resistente chasis de acero, fuente de alimentaci\u00f3n conmutada de rango universal, dimensiones: 69 x 255 x 233 mm, peso: 2.3 kg.","breadcrumb":{"@id":"https:\/\/www.mexicanguitarplayers.com\/tienda\/sin categor\u00eda\/amplificador-t-c-p-bajo-mod-bq500\/#breadcrumb"},"inLanguage":"en-US","potentialAction":[{"@type":"ReadAction","target":["https:\/\/www.mexicanguitarplayers.com\/tienda\/sin categor\u00eda\/amplificador-t-c-p-bajo-mod-bq500\/"]}]},{"@type":"ImageObject","inLanguage":"en-US","@id":"https:\/\/www.mexicanguitarplayers.com\/tienda\/sin categor\u00eda\/amplificador-t-c-p-bajo-mod-bq500\/#primaryimage","url":"https:\/\/www.mexicanguitarplayers.com\/wp-content\/uploads\/2025\/04\/ICTCEBQ500.jpg","contentUrl":"https:\/\/www.mexicanguitarplayers.com\/wp-content\/uploads\/2025\/04\/ICTCEBQ500.jpg","width":1600,"height":800},{"@type":"BreadcrumbList","@id":"https:\/\/www.mexicanguitarplayers.com\/tienda\/sin categor\u00eda\/amplificador-t-c-p-bajo-mod-bq500\/#breadcrumb","itemListElement":[{"@type":"ListItem","position":1,"name":"Portada","item":"https:\/\/www.mexicanguitarplayers.com\/"},{"@type":"ListItem","position":2,"name":"Tienda","item":"https:\/\/www.mexicanguitarplayers.com\/tienda\/"},{"@type":"ListItem","position":3,"name":"AMPLIFICADOR T.C. P\/BAJO MOD. BQ500"}]},{"@type":"WebSite","@id":"https:\/\/www.mexicanguitarplayers.com\/#website","url":"https:\/\/www.mexicanguitarplayers.com\/","name":"Mexican Guitar Players","description":"Website","publisher":{"@id":"https:\/\/www.mexicanguitarplayers.com\/#organization"},"potentialAction":[{"@type":"SearchAction","target":{"@type":"EntryPoint","urlTemplate":"https:\/\/www.mexicanguitarplayers.com\/?s={search_term_string}"},"query-input":{"@type":"PropertyValueSpecification","valueRequired":true,"valueName":"search_term_string"}}],"inLanguage":"en-US"},{"@type":"Organization","@id":"https:\/\/www.mexicanguitarplayers.com\/#organization","name":"Mexican Guitar Players","url":"https:\/\/www.mexicanguitarplayers.com\/","logo":{"@type":"ImageObject","inLanguage":"en-US","@id":"https:\/\/www.mexicanguitarplayers.com\/#\/schema\/logo\/image\/","url":"","contentUrl":"","caption":"Mexican Guitar Players"},"image":{"@id":"https:\/\/www.mexicanguitarplayers.com\/#\/schema\/logo\/image\/"}}]}},"brands":[{"id":170,"name":"TC-ELECTRONIC","slug":"tc-electronic"}],"_links":{"self":[{"href":"https:\/\/www.mexicanguitarplayers.com\/en\/wp-json\/wp\/v2\/product\/29223","targetHints":{"allow":["GET"]}}],"collection":[{"href":"https:\/\/www.mexicanguitarplayers.com\/en\/wp-json\/wp\/v2\/product"}],"about":[{"href":"https:\/\/www.mexicanguitarplayers.com\/en\/wp-json\/wp\/v2\/types\/product"}],"replies":[{"embeddable":true,"href":"https:\/\/www.mexicanguitarplayers.com\/en\/wp-json\/wp\/v2\/comments?post=29223"}],"wp:featuredmedia":[{"embeddable":true,"href":"https:\/\/www.mexicanguitarplayers.com\/en\/wp-json\/wp\/v2\/media\/29218"}],"wp:attachment":[{"href":"https:\/\/www.mexicanguitarplayers.com\/en\/wp-json\/wp\/v2\/media?parent=29223"}],"wp:term":[{"taxonomy":"pwb-brand","embeddable":true,"href":"https:\/\/www.mexicanguitarplayers.com\/en\/wp-json\/wp\/v2\/pwb-brand?post=29223"},{"taxonomy":"product_brand","embeddable":true,"href":"https:\/\/www.mexicanguitarplayers.com\/en\/wp-json\/wp\/v2\/product_brand?post=29223"},{"taxonomy":"product_cat","embeddable":true,"href":"https:\/\/www.mexicanguitarplayers.com\/en\/wp-json\/wp\/v2\/product_cat?post=29223"},{"taxonomy":"product_tag","embeddable":true,"href":"https:\/\/www.mexicanguitarplayers.com\/en\/wp-json\/wp\/v2\/product_tag?post=29223"}],"curies":[{"name":"wp","href":"https:\/\/api.w.org\/{rel}","templated":true}]}}