{"id":29233,"date":"2025-04-08T10:34:24","date_gmt":"2025-04-08T16:34:24","guid":{"rendered":"https:\/\/www.mexicanguitarplayers.com\/tienda\/sin categor\u00eda\/estacion-de-trabajo-music-nomad-ultimate\/"},"modified":"2026-05-01T07:26:07","modified_gmt":"2026-05-01T13:26:07","slug":"estacion-de-trabajo-music-nomad-ultimate","status":"publish","type":"product","link":"https:\/\/www.mexicanguitarplayers.com\/en\/tienda\/accesorios\/para-bateria\/cuidado-y-proteccion\/estacion-de-trabajo-music-nomad-ultimate\/","title":{"rendered":"ESTACION DE TRABAJO MUSIC NOMAD ULTIMATE"},"content":{"rendered":"<div style=\"text-align: justify\">\n<div>\n<h3>La mejor soluci\u00f3n.<\/h3>\n<\/div>\n<div>Configura tu set con lo que los mejores t\u00e9cnicos de gira y talleres de reparaci\u00f3n usan todos los d\u00edas para hacer que el equipo con el que trabajan se vea, suene y funcione mejor. La estaci\u00f3n de trabajo Ultimate At Home Work Station incluye 11 de nuestros imprescindibles productos. Comienza con nuestro elegante tapete de trabajo de primera calidad y nuestro innovador soporte para el brazo que te permite trabajar de manera segura en cualquier instrumento de cuerda. Luego te entregamos todo el producto para detallar, limpiar, pulir y acondicionar todas las \u00e1reas necesarias para mantener y proteger tu equipo. Por \u00faltimo, incluimos todas nuestras herramientas premium de cambio de cuerdas, por lo que el cambio de cuerdas  es muy sencillo. M\u00e1s el juego de herramientas de 26 piezas Guitar Tech que te permite ajustar todo tu equipo excepto el alma. Cada producto est\u00e1 dise\u00f1ado y fabricado para ser el mejor de su clase. No te decepcionar\u00e1 y esperar\u00e1s la pr\u00f3xima vez que trabajes en tu equipo.<\/div>\n<div>\n<h4>Characteristics<\/h4>\n<\/div>\n<div>\n<ul style=\"margin: 0px 0px 0px 25px\">\n<li style=\"list-style-type: circle;margin: 5px\">Estaci\u00f3n de trabajo Music Nomad Ultimate.<\/li>\n<li style=\"list-style-type: circle;margin: 5px\">Alfombrilla de trabajo premium de 36&#8243; x 17&#8243; con soporte para brazo con Soft Gel Cradle Cube.<\/li>\n<li style=\"list-style-type: circle;margin: 5px\">Limpiar en detalle, pulir y acondicionar cada superficie de tu instrumento.<\/li>\n<li style=\"list-style-type: circle;margin: 5px\">Juego de 26 destornilladores y llaves.<\/li>\n<li style=\"list-style-type: circle;margin: 5px\">Productos de cambio de cuerda de primera calidad, enrollador, cortador, extractor y lubricante.<\/li>\n<\/ul>\n<\/div>\n<\/div>","protected":false},"excerpt":{"rendered":"<p>Estaci\u00f3n de trabajo Music Nomad Ultimate, alfombrilla de trabajo premium de 36\u201d x 17\u201d con soporte para brazo patentado con Soft Gel Cradle Cube, todos los mejores productos para limpiar en detalle, pulir y acondicionar cada superficie (cuerpo, diapas\u00f3n, herrajes, cuerdas) de tu equipo, juego de 26 destornilladores y llaves, productos de cambio de cuerda de primera calidad, enrollador de cuerda GRIP, cortador GRIP, extractor GRIP y lubricante TUNE IT.&hellip; <a class=\"kt-excerpt-readmore more-link\" href=\"https:\/\/www.mexicanguitarplayers.com\/en\/tienda\/accesorios\/para-bateria\/cuidado-y-proteccion\/estacion-de-trabajo-music-nomad-ultimate\/\">Read more<\/a><\/p>","protected":false},"featured_media":29228,"comment_status":"open","ping_status":"closed","template":"","meta":{"kt_blocks_editor_width":""},"pwb-brand":[622],"product_brand":[],"product_cat":[85,421,336],"product_tag":[],"class_list":{"0":"post-29233","1":"product","2":"type-product","3":"status-publish","4":"has-post-thumbnail","6":"pwb-brand-music-nomad","7":"product_cat-accesorios","8":"product_cat-cuidado-y-proteccion","9":"product_cat-para-guitarras","10":"product_shipping_class-0-5-kg","12":"first","13":"instock","14":"taxable","15":"shipping-taxable","16":"purchasable","17":"product-type-simple"},"yoast_head":"<!-- This site is optimized with the Yoast SEO plugin v27.5 - https:\/\/yoast.com\/product\/yoast-seo-wordpress\/ -->\n<title>ESTACION DE TRABAJO MUSIC NOMAD ULTIMATE - Mexican Guitar Players<\/title>\n<meta name=\"description\" content=\"Estaci\u00f3n de trabajo Music Nomad Ultimate, alfombrilla de trabajo premium de 36\u201d x 17\u201d con soporte para brazo patentado con Soft Gel Cradle Cube, todos los mejores productos para limpiar en detalle, pulir y acondicionar cada superficie (cuerpo, diapas\u00f3n, herrajes, cuerdas) de tu equipo, juego de 26 destornilladores y llaves, productos de cambio de cuerda de primera calidad, enrollador de cuerda GRIP, cortador GRIP, extractor GRIP y lubricante TUNE IT.\" \/>\n<meta name=\"robots\" content=\"index, follow, max-snippet:-1, max-image-preview:large, max-video-preview:-1\" \/>\n<link rel=\"canonical\" href=\"https:\/\/www.mexicanguitarplayers.com\/en\/tienda\/sin%20categor\u00eda\/estacion-de-trabajo-music-nomad-ultimate\/\" \/>\n<meta property=\"og:locale\" content=\"en_US\" \/>\n<meta property=\"og:type\" content=\"article\" \/>\n<meta property=\"og:title\" content=\"ESTACION DE TRABAJO MUSIC NOMAD ULTIMATE - Mexican Guitar Players\" \/>\n<meta property=\"og:description\" content=\"Estaci\u00f3n de trabajo Music Nomad Ultimate, alfombrilla de trabajo premium de 36\u201d x 17\u201d con soporte para brazo patentado con Soft Gel Cradle Cube, todos los mejores productos para limpiar en detalle, pulir y acondicionar cada superficie (cuerpo, diapas\u00f3n, herrajes, cuerdas) de tu equipo, juego de 26 destornilladores y llaves, productos de cambio de cuerda de primera calidad, enrollador de cuerda GRIP, cortador GRIP, extractor GRIP y lubricante TUNE IT.\" \/>\n<meta property=\"og:url\" content=\"https:\/\/www.mexicanguitarplayers.com\/en\/tienda\/sin categor\u00eda\/estacion-de-trabajo-music-nomad-ultimate\/\" \/>\n<meta property=\"og:site_name\" content=\"Mexican Guitar Players\" \/>\n<meta property=\"article:modified_time\" content=\"2026-05-01T13:26:07+00:00\" \/>\n<meta name=\"twitter:card\" content=\"summary_large_image\" \/>\n<meta name=\"twitter:label1\" content=\"Est. reading time\" \/>\n\t<meta name=\"twitter:data1\" content=\"1 minute\" \/>\n<script type=\"application\/ld+json\" class=\"yoast-schema-graph\">{\"@context\":\"https:\\\/\\\/schema.org\",\"@graph\":[{\"@type\":[\"WebPage\",\"ItemPage\"],\"@id\":\"https:\\\/\\\/www.mexicanguitarplayers.com\\\/tienda\\\/sin categor\u00eda\\\/estacion-de-trabajo-music-nomad-ultimate\\\/\",\"url\":\"https:\\\/\\\/www.mexicanguitarplayers.com\\\/tienda\\\/sin categor\u00eda\\\/estacion-de-trabajo-music-nomad-ultimate\\\/\",\"name\":\"ESTACION DE TRABAJO MUSIC NOMAD ULTIMATE - Mexican Guitar Players\",\"isPartOf\":{\"@id\":\"https:\\\/\\\/www.mexicanguitarplayers.com\\\/#website\"},\"primaryImageOfPage\":{\"@id\":\"https:\\\/\\\/www.mexicanguitarplayers.com\\\/tienda\\\/sin categor\u00eda\\\/estacion-de-trabajo-music-nomad-ultimate\\\/#primaryimage\"},\"image\":{\"@id\":\"https:\\\/\\\/www.mexicanguitarplayers.com\\\/tienda\\\/sin categor\u00eda\\\/estacion-de-trabajo-music-nomad-ultimate\\\/#primaryimage\"},\"thumbnailUrl\":\"https:\\\/\\\/www.mexicanguitarplayers.com\\\/wp-content\\\/uploads\\\/2025\\\/04\\\/RAMNDMN290.jpg\",\"datePublished\":\"2025-04-08T16:34:24+00:00\",\"dateModified\":\"2026-05-01T13:26:07+00:00\",\"description\":\"Estaci\u00f3n de trabajo Music Nomad Ultimate, alfombrilla de trabajo premium de 36\u201d x 17\u201d con soporte para brazo patentado con Soft Gel Cradle Cube, todos los mejores productos para limpiar en detalle, pulir y acondicionar cada superficie (cuerpo, diapas\u00f3n, herrajes, cuerdas) de tu equipo, juego de 26 destornilladores y llaves, productos de cambio de cuerda de primera calidad, enrollador de cuerda GRIP, cortador GRIP, extractor GRIP y lubricante TUNE IT.\",\"breadcrumb\":{\"@id\":\"https:\\\/\\\/www.mexicanguitarplayers.com\\\/tienda\\\/sin categor\u00eda\\\/estacion-de-trabajo-music-nomad-ultimate\\\/#breadcrumb\"},\"inLanguage\":\"en-US\",\"potentialAction\":[{\"@type\":\"ReadAction\",\"target\":[\"https:\\\/\\\/www.mexicanguitarplayers.com\\\/tienda\\\/sin categor\u00eda\\\/estacion-de-trabajo-music-nomad-ultimate\\\/\"]}]},{\"@type\":\"ImageObject\",\"inLanguage\":\"en-US\",\"@id\":\"https:\\\/\\\/www.mexicanguitarplayers.com\\\/tienda\\\/sin categor\u00eda\\\/estacion-de-trabajo-music-nomad-ultimate\\\/#primaryimage\",\"url\":\"https:\\\/\\\/www.mexicanguitarplayers.com\\\/wp-content\\\/uploads\\\/2025\\\/04\\\/RAMNDMN290.jpg\",\"contentUrl\":\"https:\\\/\\\/www.mexicanguitarplayers.com\\\/wp-content\\\/uploads\\\/2025\\\/04\\\/RAMNDMN290.jpg\",\"width\":1200,\"height\":1200},{\"@type\":\"BreadcrumbList\",\"@id\":\"https:\\\/\\\/www.mexicanguitarplayers.com\\\/tienda\\\/sin categor\u00eda\\\/estacion-de-trabajo-music-nomad-ultimate\\\/#breadcrumb\",\"itemListElement\":[{\"@type\":\"ListItem\",\"position\":1,\"name\":\"Portada\",\"item\":\"https:\\\/\\\/www.mexicanguitarplayers.com\\\/\"},{\"@type\":\"ListItem\",\"position\":2,\"name\":\"Tienda\",\"item\":\"https:\\\/\\\/www.mexicanguitarplayers.com\\\/tienda\\\/\"},{\"@type\":\"ListItem\",\"position\":3,\"name\":\"ESTACION DE TRABAJO MUSIC NOMAD ULTIMATE\"}]},{\"@type\":\"WebSite\",\"@id\":\"https:\\\/\\\/www.mexicanguitarplayers.com\\\/#website\",\"url\":\"https:\\\/\\\/www.mexicanguitarplayers.com\\\/\",\"name\":\"Mexican Guitar Players\",\"description\":\"Website\",\"publisher\":{\"@id\":\"https:\\\/\\\/www.mexicanguitarplayers.com\\\/#organization\"},\"potentialAction\":[{\"@type\":\"SearchAction\",\"target\":{\"@type\":\"EntryPoint\",\"urlTemplate\":\"https:\\\/\\\/www.mexicanguitarplayers.com\\\/?s={search_term_string}\"},\"query-input\":{\"@type\":\"PropertyValueSpecification\",\"valueRequired\":true,\"valueName\":\"search_term_string\"}}],\"inLanguage\":\"en-US\"},{\"@type\":\"Organization\",\"@id\":\"https:\\\/\\\/www.mexicanguitarplayers.com\\\/#organization\",\"name\":\"Mexican Guitar Players\",\"url\":\"https:\\\/\\\/www.mexicanguitarplayers.com\\\/\",\"logo\":{\"@type\":\"ImageObject\",\"inLanguage\":\"en-US\",\"@id\":\"https:\\\/\\\/www.mexicanguitarplayers.com\\\/#\\\/schema\\\/logo\\\/image\\\/\",\"url\":\"\",\"contentUrl\":\"\",\"caption\":\"Mexican Guitar Players\"},\"image\":{\"@id\":\"https:\\\/\\\/www.mexicanguitarplayers.com\\\/#\\\/schema\\\/logo\\\/image\\\/\"}}]}<\/script>\n<!-- \/ Yoast SEO plugin. -->","yoast_head_json":{"title":"ESTACION DE TRABAJO MUSIC NOMAD ULTIMATE - Mexican Guitar Players","description":"Estaci\u00f3n de trabajo Music Nomad Ultimate, alfombrilla de trabajo premium de 36\u201d x 17\u201d con soporte para brazo patentado con Soft Gel Cradle Cube, todos los mejores productos para limpiar en detalle, pulir y acondicionar cada superficie (cuerpo, diapas\u00f3n, herrajes, cuerdas) de tu equipo, juego de 26 destornilladores y llaves, productos de cambio de cuerda de primera calidad, enrollador de cuerda GRIP, cortador GRIP, extractor GRIP y lubricante TUNE IT.","robots":{"index":"index","follow":"follow","max-snippet":"max-snippet:-1","max-image-preview":"max-image-preview:large","max-video-preview":"max-video-preview:-1"},"canonical":"https:\/\/www.mexicanguitarplayers.com\/en\/tienda\/sin categor\u00eda\/estacion-de-trabajo-music-nomad-ultimate\/","og_locale":"en_US","og_type":"article","og_title":"ESTACION DE TRABAJO MUSIC NOMAD ULTIMATE - Mexican Guitar Players","og_description":"Estaci\u00f3n de trabajo Music Nomad Ultimate, alfombrilla de trabajo premium de 36\u201d x 17\u201d con soporte para brazo patentado con Soft Gel Cradle Cube, todos los mejores productos para limpiar en detalle, pulir y acondicionar cada superficie (cuerpo, diapas\u00f3n, herrajes, cuerdas) de tu equipo, juego de 26 destornilladores y llaves, productos de cambio de cuerda de primera calidad, enrollador de cuerda GRIP, cortador GRIP, extractor GRIP y lubricante TUNE IT.","og_url":"https:\/\/www.mexicanguitarplayers.com\/en\/tienda\/sin categor\u00eda\/estacion-de-trabajo-music-nomad-ultimate\/","og_site_name":"Mexican Guitar Players","article_modified_time":"2026-05-01T13:26:07+00:00","twitter_card":"summary_large_image","twitter_misc":{"Est. reading time":"1 minute"},"schema":{"@context":"https:\/\/schema.org","@graph":[{"@type":["WebPage","ItemPage"],"@id":"https:\/\/www.mexicanguitarplayers.com\/tienda\/sin categor\u00eda\/estacion-de-trabajo-music-nomad-ultimate\/","url":"https:\/\/www.mexicanguitarplayers.com\/tienda\/sin categor\u00eda\/estacion-de-trabajo-music-nomad-ultimate\/","name":"ESTACION DE TRABAJO MUSIC NOMAD ULTIMATE - Mexican Guitar Players","isPartOf":{"@id":"https:\/\/www.mexicanguitarplayers.com\/#website"},"primaryImageOfPage":{"@id":"https:\/\/www.mexicanguitarplayers.com\/tienda\/sin categor\u00eda\/estacion-de-trabajo-music-nomad-ultimate\/#primaryimage"},"image":{"@id":"https:\/\/www.mexicanguitarplayers.com\/tienda\/sin categor\u00eda\/estacion-de-trabajo-music-nomad-ultimate\/#primaryimage"},"thumbnailUrl":"https:\/\/www.mexicanguitarplayers.com\/wp-content\/uploads\/2025\/04\/RAMNDMN290.jpg","datePublished":"2025-04-08T16:34:24+00:00","dateModified":"2026-05-01T13:26:07+00:00","description":"Estaci\u00f3n de trabajo Music Nomad Ultimate, alfombrilla de trabajo premium de 36\u201d x 17\u201d con soporte para brazo patentado con Soft Gel Cradle Cube, todos los mejores productos para limpiar en detalle, pulir y acondicionar cada superficie (cuerpo, diapas\u00f3n, herrajes, cuerdas) de tu equipo, juego de 26 destornilladores y llaves, productos de cambio de cuerda de primera calidad, enrollador de cuerda GRIP, cortador GRIP, extractor GRIP y lubricante TUNE IT.","breadcrumb":{"@id":"https:\/\/www.mexicanguitarplayers.com\/tienda\/sin categor\u00eda\/estacion-de-trabajo-music-nomad-ultimate\/#breadcrumb"},"inLanguage":"en-US","potentialAction":[{"@type":"ReadAction","target":["https:\/\/www.mexicanguitarplayers.com\/tienda\/sin categor\u00eda\/estacion-de-trabajo-music-nomad-ultimate\/"]}]},{"@type":"ImageObject","inLanguage":"en-US","@id":"https:\/\/www.mexicanguitarplayers.com\/tienda\/sin categor\u00eda\/estacion-de-trabajo-music-nomad-ultimate\/#primaryimage","url":"https:\/\/www.mexicanguitarplayers.com\/wp-content\/uploads\/2025\/04\/RAMNDMN290.jpg","contentUrl":"https:\/\/www.mexicanguitarplayers.com\/wp-content\/uploads\/2025\/04\/RAMNDMN290.jpg","width":1200,"height":1200},{"@type":"BreadcrumbList","@id":"https:\/\/www.mexicanguitarplayers.com\/tienda\/sin categor\u00eda\/estacion-de-trabajo-music-nomad-ultimate\/#breadcrumb","itemListElement":[{"@type":"ListItem","position":1,"name":"Portada","item":"https:\/\/www.mexicanguitarplayers.com\/"},{"@type":"ListItem","position":2,"name":"Tienda","item":"https:\/\/www.mexicanguitarplayers.com\/tienda\/"},{"@type":"ListItem","position":3,"name":"ESTACION DE TRABAJO MUSIC NOMAD ULTIMATE"}]},{"@type":"WebSite","@id":"https:\/\/www.mexicanguitarplayers.com\/#website","url":"https:\/\/www.mexicanguitarplayers.com\/","name":"Mexican Guitar Players","description":"Website","publisher":{"@id":"https:\/\/www.mexicanguitarplayers.com\/#organization"},"potentialAction":[{"@type":"SearchAction","target":{"@type":"EntryPoint","urlTemplate":"https:\/\/www.mexicanguitarplayers.com\/?s={search_term_string}"},"query-input":{"@type":"PropertyValueSpecification","valueRequired":true,"valueName":"search_term_string"}}],"inLanguage":"en-US"},{"@type":"Organization","@id":"https:\/\/www.mexicanguitarplayers.com\/#organization","name":"Mexican Guitar Players","url":"https:\/\/www.mexicanguitarplayers.com\/","logo":{"@type":"ImageObject","inLanguage":"en-US","@id":"https:\/\/www.mexicanguitarplayers.com\/#\/schema\/logo\/image\/","url":"","contentUrl":"","caption":"Mexican Guitar Players"},"image":{"@id":"https:\/\/www.mexicanguitarplayers.com\/#\/schema\/logo\/image\/"}}]}},"brands":[{"id":622,"name":"MUSIC NOMAD","slug":"music-nomad"}],"_links":{"self":[{"href":"https:\/\/www.mexicanguitarplayers.com\/en\/wp-json\/wp\/v2\/product\/29233","targetHints":{"allow":["GET"]}}],"collection":[{"href":"https:\/\/www.mexicanguitarplayers.com\/en\/wp-json\/wp\/v2\/product"}],"about":[{"href":"https:\/\/www.mexicanguitarplayers.com\/en\/wp-json\/wp\/v2\/types\/product"}],"replies":[{"embeddable":true,"href":"https:\/\/www.mexicanguitarplayers.com\/en\/wp-json\/wp\/v2\/comments?post=29233"}],"wp:featuredmedia":[{"embeddable":true,"href":"https:\/\/www.mexicanguitarplayers.com\/en\/wp-json\/wp\/v2\/media\/29228"}],"wp:attachment":[{"href":"https:\/\/www.mexicanguitarplayers.com\/en\/wp-json\/wp\/v2\/media?parent=29233"}],"wp:term":[{"taxonomy":"pwb-brand","embeddable":true,"href":"https:\/\/www.mexicanguitarplayers.com\/en\/wp-json\/wp\/v2\/pwb-brand?post=29233"},{"taxonomy":"product_brand","embeddable":true,"href":"https:\/\/www.mexicanguitarplayers.com\/en\/wp-json\/wp\/v2\/product_brand?post=29233"},{"taxonomy":"product_cat","embeddable":true,"href":"https:\/\/www.mexicanguitarplayers.com\/en\/wp-json\/wp\/v2\/product_cat?post=29233"},{"taxonomy":"product_tag","embeddable":true,"href":"https:\/\/www.mexicanguitarplayers.com\/en\/wp-json\/wp\/v2\/product_tag?post=29233"}],"curies":[{"name":"wp","href":"https:\/\/api.w.org\/{rel}","templated":true}]}}