{"id":29253,"date":"2025-04-08T10:34:58","date_gmt":"2025-04-08T16:34:58","guid":{"rendered":"https:\/\/www.mexicanguitarplayers.com\/tienda\/sin categor\u00eda\/caja-directa-behringer-mod-di20\/"},"modified":"2026-05-01T07:26:06","modified_gmt":"2026-05-01T13:26:06","slug":"caja-directa-behringer-mod-di20","status":"publish","type":"product","link":"https:\/\/www.mexicanguitarplayers.com\/en\/tienda\/accesorios\/para-audio\/cajas-directas\/caja-directa-behringer-mod-di20\/","title":{"rendered":"CAJA DIRECTA BEHRINGER  MOD. DI20"},"content":{"rendered":"<div style=\"text-align: justify\">\n<div>\n<h3>La forma correcta para conectarte al snake.<\/h3>\n<\/div>\n<div>ULTRA-DI DI20 es una caja directa (Inyecci\u00f3n directa) que puede convertir hasta 2 l\u00edneas TRS 1\/4&#8243; separadas y no balanceadas en 2 salidas XLR balanceadas o funciona como un divisor de se\u00f1ales. Guitarristas, tecladistas y bajistas amar\u00e1n la flexibilidad que proporciona la incre\u00edble DI20 tanto en el estudio como en el escenario. Al activar el interruptor, puedes utilizar el DI20 como plataforma de lanzamiento para dos se\u00f1ales mono independientes, una se\u00f1al est\u00e9reo o una se\u00f1al dividida que alimenta dos amplificadores distintos. La DI20 tambi\u00e9n cuenta con un magn\u00edfico interruptor ground-lift y atenuador de entrada de 3 posiciones que puede acomodar niveles de entrada de hasta +48 dBu. Este pr\u00e1ctico atenuador incorporado tambi\u00e9n le permite conectarse directamente a las salidas de los altavoces de tu amplificador, incluso con amplificadores de hasta 3,000 watts. Puedes alimentar la DI20 con una bater\u00eda de 9V o con la alimentaci\u00f3n phantom de tu mezcladora (+18 a +48 V DC). Todo est\u00e1 dentro de una carcasa met\u00e1lica compacta y robusta.<\/div>\n<div>\n<h4>Quick look<\/h4>\n<\/div>\n<ul style=\"margin: 0px 0px 0px 25px\">\n<li style=\"list-style-type: circle;margin: 5px\">Frequency response.<\/li>\n<li style=\"list-style-type: circle;margin: 5px\">Ruidos.<\/li>\n<li style=\"list-style-type: circle;margin: 5px\">Coeficiente de distorsi\u00f3n.<\/li>\n<li style=\"list-style-type: circle;margin: 5px\">Resistencia de entrada.<\/li>\n<li style=\"list-style-type: circle;margin: 5px\">Resistencia de conexi\u00f3n.<\/li>\n<li style=\"list-style-type: circle;margin: 5px\">Entrance.<\/li>\n<li style=\"list-style-type: circle;margin: 5px\">Departure.<\/li>\n<li style=\"list-style-type: circle;margin: 5px\">Nivel m\u00e1ximo de entrada.<\/li>\n<li style=\"list-style-type: circle;margin: 5px\">Alimentaci\u00f3n phantom.<\/li>\n<li style=\"list-style-type: circle;margin: 5px\">Drums.<\/li>\n<li style=\"list-style-type: circle;margin: 5px\">Dimensions.<\/li>\n<li style=\"list-style-type: circle;margin: 5px\">Weight.<\/li>\n<\/ul>\n<div>\n<div style=\"font-weight: bold\">Frequency response.<\/div>\n<div>\n<p>10 Hz hasta 70 kHz (- 3dB).<\/p>\n<\/div>\n<div style=\"font-weight: bold\">Ruidos.<\/div>\n<div>\n<p>100 dBu.<\/p>\n<\/div>\n<div style=\"font-weight: bold\">Coeficiente de distorsi\u00f3n.<\/div>\n<div>\n<p>&lt;0,014% (1 kHz, 0 dBu en la entrada).<\/p>\n<\/div>\n<div style=\"font-weight: bold\">Resistencia de entrada.<\/div>\n<div>\n<p>&gt;250 kohms.<\/p>\n<\/div>\n<div style=\"font-weight: bold\">Resistencia de conexi\u00f3n.<\/div>\n<div>\n<p>&gt;600 ohms.<\/p>\n<\/div>\n<div style=\"font-weight: bold\">Entrance.<\/div>\n<div>\n<p>Jack mono de 6.3 mm.<\/p>\n<\/div>\n<div style=\"font-weight: bold\">Departure.<\/div>\n<div>\n<p>XLR balanceado.<\/p>\n<\/div>\n<div style=\"font-weight: bold\">Nivel m\u00e1ximo de entrada.<\/div>\n<div>\n<p>+12 \/ +32 \/ +52 dBu.<\/p>\n<\/div>\n<div style=\"font-weight: bold\">Alimentaci\u00f3n phantom.<\/div>\n<div>\n<p>18 V DC hasta 48 V DC.<\/p>\n<\/div>\n<div style=\"font-weight: bold\">Drums.<\/div>\n<div>\n<p>9V 6LR91.<\/p>\n<\/div>\n<div style=\"font-weight: bold\">Dimensions.<\/div>\n<div>\n<p>150 x 130 x 60 mm.<\/p>\n<\/div>\n<div style=\"font-weight: bold\">Weight.<\/div>\n<div>\n<p>240 g.<\/p>\n<\/div>\n<\/div>\n<\/div>","protected":false},"excerpt":{"rendered":"<p>Caja directa DI-Box\/Splitter activa profesional y multi uso de 2 canales para aplicaciones de escenario y estudio, proporciona impedancia y coincidencia de se\u00f1al para una conexi\u00f3n directa de instrumentos a mezcladoras y amplificadores, convierte 2 entradas de l\u00ednea TRS 1\/4\u201d desbalanceadas a 2 salidas XLR balanceadas, modo split adicional (el canal 1 asigna se\u00f1al a ambas salidas XLR), respuesta de frecuencia ultra plana debido al funcionamiento servo balanceado, la bater\u00eda interna se apaga autom\u00e1ticamente cuando se aplica alimentaci\u00f3n phantom, permite la conexi\u00f3n directa a salidas de altavoces con hasta 3,000 watts, interruptor Ground Lift que elimina los t\u00edpicos loops de tierra, entrada 2 utilizable como salida Link de canal 1 (adicional a salida XLR), conectores TRS 1\/4\u201d y XLR dorados, carcasa met\u00e1lica ultra resistente, dimensiones: 150 x 130 x 60 mm, peso: 240 g.&hellip; <a class=\"kt-excerpt-readmore more-link\" href=\"https:\/\/www.mexicanguitarplayers.com\/en\/tienda\/accesorios\/para-audio\/cajas-directas\/caja-directa-behringer-mod-di20\/\">Read more<\/a><\/p>","protected":false},"featured_media":29249,"comment_status":"open","ping_status":"closed","template":"","meta":{"kt_blocks_editor_width":""},"pwb-brand":[171],"product_brand":[],"product_cat":[85,509,410],"product_tag":[],"class_list":{"0":"post-29253","1":"product","2":"type-product","3":"status-publish","4":"has-post-thumbnail","6":"pwb-brand-behringer","7":"product_cat-accesorios","8":"product_cat-cajas-directas","9":"product_cat-para-audio","10":"product_shipping_class-0-5-kg","12":"first","13":"instock","14":"taxable","15":"shipping-taxable","16":"purchasable","17":"product-type-simple"},"yoast_head":"<!-- This site is optimized with the Yoast SEO plugin v27.6 - https:\/\/yoast.com\/product\/yoast-seo-wordpress\/ -->\n<title>CAJA DIRECTA BEHRINGER MOD. DI20 - Mexican Guitar Players<\/title>\n<meta name=\"description\" content=\"Caja directa DI-Box\/Splitter activa profesional y multi uso de 2 canales para aplicaciones de escenario y estudio, proporciona impedancia y coincidencia de se\u00f1al para una conexi\u00f3n directa de instrumentos a mezcladoras y amplificadores, convierte 2 entradas de l\u00ednea TRS 1\/4\u201d desbalanceadas a 2 salidas XLR balanceadas, modo split adicional (el canal 1 asigna se\u00f1al a ambas salidas XLR), respuesta de frecuencia ultra plana debido al funcionamiento servo balanceado, la bater\u00eda interna se apaga autom\u00e1ticamente cuando se aplica alimentaci\u00f3n phantom, permite la conexi\u00f3n directa a salidas de altavoces con hasta 3,000 watts, interruptor Ground Lift que elimina los t\u00edpicos loops de tierra, entrada 2 utilizable como salida Link de canal 1 (adicional a salida XLR), conectores TRS 1\/4\u201d y XLR dorados, carcasa met\u00e1lica ultra resistente, dimensiones: 150 x 130 x 60 mm, peso: 240 g.\" \/>\n<meta name=\"robots\" content=\"index, follow, max-snippet:-1, max-image-preview:large, max-video-preview:-1\" \/>\n<link rel=\"canonical\" href=\"https:\/\/www.mexicanguitarplayers.com\/en\/tienda\/sin%20categor\u00eda\/caja-directa-behringer-mod-di20\/\" \/>\n<meta property=\"og:locale\" content=\"en_US\" \/>\n<meta property=\"og:type\" content=\"article\" \/>\n<meta property=\"og:title\" content=\"CAJA DIRECTA BEHRINGER MOD. DI20 - Mexican Guitar Players\" \/>\n<meta property=\"og:description\" content=\"Caja directa DI-Box\/Splitter activa profesional y multi uso de 2 canales para aplicaciones de escenario y estudio, proporciona impedancia y coincidencia de se\u00f1al para una conexi\u00f3n directa de instrumentos a mezcladoras y amplificadores, convierte 2 entradas de l\u00ednea TRS 1\/4\u201d desbalanceadas a 2 salidas XLR balanceadas, modo split adicional (el canal 1 asigna se\u00f1al a ambas salidas XLR), respuesta de frecuencia ultra plana debido al funcionamiento servo balanceado, la bater\u00eda interna se apaga autom\u00e1ticamente cuando se aplica alimentaci\u00f3n phantom, permite la conexi\u00f3n directa a salidas de altavoces con hasta 3,000 watts, interruptor Ground Lift que elimina los t\u00edpicos loops de tierra, entrada 2 utilizable como salida Link de canal 1 (adicional a salida XLR), conectores TRS 1\/4\u201d y XLR dorados, carcasa met\u00e1lica ultra resistente, dimensiones: 150 x 130 x 60 mm, peso: 240 g.\" \/>\n<meta property=\"og:url\" content=\"https:\/\/www.mexicanguitarplayers.com\/en\/tienda\/sin categor\u00eda\/caja-directa-behringer-mod-di20\/\" \/>\n<meta property=\"og:site_name\" content=\"Mexican Guitar Players\" \/>\n<meta property=\"article:modified_time\" content=\"2026-05-01T13:26:06+00:00\" \/>\n<meta name=\"twitter:card\" content=\"summary_large_image\" \/>\n<meta name=\"twitter:label1\" content=\"Est. reading time\" \/>\n\t<meta name=\"twitter:data1\" content=\"1 minute\" \/>\n<script type=\"application\/ld+json\" class=\"yoast-schema-graph\">{\"@context\":\"https:\\\/\\\/schema.org\",\"@graph\":[{\"@type\":[\"WebPage\",\"ItemPage\"],\"@id\":\"https:\\\/\\\/www.mexicanguitarplayers.com\\\/tienda\\\/sin categor\u00eda\\\/caja-directa-behringer-mod-di20\\\/\",\"url\":\"https:\\\/\\\/www.mexicanguitarplayers.com\\\/tienda\\\/sin categor\u00eda\\\/caja-directa-behringer-mod-di20\\\/\",\"name\":\"CAJA DIRECTA BEHRINGER MOD. DI20 - Mexican Guitar Players\",\"isPartOf\":{\"@id\":\"https:\\\/\\\/www.mexicanguitarplayers.com\\\/#website\"},\"primaryImageOfPage\":{\"@id\":\"https:\\\/\\\/www.mexicanguitarplayers.com\\\/tienda\\\/sin categor\u00eda\\\/caja-directa-behringer-mod-di20\\\/#primaryimage\"},\"image\":{\"@id\":\"https:\\\/\\\/www.mexicanguitarplayers.com\\\/tienda\\\/sin categor\u00eda\\\/caja-directa-behringer-mod-di20\\\/#primaryimage\"},\"thumbnailUrl\":\"https:\\\/\\\/www.mexicanguitarplayers.com\\\/wp-content\\\/uploads\\\/2025\\\/04\\\/VABEHDI20.jpg\",\"datePublished\":\"2025-04-08T16:34:58+00:00\",\"dateModified\":\"2026-05-01T13:26:06+00:00\",\"description\":\"Caja directa DI-Box\\\/Splitter activa profesional y multi uso de 2 canales para aplicaciones de escenario y estudio, proporciona impedancia y coincidencia de se\u00f1al para una conexi\u00f3n directa de instrumentos a mezcladoras y amplificadores, convierte 2 entradas de l\u00ednea TRS 1\\\/4\u201d desbalanceadas a 2 salidas XLR balanceadas, modo split adicional (el canal 1 asigna se\u00f1al a ambas salidas XLR), respuesta de frecuencia ultra plana debido al funcionamiento servo balanceado, la bater\u00eda interna se apaga autom\u00e1ticamente cuando se aplica alimentaci\u00f3n phantom, permite la conexi\u00f3n directa a salidas de altavoces con hasta 3,000 watts, interruptor Ground Lift que elimina los t\u00edpicos loops de tierra, entrada 2 utilizable como salida Link de canal 1 (adicional a salida XLR), conectores TRS 1\\\/4\u201d y XLR dorados, carcasa met\u00e1lica ultra resistente, dimensiones: 150 x 130 x 60 mm, peso: 240 g.\",\"breadcrumb\":{\"@id\":\"https:\\\/\\\/www.mexicanguitarplayers.com\\\/tienda\\\/sin categor\u00eda\\\/caja-directa-behringer-mod-di20\\\/#breadcrumb\"},\"inLanguage\":\"en-US\",\"potentialAction\":[{\"@type\":\"ReadAction\",\"target\":[\"https:\\\/\\\/www.mexicanguitarplayers.com\\\/tienda\\\/sin categor\u00eda\\\/caja-directa-behringer-mod-di20\\\/\"]}]},{\"@type\":\"ImageObject\",\"inLanguage\":\"en-US\",\"@id\":\"https:\\\/\\\/www.mexicanguitarplayers.com\\\/tienda\\\/sin categor\u00eda\\\/caja-directa-behringer-mod-di20\\\/#primaryimage\",\"url\":\"https:\\\/\\\/www.mexicanguitarplayers.com\\\/wp-content\\\/uploads\\\/2025\\\/04\\\/VABEHDI20.jpg\",\"contentUrl\":\"https:\\\/\\\/www.mexicanguitarplayers.com\\\/wp-content\\\/uploads\\\/2025\\\/04\\\/VABEHDI20.jpg\",\"width\":1200,\"height\":1200},{\"@type\":\"BreadcrumbList\",\"@id\":\"https:\\\/\\\/www.mexicanguitarplayers.com\\\/tienda\\\/sin categor\u00eda\\\/caja-directa-behringer-mod-di20\\\/#breadcrumb\",\"itemListElement\":[{\"@type\":\"ListItem\",\"position\":1,\"name\":\"Portada\",\"item\":\"https:\\\/\\\/www.mexicanguitarplayers.com\\\/\"},{\"@type\":\"ListItem\",\"position\":2,\"name\":\"Tienda\",\"item\":\"https:\\\/\\\/www.mexicanguitarplayers.com\\\/tienda\\\/\"},{\"@type\":\"ListItem\",\"position\":3,\"name\":\"CAJA DIRECTA BEHRINGER MOD. DI20\"}]},{\"@type\":\"WebSite\",\"@id\":\"https:\\\/\\\/www.mexicanguitarplayers.com\\\/#website\",\"url\":\"https:\\\/\\\/www.mexicanguitarplayers.com\\\/\",\"name\":\"Mexican Guitar Players\",\"description\":\"Website\",\"publisher\":{\"@id\":\"https:\\\/\\\/www.mexicanguitarplayers.com\\\/#organization\"},\"potentialAction\":[{\"@type\":\"SearchAction\",\"target\":{\"@type\":\"EntryPoint\",\"urlTemplate\":\"https:\\\/\\\/www.mexicanguitarplayers.com\\\/?s={search_term_string}\"},\"query-input\":{\"@type\":\"PropertyValueSpecification\",\"valueRequired\":true,\"valueName\":\"search_term_string\"}}],\"inLanguage\":\"en-US\"},{\"@type\":\"Organization\",\"@id\":\"https:\\\/\\\/www.mexicanguitarplayers.com\\\/#organization\",\"name\":\"Mexican Guitar Players\",\"url\":\"https:\\\/\\\/www.mexicanguitarplayers.com\\\/\",\"logo\":{\"@type\":\"ImageObject\",\"inLanguage\":\"en-US\",\"@id\":\"https:\\\/\\\/www.mexicanguitarplayers.com\\\/#\\\/schema\\\/logo\\\/image\\\/\",\"url\":\"\",\"contentUrl\":\"\",\"caption\":\"Mexican Guitar Players\"},\"image\":{\"@id\":\"https:\\\/\\\/www.mexicanguitarplayers.com\\\/#\\\/schema\\\/logo\\\/image\\\/\"}}]}<\/script>\n<!-- \/ Yoast SEO plugin. -->","yoast_head_json":{"title":"CAJA DIRECTA BEHRINGER MOD. DI20 - Mexican Guitar Players","description":"Caja directa DI-Box\/Splitter activa profesional y multi uso de 2 canales para aplicaciones de escenario y estudio, proporciona impedancia y coincidencia de se\u00f1al para una conexi\u00f3n directa de instrumentos a mezcladoras y amplificadores, convierte 2 entradas de l\u00ednea TRS 1\/4\u201d desbalanceadas a 2 salidas XLR balanceadas, modo split adicional (el canal 1 asigna se\u00f1al a ambas salidas XLR), respuesta de frecuencia ultra plana debido al funcionamiento servo balanceado, la bater\u00eda interna se apaga autom\u00e1ticamente cuando se aplica alimentaci\u00f3n phantom, permite la conexi\u00f3n directa a salidas de altavoces con hasta 3,000 watts, interruptor Ground Lift que elimina los t\u00edpicos loops de tierra, entrada 2 utilizable como salida Link de canal 1 (adicional a salida XLR), conectores TRS 1\/4\u201d y XLR dorados, carcasa met\u00e1lica ultra resistente, dimensiones: 150 x 130 x 60 mm, peso: 240 g.","robots":{"index":"index","follow":"follow","max-snippet":"max-snippet:-1","max-image-preview":"max-image-preview:large","max-video-preview":"max-video-preview:-1"},"canonical":"https:\/\/www.mexicanguitarplayers.com\/en\/tienda\/sin categor\u00eda\/caja-directa-behringer-mod-di20\/","og_locale":"en_US","og_type":"article","og_title":"CAJA DIRECTA BEHRINGER MOD. DI20 - Mexican Guitar Players","og_description":"Caja directa DI-Box\/Splitter activa profesional y multi uso de 2 canales para aplicaciones de escenario y estudio, proporciona impedancia y coincidencia de se\u00f1al para una conexi\u00f3n directa de instrumentos a mezcladoras y amplificadores, convierte 2 entradas de l\u00ednea TRS 1\/4\u201d desbalanceadas a 2 salidas XLR balanceadas, modo split adicional (el canal 1 asigna se\u00f1al a ambas salidas XLR), respuesta de frecuencia ultra plana debido al funcionamiento servo balanceado, la bater\u00eda interna se apaga autom\u00e1ticamente cuando se aplica alimentaci\u00f3n phantom, permite la conexi\u00f3n directa a salidas de altavoces con hasta 3,000 watts, interruptor Ground Lift que elimina los t\u00edpicos loops de tierra, entrada 2 utilizable como salida Link de canal 1 (adicional a salida XLR), conectores TRS 1\/4\u201d y XLR dorados, carcasa met\u00e1lica ultra resistente, dimensiones: 150 x 130 x 60 mm, peso: 240 g.","og_url":"https:\/\/www.mexicanguitarplayers.com\/en\/tienda\/sin categor\u00eda\/caja-directa-behringer-mod-di20\/","og_site_name":"Mexican Guitar Players","article_modified_time":"2026-05-01T13:26:06+00:00","twitter_card":"summary_large_image","twitter_misc":{"Est. reading time":"1 minute"},"schema":{"@context":"https:\/\/schema.org","@graph":[{"@type":["WebPage","ItemPage"],"@id":"https:\/\/www.mexicanguitarplayers.com\/tienda\/sin categor\u00eda\/caja-directa-behringer-mod-di20\/","url":"https:\/\/www.mexicanguitarplayers.com\/tienda\/sin categor\u00eda\/caja-directa-behringer-mod-di20\/","name":"CAJA DIRECTA BEHRINGER MOD. DI20 - Mexican Guitar Players","isPartOf":{"@id":"https:\/\/www.mexicanguitarplayers.com\/#website"},"primaryImageOfPage":{"@id":"https:\/\/www.mexicanguitarplayers.com\/tienda\/sin categor\u00eda\/caja-directa-behringer-mod-di20\/#primaryimage"},"image":{"@id":"https:\/\/www.mexicanguitarplayers.com\/tienda\/sin categor\u00eda\/caja-directa-behringer-mod-di20\/#primaryimage"},"thumbnailUrl":"https:\/\/www.mexicanguitarplayers.com\/wp-content\/uploads\/2025\/04\/VABEHDI20.jpg","datePublished":"2025-04-08T16:34:58+00:00","dateModified":"2026-05-01T13:26:06+00:00","description":"Caja directa DI-Box\/Splitter activa profesional y multi uso de 2 canales para aplicaciones de escenario y estudio, proporciona impedancia y coincidencia de se\u00f1al para una conexi\u00f3n directa de instrumentos a mezcladoras y amplificadores, convierte 2 entradas de l\u00ednea TRS 1\/4\u201d desbalanceadas a 2 salidas XLR balanceadas, modo split adicional (el canal 1 asigna se\u00f1al a ambas salidas XLR), respuesta de frecuencia ultra plana debido al funcionamiento servo balanceado, la bater\u00eda interna se apaga autom\u00e1ticamente cuando se aplica alimentaci\u00f3n phantom, permite la conexi\u00f3n directa a salidas de altavoces con hasta 3,000 watts, interruptor Ground Lift que elimina los t\u00edpicos loops de tierra, entrada 2 utilizable como salida Link de canal 1 (adicional a salida XLR), conectores TRS 1\/4\u201d y XLR dorados, carcasa met\u00e1lica ultra resistente, dimensiones: 150 x 130 x 60 mm, peso: 240 g.","breadcrumb":{"@id":"https:\/\/www.mexicanguitarplayers.com\/tienda\/sin categor\u00eda\/caja-directa-behringer-mod-di20\/#breadcrumb"},"inLanguage":"en-US","potentialAction":[{"@type":"ReadAction","target":["https:\/\/www.mexicanguitarplayers.com\/tienda\/sin categor\u00eda\/caja-directa-behringer-mod-di20\/"]}]},{"@type":"ImageObject","inLanguage":"en-US","@id":"https:\/\/www.mexicanguitarplayers.com\/tienda\/sin categor\u00eda\/caja-directa-behringer-mod-di20\/#primaryimage","url":"https:\/\/www.mexicanguitarplayers.com\/wp-content\/uploads\/2025\/04\/VABEHDI20.jpg","contentUrl":"https:\/\/www.mexicanguitarplayers.com\/wp-content\/uploads\/2025\/04\/VABEHDI20.jpg","width":1200,"height":1200},{"@type":"BreadcrumbList","@id":"https:\/\/www.mexicanguitarplayers.com\/tienda\/sin categor\u00eda\/caja-directa-behringer-mod-di20\/#breadcrumb","itemListElement":[{"@type":"ListItem","position":1,"name":"Portada","item":"https:\/\/www.mexicanguitarplayers.com\/"},{"@type":"ListItem","position":2,"name":"Tienda","item":"https:\/\/www.mexicanguitarplayers.com\/tienda\/"},{"@type":"ListItem","position":3,"name":"CAJA DIRECTA BEHRINGER MOD. DI20"}]},{"@type":"WebSite","@id":"https:\/\/www.mexicanguitarplayers.com\/#website","url":"https:\/\/www.mexicanguitarplayers.com\/","name":"Mexican Guitar Players","description":"Website","publisher":{"@id":"https:\/\/www.mexicanguitarplayers.com\/#organization"},"potentialAction":[{"@type":"SearchAction","target":{"@type":"EntryPoint","urlTemplate":"https:\/\/www.mexicanguitarplayers.com\/?s={search_term_string}"},"query-input":{"@type":"PropertyValueSpecification","valueRequired":true,"valueName":"search_term_string"}}],"inLanguage":"en-US"},{"@type":"Organization","@id":"https:\/\/www.mexicanguitarplayers.com\/#organization","name":"Mexican Guitar Players","url":"https:\/\/www.mexicanguitarplayers.com\/","logo":{"@type":"ImageObject","inLanguage":"en-US","@id":"https:\/\/www.mexicanguitarplayers.com\/#\/schema\/logo\/image\/","url":"","contentUrl":"","caption":"Mexican Guitar Players"},"image":{"@id":"https:\/\/www.mexicanguitarplayers.com\/#\/schema\/logo\/image\/"}}]}},"brands":[{"id":171,"name":"BEHRINGER","slug":"behringer"}],"_links":{"self":[{"href":"https:\/\/www.mexicanguitarplayers.com\/en\/wp-json\/wp\/v2\/product\/29253","targetHints":{"allow":["GET"]}}],"collection":[{"href":"https:\/\/www.mexicanguitarplayers.com\/en\/wp-json\/wp\/v2\/product"}],"about":[{"href":"https:\/\/www.mexicanguitarplayers.com\/en\/wp-json\/wp\/v2\/types\/product"}],"replies":[{"embeddable":true,"href":"https:\/\/www.mexicanguitarplayers.com\/en\/wp-json\/wp\/v2\/comments?post=29253"}],"wp:featuredmedia":[{"embeddable":true,"href":"https:\/\/www.mexicanguitarplayers.com\/en\/wp-json\/wp\/v2\/media\/29249"}],"wp:attachment":[{"href":"https:\/\/www.mexicanguitarplayers.com\/en\/wp-json\/wp\/v2\/media?parent=29253"}],"wp:term":[{"taxonomy":"pwb-brand","embeddable":true,"href":"https:\/\/www.mexicanguitarplayers.com\/en\/wp-json\/wp\/v2\/pwb-brand?post=29253"},{"taxonomy":"product_brand","embeddable":true,"href":"https:\/\/www.mexicanguitarplayers.com\/en\/wp-json\/wp\/v2\/product_brand?post=29253"},{"taxonomy":"product_cat","embeddable":true,"href":"https:\/\/www.mexicanguitarplayers.com\/en\/wp-json\/wp\/v2\/product_cat?post=29253"},{"taxonomy":"product_tag","embeddable":true,"href":"https:\/\/www.mexicanguitarplayers.com\/en\/wp-json\/wp\/v2\/product_tag?post=29253"}],"curies":[{"name":"wp","href":"https:\/\/api.w.org\/{rel}","templated":true}]}}