{"id":29259,"date":"2025-04-08T10:35:05","date_gmt":"2025-04-08T16:35:05","guid":{"rendered":"https:\/\/www.mexicanguitarplayers.com\/tienda\/sin categor\u00eda\/bafle-electro-voice-mod-zlx-12p\/"},"modified":"2026-04-10T04:39:00","modified_gmt":"2026-04-10T10:39:00","slug":"bafle-electro-voice-mod-zlx-12p","status":"publish","type":"product","link":"https:\/\/www.mexicanguitarplayers.com\/en\/tienda\/audio\/bafles-y-bocinas\/bafles\/bafles-activos\/bafle-electro-voice-mod-zlx-12p\/","title":{"rendered":"BAFLE ELECTRO VOICE  MOD. ZLX-12P"},"content":{"rendered":"<div style=\"text-align: justify\">\n<div>\n<h3>Toma el control.<\/h3>\n<\/div>\n<div>Con ZLX, Electrovoice parti\u00f3 con un \u00fanico objetivo: Ofrecer el mejor rendimiento en su clase a trav\u00e9s de todos los detalles. La serie ZLX combina d\u00e9cadas de conocimientos de ingenier\u00eda de audio profesional probada con un nuevo y audaz aspecto y funciones f\u00e1ciles de usar, que le dan una extraordinaria cantidad de control sobre el sonido, todo con la famosa calidad de Electrovoice y la confiabilidad de sus pros. Disponible en versiones pasiva y amplificada, versiones de 2 v\u00edas de 12&#8243; y 15&#8243; pulgadas, perfecto para el su uso como monitor o principal, la serie ZLX representa un nuevo est\u00e1ndar para m\u00fasicos, DJs y cualquier artista que busque m\u00e1s que un altavoz portable. El compacto y ligero ZLX-12P fue dise\u00f1ado para darte potencia y rendimiento m\u00e1s all\u00e1 del alcance de otros altavoces de formato peque\u00f1o, por lo que es una elecci\u00f3n sobresaliente para lugares peque\u00f1os y refuerzo de sonido de monitoreo o escenario.  El mejor de los mejores, ning\u00fan otro bafle de tama\u00f1o similar se le acerca.<\/div>\n<div>\n<h4>Quick look<\/h4>\n<\/div>\n<ul style=\"margin: 0px 0px 0px 25px\">\n<li style=\"list-style-type: circle;margin: 5px\">Rango de frecuencia.<\/li>\n<li style=\"list-style-type: circle;margin: 5px\">Maximum SPL.<\/li>\n<li style=\"list-style-type: circle;margin: 5px\">Potencia nominal.<\/li>\n<li style=\"list-style-type: circle;margin: 5px\">Frequency response.<\/li>\n<li style=\"list-style-type: circle;margin: 5px\">Cobertura nominal.<\/li>\n<li style=\"list-style-type: circle;margin: 5px\">Transductor de baja frecuencia.<\/li>\n<li style=\"list-style-type: circle;margin: 5px\">Transductor de alta frecuencia.<\/li>\n<li style=\"list-style-type: circle;margin: 5px\">Tipo de conector.<\/li>\n<li style=\"list-style-type: circle;margin: 5px\">Material del gabinete.<\/li>\n<li style=\"list-style-type: circle;margin: 5px\">Rejilla.<\/li>\n<li style=\"list-style-type: circle;margin: 5px\">Dimensions.<\/li>\n<li style=\"list-style-type: circle;margin: 5px\">Weight.<\/li>\n<li style=\"list-style-type: circle;margin: 5px\">Procesamiento DSP.<\/li>\n<li style=\"list-style-type: circle;margin: 5px\">Opciones de Display.<\/li>\n<li style=\"list-style-type: circle;margin: 5px\">Amplifier.<\/li>\n<li style=\"list-style-type: circle;margin: 5px\">F\u00e1cil de transportar.<\/li>\n<li style=\"list-style-type: circle;margin: 5px\">Design.<\/li>\n<\/ul>\n<div>\n<div style=\"font-weight: bold\">Rango de frecuencia.<\/div>\n<div>\n<p>50 Hz &#8211; 20 kHz.<\/p>\n<\/div>\n<div style=\"font-weight: bold\">Maximum SPL.<\/div>\n<div>\n<p>126 dB.<\/p>\n<\/div>\n<div style=\"font-weight: bold\">Potencia nominal.<\/div>\n<div>\n<p>1000 watts.<\/p>\n<\/div>\n<div style=\"font-weight: bold\">Frequency response.<\/div>\n<div>\n<p>65 Hz &#8211; 18 kHz.<\/p>\n<\/div>\n<div style=\"font-weight: bold\">Cobertura nominal.<\/div>\n<div>\n<p>90\u00b0 x 60\u00b0.<\/p>\n<\/div>\n<div style=\"font-weight: bold\">Transductor de baja frecuencia.<\/div>\n<div>\n<p>Woofer EVS-12K, 300 mm (12&#8243; pulgadas).<\/p>\n<\/div>\n<div style=\"font-weight: bold\">Transductor de alta frecuencia.<\/div>\n<div>\n<p>DH-1K.<\/p>\n<\/div>\n<div style=\"font-weight: bold\">Tipo de conector.<\/div>\n<div>\n<p>(2) XLR\/TRS Combo Jack, (1) 3.5 mm entrada y (1) salida XLR link.<\/p>\n<\/div>\n<div style=\"font-weight: bold\">Material del gabinete.<\/div>\n<div>\n<p>Polipropileno.<\/p>\n<\/div>\n<div style=\"font-weight: bold\">Rejilla.<\/div>\n<div>\n<p>Acero calibre 18 con pintura en polvo negro.<\/p>\n<\/div>\n<div style=\"font-weight: bold\">Dimensions.<\/div>\n<div>\n<p>610 x 356 x 356 mm.<\/p>\n<\/div>\n<div style=\"font-weight: bold\">Weight.<\/div>\n<div>\n<p>15.6 kg.<\/p>\n<\/div>\n<div style=\"font-weight: bold\">Procesamiento DSP.<\/div>\n<div>\n<p>Pantalla de LCD, DSP con presets operado por un solo control, r\u00e1pidamente optimiza el desempe\u00f1o del altavoz de acuerdo a tu tipo de ejecuci\u00f3n y ubicaci\u00f3n del gabinete.<\/p>\n<\/div>\n<div style=\"font-weight: bold\">Opciones de Display.<\/div>\n<div>\n<p>Medidores de nivel de entrada y control independiente del amplificador, aseguran una estructura de ganancia \u00f3ptima de manera f\u00e1cil y r\u00e1pida.<\/p>\n<\/div>\n<div style=\"font-weight: bold\">Amplifier.<\/div>\n<div>\n<p>Componentes con exclusivo dise\u00f1o EV acoplados a un amplificador de 1000 watts clase D, especialmente dise\u00f1ado para ofrecer el mejor sonido en su clase.<\/p>\n<\/div>\n<div style=\"font-weight: bold\">F\u00e1cil de transportar.<\/div>\n<div>\n<p>Construcci\u00f3n en material compuesto ligero y s\u00faper durable con el dise\u00f1o \u00fanico de agarraderas \u201cHi\/Low\u201d para un montaje en poste sin esfuerzo y f\u00e1cil transportaci\u00f3n.<\/p>\n<\/div>\n<div style=\"font-weight: bold\">Design.<\/div>\n<div>\n<p>Dise\u00f1o patentado \u201cSplit-bafle\u201d para un mejor alineamiento en tiempo de los componentes lo que se traduce en impacto sonoro e inteligibilidad superiores.<\/p>\n<\/div>\n<\/div>\n<\/div>","protected":false},"excerpt":{"rendered":"<p>Bafle activo amplificado, woofer de 12\u201d y driver de compresi\u00f3n de 1.5\u201d, potencia: 1,000 watts, clase D, SPL m\u00e1ximo: 126 dB, respuesta de frecuencia: 65 Hz &#8211; 18 kHz, rango de frecuencia: 50 Hz &#8211; 20 kHz, cobertura nominal: 90\u00b0 x 60\u00b0, conectores: (2) XLR\/TRS Combo Jack, (1) 3.5 mm entrada y (1) salida XLR link, material del gabinete: Polipropileno, dimensiones: 610  x 356 x 356 mm, peso: 15.6 kg.&hellip; <a class=\"kt-excerpt-readmore more-link\" href=\"https:\/\/www.mexicanguitarplayers.com\/en\/tienda\/audio\/bafles-y-bocinas\/bafles\/bafles-activos\/bafle-electro-voice-mod-zlx-12p\/\">Read more<\/a><\/p>","protected":false},"featured_media":29256,"comment_status":"open","ping_status":"closed","template":"","meta":{"kt_blocks_editor_width":""},"pwb-brand":[535],"product_brand":[],"product_cat":[213,222,472,221],"product_tag":[],"class_list":{"0":"post-29259","1":"product","2":"type-product","3":"status-publish","4":"has-post-thumbnail","6":"pwb-brand-electrovoice","7":"product_cat-audio","8":"product_cat-bafles","9":"product_cat-bafles-activos","10":"product_cat-bafles-y-bocinas","11":"product_shipping_class-15-20-kg","13":"first","14":"outofstock","15":"taxable","16":"shipping-taxable","17":"purchasable","18":"product-type-simple"},"yoast_head":"<!-- This site is optimized with the Yoast SEO plugin v27.5 - https:\/\/yoast.com\/product\/yoast-seo-wordpress\/ -->\n<title>BAFLE ELECTRO VOICE MOD. ZLX-12P - Mexican Guitar Players<\/title>\n<meta name=\"description\" content=\"Bafle activo amplificado, woofer de 12\u201d y driver de compresi\u00f3n de 1.5\u201d, potencia: 1,000 watts, clase D, SPL m\u00e1ximo: 126 dB, respuesta de frecuencia: 65 Hz - 18 kHz, rango de frecuencia: 50 Hz - 20 kHz, cobertura nominal: 90\u00b0 x 60\u00b0, conectores: (2) XLR\/TRS Combo Jack, (1) 3.5 mm entrada y (1) salida XLR link, material del gabinete: Polipropileno, dimensiones: 610 x 356 x 356 mm, peso: 15.6 kg.\" \/>\n<meta name=\"robots\" content=\"index, follow, max-snippet:-1, max-image-preview:large, max-video-preview:-1\" \/>\n<link rel=\"canonical\" href=\"https:\/\/www.mexicanguitarplayers.com\/en\/tienda\/sin%20categor\u00eda\/bafle-electro-voice-mod-zlx-12p\/\" \/>\n<meta property=\"og:locale\" content=\"en_US\" \/>\n<meta property=\"og:type\" content=\"article\" \/>\n<meta property=\"og:title\" content=\"BAFLE ELECTRO VOICE MOD. ZLX-12P - Mexican Guitar Players\" \/>\n<meta property=\"og:description\" content=\"Bafle activo amplificado, woofer de 12\u201d y driver de compresi\u00f3n de 1.5\u201d, potencia: 1,000 watts, clase D, SPL m\u00e1ximo: 126 dB, respuesta de frecuencia: 65 Hz - 18 kHz, rango de frecuencia: 50 Hz - 20 kHz, cobertura nominal: 90\u00b0 x 60\u00b0, conectores: (2) XLR\/TRS Combo Jack, (1) 3.5 mm entrada y (1) salida XLR link, material del gabinete: Polipropileno, dimensiones: 610 x 356 x 356 mm, peso: 15.6 kg.\" \/>\n<meta property=\"og:url\" content=\"https:\/\/www.mexicanguitarplayers.com\/en\/tienda\/sin categor\u00eda\/bafle-electro-voice-mod-zlx-12p\/\" \/>\n<meta property=\"og:site_name\" content=\"Mexican Guitar Players\" \/>\n<meta property=\"article:modified_time\" content=\"2026-04-10T10:39:00+00:00\" \/>\n<meta name=\"twitter:card\" content=\"summary_large_image\" \/>\n<meta name=\"twitter:label1\" content=\"Est. reading time\" \/>\n\t<meta name=\"twitter:data1\" content=\"2 minutes\" \/>\n<script type=\"application\/ld+json\" class=\"yoast-schema-graph\">{\"@context\":\"https:\\\/\\\/schema.org\",\"@graph\":[{\"@type\":[\"WebPage\",\"ItemPage\"],\"@id\":\"https:\\\/\\\/www.mexicanguitarplayers.com\\\/tienda\\\/sin categor\u00eda\\\/bafle-electro-voice-mod-zlx-12p\\\/\",\"url\":\"https:\\\/\\\/www.mexicanguitarplayers.com\\\/tienda\\\/sin categor\u00eda\\\/bafle-electro-voice-mod-zlx-12p\\\/\",\"name\":\"BAFLE ELECTRO VOICE MOD. ZLX-12P - Mexican Guitar Players\",\"isPartOf\":{\"@id\":\"https:\\\/\\\/www.mexicanguitarplayers.com\\\/#website\"},\"primaryImageOfPage\":{\"@id\":\"https:\\\/\\\/www.mexicanguitarplayers.com\\\/tienda\\\/sin categor\u00eda\\\/bafle-electro-voice-mod-zlx-12p\\\/#primaryimage\"},\"image\":{\"@id\":\"https:\\\/\\\/www.mexicanguitarplayers.com\\\/tienda\\\/sin categor\u00eda\\\/bafle-electro-voice-mod-zlx-12p\\\/#primaryimage\"},\"thumbnailUrl\":\"https:\\\/\\\/www.mexicanguitarplayers.com\\\/wp-content\\\/uploads\\\/2025\\\/04\\\/IAEVOZLX12P.jpg\",\"datePublished\":\"2025-04-08T16:35:05+00:00\",\"dateModified\":\"2026-04-10T10:39:00+00:00\",\"description\":\"Bafle activo amplificado, woofer de 12\u201d y driver de compresi\u00f3n de 1.5\u201d, potencia: 1,000 watts, clase D, SPL m\u00e1ximo: 126 dB, respuesta de frecuencia: 65 Hz - 18 kHz, rango de frecuencia: 50 Hz - 20 kHz, cobertura nominal: 90\u00b0 x 60\u00b0, conectores: (2) XLR\\\/TRS Combo Jack, (1) 3.5 mm entrada y (1) salida XLR link, material del gabinete: Polipropileno, dimensiones: 610 x 356 x 356 mm, peso: 15.6 kg.\",\"breadcrumb\":{\"@id\":\"https:\\\/\\\/www.mexicanguitarplayers.com\\\/tienda\\\/sin categor\u00eda\\\/bafle-electro-voice-mod-zlx-12p\\\/#breadcrumb\"},\"inLanguage\":\"en-US\",\"potentialAction\":[{\"@type\":\"ReadAction\",\"target\":[\"https:\\\/\\\/www.mexicanguitarplayers.com\\\/tienda\\\/sin categor\u00eda\\\/bafle-electro-voice-mod-zlx-12p\\\/\"]}]},{\"@type\":\"ImageObject\",\"inLanguage\":\"en-US\",\"@id\":\"https:\\\/\\\/www.mexicanguitarplayers.com\\\/tienda\\\/sin categor\u00eda\\\/bafle-electro-voice-mod-zlx-12p\\\/#primaryimage\",\"url\":\"https:\\\/\\\/www.mexicanguitarplayers.com\\\/wp-content\\\/uploads\\\/2025\\\/04\\\/IAEVOZLX12P.jpg\",\"contentUrl\":\"https:\\\/\\\/www.mexicanguitarplayers.com\\\/wp-content\\\/uploads\\\/2025\\\/04\\\/IAEVOZLX12P.jpg\",\"width\":1200,\"height\":1200},{\"@type\":\"BreadcrumbList\",\"@id\":\"https:\\\/\\\/www.mexicanguitarplayers.com\\\/tienda\\\/sin categor\u00eda\\\/bafle-electro-voice-mod-zlx-12p\\\/#breadcrumb\",\"itemListElement\":[{\"@type\":\"ListItem\",\"position\":1,\"name\":\"Portada\",\"item\":\"https:\\\/\\\/www.mexicanguitarplayers.com\\\/\"},{\"@type\":\"ListItem\",\"position\":2,\"name\":\"Tienda\",\"item\":\"https:\\\/\\\/www.mexicanguitarplayers.com\\\/tienda\\\/\"},{\"@type\":\"ListItem\",\"position\":3,\"name\":\"BAFLE ELECTRO VOICE MOD. ZLX-12P\"}]},{\"@type\":\"WebSite\",\"@id\":\"https:\\\/\\\/www.mexicanguitarplayers.com\\\/#website\",\"url\":\"https:\\\/\\\/www.mexicanguitarplayers.com\\\/\",\"name\":\"Mexican Guitar Players\",\"description\":\"Website\",\"publisher\":{\"@id\":\"https:\\\/\\\/www.mexicanguitarplayers.com\\\/#organization\"},\"potentialAction\":[{\"@type\":\"SearchAction\",\"target\":{\"@type\":\"EntryPoint\",\"urlTemplate\":\"https:\\\/\\\/www.mexicanguitarplayers.com\\\/?s={search_term_string}\"},\"query-input\":{\"@type\":\"PropertyValueSpecification\",\"valueRequired\":true,\"valueName\":\"search_term_string\"}}],\"inLanguage\":\"en-US\"},{\"@type\":\"Organization\",\"@id\":\"https:\\\/\\\/www.mexicanguitarplayers.com\\\/#organization\",\"name\":\"Mexican Guitar Players\",\"url\":\"https:\\\/\\\/www.mexicanguitarplayers.com\\\/\",\"logo\":{\"@type\":\"ImageObject\",\"inLanguage\":\"en-US\",\"@id\":\"https:\\\/\\\/www.mexicanguitarplayers.com\\\/#\\\/schema\\\/logo\\\/image\\\/\",\"url\":\"\",\"contentUrl\":\"\",\"caption\":\"Mexican Guitar Players\"},\"image\":{\"@id\":\"https:\\\/\\\/www.mexicanguitarplayers.com\\\/#\\\/schema\\\/logo\\\/image\\\/\"}}]}<\/script>\n<!-- \/ Yoast SEO plugin. -->","yoast_head_json":{"title":"BAFLE ELECTRO VOICE MOD. ZLX-12P - Mexican Guitar Players","description":"Bafle activo amplificado, woofer de 12\u201d y driver de compresi\u00f3n de 1.5\u201d, potencia: 1,000 watts, clase D, SPL m\u00e1ximo: 126 dB, respuesta de frecuencia: 65 Hz - 18 kHz, rango de frecuencia: 50 Hz - 20 kHz, cobertura nominal: 90\u00b0 x 60\u00b0, conectores: (2) XLR\/TRS Combo Jack, (1) 3.5 mm entrada y (1) salida XLR link, material del gabinete: Polipropileno, dimensiones: 610 x 356 x 356 mm, peso: 15.6 kg.","robots":{"index":"index","follow":"follow","max-snippet":"max-snippet:-1","max-image-preview":"max-image-preview:large","max-video-preview":"max-video-preview:-1"},"canonical":"https:\/\/www.mexicanguitarplayers.com\/en\/tienda\/sin categor\u00eda\/bafle-electro-voice-mod-zlx-12p\/","og_locale":"en_US","og_type":"article","og_title":"BAFLE ELECTRO VOICE MOD. ZLX-12P - Mexican Guitar Players","og_description":"Bafle activo amplificado, woofer de 12\u201d y driver de compresi\u00f3n de 1.5\u201d, potencia: 1,000 watts, clase D, SPL m\u00e1ximo: 126 dB, respuesta de frecuencia: 65 Hz - 18 kHz, rango de frecuencia: 50 Hz - 20 kHz, cobertura nominal: 90\u00b0 x 60\u00b0, conectores: (2) XLR\/TRS Combo Jack, (1) 3.5 mm entrada y (1) salida XLR link, material del gabinete: Polipropileno, dimensiones: 610 x 356 x 356 mm, peso: 15.6 kg.","og_url":"https:\/\/www.mexicanguitarplayers.com\/en\/tienda\/sin categor\u00eda\/bafle-electro-voice-mod-zlx-12p\/","og_site_name":"Mexican Guitar Players","article_modified_time":"2026-04-10T10:39:00+00:00","twitter_card":"summary_large_image","twitter_misc":{"Est. reading time":"2 minutes"},"schema":{"@context":"https:\/\/schema.org","@graph":[{"@type":["WebPage","ItemPage"],"@id":"https:\/\/www.mexicanguitarplayers.com\/tienda\/sin categor\u00eda\/bafle-electro-voice-mod-zlx-12p\/","url":"https:\/\/www.mexicanguitarplayers.com\/tienda\/sin categor\u00eda\/bafle-electro-voice-mod-zlx-12p\/","name":"BAFLE ELECTRO VOICE MOD. ZLX-12P - Mexican Guitar Players","isPartOf":{"@id":"https:\/\/www.mexicanguitarplayers.com\/#website"},"primaryImageOfPage":{"@id":"https:\/\/www.mexicanguitarplayers.com\/tienda\/sin categor\u00eda\/bafle-electro-voice-mod-zlx-12p\/#primaryimage"},"image":{"@id":"https:\/\/www.mexicanguitarplayers.com\/tienda\/sin categor\u00eda\/bafle-electro-voice-mod-zlx-12p\/#primaryimage"},"thumbnailUrl":"https:\/\/www.mexicanguitarplayers.com\/wp-content\/uploads\/2025\/04\/IAEVOZLX12P.jpg","datePublished":"2025-04-08T16:35:05+00:00","dateModified":"2026-04-10T10:39:00+00:00","description":"Bafle activo amplificado, woofer de 12\u201d y driver de compresi\u00f3n de 1.5\u201d, potencia: 1,000 watts, clase D, SPL m\u00e1ximo: 126 dB, respuesta de frecuencia: 65 Hz - 18 kHz, rango de frecuencia: 50 Hz - 20 kHz, cobertura nominal: 90\u00b0 x 60\u00b0, conectores: (2) XLR\/TRS Combo Jack, (1) 3.5 mm entrada y (1) salida XLR link, material del gabinete: Polipropileno, dimensiones: 610 x 356 x 356 mm, peso: 15.6 kg.","breadcrumb":{"@id":"https:\/\/www.mexicanguitarplayers.com\/tienda\/sin categor\u00eda\/bafle-electro-voice-mod-zlx-12p\/#breadcrumb"},"inLanguage":"en-US","potentialAction":[{"@type":"ReadAction","target":["https:\/\/www.mexicanguitarplayers.com\/tienda\/sin categor\u00eda\/bafle-electro-voice-mod-zlx-12p\/"]}]},{"@type":"ImageObject","inLanguage":"en-US","@id":"https:\/\/www.mexicanguitarplayers.com\/tienda\/sin categor\u00eda\/bafle-electro-voice-mod-zlx-12p\/#primaryimage","url":"https:\/\/www.mexicanguitarplayers.com\/wp-content\/uploads\/2025\/04\/IAEVOZLX12P.jpg","contentUrl":"https:\/\/www.mexicanguitarplayers.com\/wp-content\/uploads\/2025\/04\/IAEVOZLX12P.jpg","width":1200,"height":1200},{"@type":"BreadcrumbList","@id":"https:\/\/www.mexicanguitarplayers.com\/tienda\/sin categor\u00eda\/bafle-electro-voice-mod-zlx-12p\/#breadcrumb","itemListElement":[{"@type":"ListItem","position":1,"name":"Portada","item":"https:\/\/www.mexicanguitarplayers.com\/"},{"@type":"ListItem","position":2,"name":"Tienda","item":"https:\/\/www.mexicanguitarplayers.com\/tienda\/"},{"@type":"ListItem","position":3,"name":"BAFLE ELECTRO VOICE MOD. ZLX-12P"}]},{"@type":"WebSite","@id":"https:\/\/www.mexicanguitarplayers.com\/#website","url":"https:\/\/www.mexicanguitarplayers.com\/","name":"Mexican Guitar Players","description":"Website","publisher":{"@id":"https:\/\/www.mexicanguitarplayers.com\/#organization"},"potentialAction":[{"@type":"SearchAction","target":{"@type":"EntryPoint","urlTemplate":"https:\/\/www.mexicanguitarplayers.com\/?s={search_term_string}"},"query-input":{"@type":"PropertyValueSpecification","valueRequired":true,"valueName":"search_term_string"}}],"inLanguage":"en-US"},{"@type":"Organization","@id":"https:\/\/www.mexicanguitarplayers.com\/#organization","name":"Mexican Guitar Players","url":"https:\/\/www.mexicanguitarplayers.com\/","logo":{"@type":"ImageObject","inLanguage":"en-US","@id":"https:\/\/www.mexicanguitarplayers.com\/#\/schema\/logo\/image\/","url":"","contentUrl":"","caption":"Mexican Guitar Players"},"image":{"@id":"https:\/\/www.mexicanguitarplayers.com\/#\/schema\/logo\/image\/"}}]}},"brands":[{"id":535,"name":"ELECTROVOICE","slug":"electrovoice"}],"_links":{"self":[{"href":"https:\/\/www.mexicanguitarplayers.com\/en\/wp-json\/wp\/v2\/product\/29259","targetHints":{"allow":["GET"]}}],"collection":[{"href":"https:\/\/www.mexicanguitarplayers.com\/en\/wp-json\/wp\/v2\/product"}],"about":[{"href":"https:\/\/www.mexicanguitarplayers.com\/en\/wp-json\/wp\/v2\/types\/product"}],"replies":[{"embeddable":true,"href":"https:\/\/www.mexicanguitarplayers.com\/en\/wp-json\/wp\/v2\/comments?post=29259"}],"wp:featuredmedia":[{"embeddable":true,"href":"https:\/\/www.mexicanguitarplayers.com\/en\/wp-json\/wp\/v2\/media\/29256"}],"wp:attachment":[{"href":"https:\/\/www.mexicanguitarplayers.com\/en\/wp-json\/wp\/v2\/media?parent=29259"}],"wp:term":[{"taxonomy":"pwb-brand","embeddable":true,"href":"https:\/\/www.mexicanguitarplayers.com\/en\/wp-json\/wp\/v2\/pwb-brand?post=29259"},{"taxonomy":"product_brand","embeddable":true,"href":"https:\/\/www.mexicanguitarplayers.com\/en\/wp-json\/wp\/v2\/product_brand?post=29259"},{"taxonomy":"product_cat","embeddable":true,"href":"https:\/\/www.mexicanguitarplayers.com\/en\/wp-json\/wp\/v2\/product_cat?post=29259"},{"taxonomy":"product_tag","embeddable":true,"href":"https:\/\/www.mexicanguitarplayers.com\/en\/wp-json\/wp\/v2\/product_tag?post=29259"}],"curies":[{"name":"wp","href":"https:\/\/api.w.org\/{rel}","templated":true}]}}