{"id":29268,"date":"2025-04-08T10:35:20","date_gmt":"2025-04-08T16:35:20","guid":{"rendered":"https:\/\/www.mexicanguitarplayers.com\/tienda\/sin categor\u00eda\/estuche-proel-p-bajo-electrico-foabsebc\/"},"modified":"2026-04-10T04:38:58","modified_gmt":"2026-04-10T10:38:58","slug":"estuche-proel-p-bajo-electrico-foabsebc","status":"publish","type":"product","link":"https:\/\/www.mexicanguitarplayers.com\/en\/tienda\/accesorios\/estuches-y-fundas\/para-bajo-estuches-y-fundas\/estuche-proel-p-bajo-electrico-foabsebc\/","title":{"rendered":"ESTUCHE PROEL P\/BAJO ELECTRICO FOABSEBC"},"content":{"rendered":"<div style=\"text-align: justify\">\n<div>\n<h3>La fuerza del polietileno.<\/h3>\n<\/div>\n<div>Estuche rectangular para bajo el\u00e9ctrico hecho de polietileno con un fuerte marco de espuma interior cubierto con 7 mm de terciopelo gris suave que ofrece una gran protecci\u00f3n para el instrumento. Este art\u00edculo es parte de la nueva serie de productos que incluyen una amplia gama de estuches dedicados al campo de los instrumentos musicales y equipos de escenario, y es una parte integral de los productos de la marca Proel. La caracter\u00edstica principal de esta serie est\u00e1 representada por la mezcla de componentes y pol\u00edmeros utilizados, incluyendo la fibra de carbono para la realizaci\u00f3n de los paneles utilizados en la construcci\u00f3n de los estuches ABS. El resultado de todo esto es el polietileno &#8220;Force&#8221; que combina una excelente resistencia a los agentes qu\u00edmicos y atmosf\u00e9ricos y es al mismo tiempo muy ligero y duradero en el tiempo.<\/div>\n<div>\n<h4>Characteristics<\/h4>\n<\/div>\n<div>\n<ul style=\"margin: 0px 0px 0px 25px\">\n<li style=\"list-style-type: circle;margin: 5px\">Ligero y resistente.<\/li>\n<li style=\"list-style-type: circle;margin: 5px\">Estructura duradera.<\/li>\n<li style=\"list-style-type: circle;margin: 5px\">Revestimiento interno de poliuretano.<\/li>\n<li style=\"list-style-type: circle;margin: 5px\">Suave terciopelo gris interno con espesor de 7 mm para mayor protecci\u00f3n.<\/li>\n<li style=\"list-style-type: circle;margin: 5px\">Hardware profesional.<\/li>\n<li style=\"list-style-type: circle;margin: 5px\">3 bisagras, 3 pestillos y 1 manija.<\/li>\n<\/ul>\n<\/div>\n<\/div>","protected":false},"excerpt":{"rendered":"<p>Estuche Proel para bajo el\u00e9ctrico. Modelo: FOABSEBC. Ligero y resistente. Estructura duradera. Revestimiento interno de poliuretano. Suave terciopelo gris interno con espesor de 7 mm para mayor protecci\u00f3n. Hardware profesional. 3 bisagras,3 pestillos y 1 manija.&hellip; <a class=\"kt-excerpt-readmore more-link\" href=\"https:\/\/www.mexicanguitarplayers.com\/en\/tienda\/accesorios\/estuches-y-fundas\/para-bajo-estuches-y-fundas\/estuche-proel-p-bajo-electrico-foabsebc\/\">Read more<\/a><\/p>","protected":false},"featured_media":29266,"comment_status":"open","ping_status":"closed","template":"","meta":{"kt_blocks_editor_width":""},"pwb-brand":[252],"product_brand":[],"product_cat":[85,517,578],"product_tag":[],"class_list":{"0":"post-29268","1":"product","2":"type-product","3":"status-publish","4":"has-post-thumbnail","6":"pwb-brand-proel","7":"product_cat-accesorios","8":"product_cat-estuches-y-fundas","9":"product_cat-para-bajo-estuches-y-fundas","10":"product_shipping_class-0-5-kg","12":"first","13":"outofstock","14":"taxable","15":"shipping-taxable","16":"purchasable","17":"product-type-simple"},"yoast_head":"<!-- This site is optimized with the Yoast SEO plugin v27.5 - https:\/\/yoast.com\/product\/yoast-seo-wordpress\/ -->\n<title>ESTUCHE PROEL P\/BAJO ELECTRICO FOABSEBC - Mexican Guitar Players<\/title>\n<meta name=\"description\" content=\"Estuche Proel para bajo el\u00e9ctrico. Modelo: FOABSEBC. Ligero y resistente. Estructura duradera. Revestimiento interno de poliuretano. Suave terciopelo gris interno con espesor de 7 mm para mayor protecci\u00f3n. Hardware profesional. 3 bisagras,3 pestillos y 1 manija.\" \/>\n<meta name=\"robots\" content=\"index, follow, max-snippet:-1, max-image-preview:large, max-video-preview:-1\" \/>\n<link rel=\"canonical\" href=\"https:\/\/www.mexicanguitarplayers.com\/en\/tienda\/sin%20categor\u00eda\/estuche-proel-p-bajo-electrico-foabsebc\/\" \/>\n<meta property=\"og:locale\" content=\"en_US\" \/>\n<meta property=\"og:type\" content=\"article\" \/>\n<meta property=\"og:title\" content=\"ESTUCHE PROEL P\/BAJO ELECTRICO FOABSEBC - Mexican Guitar Players\" \/>\n<meta property=\"og:description\" content=\"Estuche Proel para bajo el\u00e9ctrico. Modelo: FOABSEBC. Ligero y resistente. Estructura duradera. Revestimiento interno de poliuretano. Suave terciopelo gris interno con espesor de 7 mm para mayor protecci\u00f3n. Hardware profesional. 3 bisagras,3 pestillos y 1 manija.\" \/>\n<meta property=\"og:url\" content=\"https:\/\/www.mexicanguitarplayers.com\/en\/tienda\/sin categor\u00eda\/estuche-proel-p-bajo-electrico-foabsebc\/\" \/>\n<meta property=\"og:site_name\" content=\"Mexican Guitar Players\" \/>\n<meta property=\"article:modified_time\" content=\"2026-04-10T10:38:58+00:00\" \/>\n<meta name=\"twitter:card\" content=\"summary_large_image\" \/>\n<meta name=\"twitter:label1\" content=\"Est. reading time\" \/>\n\t<meta name=\"twitter:data1\" content=\"1 minute\" \/>\n<script type=\"application\/ld+json\" class=\"yoast-schema-graph\">{\"@context\":\"https:\\\/\\\/schema.org\",\"@graph\":[{\"@type\":[\"WebPage\",\"ItemPage\"],\"@id\":\"https:\\\/\\\/www.mexicanguitarplayers.com\\\/tienda\\\/sin categor\u00eda\\\/estuche-proel-p-bajo-electrico-foabsebc\\\/\",\"url\":\"https:\\\/\\\/www.mexicanguitarplayers.com\\\/tienda\\\/sin categor\u00eda\\\/estuche-proel-p-bajo-electrico-foabsebc\\\/\",\"name\":\"ESTUCHE PROEL P\\\/BAJO ELECTRICO FOABSEBC - Mexican Guitar Players\",\"isPartOf\":{\"@id\":\"https:\\\/\\\/www.mexicanguitarplayers.com\\\/#website\"},\"primaryImageOfPage\":{\"@id\":\"https:\\\/\\\/www.mexicanguitarplayers.com\\\/tienda\\\/sin categor\u00eda\\\/estuche-proel-p-bajo-electrico-foabsebc\\\/#primaryimage\"},\"image\":{\"@id\":\"https:\\\/\\\/www.mexicanguitarplayers.com\\\/tienda\\\/sin categor\u00eda\\\/estuche-proel-p-bajo-electrico-foabsebc\\\/#primaryimage\"},\"thumbnailUrl\":\"https:\\\/\\\/www.mexicanguitarplayers.com\\\/wp-content\\\/uploads\\\/2025\\\/04\\\/VAPREFOABSEBC.jpg\",\"datePublished\":\"2025-04-08T16:35:20+00:00\",\"dateModified\":\"2026-04-10T10:38:58+00:00\",\"description\":\"Estuche Proel para bajo el\u00e9ctrico. Modelo: FOABSEBC. Ligero y resistente. Estructura duradera. Revestimiento interno de poliuretano. Suave terciopelo gris interno con espesor de 7 mm para mayor protecci\u00f3n. Hardware profesional. 3 bisagras,3 pestillos y 1 manija.\",\"breadcrumb\":{\"@id\":\"https:\\\/\\\/www.mexicanguitarplayers.com\\\/tienda\\\/sin categor\u00eda\\\/estuche-proel-p-bajo-electrico-foabsebc\\\/#breadcrumb\"},\"inLanguage\":\"en-US\",\"potentialAction\":[{\"@type\":\"ReadAction\",\"target\":[\"https:\\\/\\\/www.mexicanguitarplayers.com\\\/tienda\\\/sin categor\u00eda\\\/estuche-proel-p-bajo-electrico-foabsebc\\\/\"]}]},{\"@type\":\"ImageObject\",\"inLanguage\":\"en-US\",\"@id\":\"https:\\\/\\\/www.mexicanguitarplayers.com\\\/tienda\\\/sin categor\u00eda\\\/estuche-proel-p-bajo-electrico-foabsebc\\\/#primaryimage\",\"url\":\"https:\\\/\\\/www.mexicanguitarplayers.com\\\/wp-content\\\/uploads\\\/2025\\\/04\\\/VAPREFOABSEBC.jpg\",\"contentUrl\":\"https:\\\/\\\/www.mexicanguitarplayers.com\\\/wp-content\\\/uploads\\\/2025\\\/04\\\/VAPREFOABSEBC.jpg\",\"width\":1600,\"height\":800},{\"@type\":\"BreadcrumbList\",\"@id\":\"https:\\\/\\\/www.mexicanguitarplayers.com\\\/tienda\\\/sin categor\u00eda\\\/estuche-proel-p-bajo-electrico-foabsebc\\\/#breadcrumb\",\"itemListElement\":[{\"@type\":\"ListItem\",\"position\":1,\"name\":\"Portada\",\"item\":\"https:\\\/\\\/www.mexicanguitarplayers.com\\\/\"},{\"@type\":\"ListItem\",\"position\":2,\"name\":\"Tienda\",\"item\":\"https:\\\/\\\/www.mexicanguitarplayers.com\\\/tienda\\\/\"},{\"@type\":\"ListItem\",\"position\":3,\"name\":\"ESTUCHE PROEL P\\\/BAJO ELECTRICO FOABSEBC\"}]},{\"@type\":\"WebSite\",\"@id\":\"https:\\\/\\\/www.mexicanguitarplayers.com\\\/#website\",\"url\":\"https:\\\/\\\/www.mexicanguitarplayers.com\\\/\",\"name\":\"Mexican Guitar Players\",\"description\":\"Website\",\"publisher\":{\"@id\":\"https:\\\/\\\/www.mexicanguitarplayers.com\\\/#organization\"},\"potentialAction\":[{\"@type\":\"SearchAction\",\"target\":{\"@type\":\"EntryPoint\",\"urlTemplate\":\"https:\\\/\\\/www.mexicanguitarplayers.com\\\/?s={search_term_string}\"},\"query-input\":{\"@type\":\"PropertyValueSpecification\",\"valueRequired\":true,\"valueName\":\"search_term_string\"}}],\"inLanguage\":\"en-US\"},{\"@type\":\"Organization\",\"@id\":\"https:\\\/\\\/www.mexicanguitarplayers.com\\\/#organization\",\"name\":\"Mexican Guitar Players\",\"url\":\"https:\\\/\\\/www.mexicanguitarplayers.com\\\/\",\"logo\":{\"@type\":\"ImageObject\",\"inLanguage\":\"en-US\",\"@id\":\"https:\\\/\\\/www.mexicanguitarplayers.com\\\/#\\\/schema\\\/logo\\\/image\\\/\",\"url\":\"\",\"contentUrl\":\"\",\"caption\":\"Mexican Guitar Players\"},\"image\":{\"@id\":\"https:\\\/\\\/www.mexicanguitarplayers.com\\\/#\\\/schema\\\/logo\\\/image\\\/\"}}]}<\/script>\n<!-- \/ Yoast SEO plugin. -->","yoast_head_json":{"title":"ESTUCHE PROEL P\/BAJO ELECTRICO FOABSEBC - Mexican Guitar Players","description":"Estuche Proel para bajo el\u00e9ctrico. Modelo: FOABSEBC. Ligero y resistente. Estructura duradera. Revestimiento interno de poliuretano. Suave terciopelo gris interno con espesor de 7 mm para mayor protecci\u00f3n. Hardware profesional. 3 bisagras,3 pestillos y 1 manija.","robots":{"index":"index","follow":"follow","max-snippet":"max-snippet:-1","max-image-preview":"max-image-preview:large","max-video-preview":"max-video-preview:-1"},"canonical":"https:\/\/www.mexicanguitarplayers.com\/en\/tienda\/sin categor\u00eda\/estuche-proel-p-bajo-electrico-foabsebc\/","og_locale":"en_US","og_type":"article","og_title":"ESTUCHE PROEL P\/BAJO ELECTRICO FOABSEBC - Mexican Guitar Players","og_description":"Estuche Proel para bajo el\u00e9ctrico. Modelo: FOABSEBC. Ligero y resistente. Estructura duradera. Revestimiento interno de poliuretano. Suave terciopelo gris interno con espesor de 7 mm para mayor protecci\u00f3n. Hardware profesional. 3 bisagras,3 pestillos y 1 manija.","og_url":"https:\/\/www.mexicanguitarplayers.com\/en\/tienda\/sin categor\u00eda\/estuche-proel-p-bajo-electrico-foabsebc\/","og_site_name":"Mexican Guitar Players","article_modified_time":"2026-04-10T10:38:58+00:00","twitter_card":"summary_large_image","twitter_misc":{"Est. reading time":"1 minute"},"schema":{"@context":"https:\/\/schema.org","@graph":[{"@type":["WebPage","ItemPage"],"@id":"https:\/\/www.mexicanguitarplayers.com\/tienda\/sin categor\u00eda\/estuche-proel-p-bajo-electrico-foabsebc\/","url":"https:\/\/www.mexicanguitarplayers.com\/tienda\/sin categor\u00eda\/estuche-proel-p-bajo-electrico-foabsebc\/","name":"ESTUCHE PROEL P\/BAJO ELECTRICO FOABSEBC - Mexican Guitar Players","isPartOf":{"@id":"https:\/\/www.mexicanguitarplayers.com\/#website"},"primaryImageOfPage":{"@id":"https:\/\/www.mexicanguitarplayers.com\/tienda\/sin categor\u00eda\/estuche-proel-p-bajo-electrico-foabsebc\/#primaryimage"},"image":{"@id":"https:\/\/www.mexicanguitarplayers.com\/tienda\/sin categor\u00eda\/estuche-proel-p-bajo-electrico-foabsebc\/#primaryimage"},"thumbnailUrl":"https:\/\/www.mexicanguitarplayers.com\/wp-content\/uploads\/2025\/04\/VAPREFOABSEBC.jpg","datePublished":"2025-04-08T16:35:20+00:00","dateModified":"2026-04-10T10:38:58+00:00","description":"Estuche Proel para bajo el\u00e9ctrico. Modelo: FOABSEBC. Ligero y resistente. Estructura duradera. Revestimiento interno de poliuretano. Suave terciopelo gris interno con espesor de 7 mm para mayor protecci\u00f3n. Hardware profesional. 3 bisagras,3 pestillos y 1 manija.","breadcrumb":{"@id":"https:\/\/www.mexicanguitarplayers.com\/tienda\/sin categor\u00eda\/estuche-proel-p-bajo-electrico-foabsebc\/#breadcrumb"},"inLanguage":"en-US","potentialAction":[{"@type":"ReadAction","target":["https:\/\/www.mexicanguitarplayers.com\/tienda\/sin categor\u00eda\/estuche-proel-p-bajo-electrico-foabsebc\/"]}]},{"@type":"ImageObject","inLanguage":"en-US","@id":"https:\/\/www.mexicanguitarplayers.com\/tienda\/sin categor\u00eda\/estuche-proel-p-bajo-electrico-foabsebc\/#primaryimage","url":"https:\/\/www.mexicanguitarplayers.com\/wp-content\/uploads\/2025\/04\/VAPREFOABSEBC.jpg","contentUrl":"https:\/\/www.mexicanguitarplayers.com\/wp-content\/uploads\/2025\/04\/VAPREFOABSEBC.jpg","width":1600,"height":800},{"@type":"BreadcrumbList","@id":"https:\/\/www.mexicanguitarplayers.com\/tienda\/sin categor\u00eda\/estuche-proel-p-bajo-electrico-foabsebc\/#breadcrumb","itemListElement":[{"@type":"ListItem","position":1,"name":"Portada","item":"https:\/\/www.mexicanguitarplayers.com\/"},{"@type":"ListItem","position":2,"name":"Tienda","item":"https:\/\/www.mexicanguitarplayers.com\/tienda\/"},{"@type":"ListItem","position":3,"name":"ESTUCHE PROEL P\/BAJO ELECTRICO FOABSEBC"}]},{"@type":"WebSite","@id":"https:\/\/www.mexicanguitarplayers.com\/#website","url":"https:\/\/www.mexicanguitarplayers.com\/","name":"Mexican Guitar Players","description":"Website","publisher":{"@id":"https:\/\/www.mexicanguitarplayers.com\/#organization"},"potentialAction":[{"@type":"SearchAction","target":{"@type":"EntryPoint","urlTemplate":"https:\/\/www.mexicanguitarplayers.com\/?s={search_term_string}"},"query-input":{"@type":"PropertyValueSpecification","valueRequired":true,"valueName":"search_term_string"}}],"inLanguage":"en-US"},{"@type":"Organization","@id":"https:\/\/www.mexicanguitarplayers.com\/#organization","name":"Mexican Guitar Players","url":"https:\/\/www.mexicanguitarplayers.com\/","logo":{"@type":"ImageObject","inLanguage":"en-US","@id":"https:\/\/www.mexicanguitarplayers.com\/#\/schema\/logo\/image\/","url":"","contentUrl":"","caption":"Mexican Guitar Players"},"image":{"@id":"https:\/\/www.mexicanguitarplayers.com\/#\/schema\/logo\/image\/"}}]}},"brands":[{"id":252,"name":"PROEL","slug":"proel"}],"_links":{"self":[{"href":"https:\/\/www.mexicanguitarplayers.com\/en\/wp-json\/wp\/v2\/product\/29268","targetHints":{"allow":["GET"]}}],"collection":[{"href":"https:\/\/www.mexicanguitarplayers.com\/en\/wp-json\/wp\/v2\/product"}],"about":[{"href":"https:\/\/www.mexicanguitarplayers.com\/en\/wp-json\/wp\/v2\/types\/product"}],"replies":[{"embeddable":true,"href":"https:\/\/www.mexicanguitarplayers.com\/en\/wp-json\/wp\/v2\/comments?post=29268"}],"wp:featuredmedia":[{"embeddable":true,"href":"https:\/\/www.mexicanguitarplayers.com\/en\/wp-json\/wp\/v2\/media\/29266"}],"wp:attachment":[{"href":"https:\/\/www.mexicanguitarplayers.com\/en\/wp-json\/wp\/v2\/media?parent=29268"}],"wp:term":[{"taxonomy":"pwb-brand","embeddable":true,"href":"https:\/\/www.mexicanguitarplayers.com\/en\/wp-json\/wp\/v2\/pwb-brand?post=29268"},{"taxonomy":"product_brand","embeddable":true,"href":"https:\/\/www.mexicanguitarplayers.com\/en\/wp-json\/wp\/v2\/product_brand?post=29268"},{"taxonomy":"product_cat","embeddable":true,"href":"https:\/\/www.mexicanguitarplayers.com\/en\/wp-json\/wp\/v2\/product_cat?post=29268"},{"taxonomy":"product_tag","embeddable":true,"href":"https:\/\/www.mexicanguitarplayers.com\/en\/wp-json\/wp\/v2\/product_tag?post=29268"}],"curies":[{"name":"wp","href":"https:\/\/api.w.org\/{rel}","templated":true}]}}