{"id":29382,"date":"2025-04-08T10:38:58","date_gmt":"2025-04-08T16:38:58","guid":{"rendered":"https:\/\/www.mexicanguitarplayers.com\/tienda\/sin categor\u00eda\/afinador-belcat-mod-bc-850\/"},"modified":"2025-04-08T10:38:58","modified_gmt":"2025-04-08T16:38:58","slug":"afinador-belcat-mod-bc-850","status":"publish","type":"product","link":"https:\/\/www.mexicanguitarplayers.com\/en\/tienda\/accesorios\/afinadores-y-metronomos\/afinadores\/afinadores-cromaticos\/afinador-belcat-mod-bc-850\/","title":{"rendered":"AFINADOR BELCAT         MOD. BC-850"},"content":{"rendered":"<div style=\"text-align: justify\">\n<div>\n<h3>La afinaci\u00f3n m\u00e1s exacta.<\/h3>\n<\/div>\n<div>El BC-850 es un afinador crom\u00e1tico para guitarra, bajo y viol\u00edn que cuenta con 2 modos de afinaci\u00f3n: manual y autom\u00e1tica, te ofrece una gran precisi\u00f3n y la afinaci\u00f3n m\u00e1s exacta de una manera muy pr\u00e1ctica y eficaz. Cuenta con un sistema de apagado autom\u00e1tico que funciona luego de 20 minutos y utiliza 2 pilas AAA de 1.5V. Belcat es una empresa que ha desarrollado una gran l\u00ednea de productos y accesorios muy bien fabricados, ofreciendo una gran relaci\u00f3n en cuanto a precio y calidad. Cuenta con afinadores, aud\u00edfonos, preamps, combos, metr\u00f3nomos, pastillas para guitarras el\u00e9ctricas, ac\u00fasticas y bajos de gran calidad y precisi\u00f3n.<\/div>\n<div>\n<h4>Characteristics<\/h4>\n<\/div>\n<div>\n<ul style=\"margin: 0px 0px 0px 25px\">\n<li style=\"list-style-type: circle;margin: 5px\">Afinador crom\u00e1tico para guitarra, bajo y viol\u00edn.<\/li>\n<li style=\"list-style-type: circle;margin: 5px\">Modo de afinaci\u00f3n manual y autom\u00e1tica.<\/li>\n<li style=\"list-style-type: circle;margin: 5px\">Rango de afinaci\u00f3n: A0 (27.50 Hz) &#8211; C8 (4,186 Hz).<\/li>\n<li style=\"list-style-type: circle;margin: 5px\">Afinaci\u00f3n crom\u00e1tica: C, C#, D, D#, E, F, F#, G, G#, A, A#, B.<\/li>\n<li style=\"list-style-type: circle;margin: 5px\">Modo guitarra: 7B, 6E, 5A, 4D, 3G, 2B, 1E.<\/li>\n<li style=\"list-style-type: circle;margin: 5px\">Modo bajo: LB, 4E, 3A, 2F, 1G, HC.<\/li>\n<li style=\"list-style-type: circle;margin: 5px\">Modo viol\u00edn: 4G, 3D, 2A, 1E.<\/li>\n<li style=\"list-style-type: circle;margin: 5px\">Apagado autom\u00e1tico despu\u00e9s de 20 minutos.<\/li>\n<li style=\"list-style-type: circle;margin: 5px\">Utiliza 2 pilas AAA de 1.5V.<\/li>\n<li style=\"list-style-type: circle;margin: 5px\">Dimensiones: 65 x 93.5 x 11 mm.<\/li>\n<\/ul>\n<\/div>\n<\/div>","protected":false},"excerpt":{"rendered":"<p>Afinador crom\u00e1tico para guitarra, bajo y viol\u00edn, modo de afinaci\u00f3n manual y autom\u00e1tica, rango de afinaci\u00f3n: A0 (27.50 Hz) &#8211; C8 (4,186 Hz), afinaci\u00f3n crom\u00e1tica: C, C#, D, D#, E, F, F#, G, G#, A, A#, B, modo guitarra: 7B, 6E, 5A, 4D, 3G, 2B,1E, modo bajo: LB, 4E, 3A, 2F, 1G, HC, modo viol\u00edn: 4G, 3D, 2A, 1E, apagado autom\u00e1tico despu\u00e9s de 20 minutos, utiliza 2 pilas AAA de 1.5V, dimensiones: 65 x 93.5 x 11 mm.&hellip; <a class=\"kt-excerpt-readmore more-link\" href=\"https:\/\/www.mexicanguitarplayers.com\/en\/tienda\/accesorios\/afinadores-y-metronomos\/afinadores\/afinadores-cromaticos\/afinador-belcat-mod-bc-850\/\">Read more<\/a><\/p>","protected":false},"featured_media":29381,"comment_status":"open","ping_status":"closed","template":"","meta":{"kt_blocks_editor_width":""},"pwb-brand":[258],"product_brand":[],"product_cat":[85,423,424,422],"product_tag":[],"class_list":{"0":"post-29382","1":"product","2":"type-product","3":"status-publish","4":"has-post-thumbnail","6":"pwb-brand-belcat","7":"product_cat-accesorios","8":"product_cat-afinadores","9":"product_cat-afinadores-cromaticos","10":"product_cat-afinadores-y-metronomos","11":"product_shipping_class-0-5-kg","13":"first","14":"outofstock","15":"taxable","16":"shipping-taxable","17":"purchasable","18":"product-type-simple"},"yoast_head":"<!-- This site is optimized with the Yoast SEO plugin v27.3 - https:\/\/yoast.com\/product\/yoast-seo-wordpress\/ -->\n<title>AFINADOR BELCAT     MOD. BC-850 - Mexican Guitar Players<\/title>\n<meta name=\"description\" content=\"Afinador crom\u00e1tico para guitarra, bajo y viol\u00edn, modo de afinaci\u00f3n manual y autom\u00e1tica, rango de afinaci\u00f3n: A0 (27.50 Hz) - C8 (4,186 Hz), afinaci\u00f3n crom\u00e1tica: C, C#, D, D#, E, F, F#, G, G#, A, A#, B, modo guitarra: 7B, 6E, 5A, 4D, 3G, 2B,1E, modo bajo: LB, 4E, 3A, 2F, 1G, HC, modo viol\u00edn: 4G, 3D, 2A, 1E, apagado autom\u00e1tico despu\u00e9s de 20 minutos, utiliza 2 pilas AAA de 1.5V, dimensiones: 65 x 93.5 x 11 mm.\" \/>\n<meta name=\"robots\" content=\"index, follow, max-snippet:-1, max-image-preview:large, max-video-preview:-1\" \/>\n<link rel=\"canonical\" href=\"https:\/\/www.mexicanguitarplayers.com\/en\/tienda\/sin%20categor\u00eda\/afinador-belcat-mod-bc-850\/\" \/>\n<meta property=\"og:locale\" content=\"en_US\" \/>\n<meta property=\"og:type\" content=\"article\" \/>\n<meta property=\"og:title\" content=\"AFINADOR BELCAT     MOD. BC-850 - Mexican Guitar Players\" \/>\n<meta property=\"og:description\" content=\"Afinador crom\u00e1tico para guitarra, bajo y viol\u00edn, modo de afinaci\u00f3n manual y autom\u00e1tica, rango de afinaci\u00f3n: A0 (27.50 Hz) - C8 (4,186 Hz), afinaci\u00f3n crom\u00e1tica: C, C#, D, D#, E, F, F#, G, G#, A, A#, B, modo guitarra: 7B, 6E, 5A, 4D, 3G, 2B,1E, modo bajo: LB, 4E, 3A, 2F, 1G, HC, modo viol\u00edn: 4G, 3D, 2A, 1E, apagado autom\u00e1tico despu\u00e9s de 20 minutos, utiliza 2 pilas AAA de 1.5V, dimensiones: 65 x 93.5 x 11 mm.\" \/>\n<meta property=\"og:url\" content=\"https:\/\/www.mexicanguitarplayers.com\/en\/tienda\/sin categor\u00eda\/afinador-belcat-mod-bc-850\/\" \/>\n<meta property=\"og:site_name\" content=\"Mexican Guitar Players\" \/>\n<meta name=\"twitter:card\" content=\"summary_large_image\" \/>\n<meta name=\"twitter:label1\" content=\"Est. reading time\" \/>\n\t<meta name=\"twitter:data1\" content=\"1 minute\" \/>\n<script type=\"application\/ld+json\" class=\"yoast-schema-graph\">{\"@context\":\"https:\\\/\\\/schema.org\",\"@graph\":[{\"@type\":[\"WebPage\",\"ItemPage\"],\"@id\":\"https:\\\/\\\/www.mexicanguitarplayers.com\\\/tienda\\\/sin categor\u00eda\\\/afinador-belcat-mod-bc-850\\\/\",\"url\":\"https:\\\/\\\/www.mexicanguitarplayers.com\\\/tienda\\\/sin categor\u00eda\\\/afinador-belcat-mod-bc-850\\\/\",\"name\":\"AFINADOR BELCAT MOD. BC-850 - Mexican Guitar Players\",\"isPartOf\":{\"@id\":\"https:\\\/\\\/www.mexicanguitarplayers.com\\\/#website\"},\"primaryImageOfPage\":{\"@id\":\"https:\\\/\\\/www.mexicanguitarplayers.com\\\/tienda\\\/sin categor\u00eda\\\/afinador-belcat-mod-bc-850\\\/#primaryimage\"},\"image\":{\"@id\":\"https:\\\/\\\/www.mexicanguitarplayers.com\\\/tienda\\\/sin categor\u00eda\\\/afinador-belcat-mod-bc-850\\\/#primaryimage\"},\"thumbnailUrl\":\"https:\\\/\\\/www.mexicanguitarplayers.com\\\/wp-content\\\/uploads\\\/2025\\\/04\\\/RABELBC850.jpg\",\"datePublished\":\"2025-04-08T16:38:58+00:00\",\"description\":\"Afinador crom\u00e1tico para guitarra, bajo y viol\u00edn, modo de afinaci\u00f3n manual y autom\u00e1tica, rango de afinaci\u00f3n: A0 (27.50 Hz) - C8 (4,186 Hz), afinaci\u00f3n crom\u00e1tica: C, C#, D, D#, E, F, F#, G, G#, A, A#, B, modo guitarra: 7B, 6E, 5A, 4D, 3G, 2B,1E, modo bajo: LB, 4E, 3A, 2F, 1G, HC, modo viol\u00edn: 4G, 3D, 2A, 1E, apagado autom\u00e1tico despu\u00e9s de 20 minutos, utiliza 2 pilas AAA de 1.5V, dimensiones: 65 x 93.5 x 11 mm.\",\"breadcrumb\":{\"@id\":\"https:\\\/\\\/www.mexicanguitarplayers.com\\\/tienda\\\/sin categor\u00eda\\\/afinador-belcat-mod-bc-850\\\/#breadcrumb\"},\"inLanguage\":\"en-US\",\"potentialAction\":[{\"@type\":\"ReadAction\",\"target\":[\"https:\\\/\\\/www.mexicanguitarplayers.com\\\/tienda\\\/sin categor\u00eda\\\/afinador-belcat-mod-bc-850\\\/\"]}]},{\"@type\":\"ImageObject\",\"inLanguage\":\"en-US\",\"@id\":\"https:\\\/\\\/www.mexicanguitarplayers.com\\\/tienda\\\/sin categor\u00eda\\\/afinador-belcat-mod-bc-850\\\/#primaryimage\",\"url\":\"https:\\\/\\\/www.mexicanguitarplayers.com\\\/wp-content\\\/uploads\\\/2025\\\/04\\\/RABELBC850.jpg\",\"contentUrl\":\"https:\\\/\\\/www.mexicanguitarplayers.com\\\/wp-content\\\/uploads\\\/2025\\\/04\\\/RABELBC850.jpg\",\"width\":1200,\"height\":1200},{\"@type\":\"BreadcrumbList\",\"@id\":\"https:\\\/\\\/www.mexicanguitarplayers.com\\\/tienda\\\/sin categor\u00eda\\\/afinador-belcat-mod-bc-850\\\/#breadcrumb\",\"itemListElement\":[{\"@type\":\"ListItem\",\"position\":1,\"name\":\"Portada\",\"item\":\"https:\\\/\\\/www.mexicanguitarplayers.com\\\/\"},{\"@type\":\"ListItem\",\"position\":2,\"name\":\"Tienda\",\"item\":\"https:\\\/\\\/www.mexicanguitarplayers.com\\\/tienda\\\/\"},{\"@type\":\"ListItem\",\"position\":3,\"name\":\"AFINADOR BELCAT MOD. BC-850\"}]},{\"@type\":\"WebSite\",\"@id\":\"https:\\\/\\\/www.mexicanguitarplayers.com\\\/#website\",\"url\":\"https:\\\/\\\/www.mexicanguitarplayers.com\\\/\",\"name\":\"Mexican Guitar Players\",\"description\":\"Website\",\"publisher\":{\"@id\":\"https:\\\/\\\/www.mexicanguitarplayers.com\\\/#organization\"},\"potentialAction\":[{\"@type\":\"SearchAction\",\"target\":{\"@type\":\"EntryPoint\",\"urlTemplate\":\"https:\\\/\\\/www.mexicanguitarplayers.com\\\/?s={search_term_string}\"},\"query-input\":{\"@type\":\"PropertyValueSpecification\",\"valueRequired\":true,\"valueName\":\"search_term_string\"}}],\"inLanguage\":\"en-US\"},{\"@type\":\"Organization\",\"@id\":\"https:\\\/\\\/www.mexicanguitarplayers.com\\\/#organization\",\"name\":\"Mexican Guitar Players\",\"url\":\"https:\\\/\\\/www.mexicanguitarplayers.com\\\/\",\"logo\":{\"@type\":\"ImageObject\",\"inLanguage\":\"en-US\",\"@id\":\"https:\\\/\\\/www.mexicanguitarplayers.com\\\/#\\\/schema\\\/logo\\\/image\\\/\",\"url\":\"\",\"contentUrl\":\"\",\"caption\":\"Mexican Guitar Players\"},\"image\":{\"@id\":\"https:\\\/\\\/www.mexicanguitarplayers.com\\\/#\\\/schema\\\/logo\\\/image\\\/\"}}]}<\/script>\n<!-- \/ Yoast SEO plugin. -->","yoast_head_json":{"title":"AFINADOR BELCAT     MOD. BC-850 - Mexican Guitar Players","description":"Afinador crom\u00e1tico para guitarra, bajo y viol\u00edn, modo de afinaci\u00f3n manual y autom\u00e1tica, rango de afinaci\u00f3n: A0 (27.50 Hz) - C8 (4,186 Hz), afinaci\u00f3n crom\u00e1tica: C, C#, D, D#, E, F, F#, G, G#, A, A#, B, modo guitarra: 7B, 6E, 5A, 4D, 3G, 2B,1E, modo bajo: LB, 4E, 3A, 2F, 1G, HC, modo viol\u00edn: 4G, 3D, 2A, 1E, apagado autom\u00e1tico despu\u00e9s de 20 minutos, utiliza 2 pilas AAA de 1.5V, dimensiones: 65 x 93.5 x 11 mm.","robots":{"index":"index","follow":"follow","max-snippet":"max-snippet:-1","max-image-preview":"max-image-preview:large","max-video-preview":"max-video-preview:-1"},"canonical":"https:\/\/www.mexicanguitarplayers.com\/en\/tienda\/sin categor\u00eda\/afinador-belcat-mod-bc-850\/","og_locale":"en_US","og_type":"article","og_title":"AFINADOR BELCAT     MOD. BC-850 - Mexican Guitar Players","og_description":"Afinador crom\u00e1tico para guitarra, bajo y viol\u00edn, modo de afinaci\u00f3n manual y autom\u00e1tica, rango de afinaci\u00f3n: A0 (27.50 Hz) - C8 (4,186 Hz), afinaci\u00f3n crom\u00e1tica: C, C#, D, D#, E, F, F#, G, G#, A, A#, B, modo guitarra: 7B, 6E, 5A, 4D, 3G, 2B,1E, modo bajo: LB, 4E, 3A, 2F, 1G, HC, modo viol\u00edn: 4G, 3D, 2A, 1E, apagado autom\u00e1tico despu\u00e9s de 20 minutos, utiliza 2 pilas AAA de 1.5V, dimensiones: 65 x 93.5 x 11 mm.","og_url":"https:\/\/www.mexicanguitarplayers.com\/en\/tienda\/sin categor\u00eda\/afinador-belcat-mod-bc-850\/","og_site_name":"Mexican Guitar Players","twitter_card":"summary_large_image","twitter_misc":{"Est. reading time":"1 minute"},"schema":{"@context":"https:\/\/schema.org","@graph":[{"@type":["WebPage","ItemPage"],"@id":"https:\/\/www.mexicanguitarplayers.com\/tienda\/sin categor\u00eda\/afinador-belcat-mod-bc-850\/","url":"https:\/\/www.mexicanguitarplayers.com\/tienda\/sin categor\u00eda\/afinador-belcat-mod-bc-850\/","name":"AFINADOR BELCAT MOD. BC-850 - Mexican Guitar Players","isPartOf":{"@id":"https:\/\/www.mexicanguitarplayers.com\/#website"},"primaryImageOfPage":{"@id":"https:\/\/www.mexicanguitarplayers.com\/tienda\/sin categor\u00eda\/afinador-belcat-mod-bc-850\/#primaryimage"},"image":{"@id":"https:\/\/www.mexicanguitarplayers.com\/tienda\/sin categor\u00eda\/afinador-belcat-mod-bc-850\/#primaryimage"},"thumbnailUrl":"https:\/\/www.mexicanguitarplayers.com\/wp-content\/uploads\/2025\/04\/RABELBC850.jpg","datePublished":"2025-04-08T16:38:58+00:00","description":"Afinador crom\u00e1tico para guitarra, bajo y viol\u00edn, modo de afinaci\u00f3n manual y autom\u00e1tica, rango de afinaci\u00f3n: A0 (27.50 Hz) - C8 (4,186 Hz), afinaci\u00f3n crom\u00e1tica: C, C#, D, D#, E, F, F#, G, G#, A, A#, B, modo guitarra: 7B, 6E, 5A, 4D, 3G, 2B,1E, modo bajo: LB, 4E, 3A, 2F, 1G, HC, modo viol\u00edn: 4G, 3D, 2A, 1E, apagado autom\u00e1tico despu\u00e9s de 20 minutos, utiliza 2 pilas AAA de 1.5V, dimensiones: 65 x 93.5 x 11 mm.","breadcrumb":{"@id":"https:\/\/www.mexicanguitarplayers.com\/tienda\/sin categor\u00eda\/afinador-belcat-mod-bc-850\/#breadcrumb"},"inLanguage":"en-US","potentialAction":[{"@type":"ReadAction","target":["https:\/\/www.mexicanguitarplayers.com\/tienda\/sin categor\u00eda\/afinador-belcat-mod-bc-850\/"]}]},{"@type":"ImageObject","inLanguage":"en-US","@id":"https:\/\/www.mexicanguitarplayers.com\/tienda\/sin categor\u00eda\/afinador-belcat-mod-bc-850\/#primaryimage","url":"https:\/\/www.mexicanguitarplayers.com\/wp-content\/uploads\/2025\/04\/RABELBC850.jpg","contentUrl":"https:\/\/www.mexicanguitarplayers.com\/wp-content\/uploads\/2025\/04\/RABELBC850.jpg","width":1200,"height":1200},{"@type":"BreadcrumbList","@id":"https:\/\/www.mexicanguitarplayers.com\/tienda\/sin categor\u00eda\/afinador-belcat-mod-bc-850\/#breadcrumb","itemListElement":[{"@type":"ListItem","position":1,"name":"Portada","item":"https:\/\/www.mexicanguitarplayers.com\/"},{"@type":"ListItem","position":2,"name":"Tienda","item":"https:\/\/www.mexicanguitarplayers.com\/tienda\/"},{"@type":"ListItem","position":3,"name":"AFINADOR BELCAT MOD. BC-850"}]},{"@type":"WebSite","@id":"https:\/\/www.mexicanguitarplayers.com\/#website","url":"https:\/\/www.mexicanguitarplayers.com\/","name":"Mexican Guitar Players","description":"Website","publisher":{"@id":"https:\/\/www.mexicanguitarplayers.com\/#organization"},"potentialAction":[{"@type":"SearchAction","target":{"@type":"EntryPoint","urlTemplate":"https:\/\/www.mexicanguitarplayers.com\/?s={search_term_string}"},"query-input":{"@type":"PropertyValueSpecification","valueRequired":true,"valueName":"search_term_string"}}],"inLanguage":"en-US"},{"@type":"Organization","@id":"https:\/\/www.mexicanguitarplayers.com\/#organization","name":"Mexican Guitar Players","url":"https:\/\/www.mexicanguitarplayers.com\/","logo":{"@type":"ImageObject","inLanguage":"en-US","@id":"https:\/\/www.mexicanguitarplayers.com\/#\/schema\/logo\/image\/","url":"","contentUrl":"","caption":"Mexican Guitar Players"},"image":{"@id":"https:\/\/www.mexicanguitarplayers.com\/#\/schema\/logo\/image\/"}}]}},"brands":[{"id":258,"name":"BELCAT","slug":"belcat"}],"_links":{"self":[{"href":"https:\/\/www.mexicanguitarplayers.com\/en\/wp-json\/wp\/v2\/product\/29382","targetHints":{"allow":["GET"]}}],"collection":[{"href":"https:\/\/www.mexicanguitarplayers.com\/en\/wp-json\/wp\/v2\/product"}],"about":[{"href":"https:\/\/www.mexicanguitarplayers.com\/en\/wp-json\/wp\/v2\/types\/product"}],"replies":[{"embeddable":true,"href":"https:\/\/www.mexicanguitarplayers.com\/en\/wp-json\/wp\/v2\/comments?post=29382"}],"wp:featuredmedia":[{"embeddable":true,"href":"https:\/\/www.mexicanguitarplayers.com\/en\/wp-json\/wp\/v2\/media\/29381"}],"wp:attachment":[{"href":"https:\/\/www.mexicanguitarplayers.com\/en\/wp-json\/wp\/v2\/media?parent=29382"}],"wp:term":[{"taxonomy":"pwb-brand","embeddable":true,"href":"https:\/\/www.mexicanguitarplayers.com\/en\/wp-json\/wp\/v2\/pwb-brand?post=29382"},{"taxonomy":"product_brand","embeddable":true,"href":"https:\/\/www.mexicanguitarplayers.com\/en\/wp-json\/wp\/v2\/product_brand?post=29382"},{"taxonomy":"product_cat","embeddable":true,"href":"https:\/\/www.mexicanguitarplayers.com\/en\/wp-json\/wp\/v2\/product_cat?post=29382"},{"taxonomy":"product_tag","embeddable":true,"href":"https:\/\/www.mexicanguitarplayers.com\/en\/wp-json\/wp\/v2\/product_tag?post=29382"}],"curies":[{"name":"wp","href":"https:\/\/api.w.org\/{rel}","templated":true}]}}