{"id":29385,"date":"2025-04-08T10:39:02","date_gmt":"2025-04-08T16:39:02","guid":{"rendered":"https:\/\/www.mexicanguitarplayers.com\/tienda\/sin categor\u00eda\/afinador-tc-electronic-polytune-3\/"},"modified":"2026-02-18T04:21:12","modified_gmt":"2026-02-18T10:21:12","slug":"afinador-tc-electronic-polytune-3","status":"publish","type":"product","link":"https:\/\/www.mexicanguitarplayers.com\/en\/tienda\/accesorios\/afinadores-y-metronomos\/afinadores\/afinadores-cromaticos\/afinador-tc-electronic-polytune-3\/","title":{"rendered":"AFINADOR TC ELECTRONIC POLYTUNE 3"},"content":{"rendered":"<div style=\"text-align: justify\">\n<div>\n<h3>Algunas veces &#8220;m\u00e1s&#8221; es realmente &#8220;m\u00e1s&#8221;.<\/h3>\n<\/div>\n<div>Cuando se introdujo por primera vez en 2010, el PolyTune original revolucion\u00f3 la forma en la que los m\u00fasicos afinaban sus instrumentos. Alabado por m\u00fasicos tanto profesionales como amateurs, el PolyTune hace que la afinaci\u00f3n de la guitarra sea tan simple como: Strum, Afinar: Rockear. Entonces, \u00bfc\u00f3mo lograr que el afinador polif\u00f3nico m\u00e1s vendido del mundo sea a\u00fan mejor? \u00bfPor segunda vez? Sencillo: Haciendo que haga a\u00fan m\u00e1s. A pesar de conservar las caracter\u00edsticas populares, como los modos m\u00faltiples de afinaci\u00f3n (incluyendo el modo estrobosc\u00f3pico polif\u00f3nico, crom\u00e1tico, ultra preciso y las afinaciones alternativas) hemos a\u00f1adido una nueva caracter\u00edstica clave: un buffer. Pero no cualquier buffer. Al incorporar nuestro aclamado BonaFide Buffer en el PolyTune 3, nos aseguramos de que su se\u00f1al y por lo tanto su sonido, permanezca pr\u00edstinamente preservado a trav\u00e9s de extensas salidas de cable y complejas configuraciones de pedales. Al reunir dos de nuestras tecnolog\u00edas m\u00e1s potentes en un s\u00f3lo pedal, garantizamos que el PolyTune 3 es una fuerza a tener en cuenta.<\/div>\n<div>\n<h4>Quick look<\/h4>\n<\/div>\n<ul style=\"margin: 0px 0px 0px 25px\">\n<li style=\"list-style-type: circle;margin: 5px\">M\u00e1s brillante que miles de soles.<\/li>\n<li style=\"list-style-type: circle;margin: 5px\">Campe\u00f3n crom\u00e1tico.<\/li>\n<li style=\"list-style-type: circle;margin: 5px\">PolyTune: \u00a1Strum &#8211; Tune &#8211; Rock!<\/li>\n<li style=\"list-style-type: circle;margin: 5px\">Estrobo completo.<\/li>\n<li style=\"list-style-type: circle;margin: 5px\">Afinaci\u00f3n de im\u00e1n.<\/li>\n<li style=\"list-style-type: circle;margin: 5px\">Monopoly.<\/li>\n<li style=\"list-style-type: circle;margin: 5px\">True Buffer o True Bypass &#8211; Tu decides.<\/li>\n<li style=\"list-style-type: circle;margin: 5px\">No es cualquier viejo buffer.<\/li>\n<\/ul>\n<div>\n<div style=\"font-weight: bold\">M\u00e1s brillante que miles de soles.<\/div>\n<div>\n<p>La pantalla 109-LED de la retina del Polytune 3 es espectacular en ambientes oscuros. \u00bfEst\u00e1s tocando en un festival al aire libre en un d\u00eda soleado? No hay problema. El detector de luz ambiental incluido asegura que el brillo siempre est\u00e9 encendido, independientemente de las condiciones de iluminaci\u00f3n.<\/p>\n<\/div>\n<div style=\"font-weight: bold\">Campe\u00f3n crom\u00e1tico.<\/div>\n<div>\n<p>Adem\u00e1s del afinador polif\u00f3nico, el Polytune tiene un afinador crom\u00e1tico que puede colgarse con la mejor tecnolog\u00eda de afinaci\u00f3n, con una asombrosa precisi\u00f3n de 0.5 cent.<\/p>\n<\/div>\n<div style=\"font-weight: bold\">PolyTune: \u00a1Strum &#8211; Tune &#8211; Rock!<\/div>\n<div>\n<p>Nuestro Polytune original fue el primer afinador polif\u00f3nico del mundo, un cambio revolucionario que permite checar las 6 cuerdas simult\u00e1neamente y afinar sobre la marcha. Ahora, con el modo \u201calways on\u201d del Polytune 3, \u201cinstant\u00e1neo\u201d es mucho m\u00e1s r\u00e1pido.<\/p>\n<\/div>\n<div style=\"font-weight: bold\">Estrobo completo.<\/div>\n<div>\n<p>El afinador estrobo en el Polytune 3 es s\u00faper preciso y s\u00faper r\u00e1pido. Afina tus instrumentos con una precisi\u00f3n quir\u00fargica a velocidades cegadoras. Suena bien. \u00bfCierto? Estamos hablando de una precisi\u00f3n de \u00b10.1 cent y en caso de que realmente no sepas lo que esto significa, cr\u00e9enos que hay afinadores at\u00f3micos en el mundo que matar\u00edan por esa precisi\u00f3n.<\/p>\n<\/div>\n<div style=\"font-weight: bold\">Afinaci\u00f3n de im\u00e1n.<\/div>\n<div>\n<p>La funci\u00f3n de im\u00e1n de afinaci\u00f3n, ralentiza la aguja una vez que te est\u00e1s acercando al tono deseado, ofreciendo una experiencia de afinaci\u00f3n m\u00e1s r\u00e1pida y f\u00e1cil, todo el tiempo y en cualquier momento.<\/p>\n<\/div>\n<div style=\"font-weight: bold\">Monopoly.<\/div>\n<div>\n<p>Monopoly reconoce instant\u00e1neamente cuando tocas una o todas las cuerdas y responde con el modo de afinaci\u00f3n apropiado, polif\u00f3nico o monof\u00f3nico.<\/p>\n<\/div>\n<div style=\"font-weight: bold\">True Buffer o True Bypass &#8211; Tu decides.<\/div>\n<div>\n<p>El Polytune 3 te permite decidir entre el modo buffered-bypass o nuestro probado concepto de true-bypass, para una afinaci\u00f3n silenciosa y una m\u00e1xima claridad para preservar la se\u00f1al. En el modo buffered, una operaci\u00f3n \u201calways on\u201d est\u00e1 siempre disponible. El toque de interruptor es todo lo que se necesita.<\/p>\n<\/div>\n<div style=\"font-weight: bold\">No es cualquier viejo buffer.<\/div>\n<div>\n<p>El Polytune 3 cuenta con nuestro Buffer BonaFide patentado. Un b\u00fafer an\u00e1logo de alta calidad, que combate la succi\u00f3n del sonido cuando se utilizan largos recorridos de cable o complejas configuraciones de pedales. Dado que un b\u00fafer es usualmente colocado al principio de la cadena de se\u00f1al, justo como tu afinador, pensamos que era una obviedad combinar los dos en un solo paquete compacto.<\/p>\n<\/div>\n<\/div>\n<\/div>","protected":false},"excerpt":{"rendered":"<p>Afinador polif\u00f3nico, estrobosc\u00f3pico y alternativo, formato de pedal, Display LED, pitch de referencia seleccionable, precisi\u00f3n de 0.5 cent (crom\u00e1tico) y 0.1 cent (estrobo), una entrada jack de 1\/4\u201d para instrumento y un USB Mini-B para actualizaciones de firmware, una salida jack de 1\/4\u201d, true Bypass o Buffered, fuente de alimentaci\u00f3n 9V DC (no incluida) o una pila de 9V, consumo de energ\u00eda: 100 mA, dimensiones: 50.8 x 121.9 x 71.1 mm.&hellip; <a class=\"kt-excerpt-readmore more-link\" href=\"https:\/\/www.mexicanguitarplayers.com\/en\/tienda\/accesorios\/afinadores-y-metronomos\/afinadores\/afinadores-cromaticos\/afinador-tc-electronic-polytune-3\/\">Read more<\/a><\/p>","protected":false},"featured_media":29383,"comment_status":"open","ping_status":"closed","template":"","meta":{"kt_blocks_editor_width":""},"pwb-brand":[170],"product_brand":[],"product_cat":[85,423,424,422],"product_tag":[],"class_list":{"0":"post-29385","1":"product","2":"type-product","3":"status-publish","4":"has-post-thumbnail","6":"pwb-brand-tc-electronic","7":"product_cat-accesorios","8":"product_cat-afinadores","9":"product_cat-afinadores-cromaticos","10":"product_cat-afinadores-y-metronomos","11":"product_shipping_class-0-5-kg","13":"first","14":"outofstock","15":"taxable","16":"shipping-taxable","17":"purchasable","18":"product-type-simple"},"yoast_head":"<!-- This site is optimized with the Yoast SEO plugin v27.3 - https:\/\/yoast.com\/product\/yoast-seo-wordpress\/ -->\n<title>AFINADOR TC ELECTRONIC POLYTUNE 3 - Mexican Guitar Players<\/title>\n<meta name=\"description\" content=\"Afinador polif\u00f3nico, estrobosc\u00f3pico y alternativo, formato de pedal, Display LED, pitch de referencia seleccionable, precisi\u00f3n de 0.5 cent (crom\u00e1tico) y 0.1 cent (estrobo), una entrada jack de 1\/4\u201d para instrumento y un USB Mini-B para actualizaciones de firmware, una salida jack de 1\/4\u201d, true Bypass o Buffered, fuente de alimentaci\u00f3n 9V DC (no incluida) o una pila de 9V, consumo de energ\u00eda: 100 mA, dimensiones: 50.8 x 121.9 x 71.1 mm.\" \/>\n<meta name=\"robots\" content=\"index, follow, max-snippet:-1, max-image-preview:large, max-video-preview:-1\" \/>\n<link rel=\"canonical\" href=\"https:\/\/www.mexicanguitarplayers.com\/en\/tienda\/sin%20categor\u00eda\/afinador-tc-electronic-polytune-3\/\" \/>\n<meta property=\"og:locale\" content=\"en_US\" \/>\n<meta property=\"og:type\" content=\"article\" \/>\n<meta property=\"og:title\" content=\"AFINADOR TC ELECTRONIC POLYTUNE 3 - Mexican Guitar Players\" \/>\n<meta property=\"og:description\" content=\"Afinador polif\u00f3nico, estrobosc\u00f3pico y alternativo, formato de pedal, Display LED, pitch de referencia seleccionable, precisi\u00f3n de 0.5 cent (crom\u00e1tico) y 0.1 cent (estrobo), una entrada jack de 1\/4\u201d para instrumento y un USB Mini-B para actualizaciones de firmware, una salida jack de 1\/4\u201d, true Bypass o Buffered, fuente de alimentaci\u00f3n 9V DC (no incluida) o una pila de 9V, consumo de energ\u00eda: 100 mA, dimensiones: 50.8 x 121.9 x 71.1 mm.\" \/>\n<meta property=\"og:url\" content=\"https:\/\/www.mexicanguitarplayers.com\/en\/tienda\/sin categor\u00eda\/afinador-tc-electronic-polytune-3\/\" \/>\n<meta property=\"og:site_name\" content=\"Mexican Guitar Players\" \/>\n<meta property=\"article:modified_time\" content=\"2026-02-18T10:21:12+00:00\" \/>\n<meta name=\"twitter:card\" content=\"summary_large_image\" \/>\n<meta name=\"twitter:label1\" content=\"Est. reading time\" \/>\n\t<meta name=\"twitter:data1\" content=\"3 minutes\" \/>\n<script type=\"application\/ld+json\" class=\"yoast-schema-graph\">{\"@context\":\"https:\\\/\\\/schema.org\",\"@graph\":[{\"@type\":[\"WebPage\",\"ItemPage\"],\"@id\":\"https:\\\/\\\/www.mexicanguitarplayers.com\\\/tienda\\\/sin categor\u00eda\\\/afinador-tc-electronic-polytune-3\\\/\",\"url\":\"https:\\\/\\\/www.mexicanguitarplayers.com\\\/tienda\\\/sin categor\u00eda\\\/afinador-tc-electronic-polytune-3\\\/\",\"name\":\"AFINADOR TC ELECTRONIC POLYTUNE 3 - Mexican Guitar Players\",\"isPartOf\":{\"@id\":\"https:\\\/\\\/www.mexicanguitarplayers.com\\\/#website\"},\"primaryImageOfPage\":{\"@id\":\"https:\\\/\\\/www.mexicanguitarplayers.com\\\/tienda\\\/sin categor\u00eda\\\/afinador-tc-electronic-polytune-3\\\/#primaryimage\"},\"image\":{\"@id\":\"https:\\\/\\\/www.mexicanguitarplayers.com\\\/tienda\\\/sin categor\u00eda\\\/afinador-tc-electronic-polytune-3\\\/#primaryimage\"},\"thumbnailUrl\":\"https:\\\/\\\/www.mexicanguitarplayers.com\\\/wp-content\\\/uploads\\\/2025\\\/04\\\/RATCEPOLYTUNE3.jpg\",\"datePublished\":\"2025-04-08T16:39:02+00:00\",\"dateModified\":\"2026-02-18T10:21:12+00:00\",\"description\":\"Afinador polif\u00f3nico, estrobosc\u00f3pico y alternativo, formato de pedal, Display LED, pitch de referencia seleccionable, precisi\u00f3n de 0.5 cent (crom\u00e1tico) y 0.1 cent (estrobo), una entrada jack de 1\\\/4\u201d para instrumento y un USB Mini-B para actualizaciones de firmware, una salida jack de 1\\\/4\u201d, true Bypass o Buffered, fuente de alimentaci\u00f3n 9V DC (no incluida) o una pila de 9V, consumo de energ\u00eda: 100 mA, dimensiones: 50.8 x 121.9 x 71.1 mm.\",\"breadcrumb\":{\"@id\":\"https:\\\/\\\/www.mexicanguitarplayers.com\\\/tienda\\\/sin categor\u00eda\\\/afinador-tc-electronic-polytune-3\\\/#breadcrumb\"},\"inLanguage\":\"en-US\",\"potentialAction\":[{\"@type\":\"ReadAction\",\"target\":[\"https:\\\/\\\/www.mexicanguitarplayers.com\\\/tienda\\\/sin categor\u00eda\\\/afinador-tc-electronic-polytune-3\\\/\"]}]},{\"@type\":\"ImageObject\",\"inLanguage\":\"en-US\",\"@id\":\"https:\\\/\\\/www.mexicanguitarplayers.com\\\/tienda\\\/sin categor\u00eda\\\/afinador-tc-electronic-polytune-3\\\/#primaryimage\",\"url\":\"https:\\\/\\\/www.mexicanguitarplayers.com\\\/wp-content\\\/uploads\\\/2025\\\/04\\\/RATCEPOLYTUNE3.jpg\",\"contentUrl\":\"https:\\\/\\\/www.mexicanguitarplayers.com\\\/wp-content\\\/uploads\\\/2025\\\/04\\\/RATCEPOLYTUNE3.jpg\",\"width\":1200,\"height\":1200},{\"@type\":\"BreadcrumbList\",\"@id\":\"https:\\\/\\\/www.mexicanguitarplayers.com\\\/tienda\\\/sin categor\u00eda\\\/afinador-tc-electronic-polytune-3\\\/#breadcrumb\",\"itemListElement\":[{\"@type\":\"ListItem\",\"position\":1,\"name\":\"Portada\",\"item\":\"https:\\\/\\\/www.mexicanguitarplayers.com\\\/\"},{\"@type\":\"ListItem\",\"position\":2,\"name\":\"Tienda\",\"item\":\"https:\\\/\\\/www.mexicanguitarplayers.com\\\/tienda\\\/\"},{\"@type\":\"ListItem\",\"position\":3,\"name\":\"AFINADOR TC ELECTRONIC POLYTUNE 3\"}]},{\"@type\":\"WebSite\",\"@id\":\"https:\\\/\\\/www.mexicanguitarplayers.com\\\/#website\",\"url\":\"https:\\\/\\\/www.mexicanguitarplayers.com\\\/\",\"name\":\"Mexican Guitar Players\",\"description\":\"Website\",\"publisher\":{\"@id\":\"https:\\\/\\\/www.mexicanguitarplayers.com\\\/#organization\"},\"potentialAction\":[{\"@type\":\"SearchAction\",\"target\":{\"@type\":\"EntryPoint\",\"urlTemplate\":\"https:\\\/\\\/www.mexicanguitarplayers.com\\\/?s={search_term_string}\"},\"query-input\":{\"@type\":\"PropertyValueSpecification\",\"valueRequired\":true,\"valueName\":\"search_term_string\"}}],\"inLanguage\":\"en-US\"},{\"@type\":\"Organization\",\"@id\":\"https:\\\/\\\/www.mexicanguitarplayers.com\\\/#organization\",\"name\":\"Mexican Guitar Players\",\"url\":\"https:\\\/\\\/www.mexicanguitarplayers.com\\\/\",\"logo\":{\"@type\":\"ImageObject\",\"inLanguage\":\"en-US\",\"@id\":\"https:\\\/\\\/www.mexicanguitarplayers.com\\\/#\\\/schema\\\/logo\\\/image\\\/\",\"url\":\"\",\"contentUrl\":\"\",\"caption\":\"Mexican Guitar Players\"},\"image\":{\"@id\":\"https:\\\/\\\/www.mexicanguitarplayers.com\\\/#\\\/schema\\\/logo\\\/image\\\/\"}}]}<\/script>\n<!-- \/ Yoast SEO plugin. -->","yoast_head_json":{"title":"AFINADOR TC ELECTRONIC POLYTUNE 3 - Mexican Guitar Players","description":"Afinador polif\u00f3nico, estrobosc\u00f3pico y alternativo, formato de pedal, Display LED, pitch de referencia seleccionable, precisi\u00f3n de 0.5 cent (crom\u00e1tico) y 0.1 cent (estrobo), una entrada jack de 1\/4\u201d para instrumento y un USB Mini-B para actualizaciones de firmware, una salida jack de 1\/4\u201d, true Bypass o Buffered, fuente de alimentaci\u00f3n 9V DC (no incluida) o una pila de 9V, consumo de energ\u00eda: 100 mA, dimensiones: 50.8 x 121.9 x 71.1 mm.","robots":{"index":"index","follow":"follow","max-snippet":"max-snippet:-1","max-image-preview":"max-image-preview:large","max-video-preview":"max-video-preview:-1"},"canonical":"https:\/\/www.mexicanguitarplayers.com\/en\/tienda\/sin categor\u00eda\/afinador-tc-electronic-polytune-3\/","og_locale":"en_US","og_type":"article","og_title":"AFINADOR TC ELECTRONIC POLYTUNE 3 - Mexican Guitar Players","og_description":"Afinador polif\u00f3nico, estrobosc\u00f3pico y alternativo, formato de pedal, Display LED, pitch de referencia seleccionable, precisi\u00f3n de 0.5 cent (crom\u00e1tico) y 0.1 cent (estrobo), una entrada jack de 1\/4\u201d para instrumento y un USB Mini-B para actualizaciones de firmware, una salida jack de 1\/4\u201d, true Bypass o Buffered, fuente de alimentaci\u00f3n 9V DC (no incluida) o una pila de 9V, consumo de energ\u00eda: 100 mA, dimensiones: 50.8 x 121.9 x 71.1 mm.","og_url":"https:\/\/www.mexicanguitarplayers.com\/en\/tienda\/sin categor\u00eda\/afinador-tc-electronic-polytune-3\/","og_site_name":"Mexican Guitar Players","article_modified_time":"2026-02-18T10:21:12+00:00","twitter_card":"summary_large_image","twitter_misc":{"Est. reading time":"3 minutes"},"schema":{"@context":"https:\/\/schema.org","@graph":[{"@type":["WebPage","ItemPage"],"@id":"https:\/\/www.mexicanguitarplayers.com\/tienda\/sin categor\u00eda\/afinador-tc-electronic-polytune-3\/","url":"https:\/\/www.mexicanguitarplayers.com\/tienda\/sin categor\u00eda\/afinador-tc-electronic-polytune-3\/","name":"AFINADOR TC ELECTRONIC POLYTUNE 3 - Mexican Guitar Players","isPartOf":{"@id":"https:\/\/www.mexicanguitarplayers.com\/#website"},"primaryImageOfPage":{"@id":"https:\/\/www.mexicanguitarplayers.com\/tienda\/sin categor\u00eda\/afinador-tc-electronic-polytune-3\/#primaryimage"},"image":{"@id":"https:\/\/www.mexicanguitarplayers.com\/tienda\/sin categor\u00eda\/afinador-tc-electronic-polytune-3\/#primaryimage"},"thumbnailUrl":"https:\/\/www.mexicanguitarplayers.com\/wp-content\/uploads\/2025\/04\/RATCEPOLYTUNE3.jpg","datePublished":"2025-04-08T16:39:02+00:00","dateModified":"2026-02-18T10:21:12+00:00","description":"Afinador polif\u00f3nico, estrobosc\u00f3pico y alternativo, formato de pedal, Display LED, pitch de referencia seleccionable, precisi\u00f3n de 0.5 cent (crom\u00e1tico) y 0.1 cent (estrobo), una entrada jack de 1\/4\u201d para instrumento y un USB Mini-B para actualizaciones de firmware, una salida jack de 1\/4\u201d, true Bypass o Buffered, fuente de alimentaci\u00f3n 9V DC (no incluida) o una pila de 9V, consumo de energ\u00eda: 100 mA, dimensiones: 50.8 x 121.9 x 71.1 mm.","breadcrumb":{"@id":"https:\/\/www.mexicanguitarplayers.com\/tienda\/sin categor\u00eda\/afinador-tc-electronic-polytune-3\/#breadcrumb"},"inLanguage":"en-US","potentialAction":[{"@type":"ReadAction","target":["https:\/\/www.mexicanguitarplayers.com\/tienda\/sin categor\u00eda\/afinador-tc-electronic-polytune-3\/"]}]},{"@type":"ImageObject","inLanguage":"en-US","@id":"https:\/\/www.mexicanguitarplayers.com\/tienda\/sin categor\u00eda\/afinador-tc-electronic-polytune-3\/#primaryimage","url":"https:\/\/www.mexicanguitarplayers.com\/wp-content\/uploads\/2025\/04\/RATCEPOLYTUNE3.jpg","contentUrl":"https:\/\/www.mexicanguitarplayers.com\/wp-content\/uploads\/2025\/04\/RATCEPOLYTUNE3.jpg","width":1200,"height":1200},{"@type":"BreadcrumbList","@id":"https:\/\/www.mexicanguitarplayers.com\/tienda\/sin categor\u00eda\/afinador-tc-electronic-polytune-3\/#breadcrumb","itemListElement":[{"@type":"ListItem","position":1,"name":"Portada","item":"https:\/\/www.mexicanguitarplayers.com\/"},{"@type":"ListItem","position":2,"name":"Tienda","item":"https:\/\/www.mexicanguitarplayers.com\/tienda\/"},{"@type":"ListItem","position":3,"name":"AFINADOR TC ELECTRONIC POLYTUNE 3"}]},{"@type":"WebSite","@id":"https:\/\/www.mexicanguitarplayers.com\/#website","url":"https:\/\/www.mexicanguitarplayers.com\/","name":"Mexican Guitar Players","description":"Website","publisher":{"@id":"https:\/\/www.mexicanguitarplayers.com\/#organization"},"potentialAction":[{"@type":"SearchAction","target":{"@type":"EntryPoint","urlTemplate":"https:\/\/www.mexicanguitarplayers.com\/?s={search_term_string}"},"query-input":{"@type":"PropertyValueSpecification","valueRequired":true,"valueName":"search_term_string"}}],"inLanguage":"en-US"},{"@type":"Organization","@id":"https:\/\/www.mexicanguitarplayers.com\/#organization","name":"Mexican Guitar Players","url":"https:\/\/www.mexicanguitarplayers.com\/","logo":{"@type":"ImageObject","inLanguage":"en-US","@id":"https:\/\/www.mexicanguitarplayers.com\/#\/schema\/logo\/image\/","url":"","contentUrl":"","caption":"Mexican Guitar Players"},"image":{"@id":"https:\/\/www.mexicanguitarplayers.com\/#\/schema\/logo\/image\/"}}]}},"brands":[{"id":170,"name":"TC-ELECTRONIC","slug":"tc-electronic"}],"_links":{"self":[{"href":"https:\/\/www.mexicanguitarplayers.com\/en\/wp-json\/wp\/v2\/product\/29385","targetHints":{"allow":["GET"]}}],"collection":[{"href":"https:\/\/www.mexicanguitarplayers.com\/en\/wp-json\/wp\/v2\/product"}],"about":[{"href":"https:\/\/www.mexicanguitarplayers.com\/en\/wp-json\/wp\/v2\/types\/product"}],"replies":[{"embeddable":true,"href":"https:\/\/www.mexicanguitarplayers.com\/en\/wp-json\/wp\/v2\/comments?post=29385"}],"wp:featuredmedia":[{"embeddable":true,"href":"https:\/\/www.mexicanguitarplayers.com\/en\/wp-json\/wp\/v2\/media\/29383"}],"wp:attachment":[{"href":"https:\/\/www.mexicanguitarplayers.com\/en\/wp-json\/wp\/v2\/media?parent=29385"}],"wp:term":[{"taxonomy":"pwb-brand","embeddable":true,"href":"https:\/\/www.mexicanguitarplayers.com\/en\/wp-json\/wp\/v2\/pwb-brand?post=29385"},{"taxonomy":"product_brand","embeddable":true,"href":"https:\/\/www.mexicanguitarplayers.com\/en\/wp-json\/wp\/v2\/product_brand?post=29385"},{"taxonomy":"product_cat","embeddable":true,"href":"https:\/\/www.mexicanguitarplayers.com\/en\/wp-json\/wp\/v2\/product_cat?post=29385"},{"taxonomy":"product_tag","embeddable":true,"href":"https:\/\/www.mexicanguitarplayers.com\/en\/wp-json\/wp\/v2\/product_tag?post=29385"}],"curies":[{"name":"wp","href":"https:\/\/api.w.org\/{rel}","templated":true}]}}