{"id":29403,"date":"2025-04-08T10:39:30","date_gmt":"2025-04-08T16:39:30","guid":{"rendered":"https:\/\/www.mexicanguitarplayers.com\/tienda\/sin categor\u00eda\/bafle-beyma-profesional-mod-sm15-1\/"},"modified":"2026-05-01T07:26:04","modified_gmt":"2026-05-01T13:26:04","slug":"bafle-beyma-profesional-mod-sm15-1","status":"publish","type":"product","link":"https:\/\/www.mexicanguitarplayers.com\/en\/tienda\/audio\/bafles-y-bocinas\/bafles\/bafles-pasivos\/bafle-beyma-profesional-mod-sm15-1\/","title":{"rendered":"BAFLE BEYMA PROFESIONAL MOD. SM15\/1"},"content":{"rendered":"<div style=\"text-align: justify\">\n<div>\n<h3>Monitor de escenario.<\/h3>\n<\/div>\n<div>Monitor pasivo para escenarios con la calidad del dise\u00f1o y los componentes Beyma. Cuenta con una potencia AES de 300 watts y potencia programa de 700 watts, cobertura c\u00f3nica de 80\u00b0, respuesta de frecuencia de 43 &#8211; 20,000 Hz y un SPL m\u00e1ximo de 130 dB.<\/div>\n<div>\n<h4>Quick look<\/h4>\n<\/div>\n<ul style=\"margin: 0px 0px 0px 25px\">\n<li style=\"list-style-type: circle;margin: 5px\">Speaker.<\/li>\n<li style=\"list-style-type: circle;margin: 5px\">Power.<\/li>\n<li style=\"list-style-type: circle;margin: 5px\">Frequency response.<\/li>\n<li style=\"list-style-type: circle;margin: 5px\">Sensitivity.<\/li>\n<li style=\"list-style-type: circle;margin: 5px\">Bajo peso.<\/li>\n<li style=\"list-style-type: circle;margin: 5px\">Unidad LF.<\/li>\n<li style=\"list-style-type: circle;margin: 5px\">Unidad HF.<\/li>\n<\/ul>\n<div>\n<div style=\"font-weight: bold\">Speaker.<\/div>\n<div>\n<p>Altavoz de 15&#8243; pulgadas dise\u00f1ado para gabinetes reflex compactos y driver de compresi\u00f3n de 2&#8243; pulgadas.<\/p>\n<\/div>\n<div style=\"font-weight: bold\">Power.<\/div>\n<div>\n<p>Unidad LF: 350 watts AES. Unidad HF: 90 watts AES.<\/p>\n<\/div>\n<div style=\"font-weight: bold\">Frequency response.<\/div>\n<div>\n<p>43 &#8211; 20,000 Hz<\/p>\n<\/div>\n<div style=\"font-weight: bold\">Sensitivity.<\/div>\n<div>\n<p>Unidad LF: 99 dB. Unidad HF: 105 dB.<\/p>\n<\/div>\n<div style=\"font-weight: bold\">Bajo peso.<\/div>\n<div>\n<p>Sistema com\u00fan de im\u00e1n de neodimio para ambas unidades.<\/p>\n<\/div>\n<div style=\"font-weight: bold\">Unidad LF.<\/div>\n<div>\n<p>Di\u00e1metro nominal: 15&#8243; pulgadas (380 mm). Impedancia nominal: 8 ohms. Impedancia m\u00ednima: 7.6 ohms. Potencia AES: 350 watts. Potencia programa: 700 watts. Sensibilidad: 99 dB 2.83v @ 1m. Rango de frecuencia: 25 &#8211; 3,500 Hz. Di\u00e1metro de la bobina m\u00f3vil: 4&#8243; pulgadas (100 mm). Peso del montaje magn\u00e9tico: 4.2 kg. Factor BL: 18.2 N\/A. Di\u00e1metro de la bobina m\u00f3vil: 16 mm. Altura del entrehierro: 9 mm. Da\u00f1o X (pico a pico): 28 mm.<\/p>\n<\/div>\n<div style=\"font-weight: bold\">Unidad HF.<\/div>\n<div>\n<p>Di\u00e1metro de la garganta: 2&#8243; pulgadas (50.8 mm). Impedancia nominal: 16 ohms. Potencia AES: 90 watts por encima de 1 kHz. Potencia programa: 180 watts por encima de 1 kHz. Sensibilidad: 105 dB 1w @ 1m. Rango de frecuencia: 500 &#8211; 20,000 Hz. Di\u00e1metro de la bobina m\u00f3vil: 2.87&#8243; pulgadas (72.2 mm).<\/p>\n<\/div>\n<\/div>\n<\/div>","protected":false},"excerpt":{"rendered":"<p>Monitor de escenario de 15\u201d pulgadas, potencia AES de 350 watts y potencia programa de 700 watts, sensibilidad: 2,83v @ 1m: 99 dB, SPL continuo m\u00e1ximo: 124 dB, SPL pico m\u00e1ximo: 130 dB, repuesta de frecuencia: 43 &#8211; 20,000 Hz, cobertura nominal: 80\u00ba c\u00f3nico, altavoz: 15XA38ND, crossover: FC-15\/1.&hellip; <a class=\"kt-excerpt-readmore more-link\" href=\"https:\/\/www.mexicanguitarplayers.com\/en\/tienda\/audio\/bafles-y-bocinas\/bafles\/bafles-pasivos\/bafle-beyma-profesional-mod-sm15-1\/\">Read more<\/a><\/p>","protected":false},"featured_media":29402,"comment_status":"open","ping_status":"closed","template":"","meta":{"kt_blocks_editor_width":""},"pwb-brand":[477],"product_brand":[],"product_cat":[213,222,223,221],"product_tag":[],"class_list":{"0":"post-29403","1":"product","2":"type-product","3":"status-publish","4":"has-post-thumbnail","6":"pwb-brand-beyma","7":"product_cat-audio","8":"product_cat-bafles","9":"product_cat-bafles-pasivos","10":"product_cat-bafles-y-bocinas","11":"product_shipping_class-20-25-kg","13":"first","14":"instock","15":"taxable","16":"shipping-taxable","17":"purchasable","18":"product-type-simple"},"yoast_head":"<!-- This site is optimized with the Yoast SEO plugin v27.5 - https:\/\/yoast.com\/product\/yoast-seo-wordpress\/ -->\n<title>BAFLE BEYMA PROFESIONAL MOD. SM15\/1 - Mexican Guitar Players<\/title>\n<meta name=\"description\" content=\"Monitor de escenario de 15\u201d pulgadas, potencia AES de 350 watts y potencia programa de 700 watts, sensibilidad: 2,83v @ 1m: 99 dB, SPL continuo m\u00e1ximo: 124 dB, SPL pico m\u00e1ximo: 130 dB, repuesta de frecuencia: 43 - 20,000 Hz, cobertura nominal: 80\u00ba c\u00f3nico, altavoz: 15XA38ND, crossover: FC-15\/1.\" \/>\n<meta name=\"robots\" content=\"index, follow, max-snippet:-1, max-image-preview:large, max-video-preview:-1\" \/>\n<link rel=\"canonical\" href=\"https:\/\/www.mexicanguitarplayers.com\/en\/tienda\/sin%20categor\u00eda\/bafle-beyma-profesional-mod-sm15-1\/\" \/>\n<meta property=\"og:locale\" content=\"en_US\" \/>\n<meta property=\"og:type\" content=\"article\" \/>\n<meta property=\"og:title\" content=\"BAFLE BEYMA PROFESIONAL MOD. SM15\/1 - Mexican Guitar Players\" \/>\n<meta property=\"og:description\" content=\"Monitor de escenario de 15\u201d pulgadas, potencia AES de 350 watts y potencia programa de 700 watts, sensibilidad: 2,83v @ 1m: 99 dB, SPL continuo m\u00e1ximo: 124 dB, SPL pico m\u00e1ximo: 130 dB, repuesta de frecuencia: 43 - 20,000 Hz, cobertura nominal: 80\u00ba c\u00f3nico, altavoz: 15XA38ND, crossover: FC-15\/1.\" \/>\n<meta property=\"og:url\" content=\"https:\/\/www.mexicanguitarplayers.com\/en\/tienda\/sin categor\u00eda\/bafle-beyma-profesional-mod-sm15-1\/\" \/>\n<meta property=\"og:site_name\" content=\"Mexican Guitar Players\" \/>\n<meta property=\"article:modified_time\" content=\"2026-05-01T13:26:04+00:00\" \/>\n<meta name=\"twitter:card\" content=\"summary_large_image\" \/>\n<meta name=\"twitter:label1\" content=\"Est. reading time\" \/>\n\t<meta name=\"twitter:data1\" content=\"1 minute\" \/>\n<script type=\"application\/ld+json\" class=\"yoast-schema-graph\">{\"@context\":\"https:\\\/\\\/schema.org\",\"@graph\":[{\"@type\":[\"WebPage\",\"ItemPage\"],\"@id\":\"https:\\\/\\\/www.mexicanguitarplayers.com\\\/tienda\\\/sin categor\u00eda\\\/bafle-beyma-profesional-mod-sm15-1\\\/\",\"url\":\"https:\\\/\\\/www.mexicanguitarplayers.com\\\/tienda\\\/sin categor\u00eda\\\/bafle-beyma-profesional-mod-sm15-1\\\/\",\"name\":\"BAFLE BEYMA PROFESIONAL MOD. SM15\\\/1 - Mexican Guitar Players\",\"isPartOf\":{\"@id\":\"https:\\\/\\\/www.mexicanguitarplayers.com\\\/#website\"},\"primaryImageOfPage\":{\"@id\":\"https:\\\/\\\/www.mexicanguitarplayers.com\\\/tienda\\\/sin categor\u00eda\\\/bafle-beyma-profesional-mod-sm15-1\\\/#primaryimage\"},\"image\":{\"@id\":\"https:\\\/\\\/www.mexicanguitarplayers.com\\\/tienda\\\/sin categor\u00eda\\\/bafle-beyma-profesional-mod-sm15-1\\\/#primaryimage\"},\"thumbnailUrl\":\"https:\\\/\\\/www.mexicanguitarplayers.com\\\/wp-content\\\/uploads\\\/2025\\\/04\\\/IABEYSM151.jpg\",\"datePublished\":\"2025-04-08T16:39:30+00:00\",\"dateModified\":\"2026-05-01T13:26:04+00:00\",\"description\":\"Monitor de escenario de 15\u201d pulgadas, potencia AES de 350 watts y potencia programa de 700 watts, sensibilidad: 2,83v @ 1m: 99 dB, SPL continuo m\u00e1ximo: 124 dB, SPL pico m\u00e1ximo: 130 dB, repuesta de frecuencia: 43 - 20,000 Hz, cobertura nominal: 80\u00ba c\u00f3nico, altavoz: 15XA38ND, crossover: FC-15\\\/1.\",\"breadcrumb\":{\"@id\":\"https:\\\/\\\/www.mexicanguitarplayers.com\\\/tienda\\\/sin categor\u00eda\\\/bafle-beyma-profesional-mod-sm15-1\\\/#breadcrumb\"},\"inLanguage\":\"en-US\",\"potentialAction\":[{\"@type\":\"ReadAction\",\"target\":[\"https:\\\/\\\/www.mexicanguitarplayers.com\\\/tienda\\\/sin categor\u00eda\\\/bafle-beyma-profesional-mod-sm15-1\\\/\"]}]},{\"@type\":\"ImageObject\",\"inLanguage\":\"en-US\",\"@id\":\"https:\\\/\\\/www.mexicanguitarplayers.com\\\/tienda\\\/sin categor\u00eda\\\/bafle-beyma-profesional-mod-sm15-1\\\/#primaryimage\",\"url\":\"https:\\\/\\\/www.mexicanguitarplayers.com\\\/wp-content\\\/uploads\\\/2025\\\/04\\\/IABEYSM151.jpg\",\"contentUrl\":\"https:\\\/\\\/www.mexicanguitarplayers.com\\\/wp-content\\\/uploads\\\/2025\\\/04\\\/IABEYSM151.jpg\",\"width\":1200,\"height\":1200},{\"@type\":\"BreadcrumbList\",\"@id\":\"https:\\\/\\\/www.mexicanguitarplayers.com\\\/tienda\\\/sin categor\u00eda\\\/bafle-beyma-profesional-mod-sm15-1\\\/#breadcrumb\",\"itemListElement\":[{\"@type\":\"ListItem\",\"position\":1,\"name\":\"Portada\",\"item\":\"https:\\\/\\\/www.mexicanguitarplayers.com\\\/\"},{\"@type\":\"ListItem\",\"position\":2,\"name\":\"Tienda\",\"item\":\"https:\\\/\\\/www.mexicanguitarplayers.com\\\/tienda\\\/\"},{\"@type\":\"ListItem\",\"position\":3,\"name\":\"BAFLE BEYMA PROFESIONAL MOD. SM15\\\/1\"}]},{\"@type\":\"WebSite\",\"@id\":\"https:\\\/\\\/www.mexicanguitarplayers.com\\\/#website\",\"url\":\"https:\\\/\\\/www.mexicanguitarplayers.com\\\/\",\"name\":\"Mexican Guitar Players\",\"description\":\"Website\",\"publisher\":{\"@id\":\"https:\\\/\\\/www.mexicanguitarplayers.com\\\/#organization\"},\"potentialAction\":[{\"@type\":\"SearchAction\",\"target\":{\"@type\":\"EntryPoint\",\"urlTemplate\":\"https:\\\/\\\/www.mexicanguitarplayers.com\\\/?s={search_term_string}\"},\"query-input\":{\"@type\":\"PropertyValueSpecification\",\"valueRequired\":true,\"valueName\":\"search_term_string\"}}],\"inLanguage\":\"en-US\"},{\"@type\":\"Organization\",\"@id\":\"https:\\\/\\\/www.mexicanguitarplayers.com\\\/#organization\",\"name\":\"Mexican Guitar Players\",\"url\":\"https:\\\/\\\/www.mexicanguitarplayers.com\\\/\",\"logo\":{\"@type\":\"ImageObject\",\"inLanguage\":\"en-US\",\"@id\":\"https:\\\/\\\/www.mexicanguitarplayers.com\\\/#\\\/schema\\\/logo\\\/image\\\/\",\"url\":\"\",\"contentUrl\":\"\",\"caption\":\"Mexican Guitar Players\"},\"image\":{\"@id\":\"https:\\\/\\\/www.mexicanguitarplayers.com\\\/#\\\/schema\\\/logo\\\/image\\\/\"}}]}<\/script>\n<!-- \/ Yoast SEO plugin. -->","yoast_head_json":{"title":"BAFLE BEYMA PROFESIONAL MOD. SM15\/1 - Mexican Guitar Players","description":"Monitor de escenario de 15\u201d pulgadas, potencia AES de 350 watts y potencia programa de 700 watts, sensibilidad: 2,83v @ 1m: 99 dB, SPL continuo m\u00e1ximo: 124 dB, SPL pico m\u00e1ximo: 130 dB, repuesta de frecuencia: 43 - 20,000 Hz, cobertura nominal: 80\u00ba c\u00f3nico, altavoz: 15XA38ND, crossover: FC-15\/1.","robots":{"index":"index","follow":"follow","max-snippet":"max-snippet:-1","max-image-preview":"max-image-preview:large","max-video-preview":"max-video-preview:-1"},"canonical":"https:\/\/www.mexicanguitarplayers.com\/en\/tienda\/sin categor\u00eda\/bafle-beyma-profesional-mod-sm15-1\/","og_locale":"en_US","og_type":"article","og_title":"BAFLE BEYMA PROFESIONAL MOD. SM15\/1 - Mexican Guitar Players","og_description":"Monitor de escenario de 15\u201d pulgadas, potencia AES de 350 watts y potencia programa de 700 watts, sensibilidad: 2,83v @ 1m: 99 dB, SPL continuo m\u00e1ximo: 124 dB, SPL pico m\u00e1ximo: 130 dB, repuesta de frecuencia: 43 - 20,000 Hz, cobertura nominal: 80\u00ba c\u00f3nico, altavoz: 15XA38ND, crossover: FC-15\/1.","og_url":"https:\/\/www.mexicanguitarplayers.com\/en\/tienda\/sin categor\u00eda\/bafle-beyma-profesional-mod-sm15-1\/","og_site_name":"Mexican Guitar Players","article_modified_time":"2026-05-01T13:26:04+00:00","twitter_card":"summary_large_image","twitter_misc":{"Est. reading time":"1 minute"},"schema":{"@context":"https:\/\/schema.org","@graph":[{"@type":["WebPage","ItemPage"],"@id":"https:\/\/www.mexicanguitarplayers.com\/tienda\/sin categor\u00eda\/bafle-beyma-profesional-mod-sm15-1\/","url":"https:\/\/www.mexicanguitarplayers.com\/tienda\/sin categor\u00eda\/bafle-beyma-profesional-mod-sm15-1\/","name":"BAFLE BEYMA PROFESIONAL MOD. SM15\/1 - Mexican Guitar Players","isPartOf":{"@id":"https:\/\/www.mexicanguitarplayers.com\/#website"},"primaryImageOfPage":{"@id":"https:\/\/www.mexicanguitarplayers.com\/tienda\/sin categor\u00eda\/bafle-beyma-profesional-mod-sm15-1\/#primaryimage"},"image":{"@id":"https:\/\/www.mexicanguitarplayers.com\/tienda\/sin categor\u00eda\/bafle-beyma-profesional-mod-sm15-1\/#primaryimage"},"thumbnailUrl":"https:\/\/www.mexicanguitarplayers.com\/wp-content\/uploads\/2025\/04\/IABEYSM151.jpg","datePublished":"2025-04-08T16:39:30+00:00","dateModified":"2026-05-01T13:26:04+00:00","description":"Monitor de escenario de 15\u201d pulgadas, potencia AES de 350 watts y potencia programa de 700 watts, sensibilidad: 2,83v @ 1m: 99 dB, SPL continuo m\u00e1ximo: 124 dB, SPL pico m\u00e1ximo: 130 dB, repuesta de frecuencia: 43 - 20,000 Hz, cobertura nominal: 80\u00ba c\u00f3nico, altavoz: 15XA38ND, crossover: FC-15\/1.","breadcrumb":{"@id":"https:\/\/www.mexicanguitarplayers.com\/tienda\/sin categor\u00eda\/bafle-beyma-profesional-mod-sm15-1\/#breadcrumb"},"inLanguage":"en-US","potentialAction":[{"@type":"ReadAction","target":["https:\/\/www.mexicanguitarplayers.com\/tienda\/sin categor\u00eda\/bafle-beyma-profesional-mod-sm15-1\/"]}]},{"@type":"ImageObject","inLanguage":"en-US","@id":"https:\/\/www.mexicanguitarplayers.com\/tienda\/sin categor\u00eda\/bafle-beyma-profesional-mod-sm15-1\/#primaryimage","url":"https:\/\/www.mexicanguitarplayers.com\/wp-content\/uploads\/2025\/04\/IABEYSM151.jpg","contentUrl":"https:\/\/www.mexicanguitarplayers.com\/wp-content\/uploads\/2025\/04\/IABEYSM151.jpg","width":1200,"height":1200},{"@type":"BreadcrumbList","@id":"https:\/\/www.mexicanguitarplayers.com\/tienda\/sin categor\u00eda\/bafle-beyma-profesional-mod-sm15-1\/#breadcrumb","itemListElement":[{"@type":"ListItem","position":1,"name":"Portada","item":"https:\/\/www.mexicanguitarplayers.com\/"},{"@type":"ListItem","position":2,"name":"Tienda","item":"https:\/\/www.mexicanguitarplayers.com\/tienda\/"},{"@type":"ListItem","position":3,"name":"BAFLE BEYMA PROFESIONAL MOD. SM15\/1"}]},{"@type":"WebSite","@id":"https:\/\/www.mexicanguitarplayers.com\/#website","url":"https:\/\/www.mexicanguitarplayers.com\/","name":"Mexican Guitar Players","description":"Website","publisher":{"@id":"https:\/\/www.mexicanguitarplayers.com\/#organization"},"potentialAction":[{"@type":"SearchAction","target":{"@type":"EntryPoint","urlTemplate":"https:\/\/www.mexicanguitarplayers.com\/?s={search_term_string}"},"query-input":{"@type":"PropertyValueSpecification","valueRequired":true,"valueName":"search_term_string"}}],"inLanguage":"en-US"},{"@type":"Organization","@id":"https:\/\/www.mexicanguitarplayers.com\/#organization","name":"Mexican Guitar Players","url":"https:\/\/www.mexicanguitarplayers.com\/","logo":{"@type":"ImageObject","inLanguage":"en-US","@id":"https:\/\/www.mexicanguitarplayers.com\/#\/schema\/logo\/image\/","url":"","contentUrl":"","caption":"Mexican Guitar Players"},"image":{"@id":"https:\/\/www.mexicanguitarplayers.com\/#\/schema\/logo\/image\/"}}]}},"brands":[{"id":477,"name":"BEYMA","slug":"beyma"}],"_links":{"self":[{"href":"https:\/\/www.mexicanguitarplayers.com\/en\/wp-json\/wp\/v2\/product\/29403","targetHints":{"allow":["GET"]}}],"collection":[{"href":"https:\/\/www.mexicanguitarplayers.com\/en\/wp-json\/wp\/v2\/product"}],"about":[{"href":"https:\/\/www.mexicanguitarplayers.com\/en\/wp-json\/wp\/v2\/types\/product"}],"replies":[{"embeddable":true,"href":"https:\/\/www.mexicanguitarplayers.com\/en\/wp-json\/wp\/v2\/comments?post=29403"}],"wp:featuredmedia":[{"embeddable":true,"href":"https:\/\/www.mexicanguitarplayers.com\/en\/wp-json\/wp\/v2\/media\/29402"}],"wp:attachment":[{"href":"https:\/\/www.mexicanguitarplayers.com\/en\/wp-json\/wp\/v2\/media?parent=29403"}],"wp:term":[{"taxonomy":"pwb-brand","embeddable":true,"href":"https:\/\/www.mexicanguitarplayers.com\/en\/wp-json\/wp\/v2\/pwb-brand?post=29403"},{"taxonomy":"product_brand","embeddable":true,"href":"https:\/\/www.mexicanguitarplayers.com\/en\/wp-json\/wp\/v2\/product_brand?post=29403"},{"taxonomy":"product_cat","embeddable":true,"href":"https:\/\/www.mexicanguitarplayers.com\/en\/wp-json\/wp\/v2\/product_cat?post=29403"},{"taxonomy":"product_tag","embeddable":true,"href":"https:\/\/www.mexicanguitarplayers.com\/en\/wp-json\/wp\/v2\/product_tag?post=29403"}],"curies":[{"name":"wp","href":"https:\/\/api.w.org\/{rel}","templated":true}]}}