{"id":29415,"date":"2025-04-08T10:39:43","date_gmt":"2025-04-08T16:39:43","guid":{"rendered":"https:\/\/www.mexicanguitarplayers.com\/tienda\/sin categor\u00eda\/bocina-beyma-15-mod-15wrs400\/"},"modified":"2026-05-01T07:26:02","modified_gmt":"2026-05-01T13:26:02","slug":"bocina-beyma-15-mod-15wrs400","status":"publish","type":"product","link":"https:\/\/www.mexicanguitarplayers.com\/en\/tienda\/audio\/bafles-y-bocinas\/bocinas-y-componentes\/medios\/bocina-beyma-15-mod-15wrs400\/","title":{"rendered":"BOCINA BEYMA  15     MOD. 15WRS400"},"content":{"rendered":"<div style=\"text-align: justify\">\n<div>\n<h3>Altavoz para una amplia gama de aplicaciones.<\/h3>\n<\/div>\n<div>Altavoz de frecuencia media de 15&#8243; pulgadas a 8 ohms, ofrece una potencia de 800 watts, cuenta con una bobina m\u00f3vil de alambre de cobre de 3&#8243; pulgadas, alta sensibilidad de 98 dB, marco de acero prensado optimizado, circuito magn\u00e9tico cer\u00e1mico optimizado FEA, dise\u00f1ado con tecnolog\u00eda MMSS para un alto control, linealidad y muy baja distorsi\u00f3n arm\u00f3nica, cono tratado impermeable a ambos lados del cono, distorsi\u00f3n arm\u00f3nica muy baja y respuesta lineal, ideal para una amplia gama de aplicaciones de frecuencias bajas y medias bajas.<\/div>\n<div>\n<h4>Quick look<\/h4>\n<\/div>\n<ul style=\"margin: 0px 0px 0px 25px\">\n<li style=\"list-style-type: circle;margin: 5px\">Di\u00e1metro nominal.<\/li>\n<li style=\"list-style-type: circle;margin: 5px\">Nominal impedance.<\/li>\n<li style=\"list-style-type: circle;margin: 5px\">Impedancia m\u00ednima.<\/li>\n<li style=\"list-style-type: circle;margin: 5px\">Power.<\/li>\n<li style=\"list-style-type: circle;margin: 5px\">Sensitivity.<\/li>\n<li style=\"list-style-type: circle;margin: 5px\">Rango de frecuencias.<\/li>\n<li style=\"list-style-type: circle;margin: 5px\">Volumen de caja recomendado.<\/li>\n<li style=\"list-style-type: circle;margin: 5px\">Di\u00e1metro de la bobina m\u00f3vil.<\/li>\n<li style=\"list-style-type: circle;margin: 5px\">Factor BL.<\/li>\n<li style=\"list-style-type: circle;margin: 5px\">Masa m\u00f3vil.<\/li>\n<li style=\"list-style-type: circle;margin: 5px\">Altura del bobinado.<\/li>\n<li style=\"list-style-type: circle;margin: 5px\">Altura del entrehierro.<\/li>\n<li style=\"list-style-type: circle;margin: 5px\">FS (Frecuencia de resonancia).<\/li>\n<li style=\"list-style-type: circle;margin: 5px\">Resistencia DC.<\/li>\n<li style=\"list-style-type: circle;margin: 5px\">QMS (Factor de calidad mec\u00e1nica).<\/li>\n<li style=\"list-style-type: circle;margin: 5px\">QES (Factor de calidad el\u00e9ctrica).<\/li>\n<li style=\"list-style-type: circle;margin: 5px\">QTS (Factor de calidad total).<\/li>\n<li style=\"list-style-type: circle;margin: 5px\">VAS (Volumen de aire equivalente a CMS).<\/li>\n<li style=\"list-style-type: circle;margin: 5px\">CMS (Cumplimiento mec\u00e1nico).<\/li>\n<li style=\"list-style-type: circle;margin: 5px\">RMS (Resistencia mec\u00e1nica).<\/li>\n<li style=\"list-style-type: circle;margin: 5px\">Porcentaje de eficiencia.<\/li>\n<li style=\"list-style-type: circle;margin: 5px\">SD (Superficie efectiva).<\/li>\n<li style=\"list-style-type: circle;margin: 5px\">XMAX (Desplazamiento m\u00e1ximo).<\/li>\n<li style=\"list-style-type: circle;margin: 5px\">VD (Volumen de desplazamiento).<\/li>\n<li style=\"list-style-type: circle;margin: 5px\">Inductancia de la bobina m\u00f3vil (Le @ 1kHz).<\/li>\n<li style=\"list-style-type: circle;margin: 5px\">Profundidad.<\/li>\n<li style=\"list-style-type: circle;margin: 5px\">Weight.<\/li>\n<li style=\"list-style-type: circle;margin: 5px\">Im\u00e1n.<\/li>\n<\/ul>\n<div>\n<div style=\"font-weight: bold\">Di\u00e1metro nominal.<\/div>\n<div>\n<p>15\u201d pulgadas (380 mm).<\/p>\n<\/div>\n<div style=\"font-weight: bold\">Nominal impedance.<\/div>\n<div>\n<p>8 ohms.<\/p>\n<\/div>\n<div style=\"font-weight: bold\">Impedancia m\u00ednima.<\/div>\n<div>\n<p>7 ohms.<\/p>\n<\/div>\n<div style=\"font-weight: bold\">Power.<\/div>\n<div>\n<p>AES: 400 watts. Programa: 800 watts.<\/p>\n<\/div>\n<div style=\"font-weight: bold\">Sensitivity.<\/div>\n<div>\n<p>98 dB.<\/p>\n<\/div>\n<div style=\"font-weight: bold\">Rango de frecuencias.<\/div>\n<div>\n<p>40 &#8211; 4,000 Hz.<\/p>\n<\/div>\n<div style=\"font-weight: bold\">Volumen de caja recomendado.<\/div>\n<div>\n<p>70 \/ 150 l 2.45 \/ 5.25 ft.\u00b3.<\/p>\n<\/div>\n<div style=\"font-weight: bold\">Di\u00e1metro de la bobina m\u00f3vil.<\/div>\n<div>\n<p>3\u201d pulgadas (77 mm).<\/p>\n<\/div>\n<div style=\"font-weight: bold\">Factor BL.<\/div>\n<div>\n<p>18.7 N\/A.<\/p>\n<\/div>\n<div style=\"font-weight: bold\">Masa m\u00f3vil.<\/div>\n<div>\n<p>0.096.<\/p>\n<\/div>\n<div style=\"font-weight: bold\">Altura del bobinado.<\/div>\n<div>\n<p>16 mm.<\/p>\n<\/div>\n<div style=\"font-weight: bold\">Altura del entrehierro.<\/div>\n<div>\n<p>8 mm.<\/p>\n<\/div>\n<div style=\"font-weight: bold\">FS (Frecuencia de resonancia).<\/div>\n<div>\n<p>35 Hz.<\/p>\n<\/div>\n<div style=\"font-weight: bold\">Resistencia DC.<\/div>\n<div>\n<p>5.6 ohms.<\/p>\n<\/div>\n<div style=\"font-weight: bold\">QMS (Factor de calidad mec\u00e1nica).<\/div>\n<div>\n<p>9.1.<\/p>\n<\/div>\n<div style=\"font-weight: bold\">QES (Factor de calidad el\u00e9ctrica).<\/div>\n<div>\n<p>0.34.<\/p>\n<\/div>\n<div style=\"font-weight: bold\">QTS (Factor de calidad total).<\/div>\n<div>\n<p>0.33.<\/p>\n<\/div>\n<div style=\"font-weight: bold\">VAS (Volumen de aire equivalente a CMS).<\/div>\n<div>\n<p>233 l.<\/p>\n<\/div>\n<div style=\"font-weight: bold\">CMS (Cumplimiento mec\u00e1nico).<\/div>\n<div>\n<p>213 \u00b5m \/ N.<\/p>\n<\/div>\n<div style=\"font-weight: bold\">RMS (Resistencia mec\u00e1nica).<\/div>\n<div>\n<p>2.3 kg\/s.<\/p>\n<\/div>\n<div style=\"font-weight: bold\">Porcentaje de eficiencia.<\/div>\n<div>\n<p>2.8%.<\/p>\n<\/div>\n<div style=\"font-weight: bold\">SD (Superficie efectiva).<\/div>\n<div>\n<p>0.088 m\u00b2.<\/p>\n<\/div>\n<div style=\"font-weight: bold\">XMAX (Desplazamiento m\u00e1ximo).<\/div>\n<div>\n<p>6.3 mm.<\/p>\n<\/div>\n<div style=\"font-weight: bold\">VD (Volumen de desplazamiento).<\/div>\n<div>\n<p>555 cm\u00b3.<\/p>\n<\/div>\n<div style=\"font-weight: bold\">Inductancia de la bobina m\u00f3vil (Le @ 1kHz).<\/div>\n<div>\n<p>1.1 mH.<\/p>\n<\/div>\n<div style=\"font-weight: bold\">Profundidad.<\/div>\n<div>\n<p>6.42\u201d pulgadas (163 mm).<\/p>\n<\/div>\n<div style=\"font-weight: bold\">Weight.<\/div>\n<div>\n<p>7.25 kg.<\/p>\n<\/div>\n<div style=\"font-weight: bold\">Im\u00e1n.<\/div>\n<div>\n<p>Ferrita.<\/p>\n<\/div>\n<\/div>\n<\/div>","protected":false},"excerpt":{"rendered":"<p>Altavoz de 15\u201d pulgadas, ideal para aplicaciones de frecuencia media-baja, im\u00e1n de ferrita, potencia: 800 watts a 8 ohms, sensibilidad: 98 dB, rango de frecuencias: 40 &#8211; 4,000 Hz, bobina m\u00f3vil de alambre de cobre de 3\u201d pulgadas, marco optimizado de acero prensado, circuito magn\u00e9tico cer\u00e1mica FEA optimizado, im\u00e1n de ferrita, dise\u00f1ado con tecnolog\u00eda MMSS para un alto control, linealidad y baja distorsi\u00f3n arm\u00f3nica, cono tratado impermeable a ambos lados del cono, baja distorsi\u00f3n arm\u00f3nica y respuesta  lineal, peso: 7.25 kg.&hellip; <a class=\"kt-excerpt-readmore more-link\" href=\"https:\/\/www.mexicanguitarplayers.com\/en\/tienda\/audio\/bafles-y-bocinas\/bocinas-y-componentes\/medios\/bocina-beyma-15-mod-15wrs400\/\">Read more<\/a><\/p>","protected":false},"featured_media":29414,"comment_status":"open","ping_status":"closed","template":"","meta":{"kt_blocks_editor_width":""},"pwb-brand":[477],"product_brand":[],"product_cat":[213,221,474,534],"product_tag":[],"class_list":{"0":"post-29415","1":"product","2":"type-product","3":"status-publish","4":"has-post-thumbnail","6":"pwb-brand-beyma","7":"product_cat-audio","8":"product_cat-bafles-y-bocinas","9":"product_cat-bocinas-y-componentes","10":"product_cat-medios","11":"product_shipping_class-5-10-kg","13":"first","14":"instock","15":"taxable","16":"shipping-taxable","17":"purchasable","18":"product-type-simple"},"yoast_head":"<!-- This site is optimized with the Yoast SEO plugin v27.5 - https:\/\/yoast.com\/product\/yoast-seo-wordpress\/ -->\n<title>BOCINA BEYMA 15   MOD. 15WRS400 - Mexican Guitar Players<\/title>\n<meta name=\"description\" content=\"Altavoz de 15\u201d pulgadas, ideal para aplicaciones de frecuencia media-baja, im\u00e1n de ferrita, potencia: 800 watts a 8 ohms, sensibilidad: 98 dB, rango de frecuencias: 40 - 4,000 Hz, bobina m\u00f3vil de alambre de cobre de 3\u201d pulgadas, marco optimizado de acero prensado, circuito magn\u00e9tico cer\u00e1mica FEA optimizado, im\u00e1n de ferrita, dise\u00f1ado con tecnolog\u00eda MMSS para un alto control, linealidad y baja distorsi\u00f3n arm\u00f3nica, cono tratado impermeable a ambos lados del cono, baja distorsi\u00f3n arm\u00f3nica y respuesta lineal, peso: 7.25 kg.\" \/>\n<meta name=\"robots\" content=\"index, follow, max-snippet:-1, max-image-preview:large, max-video-preview:-1\" \/>\n<link rel=\"canonical\" href=\"https:\/\/www.mexicanguitarplayers.com\/en\/tienda\/sin%20categor\u00eda\/bocina-beyma-15-mod-15wrs400\/\" \/>\n<meta property=\"og:locale\" content=\"en_US\" \/>\n<meta property=\"og:type\" content=\"article\" \/>\n<meta property=\"og:title\" content=\"BOCINA BEYMA 15   MOD. 15WRS400 - Mexican Guitar Players\" \/>\n<meta property=\"og:description\" content=\"Altavoz de 15\u201d pulgadas, ideal para aplicaciones de frecuencia media-baja, im\u00e1n de ferrita, potencia: 800 watts a 8 ohms, sensibilidad: 98 dB, rango de frecuencias: 40 - 4,000 Hz, bobina m\u00f3vil de alambre de cobre de 3\u201d pulgadas, marco optimizado de acero prensado, circuito magn\u00e9tico cer\u00e1mica FEA optimizado, im\u00e1n de ferrita, dise\u00f1ado con tecnolog\u00eda MMSS para un alto control, linealidad y baja distorsi\u00f3n arm\u00f3nica, cono tratado impermeable a ambos lados del cono, baja distorsi\u00f3n arm\u00f3nica y respuesta lineal, peso: 7.25 kg.\" \/>\n<meta property=\"og:url\" content=\"https:\/\/www.mexicanguitarplayers.com\/en\/tienda\/sin categor\u00eda\/bocina-beyma-15-mod-15wrs400\/\" \/>\n<meta property=\"og:site_name\" content=\"Mexican Guitar Players\" \/>\n<meta property=\"article:modified_time\" content=\"2026-05-01T13:26:02+00:00\" \/>\n<meta name=\"twitter:card\" content=\"summary_large_image\" \/>\n<meta name=\"twitter:label1\" content=\"Est. reading time\" \/>\n\t<meta name=\"twitter:data1\" content=\"2 minutes\" \/>\n<script type=\"application\/ld+json\" class=\"yoast-schema-graph\">{\"@context\":\"https:\\\/\\\/schema.org\",\"@graph\":[{\"@type\":[\"WebPage\",\"ItemPage\"],\"@id\":\"https:\\\/\\\/www.mexicanguitarplayers.com\\\/tienda\\\/sin categor\u00eda\\\/bocina-beyma-15-mod-15wrs400\\\/\",\"url\":\"https:\\\/\\\/www.mexicanguitarplayers.com\\\/tienda\\\/sin categor\u00eda\\\/bocina-beyma-15-mod-15wrs400\\\/\",\"name\":\"BOCINA BEYMA 15 MOD. 15WRS400 - Mexican Guitar Players\",\"isPartOf\":{\"@id\":\"https:\\\/\\\/www.mexicanguitarplayers.com\\\/#website\"},\"primaryImageOfPage\":{\"@id\":\"https:\\\/\\\/www.mexicanguitarplayers.com\\\/tienda\\\/sin categor\u00eda\\\/bocina-beyma-15-mod-15wrs400\\\/#primaryimage\"},\"image\":{\"@id\":\"https:\\\/\\\/www.mexicanguitarplayers.com\\\/tienda\\\/sin categor\u00eda\\\/bocina-beyma-15-mod-15wrs400\\\/#primaryimage\"},\"thumbnailUrl\":\"https:\\\/\\\/www.mexicanguitarplayers.com\\\/wp-content\\\/uploads\\\/2025\\\/04\\\/IABEY15WRS400.jpg\",\"datePublished\":\"2025-04-08T16:39:43+00:00\",\"dateModified\":\"2026-05-01T13:26:02+00:00\",\"description\":\"Altavoz de 15\u201d pulgadas, ideal para aplicaciones de frecuencia media-baja, im\u00e1n de ferrita, potencia: 800 watts a 8 ohms, sensibilidad: 98 dB, rango de frecuencias: 40 - 4,000 Hz, bobina m\u00f3vil de alambre de cobre de 3\u201d pulgadas, marco optimizado de acero prensado, circuito magn\u00e9tico cer\u00e1mica FEA optimizado, im\u00e1n de ferrita, dise\u00f1ado con tecnolog\u00eda MMSS para un alto control, linealidad y baja distorsi\u00f3n arm\u00f3nica, cono tratado impermeable a ambos lados del cono, baja distorsi\u00f3n arm\u00f3nica y respuesta lineal, peso: 7.25 kg.\",\"breadcrumb\":{\"@id\":\"https:\\\/\\\/www.mexicanguitarplayers.com\\\/tienda\\\/sin categor\u00eda\\\/bocina-beyma-15-mod-15wrs400\\\/#breadcrumb\"},\"inLanguage\":\"en-US\",\"potentialAction\":[{\"@type\":\"ReadAction\",\"target\":[\"https:\\\/\\\/www.mexicanguitarplayers.com\\\/tienda\\\/sin categor\u00eda\\\/bocina-beyma-15-mod-15wrs400\\\/\"]}]},{\"@type\":\"ImageObject\",\"inLanguage\":\"en-US\",\"@id\":\"https:\\\/\\\/www.mexicanguitarplayers.com\\\/tienda\\\/sin categor\u00eda\\\/bocina-beyma-15-mod-15wrs400\\\/#primaryimage\",\"url\":\"https:\\\/\\\/www.mexicanguitarplayers.com\\\/wp-content\\\/uploads\\\/2025\\\/04\\\/IABEY15WRS400.jpg\",\"contentUrl\":\"https:\\\/\\\/www.mexicanguitarplayers.com\\\/wp-content\\\/uploads\\\/2025\\\/04\\\/IABEY15WRS400.jpg\",\"width\":1200,\"height\":1200},{\"@type\":\"BreadcrumbList\",\"@id\":\"https:\\\/\\\/www.mexicanguitarplayers.com\\\/tienda\\\/sin categor\u00eda\\\/bocina-beyma-15-mod-15wrs400\\\/#breadcrumb\",\"itemListElement\":[{\"@type\":\"ListItem\",\"position\":1,\"name\":\"Portada\",\"item\":\"https:\\\/\\\/www.mexicanguitarplayers.com\\\/\"},{\"@type\":\"ListItem\",\"position\":2,\"name\":\"Tienda\",\"item\":\"https:\\\/\\\/www.mexicanguitarplayers.com\\\/tienda\\\/\"},{\"@type\":\"ListItem\",\"position\":3,\"name\":\"BOCINA BEYMA 15 MOD. 15WRS400\"}]},{\"@type\":\"WebSite\",\"@id\":\"https:\\\/\\\/www.mexicanguitarplayers.com\\\/#website\",\"url\":\"https:\\\/\\\/www.mexicanguitarplayers.com\\\/\",\"name\":\"Mexican Guitar Players\",\"description\":\"Website\",\"publisher\":{\"@id\":\"https:\\\/\\\/www.mexicanguitarplayers.com\\\/#organization\"},\"potentialAction\":[{\"@type\":\"SearchAction\",\"target\":{\"@type\":\"EntryPoint\",\"urlTemplate\":\"https:\\\/\\\/www.mexicanguitarplayers.com\\\/?s={search_term_string}\"},\"query-input\":{\"@type\":\"PropertyValueSpecification\",\"valueRequired\":true,\"valueName\":\"search_term_string\"}}],\"inLanguage\":\"en-US\"},{\"@type\":\"Organization\",\"@id\":\"https:\\\/\\\/www.mexicanguitarplayers.com\\\/#organization\",\"name\":\"Mexican Guitar Players\",\"url\":\"https:\\\/\\\/www.mexicanguitarplayers.com\\\/\",\"logo\":{\"@type\":\"ImageObject\",\"inLanguage\":\"en-US\",\"@id\":\"https:\\\/\\\/www.mexicanguitarplayers.com\\\/#\\\/schema\\\/logo\\\/image\\\/\",\"url\":\"\",\"contentUrl\":\"\",\"caption\":\"Mexican Guitar Players\"},\"image\":{\"@id\":\"https:\\\/\\\/www.mexicanguitarplayers.com\\\/#\\\/schema\\\/logo\\\/image\\\/\"}}]}<\/script>\n<!-- \/ Yoast SEO plugin. -->","yoast_head_json":{"title":"BOCINA BEYMA 15   MOD. 15WRS400 - Mexican Guitar Players","description":"Altavoz de 15\u201d pulgadas, ideal para aplicaciones de frecuencia media-baja, im\u00e1n de ferrita, potencia: 800 watts a 8 ohms, sensibilidad: 98 dB, rango de frecuencias: 40 - 4,000 Hz, bobina m\u00f3vil de alambre de cobre de 3\u201d pulgadas, marco optimizado de acero prensado, circuito magn\u00e9tico cer\u00e1mica FEA optimizado, im\u00e1n de ferrita, dise\u00f1ado con tecnolog\u00eda MMSS para un alto control, linealidad y baja distorsi\u00f3n arm\u00f3nica, cono tratado impermeable a ambos lados del cono, baja distorsi\u00f3n arm\u00f3nica y respuesta lineal, peso: 7.25 kg.","robots":{"index":"index","follow":"follow","max-snippet":"max-snippet:-1","max-image-preview":"max-image-preview:large","max-video-preview":"max-video-preview:-1"},"canonical":"https:\/\/www.mexicanguitarplayers.com\/en\/tienda\/sin categor\u00eda\/bocina-beyma-15-mod-15wrs400\/","og_locale":"en_US","og_type":"article","og_title":"BOCINA BEYMA 15   MOD. 15WRS400 - Mexican Guitar Players","og_description":"Altavoz de 15\u201d pulgadas, ideal para aplicaciones de frecuencia media-baja, im\u00e1n de ferrita, potencia: 800 watts a 8 ohms, sensibilidad: 98 dB, rango de frecuencias: 40 - 4,000 Hz, bobina m\u00f3vil de alambre de cobre de 3\u201d pulgadas, marco optimizado de acero prensado, circuito magn\u00e9tico cer\u00e1mica FEA optimizado, im\u00e1n de ferrita, dise\u00f1ado con tecnolog\u00eda MMSS para un alto control, linealidad y baja distorsi\u00f3n arm\u00f3nica, cono tratado impermeable a ambos lados del cono, baja distorsi\u00f3n arm\u00f3nica y respuesta lineal, peso: 7.25 kg.","og_url":"https:\/\/www.mexicanguitarplayers.com\/en\/tienda\/sin categor\u00eda\/bocina-beyma-15-mod-15wrs400\/","og_site_name":"Mexican Guitar Players","article_modified_time":"2026-05-01T13:26:02+00:00","twitter_card":"summary_large_image","twitter_misc":{"Est. reading time":"2 minutes"},"schema":{"@context":"https:\/\/schema.org","@graph":[{"@type":["WebPage","ItemPage"],"@id":"https:\/\/www.mexicanguitarplayers.com\/tienda\/sin categor\u00eda\/bocina-beyma-15-mod-15wrs400\/","url":"https:\/\/www.mexicanguitarplayers.com\/tienda\/sin categor\u00eda\/bocina-beyma-15-mod-15wrs400\/","name":"BOCINA BEYMA 15 MOD. 15WRS400 - Mexican Guitar Players","isPartOf":{"@id":"https:\/\/www.mexicanguitarplayers.com\/#website"},"primaryImageOfPage":{"@id":"https:\/\/www.mexicanguitarplayers.com\/tienda\/sin categor\u00eda\/bocina-beyma-15-mod-15wrs400\/#primaryimage"},"image":{"@id":"https:\/\/www.mexicanguitarplayers.com\/tienda\/sin categor\u00eda\/bocina-beyma-15-mod-15wrs400\/#primaryimage"},"thumbnailUrl":"https:\/\/www.mexicanguitarplayers.com\/wp-content\/uploads\/2025\/04\/IABEY15WRS400.jpg","datePublished":"2025-04-08T16:39:43+00:00","dateModified":"2026-05-01T13:26:02+00:00","description":"Altavoz de 15\u201d pulgadas, ideal para aplicaciones de frecuencia media-baja, im\u00e1n de ferrita, potencia: 800 watts a 8 ohms, sensibilidad: 98 dB, rango de frecuencias: 40 - 4,000 Hz, bobina m\u00f3vil de alambre de cobre de 3\u201d pulgadas, marco optimizado de acero prensado, circuito magn\u00e9tico cer\u00e1mica FEA optimizado, im\u00e1n de ferrita, dise\u00f1ado con tecnolog\u00eda MMSS para un alto control, linealidad y baja distorsi\u00f3n arm\u00f3nica, cono tratado impermeable a ambos lados del cono, baja distorsi\u00f3n arm\u00f3nica y respuesta lineal, peso: 7.25 kg.","breadcrumb":{"@id":"https:\/\/www.mexicanguitarplayers.com\/tienda\/sin categor\u00eda\/bocina-beyma-15-mod-15wrs400\/#breadcrumb"},"inLanguage":"en-US","potentialAction":[{"@type":"ReadAction","target":["https:\/\/www.mexicanguitarplayers.com\/tienda\/sin categor\u00eda\/bocina-beyma-15-mod-15wrs400\/"]}]},{"@type":"ImageObject","inLanguage":"en-US","@id":"https:\/\/www.mexicanguitarplayers.com\/tienda\/sin categor\u00eda\/bocina-beyma-15-mod-15wrs400\/#primaryimage","url":"https:\/\/www.mexicanguitarplayers.com\/wp-content\/uploads\/2025\/04\/IABEY15WRS400.jpg","contentUrl":"https:\/\/www.mexicanguitarplayers.com\/wp-content\/uploads\/2025\/04\/IABEY15WRS400.jpg","width":1200,"height":1200},{"@type":"BreadcrumbList","@id":"https:\/\/www.mexicanguitarplayers.com\/tienda\/sin categor\u00eda\/bocina-beyma-15-mod-15wrs400\/#breadcrumb","itemListElement":[{"@type":"ListItem","position":1,"name":"Portada","item":"https:\/\/www.mexicanguitarplayers.com\/"},{"@type":"ListItem","position":2,"name":"Tienda","item":"https:\/\/www.mexicanguitarplayers.com\/tienda\/"},{"@type":"ListItem","position":3,"name":"BOCINA BEYMA 15 MOD. 15WRS400"}]},{"@type":"WebSite","@id":"https:\/\/www.mexicanguitarplayers.com\/#website","url":"https:\/\/www.mexicanguitarplayers.com\/","name":"Mexican Guitar Players","description":"Website","publisher":{"@id":"https:\/\/www.mexicanguitarplayers.com\/#organization"},"potentialAction":[{"@type":"SearchAction","target":{"@type":"EntryPoint","urlTemplate":"https:\/\/www.mexicanguitarplayers.com\/?s={search_term_string}"},"query-input":{"@type":"PropertyValueSpecification","valueRequired":true,"valueName":"search_term_string"}}],"inLanguage":"en-US"},{"@type":"Organization","@id":"https:\/\/www.mexicanguitarplayers.com\/#organization","name":"Mexican Guitar Players","url":"https:\/\/www.mexicanguitarplayers.com\/","logo":{"@type":"ImageObject","inLanguage":"en-US","@id":"https:\/\/www.mexicanguitarplayers.com\/#\/schema\/logo\/image\/","url":"","contentUrl":"","caption":"Mexican Guitar Players"},"image":{"@id":"https:\/\/www.mexicanguitarplayers.com\/#\/schema\/logo\/image\/"}}]}},"brands":[{"id":477,"name":"BEYMA","slug":"beyma"}],"_links":{"self":[{"href":"https:\/\/www.mexicanguitarplayers.com\/en\/wp-json\/wp\/v2\/product\/29415","targetHints":{"allow":["GET"]}}],"collection":[{"href":"https:\/\/www.mexicanguitarplayers.com\/en\/wp-json\/wp\/v2\/product"}],"about":[{"href":"https:\/\/www.mexicanguitarplayers.com\/en\/wp-json\/wp\/v2\/types\/product"}],"replies":[{"embeddable":true,"href":"https:\/\/www.mexicanguitarplayers.com\/en\/wp-json\/wp\/v2\/comments?post=29415"}],"wp:featuredmedia":[{"embeddable":true,"href":"https:\/\/www.mexicanguitarplayers.com\/en\/wp-json\/wp\/v2\/media\/29414"}],"wp:attachment":[{"href":"https:\/\/www.mexicanguitarplayers.com\/en\/wp-json\/wp\/v2\/media?parent=29415"}],"wp:term":[{"taxonomy":"pwb-brand","embeddable":true,"href":"https:\/\/www.mexicanguitarplayers.com\/en\/wp-json\/wp\/v2\/pwb-brand?post=29415"},{"taxonomy":"product_brand","embeddable":true,"href":"https:\/\/www.mexicanguitarplayers.com\/en\/wp-json\/wp\/v2\/product_brand?post=29415"},{"taxonomy":"product_cat","embeddable":true,"href":"https:\/\/www.mexicanguitarplayers.com\/en\/wp-json\/wp\/v2\/product_cat?post=29415"},{"taxonomy":"product_tag","embeddable":true,"href":"https:\/\/www.mexicanguitarplayers.com\/en\/wp-json\/wp\/v2\/product_tag?post=29415"}],"curies":[{"name":"wp","href":"https:\/\/api.w.org\/{rel}","templated":true}]}}