{"id":29417,"date":"2025-04-08T10:39:45","date_gmt":"2025-04-08T16:39:45","guid":{"rendered":"https:\/\/www.mexicanguitarplayers.com\/tienda\/sin categor\u00eda\/antena-akg-de-banda-ancha-ra-4000b\/"},"modified":"2026-04-10T04:38:48","modified_gmt":"2026-04-10T10:38:48","slug":"antena-akg-de-banda-ancha-ra-4000b","status":"publish","type":"product","link":"https:\/\/www.mexicanguitarplayers.com\/en\/tienda\/accesorios\/varios\/antena-akg-de-banda-ancha-ra-4000b\/","title":{"rendered":"ANTENA AKG DE BANDA ANCHA RA-4000B"},"content":{"rendered":"<div style=\"text-align: justify\">\n<div>\n<h3>Cuando requieres la mejor se\u00f1al.<\/h3>\n<\/div>\n<div>Antena omnidireccional activa de refuerzo con funcionamiento ultra-amplificador lineal de RF en la banda de UHF.  El amplificador de antena remota se alimenta a trav\u00e9s del cable de la antena, por ejemplo, a partir de un divisor de antena PS 4000 W.  La antena de refuerzo dispone de un LED que indica la presencia de tensi\u00f3n de alimentaci\u00f3n y de conectores BNC  de 50-ohm, e incluyen un adaptador de soporte SA 63.  El rango de frecuencia de la portadora de la antena de refuerzo deber\u00e1 ser de 500 MHz a 865 MHz, su ganancia total (antena y amplificador interno) 17 dB, tensi\u00f3n de alimentaci\u00f3n 8 V DC. Tama\u00f1o 235 x 38.5 mm (9.3 x 1.5 cm) y pesa 65 g.<\/div>\n<div>\n<h4>Quick look<\/h4>\n<\/div>\n<ul style=\"margin: 0px 0px 0px 25px\">\n<li style=\"list-style-type: circle;margin: 5px\">Uso.<\/li>\n<li style=\"list-style-type: circle;margin: 5px\">Integrado.<\/li>\n<li style=\"list-style-type: circle;margin: 5px\">Ganancia (antena y amplificador interno).<\/li>\n<li style=\"list-style-type: circle;margin: 5px\">Entrada RF.<\/li>\n<li style=\"list-style-type: circle;margin: 5px\">Salida RF.<\/li>\n<li style=\"list-style-type: circle;margin: 5px\">Tensi\u00f3n de servicio.<\/li>\n<li style=\"list-style-type: circle;margin: 5px\">Dimensions.<\/li>\n<li style=\"list-style-type: circle;margin: 5px\">Weight.<\/li>\n<\/ul>\n<div>\n<div style=\"font-weight: bold\">Uso.<\/div>\n<div>\n<p>Para uso en interiores o al aire libre, en concreto, para las configuraciones de antena de campo cercano.<\/p>\n<\/div>\n<div style=\"font-weight: bold\">Integrado.<\/div>\n<div>\n<p>Integrado de alto rendimiento amplificador de antena para su uso con cables de antena.<\/p>\n<\/div>\n<div style=\"font-weight: bold\">Ganancia (antena y amplificador interno).<\/div>\n<div>\n<p>17 dB.<\/p>\n<\/div>\n<div style=\"font-weight: bold\">Entrada RF.<\/div>\n<div>\n<p>1 BNC, 50 ohms.<\/p>\n<\/div>\n<div style=\"font-weight: bold\">Salida RF.<\/div>\n<div>\n<p>1 BNC, 50 ohms.<\/p>\n<\/div>\n<div style=\"font-weight: bold\">Tensi\u00f3n de servicio.<\/div>\n<div>\n<p>8 V DC PS 4000 W o ASU 4000 a trav\u00e9s del cable de conexi\u00f3n.<\/p>\n<\/div>\n<div style=\"font-weight: bold\">Dimensions.<\/div>\n<div>\n<p>235 x 38.5 mm (9.3 x 1.5 pulgadas).<\/p>\n<\/div>\n<div style=\"font-weight: bold\">Weight.<\/div>\n<div>\n<p>65 g.<\/p>\n<\/div>\n<\/div>\n<div>\n<h4>Characteristics<\/h4>\n<\/div>\n<div>\n<ul style=\"margin: 0px 0px 0px 25px\">\n<li style=\"list-style-type: circle;margin: 5px\">Activo antena de banda ancha omnidireccional.<\/li>\n<li style=\"list-style-type: circle;margin: 5px\">Opci\u00f3n powering remoto.<\/li>\n<li style=\"list-style-type: circle;margin: 5px\">Robusto, resistente al agua caso, la salida BNC.<\/li>\n<li style=\"list-style-type: circle;margin: 5px\">LED de estado.<\/li>\n<li style=\"list-style-type: circle;margin: 5px\">Alcance de frecuencia: 500 a 865 MHz.<\/li>\n<\/ul>\n<\/div>\n<\/div>","protected":false},"excerpt":{"rendered":"<p>Antena AKG de banda ancha. Modelo: RA-4000B. Antena omnidireccional activa de refuerzo con funcionamiento ultra-amplificador lineal de RF en la banda de UHF. Medidas: 235 x 38.5 mm (9.3 x 1.5 cm). Peso: 65 g.&hellip; <a class=\"kt-excerpt-readmore more-link\" href=\"https:\/\/www.mexicanguitarplayers.com\/en\/tienda\/accesorios\/varios\/antena-akg-de-banda-ancha-ra-4000b\/\">Read more<\/a><\/p>","protected":false},"featured_media":29416,"comment_status":"open","ping_status":"closed","template":"","meta":{"kt_blocks_editor_width":""},"pwb-brand":[528],"product_brand":[],"product_cat":[85,410,249],"product_tag":[],"class_list":{"0":"post-29417","1":"product","2":"type-product","3":"status-publish","4":"has-post-thumbnail","6":"pwb-brand-akg","7":"product_cat-accesorios","8":"product_cat-para-audio","9":"product_cat-varios","10":"product_shipping_class-0-5-kg","12":"first","13":"instock","14":"taxable","15":"shipping-taxable","16":"purchasable","17":"product-type-simple"},"yoast_head":"<!-- This site is optimized with the Yoast SEO plugin v27.5 - https:\/\/yoast.com\/product\/yoast-seo-wordpress\/ -->\n<title>ANTENA AKG DE BANDA ANCHA RA-4000B - Mexican Guitar Players<\/title>\n<meta name=\"description\" content=\"Antena AKG de banda ancha. Modelo: RA-4000B. Antena omnidireccional activa de refuerzo con funcionamiento ultra-amplificador lineal de RF en la banda de UHF. Medidas: 235 x 38.5 mm (9.3 x 1.5 cm). Peso: 65 g.\" \/>\n<meta name=\"robots\" content=\"index, follow, max-snippet:-1, max-image-preview:large, max-video-preview:-1\" \/>\n<link rel=\"canonical\" href=\"https:\/\/www.mexicanguitarplayers.com\/en\/tienda\/sin%20categor\u00eda\/antena-akg-de-banda-ancha-ra-4000b\/\" \/>\n<meta property=\"og:locale\" content=\"en_US\" \/>\n<meta property=\"og:type\" content=\"article\" \/>\n<meta property=\"og:title\" content=\"ANTENA AKG DE BANDA ANCHA RA-4000B - Mexican Guitar Players\" \/>\n<meta property=\"og:description\" content=\"Antena AKG de banda ancha. Modelo: RA-4000B. Antena omnidireccional activa de refuerzo con funcionamiento ultra-amplificador lineal de RF en la banda de UHF. Medidas: 235 x 38.5 mm (9.3 x 1.5 cm). Peso: 65 g.\" \/>\n<meta property=\"og:url\" content=\"https:\/\/www.mexicanguitarplayers.com\/en\/tienda\/sin categor\u00eda\/antena-akg-de-banda-ancha-ra-4000b\/\" \/>\n<meta property=\"og:site_name\" content=\"Mexican Guitar Players\" \/>\n<meta property=\"article:modified_time\" content=\"2026-04-10T10:38:48+00:00\" \/>\n<meta name=\"twitter:card\" content=\"summary_large_image\" \/>\n<meta name=\"twitter:label1\" content=\"Est. reading time\" \/>\n\t<meta name=\"twitter:data1\" content=\"1 minute\" \/>\n<script type=\"application\/ld+json\" class=\"yoast-schema-graph\">{\"@context\":\"https:\\\/\\\/schema.org\",\"@graph\":[{\"@type\":[\"WebPage\",\"ItemPage\"],\"@id\":\"https:\\\/\\\/www.mexicanguitarplayers.com\\\/tienda\\\/sin categor\u00eda\\\/antena-akg-de-banda-ancha-ra-4000b\\\/\",\"url\":\"https:\\\/\\\/www.mexicanguitarplayers.com\\\/tienda\\\/sin categor\u00eda\\\/antena-akg-de-banda-ancha-ra-4000b\\\/\",\"name\":\"ANTENA AKG DE BANDA ANCHA RA-4000B - Mexican Guitar Players\",\"isPartOf\":{\"@id\":\"https:\\\/\\\/www.mexicanguitarplayers.com\\\/#website\"},\"primaryImageOfPage\":{\"@id\":\"https:\\\/\\\/www.mexicanguitarplayers.com\\\/tienda\\\/sin categor\u00eda\\\/antena-akg-de-banda-ancha-ra-4000b\\\/#primaryimage\"},\"image\":{\"@id\":\"https:\\\/\\\/www.mexicanguitarplayers.com\\\/tienda\\\/sin categor\u00eda\\\/antena-akg-de-banda-ancha-ra-4000b\\\/#primaryimage\"},\"thumbnailUrl\":\"https:\\\/\\\/www.mexicanguitarplayers.com\\\/wp-content\\\/uploads\\\/2025\\\/04\\\/RAAKGRA4000B.jpg\",\"datePublished\":\"2025-04-08T16:39:45+00:00\",\"dateModified\":\"2026-04-10T10:38:48+00:00\",\"description\":\"Antena AKG de banda ancha. Modelo: RA-4000B. Antena omnidireccional activa de refuerzo con funcionamiento ultra-amplificador lineal de RF en la banda de UHF. Medidas: 235 x 38.5 mm (9.3 x 1.5 cm). Peso: 65 g.\",\"breadcrumb\":{\"@id\":\"https:\\\/\\\/www.mexicanguitarplayers.com\\\/tienda\\\/sin categor\u00eda\\\/antena-akg-de-banda-ancha-ra-4000b\\\/#breadcrumb\"},\"inLanguage\":\"en-US\",\"potentialAction\":[{\"@type\":\"ReadAction\",\"target\":[\"https:\\\/\\\/www.mexicanguitarplayers.com\\\/tienda\\\/sin categor\u00eda\\\/antena-akg-de-banda-ancha-ra-4000b\\\/\"]}]},{\"@type\":\"ImageObject\",\"inLanguage\":\"en-US\",\"@id\":\"https:\\\/\\\/www.mexicanguitarplayers.com\\\/tienda\\\/sin categor\u00eda\\\/antena-akg-de-banda-ancha-ra-4000b\\\/#primaryimage\",\"url\":\"https:\\\/\\\/www.mexicanguitarplayers.com\\\/wp-content\\\/uploads\\\/2025\\\/04\\\/RAAKGRA4000B.jpg\",\"contentUrl\":\"https:\\\/\\\/www.mexicanguitarplayers.com\\\/wp-content\\\/uploads\\\/2025\\\/04\\\/RAAKGRA4000B.jpg\",\"width\":1200,\"height\":1200},{\"@type\":\"BreadcrumbList\",\"@id\":\"https:\\\/\\\/www.mexicanguitarplayers.com\\\/tienda\\\/sin categor\u00eda\\\/antena-akg-de-banda-ancha-ra-4000b\\\/#breadcrumb\",\"itemListElement\":[{\"@type\":\"ListItem\",\"position\":1,\"name\":\"Portada\",\"item\":\"https:\\\/\\\/www.mexicanguitarplayers.com\\\/\"},{\"@type\":\"ListItem\",\"position\":2,\"name\":\"Tienda\",\"item\":\"https:\\\/\\\/www.mexicanguitarplayers.com\\\/tienda\\\/\"},{\"@type\":\"ListItem\",\"position\":3,\"name\":\"ANTENA AKG DE BANDA ANCHA RA-4000B\"}]},{\"@type\":\"WebSite\",\"@id\":\"https:\\\/\\\/www.mexicanguitarplayers.com\\\/#website\",\"url\":\"https:\\\/\\\/www.mexicanguitarplayers.com\\\/\",\"name\":\"Mexican Guitar Players\",\"description\":\"Website\",\"publisher\":{\"@id\":\"https:\\\/\\\/www.mexicanguitarplayers.com\\\/#organization\"},\"potentialAction\":[{\"@type\":\"SearchAction\",\"target\":{\"@type\":\"EntryPoint\",\"urlTemplate\":\"https:\\\/\\\/www.mexicanguitarplayers.com\\\/?s={search_term_string}\"},\"query-input\":{\"@type\":\"PropertyValueSpecification\",\"valueRequired\":true,\"valueName\":\"search_term_string\"}}],\"inLanguage\":\"en-US\"},{\"@type\":\"Organization\",\"@id\":\"https:\\\/\\\/www.mexicanguitarplayers.com\\\/#organization\",\"name\":\"Mexican Guitar Players\",\"url\":\"https:\\\/\\\/www.mexicanguitarplayers.com\\\/\",\"logo\":{\"@type\":\"ImageObject\",\"inLanguage\":\"en-US\",\"@id\":\"https:\\\/\\\/www.mexicanguitarplayers.com\\\/#\\\/schema\\\/logo\\\/image\\\/\",\"url\":\"\",\"contentUrl\":\"\",\"caption\":\"Mexican Guitar Players\"},\"image\":{\"@id\":\"https:\\\/\\\/www.mexicanguitarplayers.com\\\/#\\\/schema\\\/logo\\\/image\\\/\"}}]}<\/script>\n<!-- \/ Yoast SEO plugin. -->","yoast_head_json":{"title":"ANTENA AKG DE BANDA ANCHA RA-4000B - Mexican Guitar Players","description":"Antena AKG de banda ancha. Modelo: RA-4000B. Antena omnidireccional activa de refuerzo con funcionamiento ultra-amplificador lineal de RF en la banda de UHF. Medidas: 235 x 38.5 mm (9.3 x 1.5 cm). Peso: 65 g.","robots":{"index":"index","follow":"follow","max-snippet":"max-snippet:-1","max-image-preview":"max-image-preview:large","max-video-preview":"max-video-preview:-1"},"canonical":"https:\/\/www.mexicanguitarplayers.com\/en\/tienda\/sin categor\u00eda\/antena-akg-de-banda-ancha-ra-4000b\/","og_locale":"en_US","og_type":"article","og_title":"ANTENA AKG DE BANDA ANCHA RA-4000B - Mexican Guitar Players","og_description":"Antena AKG de banda ancha. Modelo: RA-4000B. Antena omnidireccional activa de refuerzo con funcionamiento ultra-amplificador lineal de RF en la banda de UHF. Medidas: 235 x 38.5 mm (9.3 x 1.5 cm). Peso: 65 g.","og_url":"https:\/\/www.mexicanguitarplayers.com\/en\/tienda\/sin categor\u00eda\/antena-akg-de-banda-ancha-ra-4000b\/","og_site_name":"Mexican Guitar Players","article_modified_time":"2026-04-10T10:38:48+00:00","twitter_card":"summary_large_image","twitter_misc":{"Est. reading time":"1 minute"},"schema":{"@context":"https:\/\/schema.org","@graph":[{"@type":["WebPage","ItemPage"],"@id":"https:\/\/www.mexicanguitarplayers.com\/tienda\/sin categor\u00eda\/antena-akg-de-banda-ancha-ra-4000b\/","url":"https:\/\/www.mexicanguitarplayers.com\/tienda\/sin categor\u00eda\/antena-akg-de-banda-ancha-ra-4000b\/","name":"ANTENA AKG DE BANDA ANCHA RA-4000B - Mexican Guitar Players","isPartOf":{"@id":"https:\/\/www.mexicanguitarplayers.com\/#website"},"primaryImageOfPage":{"@id":"https:\/\/www.mexicanguitarplayers.com\/tienda\/sin categor\u00eda\/antena-akg-de-banda-ancha-ra-4000b\/#primaryimage"},"image":{"@id":"https:\/\/www.mexicanguitarplayers.com\/tienda\/sin categor\u00eda\/antena-akg-de-banda-ancha-ra-4000b\/#primaryimage"},"thumbnailUrl":"https:\/\/www.mexicanguitarplayers.com\/wp-content\/uploads\/2025\/04\/RAAKGRA4000B.jpg","datePublished":"2025-04-08T16:39:45+00:00","dateModified":"2026-04-10T10:38:48+00:00","description":"Antena AKG de banda ancha. Modelo: RA-4000B. Antena omnidireccional activa de refuerzo con funcionamiento ultra-amplificador lineal de RF en la banda de UHF. Medidas: 235 x 38.5 mm (9.3 x 1.5 cm). Peso: 65 g.","breadcrumb":{"@id":"https:\/\/www.mexicanguitarplayers.com\/tienda\/sin categor\u00eda\/antena-akg-de-banda-ancha-ra-4000b\/#breadcrumb"},"inLanguage":"en-US","potentialAction":[{"@type":"ReadAction","target":["https:\/\/www.mexicanguitarplayers.com\/tienda\/sin categor\u00eda\/antena-akg-de-banda-ancha-ra-4000b\/"]}]},{"@type":"ImageObject","inLanguage":"en-US","@id":"https:\/\/www.mexicanguitarplayers.com\/tienda\/sin categor\u00eda\/antena-akg-de-banda-ancha-ra-4000b\/#primaryimage","url":"https:\/\/www.mexicanguitarplayers.com\/wp-content\/uploads\/2025\/04\/RAAKGRA4000B.jpg","contentUrl":"https:\/\/www.mexicanguitarplayers.com\/wp-content\/uploads\/2025\/04\/RAAKGRA4000B.jpg","width":1200,"height":1200},{"@type":"BreadcrumbList","@id":"https:\/\/www.mexicanguitarplayers.com\/tienda\/sin categor\u00eda\/antena-akg-de-banda-ancha-ra-4000b\/#breadcrumb","itemListElement":[{"@type":"ListItem","position":1,"name":"Portada","item":"https:\/\/www.mexicanguitarplayers.com\/"},{"@type":"ListItem","position":2,"name":"Tienda","item":"https:\/\/www.mexicanguitarplayers.com\/tienda\/"},{"@type":"ListItem","position":3,"name":"ANTENA AKG DE BANDA ANCHA RA-4000B"}]},{"@type":"WebSite","@id":"https:\/\/www.mexicanguitarplayers.com\/#website","url":"https:\/\/www.mexicanguitarplayers.com\/","name":"Mexican Guitar Players","description":"Website","publisher":{"@id":"https:\/\/www.mexicanguitarplayers.com\/#organization"},"potentialAction":[{"@type":"SearchAction","target":{"@type":"EntryPoint","urlTemplate":"https:\/\/www.mexicanguitarplayers.com\/?s={search_term_string}"},"query-input":{"@type":"PropertyValueSpecification","valueRequired":true,"valueName":"search_term_string"}}],"inLanguage":"en-US"},{"@type":"Organization","@id":"https:\/\/www.mexicanguitarplayers.com\/#organization","name":"Mexican Guitar Players","url":"https:\/\/www.mexicanguitarplayers.com\/","logo":{"@type":"ImageObject","inLanguage":"en-US","@id":"https:\/\/www.mexicanguitarplayers.com\/#\/schema\/logo\/image\/","url":"","contentUrl":"","caption":"Mexican Guitar Players"},"image":{"@id":"https:\/\/www.mexicanguitarplayers.com\/#\/schema\/logo\/image\/"}}]}},"brands":[{"id":528,"name":"AKG","slug":"akg"}],"_links":{"self":[{"href":"https:\/\/www.mexicanguitarplayers.com\/en\/wp-json\/wp\/v2\/product\/29417","targetHints":{"allow":["GET"]}}],"collection":[{"href":"https:\/\/www.mexicanguitarplayers.com\/en\/wp-json\/wp\/v2\/product"}],"about":[{"href":"https:\/\/www.mexicanguitarplayers.com\/en\/wp-json\/wp\/v2\/types\/product"}],"replies":[{"embeddable":true,"href":"https:\/\/www.mexicanguitarplayers.com\/en\/wp-json\/wp\/v2\/comments?post=29417"}],"wp:featuredmedia":[{"embeddable":true,"href":"https:\/\/www.mexicanguitarplayers.com\/en\/wp-json\/wp\/v2\/media\/29416"}],"wp:attachment":[{"href":"https:\/\/www.mexicanguitarplayers.com\/en\/wp-json\/wp\/v2\/media?parent=29417"}],"wp:term":[{"taxonomy":"pwb-brand","embeddable":true,"href":"https:\/\/www.mexicanguitarplayers.com\/en\/wp-json\/wp\/v2\/pwb-brand?post=29417"},{"taxonomy":"product_brand","embeddable":true,"href":"https:\/\/www.mexicanguitarplayers.com\/en\/wp-json\/wp\/v2\/product_brand?post=29417"},{"taxonomy":"product_cat","embeddable":true,"href":"https:\/\/www.mexicanguitarplayers.com\/en\/wp-json\/wp\/v2\/product_cat?post=29417"},{"taxonomy":"product_tag","embeddable":true,"href":"https:\/\/www.mexicanguitarplayers.com\/en\/wp-json\/wp\/v2\/product_tag?post=29417"}],"curies":[{"name":"wp","href":"https:\/\/api.w.org\/{rel}","templated":true}]}}