{"id":29423,"date":"2025-04-08T10:39:53","date_gmt":"2025-04-08T16:39:53","guid":{"rendered":"https:\/\/www.mexicanguitarplayers.com\/tienda\/sin categor\u00eda\/pastillas-sd-juego-hb-pegasussentient-7\/"},"modified":"2026-04-10T04:38:47","modified_gmt":"2026-04-10T10:38:47","slug":"pastillas-sd-juego-hb-pegasussentient-7","status":"publish","type":"product","link":"https:\/\/www.mexicanguitarplayers.com\/en\/tienda\/accesorios\/para-guitarras\/pastillas-para-guitarra-electrica\/pastillas-sd-juego-hb-pegasussentient-7\/","title":{"rendered":"PASTILLAS SD JUEGO HB PEGASUS&amp;SENTIENT 7"},"content":{"rendered":"<div style=\"text-align: justify\">\n<div>\n<h3>El set m\u00e1s buscado por los guitarristas de metal progresivo.<\/h3>\n<\/div>\n<div>El set de pastillas humbucker de salida media Pegasus\/Sentient ofrece  a los guitarristas progresivos la paleta definitiva de tonos met\u00e1licos modernos. El puente Pegasus fue dise\u00f1ado originalmente para instrumentos de rango extendido. Sin embargo, los que tocan guitarras de 6 cuerdas solicitaron una versi\u00f3n propia. Incorpora un im\u00e1n de alnico 5 y especificaciones de bobinado personalizadas. El objetivo era ofrecer un tono c\u00e1lido equilibrado, sensible y exuberante para el metal progresivo. Es una pastilla arm\u00f3nicamente rica con un rango medio prominente y low-end enfocado. El pico de alta resonancia crea un agudo brillante y un incre\u00edble &#8220;bloom&#8221; en los acordes en situaciones de alta ganancia. El ataque de selecci\u00f3n sensible y preciso, asegura que cortar\u00e1 cualquier mezcla en vivo y tendr\u00e1 transitorios de seguimiento estrecho en un entorno de estudio. Debido a que la Pegasus es una pastilla de salida moderada, funciona tan bien para tonos limpios como para tonos distorsionados. La pastilla de brazo Sentient ofrece un tono equilibrado y vers\u00e1til que encaja perfectamente entre el modelo 59 y la pastilla de brazo Jazz. Obtendr\u00e1s unos limpios impecables y cables fluidos con una alta ganancia. Sentient es una pastilla de salida vintage muy articulada con una gran respuesta din\u00e1mica y un amplio rango arm\u00f3nico. Funciona muy bien para afinaciones bajas en todas las guitarras equipadas con humbucker. Construidas a mano en nuestra f\u00e1brica de Santa B\u00e1rbara, CA, las pastillas humbucker Pegasus y Sentient de salida media cuentan con un im\u00e1n de alnico 5, placa inferior de n\u00edquel plateado, cable de 4 conductores para m\u00faltiples opciones de cableado y est\u00e1n recubiertos de cera al vac\u00edo para un rendimiento sin chirridos.<\/div>\n<div>\n<h4>Quick look<\/h4>\n<\/div>\n<ul style=\"margin: 0px 0px 0px 25px\">\n<li style=\"list-style-type: circle;margin: 5px\">Modelo.<\/li>\n<li style=\"list-style-type: circle;margin: 5px\">Posici\u00f3n.<\/li>\n<li style=\"list-style-type: circle;margin: 5px\">Espaciado.<\/li>\n<li style=\"list-style-type: circle;margin: 5px\">Alambrado.<\/li>\n<li style=\"list-style-type: circle;margin: 5px\">Im\u00e1n.<\/li>\n<li style=\"list-style-type: circle;margin: 5px\">Resistencia.<\/li>\n<\/ul>\n<div>\n<div style=\"font-weight: bold\">Modelo.<\/div>\n<div>\n<p>Pegasus\/Sentient Set.<\/p>\n<\/div>\n<div style=\"font-weight: bold\">Posici\u00f3n.<\/div>\n<div>\n<p>Para brazo y puente.<\/p>\n<\/div>\n<div style=\"font-weight: bold\">Espaciado.<\/div>\n<div>\n<p>Est\u00e1ndar.<\/p>\n<\/div>\n<div style=\"font-weight: bold\">Alambrado.<\/div>\n<div>\n<p>4 conductores, blindado.<\/p>\n<\/div>\n<div style=\"font-weight: bold\">Im\u00e1n.<\/div>\n<div>\n<p>Alnico 5.<\/p>\n<\/div>\n<div style=\"font-weight: bold\">Resistencia.<\/div>\n<div>\n<p>Puente: 14.9 kilo-ohms. Brazo: 9.20 kilo-ohms.<\/p>\n<\/div>\n<\/div>\n<\/div>","protected":false},"excerpt":{"rendered":"<p>Set de pastillas pasivas para guitarra de 7 cuerdas, modelo: Pegasus para puente y Sentient para brazo, im\u00e1n: alnico 5, cableado: 4 conductores, blindado, espaciado est\u00e1ndar, resistencia puente: 14.9 kilo-ohms, resistencia brazo: 9.20 kilo-ohms, ideales para guitarristas de metal progresivo, es la combinaci\u00f3n perfecta de articulaci\u00f3n y agresi\u00f3n.&hellip; <a class=\"kt-excerpt-readmore more-link\" href=\"https:\/\/www.mexicanguitarplayers.com\/en\/tienda\/accesorios\/para-guitarras\/pastillas-para-guitarra-electrica\/pastillas-sd-juego-hb-pegasussentient-7\/\">Read more<\/a><\/p>","protected":false},"featured_media":29418,"comment_status":"open","ping_status":"closed","template":"","meta":{"kt_blocks_editor_width":""},"pwb-brand":[502],"product_brand":[],"product_cat":[85,336,353],"product_tag":[],"class_list":{"0":"post-29423","1":"product","2":"type-product","3":"status-publish","4":"has-post-thumbnail","6":"pwb-brand-seymour-duncan","7":"product_cat-accesorios","8":"product_cat-para-guitarras","9":"product_cat-pastillas-para-guitarra-electrica","10":"product_shipping_class-0-5-kg","12":"first","13":"outofstock","14":"taxable","15":"shipping-taxable","16":"purchasable","17":"product-type-simple"},"yoast_head":"<!-- This site is optimized with the Yoast SEO plugin v27.5 - https:\/\/yoast.com\/product\/yoast-seo-wordpress\/ -->\n<title>PASTILLAS SD JUEGO HB PEGASUS&amp;SENTIENT 7 - Mexican Guitar Players<\/title>\n<meta name=\"description\" content=\"Set de pastillas pasivas para guitarra de 7 cuerdas, modelo: Pegasus para puente y Sentient para brazo, im\u00e1n: alnico 5, cableado: 4 conductores, blindado, espaciado est\u00e1ndar, resistencia puente: 14.9 kilo-ohms, resistencia brazo: 9.20 kilo-ohms, ideales para guitarristas de metal progresivo, es la combinaci\u00f3n perfecta de articulaci\u00f3n y agresi\u00f3n.\" \/>\n<meta name=\"robots\" content=\"index, follow, max-snippet:-1, max-image-preview:large, max-video-preview:-1\" \/>\n<link rel=\"canonical\" href=\"https:\/\/www.mexicanguitarplayers.com\/en\/tienda\/sin%20categor\u00eda\/pastillas-sd-juego-hb-pegasussentient-7\/\" \/>\n<meta property=\"og:locale\" content=\"en_US\" \/>\n<meta property=\"og:type\" content=\"article\" \/>\n<meta property=\"og:title\" content=\"PASTILLAS SD JUEGO HB PEGASUS&amp;SENTIENT 7 - Mexican Guitar Players\" \/>\n<meta property=\"og:description\" content=\"Set de pastillas pasivas para guitarra de 7 cuerdas, modelo: Pegasus para puente y Sentient para brazo, im\u00e1n: alnico 5, cableado: 4 conductores, blindado, espaciado est\u00e1ndar, resistencia puente: 14.9 kilo-ohms, resistencia brazo: 9.20 kilo-ohms, ideales para guitarristas de metal progresivo, es la combinaci\u00f3n perfecta de articulaci\u00f3n y agresi\u00f3n.\" \/>\n<meta property=\"og:url\" content=\"https:\/\/www.mexicanguitarplayers.com\/en\/tienda\/sin categor\u00eda\/pastillas-sd-juego-hb-pegasussentient-7\/\" \/>\n<meta property=\"og:site_name\" content=\"Mexican Guitar Players\" \/>\n<meta property=\"article:modified_time\" content=\"2026-04-10T10:38:47+00:00\" \/>\n<meta name=\"twitter:card\" content=\"summary_large_image\" \/>\n<meta name=\"twitter:label1\" content=\"Est. reading time\" \/>\n\t<meta name=\"twitter:data1\" content=\"2 minutes\" \/>\n<script type=\"application\/ld+json\" class=\"yoast-schema-graph\">{\"@context\":\"https:\\\/\\\/schema.org\",\"@graph\":[{\"@type\":[\"WebPage\",\"ItemPage\"],\"@id\":\"https:\\\/\\\/www.mexicanguitarplayers.com\\\/tienda\\\/sin categor\u00eda\\\/pastillas-sd-juego-hb-pegasussentient-7\\\/\",\"url\":\"https:\\\/\\\/www.mexicanguitarplayers.com\\\/tienda\\\/sin categor\u00eda\\\/pastillas-sd-juego-hb-pegasussentient-7\\\/\",\"name\":\"PASTILLAS SD JUEGO HB PEGASUS&amp;SENTIENT 7 - Mexican Guitar Players\",\"isPartOf\":{\"@id\":\"https:\\\/\\\/www.mexicanguitarplayers.com\\\/#website\"},\"primaryImageOfPage\":{\"@id\":\"https:\\\/\\\/www.mexicanguitarplayers.com\\\/tienda\\\/sin categor\u00eda\\\/pastillas-sd-juego-hb-pegasussentient-7\\\/#primaryimage\"},\"image\":{\"@id\":\"https:\\\/\\\/www.mexicanguitarplayers.com\\\/tienda\\\/sin categor\u00eda\\\/pastillas-sd-juego-hb-pegasussentient-7\\\/#primaryimage\"},\"thumbnailUrl\":\"https:\\\/\\\/www.mexicanguitarplayers.com\\\/wp-content\\\/uploads\\\/2025\\\/04\\\/RASEOPEGASEN7S.jpg\",\"datePublished\":\"2025-04-08T16:39:53+00:00\",\"dateModified\":\"2026-04-10T10:38:47+00:00\",\"description\":\"Set de pastillas pasivas para guitarra de 7 cuerdas, modelo: Pegasus para puente y Sentient para brazo, im\u00e1n: alnico 5, cableado: 4 conductores, blindado, espaciado est\u00e1ndar, resistencia puente: 14.9 kilo-ohms, resistencia brazo: 9.20 kilo-ohms, ideales para guitarristas de metal progresivo, es la combinaci\u00f3n perfecta de articulaci\u00f3n y agresi\u00f3n.\",\"breadcrumb\":{\"@id\":\"https:\\\/\\\/www.mexicanguitarplayers.com\\\/tienda\\\/sin categor\u00eda\\\/pastillas-sd-juego-hb-pegasussentient-7\\\/#breadcrumb\"},\"inLanguage\":\"en-US\",\"potentialAction\":[{\"@type\":\"ReadAction\",\"target\":[\"https:\\\/\\\/www.mexicanguitarplayers.com\\\/tienda\\\/sin categor\u00eda\\\/pastillas-sd-juego-hb-pegasussentient-7\\\/\"]}]},{\"@type\":\"ImageObject\",\"inLanguage\":\"en-US\",\"@id\":\"https:\\\/\\\/www.mexicanguitarplayers.com\\\/tienda\\\/sin categor\u00eda\\\/pastillas-sd-juego-hb-pegasussentient-7\\\/#primaryimage\",\"url\":\"https:\\\/\\\/www.mexicanguitarplayers.com\\\/wp-content\\\/uploads\\\/2025\\\/04\\\/RASEOPEGASEN7S.jpg\",\"contentUrl\":\"https:\\\/\\\/www.mexicanguitarplayers.com\\\/wp-content\\\/uploads\\\/2025\\\/04\\\/RASEOPEGASEN7S.jpg\",\"width\":1200,\"height\":1200},{\"@type\":\"BreadcrumbList\",\"@id\":\"https:\\\/\\\/www.mexicanguitarplayers.com\\\/tienda\\\/sin categor\u00eda\\\/pastillas-sd-juego-hb-pegasussentient-7\\\/#breadcrumb\",\"itemListElement\":[{\"@type\":\"ListItem\",\"position\":1,\"name\":\"Portada\",\"item\":\"https:\\\/\\\/www.mexicanguitarplayers.com\\\/\"},{\"@type\":\"ListItem\",\"position\":2,\"name\":\"Tienda\",\"item\":\"https:\\\/\\\/www.mexicanguitarplayers.com\\\/tienda\\\/\"},{\"@type\":\"ListItem\",\"position\":3,\"name\":\"PASTILLAS SD JUEGO HB PEGASUS&amp;SENTIENT 7\"}]},{\"@type\":\"WebSite\",\"@id\":\"https:\\\/\\\/www.mexicanguitarplayers.com\\\/#website\",\"url\":\"https:\\\/\\\/www.mexicanguitarplayers.com\\\/\",\"name\":\"Mexican Guitar Players\",\"description\":\"Website\",\"publisher\":{\"@id\":\"https:\\\/\\\/www.mexicanguitarplayers.com\\\/#organization\"},\"potentialAction\":[{\"@type\":\"SearchAction\",\"target\":{\"@type\":\"EntryPoint\",\"urlTemplate\":\"https:\\\/\\\/www.mexicanguitarplayers.com\\\/?s={search_term_string}\"},\"query-input\":{\"@type\":\"PropertyValueSpecification\",\"valueRequired\":true,\"valueName\":\"search_term_string\"}}],\"inLanguage\":\"en-US\"},{\"@type\":\"Organization\",\"@id\":\"https:\\\/\\\/www.mexicanguitarplayers.com\\\/#organization\",\"name\":\"Mexican Guitar Players\",\"url\":\"https:\\\/\\\/www.mexicanguitarplayers.com\\\/\",\"logo\":{\"@type\":\"ImageObject\",\"inLanguage\":\"en-US\",\"@id\":\"https:\\\/\\\/www.mexicanguitarplayers.com\\\/#\\\/schema\\\/logo\\\/image\\\/\",\"url\":\"\",\"contentUrl\":\"\",\"caption\":\"Mexican Guitar Players\"},\"image\":{\"@id\":\"https:\\\/\\\/www.mexicanguitarplayers.com\\\/#\\\/schema\\\/logo\\\/image\\\/\"}}]}<\/script>\n<!-- \/ Yoast SEO plugin. -->","yoast_head_json":{"title":"PASTILLAS SD JUEGO HB PEGASUS&amp;SENTIENT 7 - Mexican Guitar Players","description":"Set de pastillas pasivas para guitarra de 7 cuerdas, modelo: Pegasus para puente y Sentient para brazo, im\u00e1n: alnico 5, cableado: 4 conductores, blindado, espaciado est\u00e1ndar, resistencia puente: 14.9 kilo-ohms, resistencia brazo: 9.20 kilo-ohms, ideales para guitarristas de metal progresivo, es la combinaci\u00f3n perfecta de articulaci\u00f3n y agresi\u00f3n.","robots":{"index":"index","follow":"follow","max-snippet":"max-snippet:-1","max-image-preview":"max-image-preview:large","max-video-preview":"max-video-preview:-1"},"canonical":"https:\/\/www.mexicanguitarplayers.com\/en\/tienda\/sin categor\u00eda\/pastillas-sd-juego-hb-pegasussentient-7\/","og_locale":"en_US","og_type":"article","og_title":"PASTILLAS SD JUEGO HB PEGASUS&amp;SENTIENT 7 - Mexican Guitar Players","og_description":"Set de pastillas pasivas para guitarra de 7 cuerdas, modelo: Pegasus para puente y Sentient para brazo, im\u00e1n: alnico 5, cableado: 4 conductores, blindado, espaciado est\u00e1ndar, resistencia puente: 14.9 kilo-ohms, resistencia brazo: 9.20 kilo-ohms, ideales para guitarristas de metal progresivo, es la combinaci\u00f3n perfecta de articulaci\u00f3n y agresi\u00f3n.","og_url":"https:\/\/www.mexicanguitarplayers.com\/en\/tienda\/sin categor\u00eda\/pastillas-sd-juego-hb-pegasussentient-7\/","og_site_name":"Mexican Guitar Players","article_modified_time":"2026-04-10T10:38:47+00:00","twitter_card":"summary_large_image","twitter_misc":{"Est. reading time":"2 minutes"},"schema":{"@context":"https:\/\/schema.org","@graph":[{"@type":["WebPage","ItemPage"],"@id":"https:\/\/www.mexicanguitarplayers.com\/tienda\/sin categor\u00eda\/pastillas-sd-juego-hb-pegasussentient-7\/","url":"https:\/\/www.mexicanguitarplayers.com\/tienda\/sin categor\u00eda\/pastillas-sd-juego-hb-pegasussentient-7\/","name":"PASTILLAS SD JUEGO HB PEGASUS&amp;SENTIENT 7 - Mexican Guitar Players","isPartOf":{"@id":"https:\/\/www.mexicanguitarplayers.com\/#website"},"primaryImageOfPage":{"@id":"https:\/\/www.mexicanguitarplayers.com\/tienda\/sin categor\u00eda\/pastillas-sd-juego-hb-pegasussentient-7\/#primaryimage"},"image":{"@id":"https:\/\/www.mexicanguitarplayers.com\/tienda\/sin categor\u00eda\/pastillas-sd-juego-hb-pegasussentient-7\/#primaryimage"},"thumbnailUrl":"https:\/\/www.mexicanguitarplayers.com\/wp-content\/uploads\/2025\/04\/RASEOPEGASEN7S.jpg","datePublished":"2025-04-08T16:39:53+00:00","dateModified":"2026-04-10T10:38:47+00:00","description":"Set de pastillas pasivas para guitarra de 7 cuerdas, modelo: Pegasus para puente y Sentient para brazo, im\u00e1n: alnico 5, cableado: 4 conductores, blindado, espaciado est\u00e1ndar, resistencia puente: 14.9 kilo-ohms, resistencia brazo: 9.20 kilo-ohms, ideales para guitarristas de metal progresivo, es la combinaci\u00f3n perfecta de articulaci\u00f3n y agresi\u00f3n.","breadcrumb":{"@id":"https:\/\/www.mexicanguitarplayers.com\/tienda\/sin categor\u00eda\/pastillas-sd-juego-hb-pegasussentient-7\/#breadcrumb"},"inLanguage":"en-US","potentialAction":[{"@type":"ReadAction","target":["https:\/\/www.mexicanguitarplayers.com\/tienda\/sin categor\u00eda\/pastillas-sd-juego-hb-pegasussentient-7\/"]}]},{"@type":"ImageObject","inLanguage":"en-US","@id":"https:\/\/www.mexicanguitarplayers.com\/tienda\/sin categor\u00eda\/pastillas-sd-juego-hb-pegasussentient-7\/#primaryimage","url":"https:\/\/www.mexicanguitarplayers.com\/wp-content\/uploads\/2025\/04\/RASEOPEGASEN7S.jpg","contentUrl":"https:\/\/www.mexicanguitarplayers.com\/wp-content\/uploads\/2025\/04\/RASEOPEGASEN7S.jpg","width":1200,"height":1200},{"@type":"BreadcrumbList","@id":"https:\/\/www.mexicanguitarplayers.com\/tienda\/sin categor\u00eda\/pastillas-sd-juego-hb-pegasussentient-7\/#breadcrumb","itemListElement":[{"@type":"ListItem","position":1,"name":"Portada","item":"https:\/\/www.mexicanguitarplayers.com\/"},{"@type":"ListItem","position":2,"name":"Tienda","item":"https:\/\/www.mexicanguitarplayers.com\/tienda\/"},{"@type":"ListItem","position":3,"name":"PASTILLAS SD JUEGO HB PEGASUS&amp;SENTIENT 7"}]},{"@type":"WebSite","@id":"https:\/\/www.mexicanguitarplayers.com\/#website","url":"https:\/\/www.mexicanguitarplayers.com\/","name":"Mexican Guitar Players","description":"Website","publisher":{"@id":"https:\/\/www.mexicanguitarplayers.com\/#organization"},"potentialAction":[{"@type":"SearchAction","target":{"@type":"EntryPoint","urlTemplate":"https:\/\/www.mexicanguitarplayers.com\/?s={search_term_string}"},"query-input":{"@type":"PropertyValueSpecification","valueRequired":true,"valueName":"search_term_string"}}],"inLanguage":"en-US"},{"@type":"Organization","@id":"https:\/\/www.mexicanguitarplayers.com\/#organization","name":"Mexican Guitar Players","url":"https:\/\/www.mexicanguitarplayers.com\/","logo":{"@type":"ImageObject","inLanguage":"en-US","@id":"https:\/\/www.mexicanguitarplayers.com\/#\/schema\/logo\/image\/","url":"","contentUrl":"","caption":"Mexican Guitar Players"},"image":{"@id":"https:\/\/www.mexicanguitarplayers.com\/#\/schema\/logo\/image\/"}}]}},"brands":[{"id":502,"name":"SEYMOUR DUNCAN","slug":"seymour-duncan"}],"_links":{"self":[{"href":"https:\/\/www.mexicanguitarplayers.com\/en\/wp-json\/wp\/v2\/product\/29423","targetHints":{"allow":["GET"]}}],"collection":[{"href":"https:\/\/www.mexicanguitarplayers.com\/en\/wp-json\/wp\/v2\/product"}],"about":[{"href":"https:\/\/www.mexicanguitarplayers.com\/en\/wp-json\/wp\/v2\/types\/product"}],"replies":[{"embeddable":true,"href":"https:\/\/www.mexicanguitarplayers.com\/en\/wp-json\/wp\/v2\/comments?post=29423"}],"wp:featuredmedia":[{"embeddable":true,"href":"https:\/\/www.mexicanguitarplayers.com\/en\/wp-json\/wp\/v2\/media\/29418"}],"wp:attachment":[{"href":"https:\/\/www.mexicanguitarplayers.com\/en\/wp-json\/wp\/v2\/media?parent=29423"}],"wp:term":[{"taxonomy":"pwb-brand","embeddable":true,"href":"https:\/\/www.mexicanguitarplayers.com\/en\/wp-json\/wp\/v2\/pwb-brand?post=29423"},{"taxonomy":"product_brand","embeddable":true,"href":"https:\/\/www.mexicanguitarplayers.com\/en\/wp-json\/wp\/v2\/product_brand?post=29423"},{"taxonomy":"product_cat","embeddable":true,"href":"https:\/\/www.mexicanguitarplayers.com\/en\/wp-json\/wp\/v2\/product_cat?post=29423"},{"taxonomy":"product_tag","embeddable":true,"href":"https:\/\/www.mexicanguitarplayers.com\/en\/wp-json\/wp\/v2\/product_tag?post=29423"}],"curies":[{"name":"wp","href":"https:\/\/api.w.org\/{rel}","templated":true}]}}