{"id":29447,"date":"2025-04-08T10:40:26","date_gmt":"2025-04-08T16:40:26","guid":{"rendered":"https:\/\/www.mexicanguitarplayers.com\/tienda\/sin categor\u00eda\/bafle-audiocenter-subwoofer-modelo-l83s\/"},"modified":"2026-04-10T04:38:45","modified_gmt":"2026-04-10T10:38:45","slug":"bafle-audiocenter-subwoofer-modelo-l83s","status":"publish","type":"product","link":"https:\/\/www.mexicanguitarplayers.com\/en\/tienda\/audio\/bafles-y-bocinas\/bafles\/bafles-activos\/bafle-audiocenter-subwoofer-modelo-l83s\/","title":{"rendered":"BAFLE AUDIOCENTER SUBWOOFER MODELO L83S"},"content":{"rendered":"<div style=\"text-align: justify\">\n<div>\n<h3>Un gran sonido.<\/h3>\n<\/div>\n<div>El sistema L83+L83S es un sistema compacto de columna multiproposito, controlado con DSP, el cual consiste en una columna de rango completo L83 y un subwoofer activo L83S de doble altavoz de 12\u201d. La columna L83 de rango completo, contiene 8 altavoces Audiocenter de 3\u201d de neodimio. Los altavoces de L83 han sido dise\u00f1ados con sofisticadas mediciones y organizados detalladamente por medio de la tecnolog\u00eda de calibraci\u00f3n f\u00edsica PhycalTM para mejorar la cobertura ac\u00fastica vertical. Mediante un elaborado dise\u00f1o ac\u00fastico, todo el conjunto de altavoces trabajan como uno solo formando un sistema integral, el cual otorga una respuesta en frecuencia perfecta y un sonido excelente con gran desempe\u00f1o. L83 puede utilizarse en diversas aplicaciones y en espacios complejos. L83S es un subwoofer controlado por DSP con dos altavoces de ferrita Audiocenter de 12\u201d y un m\u00f3dulo de amplificaci\u00f3n Clase D. L83S tiene integrado un m\u00f3dulo Bluetooth que permite m\u00faltiples conexiones L83S ha sido probado cuidadosamente. En conjunto el dise\u00f1o ac\u00fastico, la innovaci\u00f3n tecnol\u00f3gica FTFTM en los altavoces de LF y extensas pruebas, el gabinete ha logrado un dise\u00f1o de filtro pasa banda de tercer orden. Mediante el acoplamiento del sistema y la superposici\u00f3n de resonancias, se ha obtenido una mejora en la eficiencia de LF.  L83+L83S es un sistema de columna plug &amp; play con una f\u00e1cil instalaci\u00f3n. Los presets han sido realizados despu\u00e9s de m\u00faltiples pruebas. El sistema puede ser utilizado para diversas aplicaciones.<\/div>\n<div>\n<h4>Quick look<\/h4>\n<\/div>\n<ul style=\"margin: 0px 0px 0px 25px\">\n<li style=\"list-style-type: circle;margin: 5px\">Kind.<\/li>\n<li style=\"list-style-type: circle;margin: 5px\">Respuesta de frecuencia (-6dB c\u00e1mara anecoica).<\/li>\n<li style=\"list-style-type: circle;margin: 5px\">Maximum SPL.<\/li>\n<li style=\"list-style-type: circle;margin: 5px\">Subwoofer.<\/li>\n<li style=\"list-style-type: circle;margin: 5px\">\u00c1ngulo de cobertura horizontal.<\/li>\n<li style=\"list-style-type: circle;margin: 5px\">\u00c1ngulo de cobertura vertical.<\/li>\n<li style=\"list-style-type: circle;margin: 5px\">Procesador DSP.<\/li>\n<li style=\"list-style-type: circle;margin: 5px\">Amplifier.<\/li>\n<li style=\"list-style-type: circle;margin: 5px\">Power.<\/li>\n<li style=\"list-style-type: circle;margin: 5px\">Respuesta de frecuencia de amplificador.<\/li>\n<li style=\"list-style-type: circle;margin: 5px\">Distorsi\u00f3n de intermodulaci\u00f3n.<\/li>\n<li style=\"list-style-type: circle;margin: 5px\">Distorsi\u00f3n arm\u00f3nica total.<\/li>\n<li style=\"list-style-type: circle;margin: 5px\">Protecci\u00f3n.<\/li>\n<li style=\"list-style-type: circle;margin: 5px\">Sistema de enfriamiento.<\/li>\n<li style=\"list-style-type: circle;margin: 5px\">Entrada de se\u00f1al<\/li>\n<li style=\"list-style-type: circle;margin: 5px\">Salida de se\u00f1al.<\/li>\n<li style=\"list-style-type: circle;margin: 5px\">Salida de amplificador L83S.<\/li>\n<li style=\"list-style-type: circle;margin: 5px\">Power input.<\/li>\n<li style=\"list-style-type: circle;margin: 5px\">Voltaje de trabajo.<\/li>\n<li style=\"list-style-type: circle;margin: 5px\">Material del gabinete.<\/li>\n<li style=\"list-style-type: circle;margin: 5px\">Montaje de poste.<\/li>\n<li style=\"list-style-type: circle;margin: 5px\">Color del gabinete.<\/li>\n<li style=\"list-style-type: circle;margin: 5px\">Dimensions.<\/li>\n<li style=\"list-style-type: circle;margin: 5px\">Altura total de la columna.<\/li>\n<li style=\"list-style-type: circle;margin: 5px\">Weight.<\/li>\n<\/ul>\n<div>\n<div style=\"font-weight: bold\">Kind.<\/div>\n<div>\n<p>Sistema de Columna Activa controlada por DSP.<\/p>\n<\/div>\n<div style=\"font-weight: bold\">Respuesta de frecuencia (-6dB c\u00e1mara anecoica).<\/div>\n<div>\n<p>42 Hz &#8211; 20 kHz.<\/p>\n<\/div>\n<div style=\"font-weight: bold\">Maximum SPL.<\/div>\n<div>\n<p>131 dB.<\/p>\n<\/div>\n<div style=\"font-weight: bold\">Subwoofer.<\/div>\n<div>\n<p>2 altavoces AUDIOCENTER de ferrita de 12\u201d.<\/p>\n<\/div>\n<div style=\"font-weight: bold\">\u00c1ngulo de cobertura horizontal.<\/div>\n<div>\n<p>110\u00b0<\/p>\n<\/div>\n<div style=\"font-weight: bold\">\u00c1ngulo de cobertura vertical.<\/div>\n<div>\n<p>20\u00b0<\/p>\n<\/div>\n<div style=\"font-weight: bold\">Procesador DSP.<\/div>\n<div>\n<p>Frecuencia de muestreo: 96KHz de frecuencia de muestreo, 24bit de precisi\u00f3n. Crossover: Controlado por DSP.<\/p>\n<\/div>\n<div style=\"font-weight: bold\">Amplifier.<\/div>\n<div>\n<p>Clase D.<\/p>\n<\/div>\n<div style=\"font-weight: bold\">Power.<\/div>\n<div>\n<p>AES: 2500W.<\/p>\n<\/div>\n<div style=\"font-weight: bold\">Respuesta de frecuencia de amplificador.<\/div>\n<div>\n<p>20 Hz &#8211; 20 kHz (\u00b10.5 dB).<\/p>\n<\/div>\n<div style=\"font-weight: bold\">Distorsi\u00f3n de intermodulaci\u00f3n.<\/div>\n<div>\n<p>0.05%.<\/p>\n<\/div>\n<div style=\"font-weight: bold\">Distorsi\u00f3n arm\u00f3nica total.<\/div>\n<div>\n<p>&lt;0.05%<\/p>\n<\/div>\n<div style=\"font-weight: bold\">Protecci\u00f3n.<\/div>\n<div>\n<p>Protecci\u00f3n contra DC, protecci\u00f3n por corto circuito, protecci\u00f3n de sobre calentamiento, protecci\u00f3n de sobrecarga de entrada, protecci\u00f3n de sobrecarga de salida, protecci\u00f3n de inicio suave, protecci\u00f3n de sobre y bajo voltaje.<\/p>\n<\/div>\n<div style=\"font-weight: bold\">Sistema de enfriamiento.<\/div>\n<div>\n<p>Enfriamiento con ventiladores y convecci\u00f3n de aire.<\/p>\n<\/div>\n<div style=\"font-weight: bold\">Entrada de se\u00f1al<\/div>\n<div>\n<p>2 combo (NEUTRIK\u00ae hembra XLR &amp; Mono jack 6.35), 1 RCA, 1 Bluetooth.<\/p>\n<\/div>\n<div style=\"font-weight: bold\">Salida de se\u00f1al.<\/div>\n<div>\n<p>1 NEUTRIK\u00ae macho XLR.<\/p>\n<\/div>\n<div style=\"font-weight: bold\">Salida de amplificador L83S.<\/div>\n<div>\n<p>1 NEUTRIK\u00ae NL4MP.<\/p>\n<\/div>\n<div style=\"font-weight: bold\">Power input.<\/div>\n<div>\n<p>3 pin power socket.<\/p>\n<\/div>\n<div style=\"font-weight: bold\">Voltaje de trabajo.<\/div>\n<div>\n<p>100 &#8211; 130V\/60 Hz \u00f3 220 &#8211; 240V\/50 Hz.<\/p>\n<\/div>\n<div style=\"font-weight: bold\">Material del gabinete.<\/div>\n<div>\n<p>Contrachapado con corte de CNC.<\/p>\n<\/div>\n<div style=\"font-weight: bold\">Montaje de poste.<\/div>\n<div>\n<p>F35mm (0\/10\u00b0 ajustable).<\/p>\n<\/div>\n<div style=\"font-weight: bold\">Color del gabinete.<\/div>\n<div>\n<p>Black.<\/p>\n<\/div>\n<div style=\"font-weight: bold\">Dimensions.<\/div>\n<div>\n<p>374 x 660 x 538 mm.<\/p>\n<\/div>\n<div style=\"font-weight: bold\">Altura total de la columna.<\/div>\n<div>\n<p>1896 mm.<\/p>\n<\/div>\n<div style=\"font-weight: bold\">Weight.<\/div>\n<div>\n<p>32 kg.<\/p>\n<\/div>\n<\/div>\n<\/div>","protected":false},"excerpt":{"rendered":"<p>Columna activa del sistema L83, controlada por DSP, 2 altavoces AUDIOCENTER de ferrita de 12\u201d, \u00e1ngulo de cobertura: 110\u00b0H x 20\u00b0V, respuesta de frecuencia: 42 Hz &#8211; 20 kHz, SPL m\u00e1ximo: 131 dB, amplificador Clase D, potencia AES: 2500W, gabinete de contrachapado con corte de CNC, dimensiones: 374 x 660 x 538 mm, altura total (con subwoofer): 1896 mm, peso: 32 kg.&hellip; <a class=\"kt-excerpt-readmore more-link\" href=\"https:\/\/www.mexicanguitarplayers.com\/en\/tienda\/audio\/bafles-y-bocinas\/bafles\/bafles-activos\/bafle-audiocenter-subwoofer-modelo-l83s\/\">Read more<\/a><\/p>","protected":false},"featured_media":29443,"comment_status":"open","ping_status":"closed","template":"","meta":{"kt_blocks_editor_width":""},"pwb-brand":[525],"product_brand":[],"product_cat":[213,222,472,221],"product_tag":[],"class_list":{"0":"post-29447","1":"product","2":"type-product","3":"status-publish","4":"has-post-thumbnail","6":"pwb-brand-audiocenter","7":"product_cat-audio","8":"product_cat-bafles","9":"product_cat-bafles-activos","10":"product_cat-bafles-y-bocinas","12":"first","13":"outofstock","14":"taxable","15":"shipping-taxable","16":"purchasable","17":"product-type-simple"},"yoast_head":"<!-- This site is optimized with the Yoast SEO plugin v27.5 - https:\/\/yoast.com\/product\/yoast-seo-wordpress\/ -->\n<title>BAFLE AUDIOCENTER SUBWOOFER MODELO L83S - Mexican Guitar Players<\/title>\n<meta name=\"description\" content=\"Columna activa del sistema L83, controlada por DSP, 2 altavoces AUDIOCENTER de ferrita de 12\u201d, \u00e1ngulo de cobertura: 110\u00b0H x 20\u00b0V, respuesta de frecuencia: 42 Hz - 20 kHz, SPL m\u00e1ximo: 131 dB, amplificador Clase D, potencia AES: 2500W, gabinete de contrachapado con corte de CNC, dimensiones: 374 x 660 x 538 mm, altura total (con subwoofer): 1896 mm, peso: 32 kg.\" \/>\n<meta name=\"robots\" content=\"index, follow, max-snippet:-1, max-image-preview:large, max-video-preview:-1\" \/>\n<link rel=\"canonical\" href=\"https:\/\/www.mexicanguitarplayers.com\/en\/tienda\/sin%20categor\u00eda\/bafle-audiocenter-subwoofer-modelo-l83s\/\" \/>\n<meta property=\"og:locale\" content=\"en_US\" \/>\n<meta property=\"og:type\" content=\"article\" \/>\n<meta property=\"og:title\" content=\"BAFLE AUDIOCENTER SUBWOOFER MODELO L83S - Mexican Guitar Players\" \/>\n<meta property=\"og:description\" content=\"Columna activa del sistema L83, controlada por DSP, 2 altavoces AUDIOCENTER de ferrita de 12\u201d, \u00e1ngulo de cobertura: 110\u00b0H x 20\u00b0V, respuesta de frecuencia: 42 Hz - 20 kHz, SPL m\u00e1ximo: 131 dB, amplificador Clase D, potencia AES: 2500W, gabinete de contrachapado con corte de CNC, dimensiones: 374 x 660 x 538 mm, altura total (con subwoofer): 1896 mm, peso: 32 kg.\" \/>\n<meta property=\"og:url\" content=\"https:\/\/www.mexicanguitarplayers.com\/en\/tienda\/sin categor\u00eda\/bafle-audiocenter-subwoofer-modelo-l83s\/\" \/>\n<meta property=\"og:site_name\" content=\"Mexican Guitar Players\" \/>\n<meta property=\"article:modified_time\" content=\"2026-04-10T10:38:45+00:00\" \/>\n<meta name=\"twitter:card\" content=\"summary_large_image\" \/>\n<meta name=\"twitter:label1\" content=\"Est. reading time\" \/>\n\t<meta name=\"twitter:data1\" content=\"3 minutes\" \/>\n<script type=\"application\/ld+json\" class=\"yoast-schema-graph\">{\"@context\":\"https:\\\/\\\/schema.org\",\"@graph\":[{\"@type\":[\"WebPage\",\"ItemPage\"],\"@id\":\"https:\\\/\\\/www.mexicanguitarplayers.com\\\/tienda\\\/sin categor\u00eda\\\/bafle-audiocenter-subwoofer-modelo-l83s\\\/\",\"url\":\"https:\\\/\\\/www.mexicanguitarplayers.com\\\/tienda\\\/sin categor\u00eda\\\/bafle-audiocenter-subwoofer-modelo-l83s\\\/\",\"name\":\"BAFLE AUDIOCENTER SUBWOOFER MODELO L83S - Mexican Guitar Players\",\"isPartOf\":{\"@id\":\"https:\\\/\\\/www.mexicanguitarplayers.com\\\/#website\"},\"primaryImageOfPage\":{\"@id\":\"https:\\\/\\\/www.mexicanguitarplayers.com\\\/tienda\\\/sin categor\u00eda\\\/bafle-audiocenter-subwoofer-modelo-l83s\\\/#primaryimage\"},\"image\":{\"@id\":\"https:\\\/\\\/www.mexicanguitarplayers.com\\\/tienda\\\/sin categor\u00eda\\\/bafle-audiocenter-subwoofer-modelo-l83s\\\/#primaryimage\"},\"thumbnailUrl\":\"https:\\\/\\\/www.mexicanguitarplayers.com\\\/wp-content\\\/uploads\\\/2025\\\/04\\\/IAACTL83S.jpg\",\"datePublished\":\"2025-04-08T16:40:26+00:00\",\"dateModified\":\"2026-04-10T10:38:45+00:00\",\"description\":\"Columna activa del sistema L83, controlada por DSP, 2 altavoces AUDIOCENTER de ferrita de 12\u201d, \u00e1ngulo de cobertura: 110\u00b0H x 20\u00b0V, respuesta de frecuencia: 42 Hz - 20 kHz, SPL m\u00e1ximo: 131 dB, amplificador Clase D, potencia AES: 2500W, gabinete de contrachapado con corte de CNC, dimensiones: 374 x 660 x 538 mm, altura total (con subwoofer): 1896 mm, peso: 32 kg.\",\"breadcrumb\":{\"@id\":\"https:\\\/\\\/www.mexicanguitarplayers.com\\\/tienda\\\/sin categor\u00eda\\\/bafle-audiocenter-subwoofer-modelo-l83s\\\/#breadcrumb\"},\"inLanguage\":\"en-US\",\"potentialAction\":[{\"@type\":\"ReadAction\",\"target\":[\"https:\\\/\\\/www.mexicanguitarplayers.com\\\/tienda\\\/sin categor\u00eda\\\/bafle-audiocenter-subwoofer-modelo-l83s\\\/\"]}]},{\"@type\":\"ImageObject\",\"inLanguage\":\"en-US\",\"@id\":\"https:\\\/\\\/www.mexicanguitarplayers.com\\\/tienda\\\/sin categor\u00eda\\\/bafle-audiocenter-subwoofer-modelo-l83s\\\/#primaryimage\",\"url\":\"https:\\\/\\\/www.mexicanguitarplayers.com\\\/wp-content\\\/uploads\\\/2025\\\/04\\\/IAACTL83S.jpg\",\"contentUrl\":\"https:\\\/\\\/www.mexicanguitarplayers.com\\\/wp-content\\\/uploads\\\/2025\\\/04\\\/IAACTL83S.jpg\",\"width\":1200,\"height\":1200},{\"@type\":\"BreadcrumbList\",\"@id\":\"https:\\\/\\\/www.mexicanguitarplayers.com\\\/tienda\\\/sin categor\u00eda\\\/bafle-audiocenter-subwoofer-modelo-l83s\\\/#breadcrumb\",\"itemListElement\":[{\"@type\":\"ListItem\",\"position\":1,\"name\":\"Portada\",\"item\":\"https:\\\/\\\/www.mexicanguitarplayers.com\\\/\"},{\"@type\":\"ListItem\",\"position\":2,\"name\":\"Tienda\",\"item\":\"https:\\\/\\\/www.mexicanguitarplayers.com\\\/tienda\\\/\"},{\"@type\":\"ListItem\",\"position\":3,\"name\":\"BAFLE AUDIOCENTER SUBWOOFER MODELO L83S\"}]},{\"@type\":\"WebSite\",\"@id\":\"https:\\\/\\\/www.mexicanguitarplayers.com\\\/#website\",\"url\":\"https:\\\/\\\/www.mexicanguitarplayers.com\\\/\",\"name\":\"Mexican Guitar Players\",\"description\":\"Website\",\"publisher\":{\"@id\":\"https:\\\/\\\/www.mexicanguitarplayers.com\\\/#organization\"},\"potentialAction\":[{\"@type\":\"SearchAction\",\"target\":{\"@type\":\"EntryPoint\",\"urlTemplate\":\"https:\\\/\\\/www.mexicanguitarplayers.com\\\/?s={search_term_string}\"},\"query-input\":{\"@type\":\"PropertyValueSpecification\",\"valueRequired\":true,\"valueName\":\"search_term_string\"}}],\"inLanguage\":\"en-US\"},{\"@type\":\"Organization\",\"@id\":\"https:\\\/\\\/www.mexicanguitarplayers.com\\\/#organization\",\"name\":\"Mexican Guitar Players\",\"url\":\"https:\\\/\\\/www.mexicanguitarplayers.com\\\/\",\"logo\":{\"@type\":\"ImageObject\",\"inLanguage\":\"en-US\",\"@id\":\"https:\\\/\\\/www.mexicanguitarplayers.com\\\/#\\\/schema\\\/logo\\\/image\\\/\",\"url\":\"\",\"contentUrl\":\"\",\"caption\":\"Mexican Guitar Players\"},\"image\":{\"@id\":\"https:\\\/\\\/www.mexicanguitarplayers.com\\\/#\\\/schema\\\/logo\\\/image\\\/\"}}]}<\/script>\n<!-- \/ Yoast SEO plugin. -->","yoast_head_json":{"title":"BAFLE AUDIOCENTER SUBWOOFER MODELO L83S - Mexican Guitar Players","description":"Columna activa del sistema L83, controlada por DSP, 2 altavoces AUDIOCENTER de ferrita de 12\u201d, \u00e1ngulo de cobertura: 110\u00b0H x 20\u00b0V, respuesta de frecuencia: 42 Hz - 20 kHz, SPL m\u00e1ximo: 131 dB, amplificador Clase D, potencia AES: 2500W, gabinete de contrachapado con corte de CNC, dimensiones: 374 x 660 x 538 mm, altura total (con subwoofer): 1896 mm, peso: 32 kg.","robots":{"index":"index","follow":"follow","max-snippet":"max-snippet:-1","max-image-preview":"max-image-preview:large","max-video-preview":"max-video-preview:-1"},"canonical":"https:\/\/www.mexicanguitarplayers.com\/en\/tienda\/sin categor\u00eda\/bafle-audiocenter-subwoofer-modelo-l83s\/","og_locale":"en_US","og_type":"article","og_title":"BAFLE AUDIOCENTER SUBWOOFER MODELO L83S - Mexican Guitar Players","og_description":"Columna activa del sistema L83, controlada por DSP, 2 altavoces AUDIOCENTER de ferrita de 12\u201d, \u00e1ngulo de cobertura: 110\u00b0H x 20\u00b0V, respuesta de frecuencia: 42 Hz - 20 kHz, SPL m\u00e1ximo: 131 dB, amplificador Clase D, potencia AES: 2500W, gabinete de contrachapado con corte de CNC, dimensiones: 374 x 660 x 538 mm, altura total (con subwoofer): 1896 mm, peso: 32 kg.","og_url":"https:\/\/www.mexicanguitarplayers.com\/en\/tienda\/sin categor\u00eda\/bafle-audiocenter-subwoofer-modelo-l83s\/","og_site_name":"Mexican Guitar Players","article_modified_time":"2026-04-10T10:38:45+00:00","twitter_card":"summary_large_image","twitter_misc":{"Est. reading time":"3 minutes"},"schema":{"@context":"https:\/\/schema.org","@graph":[{"@type":["WebPage","ItemPage"],"@id":"https:\/\/www.mexicanguitarplayers.com\/tienda\/sin categor\u00eda\/bafle-audiocenter-subwoofer-modelo-l83s\/","url":"https:\/\/www.mexicanguitarplayers.com\/tienda\/sin categor\u00eda\/bafle-audiocenter-subwoofer-modelo-l83s\/","name":"BAFLE AUDIOCENTER SUBWOOFER MODELO L83S - Mexican Guitar Players","isPartOf":{"@id":"https:\/\/www.mexicanguitarplayers.com\/#website"},"primaryImageOfPage":{"@id":"https:\/\/www.mexicanguitarplayers.com\/tienda\/sin categor\u00eda\/bafle-audiocenter-subwoofer-modelo-l83s\/#primaryimage"},"image":{"@id":"https:\/\/www.mexicanguitarplayers.com\/tienda\/sin categor\u00eda\/bafle-audiocenter-subwoofer-modelo-l83s\/#primaryimage"},"thumbnailUrl":"https:\/\/www.mexicanguitarplayers.com\/wp-content\/uploads\/2025\/04\/IAACTL83S.jpg","datePublished":"2025-04-08T16:40:26+00:00","dateModified":"2026-04-10T10:38:45+00:00","description":"Columna activa del sistema L83, controlada por DSP, 2 altavoces AUDIOCENTER de ferrita de 12\u201d, \u00e1ngulo de cobertura: 110\u00b0H x 20\u00b0V, respuesta de frecuencia: 42 Hz - 20 kHz, SPL m\u00e1ximo: 131 dB, amplificador Clase D, potencia AES: 2500W, gabinete de contrachapado con corte de CNC, dimensiones: 374 x 660 x 538 mm, altura total (con subwoofer): 1896 mm, peso: 32 kg.","breadcrumb":{"@id":"https:\/\/www.mexicanguitarplayers.com\/tienda\/sin categor\u00eda\/bafle-audiocenter-subwoofer-modelo-l83s\/#breadcrumb"},"inLanguage":"en-US","potentialAction":[{"@type":"ReadAction","target":["https:\/\/www.mexicanguitarplayers.com\/tienda\/sin categor\u00eda\/bafle-audiocenter-subwoofer-modelo-l83s\/"]}]},{"@type":"ImageObject","inLanguage":"en-US","@id":"https:\/\/www.mexicanguitarplayers.com\/tienda\/sin categor\u00eda\/bafle-audiocenter-subwoofer-modelo-l83s\/#primaryimage","url":"https:\/\/www.mexicanguitarplayers.com\/wp-content\/uploads\/2025\/04\/IAACTL83S.jpg","contentUrl":"https:\/\/www.mexicanguitarplayers.com\/wp-content\/uploads\/2025\/04\/IAACTL83S.jpg","width":1200,"height":1200},{"@type":"BreadcrumbList","@id":"https:\/\/www.mexicanguitarplayers.com\/tienda\/sin categor\u00eda\/bafle-audiocenter-subwoofer-modelo-l83s\/#breadcrumb","itemListElement":[{"@type":"ListItem","position":1,"name":"Portada","item":"https:\/\/www.mexicanguitarplayers.com\/"},{"@type":"ListItem","position":2,"name":"Tienda","item":"https:\/\/www.mexicanguitarplayers.com\/tienda\/"},{"@type":"ListItem","position":3,"name":"BAFLE AUDIOCENTER SUBWOOFER MODELO L83S"}]},{"@type":"WebSite","@id":"https:\/\/www.mexicanguitarplayers.com\/#website","url":"https:\/\/www.mexicanguitarplayers.com\/","name":"Mexican Guitar Players","description":"Website","publisher":{"@id":"https:\/\/www.mexicanguitarplayers.com\/#organization"},"potentialAction":[{"@type":"SearchAction","target":{"@type":"EntryPoint","urlTemplate":"https:\/\/www.mexicanguitarplayers.com\/?s={search_term_string}"},"query-input":{"@type":"PropertyValueSpecification","valueRequired":true,"valueName":"search_term_string"}}],"inLanguage":"en-US"},{"@type":"Organization","@id":"https:\/\/www.mexicanguitarplayers.com\/#organization","name":"Mexican Guitar Players","url":"https:\/\/www.mexicanguitarplayers.com\/","logo":{"@type":"ImageObject","inLanguage":"en-US","@id":"https:\/\/www.mexicanguitarplayers.com\/#\/schema\/logo\/image\/","url":"","contentUrl":"","caption":"Mexican Guitar Players"},"image":{"@id":"https:\/\/www.mexicanguitarplayers.com\/#\/schema\/logo\/image\/"}}]}},"brands":[{"id":525,"name":"AUDIOCENTER","slug":"audiocenter"}],"_links":{"self":[{"href":"https:\/\/www.mexicanguitarplayers.com\/en\/wp-json\/wp\/v2\/product\/29447","targetHints":{"allow":["GET"]}}],"collection":[{"href":"https:\/\/www.mexicanguitarplayers.com\/en\/wp-json\/wp\/v2\/product"}],"about":[{"href":"https:\/\/www.mexicanguitarplayers.com\/en\/wp-json\/wp\/v2\/types\/product"}],"replies":[{"embeddable":true,"href":"https:\/\/www.mexicanguitarplayers.com\/en\/wp-json\/wp\/v2\/comments?post=29447"}],"wp:featuredmedia":[{"embeddable":true,"href":"https:\/\/www.mexicanguitarplayers.com\/en\/wp-json\/wp\/v2\/media\/29443"}],"wp:attachment":[{"href":"https:\/\/www.mexicanguitarplayers.com\/en\/wp-json\/wp\/v2\/media?parent=29447"}],"wp:term":[{"taxonomy":"pwb-brand","embeddable":true,"href":"https:\/\/www.mexicanguitarplayers.com\/en\/wp-json\/wp\/v2\/pwb-brand?post=29447"},{"taxonomy":"product_brand","embeddable":true,"href":"https:\/\/www.mexicanguitarplayers.com\/en\/wp-json\/wp\/v2\/product_brand?post=29447"},{"taxonomy":"product_cat","embeddable":true,"href":"https:\/\/www.mexicanguitarplayers.com\/en\/wp-json\/wp\/v2\/product_cat?post=29447"},{"taxonomy":"product_tag","embeddable":true,"href":"https:\/\/www.mexicanguitarplayers.com\/en\/wp-json\/wp\/v2\/product_tag?post=29447"}],"curies":[{"name":"wp","href":"https:\/\/api.w.org\/{rel}","templated":true}]}}