{"id":29454,"date":"2025-04-08T10:40:35","date_gmt":"2025-04-08T16:40:35","guid":{"rendered":"https:\/\/www.mexicanguitarplayers.com\/tienda\/sin categor\u00eda\/microfono-behringer-mod-sl-84c\/"},"modified":"2026-05-01T07:26:00","modified_gmt":"2026-05-01T13:26:00","slug":"microfono-behringer-mod-sl-84c","status":"publish","type":"product","link":"https:\/\/www.mexicanguitarplayers.com\/en\/tienda\/audio\/microfonia\/microfonos-alambricos\/de-mano\/microfono-behringer-mod-sl-84c\/","title":{"rendered":"MICROFONO BEHRINGER    MOD. SL 84C"},"content":{"rendered":"<div style=\"text-align: justify\">\n<div>\n<h3>El cl\u00e1sico sonido Behringer.<\/h3>\n<\/div>\n<div>Pocas cosas son m\u00e1s esenciales para la grabaci\u00f3n o los shows en vivo que los micr\u00f3fonos din\u00e1micos. Pregunta a cualquier ingeniero de sonido y te dir\u00e1 que tengas a la mano la mayor cantidad posible. Behringer te ofrece un micr\u00f3fono din\u00e1mico SL 84C de excelente sonido con carcasa resistente a los impactos, con adaptadores de soporte y clips de micr\u00f3fono para que est\u00e9s listo para capturar tu sonido en una resoluci\u00f3n brillante. \u00bfQu\u00e9 es un micr\u00f3fono din\u00e1mico? Los micr\u00f3fonos din\u00e1micos tienen varias ventajas que los hacen ideales para aplicaciones en vivo o para grabar instrumentos amplificados. Son robustos, resistentes a la humedad y pueden lograr una alta ganancia antes de la retroalimentaci\u00f3n. El patr\u00f3n de captaci\u00f3n cardioide de estos micr\u00f3fonos est\u00e1 dise\u00f1ado para capturar la se\u00f1al fuente como un amplificador de guitarra o un vocalista, mientras evita el sonido fuera del eje. \u00bfPor qu\u00e9 es SL 84C? Si echas un vistazo al escenario en cualquier club, probablemente ver\u00e1s muchos micr\u00f3fonos din\u00e1micos para los vocalistas, incluso m\u00e1s para la bater\u00eda y los amplificadores. Este conveniente micr\u00f3fono de excelente sonido est\u00e1 a tu disposici\u00f3n inmediata. Los micr\u00f3fonos SL 84C proporcionan un sonido s\u00faper limpio con una distorsi\u00f3n m\u00ednima, un ligero aumento de presencia en el rango medio cr\u00edtico.<\/div>\n<div>\n<h4>Characteristics<\/h4>\n<\/div>\n<div>\n<ul style=\"margin: 0px 0px 0px 25px\">\n<li style=\"list-style-type: circle;margin: 5px\">Micr\u00f3fono vocal din\u00e1mico cardioide.<\/li>\n<li style=\"list-style-type: circle;margin: 5px\">Suave presencia de frecuencia media.<\/li>\n<li style=\"list-style-type: circle;margin: 5px\">Excelente proyecci\u00f3n de voz.<\/li>\n<li style=\"list-style-type: circle;margin: 5px\">Ultra-wide frequency response.<\/li>\n<li style=\"list-style-type: circle;margin: 5px\">Sonido  brillante y transparente.<\/li>\n<li style=\"list-style-type: circle;margin: 5px\">Salida de se\u00f1al extremadamente alta.<\/li>\n<li style=\"list-style-type: circle;margin: 5px\">Filtro esf\u00e9rico integrado de ruido de viento y pop.<\/li>\n<li style=\"list-style-type: circle;margin: 5px\">Sistema shock mount para reducir ruido de manejo.<\/li>\n<li style=\"list-style-type: circle;margin: 5px\">Conector XLR de 3 pines.<\/li>\n<li style=\"list-style-type: circle;margin: 5px\">Incluye adaptador de soporte de micr\u00f3fono y estuche de transporte.<\/li>\n<\/ul>\n<\/div>\n<\/div>","protected":false},"excerpt":{"rendered":"<p>Micr\u00f3fono vocal din\u00e1mico cardioide con suave presencia de frecuencia media para una excelente proyecci\u00f3n de la voz, respuesta de frecuencia ultra ancha para un sonido brillante y transparente, salida de se\u00f1al extremadamente alta, caracter\u00edstica cardioide que minimiza el ruido de fondo y la retroalimentaci\u00f3n, filtro esf\u00e9rico integrado de ruido de viento y pop, sistema shock mount para reducir el ruido de manejo, conector XLR de 3 pines para mayor integridad de la se\u00f1al, incluye adaptador de soporte de micr\u00f3fono y estuche de transporte.&hellip; <a class=\"kt-excerpt-readmore more-link\" href=\"https:\/\/www.mexicanguitarplayers.com\/en\/tienda\/audio\/microfonia\/microfonos-alambricos\/de-mano\/microfono-behringer-mod-sl-84c\/\">Read more<\/a><\/p>","protected":false},"featured_media":29452,"comment_status":"open","ping_status":"closed","template":"","meta":{"kt_blocks_editor_width":""},"pwb-brand":[171],"product_brand":[],"product_cat":[213,218,214,215],"product_tag":[],"class_list":{"0":"post-29454","1":"product","2":"type-product","3":"status-publish","4":"has-post-thumbnail","6":"pwb-brand-behringer","7":"product_cat-audio","8":"product_cat-de-mano","9":"product_cat-microfonia","10":"product_cat-microfonos-alambricos","11":"product_shipping_class-0-5-kg","13":"first","14":"instock","15":"taxable","16":"shipping-taxable","17":"purchasable","18":"product-type-simple"},"yoast_head":"<!-- This site is optimized with the Yoast SEO plugin v27.6 - https:\/\/yoast.com\/product\/yoast-seo-wordpress\/ -->\n<title>MICROFONO BEHRINGER  MOD. SL 84C - Mexican Guitar Players<\/title>\n<meta name=\"description\" content=\"Micr\u00f3fono vocal din\u00e1mico cardioide con suave presencia de frecuencia media para una excelente proyecci\u00f3n de la voz, respuesta de frecuencia ultra ancha para un sonido brillante y transparente, salida de se\u00f1al extremadamente alta, caracter\u00edstica cardioide que minimiza el ruido de fondo y la retroalimentaci\u00f3n, filtro esf\u00e9rico integrado de ruido de viento y pop, sistema shock mount para reducir el ruido de manejo, conector XLR de 3 pines para mayor integridad de la se\u00f1al, incluye adaptador de soporte de micr\u00f3fono y estuche de transporte.\" \/>\n<meta name=\"robots\" content=\"index, follow, max-snippet:-1, max-image-preview:large, max-video-preview:-1\" \/>\n<link rel=\"canonical\" href=\"https:\/\/www.mexicanguitarplayers.com\/en\/tienda\/sin%20categor\u00eda\/microfono-behringer-mod-sl-84c\/\" \/>\n<meta property=\"og:locale\" content=\"en_US\" \/>\n<meta property=\"og:type\" content=\"article\" \/>\n<meta property=\"og:title\" content=\"MICROFONO BEHRINGER  MOD. SL 84C - Mexican Guitar Players\" \/>\n<meta property=\"og:description\" content=\"Micr\u00f3fono vocal din\u00e1mico cardioide con suave presencia de frecuencia media para una excelente proyecci\u00f3n de la voz, respuesta de frecuencia ultra ancha para un sonido brillante y transparente, salida de se\u00f1al extremadamente alta, caracter\u00edstica cardioide que minimiza el ruido de fondo y la retroalimentaci\u00f3n, filtro esf\u00e9rico integrado de ruido de viento y pop, sistema shock mount para reducir el ruido de manejo, conector XLR de 3 pines para mayor integridad de la se\u00f1al, incluye adaptador de soporte de micr\u00f3fono y estuche de transporte.\" \/>\n<meta property=\"og:url\" content=\"https:\/\/www.mexicanguitarplayers.com\/en\/tienda\/sin categor\u00eda\/microfono-behringer-mod-sl-84c\/\" \/>\n<meta property=\"og:site_name\" content=\"Mexican Guitar Players\" \/>\n<meta property=\"article:modified_time\" content=\"2026-05-01T13:26:00+00:00\" \/>\n<meta name=\"twitter:card\" content=\"summary_large_image\" \/>\n<meta name=\"twitter:label1\" content=\"Est. reading time\" \/>\n\t<meta name=\"twitter:data1\" content=\"2 minutes\" \/>\n<script type=\"application\/ld+json\" class=\"yoast-schema-graph\">{\"@context\":\"https:\\\/\\\/schema.org\",\"@graph\":[{\"@type\":[\"WebPage\",\"ItemPage\"],\"@id\":\"https:\\\/\\\/www.mexicanguitarplayers.com\\\/tienda\\\/sin categor\u00eda\\\/microfono-behringer-mod-sl-84c\\\/\",\"url\":\"https:\\\/\\\/www.mexicanguitarplayers.com\\\/tienda\\\/sin categor\u00eda\\\/microfono-behringer-mod-sl-84c\\\/\",\"name\":\"MICROFONO BEHRINGER MOD. SL 84C - Mexican Guitar Players\",\"isPartOf\":{\"@id\":\"https:\\\/\\\/www.mexicanguitarplayers.com\\\/#website\"},\"primaryImageOfPage\":{\"@id\":\"https:\\\/\\\/www.mexicanguitarplayers.com\\\/tienda\\\/sin categor\u00eda\\\/microfono-behringer-mod-sl-84c\\\/#primaryimage\"},\"image\":{\"@id\":\"https:\\\/\\\/www.mexicanguitarplayers.com\\\/tienda\\\/sin categor\u00eda\\\/microfono-behringer-mod-sl-84c\\\/#primaryimage\"},\"thumbnailUrl\":\"https:\\\/\\\/www.mexicanguitarplayers.com\\\/wp-content\\\/uploads\\\/2025\\\/04\\\/IABEHSL84C.jpg\",\"datePublished\":\"2025-04-08T16:40:35+00:00\",\"dateModified\":\"2026-05-01T13:26:00+00:00\",\"description\":\"Micr\u00f3fono vocal din\u00e1mico cardioide con suave presencia de frecuencia media para una excelente proyecci\u00f3n de la voz, respuesta de frecuencia ultra ancha para un sonido brillante y transparente, salida de se\u00f1al extremadamente alta, caracter\u00edstica cardioide que minimiza el ruido de fondo y la retroalimentaci\u00f3n, filtro esf\u00e9rico integrado de ruido de viento y pop, sistema shock mount para reducir el ruido de manejo, conector XLR de 3 pines para mayor integridad de la se\u00f1al, incluye adaptador de soporte de micr\u00f3fono y estuche de transporte.\",\"breadcrumb\":{\"@id\":\"https:\\\/\\\/www.mexicanguitarplayers.com\\\/tienda\\\/sin categor\u00eda\\\/microfono-behringer-mod-sl-84c\\\/#breadcrumb\"},\"inLanguage\":\"en-US\",\"potentialAction\":[{\"@type\":\"ReadAction\",\"target\":[\"https:\\\/\\\/www.mexicanguitarplayers.com\\\/tienda\\\/sin categor\u00eda\\\/microfono-behringer-mod-sl-84c\\\/\"]}]},{\"@type\":\"ImageObject\",\"inLanguage\":\"en-US\",\"@id\":\"https:\\\/\\\/www.mexicanguitarplayers.com\\\/tienda\\\/sin categor\u00eda\\\/microfono-behringer-mod-sl-84c\\\/#primaryimage\",\"url\":\"https:\\\/\\\/www.mexicanguitarplayers.com\\\/wp-content\\\/uploads\\\/2025\\\/04\\\/IABEHSL84C.jpg\",\"contentUrl\":\"https:\\\/\\\/www.mexicanguitarplayers.com\\\/wp-content\\\/uploads\\\/2025\\\/04\\\/IABEHSL84C.jpg\",\"width\":800,\"height\":1600},{\"@type\":\"BreadcrumbList\",\"@id\":\"https:\\\/\\\/www.mexicanguitarplayers.com\\\/tienda\\\/sin categor\u00eda\\\/microfono-behringer-mod-sl-84c\\\/#breadcrumb\",\"itemListElement\":[{\"@type\":\"ListItem\",\"position\":1,\"name\":\"Portada\",\"item\":\"https:\\\/\\\/www.mexicanguitarplayers.com\\\/\"},{\"@type\":\"ListItem\",\"position\":2,\"name\":\"Tienda\",\"item\":\"https:\\\/\\\/www.mexicanguitarplayers.com\\\/tienda\\\/\"},{\"@type\":\"ListItem\",\"position\":3,\"name\":\"MICROFONO BEHRINGER MOD. SL 84C\"}]},{\"@type\":\"WebSite\",\"@id\":\"https:\\\/\\\/www.mexicanguitarplayers.com\\\/#website\",\"url\":\"https:\\\/\\\/www.mexicanguitarplayers.com\\\/\",\"name\":\"Mexican Guitar Players\",\"description\":\"Website\",\"publisher\":{\"@id\":\"https:\\\/\\\/www.mexicanguitarplayers.com\\\/#organization\"},\"potentialAction\":[{\"@type\":\"SearchAction\",\"target\":{\"@type\":\"EntryPoint\",\"urlTemplate\":\"https:\\\/\\\/www.mexicanguitarplayers.com\\\/?s={search_term_string}\"},\"query-input\":{\"@type\":\"PropertyValueSpecification\",\"valueRequired\":true,\"valueName\":\"search_term_string\"}}],\"inLanguage\":\"en-US\"},{\"@type\":\"Organization\",\"@id\":\"https:\\\/\\\/www.mexicanguitarplayers.com\\\/#organization\",\"name\":\"Mexican Guitar Players\",\"url\":\"https:\\\/\\\/www.mexicanguitarplayers.com\\\/\",\"logo\":{\"@type\":\"ImageObject\",\"inLanguage\":\"en-US\",\"@id\":\"https:\\\/\\\/www.mexicanguitarplayers.com\\\/#\\\/schema\\\/logo\\\/image\\\/\",\"url\":\"\",\"contentUrl\":\"\",\"caption\":\"Mexican Guitar Players\"},\"image\":{\"@id\":\"https:\\\/\\\/www.mexicanguitarplayers.com\\\/#\\\/schema\\\/logo\\\/image\\\/\"}}]}<\/script>\n<!-- \/ Yoast SEO plugin. -->","yoast_head_json":{"title":"MICROFONO BEHRINGER  MOD. SL 84C - Mexican Guitar Players","description":"Micr\u00f3fono vocal din\u00e1mico cardioide con suave presencia de frecuencia media para una excelente proyecci\u00f3n de la voz, respuesta de frecuencia ultra ancha para un sonido brillante y transparente, salida de se\u00f1al extremadamente alta, caracter\u00edstica cardioide que minimiza el ruido de fondo y la retroalimentaci\u00f3n, filtro esf\u00e9rico integrado de ruido de viento y pop, sistema shock mount para reducir el ruido de manejo, conector XLR de 3 pines para mayor integridad de la se\u00f1al, incluye adaptador de soporte de micr\u00f3fono y estuche de transporte.","robots":{"index":"index","follow":"follow","max-snippet":"max-snippet:-1","max-image-preview":"max-image-preview:large","max-video-preview":"max-video-preview:-1"},"canonical":"https:\/\/www.mexicanguitarplayers.com\/en\/tienda\/sin categor\u00eda\/microfono-behringer-mod-sl-84c\/","og_locale":"en_US","og_type":"article","og_title":"MICROFONO BEHRINGER  MOD. SL 84C - Mexican Guitar Players","og_description":"Micr\u00f3fono vocal din\u00e1mico cardioide con suave presencia de frecuencia media para una excelente proyecci\u00f3n de la voz, respuesta de frecuencia ultra ancha para un sonido brillante y transparente, salida de se\u00f1al extremadamente alta, caracter\u00edstica cardioide que minimiza el ruido de fondo y la retroalimentaci\u00f3n, filtro esf\u00e9rico integrado de ruido de viento y pop, sistema shock mount para reducir el ruido de manejo, conector XLR de 3 pines para mayor integridad de la se\u00f1al, incluye adaptador de soporte de micr\u00f3fono y estuche de transporte.","og_url":"https:\/\/www.mexicanguitarplayers.com\/en\/tienda\/sin categor\u00eda\/microfono-behringer-mod-sl-84c\/","og_site_name":"Mexican Guitar Players","article_modified_time":"2026-05-01T13:26:00+00:00","twitter_card":"summary_large_image","twitter_misc":{"Est. reading time":"2 minutes"},"schema":{"@context":"https:\/\/schema.org","@graph":[{"@type":["WebPage","ItemPage"],"@id":"https:\/\/www.mexicanguitarplayers.com\/tienda\/sin categor\u00eda\/microfono-behringer-mod-sl-84c\/","url":"https:\/\/www.mexicanguitarplayers.com\/tienda\/sin categor\u00eda\/microfono-behringer-mod-sl-84c\/","name":"MICROFONO BEHRINGER MOD. SL 84C - Mexican Guitar Players","isPartOf":{"@id":"https:\/\/www.mexicanguitarplayers.com\/#website"},"primaryImageOfPage":{"@id":"https:\/\/www.mexicanguitarplayers.com\/tienda\/sin categor\u00eda\/microfono-behringer-mod-sl-84c\/#primaryimage"},"image":{"@id":"https:\/\/www.mexicanguitarplayers.com\/tienda\/sin categor\u00eda\/microfono-behringer-mod-sl-84c\/#primaryimage"},"thumbnailUrl":"https:\/\/www.mexicanguitarplayers.com\/wp-content\/uploads\/2025\/04\/IABEHSL84C.jpg","datePublished":"2025-04-08T16:40:35+00:00","dateModified":"2026-05-01T13:26:00+00:00","description":"Micr\u00f3fono vocal din\u00e1mico cardioide con suave presencia de frecuencia media para una excelente proyecci\u00f3n de la voz, respuesta de frecuencia ultra ancha para un sonido brillante y transparente, salida de se\u00f1al extremadamente alta, caracter\u00edstica cardioide que minimiza el ruido de fondo y la retroalimentaci\u00f3n, filtro esf\u00e9rico integrado de ruido de viento y pop, sistema shock mount para reducir el ruido de manejo, conector XLR de 3 pines para mayor integridad de la se\u00f1al, incluye adaptador de soporte de micr\u00f3fono y estuche de transporte.","breadcrumb":{"@id":"https:\/\/www.mexicanguitarplayers.com\/tienda\/sin categor\u00eda\/microfono-behringer-mod-sl-84c\/#breadcrumb"},"inLanguage":"en-US","potentialAction":[{"@type":"ReadAction","target":["https:\/\/www.mexicanguitarplayers.com\/tienda\/sin categor\u00eda\/microfono-behringer-mod-sl-84c\/"]}]},{"@type":"ImageObject","inLanguage":"en-US","@id":"https:\/\/www.mexicanguitarplayers.com\/tienda\/sin categor\u00eda\/microfono-behringer-mod-sl-84c\/#primaryimage","url":"https:\/\/www.mexicanguitarplayers.com\/wp-content\/uploads\/2025\/04\/IABEHSL84C.jpg","contentUrl":"https:\/\/www.mexicanguitarplayers.com\/wp-content\/uploads\/2025\/04\/IABEHSL84C.jpg","width":800,"height":1600},{"@type":"BreadcrumbList","@id":"https:\/\/www.mexicanguitarplayers.com\/tienda\/sin categor\u00eda\/microfono-behringer-mod-sl-84c\/#breadcrumb","itemListElement":[{"@type":"ListItem","position":1,"name":"Portada","item":"https:\/\/www.mexicanguitarplayers.com\/"},{"@type":"ListItem","position":2,"name":"Tienda","item":"https:\/\/www.mexicanguitarplayers.com\/tienda\/"},{"@type":"ListItem","position":3,"name":"MICROFONO BEHRINGER MOD. SL 84C"}]},{"@type":"WebSite","@id":"https:\/\/www.mexicanguitarplayers.com\/#website","url":"https:\/\/www.mexicanguitarplayers.com\/","name":"Mexican Guitar Players","description":"Website","publisher":{"@id":"https:\/\/www.mexicanguitarplayers.com\/#organization"},"potentialAction":[{"@type":"SearchAction","target":{"@type":"EntryPoint","urlTemplate":"https:\/\/www.mexicanguitarplayers.com\/?s={search_term_string}"},"query-input":{"@type":"PropertyValueSpecification","valueRequired":true,"valueName":"search_term_string"}}],"inLanguage":"en-US"},{"@type":"Organization","@id":"https:\/\/www.mexicanguitarplayers.com\/#organization","name":"Mexican Guitar Players","url":"https:\/\/www.mexicanguitarplayers.com\/","logo":{"@type":"ImageObject","inLanguage":"en-US","@id":"https:\/\/www.mexicanguitarplayers.com\/#\/schema\/logo\/image\/","url":"","contentUrl":"","caption":"Mexican Guitar Players"},"image":{"@id":"https:\/\/www.mexicanguitarplayers.com\/#\/schema\/logo\/image\/"}}]}},"brands":[{"id":171,"name":"BEHRINGER","slug":"behringer"}],"_links":{"self":[{"href":"https:\/\/www.mexicanguitarplayers.com\/en\/wp-json\/wp\/v2\/product\/29454","targetHints":{"allow":["GET"]}}],"collection":[{"href":"https:\/\/www.mexicanguitarplayers.com\/en\/wp-json\/wp\/v2\/product"}],"about":[{"href":"https:\/\/www.mexicanguitarplayers.com\/en\/wp-json\/wp\/v2\/types\/product"}],"replies":[{"embeddable":true,"href":"https:\/\/www.mexicanguitarplayers.com\/en\/wp-json\/wp\/v2\/comments?post=29454"}],"wp:featuredmedia":[{"embeddable":true,"href":"https:\/\/www.mexicanguitarplayers.com\/en\/wp-json\/wp\/v2\/media\/29452"}],"wp:attachment":[{"href":"https:\/\/www.mexicanguitarplayers.com\/en\/wp-json\/wp\/v2\/media?parent=29454"}],"wp:term":[{"taxonomy":"pwb-brand","embeddable":true,"href":"https:\/\/www.mexicanguitarplayers.com\/en\/wp-json\/wp\/v2\/pwb-brand?post=29454"},{"taxonomy":"product_brand","embeddable":true,"href":"https:\/\/www.mexicanguitarplayers.com\/en\/wp-json\/wp\/v2\/product_brand?post=29454"},{"taxonomy":"product_cat","embeddable":true,"href":"https:\/\/www.mexicanguitarplayers.com\/en\/wp-json\/wp\/v2\/product_cat?post=29454"},{"taxonomy":"product_tag","embeddable":true,"href":"https:\/\/www.mexicanguitarplayers.com\/en\/wp-json\/wp\/v2\/product_tag?post=29454"}],"curies":[{"name":"wp","href":"https:\/\/api.w.org\/{rel}","templated":true}]}}