{"id":29468,"date":"2025-04-08T10:41:00","date_gmt":"2025-04-08T16:41:00","guid":{"rendered":"https:\/\/www.mexicanguitarplayers.com\/tienda\/sin categor\u00eda\/armonica-hohner-504-20-silver-star\/"},"modified":"2026-04-10T04:38:43","modified_gmt":"2026-04-10T10:38:43","slug":"armonica-hohner-504-20-silver-star","status":"publish","type":"product","link":"https:\/\/www.mexicanguitarplayers.com\/en\/tienda\/alientos\/armonicas\/armonica-hohner-504-20-silver-star\/","title":{"rendered":"ARMONICA HOHNER 504\/20    SILVER STAR"},"content":{"rendered":"<div style=\"text-align: justify\">\n<div>\n<h3>El sonido real del Blues.<\/h3>\n<\/div>\n<div>La arm\u00f3nica Silver Star de Hohner ofrece un tono dulce, sonido c\u00e1lido y un rendimiento fiable, esta arm\u00f3nica es un poco m\u00e1s grande que otras, cuenta con 10 celdas y esto hace que los principiantes encuentren m\u00e1s f\u00e1cilmente las notas. Se puede utilizar para R&amp;B y jazz. Viene en una caja de pl\u00e1stico, que protege el instrumento cuando no se est\u00e1 tocando. El cuerpo de la arm\u00f3nica tiene soportes de pl\u00e1stico para prevenir que las placas de cubierta sean aplastadas.<\/div>\n<div>\n<h4>Quick look<\/h4>\n<\/div>\n<ul style=\"margin: 0px 0px 0px 25px\">\n<li style=\"list-style-type: circle;margin: 5px\">Serie.<\/li>\n<li style=\"list-style-type: circle;margin: 5px\">Kind.<\/li>\n<li style=\"list-style-type: circle;margin: 5px\">Notas.<\/li>\n<li style=\"list-style-type: circle;margin: 5px\">Afinaci\u00f3n.<\/li>\n<li style=\"list-style-type: circle;margin: 5px\">N\u00famero de celdas.<\/li>\n<li style=\"list-style-type: circle;margin: 5px\">Leng\u00fcetas.<\/li>\n<li style=\"list-style-type: circle;margin: 5px\">Placas de leng\u00fcetas.<\/li>\n<li style=\"list-style-type: circle;margin: 5px\">Superficie de la cubierta.<\/li>\n<li style=\"list-style-type: circle;margin: 5px\">Superficie de placas de leng\u00fcetas.<\/li>\n<li style=\"list-style-type: circle;margin: 5px\">Superficie de la boquilla.<\/li>\n<li style=\"list-style-type: circle;margin: 5px\">Peine.<\/li>\n<\/ul>\n<div>\n<div style=\"font-weight: bold\">Serie.<\/div>\n<div>\n<p>Enthusiast.<\/p>\n<\/div>\n<div style=\"font-weight: bold\">Kind.<\/div>\n<div>\n<p>Diat\u00f3nica.<\/p>\n<\/div>\n<div style=\"font-weight: bold\">Notas.<\/div>\n<div>\n<p>A, C, Bb, D, E, F, G.<\/p>\n<\/div>\n<div style=\"font-weight: bold\">Afinaci\u00f3n.<\/div>\n<div>\n<p>Richter.<\/p>\n<\/div>\n<div style=\"font-weight: bold\">N\u00famero de celdas.<\/div>\n<div>\n<p>10.<\/p>\n<\/div>\n<div style=\"font-weight: bold\">Leng\u00fcetas.<\/div>\n<div>\n<p>Lat\u00f3n, 20.<\/p>\n<\/div>\n<div style=\"font-weight: bold\">Placas de leng\u00fcetas.<\/div>\n<div>\n<p>Lat\u00f3n, 0.9 mm.<\/p>\n<\/div>\n<div style=\"font-weight: bold\">Superficie de la cubierta.<\/div>\n<div>\n<p>Acero inoxidable.<\/p>\n<\/div>\n<div style=\"font-weight: bold\">Superficie de placas de leng\u00fcetas.<\/div>\n<div>\n<p>Lat\u00f3n.<\/p>\n<\/div>\n<div style=\"font-weight: bold\">Superficie de la boquilla.<\/div>\n<div>\n<p>ABS.<\/p>\n<\/div>\n<div style=\"font-weight: bold\">Peine.<\/div>\n<div>\n<p>ABS, negro.<\/p>\n<\/div>\n<\/div>\n<div>\n<h4>Characteristics<\/h4>\n<\/div>\n<div>\n<ul style=\"margin: 0px 0px 0px 25px\">\n<li style=\"list-style-type: circle;margin: 5px\">Peine de pl\u00e1stico que produce un tono claro y brillante.<\/li>\n<li style=\"list-style-type: circle;margin: 5px\">Placas empotradas para una mejor hermeticidad.<\/li>\n<li style=\"list-style-type: circle;margin: 5px\">Tornillo de montaje para un f\u00e1cil mantenimiento.<\/li>\n<\/ul>\n<\/div>\n<\/div>","protected":false},"excerpt":{"rendered":"<p>Am\u00f3nica Hohner 504\/20. Modelo: SILVER STAR. Serie Enthusiast. Diat\u00f3nica. Notas:A, C, Bb, D, E, F, G. Afinaci\u00f3n Richter. N\u00famero de celdas: 10. Leng\u00fcetas: Lat\u00f3n,20. Placas de leng\u00fcetas: Lat\u00f3n, 0.9 mm. Superficie de la cubierta: Acero inoxidable. Superficie de placas de leng\u00fcetas: Lat\u00f3n. Superficie de la boquilla: ABS.Peine ABS, negro. Peine de pl\u00e1stico que produce un tono claro y brillante. Placas empotradas para una mejor hermeticidad. Tornillo de montaje para un f\u00e1cil mantenimiento.&hellip; <a class=\"kt-excerpt-readmore more-link\" href=\"https:\/\/www.mexicanguitarplayers.com\/en\/tienda\/alientos\/armonicas\/armonica-hohner-504-20-silver-star\/\">Read more<\/a><\/p>","protected":false},"featured_media":29464,"comment_status":"open","ping_status":"closed","template":"","meta":{"kt_blocks_editor_width":""},"pwb-brand":[395],"product_brand":[],"product_cat":[388,401],"product_tag":[],"class_list":{"0":"post-29468","1":"product","2":"type-product","3":"status-publish","4":"has-post-thumbnail","6":"pwb-brand-hohner","7":"product_cat-alientos","8":"product_cat-armonicas","9":"product_shipping_class-0-5-kg","11":"first","12":"outofstock","13":"taxable","14":"shipping-taxable","15":"purchasable","16":"product-type-simple"},"yoast_head":"<!-- This site is optimized with the Yoast SEO plugin v27.3 - https:\/\/yoast.com\/product\/yoast-seo-wordpress\/ -->\n<title>ARMONICA HOHNER 504\/20  SILVER STAR - Mexican Guitar Players<\/title>\n<meta name=\"description\" content=\"Am\u00f3nica Hohner 504\/20. Modelo: SILVER STAR. Serie Enthusiast. Diat\u00f3nica. Notas:A, C, Bb, D, E, F, G. Afinaci\u00f3n Richter. N\u00famero de celdas: 10. Leng\u00fcetas: Lat\u00f3n,20. Placas de leng\u00fcetas: Lat\u00f3n, 0.9 mm. Superficie de la cubierta: Acero inoxidable. Superficie de placas de leng\u00fcetas: Lat\u00f3n. Superficie de la boquilla: ABS.Peine ABS, negro. Peine de pl\u00e1stico que produce un tono claro y brillante. Placas empotradas para una mejor hermeticidad. Tornillo de montaje para un f\u00e1cil mantenimiento.\" \/>\n<meta name=\"robots\" content=\"index, follow, max-snippet:-1, max-image-preview:large, max-video-preview:-1\" \/>\n<link rel=\"canonical\" href=\"https:\/\/www.mexicanguitarplayers.com\/en\/tienda\/sin%20categor\u00eda\/armonica-hohner-504-20-silver-star\/\" \/>\n<meta property=\"og:locale\" content=\"en_US\" \/>\n<meta property=\"og:type\" content=\"article\" \/>\n<meta property=\"og:title\" content=\"ARMONICA HOHNER 504\/20  SILVER STAR - Mexican Guitar Players\" \/>\n<meta property=\"og:description\" content=\"Am\u00f3nica Hohner 504\/20. Modelo: SILVER STAR. Serie Enthusiast. Diat\u00f3nica. Notas:A, C, Bb, D, E, F, G. Afinaci\u00f3n Richter. N\u00famero de celdas: 10. Leng\u00fcetas: Lat\u00f3n,20. Placas de leng\u00fcetas: Lat\u00f3n, 0.9 mm. Superficie de la cubierta: Acero inoxidable. Superficie de placas de leng\u00fcetas: Lat\u00f3n. Superficie de la boquilla: ABS.Peine ABS, negro. Peine de pl\u00e1stico que produce un tono claro y brillante. Placas empotradas para una mejor hermeticidad. Tornillo de montaje para un f\u00e1cil mantenimiento.\" \/>\n<meta property=\"og:url\" content=\"https:\/\/www.mexicanguitarplayers.com\/en\/tienda\/sin categor\u00eda\/armonica-hohner-504-20-silver-star\/\" \/>\n<meta property=\"og:site_name\" content=\"Mexican Guitar Players\" \/>\n<meta property=\"article:modified_time\" content=\"2026-04-10T10:38:43+00:00\" \/>\n<meta name=\"twitter:card\" content=\"summary_large_image\" \/>\n<meta name=\"twitter:label1\" content=\"Est. reading time\" \/>\n\t<meta name=\"twitter:data1\" content=\"1 minute\" \/>\n<script type=\"application\/ld+json\" class=\"yoast-schema-graph\">{\"@context\":\"https:\\\/\\\/schema.org\",\"@graph\":[{\"@type\":[\"WebPage\",\"ItemPage\"],\"@id\":\"https:\\\/\\\/www.mexicanguitarplayers.com\\\/tienda\\\/sin categor\u00eda\\\/armonica-hohner-504-20-silver-star\\\/\",\"url\":\"https:\\\/\\\/www.mexicanguitarplayers.com\\\/tienda\\\/sin categor\u00eda\\\/armonica-hohner-504-20-silver-star\\\/\",\"name\":\"ARMONICA HOHNER 504\\\/20 SILVER STAR - Mexican Guitar Players\",\"isPartOf\":{\"@id\":\"https:\\\/\\\/www.mexicanguitarplayers.com\\\/#website\"},\"primaryImageOfPage\":{\"@id\":\"https:\\\/\\\/www.mexicanguitarplayers.com\\\/tienda\\\/sin categor\u00eda\\\/armonica-hohner-504-20-silver-star\\\/#primaryimage\"},\"image\":{\"@id\":\"https:\\\/\\\/www.mexicanguitarplayers.com\\\/tienda\\\/sin categor\u00eda\\\/armonica-hohner-504-20-silver-star\\\/#primaryimage\"},\"thumbnailUrl\":\"https:\\\/\\\/www.mexicanguitarplayers.com\\\/wp-content\\\/uploads\\\/2025\\\/04\\\/IVHOH50420.jpg\",\"datePublished\":\"2025-04-08T16:41:00+00:00\",\"dateModified\":\"2026-04-10T10:38:43+00:00\",\"description\":\"Am\u00f3nica Hohner 504\\\/20. Modelo: SILVER STAR. Serie Enthusiast. Diat\u00f3nica. Notas:A, C, Bb, D, E, F, G. Afinaci\u00f3n Richter. N\u00famero de celdas: 10. Leng\u00fcetas: Lat\u00f3n,20. Placas de leng\u00fcetas: Lat\u00f3n, 0.9 mm. Superficie de la cubierta: Acero inoxidable. Superficie de placas de leng\u00fcetas: Lat\u00f3n. Superficie de la boquilla: ABS.Peine ABS, negro. Peine de pl\u00e1stico que produce un tono claro y brillante. Placas empotradas para una mejor hermeticidad. Tornillo de montaje para un f\u00e1cil mantenimiento.\",\"breadcrumb\":{\"@id\":\"https:\\\/\\\/www.mexicanguitarplayers.com\\\/tienda\\\/sin categor\u00eda\\\/armonica-hohner-504-20-silver-star\\\/#breadcrumb\"},\"inLanguage\":\"en-US\",\"potentialAction\":[{\"@type\":\"ReadAction\",\"target\":[\"https:\\\/\\\/www.mexicanguitarplayers.com\\\/tienda\\\/sin categor\u00eda\\\/armonica-hohner-504-20-silver-star\\\/\"]}]},{\"@type\":\"ImageObject\",\"inLanguage\":\"en-US\",\"@id\":\"https:\\\/\\\/www.mexicanguitarplayers.com\\\/tienda\\\/sin categor\u00eda\\\/armonica-hohner-504-20-silver-star\\\/#primaryimage\",\"url\":\"https:\\\/\\\/www.mexicanguitarplayers.com\\\/wp-content\\\/uploads\\\/2025\\\/04\\\/IVHOH50420.jpg\",\"contentUrl\":\"https:\\\/\\\/www.mexicanguitarplayers.com\\\/wp-content\\\/uploads\\\/2025\\\/04\\\/IVHOH50420.jpg\",\"width\":1200,\"height\":1200},{\"@type\":\"BreadcrumbList\",\"@id\":\"https:\\\/\\\/www.mexicanguitarplayers.com\\\/tienda\\\/sin categor\u00eda\\\/armonica-hohner-504-20-silver-star\\\/#breadcrumb\",\"itemListElement\":[{\"@type\":\"ListItem\",\"position\":1,\"name\":\"Portada\",\"item\":\"https:\\\/\\\/www.mexicanguitarplayers.com\\\/\"},{\"@type\":\"ListItem\",\"position\":2,\"name\":\"Tienda\",\"item\":\"https:\\\/\\\/www.mexicanguitarplayers.com\\\/tienda\\\/\"},{\"@type\":\"ListItem\",\"position\":3,\"name\":\"ARMONICA HOHNER 504\\\/20 SILVER STAR\"}]},{\"@type\":\"WebSite\",\"@id\":\"https:\\\/\\\/www.mexicanguitarplayers.com\\\/#website\",\"url\":\"https:\\\/\\\/www.mexicanguitarplayers.com\\\/\",\"name\":\"Mexican Guitar Players\",\"description\":\"Website\",\"publisher\":{\"@id\":\"https:\\\/\\\/www.mexicanguitarplayers.com\\\/#organization\"},\"potentialAction\":[{\"@type\":\"SearchAction\",\"target\":{\"@type\":\"EntryPoint\",\"urlTemplate\":\"https:\\\/\\\/www.mexicanguitarplayers.com\\\/?s={search_term_string}\"},\"query-input\":{\"@type\":\"PropertyValueSpecification\",\"valueRequired\":true,\"valueName\":\"search_term_string\"}}],\"inLanguage\":\"en-US\"},{\"@type\":\"Organization\",\"@id\":\"https:\\\/\\\/www.mexicanguitarplayers.com\\\/#organization\",\"name\":\"Mexican Guitar Players\",\"url\":\"https:\\\/\\\/www.mexicanguitarplayers.com\\\/\",\"logo\":{\"@type\":\"ImageObject\",\"inLanguage\":\"en-US\",\"@id\":\"https:\\\/\\\/www.mexicanguitarplayers.com\\\/#\\\/schema\\\/logo\\\/image\\\/\",\"url\":\"\",\"contentUrl\":\"\",\"caption\":\"Mexican Guitar Players\"},\"image\":{\"@id\":\"https:\\\/\\\/www.mexicanguitarplayers.com\\\/#\\\/schema\\\/logo\\\/image\\\/\"}}]}<\/script>\n<!-- \/ Yoast SEO plugin. -->","yoast_head_json":{"title":"ARMONICA HOHNER 504\/20  SILVER STAR - Mexican Guitar Players","description":"Am\u00f3nica Hohner 504\/20. Modelo: SILVER STAR. Serie Enthusiast. Diat\u00f3nica. Notas:A, C, Bb, D, E, F, G. Afinaci\u00f3n Richter. N\u00famero de celdas: 10. Leng\u00fcetas: Lat\u00f3n,20. Placas de leng\u00fcetas: Lat\u00f3n, 0.9 mm. Superficie de la cubierta: Acero inoxidable. Superficie de placas de leng\u00fcetas: Lat\u00f3n. Superficie de la boquilla: ABS.Peine ABS, negro. Peine de pl\u00e1stico que produce un tono claro y brillante. Placas empotradas para una mejor hermeticidad. Tornillo de montaje para un f\u00e1cil mantenimiento.","robots":{"index":"index","follow":"follow","max-snippet":"max-snippet:-1","max-image-preview":"max-image-preview:large","max-video-preview":"max-video-preview:-1"},"canonical":"https:\/\/www.mexicanguitarplayers.com\/en\/tienda\/sin categor\u00eda\/armonica-hohner-504-20-silver-star\/","og_locale":"en_US","og_type":"article","og_title":"ARMONICA HOHNER 504\/20  SILVER STAR - Mexican Guitar Players","og_description":"Am\u00f3nica Hohner 504\/20. Modelo: SILVER STAR. Serie Enthusiast. Diat\u00f3nica. Notas:A, C, Bb, D, E, F, G. Afinaci\u00f3n Richter. N\u00famero de celdas: 10. Leng\u00fcetas: Lat\u00f3n,20. Placas de leng\u00fcetas: Lat\u00f3n, 0.9 mm. Superficie de la cubierta: Acero inoxidable. Superficie de placas de leng\u00fcetas: Lat\u00f3n. Superficie de la boquilla: ABS.Peine ABS, negro. Peine de pl\u00e1stico que produce un tono claro y brillante. Placas empotradas para una mejor hermeticidad. Tornillo de montaje para un f\u00e1cil mantenimiento.","og_url":"https:\/\/www.mexicanguitarplayers.com\/en\/tienda\/sin categor\u00eda\/armonica-hohner-504-20-silver-star\/","og_site_name":"Mexican Guitar Players","article_modified_time":"2026-04-10T10:38:43+00:00","twitter_card":"summary_large_image","twitter_misc":{"Est. reading time":"1 minute"},"schema":{"@context":"https:\/\/schema.org","@graph":[{"@type":["WebPage","ItemPage"],"@id":"https:\/\/www.mexicanguitarplayers.com\/tienda\/sin categor\u00eda\/armonica-hohner-504-20-silver-star\/","url":"https:\/\/www.mexicanguitarplayers.com\/tienda\/sin categor\u00eda\/armonica-hohner-504-20-silver-star\/","name":"ARMONICA HOHNER 504\/20 SILVER STAR - Mexican Guitar Players","isPartOf":{"@id":"https:\/\/www.mexicanguitarplayers.com\/#website"},"primaryImageOfPage":{"@id":"https:\/\/www.mexicanguitarplayers.com\/tienda\/sin categor\u00eda\/armonica-hohner-504-20-silver-star\/#primaryimage"},"image":{"@id":"https:\/\/www.mexicanguitarplayers.com\/tienda\/sin categor\u00eda\/armonica-hohner-504-20-silver-star\/#primaryimage"},"thumbnailUrl":"https:\/\/www.mexicanguitarplayers.com\/wp-content\/uploads\/2025\/04\/IVHOH50420.jpg","datePublished":"2025-04-08T16:41:00+00:00","dateModified":"2026-04-10T10:38:43+00:00","description":"Am\u00f3nica Hohner 504\/20. Modelo: SILVER STAR. Serie Enthusiast. Diat\u00f3nica. Notas:A, C, Bb, D, E, F, G. Afinaci\u00f3n Richter. N\u00famero de celdas: 10. Leng\u00fcetas: Lat\u00f3n,20. Placas de leng\u00fcetas: Lat\u00f3n, 0.9 mm. Superficie de la cubierta: Acero inoxidable. Superficie de placas de leng\u00fcetas: Lat\u00f3n. Superficie de la boquilla: ABS.Peine ABS, negro. Peine de pl\u00e1stico que produce un tono claro y brillante. Placas empotradas para una mejor hermeticidad. Tornillo de montaje para un f\u00e1cil mantenimiento.","breadcrumb":{"@id":"https:\/\/www.mexicanguitarplayers.com\/tienda\/sin categor\u00eda\/armonica-hohner-504-20-silver-star\/#breadcrumb"},"inLanguage":"en-US","potentialAction":[{"@type":"ReadAction","target":["https:\/\/www.mexicanguitarplayers.com\/tienda\/sin categor\u00eda\/armonica-hohner-504-20-silver-star\/"]}]},{"@type":"ImageObject","inLanguage":"en-US","@id":"https:\/\/www.mexicanguitarplayers.com\/tienda\/sin categor\u00eda\/armonica-hohner-504-20-silver-star\/#primaryimage","url":"https:\/\/www.mexicanguitarplayers.com\/wp-content\/uploads\/2025\/04\/IVHOH50420.jpg","contentUrl":"https:\/\/www.mexicanguitarplayers.com\/wp-content\/uploads\/2025\/04\/IVHOH50420.jpg","width":1200,"height":1200},{"@type":"BreadcrumbList","@id":"https:\/\/www.mexicanguitarplayers.com\/tienda\/sin categor\u00eda\/armonica-hohner-504-20-silver-star\/#breadcrumb","itemListElement":[{"@type":"ListItem","position":1,"name":"Portada","item":"https:\/\/www.mexicanguitarplayers.com\/"},{"@type":"ListItem","position":2,"name":"Tienda","item":"https:\/\/www.mexicanguitarplayers.com\/tienda\/"},{"@type":"ListItem","position":3,"name":"ARMONICA HOHNER 504\/20 SILVER STAR"}]},{"@type":"WebSite","@id":"https:\/\/www.mexicanguitarplayers.com\/#website","url":"https:\/\/www.mexicanguitarplayers.com\/","name":"Mexican Guitar Players","description":"Website","publisher":{"@id":"https:\/\/www.mexicanguitarplayers.com\/#organization"},"potentialAction":[{"@type":"SearchAction","target":{"@type":"EntryPoint","urlTemplate":"https:\/\/www.mexicanguitarplayers.com\/?s={search_term_string}"},"query-input":{"@type":"PropertyValueSpecification","valueRequired":true,"valueName":"search_term_string"}}],"inLanguage":"en-US"},{"@type":"Organization","@id":"https:\/\/www.mexicanguitarplayers.com\/#organization","name":"Mexican Guitar Players","url":"https:\/\/www.mexicanguitarplayers.com\/","logo":{"@type":"ImageObject","inLanguage":"en-US","@id":"https:\/\/www.mexicanguitarplayers.com\/#\/schema\/logo\/image\/","url":"","contentUrl":"","caption":"Mexican Guitar Players"},"image":{"@id":"https:\/\/www.mexicanguitarplayers.com\/#\/schema\/logo\/image\/"}}]}},"brands":[{"id":395,"name":"HOHNER","slug":"hohner"}],"_links":{"self":[{"href":"https:\/\/www.mexicanguitarplayers.com\/en\/wp-json\/wp\/v2\/product\/29468","targetHints":{"allow":["GET"]}}],"collection":[{"href":"https:\/\/www.mexicanguitarplayers.com\/en\/wp-json\/wp\/v2\/product"}],"about":[{"href":"https:\/\/www.mexicanguitarplayers.com\/en\/wp-json\/wp\/v2\/types\/product"}],"replies":[{"embeddable":true,"href":"https:\/\/www.mexicanguitarplayers.com\/en\/wp-json\/wp\/v2\/comments?post=29468"}],"wp:featuredmedia":[{"embeddable":true,"href":"https:\/\/www.mexicanguitarplayers.com\/en\/wp-json\/wp\/v2\/media\/29464"}],"wp:attachment":[{"href":"https:\/\/www.mexicanguitarplayers.com\/en\/wp-json\/wp\/v2\/media?parent=29468"}],"wp:term":[{"taxonomy":"pwb-brand","embeddable":true,"href":"https:\/\/www.mexicanguitarplayers.com\/en\/wp-json\/wp\/v2\/pwb-brand?post=29468"},{"taxonomy":"product_brand","embeddable":true,"href":"https:\/\/www.mexicanguitarplayers.com\/en\/wp-json\/wp\/v2\/product_brand?post=29468"},{"taxonomy":"product_cat","embeddable":true,"href":"https:\/\/www.mexicanguitarplayers.com\/en\/wp-json\/wp\/v2\/product_cat?post=29468"},{"taxonomy":"product_tag","embeddable":true,"href":"https:\/\/www.mexicanguitarplayers.com\/en\/wp-json\/wp\/v2\/product_tag?post=29468"}],"curies":[{"name":"wp","href":"https:\/\/api.w.org\/{rel}","templated":true}]}}