{"id":29499,"date":"2025-04-08T10:41:42","date_gmt":"2025-04-08T16:41:42","guid":{"rendered":"https:\/\/www.mexicanguitarplayers.com\/tienda\/sin categor\u00eda\/guitarra-schecter-el-syn-custm-hipshot\/"},"modified":"2025-04-08T10:41:42","modified_gmt":"2025-04-08T16:41:42","slug":"guitarra-schecter-el-syn-custm-hipshot","status":"publish","type":"product","link":"https:\/\/www.mexicanguitarplayers.com\/en\/tienda\/cuerdas\/guitarras-cuerdas\/electricas\/guitarras-electricas-solidas\/guitarra-schecter-el-syn-custm-hipshot\/","title":{"rendered":"GUITARRA SCHECTER EL. SYN CUSTM HIPSHOT"},"content":{"rendered":"<div style=\"text-align: justify\">\n<div>\n<h3>Potencia s\u00f3nica.<\/h3>\n<\/div>\n<div>Synyster Gates es un h\u00e9roe moderno de la guitarra, pionero en el sonido de metal agresivo\/mel\u00f3dico que ha definido a su banda Avenged Sevenfold. La guitarra Synyster Gates Custom de Schecter tiene una serie de caracter\u00edsticas y refinamientos premium, adecuados para los shredders m\u00e1s serios que buscan lograr su sonido de vanguardia. Equipada con un par de pastillas Schecter USA Synyster Gates Signature Humbucker, un puente r\u00edgido Hipshot de alta calidad y con un dise\u00f1o de brazo fijo &#8216;Ultra Access\u2019, esta guitarra est\u00e1 construida para el m\u00e1ximo rendimiento.<\/div>\n<div>\n<h4>Quick look<\/h4>\n<\/div>\n<ul style=\"margin: 0px 0px 0px 25px\">\n<li style=\"list-style-type: circle;margin: 5px\">Cuerpo.<\/li>\n<li style=\"list-style-type: circle;margin: 5px\">Top.<\/li>\n<li style=\"list-style-type: circle;margin: 5px\">Contorno de la tapa.<\/li>\n<li style=\"list-style-type: circle;margin: 5px\">Construcci\u00f3n.<\/li>\n<li style=\"list-style-type: circle;margin: 5px\">Uni\u00f3n.<\/li>\n<li style=\"list-style-type: circle;margin: 5px\">Bridge.<\/li>\n<li style=\"list-style-type: circle;margin: 5px\">Color.<\/li>\n<li style=\"list-style-type: circle;margin: 5px\">Hardware.<\/li>\n<li style=\"list-style-type: circle;margin: 5px\">Machinery.<\/li>\n<li style=\"list-style-type: circle;margin: 5px\">Diapason.<\/li>\n<li style=\"list-style-type: circle;margin: 5px\">Arm.<\/li>\n<li style=\"list-style-type: circle;margin: 5px\">Scale.<\/li>\n<li style=\"list-style-type: circle;margin: 5px\">Marcadores de puntos laterales.<\/li>\n<li style=\"list-style-type: circle;margin: 5px\">Scale.<\/li>\n<li style=\"list-style-type: circle;margin: 5px\">Forma del brazo.<\/li>\n<li style=\"list-style-type: circle;margin: 5px\">Espesor.<\/li>\n<li style=\"list-style-type: circle;margin: 5px\">Frets<\/li>\n<li style=\"list-style-type: circle;margin: 5px\">Radio del diapas\u00f3n.<\/li>\n<li style=\"list-style-type: circle;margin: 5px\">Nut.<\/li>\n<li style=\"list-style-type: circle;margin: 5px\">Ancho de la cejuela.<\/li>\n<li style=\"list-style-type: circle;margin: 5px\">Soul.<\/li>\n<li style=\"list-style-type: circle;margin: 5px\">Controls<\/li>\n<li style=\"list-style-type: circle;margin: 5px\">Pastillas.<\/li>\n<li style=\"list-style-type: circle;margin: 5px\">Perillas.<\/li>\n<\/ul>\n<div>\n<div style=\"font-weight: bold\">Cuerpo.<\/div>\n<div>\n<p>Mahogany.<\/p>\n<\/div>\n<div style=\"font-weight: bold\">Top.<\/div>\n<div>\n<p>Pinstripe.<\/p>\n<\/div>\n<div style=\"font-weight: bold\">Contorno de la tapa.<\/div>\n<div>\n<p>Plana.<\/p>\n<\/div>\n<div style=\"font-weight: bold\">Construcci\u00f3n.<\/div>\n<div>\n<p>Set-Neck w\/Ultra Access.<\/p>\n<\/div>\n<div style=\"font-weight: bold\">Uni\u00f3n.<\/div>\n<div>\n<p>Black, one cape.<\/p>\n<\/div>\n<div style=\"font-weight: bold\">Bridge.<\/div>\n<div>\n<p>Hipshot Ibby HM Guitar Bridge.<\/p>\n<\/div>\n<div style=\"font-weight: bold\">Color.<\/div>\n<div>\n<p>Negro brillante con rayas plateadas.<\/p>\n<\/div>\n<div style=\"font-weight: bold\">Hardware.<\/div>\n<div>\n<p>Black.<\/p>\n<\/div>\n<div style=\"font-weight: bold\">Machinery.<\/div>\n<div>\n<p>Schecter Locking.<\/p>\n<\/div>\n<div style=\"font-weight: bold\">Diapason.<\/div>\n<div>\n<p>Ebony.<\/p>\n<\/div>\n<div style=\"font-weight: bold\">Arm.<\/div>\n<div>\n<p>3 piezas de caoba con varillas de refuerzo de fibra de carbono.<\/p>\n<\/div>\n<div style=\"font-weight: bold\">Scale.<\/div>\n<div>\n<p>Pearloid &#8216;Syn&#8217; con Death Bat en el traste 12.<\/p>\n<\/div>\n<div style=\"font-weight: bold\">Marcadores de puntos laterales.<\/div>\n<div>\n<p>Luminlay que brilla en la oscuridad.<\/p>\n<\/div>\n<div style=\"font-weight: bold\">Scale.<\/div>\n<div>\n<p>25.5 &quot;(648 mm).<\/p>\n<\/div>\n<div style=\"font-weight: bold\">Forma del brazo.<\/div>\n<div>\n<p>C ultra delgado.<\/p>\n<\/div>\n<div style=\"font-weight: bold\">Espesor.<\/div>\n<div>\n<p>En el primer traste: 0.748\u201d (19 mm) y en el traste 12: 0.787\u201d (20 mm).<\/p>\n<\/div>\n<div style=\"font-weight: bold\">Frets<\/div>\n<div>\n<p>24 x-jumbo.<\/p>\n<\/div>\n<div style=\"font-weight: bold\">Radio del diapas\u00f3n.<\/div>\n<div>\n<p>16\u201d (406 mm).<\/p>\n<\/div>\n<div style=\"font-weight: bold\">Nut.<\/div>\n<div>\n<p>Graph Tech XL Black Tusq.<\/p>\n<\/div>\n<div style=\"font-weight: bold\">Ancho de la cejuela.<\/div>\n<div>\n<p>1,653 \u201d(42mm).<\/p>\n<\/div>\n<div style=\"font-weight: bold\">Soul.<\/div>\n<div>\n<p>Varilla ajustable de 2 v\u00edas con tuerca Allen de 5\/32\u201d (4 mm).<\/p>\n<\/div>\n<div style=\"font-weight: bold\">Controls<\/div>\n<div>\n<p>Volumen y tono (Push-Pull) y selector de 3 posiciones.<\/p>\n<\/div>\n<div style=\"font-weight: bold\">Pastillas.<\/div>\n<div>\n<p>Puente: Schecter USA Synyster Gates Signature Humbucker. Brazo: Schecter USA Synyster Gates Signature Humbucker.<\/p>\n<\/div>\n<div style=\"font-weight: bold\">Perillas.<\/div>\n<div>\n<p>Knurled metal knobs with set screw.<\/p>\n<\/div>\n<\/div>\n<\/div>","protected":false},"excerpt":{"rendered":"<p>Guitarra el\u00e9ctrica s\u00f3lida, color negro brillante con rayos plateados, contorno superficie plana, construcci\u00f3n Set-Neck w\/Ultra Access, cuerpo de caoba, tapa pinstripe, uni\u00f3n: negro una capa, maquinaria Schecter Locking, diapas\u00f3n de \u00e9bano, brazo en forma de C de 3 piezas de caoba con varillas de refuerzo de fibra de carbono, incrustaciones: pearloid &#8216;syn&#8217; con Death Bat en el traste 12, marcadores de puntos laterales que brillan en la oscuridad, escala: 25.5\u201d (648 mm), espesor en el primer traste: 0.748\u201d (19 mm) y en el traste 12: 0.787\u201d (20 mm), 24 trastes x-jumbo, radio del diapas\u00f3n: 16\u201d (406 mm), cejuela de Graph Tech XL Black Tusq de 1.653\u201d (42 mm) de ancho, alma: varilla ajustable de 2 v\u00edas con tuerca Allen de 5\/32\u201d (4 mm), hardware negro, puente Hipshot Ibby HM, pastillas Schecter USA Synyster Gates Signature Humbucker en el brazo y en el puente, volumen y tono (push-pull) y selector de 3 posiciones, perillas de metal moleteado con tornillo de fijaci\u00f3n.&hellip; <a class=\"kt-excerpt-readmore more-link\" href=\"https:\/\/www.mexicanguitarplayers.com\/en\/tienda\/cuerdas\/guitarras-cuerdas\/electricas\/guitarras-electricas-solidas\/guitarra-schecter-el-syn-custm-hipshot\/\">Read more<\/a><\/p>","protected":false},"featured_media":29485,"comment_status":"open","ping_status":"closed","template":"","meta":{"kt_blocks_editor_width":""},"pwb-brand":[175],"product_brand":[],"product_cat":[224,313,312,314],"product_tag":[],"class_list":{"0":"post-29499","1":"product","2":"type-product","3":"status-publish","4":"has-post-thumbnail","6":"pwb-brand-schecter","7":"product_cat-cuerdas","8":"product_cat-electricas","9":"product_cat-guitarras-cuerdas","10":"product_cat-guitarras-electricas-solidas","11":"product_shipping_class-5-10-kg","13":"first","14":"outofstock","15":"taxable","16":"shipping-taxable","17":"purchasable","18":"product-type-simple"},"yoast_head":"<!-- This site is optimized with the Yoast SEO plugin v27.5 - https:\/\/yoast.com\/product\/yoast-seo-wordpress\/ -->\n<title>GUITARRA SCHECTER EL. SYN CUSTM HIPSHOT - Mexican Guitar Players<\/title>\n<meta name=\"description\" content=\"Guitarra el\u00e9ctrica s\u00f3lida, color negro brillante con rayos plateados, contorno superficie plana, construcci\u00f3n Set-Neck w\/Ultra Access, cuerpo de caoba, tapa pinstripe, uni\u00f3n: negro una capa, maquinaria Schecter Locking, diapas\u00f3n de \u00e9bano, brazo en forma de C de 3 piezas de caoba con varillas de refuerzo de fibra de carbono, incrustaciones: pearloid &#039;syn&#039; con Death Bat en el traste 12, marcadores de puntos laterales que brillan en la oscuridad, escala: 25.5\u201d (648 mm), espesor en el primer traste: 0.748\u201d (19 mm) y en el traste 12: 0.787\u201d (20 mm), 24 trastes x-jumbo, radio del diapas\u00f3n: 16\u201d (406 mm), cejuela de Graph Tech XL Black Tusq de 1.653\u201d (42 mm) de ancho, alma: varilla ajustable de 2 v\u00edas con tuerca Allen de 5\/32\u201d (4 mm), hardware negro, puente Hipshot Ibby HM, pastillas Schecter USA Synyster Gates Signature Humbucker en el brazo y en el puente, volumen y tono (push-pull) y selector de 3 posiciones, perillas de metal moleteado con tornillo de fijaci\u00f3n.\" \/>\n<meta name=\"robots\" content=\"index, follow, max-snippet:-1, max-image-preview:large, max-video-preview:-1\" \/>\n<link rel=\"canonical\" href=\"https:\/\/www.mexicanguitarplayers.com\/en\/tienda\/sin%20categor\u00eda\/guitarra-schecter-el-syn-custm-hipshot\/\" \/>\n<meta property=\"og:locale\" content=\"en_US\" \/>\n<meta property=\"og:type\" content=\"article\" \/>\n<meta property=\"og:title\" content=\"GUITARRA SCHECTER EL. SYN CUSTM HIPSHOT - Mexican Guitar Players\" \/>\n<meta property=\"og:description\" content=\"Guitarra el\u00e9ctrica s\u00f3lida, color negro brillante con rayos plateados, contorno superficie plana, construcci\u00f3n Set-Neck w\/Ultra Access, cuerpo de caoba, tapa pinstripe, uni\u00f3n: negro una capa, maquinaria Schecter Locking, diapas\u00f3n de \u00e9bano, brazo en forma de C de 3 piezas de caoba con varillas de refuerzo de fibra de carbono, incrustaciones: pearloid &#039;syn&#039; con Death Bat en el traste 12, marcadores de puntos laterales que brillan en la oscuridad, escala: 25.5\u201d (648 mm), espesor en el primer traste: 0.748\u201d (19 mm) y en el traste 12: 0.787\u201d (20 mm), 24 trastes x-jumbo, radio del diapas\u00f3n: 16\u201d (406 mm), cejuela de Graph Tech XL Black Tusq de 1.653\u201d (42 mm) de ancho, alma: varilla ajustable de 2 v\u00edas con tuerca Allen de 5\/32\u201d (4 mm), hardware negro, puente Hipshot Ibby HM, pastillas Schecter USA Synyster Gates Signature Humbucker en el brazo y en el puente, volumen y tono (push-pull) y selector de 3 posiciones, perillas de metal moleteado con tornillo de fijaci\u00f3n.\" \/>\n<meta property=\"og:url\" content=\"https:\/\/www.mexicanguitarplayers.com\/en\/tienda\/sin categor\u00eda\/guitarra-schecter-el-syn-custm-hipshot\/\" \/>\n<meta property=\"og:site_name\" content=\"Mexican Guitar Players\" \/>\n<meta name=\"twitter:card\" content=\"summary_large_image\" \/>\n<meta name=\"twitter:label1\" content=\"Est. reading time\" \/>\n\t<meta name=\"twitter:data1\" content=\"1 minute\" \/>\n<script type=\"application\/ld+json\" class=\"yoast-schema-graph\">{\"@context\":\"https:\\\/\\\/schema.org\",\"@graph\":[{\"@type\":[\"WebPage\",\"ItemPage\"],\"@id\":\"https:\\\/\\\/www.mexicanguitarplayers.com\\\/tienda\\\/sin categor\u00eda\\\/guitarra-schecter-el-syn-custm-hipshot\\\/\",\"url\":\"https:\\\/\\\/www.mexicanguitarplayers.com\\\/tienda\\\/sin categor\u00eda\\\/guitarra-schecter-el-syn-custm-hipshot\\\/\",\"name\":\"GUITARRA SCHECTER EL. SYN CUSTM HIPSHOT - Mexican Guitar Players\",\"isPartOf\":{\"@id\":\"https:\\\/\\\/www.mexicanguitarplayers.com\\\/#website\"},\"primaryImageOfPage\":{\"@id\":\"https:\\\/\\\/www.mexicanguitarplayers.com\\\/tienda\\\/sin categor\u00eda\\\/guitarra-schecter-el-syn-custm-hipshot\\\/#primaryimage\"},\"image\":{\"@id\":\"https:\\\/\\\/www.mexicanguitarplayers.com\\\/tienda\\\/sin categor\u00eda\\\/guitarra-schecter-el-syn-custm-hipshot\\\/#primaryimage\"},\"thumbnailUrl\":\"https:\\\/\\\/www.mexicanguitarplayers.com\\\/wp-content\\\/uploads\\\/2025\\\/04\\\/ISSCCSYNCUSTHS.jpg\",\"datePublished\":\"2025-04-08T16:41:42+00:00\",\"description\":\"Guitarra el\u00e9ctrica s\u00f3lida, color negro brillante con rayos plateados, contorno superficie plana, construcci\u00f3n Set-Neck w\\\/Ultra Access, cuerpo de caoba, tapa pinstripe, uni\u00f3n: negro una capa, maquinaria Schecter Locking, diapas\u00f3n de \u00e9bano, brazo en forma de C de 3 piezas de caoba con varillas de refuerzo de fibra de carbono, incrustaciones: pearloid 'syn' con Death Bat en el traste 12, marcadores de puntos laterales que brillan en la oscuridad, escala: 25.5\u201d (648 mm), espesor en el primer traste: 0.748\u201d (19 mm) y en el traste 12: 0.787\u201d (20 mm), 24 trastes x-jumbo, radio del diapas\u00f3n: 16\u201d (406 mm), cejuela de Graph Tech XL Black Tusq de 1.653\u201d (42 mm) de ancho, alma: varilla ajustable de 2 v\u00edas con tuerca Allen de 5\\\/32\u201d (4 mm), hardware negro, puente Hipshot Ibby HM, pastillas Schecter USA Synyster Gates Signature Humbucker en el brazo y en el puente, volumen y tono (push-pull) y selector de 3 posiciones, perillas de metal moleteado con tornillo de fijaci\u00f3n.\",\"breadcrumb\":{\"@id\":\"https:\\\/\\\/www.mexicanguitarplayers.com\\\/tienda\\\/sin categor\u00eda\\\/guitarra-schecter-el-syn-custm-hipshot\\\/#breadcrumb\"},\"inLanguage\":\"en-US\",\"potentialAction\":[{\"@type\":\"ReadAction\",\"target\":[\"https:\\\/\\\/www.mexicanguitarplayers.com\\\/tienda\\\/sin categor\u00eda\\\/guitarra-schecter-el-syn-custm-hipshot\\\/\"]}]},{\"@type\":\"ImageObject\",\"inLanguage\":\"en-US\",\"@id\":\"https:\\\/\\\/www.mexicanguitarplayers.com\\\/tienda\\\/sin categor\u00eda\\\/guitarra-schecter-el-syn-custm-hipshot\\\/#primaryimage\",\"url\":\"https:\\\/\\\/www.mexicanguitarplayers.com\\\/wp-content\\\/uploads\\\/2025\\\/04\\\/ISSCCSYNCUSTHS.jpg\",\"contentUrl\":\"https:\\\/\\\/www.mexicanguitarplayers.com\\\/wp-content\\\/uploads\\\/2025\\\/04\\\/ISSCCSYNCUSTHS.jpg\",\"width\":800,\"height\":1600},{\"@type\":\"BreadcrumbList\",\"@id\":\"https:\\\/\\\/www.mexicanguitarplayers.com\\\/tienda\\\/sin categor\u00eda\\\/guitarra-schecter-el-syn-custm-hipshot\\\/#breadcrumb\",\"itemListElement\":[{\"@type\":\"ListItem\",\"position\":1,\"name\":\"Portada\",\"item\":\"https:\\\/\\\/www.mexicanguitarplayers.com\\\/\"},{\"@type\":\"ListItem\",\"position\":2,\"name\":\"Tienda\",\"item\":\"https:\\\/\\\/www.mexicanguitarplayers.com\\\/tienda\\\/\"},{\"@type\":\"ListItem\",\"position\":3,\"name\":\"GUITARRA SCHECTER EL. SYN CUSTM HIPSHOT\"}]},{\"@type\":\"WebSite\",\"@id\":\"https:\\\/\\\/www.mexicanguitarplayers.com\\\/#website\",\"url\":\"https:\\\/\\\/www.mexicanguitarplayers.com\\\/\",\"name\":\"Mexican Guitar Players\",\"description\":\"Website\",\"publisher\":{\"@id\":\"https:\\\/\\\/www.mexicanguitarplayers.com\\\/#organization\"},\"potentialAction\":[{\"@type\":\"SearchAction\",\"target\":{\"@type\":\"EntryPoint\",\"urlTemplate\":\"https:\\\/\\\/www.mexicanguitarplayers.com\\\/?s={search_term_string}\"},\"query-input\":{\"@type\":\"PropertyValueSpecification\",\"valueRequired\":true,\"valueName\":\"search_term_string\"}}],\"inLanguage\":\"en-US\"},{\"@type\":\"Organization\",\"@id\":\"https:\\\/\\\/www.mexicanguitarplayers.com\\\/#organization\",\"name\":\"Mexican Guitar Players\",\"url\":\"https:\\\/\\\/www.mexicanguitarplayers.com\\\/\",\"logo\":{\"@type\":\"ImageObject\",\"inLanguage\":\"en-US\",\"@id\":\"https:\\\/\\\/www.mexicanguitarplayers.com\\\/#\\\/schema\\\/logo\\\/image\\\/\",\"url\":\"\",\"contentUrl\":\"\",\"caption\":\"Mexican Guitar Players\"},\"image\":{\"@id\":\"https:\\\/\\\/www.mexicanguitarplayers.com\\\/#\\\/schema\\\/logo\\\/image\\\/\"}}]}<\/script>\n<!-- \/ Yoast SEO plugin. -->","yoast_head_json":{"title":"GUITARRA SCHECTER EL. SYN CUSTM HIPSHOT - Mexican Guitar Players","description":"Guitarra el\u00e9ctrica s\u00f3lida, color negro brillante con rayos plateados, contorno superficie plana, construcci\u00f3n Set-Neck w\/Ultra Access, cuerpo de caoba, tapa pinstripe, uni\u00f3n: negro una capa, maquinaria Schecter Locking, diapas\u00f3n de \u00e9bano, brazo en forma de C de 3 piezas de caoba con varillas de refuerzo de fibra de carbono, incrustaciones: pearloid 'syn' con Death Bat en el traste 12, marcadores de puntos laterales que brillan en la oscuridad, escala: 25.5\u201d (648 mm), espesor en el primer traste: 0.748\u201d (19 mm) y en el traste 12: 0.787\u201d (20 mm), 24 trastes x-jumbo, radio del diapas\u00f3n: 16\u201d (406 mm), cejuela de Graph Tech XL Black Tusq de 1.653\u201d (42 mm) de ancho, alma: varilla ajustable de 2 v\u00edas con tuerca Allen de 5\/32\u201d (4 mm), hardware negro, puente Hipshot Ibby HM, pastillas Schecter USA Synyster Gates Signature Humbucker en el brazo y en el puente, volumen y tono (push-pull) y selector de 3 posiciones, perillas de metal moleteado con tornillo de fijaci\u00f3n.","robots":{"index":"index","follow":"follow","max-snippet":"max-snippet:-1","max-image-preview":"max-image-preview:large","max-video-preview":"max-video-preview:-1"},"canonical":"https:\/\/www.mexicanguitarplayers.com\/en\/tienda\/sin categor\u00eda\/guitarra-schecter-el-syn-custm-hipshot\/","og_locale":"en_US","og_type":"article","og_title":"GUITARRA SCHECTER EL. SYN CUSTM HIPSHOT - Mexican Guitar Players","og_description":"Guitarra el\u00e9ctrica s\u00f3lida, color negro brillante con rayos plateados, contorno superficie plana, construcci\u00f3n Set-Neck w\/Ultra Access, cuerpo de caoba, tapa pinstripe, uni\u00f3n: negro una capa, maquinaria Schecter Locking, diapas\u00f3n de \u00e9bano, brazo en forma de C de 3 piezas de caoba con varillas de refuerzo de fibra de carbono, incrustaciones: pearloid 'syn' con Death Bat en el traste 12, marcadores de puntos laterales que brillan en la oscuridad, escala: 25.5\u201d (648 mm), espesor en el primer traste: 0.748\u201d (19 mm) y en el traste 12: 0.787\u201d (20 mm), 24 trastes x-jumbo, radio del diapas\u00f3n: 16\u201d (406 mm), cejuela de Graph Tech XL Black Tusq de 1.653\u201d (42 mm) de ancho, alma: varilla ajustable de 2 v\u00edas con tuerca Allen de 5\/32\u201d (4 mm), hardware negro, puente Hipshot Ibby HM, pastillas Schecter USA Synyster Gates Signature Humbucker en el brazo y en el puente, volumen y tono (push-pull) y selector de 3 posiciones, perillas de metal moleteado con tornillo de fijaci\u00f3n.","og_url":"https:\/\/www.mexicanguitarplayers.com\/en\/tienda\/sin categor\u00eda\/guitarra-schecter-el-syn-custm-hipshot\/","og_site_name":"Mexican Guitar Players","twitter_card":"summary_large_image","twitter_misc":{"Est. reading time":"1 minute"},"schema":{"@context":"https:\/\/schema.org","@graph":[{"@type":["WebPage","ItemPage"],"@id":"https:\/\/www.mexicanguitarplayers.com\/tienda\/sin categor\u00eda\/guitarra-schecter-el-syn-custm-hipshot\/","url":"https:\/\/www.mexicanguitarplayers.com\/tienda\/sin categor\u00eda\/guitarra-schecter-el-syn-custm-hipshot\/","name":"GUITARRA SCHECTER EL. SYN CUSTM HIPSHOT - Mexican Guitar Players","isPartOf":{"@id":"https:\/\/www.mexicanguitarplayers.com\/#website"},"primaryImageOfPage":{"@id":"https:\/\/www.mexicanguitarplayers.com\/tienda\/sin categor\u00eda\/guitarra-schecter-el-syn-custm-hipshot\/#primaryimage"},"image":{"@id":"https:\/\/www.mexicanguitarplayers.com\/tienda\/sin categor\u00eda\/guitarra-schecter-el-syn-custm-hipshot\/#primaryimage"},"thumbnailUrl":"https:\/\/www.mexicanguitarplayers.com\/wp-content\/uploads\/2025\/04\/ISSCCSYNCUSTHS.jpg","datePublished":"2025-04-08T16:41:42+00:00","description":"Guitarra el\u00e9ctrica s\u00f3lida, color negro brillante con rayos plateados, contorno superficie plana, construcci\u00f3n Set-Neck w\/Ultra Access, cuerpo de caoba, tapa pinstripe, uni\u00f3n: negro una capa, maquinaria Schecter Locking, diapas\u00f3n de \u00e9bano, brazo en forma de C de 3 piezas de caoba con varillas de refuerzo de fibra de carbono, incrustaciones: pearloid 'syn' con Death Bat en el traste 12, marcadores de puntos laterales que brillan en la oscuridad, escala: 25.5\u201d (648 mm), espesor en el primer traste: 0.748\u201d (19 mm) y en el traste 12: 0.787\u201d (20 mm), 24 trastes x-jumbo, radio del diapas\u00f3n: 16\u201d (406 mm), cejuela de Graph Tech XL Black Tusq de 1.653\u201d (42 mm) de ancho, alma: varilla ajustable de 2 v\u00edas con tuerca Allen de 5\/32\u201d (4 mm), hardware negro, puente Hipshot Ibby HM, pastillas Schecter USA Synyster Gates Signature Humbucker en el brazo y en el puente, volumen y tono (push-pull) y selector de 3 posiciones, perillas de metal moleteado con tornillo de fijaci\u00f3n.","breadcrumb":{"@id":"https:\/\/www.mexicanguitarplayers.com\/tienda\/sin categor\u00eda\/guitarra-schecter-el-syn-custm-hipshot\/#breadcrumb"},"inLanguage":"en-US","potentialAction":[{"@type":"ReadAction","target":["https:\/\/www.mexicanguitarplayers.com\/tienda\/sin categor\u00eda\/guitarra-schecter-el-syn-custm-hipshot\/"]}]},{"@type":"ImageObject","inLanguage":"en-US","@id":"https:\/\/www.mexicanguitarplayers.com\/tienda\/sin categor\u00eda\/guitarra-schecter-el-syn-custm-hipshot\/#primaryimage","url":"https:\/\/www.mexicanguitarplayers.com\/wp-content\/uploads\/2025\/04\/ISSCCSYNCUSTHS.jpg","contentUrl":"https:\/\/www.mexicanguitarplayers.com\/wp-content\/uploads\/2025\/04\/ISSCCSYNCUSTHS.jpg","width":800,"height":1600},{"@type":"BreadcrumbList","@id":"https:\/\/www.mexicanguitarplayers.com\/tienda\/sin categor\u00eda\/guitarra-schecter-el-syn-custm-hipshot\/#breadcrumb","itemListElement":[{"@type":"ListItem","position":1,"name":"Portada","item":"https:\/\/www.mexicanguitarplayers.com\/"},{"@type":"ListItem","position":2,"name":"Tienda","item":"https:\/\/www.mexicanguitarplayers.com\/tienda\/"},{"@type":"ListItem","position":3,"name":"GUITARRA SCHECTER EL. SYN CUSTM HIPSHOT"}]},{"@type":"WebSite","@id":"https:\/\/www.mexicanguitarplayers.com\/#website","url":"https:\/\/www.mexicanguitarplayers.com\/","name":"Mexican Guitar Players","description":"Website","publisher":{"@id":"https:\/\/www.mexicanguitarplayers.com\/#organization"},"potentialAction":[{"@type":"SearchAction","target":{"@type":"EntryPoint","urlTemplate":"https:\/\/www.mexicanguitarplayers.com\/?s={search_term_string}"},"query-input":{"@type":"PropertyValueSpecification","valueRequired":true,"valueName":"search_term_string"}}],"inLanguage":"en-US"},{"@type":"Organization","@id":"https:\/\/www.mexicanguitarplayers.com\/#organization","name":"Mexican Guitar Players","url":"https:\/\/www.mexicanguitarplayers.com\/","logo":{"@type":"ImageObject","inLanguage":"en-US","@id":"https:\/\/www.mexicanguitarplayers.com\/#\/schema\/logo\/image\/","url":"","contentUrl":"","caption":"Mexican Guitar Players"},"image":{"@id":"https:\/\/www.mexicanguitarplayers.com\/#\/schema\/logo\/image\/"}}]}},"brands":[{"id":175,"name":"SCHECTER","slug":"schecter"}],"_links":{"self":[{"href":"https:\/\/www.mexicanguitarplayers.com\/en\/wp-json\/wp\/v2\/product\/29499","targetHints":{"allow":["GET"]}}],"collection":[{"href":"https:\/\/www.mexicanguitarplayers.com\/en\/wp-json\/wp\/v2\/product"}],"about":[{"href":"https:\/\/www.mexicanguitarplayers.com\/en\/wp-json\/wp\/v2\/types\/product"}],"replies":[{"embeddable":true,"href":"https:\/\/www.mexicanguitarplayers.com\/en\/wp-json\/wp\/v2\/comments?post=29499"}],"wp:featuredmedia":[{"embeddable":true,"href":"https:\/\/www.mexicanguitarplayers.com\/en\/wp-json\/wp\/v2\/media\/29485"}],"wp:attachment":[{"href":"https:\/\/www.mexicanguitarplayers.com\/en\/wp-json\/wp\/v2\/media?parent=29499"}],"wp:term":[{"taxonomy":"pwb-brand","embeddable":true,"href":"https:\/\/www.mexicanguitarplayers.com\/en\/wp-json\/wp\/v2\/pwb-brand?post=29499"},{"taxonomy":"product_brand","embeddable":true,"href":"https:\/\/www.mexicanguitarplayers.com\/en\/wp-json\/wp\/v2\/product_brand?post=29499"},{"taxonomy":"product_cat","embeddable":true,"href":"https:\/\/www.mexicanguitarplayers.com\/en\/wp-json\/wp\/v2\/product_cat?post=29499"},{"taxonomy":"product_tag","embeddable":true,"href":"https:\/\/www.mexicanguitarplayers.com\/en\/wp-json\/wp\/v2\/product_tag?post=29499"}],"curies":[{"name":"wp","href":"https:\/\/api.w.org\/{rel}","templated":true}]}}