{"id":29506,"date":"2025-04-08T10:41:53","date_gmt":"2025-04-08T16:41:53","guid":{"rendered":"https:\/\/www.mexicanguitarplayers.com\/tienda\/sin categor\u00eda\/tarola-sonor-ssd-13x5-75-bg-sdw-2-0\/"},"modified":"2026-04-10T04:38:41","modified_gmt":"2026-04-10T10:38:41","slug":"tarola-sonor-ssd-13x5-75-bg-sdw-2-0","status":"publish","type":"product","link":"https:\/\/www.mexicanguitarplayers.com\/en\/tienda\/percusiones\/baterias\/tambores-sueltos\/tarolas\/tarola-sonor-ssd-13x5-75-bg-sdw-2-0\/","title":{"rendered":"TAROLA SONOR SSD 13X5.75 BG SDW 2.0"},"content":{"rendered":"<div style=\"text-align: justify\">\n<div>\n<h3>La tarola de Benny Greb..<\/h3>\n<\/div>\n<div>10 a\u00f1os despu\u00e9s de la primera colaboraci\u00f3n extremadamente exitosa para una tarola signature con el maestro y miembro cercano de la familia Sonor, Benny Greb, est\u00e1 de vuelta e incluso ha tra\u00eddo refuerzos. Como dir\u00eda Benny, no es solamente una peque\u00f1a actualizaci\u00f3n, es una gran actualizaci\u00f3n. La tarola existente de madera de haya de 13&#215;5.75&#8243; con revestimiento exterior de abedul escandinavo ahora viene con una incrustaci\u00f3n de madera de bubinga y elegantes lugs vintage de los a\u00f1os 50 en forma de l\u00e1grima. Tambi\u00e9n cuenta con un strainer superior Dual Glide. Sin olvidar el nuevo mecanismo de amortiguaci\u00f3n llamado &#8220;MonoRail&#8221;, del cual cada tambor tiene dos, instalados con los materiales amortiguadores favoritos de Benny, llamados &#8220;The Felt&#8221; y &#8220;The Sheep&#8221;, para una m\u00e1xima flexibilidad, desde sonidos funky hasta sonidos grandes y gordos. \u00bfMencionamos que los amortiguadores son intercambiables para brindarte a\u00fan m\u00e1s opciones de sonido? Pero a\u00fan hay m\u00e1s, el nuevo modelo de Benny Greb, el Brass Signature que cuenta con un terminado de lat\u00f3n vintage y lugs en forma de l\u00e1grima en una carcasa de lat\u00f3n de 1.2 mm. Tiene la calidez y redondez t\u00edpicas de este material. Los matices agradables acent\u00faan los rimshots. Las dimensiones, copiadas de la versi\u00f3n original de madera le dan una gran sensibilidad, todo eso la convierte en la tarola de metal favorita de Benny.<\/div>\n<div>\n<h4>Quick look<\/h4>\n<\/div>\n<ul style=\"margin: 0px 0px 0px 25px\">\n<li style=\"list-style-type: circle;margin: 5px\">Signature Benny Greb.<\/li>\n<li style=\"list-style-type: circle;margin: 5px\">Serie.<\/li>\n<li style=\"list-style-type: circle;margin: 5px\">Terminado.<\/li>\n<li style=\"list-style-type: circle;margin: 5px\">Material.<\/li>\n<li style=\"list-style-type: circle;margin: 5px\">Construcci\u00f3n.<\/li>\n<li style=\"list-style-type: circle;margin: 5px\">Terminado del hardware.<\/li>\n<li style=\"list-style-type: circle;margin: 5px\">Di\u00e1metro.<\/li>\n<li style=\"list-style-type: circle;margin: 5px\">Profundidad.<\/li>\n<li style=\"list-style-type: circle;margin: 5px\">Other features.<\/li>\n<\/ul>\n<div>\n<div style=\"font-weight: bold\">Signature Benny Greb.<\/div>\n<div>\n<p>Desde 2004, el baterista Benny Greb es parte de la familia Sonor. Benny dice: &#8220;Para m\u00ed como artista, es clave para abrazar la tradici\u00f3n y la innovaci\u00f3n, y los chicos de  Sonor hacen lo mismo. Me siento cerca de las personas que aman lo que hacen y que est\u00e1n dedicados a la calidad. Es por eso que me siento tan cercano a la Compa\u00f1\u00eda Sonor\u201d. Benny se encuentra tocando con una variedad de m\u00fasicos, todos buscando su buen gusto y estilo impecable.  <\/p>\n<\/div>\n<div style=\"font-weight: bold\">Serie.<\/div>\n<div>\n<p>Signature Benny Greb.<\/p>\n<\/div>\n<div style=\"font-weight: bold\">Terminado.<\/div>\n<div>\n<p>Chapa de abedul escandinavo semibrillante con incrustaci\u00f3n de bubinga al centro.<\/p>\n<\/div>\n<div style=\"font-weight: bold\">Material.<\/div>\n<div>\n<p>Madera de haya.<\/p>\n<\/div>\n<div style=\"font-weight: bold\">Construcci\u00f3n.<\/div>\n<div>\n<p>9 capas de 5 mm.<\/p>\n<\/div>\n<div style=\"font-weight: bold\">Terminado del hardware.<\/div>\n<div>\n<p>Lugs vintage cromados.<\/p>\n<\/div>\n<div style=\"font-weight: bold\">Di\u00e1metro.<\/div>\n<div>\n<p>13&#8243; pulgadas.<\/p>\n<\/div>\n<div style=\"font-weight: bold\">Profundidad.<\/div>\n<div>\n<p>5.75&#8243; pulgadas.<\/p>\n<\/div>\n<div style=\"font-weight: bold\">Other features.<\/div>\n<div>\n<p>Con amortiguador MonoRail  y filtro Dual Glide.<\/p>\n<\/div>\n<\/div>\n<\/div>","protected":false},"excerpt":{"rendered":"<p>Tarola Benny Greb Signature, 13 x 5.75\u201d pulgadas, fabricada con madera de haya, 9 capas de 5 mm, terminada en chapa de abedul escandinavo semibrillante con incrustaci\u00f3n de bubinga al centro, lugs vintage cromados en forma de l\u00e1grima, incluye sistema de amortiguaci\u00f3n MonoRail  y filtro Dual Glide.&hellip; <a class=\"kt-excerpt-readmore more-link\" href=\"https:\/\/www.mexicanguitarplayers.com\/en\/tienda\/percusiones\/baterias\/tambores-sueltos\/tarolas\/tarola-sonor-ssd-13x5-75-bg-sdw-2-0\/\">Read more<\/a><\/p>","protected":false},"featured_media":29500,"comment_status":"open","ping_status":"closed","template":"","meta":{"kt_blocks_editor_width":""},"pwb-brand":[321],"product_brand":[],"product_cat":[209,208,263,264],"product_tag":[],"class_list":{"0":"post-29506","1":"product","2":"type-product","3":"status-publish","4":"has-post-thumbnail","6":"pwb-brand-sonor","7":"product_cat-baterias","8":"product_cat-percusiones","9":"product_cat-tambores-sueltos","10":"product_cat-tarolas","11":"product_shipping_class-5-10-kg","13":"first","14":"outofstock","15":"taxable","16":"shipping-taxable","17":"purchasable","18":"product-type-simple"},"yoast_head":"<!-- This site is optimized with the Yoast SEO plugin v27.6 - https:\/\/yoast.com\/product\/yoast-seo-wordpress\/ -->\n<title>TAROLA SONOR SSD 13X5.75 BG SDW 2.0 - Mexican Guitar Players<\/title>\n<meta name=\"description\" content=\"Tarola Benny Greb Signature, 13 x 5.75\u201d pulgadas, fabricada con madera de haya, 9 capas de 5 mm, terminada en chapa de abedul escandinavo semibrillante con incrustaci\u00f3n de bubinga al centro, lugs vintage cromados en forma de l\u00e1grima, incluye sistema de amortiguaci\u00f3n MonoRail y filtro Dual Glide.\" \/>\n<meta name=\"robots\" content=\"index, follow, max-snippet:-1, max-image-preview:large, max-video-preview:-1\" \/>\n<link rel=\"canonical\" href=\"https:\/\/www.mexicanguitarplayers.com\/en\/tienda\/sin%20categor\u00eda\/tarola-sonor-ssd-13x5-75-bg-sdw-2-0\/\" \/>\n<meta property=\"og:locale\" content=\"en_US\" \/>\n<meta property=\"og:type\" content=\"article\" \/>\n<meta property=\"og:title\" content=\"TAROLA SONOR SSD 13X5.75 BG SDW 2.0 - Mexican Guitar Players\" \/>\n<meta property=\"og:description\" content=\"Tarola Benny Greb Signature, 13 x 5.75\u201d pulgadas, fabricada con madera de haya, 9 capas de 5 mm, terminada en chapa de abedul escandinavo semibrillante con incrustaci\u00f3n de bubinga al centro, lugs vintage cromados en forma de l\u00e1grima, incluye sistema de amortiguaci\u00f3n MonoRail y filtro Dual Glide.\" \/>\n<meta property=\"og:url\" content=\"https:\/\/www.mexicanguitarplayers.com\/en\/tienda\/sin categor\u00eda\/tarola-sonor-ssd-13x5-75-bg-sdw-2-0\/\" \/>\n<meta property=\"og:site_name\" content=\"Mexican Guitar Players\" \/>\n<meta property=\"article:modified_time\" content=\"2026-04-10T10:38:41+00:00\" \/>\n<meta name=\"twitter:card\" content=\"summary_large_image\" \/>\n<meta name=\"twitter:label1\" content=\"Est. reading time\" \/>\n\t<meta name=\"twitter:data1\" content=\"2 minutes\" \/>\n<script type=\"application\/ld+json\" class=\"yoast-schema-graph\">{\"@context\":\"https:\\\/\\\/schema.org\",\"@graph\":[{\"@type\":[\"WebPage\",\"ItemPage\"],\"@id\":\"https:\\\/\\\/www.mexicanguitarplayers.com\\\/tienda\\\/sin categor\u00eda\\\/tarola-sonor-ssd-13x5-75-bg-sdw-2-0\\\/\",\"url\":\"https:\\\/\\\/www.mexicanguitarplayers.com\\\/tienda\\\/sin categor\u00eda\\\/tarola-sonor-ssd-13x5-75-bg-sdw-2-0\\\/\",\"name\":\"TAROLA SONOR SSD 13X5.75 BG SDW 2.0 - Mexican Guitar Players\",\"isPartOf\":{\"@id\":\"https:\\\/\\\/www.mexicanguitarplayers.com\\\/#website\"},\"primaryImageOfPage\":{\"@id\":\"https:\\\/\\\/www.mexicanguitarplayers.com\\\/tienda\\\/sin categor\u00eda\\\/tarola-sonor-ssd-13x5-75-bg-sdw-2-0\\\/#primaryimage\"},\"image\":{\"@id\":\"https:\\\/\\\/www.mexicanguitarplayers.com\\\/tienda\\\/sin categor\u00eda\\\/tarola-sonor-ssd-13x5-75-bg-sdw-2-0\\\/#primaryimage\"},\"thumbnailUrl\":\"https:\\\/\\\/www.mexicanguitarplayers.com\\\/wp-content\\\/uploads\\\/2025\\\/04\\\/IPSORSSDBGSDW2.jpg\",\"datePublished\":\"2025-04-08T16:41:53+00:00\",\"dateModified\":\"2026-04-10T10:38:41+00:00\",\"description\":\"Tarola Benny Greb Signature, 13 x 5.75\u201d pulgadas, fabricada con madera de haya, 9 capas de 5 mm, terminada en chapa de abedul escandinavo semibrillante con incrustaci\u00f3n de bubinga al centro, lugs vintage cromados en forma de l\u00e1grima, incluye sistema de amortiguaci\u00f3n MonoRail y filtro Dual Glide.\",\"breadcrumb\":{\"@id\":\"https:\\\/\\\/www.mexicanguitarplayers.com\\\/tienda\\\/sin categor\u00eda\\\/tarola-sonor-ssd-13x5-75-bg-sdw-2-0\\\/#breadcrumb\"},\"inLanguage\":\"en-US\",\"potentialAction\":[{\"@type\":\"ReadAction\",\"target\":[\"https:\\\/\\\/www.mexicanguitarplayers.com\\\/tienda\\\/sin categor\u00eda\\\/tarola-sonor-ssd-13x5-75-bg-sdw-2-0\\\/\"]}]},{\"@type\":\"ImageObject\",\"inLanguage\":\"en-US\",\"@id\":\"https:\\\/\\\/www.mexicanguitarplayers.com\\\/tienda\\\/sin categor\u00eda\\\/tarola-sonor-ssd-13x5-75-bg-sdw-2-0\\\/#primaryimage\",\"url\":\"https:\\\/\\\/www.mexicanguitarplayers.com\\\/wp-content\\\/uploads\\\/2025\\\/04\\\/IPSORSSDBGSDW2.jpg\",\"contentUrl\":\"https:\\\/\\\/www.mexicanguitarplayers.com\\\/wp-content\\\/uploads\\\/2025\\\/04\\\/IPSORSSDBGSDW2.jpg\",\"width\":1600,\"height\":800},{\"@type\":\"BreadcrumbList\",\"@id\":\"https:\\\/\\\/www.mexicanguitarplayers.com\\\/tienda\\\/sin categor\u00eda\\\/tarola-sonor-ssd-13x5-75-bg-sdw-2-0\\\/#breadcrumb\",\"itemListElement\":[{\"@type\":\"ListItem\",\"position\":1,\"name\":\"Portada\",\"item\":\"https:\\\/\\\/www.mexicanguitarplayers.com\\\/\"},{\"@type\":\"ListItem\",\"position\":2,\"name\":\"Tienda\",\"item\":\"https:\\\/\\\/www.mexicanguitarplayers.com\\\/tienda\\\/\"},{\"@type\":\"ListItem\",\"position\":3,\"name\":\"TAROLA SONOR SSD 13X5.75 BG SDW 2.0\"}]},{\"@type\":\"WebSite\",\"@id\":\"https:\\\/\\\/www.mexicanguitarplayers.com\\\/#website\",\"url\":\"https:\\\/\\\/www.mexicanguitarplayers.com\\\/\",\"name\":\"Mexican Guitar Players\",\"description\":\"Website\",\"publisher\":{\"@id\":\"https:\\\/\\\/www.mexicanguitarplayers.com\\\/#organization\"},\"potentialAction\":[{\"@type\":\"SearchAction\",\"target\":{\"@type\":\"EntryPoint\",\"urlTemplate\":\"https:\\\/\\\/www.mexicanguitarplayers.com\\\/?s={search_term_string}\"},\"query-input\":{\"@type\":\"PropertyValueSpecification\",\"valueRequired\":true,\"valueName\":\"search_term_string\"}}],\"inLanguage\":\"en-US\"},{\"@type\":\"Organization\",\"@id\":\"https:\\\/\\\/www.mexicanguitarplayers.com\\\/#organization\",\"name\":\"Mexican Guitar Players\",\"url\":\"https:\\\/\\\/www.mexicanguitarplayers.com\\\/\",\"logo\":{\"@type\":\"ImageObject\",\"inLanguage\":\"en-US\",\"@id\":\"https:\\\/\\\/www.mexicanguitarplayers.com\\\/#\\\/schema\\\/logo\\\/image\\\/\",\"url\":\"\",\"contentUrl\":\"\",\"caption\":\"Mexican Guitar Players\"},\"image\":{\"@id\":\"https:\\\/\\\/www.mexicanguitarplayers.com\\\/#\\\/schema\\\/logo\\\/image\\\/\"}}]}<\/script>\n<!-- \/ Yoast SEO plugin. -->","yoast_head_json":{"title":"TAROLA SONOR SSD 13X5.75 BG SDW 2.0 - Mexican Guitar Players","description":"Tarola Benny Greb Signature, 13 x 5.75\u201d pulgadas, fabricada con madera de haya, 9 capas de 5 mm, terminada en chapa de abedul escandinavo semibrillante con incrustaci\u00f3n de bubinga al centro, lugs vintage cromados en forma de l\u00e1grima, incluye sistema de amortiguaci\u00f3n MonoRail y filtro Dual Glide.","robots":{"index":"index","follow":"follow","max-snippet":"max-snippet:-1","max-image-preview":"max-image-preview:large","max-video-preview":"max-video-preview:-1"},"canonical":"https:\/\/www.mexicanguitarplayers.com\/en\/tienda\/sin categor\u00eda\/tarola-sonor-ssd-13x5-75-bg-sdw-2-0\/","og_locale":"en_US","og_type":"article","og_title":"TAROLA SONOR SSD 13X5.75 BG SDW 2.0 - Mexican Guitar Players","og_description":"Tarola Benny Greb Signature, 13 x 5.75\u201d pulgadas, fabricada con madera de haya, 9 capas de 5 mm, terminada en chapa de abedul escandinavo semibrillante con incrustaci\u00f3n de bubinga al centro, lugs vintage cromados en forma de l\u00e1grima, incluye sistema de amortiguaci\u00f3n MonoRail y filtro Dual Glide.","og_url":"https:\/\/www.mexicanguitarplayers.com\/en\/tienda\/sin categor\u00eda\/tarola-sonor-ssd-13x5-75-bg-sdw-2-0\/","og_site_name":"Mexican Guitar Players","article_modified_time":"2026-04-10T10:38:41+00:00","twitter_card":"summary_large_image","twitter_misc":{"Est. reading time":"2 minutes"},"schema":{"@context":"https:\/\/schema.org","@graph":[{"@type":["WebPage","ItemPage"],"@id":"https:\/\/www.mexicanguitarplayers.com\/tienda\/sin categor\u00eda\/tarola-sonor-ssd-13x5-75-bg-sdw-2-0\/","url":"https:\/\/www.mexicanguitarplayers.com\/tienda\/sin categor\u00eda\/tarola-sonor-ssd-13x5-75-bg-sdw-2-0\/","name":"TAROLA SONOR SSD 13X5.75 BG SDW 2.0 - Mexican Guitar Players","isPartOf":{"@id":"https:\/\/www.mexicanguitarplayers.com\/#website"},"primaryImageOfPage":{"@id":"https:\/\/www.mexicanguitarplayers.com\/tienda\/sin categor\u00eda\/tarola-sonor-ssd-13x5-75-bg-sdw-2-0\/#primaryimage"},"image":{"@id":"https:\/\/www.mexicanguitarplayers.com\/tienda\/sin categor\u00eda\/tarola-sonor-ssd-13x5-75-bg-sdw-2-0\/#primaryimage"},"thumbnailUrl":"https:\/\/www.mexicanguitarplayers.com\/wp-content\/uploads\/2025\/04\/IPSORSSDBGSDW2.jpg","datePublished":"2025-04-08T16:41:53+00:00","dateModified":"2026-04-10T10:38:41+00:00","description":"Tarola Benny Greb Signature, 13 x 5.75\u201d pulgadas, fabricada con madera de haya, 9 capas de 5 mm, terminada en chapa de abedul escandinavo semibrillante con incrustaci\u00f3n de bubinga al centro, lugs vintage cromados en forma de l\u00e1grima, incluye sistema de amortiguaci\u00f3n MonoRail y filtro Dual Glide.","breadcrumb":{"@id":"https:\/\/www.mexicanguitarplayers.com\/tienda\/sin categor\u00eda\/tarola-sonor-ssd-13x5-75-bg-sdw-2-0\/#breadcrumb"},"inLanguage":"en-US","potentialAction":[{"@type":"ReadAction","target":["https:\/\/www.mexicanguitarplayers.com\/tienda\/sin categor\u00eda\/tarola-sonor-ssd-13x5-75-bg-sdw-2-0\/"]}]},{"@type":"ImageObject","inLanguage":"en-US","@id":"https:\/\/www.mexicanguitarplayers.com\/tienda\/sin categor\u00eda\/tarola-sonor-ssd-13x5-75-bg-sdw-2-0\/#primaryimage","url":"https:\/\/www.mexicanguitarplayers.com\/wp-content\/uploads\/2025\/04\/IPSORSSDBGSDW2.jpg","contentUrl":"https:\/\/www.mexicanguitarplayers.com\/wp-content\/uploads\/2025\/04\/IPSORSSDBGSDW2.jpg","width":1600,"height":800},{"@type":"BreadcrumbList","@id":"https:\/\/www.mexicanguitarplayers.com\/tienda\/sin categor\u00eda\/tarola-sonor-ssd-13x5-75-bg-sdw-2-0\/#breadcrumb","itemListElement":[{"@type":"ListItem","position":1,"name":"Portada","item":"https:\/\/www.mexicanguitarplayers.com\/"},{"@type":"ListItem","position":2,"name":"Tienda","item":"https:\/\/www.mexicanguitarplayers.com\/tienda\/"},{"@type":"ListItem","position":3,"name":"TAROLA SONOR SSD 13X5.75 BG SDW 2.0"}]},{"@type":"WebSite","@id":"https:\/\/www.mexicanguitarplayers.com\/#website","url":"https:\/\/www.mexicanguitarplayers.com\/","name":"Mexican Guitar Players","description":"Website","publisher":{"@id":"https:\/\/www.mexicanguitarplayers.com\/#organization"},"potentialAction":[{"@type":"SearchAction","target":{"@type":"EntryPoint","urlTemplate":"https:\/\/www.mexicanguitarplayers.com\/?s={search_term_string}"},"query-input":{"@type":"PropertyValueSpecification","valueRequired":true,"valueName":"search_term_string"}}],"inLanguage":"en-US"},{"@type":"Organization","@id":"https:\/\/www.mexicanguitarplayers.com\/#organization","name":"Mexican Guitar Players","url":"https:\/\/www.mexicanguitarplayers.com\/","logo":{"@type":"ImageObject","inLanguage":"en-US","@id":"https:\/\/www.mexicanguitarplayers.com\/#\/schema\/logo\/image\/","url":"","contentUrl":"","caption":"Mexican Guitar Players"},"image":{"@id":"https:\/\/www.mexicanguitarplayers.com\/#\/schema\/logo\/image\/"}}]}},"brands":[{"id":321,"name":"SOUND","slug":"sonor"}],"_links":{"self":[{"href":"https:\/\/www.mexicanguitarplayers.com\/en\/wp-json\/wp\/v2\/product\/29506","targetHints":{"allow":["GET"]}}],"collection":[{"href":"https:\/\/www.mexicanguitarplayers.com\/en\/wp-json\/wp\/v2\/product"}],"about":[{"href":"https:\/\/www.mexicanguitarplayers.com\/en\/wp-json\/wp\/v2\/types\/product"}],"replies":[{"embeddable":true,"href":"https:\/\/www.mexicanguitarplayers.com\/en\/wp-json\/wp\/v2\/comments?post=29506"}],"wp:featuredmedia":[{"embeddable":true,"href":"https:\/\/www.mexicanguitarplayers.com\/en\/wp-json\/wp\/v2\/media\/29500"}],"wp:attachment":[{"href":"https:\/\/www.mexicanguitarplayers.com\/en\/wp-json\/wp\/v2\/media?parent=29506"}],"wp:term":[{"taxonomy":"pwb-brand","embeddable":true,"href":"https:\/\/www.mexicanguitarplayers.com\/en\/wp-json\/wp\/v2\/pwb-brand?post=29506"},{"taxonomy":"product_brand","embeddable":true,"href":"https:\/\/www.mexicanguitarplayers.com\/en\/wp-json\/wp\/v2\/product_brand?post=29506"},{"taxonomy":"product_cat","embeddable":true,"href":"https:\/\/www.mexicanguitarplayers.com\/en\/wp-json\/wp\/v2\/product_cat?post=29506"},{"taxonomy":"product_tag","embeddable":true,"href":"https:\/\/www.mexicanguitarplayers.com\/en\/wp-json\/wp\/v2\/product_tag?post=29506"}],"curies":[{"name":"wp","href":"https:\/\/api.w.org\/{rel}","templated":true}]}}