{"id":29508,"date":"2025-04-08T10:41:55","date_gmt":"2025-04-08T16:41:55","guid":{"rendered":"https:\/\/www.mexicanguitarplayers.com\/tienda\/sin categor\u00eda\/pedal-source-audio-dual-expression\/"},"modified":"2026-04-10T04:38:41","modified_gmt":"2026-04-10T10:38:41","slug":"pedal-source-audio-dual-expression","status":"publish","type":"product","link":"https:\/\/www.mexicanguitarplayers.com\/en\/tienda\/cuerdas\/efectos\/efectos-individuales\/pedal-source-audio-dual-expression\/","title":{"rendered":"PEDAL SOURCE AUDIO DUAL EXPRESSION"},"content":{"rendered":"<div style=\"text-align: justify\">\n<div>\n<h3>Gran respuesta y versatilidad.<\/h3>\n<\/div>\n<div>El pedal Dual Expression ofrece una repuesta de precisi\u00f3n y acci\u00f3n suave en una durable carcasa de aluminio fundido. La salida TRS dual de expresi\u00f3n hace posible controlar dos unidades de efectos simult\u00e1neamente. El pedal es compatible con la entrada de expresi\u00f3n Boss\/Roland (\u201ctip hot\u201d) muy com\u00fan. La perilla de ajuste de rango establece el punto inferior en el rango de expresi\u00f3n. Adem\u00e1s, una salida de sensor especial se conecta directamente a cualquier pedal Hot Hand\u00ae, Soundblox\u00ae, Soundblox 2 o Soundblox Pro para un control en tiempo real sobre barridos de filtro, efectos de modulaci\u00f3n, velocidades LFO, mezclas wet\/dry, manejo de niveles, etc.<\/div>\n<div>\n<h4>Quick look<\/h4>\n<\/div>\n<ul style=\"margin: 0px 0px 0px 25px\">\n<li style=\"list-style-type: circle;margin: 5px\">Dos salidas de expresi\u00f3n TRS aisladas.<\/li>\n<li style=\"list-style-type: circle;margin: 5px\">Salida del sensor.<\/li>\n<li style=\"list-style-type: circle;margin: 5px\">Perilla de ajuste de rango.<\/li>\n<li style=\"list-style-type: circle;margin: 5px\">Salida 1.<\/li>\n<li style=\"list-style-type: circle;margin: 5px\">Salida 2.<\/li>\n<li style=\"list-style-type: circle;margin: 5px\">Case.<\/li>\n<li style=\"list-style-type: circle;margin: 5px\">Accessories included.<\/li>\n<li style=\"list-style-type: circle;margin: 5px\">Dimensions.<\/li>\n<\/ul>\n<div>\n<div style=\"font-weight: bold\">Dos salidas de expresi\u00f3n TRS aisladas.<\/div>\n<div>\n<p>Control simult\u00e1neo de m\u00faltiples pedales de efectos o sistemas de rack.<\/p>\n<\/div>\n<div style=\"font-weight: bold\">Salida del sensor.<\/div>\n<div>\n<p>1\/8&#8243; pulgadas, salida de 4 conductores compatible con todos los pedales Soundblox, Soundblox 2 o Soundblox Pro.<\/p>\n<\/div>\n<div style=\"font-weight: bold\">Perilla de ajuste de rango.<\/div>\n<div>\n<p>Ajusta el rango de la se\u00f1al de expresi\u00f3n enviada a trav\u00e9s de las salidas.<\/p>\n<\/div>\n<div style=\"font-weight: bold\">Salida 1.<\/div>\n<div>\n<p>Env\u00eda la se\u00f1al de expresi\u00f3n a trav\u00e9s de un cable TRS 1\/4&#8243; o un cable sensor de 1\/8&#8243; compatible con Soundblox de 4 conductores.<\/p>\n<\/div>\n<div style=\"font-weight: bold\">Salida 2.<\/div>\n<div>\n<p>Env\u00eda la se\u00f1al de expresi\u00f3n a trav\u00e9s de un cable TRS 1\/4&#8243;.<\/p>\n<\/div>\n<div style=\"font-weight: bold\">Case.<\/div>\n<div>\n<p>Aluminio fundido resistente.<\/p>\n<\/div>\n<div style=\"font-weight: bold\">Accessories included.<\/div>\n<div>\n<p>Incluye un cable conector TRS 1\/4&#8243; y un cable de salida de sensor de 4 conductores de 1\/8&#8243;.<\/p>\n<\/div>\n<div style=\"font-weight: bold\">Dimensions.<\/div>\n<div>\n<p>254 x 102 x 76 mm.<\/p>\n<\/div>\n<\/div>\n<\/div>","protected":false},"excerpt":{"rendered":"<p>Pedal Dual Expression, ofrece repuesta de precisi\u00f3n y acci\u00f3n suave, control simult\u00e1neo de m\u00faltiples pedales de efectos o sistemas de rack, carcasa de aluminio fundido resistente, incluye  cable conector TRS 1\/4\u201d y cable de salida de sensor de 4 conductores de 1\/8\u201d, dimensiones: 254 x 102 x 76 mm.&hellip; <a class=\"kt-excerpt-readmore more-link\" href=\"https:\/\/www.mexicanguitarplayers.com\/en\/tienda\/cuerdas\/efectos\/efectos-individuales\/pedal-source-audio-dual-expression\/\">Read more<\/a><\/p>","protected":false},"featured_media":29507,"comment_status":"open","ping_status":"closed","template":"","meta":{"kt_blocks_editor_width":""},"pwb-brand":[608],"product_brand":[],"product_cat":[224,241,504],"product_tag":[],"class_list":{"0":"post-29508","1":"product","2":"type-product","3":"status-publish","4":"has-post-thumbnail","6":"pwb-brand-source-audio","7":"product_cat-cuerdas","8":"product_cat-efectos","9":"product_cat-efectos-individuales","10":"product_shipping_class-0-5-kg","12":"first","13":"outofstock","14":"taxable","15":"shipping-taxable","16":"purchasable","17":"product-type-simple"},"yoast_head":"<!-- This site is optimized with the Yoast SEO plugin v27.5 - https:\/\/yoast.com\/product\/yoast-seo-wordpress\/ -->\n<title>PEDAL SOURCE AUDIO DUAL EXPRESSION - Mexican Guitar Players<\/title>\n<meta name=\"description\" content=\"Pedal Dual Expression, ofrece repuesta de precisi\u00f3n y acci\u00f3n suave, control simult\u00e1neo de m\u00faltiples pedales de efectos o sistemas de rack, carcasa de aluminio fundido resistente, incluye cable conector TRS 1\/4\u201d y cable de salida de sensor de 4 conductores de 1\/8\u201d, dimensiones: 254 x 102 x 76 mm.\" \/>\n<meta name=\"robots\" content=\"index, follow, max-snippet:-1, max-image-preview:large, max-video-preview:-1\" \/>\n<link rel=\"canonical\" href=\"https:\/\/www.mexicanguitarplayers.com\/en\/tienda\/sin%20categor\u00eda\/pedal-source-audio-dual-expression\/\" \/>\n<meta property=\"og:locale\" content=\"en_US\" \/>\n<meta property=\"og:type\" content=\"article\" \/>\n<meta property=\"og:title\" content=\"PEDAL SOURCE AUDIO DUAL EXPRESSION - Mexican Guitar Players\" \/>\n<meta property=\"og:description\" content=\"Pedal Dual Expression, ofrece repuesta de precisi\u00f3n y acci\u00f3n suave, control simult\u00e1neo de m\u00faltiples pedales de efectos o sistemas de rack, carcasa de aluminio fundido resistente, incluye cable conector TRS 1\/4\u201d y cable de salida de sensor de 4 conductores de 1\/8\u201d, dimensiones: 254 x 102 x 76 mm.\" \/>\n<meta property=\"og:url\" content=\"https:\/\/www.mexicanguitarplayers.com\/en\/tienda\/sin categor\u00eda\/pedal-source-audio-dual-expression\/\" \/>\n<meta property=\"og:site_name\" content=\"Mexican Guitar Players\" \/>\n<meta property=\"article:modified_time\" content=\"2026-04-10T10:38:41+00:00\" \/>\n<meta name=\"twitter:card\" content=\"summary_large_image\" \/>\n<meta name=\"twitter:label1\" content=\"Est. reading time\" \/>\n\t<meta name=\"twitter:data1\" content=\"1 minute\" \/>\n<script type=\"application\/ld+json\" class=\"yoast-schema-graph\">{\"@context\":\"https:\\\/\\\/schema.org\",\"@graph\":[{\"@type\":[\"WebPage\",\"ItemPage\"],\"@id\":\"https:\\\/\\\/www.mexicanguitarplayers.com\\\/tienda\\\/sin categor\u00eda\\\/pedal-source-audio-dual-expression\\\/\",\"url\":\"https:\\\/\\\/www.mexicanguitarplayers.com\\\/tienda\\\/sin categor\u00eda\\\/pedal-source-audio-dual-expression\\\/\",\"name\":\"PEDAL SOURCE AUDIO DUAL EXPRESSION - Mexican Guitar Players\",\"isPartOf\":{\"@id\":\"https:\\\/\\\/www.mexicanguitarplayers.com\\\/#website\"},\"primaryImageOfPage\":{\"@id\":\"https:\\\/\\\/www.mexicanguitarplayers.com\\\/tienda\\\/sin categor\u00eda\\\/pedal-source-audio-dual-expression\\\/#primaryimage\"},\"image\":{\"@id\":\"https:\\\/\\\/www.mexicanguitarplayers.com\\\/tienda\\\/sin categor\u00eda\\\/pedal-source-audio-dual-expression\\\/#primaryimage\"},\"thumbnailUrl\":\"https:\\\/\\\/www.mexicanguitarplayers.com\\\/wp-content\\\/uploads\\\/2025\\\/04\\\/VASIOSA161.jpg\",\"datePublished\":\"2025-04-08T16:41:55+00:00\",\"dateModified\":\"2026-04-10T10:38:41+00:00\",\"description\":\"Pedal Dual Expression, ofrece repuesta de precisi\u00f3n y acci\u00f3n suave, control simult\u00e1neo de m\u00faltiples pedales de efectos o sistemas de rack, carcasa de aluminio fundido resistente, incluye cable conector TRS 1\\\/4\u201d y cable de salida de sensor de 4 conductores de 1\\\/8\u201d, dimensiones: 254 x 102 x 76 mm.\",\"breadcrumb\":{\"@id\":\"https:\\\/\\\/www.mexicanguitarplayers.com\\\/tienda\\\/sin categor\u00eda\\\/pedal-source-audio-dual-expression\\\/#breadcrumb\"},\"inLanguage\":\"en-US\",\"potentialAction\":[{\"@type\":\"ReadAction\",\"target\":[\"https:\\\/\\\/www.mexicanguitarplayers.com\\\/tienda\\\/sin categor\u00eda\\\/pedal-source-audio-dual-expression\\\/\"]}]},{\"@type\":\"ImageObject\",\"inLanguage\":\"en-US\",\"@id\":\"https:\\\/\\\/www.mexicanguitarplayers.com\\\/tienda\\\/sin categor\u00eda\\\/pedal-source-audio-dual-expression\\\/#primaryimage\",\"url\":\"https:\\\/\\\/www.mexicanguitarplayers.com\\\/wp-content\\\/uploads\\\/2025\\\/04\\\/VASIOSA161.jpg\",\"contentUrl\":\"https:\\\/\\\/www.mexicanguitarplayers.com\\\/wp-content\\\/uploads\\\/2025\\\/04\\\/VASIOSA161.jpg\",\"width\":1200,\"height\":1200},{\"@type\":\"BreadcrumbList\",\"@id\":\"https:\\\/\\\/www.mexicanguitarplayers.com\\\/tienda\\\/sin categor\u00eda\\\/pedal-source-audio-dual-expression\\\/#breadcrumb\",\"itemListElement\":[{\"@type\":\"ListItem\",\"position\":1,\"name\":\"Portada\",\"item\":\"https:\\\/\\\/www.mexicanguitarplayers.com\\\/\"},{\"@type\":\"ListItem\",\"position\":2,\"name\":\"Tienda\",\"item\":\"https:\\\/\\\/www.mexicanguitarplayers.com\\\/tienda\\\/\"},{\"@type\":\"ListItem\",\"position\":3,\"name\":\"PEDAL SOURCE AUDIO DUAL EXPRESSION\"}]},{\"@type\":\"WebSite\",\"@id\":\"https:\\\/\\\/www.mexicanguitarplayers.com\\\/#website\",\"url\":\"https:\\\/\\\/www.mexicanguitarplayers.com\\\/\",\"name\":\"Mexican Guitar Players\",\"description\":\"Website\",\"publisher\":{\"@id\":\"https:\\\/\\\/www.mexicanguitarplayers.com\\\/#organization\"},\"potentialAction\":[{\"@type\":\"SearchAction\",\"target\":{\"@type\":\"EntryPoint\",\"urlTemplate\":\"https:\\\/\\\/www.mexicanguitarplayers.com\\\/?s={search_term_string}\"},\"query-input\":{\"@type\":\"PropertyValueSpecification\",\"valueRequired\":true,\"valueName\":\"search_term_string\"}}],\"inLanguage\":\"en-US\"},{\"@type\":\"Organization\",\"@id\":\"https:\\\/\\\/www.mexicanguitarplayers.com\\\/#organization\",\"name\":\"Mexican Guitar Players\",\"url\":\"https:\\\/\\\/www.mexicanguitarplayers.com\\\/\",\"logo\":{\"@type\":\"ImageObject\",\"inLanguage\":\"en-US\",\"@id\":\"https:\\\/\\\/www.mexicanguitarplayers.com\\\/#\\\/schema\\\/logo\\\/image\\\/\",\"url\":\"\",\"contentUrl\":\"\",\"caption\":\"Mexican Guitar Players\"},\"image\":{\"@id\":\"https:\\\/\\\/www.mexicanguitarplayers.com\\\/#\\\/schema\\\/logo\\\/image\\\/\"}}]}<\/script>\n<!-- \/ Yoast SEO plugin. -->","yoast_head_json":{"title":"PEDAL SOURCE AUDIO DUAL EXPRESSION - Mexican Guitar Players","description":"Pedal Dual Expression, ofrece repuesta de precisi\u00f3n y acci\u00f3n suave, control simult\u00e1neo de m\u00faltiples pedales de efectos o sistemas de rack, carcasa de aluminio fundido resistente, incluye cable conector TRS 1\/4\u201d y cable de salida de sensor de 4 conductores de 1\/8\u201d, dimensiones: 254 x 102 x 76 mm.","robots":{"index":"index","follow":"follow","max-snippet":"max-snippet:-1","max-image-preview":"max-image-preview:large","max-video-preview":"max-video-preview:-1"},"canonical":"https:\/\/www.mexicanguitarplayers.com\/en\/tienda\/sin categor\u00eda\/pedal-source-audio-dual-expression\/","og_locale":"en_US","og_type":"article","og_title":"PEDAL SOURCE AUDIO DUAL EXPRESSION - Mexican Guitar Players","og_description":"Pedal Dual Expression, ofrece repuesta de precisi\u00f3n y acci\u00f3n suave, control simult\u00e1neo de m\u00faltiples pedales de efectos o sistemas de rack, carcasa de aluminio fundido resistente, incluye cable conector TRS 1\/4\u201d y cable de salida de sensor de 4 conductores de 1\/8\u201d, dimensiones: 254 x 102 x 76 mm.","og_url":"https:\/\/www.mexicanguitarplayers.com\/en\/tienda\/sin categor\u00eda\/pedal-source-audio-dual-expression\/","og_site_name":"Mexican Guitar Players","article_modified_time":"2026-04-10T10:38:41+00:00","twitter_card":"summary_large_image","twitter_misc":{"Est. reading time":"1 minute"},"schema":{"@context":"https:\/\/schema.org","@graph":[{"@type":["WebPage","ItemPage"],"@id":"https:\/\/www.mexicanguitarplayers.com\/tienda\/sin categor\u00eda\/pedal-source-audio-dual-expression\/","url":"https:\/\/www.mexicanguitarplayers.com\/tienda\/sin categor\u00eda\/pedal-source-audio-dual-expression\/","name":"PEDAL SOURCE AUDIO DUAL EXPRESSION - Mexican Guitar Players","isPartOf":{"@id":"https:\/\/www.mexicanguitarplayers.com\/#website"},"primaryImageOfPage":{"@id":"https:\/\/www.mexicanguitarplayers.com\/tienda\/sin categor\u00eda\/pedal-source-audio-dual-expression\/#primaryimage"},"image":{"@id":"https:\/\/www.mexicanguitarplayers.com\/tienda\/sin categor\u00eda\/pedal-source-audio-dual-expression\/#primaryimage"},"thumbnailUrl":"https:\/\/www.mexicanguitarplayers.com\/wp-content\/uploads\/2025\/04\/VASIOSA161.jpg","datePublished":"2025-04-08T16:41:55+00:00","dateModified":"2026-04-10T10:38:41+00:00","description":"Pedal Dual Expression, ofrece repuesta de precisi\u00f3n y acci\u00f3n suave, control simult\u00e1neo de m\u00faltiples pedales de efectos o sistemas de rack, carcasa de aluminio fundido resistente, incluye cable conector TRS 1\/4\u201d y cable de salida de sensor de 4 conductores de 1\/8\u201d, dimensiones: 254 x 102 x 76 mm.","breadcrumb":{"@id":"https:\/\/www.mexicanguitarplayers.com\/tienda\/sin categor\u00eda\/pedal-source-audio-dual-expression\/#breadcrumb"},"inLanguage":"en-US","potentialAction":[{"@type":"ReadAction","target":["https:\/\/www.mexicanguitarplayers.com\/tienda\/sin categor\u00eda\/pedal-source-audio-dual-expression\/"]}]},{"@type":"ImageObject","inLanguage":"en-US","@id":"https:\/\/www.mexicanguitarplayers.com\/tienda\/sin categor\u00eda\/pedal-source-audio-dual-expression\/#primaryimage","url":"https:\/\/www.mexicanguitarplayers.com\/wp-content\/uploads\/2025\/04\/VASIOSA161.jpg","contentUrl":"https:\/\/www.mexicanguitarplayers.com\/wp-content\/uploads\/2025\/04\/VASIOSA161.jpg","width":1200,"height":1200},{"@type":"BreadcrumbList","@id":"https:\/\/www.mexicanguitarplayers.com\/tienda\/sin categor\u00eda\/pedal-source-audio-dual-expression\/#breadcrumb","itemListElement":[{"@type":"ListItem","position":1,"name":"Portada","item":"https:\/\/www.mexicanguitarplayers.com\/"},{"@type":"ListItem","position":2,"name":"Tienda","item":"https:\/\/www.mexicanguitarplayers.com\/tienda\/"},{"@type":"ListItem","position":3,"name":"PEDAL SOURCE AUDIO DUAL EXPRESSION"}]},{"@type":"WebSite","@id":"https:\/\/www.mexicanguitarplayers.com\/#website","url":"https:\/\/www.mexicanguitarplayers.com\/","name":"Mexican Guitar Players","description":"Website","publisher":{"@id":"https:\/\/www.mexicanguitarplayers.com\/#organization"},"potentialAction":[{"@type":"SearchAction","target":{"@type":"EntryPoint","urlTemplate":"https:\/\/www.mexicanguitarplayers.com\/?s={search_term_string}"},"query-input":{"@type":"PropertyValueSpecification","valueRequired":true,"valueName":"search_term_string"}}],"inLanguage":"en-US"},{"@type":"Organization","@id":"https:\/\/www.mexicanguitarplayers.com\/#organization","name":"Mexican Guitar Players","url":"https:\/\/www.mexicanguitarplayers.com\/","logo":{"@type":"ImageObject","inLanguage":"en-US","@id":"https:\/\/www.mexicanguitarplayers.com\/#\/schema\/logo\/image\/","url":"","contentUrl":"","caption":"Mexican Guitar Players"},"image":{"@id":"https:\/\/www.mexicanguitarplayers.com\/#\/schema\/logo\/image\/"}}]}},"brands":[{"id":608,"name":"AUDIO SOURCE","slug":"source-audio"}],"_links":{"self":[{"href":"https:\/\/www.mexicanguitarplayers.com\/en\/wp-json\/wp\/v2\/product\/29508","targetHints":{"allow":["GET"]}}],"collection":[{"href":"https:\/\/www.mexicanguitarplayers.com\/en\/wp-json\/wp\/v2\/product"}],"about":[{"href":"https:\/\/www.mexicanguitarplayers.com\/en\/wp-json\/wp\/v2\/types\/product"}],"replies":[{"embeddable":true,"href":"https:\/\/www.mexicanguitarplayers.com\/en\/wp-json\/wp\/v2\/comments?post=29508"}],"wp:featuredmedia":[{"embeddable":true,"href":"https:\/\/www.mexicanguitarplayers.com\/en\/wp-json\/wp\/v2\/media\/29507"}],"wp:attachment":[{"href":"https:\/\/www.mexicanguitarplayers.com\/en\/wp-json\/wp\/v2\/media?parent=29508"}],"wp:term":[{"taxonomy":"pwb-brand","embeddable":true,"href":"https:\/\/www.mexicanguitarplayers.com\/en\/wp-json\/wp\/v2\/pwb-brand?post=29508"},{"taxonomy":"product_brand","embeddable":true,"href":"https:\/\/www.mexicanguitarplayers.com\/en\/wp-json\/wp\/v2\/product_brand?post=29508"},{"taxonomy":"product_cat","embeddable":true,"href":"https:\/\/www.mexicanguitarplayers.com\/en\/wp-json\/wp\/v2\/product_cat?post=29508"},{"taxonomy":"product_tag","embeddable":true,"href":"https:\/\/www.mexicanguitarplayers.com\/en\/wp-json\/wp\/v2\/product_tag?post=29508"}],"curies":[{"name":"wp","href":"https:\/\/api.w.org\/{rel}","templated":true}]}}