{"id":29520,"date":"2025-04-08T10:42:07","date_gmt":"2025-04-08T16:42:07","guid":{"rendered":"https:\/\/www.mexicanguitarplayers.com\/tienda\/sin categor\u00eda\/pastilla-dimarzio-single-p-centro-dark-matter-2-2\/"},"modified":"2026-04-10T04:38:38","modified_gmt":"2026-04-10T10:38:38","slug":"pastilla-dimarzio-single-p-centro-dark-matter-2-2","status":"publish","type":"product","link":"https:\/\/www.mexicanguitarplayers.com\/en\/tienda\/accesorios\/para-guitarras\/pastillas-para-guitarra-electrica\/pastilla-dimarzio-single-p-centro-dark-matter-2-2\/","title":{"rendered":"DIMARZIO SINGLE PILL FOR DARK MATTER 2 CENTER"},"content":{"rendered":"<div style=\"text-align: justify\">\n<div>\n<h3>El cl\u00e1sico sonido de Steve Vai.<\/h3>\n<\/div>\n<div>Nos encanta trabajar con Steve Vai. Como artista est\u00e1 en constante evoluci\u00f3n y expandiendo los l\u00edmites con su interpretaci\u00f3n, composici\u00f3n e instrumentos. Entonces, cuando se acerc\u00f3 a nosotros sobre las pastillas para una nueva encarnaci\u00f3n de su firma JEM, desarrollamos los modelos Dark Matter 2 para brazo, puente y centro. Estas pastillas est\u00e1n espec\u00edficamente ecualizadas para que coincidan con el aura org\u00e1nica y terrenal de la nueva guitarra. Las pastillas de alto rendimiento a veces pueden tener anomal\u00edas en el registro alto, lo que significa que tienen algunos bordes afilados. Si bien son definitivamente de alto rendimiento como las otras pastillas de Steve, las nuevas pastillas Dark Matter 2 est\u00e1n dise\u00f1adas con una ligera suavidad en el extremo superior. La pastilla Dark Matter 2 central es una single-coil en n\u00edquel satinado, dise\u00f1ada para coordinarse con las rejillas de pastillas con patr\u00f3n de engranajes entrelazados del brazo y el puente Dark Matter 2. Las pastillas. La pastilla Dark Matter 2 est\u00e1 disponible solo en espaciado F. El modelo Dark Matter 2 central est\u00e1 dise\u00f1ado para integrarse sin problemas con los humbuckers Dark Matter 2, as\u00ed como para agregar una voz distintiva propia. Tiene un sonido m\u00e1s moderno que vintage. El \u00e9nfasis est\u00e1 en el equilibrio y la suavidad y tiene suficiente salida para funcionar bien con los humbuckers Dark Matter 2.<\/div>\n<div>\n<h4>Quick look<\/h4>\n<\/div>\n<ul style=\"margin: 0px 0px 0px 25px\">\n<li style=\"list-style-type: circle;margin: 5px\">Modelo.<\/li>\n<li style=\"list-style-type: circle;margin: 5px\">Posici\u00f3n.<\/li>\n<li style=\"list-style-type: circle;margin: 5px\">Espaciado.<\/li>\n<li style=\"list-style-type: circle;margin: 5px\">Alambrado.<\/li>\n<li style=\"list-style-type: circle;margin: 5px\">Im\u00e1n.<\/li>\n<li style=\"list-style-type: circle;margin: 5px\">Resistencia.<\/li>\n<\/ul>\n<div>\n<div style=\"font-weight: bold\">Modelo.<\/div>\n<div>\n<p>Dark Matter 2.<\/p>\n<\/div>\n<div style=\"font-weight: bold\">Posici\u00f3n.<\/div>\n<div>\n<p>Central.<\/p>\n<\/div>\n<div style=\"font-weight: bold\">Espaciado.<\/div>\n<div>\n<p>F-Spaced.<\/p>\n<\/div>\n<div style=\"font-weight: bold\">Alambrado.<\/div>\n<div>\n<p>2 conductores.<\/p>\n<\/div>\n<div style=\"font-weight: bold\">Im\u00e1n.<\/div>\n<div>\n<p>Cer\u00e1mica.<\/p>\n<\/div>\n<div style=\"font-weight: bold\">Resistencia.<\/div>\n<div>\n<p>7.33 kilo-ohms.<\/p>\n<\/div>\n<\/div>\n<\/div>","protected":false},"excerpt":{"rendered":"<p>Pastilla single-coil para guitarra el\u00e9ctrica de 6 cuerdas, modelo Dark Matter 2, posici\u00f3n: central, alambrado: 2 conductores, im\u00e1n: cer\u00e1mica, resistencia: 7.33 kilo-ohms, sonido m\u00e1s moderno, \u00e9nfasis en equilibrio y suavidad.&hellip; <a class=\"kt-excerpt-readmore more-link\" href=\"https:\/\/www.mexicanguitarplayers.com\/en\/tienda\/accesorios\/para-guitarras\/pastillas-para-guitarra-electrica\/pastilla-dimarzio-single-p-centro-dark-matter-2-2\/\">Read more<\/a><\/p>","protected":false},"featured_media":29518,"comment_status":"open","ping_status":"closed","template":"","meta":{"kt_blocks_editor_width":""},"pwb-brand":[355],"product_brand":[],"product_cat":[85,336,353],"product_tag":[],"class_list":{"0":"post-29520","1":"product","2":"type-product","3":"status-publish","4":"has-post-thumbnail","6":"pwb-brand-dimarzio","7":"product_cat-accesorios","8":"product_cat-para-guitarras","9":"product_cat-pastillas-para-guitarra-electrica","10":"product_shipping_class-0-5-kg","12":"first","13":"outofstock","14":"taxable","15":"shipping-taxable","16":"purchasable","17":"product-type-simple"},"yoast_head":"<!-- This site is optimized with the Yoast SEO plugin v27.5 - https:\/\/yoast.com\/product\/yoast-seo-wordpress\/ -->\n<title>PASTILLA DIMARZIO SINGLE P\/CENTRO DARK MATTER 2 - Mexican Guitar Players<\/title>\n<meta name=\"description\" content=\"Pastilla single-coil para guitarra el\u00e9ctrica de 6 cuerdas, modelo Dark Matter 2, posici\u00f3n: central, alambrado: 2 conductores, im\u00e1n: cer\u00e1mica, resistencia: 7.33 kilo-ohms, sonido m\u00e1s moderno, \u00e9nfasis en equilibrio y suavidad.\" \/>\n<meta name=\"robots\" content=\"index, follow, max-snippet:-1, max-image-preview:large, max-video-preview:-1\" \/>\n<link rel=\"canonical\" href=\"https:\/\/www.mexicanguitarplayers.com\/en\/tienda\/sin%20categor\u00eda\/pastilla-dimarzio-single-p-centro-dark-matter-2-2\/\" \/>\n<meta property=\"og:locale\" content=\"en_US\" \/>\n<meta property=\"og:type\" content=\"article\" \/>\n<meta property=\"og:title\" content=\"PASTILLA DIMARZIO SINGLE P\/CENTRO DARK MATTER 2 - Mexican Guitar Players\" \/>\n<meta property=\"og:description\" content=\"Pastilla single-coil para guitarra el\u00e9ctrica de 6 cuerdas, modelo Dark Matter 2, posici\u00f3n: central, alambrado: 2 conductores, im\u00e1n: cer\u00e1mica, resistencia: 7.33 kilo-ohms, sonido m\u00e1s moderno, \u00e9nfasis en equilibrio y suavidad.\" \/>\n<meta property=\"og:url\" content=\"https:\/\/www.mexicanguitarplayers.com\/en\/tienda\/sin categor\u00eda\/pastilla-dimarzio-single-p-centro-dark-matter-2-2\/\" \/>\n<meta property=\"og:site_name\" content=\"Mexican Guitar Players\" \/>\n<meta property=\"article:modified_time\" content=\"2026-04-10T10:38:38+00:00\" \/>\n<meta name=\"twitter:card\" content=\"summary_large_image\" \/>\n<meta name=\"twitter:label1\" content=\"Est. reading time\" \/>\n\t<meta name=\"twitter:data1\" content=\"1 minute\" \/>\n<script type=\"application\/ld+json\" class=\"yoast-schema-graph\">{\"@context\":\"https:\\\/\\\/schema.org\",\"@graph\":[{\"@type\":[\"WebPage\",\"ItemPage\"],\"@id\":\"https:\\\/\\\/www.mexicanguitarplayers.com\\\/tienda\\\/sin categor\u00eda\\\/pastilla-dimarzio-single-p-centro-dark-matter-2-2\\\/\",\"url\":\"https:\\\/\\\/www.mexicanguitarplayers.com\\\/tienda\\\/sin categor\u00eda\\\/pastilla-dimarzio-single-p-centro-dark-matter-2-2\\\/\",\"name\":\"PASTILLA DIMARZIO SINGLE P\\\/CENTRO DARK MATTER 2 - Mexican Guitar Players\",\"isPartOf\":{\"@id\":\"https:\\\/\\\/www.mexicanguitarplayers.com\\\/#website\"},\"primaryImageOfPage\":{\"@id\":\"https:\\\/\\\/www.mexicanguitarplayers.com\\\/tienda\\\/sin categor\u00eda\\\/pastilla-dimarzio-single-p-centro-dark-matter-2-2\\\/#primaryimage\"},\"image\":{\"@id\":\"https:\\\/\\\/www.mexicanguitarplayers.com\\\/tienda\\\/sin categor\u00eda\\\/pastilla-dimarzio-single-p-centro-dark-matter-2-2\\\/#primaryimage\"},\"thumbnailUrl\":\"https:\\\/\\\/www.mexicanguitarplayers.com\\\/wp-content\\\/uploads\\\/2025\\\/04\\\/RADIMDP267FSP.jpg\",\"datePublished\":\"2025-04-08T16:42:07+00:00\",\"dateModified\":\"2026-04-10T10:38:38+00:00\",\"description\":\"Pastilla single-coil para guitarra el\u00e9ctrica de 6 cuerdas, modelo Dark Matter 2, posici\u00f3n: central, alambrado: 2 conductores, im\u00e1n: cer\u00e1mica, resistencia: 7.33 kilo-ohms, sonido m\u00e1s moderno, \u00e9nfasis en equilibrio y suavidad.\",\"breadcrumb\":{\"@id\":\"https:\\\/\\\/www.mexicanguitarplayers.com\\\/tienda\\\/sin categor\u00eda\\\/pastilla-dimarzio-single-p-centro-dark-matter-2-2\\\/#breadcrumb\"},\"inLanguage\":\"en-US\",\"potentialAction\":[{\"@type\":\"ReadAction\",\"target\":[\"https:\\\/\\\/www.mexicanguitarplayers.com\\\/tienda\\\/sin categor\u00eda\\\/pastilla-dimarzio-single-p-centro-dark-matter-2-2\\\/\"]}]},{\"@type\":\"ImageObject\",\"inLanguage\":\"en-US\",\"@id\":\"https:\\\/\\\/www.mexicanguitarplayers.com\\\/tienda\\\/sin categor\u00eda\\\/pastilla-dimarzio-single-p-centro-dark-matter-2-2\\\/#primaryimage\",\"url\":\"https:\\\/\\\/www.mexicanguitarplayers.com\\\/wp-content\\\/uploads\\\/2025\\\/04\\\/RADIMDP267FSP.jpg\",\"contentUrl\":\"https:\\\/\\\/www.mexicanguitarplayers.com\\\/wp-content\\\/uploads\\\/2025\\\/04\\\/RADIMDP267FSP.jpg\",\"width\":1600,\"height\":800},{\"@type\":\"BreadcrumbList\",\"@id\":\"https:\\\/\\\/www.mexicanguitarplayers.com\\\/tienda\\\/sin categor\u00eda\\\/pastilla-dimarzio-single-p-centro-dark-matter-2-2\\\/#breadcrumb\",\"itemListElement\":[{\"@type\":\"ListItem\",\"position\":1,\"name\":\"Portada\",\"item\":\"https:\\\/\\\/www.mexicanguitarplayers.com\\\/\"},{\"@type\":\"ListItem\",\"position\":2,\"name\":\"Tienda\",\"item\":\"https:\\\/\\\/www.mexicanguitarplayers.com\\\/tienda\\\/\"},{\"@type\":\"ListItem\",\"position\":3,\"name\":\"PASTILLA DIMARZIO SINGLE P\\\/CENTRO DARK MATTER 2\"}]},{\"@type\":\"WebSite\",\"@id\":\"https:\\\/\\\/www.mexicanguitarplayers.com\\\/#website\",\"url\":\"https:\\\/\\\/www.mexicanguitarplayers.com\\\/\",\"name\":\"Mexican Guitar Players\",\"description\":\"Website\",\"publisher\":{\"@id\":\"https:\\\/\\\/www.mexicanguitarplayers.com\\\/#organization\"},\"potentialAction\":[{\"@type\":\"SearchAction\",\"target\":{\"@type\":\"EntryPoint\",\"urlTemplate\":\"https:\\\/\\\/www.mexicanguitarplayers.com\\\/?s={search_term_string}\"},\"query-input\":{\"@type\":\"PropertyValueSpecification\",\"valueRequired\":true,\"valueName\":\"search_term_string\"}}],\"inLanguage\":\"en-US\"},{\"@type\":\"Organization\",\"@id\":\"https:\\\/\\\/www.mexicanguitarplayers.com\\\/#organization\",\"name\":\"Mexican Guitar Players\",\"url\":\"https:\\\/\\\/www.mexicanguitarplayers.com\\\/\",\"logo\":{\"@type\":\"ImageObject\",\"inLanguage\":\"en-US\",\"@id\":\"https:\\\/\\\/www.mexicanguitarplayers.com\\\/#\\\/schema\\\/logo\\\/image\\\/\",\"url\":\"\",\"contentUrl\":\"\",\"caption\":\"Mexican Guitar Players\"},\"image\":{\"@id\":\"https:\\\/\\\/www.mexicanguitarplayers.com\\\/#\\\/schema\\\/logo\\\/image\\\/\"}}]}<\/script>\n<!-- \/ Yoast SEO plugin. -->","yoast_head_json":{"title":"PASTILLA DIMARZIO SINGLE P\/CENTRO DARK MATTER 2 - Mexican Guitar Players","description":"Pastilla single-coil para guitarra el\u00e9ctrica de 6 cuerdas, modelo Dark Matter 2, posici\u00f3n: central, alambrado: 2 conductores, im\u00e1n: cer\u00e1mica, resistencia: 7.33 kilo-ohms, sonido m\u00e1s moderno, \u00e9nfasis en equilibrio y suavidad.","robots":{"index":"index","follow":"follow","max-snippet":"max-snippet:-1","max-image-preview":"max-image-preview:large","max-video-preview":"max-video-preview:-1"},"canonical":"https:\/\/www.mexicanguitarplayers.com\/en\/tienda\/sin categor\u00eda\/pastilla-dimarzio-single-p-centro-dark-matter-2-2\/","og_locale":"en_US","og_type":"article","og_title":"PASTILLA DIMARZIO SINGLE P\/CENTRO DARK MATTER 2 - Mexican Guitar Players","og_description":"Pastilla single-coil para guitarra el\u00e9ctrica de 6 cuerdas, modelo Dark Matter 2, posici\u00f3n: central, alambrado: 2 conductores, im\u00e1n: cer\u00e1mica, resistencia: 7.33 kilo-ohms, sonido m\u00e1s moderno, \u00e9nfasis en equilibrio y suavidad.","og_url":"https:\/\/www.mexicanguitarplayers.com\/en\/tienda\/sin categor\u00eda\/pastilla-dimarzio-single-p-centro-dark-matter-2-2\/","og_site_name":"Mexican Guitar Players","article_modified_time":"2026-04-10T10:38:38+00:00","twitter_card":"summary_large_image","twitter_misc":{"Est. reading time":"1 minute"},"schema":{"@context":"https:\/\/schema.org","@graph":[{"@type":["WebPage","ItemPage"],"@id":"https:\/\/www.mexicanguitarplayers.com\/tienda\/sin categor\u00eda\/pastilla-dimarzio-single-p-centro-dark-matter-2-2\/","url":"https:\/\/www.mexicanguitarplayers.com\/tienda\/sin categor\u00eda\/pastilla-dimarzio-single-p-centro-dark-matter-2-2\/","name":"PASTILLA DIMARZIO SINGLE P\/CENTRO DARK MATTER 2 - Mexican Guitar Players","isPartOf":{"@id":"https:\/\/www.mexicanguitarplayers.com\/#website"},"primaryImageOfPage":{"@id":"https:\/\/www.mexicanguitarplayers.com\/tienda\/sin categor\u00eda\/pastilla-dimarzio-single-p-centro-dark-matter-2-2\/#primaryimage"},"image":{"@id":"https:\/\/www.mexicanguitarplayers.com\/tienda\/sin categor\u00eda\/pastilla-dimarzio-single-p-centro-dark-matter-2-2\/#primaryimage"},"thumbnailUrl":"https:\/\/www.mexicanguitarplayers.com\/wp-content\/uploads\/2025\/04\/RADIMDP267FSP.jpg","datePublished":"2025-04-08T16:42:07+00:00","dateModified":"2026-04-10T10:38:38+00:00","description":"Pastilla single-coil para guitarra el\u00e9ctrica de 6 cuerdas, modelo Dark Matter 2, posici\u00f3n: central, alambrado: 2 conductores, im\u00e1n: cer\u00e1mica, resistencia: 7.33 kilo-ohms, sonido m\u00e1s moderno, \u00e9nfasis en equilibrio y suavidad.","breadcrumb":{"@id":"https:\/\/www.mexicanguitarplayers.com\/tienda\/sin categor\u00eda\/pastilla-dimarzio-single-p-centro-dark-matter-2-2\/#breadcrumb"},"inLanguage":"en-US","potentialAction":[{"@type":"ReadAction","target":["https:\/\/www.mexicanguitarplayers.com\/tienda\/sin categor\u00eda\/pastilla-dimarzio-single-p-centro-dark-matter-2-2\/"]}]},{"@type":"ImageObject","inLanguage":"en-US","@id":"https:\/\/www.mexicanguitarplayers.com\/tienda\/sin categor\u00eda\/pastilla-dimarzio-single-p-centro-dark-matter-2-2\/#primaryimage","url":"https:\/\/www.mexicanguitarplayers.com\/wp-content\/uploads\/2025\/04\/RADIMDP267FSP.jpg","contentUrl":"https:\/\/www.mexicanguitarplayers.com\/wp-content\/uploads\/2025\/04\/RADIMDP267FSP.jpg","width":1600,"height":800},{"@type":"BreadcrumbList","@id":"https:\/\/www.mexicanguitarplayers.com\/tienda\/sin categor\u00eda\/pastilla-dimarzio-single-p-centro-dark-matter-2-2\/#breadcrumb","itemListElement":[{"@type":"ListItem","position":1,"name":"Portada","item":"https:\/\/www.mexicanguitarplayers.com\/"},{"@type":"ListItem","position":2,"name":"Tienda","item":"https:\/\/www.mexicanguitarplayers.com\/tienda\/"},{"@type":"ListItem","position":3,"name":"PASTILLA DIMARZIO SINGLE P\/CENTRO DARK MATTER 2"}]},{"@type":"WebSite","@id":"https:\/\/www.mexicanguitarplayers.com\/#website","url":"https:\/\/www.mexicanguitarplayers.com\/","name":"Mexican Guitar Players","description":"Website","publisher":{"@id":"https:\/\/www.mexicanguitarplayers.com\/#organization"},"potentialAction":[{"@type":"SearchAction","target":{"@type":"EntryPoint","urlTemplate":"https:\/\/www.mexicanguitarplayers.com\/?s={search_term_string}"},"query-input":{"@type":"PropertyValueSpecification","valueRequired":true,"valueName":"search_term_string"}}],"inLanguage":"en-US"},{"@type":"Organization","@id":"https:\/\/www.mexicanguitarplayers.com\/#organization","name":"Mexican Guitar Players","url":"https:\/\/www.mexicanguitarplayers.com\/","logo":{"@type":"ImageObject","inLanguage":"en-US","@id":"https:\/\/www.mexicanguitarplayers.com\/#\/schema\/logo\/image\/","url":"","contentUrl":"","caption":"Mexican Guitar Players"},"image":{"@id":"https:\/\/www.mexicanguitarplayers.com\/#\/schema\/logo\/image\/"}}]}},"brands":[{"id":355,"name":"DIMARZIO","slug":"dimarzio"}],"_links":{"self":[{"href":"https:\/\/www.mexicanguitarplayers.com\/en\/wp-json\/wp\/v2\/product\/29520","targetHints":{"allow":["GET"]}}],"collection":[{"href":"https:\/\/www.mexicanguitarplayers.com\/en\/wp-json\/wp\/v2\/product"}],"about":[{"href":"https:\/\/www.mexicanguitarplayers.com\/en\/wp-json\/wp\/v2\/types\/product"}],"replies":[{"embeddable":true,"href":"https:\/\/www.mexicanguitarplayers.com\/en\/wp-json\/wp\/v2\/comments?post=29520"}],"wp:featuredmedia":[{"embeddable":true,"href":"https:\/\/www.mexicanguitarplayers.com\/en\/wp-json\/wp\/v2\/media\/29518"}],"wp:attachment":[{"href":"https:\/\/www.mexicanguitarplayers.com\/en\/wp-json\/wp\/v2\/media?parent=29520"}],"wp:term":[{"taxonomy":"pwb-brand","embeddable":true,"href":"https:\/\/www.mexicanguitarplayers.com\/en\/wp-json\/wp\/v2\/pwb-brand?post=29520"},{"taxonomy":"product_brand","embeddable":true,"href":"https:\/\/www.mexicanguitarplayers.com\/en\/wp-json\/wp\/v2\/product_brand?post=29520"},{"taxonomy":"product_cat","embeddable":true,"href":"https:\/\/www.mexicanguitarplayers.com\/en\/wp-json\/wp\/v2\/product_cat?post=29520"},{"taxonomy":"product_tag","embeddable":true,"href":"https:\/\/www.mexicanguitarplayers.com\/en\/wp-json\/wp\/v2\/product_tag?post=29520"}],"curies":[{"name":"wp","href":"https:\/\/api.w.org\/{rel}","templated":true}]}}