{"id":29525,"date":"2025-04-08T10:42:12","date_gmt":"2025-04-08T16:42:12","guid":{"rendered":"https:\/\/www.mexicanguitarplayers.com\/tienda\/sin categor\u00eda\/pedal-t-c-p-guitarra-thunderstorm-flang\/"},"modified":"2026-04-23T13:15:06","modified_gmt":"2026-04-23T19:15:06","slug":"pedal-t-c-p-guitarra-thunderstorm-flang","status":"publish","type":"product","link":"https:\/\/www.mexicanguitarplayers.com\/en\/tienda\/cuerdas\/efectos\/efectos-individuales\/pedal-t-c-p-guitarra-thunderstorm-flang\/","title":{"rendered":"PEDAL T.C. P\/GUITARRA THUNDERSTORM FLANG"},"content":{"rendered":"<div style=\"text-align: justify\">\n<div>\n<h3>El mejor flanger.<\/h3>\n<\/div>\n<div>Thunderstorm Flanger captura a la perfecci\u00f3n los sonidos cl\u00e1sicos del flanger anal\u00f3gico de anta\u00f1o. Desde sutiles barridos y exhuberantes coros hasta flangers m\u00e1s agitados. Thunderstorm lo hace todo y lo entrega en un paquete asequible haciendo este flanger accesible a cualquier persona. Pedal flanger estilo vintage. Circuito an\u00e1logo para magn\u00edficas modulaciones tridimensionales. True bypass y top-mounted I\/O. Gran banquete de flanger. Encender el Thunderstorm Flanger es como tomar un paseo por el carril de la memoria del Rock N Roll en un rayo de luz. \u00bfQuieres ic\u00f3nicos sonidos de imitaci\u00f3n de Andy Summers? Aqu\u00ed los tienes. \u00bfO deseas rasguear Unchained de Van Halen todo el d\u00eda? Tambi\u00e9n puedes hacer eso. Y seamos realistas, es probable que  quieras hacer algunos riffs de Hendrix y con este pedal echar\u00e1s fuego al instante.<\/div>\n<div>\n<h4>Characteristics<\/h4>\n<\/div>\n<div>\n<ul style=\"margin: 0px 0px 0px 25px\">\n<li style=\"list-style-type: circle;margin: 5px\">Pedal flanger para guitarra.<\/li>\n<li style=\"list-style-type: circle;margin: 5px\">Estilo Vintage.<\/li>\n<li style=\"list-style-type: circle;margin: 5px\">analog circuit.<\/li>\n<li style=\"list-style-type: circle;margin: 5px\">Modulaciones tridimensionales incre\u00edbles.<\/li>\n<li style=\"list-style-type: circle;margin: 5px\">True bypass.<\/li>\n<li style=\"list-style-type: circle;margin: 5px\">Top-mounted I \/ O.<\/li>\n<li style=\"list-style-type: circle;margin: 5px\">Controles: Rate, depth, manual y feedback.<\/li>\n<li style=\"list-style-type: circle;margin: 5px\">Dise\u00f1o compacto pero robusto.<\/li>\n<li style=\"list-style-type: circle;margin: 5px\">Totalmente asequible.<\/li>\n<li style=\"list-style-type: circle;margin: 5px\">Utiliza bater\u00eda de 9V o PSU opcional.<\/li>\n<li style=\"list-style-type: circle;margin: 5px\">Consumo de energ\u00eda: 9V DC y 14mA,<\/li>\n<\/ul>\n<\/div>\n<\/div>","protected":false},"excerpt":{"rendered":"<p>Pedal flanger para guitarra, estilo vintage, circuito anal\u00f3gico, modulaciones tridimensionales incre\u00edbles, true bypass, top-mounted I\/O, controles: rate, depth,manual y feedback, dise\u00f1o compacto pero robusto, totalmente asequible, utilizabater\u00eda de 9V o PSU opcional, consumo de energ\u00eda: 9V DC y 14mA.&hellip; <a class=\"kt-excerpt-readmore more-link\" href=\"https:\/\/www.mexicanguitarplayers.com\/en\/tienda\/cuerdas\/efectos\/efectos-individuales\/pedal-t-c-p-guitarra-thunderstorm-flang\/\">Read more<\/a><\/p>","protected":false},"featured_media":29523,"comment_status":"open","ping_status":"closed","template":"","meta":{"kt_blocks_editor_width":""},"pwb-brand":[170],"product_brand":[],"product_cat":[224,241,504],"product_tag":[],"class_list":{"0":"post-29525","1":"product","2":"type-product","3":"status-publish","4":"has-post-thumbnail","6":"pwb-brand-tc-electronic","7":"product_cat-cuerdas","8":"product_cat-efectos","9":"product_cat-efectos-individuales","10":"product_shipping_class-0-5-kg","12":"first","13":"outofstock","14":"taxable","15":"shipping-taxable","16":"purchasable","17":"product-type-simple"},"yoast_head":"<!-- This site is optimized with the Yoast SEO plugin v27.5 - https:\/\/yoast.com\/product\/yoast-seo-wordpress\/ -->\n<title>PEDAL T.C. P\/GUITARRA THUNDERSTORM FLANG - Mexican Guitar Players<\/title>\n<meta name=\"description\" content=\"Pedal flanger para guitarra, estilo vintage, circuito anal\u00f3gico, modulaciones tridimensionales incre\u00edbles, true bypass, top-mounted I\/O, controles: rate, depth,manual y feedback, dise\u00f1o compacto pero robusto, totalmente asequible, utilizabater\u00eda de 9V o PSU opcional, consumo de energ\u00eda: 9V DC y 14mA.\" \/>\n<meta name=\"robots\" content=\"index, follow, max-snippet:-1, max-image-preview:large, max-video-preview:-1\" \/>\n<link rel=\"canonical\" href=\"https:\/\/www.mexicanguitarplayers.com\/en\/tienda\/sin%20categor\u00eda\/pedal-t-c-p-guitarra-thunderstorm-flang\/\" \/>\n<meta property=\"og:locale\" content=\"en_US\" \/>\n<meta property=\"og:type\" content=\"article\" \/>\n<meta property=\"og:title\" content=\"PEDAL T.C. P\/GUITARRA THUNDERSTORM FLANG - Mexican Guitar Players\" \/>\n<meta property=\"og:description\" content=\"Pedal flanger para guitarra, estilo vintage, circuito anal\u00f3gico, modulaciones tridimensionales incre\u00edbles, true bypass, top-mounted I\/O, controles: rate, depth,manual y feedback, dise\u00f1o compacto pero robusto, totalmente asequible, utilizabater\u00eda de 9V o PSU opcional, consumo de energ\u00eda: 9V DC y 14mA.\" \/>\n<meta property=\"og:url\" content=\"https:\/\/www.mexicanguitarplayers.com\/en\/tienda\/sin categor\u00eda\/pedal-t-c-p-guitarra-thunderstorm-flang\/\" \/>\n<meta property=\"og:site_name\" content=\"Mexican Guitar Players\" \/>\n<meta property=\"article:modified_time\" content=\"2026-04-23T19:15:06+00:00\" \/>\n<meta name=\"twitter:card\" content=\"summary_large_image\" \/>\n<meta name=\"twitter:label1\" content=\"Est. reading time\" \/>\n\t<meta name=\"twitter:data1\" content=\"1 minute\" \/>\n<script type=\"application\/ld+json\" class=\"yoast-schema-graph\">{\"@context\":\"https:\\\/\\\/schema.org\",\"@graph\":[{\"@type\":[\"WebPage\",\"ItemPage\"],\"@id\":\"https:\\\/\\\/www.mexicanguitarplayers.com\\\/tienda\\\/sin categor\u00eda\\\/pedal-t-c-p-guitarra-thunderstorm-flang\\\/\",\"url\":\"https:\\\/\\\/www.mexicanguitarplayers.com\\\/tienda\\\/sin categor\u00eda\\\/pedal-t-c-p-guitarra-thunderstorm-flang\\\/\",\"name\":\"PEDAL T.C. P\\\/GUITARRA THUNDERSTORM FLANG - Mexican Guitar Players\",\"isPartOf\":{\"@id\":\"https:\\\/\\\/www.mexicanguitarplayers.com\\\/#website\"},\"primaryImageOfPage\":{\"@id\":\"https:\\\/\\\/www.mexicanguitarplayers.com\\\/tienda\\\/sin categor\u00eda\\\/pedal-t-c-p-guitarra-thunderstorm-flang\\\/#primaryimage\"},\"image\":{\"@id\":\"https:\\\/\\\/www.mexicanguitarplayers.com\\\/tienda\\\/sin categor\u00eda\\\/pedal-t-c-p-guitarra-thunderstorm-flang\\\/#primaryimage\"},\"thumbnailUrl\":\"https:\\\/\\\/www.mexicanguitarplayers.com\\\/wp-content\\\/uploads\\\/2025\\\/04\\\/VATCETHUNDFLAN.jpg\",\"datePublished\":\"2025-04-08T16:42:12+00:00\",\"dateModified\":\"2026-04-23T19:15:06+00:00\",\"description\":\"Pedal flanger para guitarra, estilo vintage, circuito anal\u00f3gico, modulaciones tridimensionales incre\u00edbles, true bypass, top-mounted I\\\/O, controles: rate, depth,manual y feedback, dise\u00f1o compacto pero robusto, totalmente asequible, utilizabater\u00eda de 9V o PSU opcional, consumo de energ\u00eda: 9V DC y 14mA.\",\"breadcrumb\":{\"@id\":\"https:\\\/\\\/www.mexicanguitarplayers.com\\\/tienda\\\/sin categor\u00eda\\\/pedal-t-c-p-guitarra-thunderstorm-flang\\\/#breadcrumb\"},\"inLanguage\":\"en-US\",\"potentialAction\":[{\"@type\":\"ReadAction\",\"target\":[\"https:\\\/\\\/www.mexicanguitarplayers.com\\\/tienda\\\/sin categor\u00eda\\\/pedal-t-c-p-guitarra-thunderstorm-flang\\\/\"]}]},{\"@type\":\"ImageObject\",\"inLanguage\":\"en-US\",\"@id\":\"https:\\\/\\\/www.mexicanguitarplayers.com\\\/tienda\\\/sin categor\u00eda\\\/pedal-t-c-p-guitarra-thunderstorm-flang\\\/#primaryimage\",\"url\":\"https:\\\/\\\/www.mexicanguitarplayers.com\\\/wp-content\\\/uploads\\\/2025\\\/04\\\/VATCETHUNDFLAN.jpg\",\"contentUrl\":\"https:\\\/\\\/www.mexicanguitarplayers.com\\\/wp-content\\\/uploads\\\/2025\\\/04\\\/VATCETHUNDFLAN.jpg\",\"width\":1200,\"height\":1200},{\"@type\":\"BreadcrumbList\",\"@id\":\"https:\\\/\\\/www.mexicanguitarplayers.com\\\/tienda\\\/sin categor\u00eda\\\/pedal-t-c-p-guitarra-thunderstorm-flang\\\/#breadcrumb\",\"itemListElement\":[{\"@type\":\"ListItem\",\"position\":1,\"name\":\"Portada\",\"item\":\"https:\\\/\\\/www.mexicanguitarplayers.com\\\/\"},{\"@type\":\"ListItem\",\"position\":2,\"name\":\"Tienda\",\"item\":\"https:\\\/\\\/www.mexicanguitarplayers.com\\\/tienda\\\/\"},{\"@type\":\"ListItem\",\"position\":3,\"name\":\"PEDAL T.C. P\\\/GUITARRA THUNDERSTORM FLANG\"}]},{\"@type\":\"WebSite\",\"@id\":\"https:\\\/\\\/www.mexicanguitarplayers.com\\\/#website\",\"url\":\"https:\\\/\\\/www.mexicanguitarplayers.com\\\/\",\"name\":\"Mexican Guitar Players\",\"description\":\"Website\",\"publisher\":{\"@id\":\"https:\\\/\\\/www.mexicanguitarplayers.com\\\/#organization\"},\"potentialAction\":[{\"@type\":\"SearchAction\",\"target\":{\"@type\":\"EntryPoint\",\"urlTemplate\":\"https:\\\/\\\/www.mexicanguitarplayers.com\\\/?s={search_term_string}\"},\"query-input\":{\"@type\":\"PropertyValueSpecification\",\"valueRequired\":true,\"valueName\":\"search_term_string\"}}],\"inLanguage\":\"en-US\"},{\"@type\":\"Organization\",\"@id\":\"https:\\\/\\\/www.mexicanguitarplayers.com\\\/#organization\",\"name\":\"Mexican Guitar Players\",\"url\":\"https:\\\/\\\/www.mexicanguitarplayers.com\\\/\",\"logo\":{\"@type\":\"ImageObject\",\"inLanguage\":\"en-US\",\"@id\":\"https:\\\/\\\/www.mexicanguitarplayers.com\\\/#\\\/schema\\\/logo\\\/image\\\/\",\"url\":\"\",\"contentUrl\":\"\",\"caption\":\"Mexican Guitar Players\"},\"image\":{\"@id\":\"https:\\\/\\\/www.mexicanguitarplayers.com\\\/#\\\/schema\\\/logo\\\/image\\\/\"}}]}<\/script>\n<!-- \/ Yoast SEO plugin. -->","yoast_head_json":{"title":"PEDAL T.C. P\/GUITARRA THUNDERSTORM FLANG - Mexican Guitar Players","description":"Pedal flanger para guitarra, estilo vintage, circuito anal\u00f3gico, modulaciones tridimensionales incre\u00edbles, true bypass, top-mounted I\/O, controles: rate, depth,manual y feedback, dise\u00f1o compacto pero robusto, totalmente asequible, utilizabater\u00eda de 9V o PSU opcional, consumo de energ\u00eda: 9V DC y 14mA.","robots":{"index":"index","follow":"follow","max-snippet":"max-snippet:-1","max-image-preview":"max-image-preview:large","max-video-preview":"max-video-preview:-1"},"canonical":"https:\/\/www.mexicanguitarplayers.com\/en\/tienda\/sin categor\u00eda\/pedal-t-c-p-guitarra-thunderstorm-flang\/","og_locale":"en_US","og_type":"article","og_title":"PEDAL T.C. P\/GUITARRA THUNDERSTORM FLANG - Mexican Guitar Players","og_description":"Pedal flanger para guitarra, estilo vintage, circuito anal\u00f3gico, modulaciones tridimensionales incre\u00edbles, true bypass, top-mounted I\/O, controles: rate, depth,manual y feedback, dise\u00f1o compacto pero robusto, totalmente asequible, utilizabater\u00eda de 9V o PSU opcional, consumo de energ\u00eda: 9V DC y 14mA.","og_url":"https:\/\/www.mexicanguitarplayers.com\/en\/tienda\/sin categor\u00eda\/pedal-t-c-p-guitarra-thunderstorm-flang\/","og_site_name":"Mexican Guitar Players","article_modified_time":"2026-04-23T19:15:06+00:00","twitter_card":"summary_large_image","twitter_misc":{"Est. reading time":"1 minute"},"schema":{"@context":"https:\/\/schema.org","@graph":[{"@type":["WebPage","ItemPage"],"@id":"https:\/\/www.mexicanguitarplayers.com\/tienda\/sin categor\u00eda\/pedal-t-c-p-guitarra-thunderstorm-flang\/","url":"https:\/\/www.mexicanguitarplayers.com\/tienda\/sin categor\u00eda\/pedal-t-c-p-guitarra-thunderstorm-flang\/","name":"PEDAL T.C. P\/GUITARRA THUNDERSTORM FLANG - Mexican Guitar Players","isPartOf":{"@id":"https:\/\/www.mexicanguitarplayers.com\/#website"},"primaryImageOfPage":{"@id":"https:\/\/www.mexicanguitarplayers.com\/tienda\/sin categor\u00eda\/pedal-t-c-p-guitarra-thunderstorm-flang\/#primaryimage"},"image":{"@id":"https:\/\/www.mexicanguitarplayers.com\/tienda\/sin categor\u00eda\/pedal-t-c-p-guitarra-thunderstorm-flang\/#primaryimage"},"thumbnailUrl":"https:\/\/www.mexicanguitarplayers.com\/wp-content\/uploads\/2025\/04\/VATCETHUNDFLAN.jpg","datePublished":"2025-04-08T16:42:12+00:00","dateModified":"2026-04-23T19:15:06+00:00","description":"Pedal flanger para guitarra, estilo vintage, circuito anal\u00f3gico, modulaciones tridimensionales incre\u00edbles, true bypass, top-mounted I\/O, controles: rate, depth,manual y feedback, dise\u00f1o compacto pero robusto, totalmente asequible, utilizabater\u00eda de 9V o PSU opcional, consumo de energ\u00eda: 9V DC y 14mA.","breadcrumb":{"@id":"https:\/\/www.mexicanguitarplayers.com\/tienda\/sin categor\u00eda\/pedal-t-c-p-guitarra-thunderstorm-flang\/#breadcrumb"},"inLanguage":"en-US","potentialAction":[{"@type":"ReadAction","target":["https:\/\/www.mexicanguitarplayers.com\/tienda\/sin categor\u00eda\/pedal-t-c-p-guitarra-thunderstorm-flang\/"]}]},{"@type":"ImageObject","inLanguage":"en-US","@id":"https:\/\/www.mexicanguitarplayers.com\/tienda\/sin categor\u00eda\/pedal-t-c-p-guitarra-thunderstorm-flang\/#primaryimage","url":"https:\/\/www.mexicanguitarplayers.com\/wp-content\/uploads\/2025\/04\/VATCETHUNDFLAN.jpg","contentUrl":"https:\/\/www.mexicanguitarplayers.com\/wp-content\/uploads\/2025\/04\/VATCETHUNDFLAN.jpg","width":1200,"height":1200},{"@type":"BreadcrumbList","@id":"https:\/\/www.mexicanguitarplayers.com\/tienda\/sin categor\u00eda\/pedal-t-c-p-guitarra-thunderstorm-flang\/#breadcrumb","itemListElement":[{"@type":"ListItem","position":1,"name":"Portada","item":"https:\/\/www.mexicanguitarplayers.com\/"},{"@type":"ListItem","position":2,"name":"Tienda","item":"https:\/\/www.mexicanguitarplayers.com\/tienda\/"},{"@type":"ListItem","position":3,"name":"PEDAL T.C. P\/GUITARRA THUNDERSTORM FLANG"}]},{"@type":"WebSite","@id":"https:\/\/www.mexicanguitarplayers.com\/#website","url":"https:\/\/www.mexicanguitarplayers.com\/","name":"Mexican Guitar Players","description":"Website","publisher":{"@id":"https:\/\/www.mexicanguitarplayers.com\/#organization"},"potentialAction":[{"@type":"SearchAction","target":{"@type":"EntryPoint","urlTemplate":"https:\/\/www.mexicanguitarplayers.com\/?s={search_term_string}"},"query-input":{"@type":"PropertyValueSpecification","valueRequired":true,"valueName":"search_term_string"}}],"inLanguage":"en-US"},{"@type":"Organization","@id":"https:\/\/www.mexicanguitarplayers.com\/#organization","name":"Mexican Guitar Players","url":"https:\/\/www.mexicanguitarplayers.com\/","logo":{"@type":"ImageObject","inLanguage":"en-US","@id":"https:\/\/www.mexicanguitarplayers.com\/#\/schema\/logo\/image\/","url":"","contentUrl":"","caption":"Mexican Guitar Players"},"image":{"@id":"https:\/\/www.mexicanguitarplayers.com\/#\/schema\/logo\/image\/"}}]}},"brands":[{"id":170,"name":"TC-ELECTRONIC","slug":"tc-electronic"}],"_links":{"self":[{"href":"https:\/\/www.mexicanguitarplayers.com\/en\/wp-json\/wp\/v2\/product\/29525","targetHints":{"allow":["GET"]}}],"collection":[{"href":"https:\/\/www.mexicanguitarplayers.com\/en\/wp-json\/wp\/v2\/product"}],"about":[{"href":"https:\/\/www.mexicanguitarplayers.com\/en\/wp-json\/wp\/v2\/types\/product"}],"replies":[{"embeddable":true,"href":"https:\/\/www.mexicanguitarplayers.com\/en\/wp-json\/wp\/v2\/comments?post=29525"}],"wp:featuredmedia":[{"embeddable":true,"href":"https:\/\/www.mexicanguitarplayers.com\/en\/wp-json\/wp\/v2\/media\/29523"}],"wp:attachment":[{"href":"https:\/\/www.mexicanguitarplayers.com\/en\/wp-json\/wp\/v2\/media?parent=29525"}],"wp:term":[{"taxonomy":"pwb-brand","embeddable":true,"href":"https:\/\/www.mexicanguitarplayers.com\/en\/wp-json\/wp\/v2\/pwb-brand?post=29525"},{"taxonomy":"product_brand","embeddable":true,"href":"https:\/\/www.mexicanguitarplayers.com\/en\/wp-json\/wp\/v2\/product_brand?post=29525"},{"taxonomy":"product_cat","embeddable":true,"href":"https:\/\/www.mexicanguitarplayers.com\/en\/wp-json\/wp\/v2\/product_cat?post=29525"},{"taxonomy":"product_tag","embeddable":true,"href":"https:\/\/www.mexicanguitarplayers.com\/en\/wp-json\/wp\/v2\/product_tag?post=29525"}],"curies":[{"name":"wp","href":"https:\/\/api.w.org\/{rel}","templated":true}]}}