{"id":29532,"date":"2025-04-08T10:42:19","date_gmt":"2025-04-08T16:42:19","guid":{"rendered":"https:\/\/www.mexicanguitarplayers.com\/tienda\/sin categor\u00eda\/estuche-skb-p-bajo-electrico-1skb-fb-4\/"},"modified":"2026-04-10T04:38:36","modified_gmt":"2026-04-10T10:38:36","slug":"estuche-skb-p-bajo-electrico-1skb-fb-4","status":"publish","type":"product","link":"https:\/\/www.mexicanguitarplayers.com\/en\/tienda\/accesorios\/estuches-y-fundas\/para-bajo-estuches-y-fundas\/estuche-skb-p-bajo-electrico-1skb-fb-4\/","title":{"rendered":"ESTUCHE SKB P\/BAJO ELECTRICO 1SKB-FB-4"},"content":{"rendered":"<div style=\"text-align: justify\">\n<div>\n<h3>Mant\u00e9n tus cuerdas a salvo.<\/h3>\n<\/div>\n<div>El estuche FB-4 de SKB ofrece lo \u00faltimo en seguridad con la famosa protecci\u00f3n de parachoques moldeada de SKB, patas moldeadas y un interior moldeado de EPS completamente forrado con un compartimento de gran tama\u00f1o que puede acomodar accesorios. El estuche 1SKB-FB-4 Shaped Bass ha sido modificado para incluir cierres de bloqueo de liberaci\u00f3n de gatillo con candados aceptados y recocidos por TSA y tambi\u00e9n cuenta con una manija sobre moldeada de caucho amortiguado moldeada por inyecci\u00f3n para un transporte c\u00f3modo. Este estuche se ajusta a los bajos estilos Precision y Jazz.<\/div>\n<div>\n<h4>Quick look<\/h4>\n<\/div>\n<ul style=\"margin: 0px 0px 0px 25px\">\n<li style=\"list-style-type: circle;margin: 5px\">Largo interior.<\/li>\n<li style=\"list-style-type: circle;margin: 5px\">Longitud exterior.<\/li>\n<li style=\"list-style-type: circle;margin: 5px\">Ancho exterior.<\/li>\n<li style=\"list-style-type: circle;margin: 5px\">Profundidad exterior.<\/li>\n<li style=\"list-style-type: circle;margin: 5px\">Longitud del cuerpo del instrumento.<\/li>\n<li style=\"list-style-type: circle;margin: 5px\">Profundidad del cuerpo del instrumento.<\/li>\n<li style=\"list-style-type: circle;margin: 5px\">Parte ancha del instrumento.<\/li>\n<li style=\"list-style-type: circle;margin: 5px\">Parte angosta del instrumento.<\/li>\n<li style=\"list-style-type: circle;margin: 5px\">Weight.<\/li>\n<\/ul>\n<div>\n<div style=\"font-weight: bold\">Largo interior.<\/div>\n<div>\n<p>118.75 cm.<\/p>\n<\/div>\n<div style=\"font-weight: bold\">Longitud exterior.<\/div>\n<div>\n<p>123.83 cm.<\/p>\n<\/div>\n<div style=\"font-weight: bold\">Ancho exterior.<\/div>\n<div>\n<p>43.18 cm.<\/p>\n<\/div>\n<div style=\"font-weight: bold\">Profundidad exterior.<\/div>\n<div>\n<p>13.34 cm.<\/p>\n<\/div>\n<div style=\"font-weight: bold\">Longitud del cuerpo del instrumento.<\/div>\n<div>\n<p>43.82 cm.<\/p>\n<\/div>\n<div style=\"font-weight: bold\">Profundidad del cuerpo del instrumento.<\/div>\n<div>\n<p>6.99 cm.<\/p>\n<\/div>\n<div style=\"font-weight: bold\">Parte ancha del instrumento.<\/div>\n<div>\n<p>35.56 cm.<\/p>\n<\/div>\n<div style=\"font-weight: bold\">Parte angosta del instrumento.<\/div>\n<div>\n<p>27.94 cm.<\/p>\n<\/div>\n<div style=\"font-weight: bold\">Weight.<\/div>\n<div>\n<p>4.63 kg.<\/p>\n<\/div>\n<\/div>\n<div>\n<h4>Characteristics<\/h4>\n<\/div>\n<div>\n<ul style=\"margin: 0px 0px 0px 25px\">\n<li style=\"list-style-type: circle;margin: 5px\">Sistema de liberaci\u00f3n por cierre.<\/li>\n<li style=\"list-style-type: circle;margin: 5px\">Cierres con candados TSA.<\/li>\n<li style=\"list-style-type: circle;margin: 5px\">Asa ergon\u00f3mica acolchada.<\/li>\n<li style=\"list-style-type: circle;margin: 5px\">Construcci\u00f3n robusta.<\/li>\n<li style=\"list-style-type: circle;margin: 5px\">Ribete de aluminio.<\/li>\n<li style=\"list-style-type: circle;margin: 5px\">Soporte completo para el cuello del instrumento.<\/li>\n<li style=\"list-style-type: circle;margin: 5px\">Espuma r\u00edgida EPS interior.<\/li>\n<\/ul>\n<\/div>\n<\/div>","protected":false},"excerpt":{"rendered":"<p>Estuche para bajo el\u00e9ctrico, moldeado, forrado con felpa, compartimento de gran tama\u00f1o para accesorios, cierres con candados TSA, sistema de liberaci\u00f3n por cierre, asa ergon\u00f3mica acolchada, construcci\u00f3n robusta, ribete de aluminio, soporte completo para el brazo del instrumento, espuma r\u00edgida EPS interior, largo interior: 118.75 cm, longitud exterior: 123.83 cm, ancho exterior: 43.18 cm, profundidad exterior: 13.34 cm, longitud del cuerpo del instrumento: 43.82 cm, profundidad del cuerpo del instrumento: 6.99 cm, parte ancha del instrumento: 35.56 cm, parte angosta del instrumento: 27.94 cm, peso: 4.63 kg.&hellip; <a class=\"kt-excerpt-readmore more-link\" href=\"https:\/\/www.mexicanguitarplayers.com\/en\/tienda\/accesorios\/estuches-y-fundas\/para-bajo-estuches-y-fundas\/estuche-skb-p-bajo-electrico-1skb-fb-4\/\">Read more<\/a><\/p>","protected":false},"featured_media":29528,"comment_status":"open","ping_status":"closed","template":"","meta":{"kt_blocks_editor_width":""},"pwb-brand":[609],"product_brand":[],"product_cat":[85,517,578],"product_tag":[],"class_list":{"0":"post-29532","1":"product","2":"type-product","3":"status-publish","4":"has-post-thumbnail","6":"pwb-brand-skb","7":"product_cat-accesorios","8":"product_cat-estuches-y-fundas","9":"product_cat-para-bajo-estuches-y-fundas","10":"product_shipping_class-5-10-kg","12":"first","13":"outofstock","14":"taxable","15":"shipping-taxable","16":"purchasable","17":"product-type-simple"},"yoast_head":"<!-- This site is optimized with the Yoast SEO plugin v27.5 - https:\/\/yoast.com\/product\/yoast-seo-wordpress\/ -->\n<title>ESTUCHE SKB P\/BAJO ELECTRICO 1SKB-FB-4 - Mexican Guitar Players<\/title>\n<meta name=\"description\" content=\"Estuche para bajo el\u00e9ctrico, moldeado, forrado con felpa, compartimento de gran tama\u00f1o para accesorios, cierres con candados TSA, sistema de liberaci\u00f3n por cierre, asa ergon\u00f3mica acolchada, construcci\u00f3n robusta, ribete de aluminio, soporte completo para el brazo del instrumento, espuma r\u00edgida EPS interior, largo interior: 118.75 cm, longitud exterior: 123.83 cm, ancho exterior: 43.18 cm, profundidad exterior: 13.34 cm, longitud del cuerpo del instrumento: 43.82 cm, profundidad del cuerpo del instrumento: 6.99 cm, parte ancha del instrumento: 35.56 cm, parte angosta del instrumento: 27.94 cm, peso: 4.63 kg.\" \/>\n<meta name=\"robots\" content=\"index, follow, max-snippet:-1, max-image-preview:large, max-video-preview:-1\" \/>\n<link rel=\"canonical\" href=\"https:\/\/www.mexicanguitarplayers.com\/en\/tienda\/sin%20categor\u00eda\/estuche-skb-p-bajo-electrico-1skb-fb-4\/\" \/>\n<meta property=\"og:locale\" content=\"en_US\" \/>\n<meta property=\"og:type\" content=\"article\" \/>\n<meta property=\"og:title\" content=\"ESTUCHE SKB P\/BAJO ELECTRICO 1SKB-FB-4 - Mexican Guitar Players\" \/>\n<meta property=\"og:description\" content=\"Estuche para bajo el\u00e9ctrico, moldeado, forrado con felpa, compartimento de gran tama\u00f1o para accesorios, cierres con candados TSA, sistema de liberaci\u00f3n por cierre, asa ergon\u00f3mica acolchada, construcci\u00f3n robusta, ribete de aluminio, soporte completo para el brazo del instrumento, espuma r\u00edgida EPS interior, largo interior: 118.75 cm, longitud exterior: 123.83 cm, ancho exterior: 43.18 cm, profundidad exterior: 13.34 cm, longitud del cuerpo del instrumento: 43.82 cm, profundidad del cuerpo del instrumento: 6.99 cm, parte ancha del instrumento: 35.56 cm, parte angosta del instrumento: 27.94 cm, peso: 4.63 kg.\" \/>\n<meta property=\"og:url\" content=\"https:\/\/www.mexicanguitarplayers.com\/en\/tienda\/sin categor\u00eda\/estuche-skb-p-bajo-electrico-1skb-fb-4\/\" \/>\n<meta property=\"og:site_name\" content=\"Mexican Guitar Players\" \/>\n<meta property=\"article:modified_time\" content=\"2026-04-10T10:38:36+00:00\" \/>\n<meta name=\"twitter:card\" content=\"summary_large_image\" \/>\n<meta name=\"twitter:label1\" content=\"Est. reading time\" \/>\n\t<meta name=\"twitter:data1\" content=\"1 minute\" \/>\n<script type=\"application\/ld+json\" class=\"yoast-schema-graph\">{\"@context\":\"https:\\\/\\\/schema.org\",\"@graph\":[{\"@type\":[\"WebPage\",\"ItemPage\"],\"@id\":\"https:\\\/\\\/www.mexicanguitarplayers.com\\\/tienda\\\/sin categor\u00eda\\\/estuche-skb-p-bajo-electrico-1skb-fb-4\\\/\",\"url\":\"https:\\\/\\\/www.mexicanguitarplayers.com\\\/tienda\\\/sin categor\u00eda\\\/estuche-skb-p-bajo-electrico-1skb-fb-4\\\/\",\"name\":\"ESTUCHE SKB P\\\/BAJO ELECTRICO 1SKB-FB-4 - Mexican Guitar Players\",\"isPartOf\":{\"@id\":\"https:\\\/\\\/www.mexicanguitarplayers.com\\\/#website\"},\"primaryImageOfPage\":{\"@id\":\"https:\\\/\\\/www.mexicanguitarplayers.com\\\/tienda\\\/sin categor\u00eda\\\/estuche-skb-p-bajo-electrico-1skb-fb-4\\\/#primaryimage\"},\"image\":{\"@id\":\"https:\\\/\\\/www.mexicanguitarplayers.com\\\/tienda\\\/sin categor\u00eda\\\/estuche-skb-p-bajo-electrico-1skb-fb-4\\\/#primaryimage\"},\"thumbnailUrl\":\"https:\\\/\\\/www.mexicanguitarplayers.com\\\/wp-content\\\/uploads\\\/2025\\\/04\\\/VASKB1SKBFB4.jpg\",\"datePublished\":\"2025-04-08T16:42:19+00:00\",\"dateModified\":\"2026-04-10T10:38:36+00:00\",\"description\":\"Estuche para bajo el\u00e9ctrico, moldeado, forrado con felpa, compartimento de gran tama\u00f1o para accesorios, cierres con candados TSA, sistema de liberaci\u00f3n por cierre, asa ergon\u00f3mica acolchada, construcci\u00f3n robusta, ribete de aluminio, soporte completo para el brazo del instrumento, espuma r\u00edgida EPS interior, largo interior: 118.75 cm, longitud exterior: 123.83 cm, ancho exterior: 43.18 cm, profundidad exterior: 13.34 cm, longitud del cuerpo del instrumento: 43.82 cm, profundidad del cuerpo del instrumento: 6.99 cm, parte ancha del instrumento: 35.56 cm, parte angosta del instrumento: 27.94 cm, peso: 4.63 kg.\",\"breadcrumb\":{\"@id\":\"https:\\\/\\\/www.mexicanguitarplayers.com\\\/tienda\\\/sin categor\u00eda\\\/estuche-skb-p-bajo-electrico-1skb-fb-4\\\/#breadcrumb\"},\"inLanguage\":\"en-US\",\"potentialAction\":[{\"@type\":\"ReadAction\",\"target\":[\"https:\\\/\\\/www.mexicanguitarplayers.com\\\/tienda\\\/sin categor\u00eda\\\/estuche-skb-p-bajo-electrico-1skb-fb-4\\\/\"]}]},{\"@type\":\"ImageObject\",\"inLanguage\":\"en-US\",\"@id\":\"https:\\\/\\\/www.mexicanguitarplayers.com\\\/tienda\\\/sin categor\u00eda\\\/estuche-skb-p-bajo-electrico-1skb-fb-4\\\/#primaryimage\",\"url\":\"https:\\\/\\\/www.mexicanguitarplayers.com\\\/wp-content\\\/uploads\\\/2025\\\/04\\\/VASKB1SKBFB4.jpg\",\"contentUrl\":\"https:\\\/\\\/www.mexicanguitarplayers.com\\\/wp-content\\\/uploads\\\/2025\\\/04\\\/VASKB1SKBFB4.jpg\",\"width\":800,\"height\":1600},{\"@type\":\"BreadcrumbList\",\"@id\":\"https:\\\/\\\/www.mexicanguitarplayers.com\\\/tienda\\\/sin categor\u00eda\\\/estuche-skb-p-bajo-electrico-1skb-fb-4\\\/#breadcrumb\",\"itemListElement\":[{\"@type\":\"ListItem\",\"position\":1,\"name\":\"Portada\",\"item\":\"https:\\\/\\\/www.mexicanguitarplayers.com\\\/\"},{\"@type\":\"ListItem\",\"position\":2,\"name\":\"Tienda\",\"item\":\"https:\\\/\\\/www.mexicanguitarplayers.com\\\/tienda\\\/\"},{\"@type\":\"ListItem\",\"position\":3,\"name\":\"ESTUCHE SKB P\\\/BAJO ELECTRICO 1SKB-FB-4\"}]},{\"@type\":\"WebSite\",\"@id\":\"https:\\\/\\\/www.mexicanguitarplayers.com\\\/#website\",\"url\":\"https:\\\/\\\/www.mexicanguitarplayers.com\\\/\",\"name\":\"Mexican Guitar Players\",\"description\":\"Website\",\"publisher\":{\"@id\":\"https:\\\/\\\/www.mexicanguitarplayers.com\\\/#organization\"},\"potentialAction\":[{\"@type\":\"SearchAction\",\"target\":{\"@type\":\"EntryPoint\",\"urlTemplate\":\"https:\\\/\\\/www.mexicanguitarplayers.com\\\/?s={search_term_string}\"},\"query-input\":{\"@type\":\"PropertyValueSpecification\",\"valueRequired\":true,\"valueName\":\"search_term_string\"}}],\"inLanguage\":\"en-US\"},{\"@type\":\"Organization\",\"@id\":\"https:\\\/\\\/www.mexicanguitarplayers.com\\\/#organization\",\"name\":\"Mexican Guitar Players\",\"url\":\"https:\\\/\\\/www.mexicanguitarplayers.com\\\/\",\"logo\":{\"@type\":\"ImageObject\",\"inLanguage\":\"en-US\",\"@id\":\"https:\\\/\\\/www.mexicanguitarplayers.com\\\/#\\\/schema\\\/logo\\\/image\\\/\",\"url\":\"\",\"contentUrl\":\"\",\"caption\":\"Mexican Guitar Players\"},\"image\":{\"@id\":\"https:\\\/\\\/www.mexicanguitarplayers.com\\\/#\\\/schema\\\/logo\\\/image\\\/\"}}]}<\/script>\n<!-- \/ Yoast SEO plugin. -->","yoast_head_json":{"title":"ESTUCHE SKB P\/BAJO ELECTRICO 1SKB-FB-4 - Mexican Guitar Players","description":"Estuche para bajo el\u00e9ctrico, moldeado, forrado con felpa, compartimento de gran tama\u00f1o para accesorios, cierres con candados TSA, sistema de liberaci\u00f3n por cierre, asa ergon\u00f3mica acolchada, construcci\u00f3n robusta, ribete de aluminio, soporte completo para el brazo del instrumento, espuma r\u00edgida EPS interior, largo interior: 118.75 cm, longitud exterior: 123.83 cm, ancho exterior: 43.18 cm, profundidad exterior: 13.34 cm, longitud del cuerpo del instrumento: 43.82 cm, profundidad del cuerpo del instrumento: 6.99 cm, parte ancha del instrumento: 35.56 cm, parte angosta del instrumento: 27.94 cm, peso: 4.63 kg.","robots":{"index":"index","follow":"follow","max-snippet":"max-snippet:-1","max-image-preview":"max-image-preview:large","max-video-preview":"max-video-preview:-1"},"canonical":"https:\/\/www.mexicanguitarplayers.com\/en\/tienda\/sin categor\u00eda\/estuche-skb-p-bajo-electrico-1skb-fb-4\/","og_locale":"en_US","og_type":"article","og_title":"ESTUCHE SKB P\/BAJO ELECTRICO 1SKB-FB-4 - Mexican Guitar Players","og_description":"Estuche para bajo el\u00e9ctrico, moldeado, forrado con felpa, compartimento de gran tama\u00f1o para accesorios, cierres con candados TSA, sistema de liberaci\u00f3n por cierre, asa ergon\u00f3mica acolchada, construcci\u00f3n robusta, ribete de aluminio, soporte completo para el brazo del instrumento, espuma r\u00edgida EPS interior, largo interior: 118.75 cm, longitud exterior: 123.83 cm, ancho exterior: 43.18 cm, profundidad exterior: 13.34 cm, longitud del cuerpo del instrumento: 43.82 cm, profundidad del cuerpo del instrumento: 6.99 cm, parte ancha del instrumento: 35.56 cm, parte angosta del instrumento: 27.94 cm, peso: 4.63 kg.","og_url":"https:\/\/www.mexicanguitarplayers.com\/en\/tienda\/sin categor\u00eda\/estuche-skb-p-bajo-electrico-1skb-fb-4\/","og_site_name":"Mexican Guitar Players","article_modified_time":"2026-04-10T10:38:36+00:00","twitter_card":"summary_large_image","twitter_misc":{"Est. reading time":"1 minute"},"schema":{"@context":"https:\/\/schema.org","@graph":[{"@type":["WebPage","ItemPage"],"@id":"https:\/\/www.mexicanguitarplayers.com\/tienda\/sin categor\u00eda\/estuche-skb-p-bajo-electrico-1skb-fb-4\/","url":"https:\/\/www.mexicanguitarplayers.com\/tienda\/sin categor\u00eda\/estuche-skb-p-bajo-electrico-1skb-fb-4\/","name":"ESTUCHE SKB P\/BAJO ELECTRICO 1SKB-FB-4 - Mexican Guitar Players","isPartOf":{"@id":"https:\/\/www.mexicanguitarplayers.com\/#website"},"primaryImageOfPage":{"@id":"https:\/\/www.mexicanguitarplayers.com\/tienda\/sin categor\u00eda\/estuche-skb-p-bajo-electrico-1skb-fb-4\/#primaryimage"},"image":{"@id":"https:\/\/www.mexicanguitarplayers.com\/tienda\/sin categor\u00eda\/estuche-skb-p-bajo-electrico-1skb-fb-4\/#primaryimage"},"thumbnailUrl":"https:\/\/www.mexicanguitarplayers.com\/wp-content\/uploads\/2025\/04\/VASKB1SKBFB4.jpg","datePublished":"2025-04-08T16:42:19+00:00","dateModified":"2026-04-10T10:38:36+00:00","description":"Estuche para bajo el\u00e9ctrico, moldeado, forrado con felpa, compartimento de gran tama\u00f1o para accesorios, cierres con candados TSA, sistema de liberaci\u00f3n por cierre, asa ergon\u00f3mica acolchada, construcci\u00f3n robusta, ribete de aluminio, soporte completo para el brazo del instrumento, espuma r\u00edgida EPS interior, largo interior: 118.75 cm, longitud exterior: 123.83 cm, ancho exterior: 43.18 cm, profundidad exterior: 13.34 cm, longitud del cuerpo del instrumento: 43.82 cm, profundidad del cuerpo del instrumento: 6.99 cm, parte ancha del instrumento: 35.56 cm, parte angosta del instrumento: 27.94 cm, peso: 4.63 kg.","breadcrumb":{"@id":"https:\/\/www.mexicanguitarplayers.com\/tienda\/sin categor\u00eda\/estuche-skb-p-bajo-electrico-1skb-fb-4\/#breadcrumb"},"inLanguage":"en-US","potentialAction":[{"@type":"ReadAction","target":["https:\/\/www.mexicanguitarplayers.com\/tienda\/sin categor\u00eda\/estuche-skb-p-bajo-electrico-1skb-fb-4\/"]}]},{"@type":"ImageObject","inLanguage":"en-US","@id":"https:\/\/www.mexicanguitarplayers.com\/tienda\/sin categor\u00eda\/estuche-skb-p-bajo-electrico-1skb-fb-4\/#primaryimage","url":"https:\/\/www.mexicanguitarplayers.com\/wp-content\/uploads\/2025\/04\/VASKB1SKBFB4.jpg","contentUrl":"https:\/\/www.mexicanguitarplayers.com\/wp-content\/uploads\/2025\/04\/VASKB1SKBFB4.jpg","width":800,"height":1600},{"@type":"BreadcrumbList","@id":"https:\/\/www.mexicanguitarplayers.com\/tienda\/sin categor\u00eda\/estuche-skb-p-bajo-electrico-1skb-fb-4\/#breadcrumb","itemListElement":[{"@type":"ListItem","position":1,"name":"Portada","item":"https:\/\/www.mexicanguitarplayers.com\/"},{"@type":"ListItem","position":2,"name":"Tienda","item":"https:\/\/www.mexicanguitarplayers.com\/tienda\/"},{"@type":"ListItem","position":3,"name":"ESTUCHE SKB P\/BAJO ELECTRICO 1SKB-FB-4"}]},{"@type":"WebSite","@id":"https:\/\/www.mexicanguitarplayers.com\/#website","url":"https:\/\/www.mexicanguitarplayers.com\/","name":"Mexican Guitar Players","description":"Website","publisher":{"@id":"https:\/\/www.mexicanguitarplayers.com\/#organization"},"potentialAction":[{"@type":"SearchAction","target":{"@type":"EntryPoint","urlTemplate":"https:\/\/www.mexicanguitarplayers.com\/?s={search_term_string}"},"query-input":{"@type":"PropertyValueSpecification","valueRequired":true,"valueName":"search_term_string"}}],"inLanguage":"en-US"},{"@type":"Organization","@id":"https:\/\/www.mexicanguitarplayers.com\/#organization","name":"Mexican Guitar Players","url":"https:\/\/www.mexicanguitarplayers.com\/","logo":{"@type":"ImageObject","inLanguage":"en-US","@id":"https:\/\/www.mexicanguitarplayers.com\/#\/schema\/logo\/image\/","url":"","contentUrl":"","caption":"Mexican Guitar Players"},"image":{"@id":"https:\/\/www.mexicanguitarplayers.com\/#\/schema\/logo\/image\/"}}]}},"brands":[{"id":609,"name":"SKB","slug":"skb"}],"_links":{"self":[{"href":"https:\/\/www.mexicanguitarplayers.com\/en\/wp-json\/wp\/v2\/product\/29532","targetHints":{"allow":["GET"]}}],"collection":[{"href":"https:\/\/www.mexicanguitarplayers.com\/en\/wp-json\/wp\/v2\/product"}],"about":[{"href":"https:\/\/www.mexicanguitarplayers.com\/en\/wp-json\/wp\/v2\/types\/product"}],"replies":[{"embeddable":true,"href":"https:\/\/www.mexicanguitarplayers.com\/en\/wp-json\/wp\/v2\/comments?post=29532"}],"wp:featuredmedia":[{"embeddable":true,"href":"https:\/\/www.mexicanguitarplayers.com\/en\/wp-json\/wp\/v2\/media\/29528"}],"wp:attachment":[{"href":"https:\/\/www.mexicanguitarplayers.com\/en\/wp-json\/wp\/v2\/media?parent=29532"}],"wp:term":[{"taxonomy":"pwb-brand","embeddable":true,"href":"https:\/\/www.mexicanguitarplayers.com\/en\/wp-json\/wp\/v2\/pwb-brand?post=29532"},{"taxonomy":"product_brand","embeddable":true,"href":"https:\/\/www.mexicanguitarplayers.com\/en\/wp-json\/wp\/v2\/product_brand?post=29532"},{"taxonomy":"product_cat","embeddable":true,"href":"https:\/\/www.mexicanguitarplayers.com\/en\/wp-json\/wp\/v2\/product_cat?post=29532"},{"taxonomy":"product_tag","embeddable":true,"href":"https:\/\/www.mexicanguitarplayers.com\/en\/wp-json\/wp\/v2\/product_tag?post=29532"}],"curies":[{"name":"wp","href":"https:\/\/api.w.org\/{rel}","templated":true}]}}